{"id":3738,"date":"2025-09-24T12:33:13","date_gmt":"2025-09-24T11:33:13","guid":{"rendered":"https:\/\/swisslasik.ch\/patientenberichte-augenlasern-erfahrungen\/acibadem-istanbulda-lazer-goez-ameliyati-deneyimim-30-mayis-2012-carsamba-tarihli-rapor\/"},"modified":"2026-01-14T18:29:44","modified_gmt":"2026-01-14T17:29:44","slug":"acibadem-istanbulda-lazer-goez-ameliyati-deneyimim-30-mayis-2012-carsamba-tarihli-rapor","status":"publish","type":"page","link":"https:\/\/swisslasik.ch\/tr\/patientenberichte-augenlasern-erfahrungen\/acibadem-istanbulda-lazer-goez-ameliyati-deneyimim-30-mayis-2012-carsamba-tarihli-rapor\/","title":{"rendered":"Ac\u0131badem \u0130stanbul&#8217;da lazer g\u00f6z ameliyat\u0131 deneyimim \u2013 30 May\u0131s 2012 \u00c7ar\u015famba tarihli rapor"},"content":{"rendered":"\n<h3 class=\"wp-block-heading\">Ac\u0131badem \u0130stanbul&#8217;da lazer g\u00f6z ameliyat\u0131 deneyimim \u2013 30 May\u0131s 2012 \u00c7ar\u015famba tarihli rapor<\/h3>\n\n<p>Karar: Uzun zamand\u0131r LASIK ameliyat\u0131n\u0131 d\u00fc\u015f\u00fcn\u00fcyordum, \u00e7\u00fcnk\u00fc y\u00fczme, y\u00fcr\u00fcy\u00fc\u015f ve da\u011fc\u0131l\u0131k gibi \u00e7e\u015fitli hobilerimde g\u00f6zl\u00fck \u00e7ok rahats\u0131z ediciydi. G\u00fcnl\u00fck lenslerle s\u00fcrekli u\u011fra\u015fmak da hem zahmetli hem de pahal\u0131yd\u0131. Miyop derecem (-5 ve -5.5) y\u0131llard\u0131r de\u011fi\u015fmedi\u011fi i\u00e7in art\u0131k bu yolu se\u00e7meye kararl\u0131yd\u0131m. Ancak \u0130svi\u00e7re\u2019de yap\u0131lacak bir ameliyat\u0131n maliyeti yakla\u015f\u0131k 8000 \u0130svi\u00e7re Frang\u0131 olacakt\u0131 ve bu benim i\u00e7in kabul edilebilir s\u0131n\u0131r\u0131n \u00fczerindeydi. \u0130nternette Swisslasik\u2019in teklifine rastlad\u0131m ve maliyetler \u0130svi\u00e7re\u2019deki t\u00fcm se\u00e7eneklere k\u0131yasla belirgin \u015fekilde daha d\u00fc\u015f\u00fckt\u00fc. Ayr\u0131ca uzun zamand\u0131r \u0130stanbul\u2019a gidip \u015fehri tan\u0131mak istiyordum. Elbette benim i\u00e7in teklifin ve dan\u0131\u015fmanl\u0131\u011f\u0131n profesyonel olmas\u0131 ve olas\u0131 sorunlar veya sorular i\u00e7in \u0130svi\u00e7re\u2019de ba\u015fvurabilece\u011fim bir doktorun bulunmas\u0131 \u00e7ok \u00f6nemliydi. \u0130lk ileti\u015fime ge\u00e7tikten sonra hemen benimle temasa ge\u00e7ildi ve k\u0131sa s\u00fcrede Z\u00fcrih\u2019teki muayenehane i\u00e7in bir randevu ald\u0131m; buras\u0131 bende \u00e7ok iyi bir izlenim b\u0131rakt\u0131. Orada yap\u0131lan t\u00fcm tetkikler k\u00fc\u00e7\u00fck \u00e7ekincelere ra\u011fmen (dik kornea) olumlu \u00e7\u0131k\u0131nca Femto-LASIK i\u00e7in kay\u0131t oldum. Organizasyon \u00e7ok h\u0131zl\u0131 ve profesyonel bir \u015fekilde y\u00fcr\u00fct\u00fcld\u00fc. Ek isteklerim (\u0130stanbul\u2019da daha uzun kal\u0131\u015f ve refakat\u00e7i) de sorunsuz \u015fekilde ayarland\u0131. Talep etmem \u00fczerine bir referans listesi ald\u0131m ve Swisslasik ile deneyimlerini payla\u015fan \u00e7ok sempatik bir han\u0131mefendiyle ayr\u0131nt\u0131l\u0131 bir g\u00f6r\u00fc\u015fme yapabildim. Bu benim i\u00e7in \u00e7ok yard\u0131mc\u0131 oldu ve do\u011fru karar\u0131 verdi\u011fime dair g\u00fcven verdi. Daha sonra iki i\u015f arkada\u015f\u0131m\u0131n da Swisslasik ile ameliyat oldu\u011funu \u00f6\u011frendim.<br\/>Seyahat: \u0130stanbul Havaliman\u0131\u2019nda gece 12\u2019de taksi \u015fof\u00f6r\u00fcn\u00fc bulmak biraz zaman ald\u0131 ama sonunda sorunsuz oldu. Ertesi sabah muayene ve ameliyat ayn\u0131 g\u00fcn yap\u0131ld\u0131. Her \u015fey \u00e7ok h\u0131zl\u0131 ilerledi, bu y\u00fczden olas\u0131 sorular\u0131 en iyisi \u0130svi\u00e7re\u2019de \u00f6nceden sormak ya da not almak. \u00d6n muayeneden sonra Femto yerine normal LASIK \u00f6nerildi, \u00e7\u00fcnk\u00fc bunun sorunsuz olaca\u011f\u0131 s\u00f6ylendi. Bu beni biraz teredd\u00fctte b\u0131rakt\u0131 ama daha pahal\u0131 olan\u0131n her zaman daha iyi anlam\u0131na gelmedi\u011fini kabul etmek zorunda kald\u0131m. Muayeneden sonra ameliyata kadar olan yakla\u015f\u0131k 4 saati \u00e7ok g\u00fczel bir al\u0131\u015fveri\u015f merkezinde ge\u00e7irebildim. Sonras\u0131nda tekrar klini\u011fe d\u00f6n\u00fcp ameliyata al\u0131nd\u0131m. Sadece k\u00fc\u00e7\u00fck bir ileti\u015fim yanl\u0131\u015fl\u0131\u011f\u0131 nedeniyle ameliyat biraz daha uzun s\u00fcrd\u00fc, \u00e7\u00fcnk\u00fc g\u00f6z sabitlenemedi. Bu sorun \u00e7\u00f6z\u00fcld\u00fckten sonra her \u015fey \u00e7ok h\u0131zl\u0131 ilerledi. Ameliyattan sonra g\u00f6zlerim suland\u0131 ve batma hissi oldu. Yan\u0131n\u0131za bir sesli kitap almak ve \u00f6nceden yemek ayarlamak ya da oda servisi d\u00fc\u015f\u00fcnmek faydal\u0131 oluyor. Ertesi g\u00fcn yap\u0131lan kontrol k\u0131sa s\u00fcrd\u00fc ve ard\u0131ndan tam bir \u015fehir gezisi program\u0131n\u0131 rahatl\u0131kla ger\u00e7ekle\u015ftirebildim. Ula\u015f\u0131mlar ve hastanedeki terc\u00fcman deste\u011fi her zaman kusursuz ve sorunsuzdu. Hatta normal programdan 3 g\u00fcn sonra olan havaalan\u0131 transferi bile tam zaman\u0131nda geldi. Otel (Taksim City Park Hotel) konum olarak \u00e7ok iyiydi ve \u00fc\u00e7\u00fcnc\u00fc gece Swisslasik\u2019in m\u00fcdahalesi sayesinde \u00e7ok g\u00fczel ve geni\u015f bir odaya ge\u00e7tik. \u0130lk oda iki ki\u015fi i\u00e7in olduk\u00e7a k\u00fc\u00e7\u00fckt\u00fc.<br\/>Genel de\u011ferlendirme: 1,5 hafta sonra Z\u00fcrih\u2019te yap\u0131lan ilk kontrol muayenesinde her \u015fey m\u00fckemmel g\u00f6r\u00fcn\u00fcyor. Sadece o ileti\u015fim yanl\u0131\u015fl\u0131\u011f\u0131 nedeniyle g\u00f6zde kalan bir kanama var, o da yava\u015f yava\u015f ge\u00e7iyor. G\u00f6zlerim h\u00e2l\u00e2 \u00e7ok kuru, \u00e7\u00fcnk\u00fc t\u00fcm g\u00fcn ekran kar\u015f\u0131s\u0131nda \u00e7al\u0131\u015f\u0131yorum. \u00d6zellikle ak\u015famlar\u0131 kirli ve kuru lens tak\u0131yormu\u015f hissi oluyor, bunun da zamanla tamamen ge\u00e7mesini umuyorum. Burada biraz sab\u0131r gerekiyor. Bunun d\u0131\u015f\u0131nda her \u015fey \u00e7ok iyi. Swisslasik pasaportundaki bilgiler \u00e7ok faydal\u0131 ve pratikti, mutlaka yan\u0131n\u0131zda olmal\u0131. Belki damlalarla ilgili bilgi de do\u011frudan eklenebilir, b\u00f6ylece g\u00f6zler sulanmadan \u00f6nce okuyabilirsiniz. \u0130stanbul ise LASIK olmasa bile ba\u015fl\u0131 ba\u015f\u0131na g\u00f6r\u00fclmeye de\u011fer bir \u015fehir.<br\/>Vera Henggeler<\/p>\n\n<div class=\"wp-block-group is-layout-grid wp-container-core-group-is-layout-baef362d wp-block-group-is-layout-grid\">\n<p><a href=\"https:\/\/medicaltravel.at\/home\/agb\/\" data-type=\"page\" data-id=\"2191\" rel=\"nofollow noopener\" target=\"_blank\"><\/a><a href=\"https:\/\/swisslasik.ch\/tr\/patientenberichte-augenlasern-erfahrungen\/sonunda-goezlueksuez-istanbul-acibademde-lazer-goez-ameliyati-26-30-nisan-2012-9-haziran-2012-cumartesi-tarihli-haber\/\" data-type=\"link\" data-id=\"https:\/\/swisslasik.ch\/augenlasern-lasik-erfahrungen\/endlich-ohne-brille-augenlaserbehandlung-im-acibadem-in-istanbul-26-30-04-2012-bericht-vom-samstag-09-juni-2012\/\">\u00d6nceki rapor<\/a><\/p>\n\n\n\n<p class=\"has-text-align-right wp-container-content-5e2576f9\"><a href=\"https:\/\/medicaltravel.at\/home\/impressum\/\" data-type=\"page\" data-id=\"2193\" rel=\"nofollow noopener\" target=\"_blank\"><\/a><a href=\"https:\/\/medicaltravel.at\/home\/berichte-von-patienten\/erfahrungsberichte\/erfahrungsbericht-zahnbehandlung-in-istanbul\/\" data-type=\"page\" data-id=\"981\" rel=\"nofollow noopener\" target=\"_blank\"><\/a><a href=\"https:\/\/swisslasik.ch\/tr\/patientenberichte-augenlasern-erfahrungen\/goezlueksuez-goerme-hayali-istanbulda-gercek-oldu-18-mayis-2012-cuma-tarihli-haber\/\" data-type=\"link\" data-id=\"https:\/\/swisslasik.ch\/augenlasern-lasik-erfahrungen\/der-traum-vom-brillenlosen-sehen-in-istanbul-wurde-er-erfullt-bericht-vom-freitag-18-mai-2012\/\">Sonraki rapor<\/a><\/p>\n<\/div>\n","protected":false},"excerpt":{"rendered":"<p>Ac\u0131badem \u0130stanbul&#8217;da lazer g\u00f6z ameliyat\u0131 deneyimim \u2013 30 May\u0131s 2012 \u00c7ar\u015famba tarihli rapor Karar: Uzun zamand\u0131r LASIK ameliyat\u0131n\u0131 d\u00fc\u015f\u00fcn\u00fcyordum, \u00e7\u00fcnk\u00fc y\u00fczme, y\u00fcr\u00fcy\u00fc\u015f ve da\u011fc\u0131l\u0131k gibi \u00e7e\u015fitli hobilerimde g\u00f6zl\u00fck \u00e7ok rahats\u0131z ediciydi. G\u00fcnl\u00fck lenslerle s\u00fcrekli u\u011fra\u015fmak da hem zahmetli hem de pahal\u0131yd\u0131. Miyop derecem (-5 ve -5.5) y\u0131llard\u0131r de\u011fi\u015fmedi\u011fi i\u00e7in art\u0131k bu yolu se\u00e7meye kararl\u0131yd\u0131m. Ancak \u0130svi\u00e7re\u2019de yap\u0131lacak bir ameliyat\u0131n maliyeti yakla\u015f\u0131k 8000 \u0130svi\u00e7re Frang\u0131 olacakt\u0131 ve bu benim i\u00e7in kabul edilebilir s\u0131n\u0131r\u0131n \u00fczerindeydi. \u0130nternette Swisslasik\u2019in teklifine rastlad\u0131m ve maliyetler \u0130svi\u00e7re\u2019deki t\u00fcm se\u00e7eneklere k\u0131yasla belirgin \u015fekilde daha d\u00fc\u015f\u00fckt\u00fc. Ayr\u0131ca uzun zamand\u0131r \u0130stanbul\u2019a gidip \u015fehri tan\u0131mak istiyordum. Elbette benim i\u00e7in teklifin ve dan\u0131\u015fmanl\u0131\u011f\u0131n profesyonel olmas\u0131 ve olas\u0131 sorunlar veya sorular i\u00e7in \u0130svi\u00e7re\u2019de ba\u015fvurabilece\u011fim bir doktorun bulunmas\u0131 \u00e7ok \u00f6nemliydi. \u0130lk ileti\u015fime ge\u00e7tikten sonra hemen benimle temasa ge\u00e7ildi ve k\u0131sa s\u00fcrede Z\u00fcrih\u2019teki muayenehane i\u00e7in bir randevu ald\u0131m; buras\u0131 bende \u00e7ok iyi bir izlenim b\u0131rakt\u0131. Orada yap\u0131lan t\u00fcm tetkikler k\u00fc\u00e7\u00fck \u00e7ekincelere ra\u011fmen (dik kornea) olumlu \u00e7\u0131k\u0131nca Femto-LASIK i\u00e7in kay\u0131t oldum. Organizasyon \u00e7ok h\u0131zl\u0131 ve profesyonel bir \u015fekilde y\u00fcr\u00fct\u00fcld\u00fc. Ek isteklerim (\u0130stanbul\u2019da daha uzun kal\u0131\u015f ve refakat\u00e7i) de sorunsuz \u015fekilde ayarland\u0131. Talep etmem \u00fczerine bir referans listesi ald\u0131m ve Swisslasik ile deneyimlerini payla\u015fan \u00e7ok sempatik bir han\u0131mefendiyle ayr\u0131nt\u0131l\u0131 bir g\u00f6r\u00fc\u015fme yapabildim. Bu benim i\u00e7in \u00e7ok yard\u0131mc\u0131 oldu ve do\u011fru karar\u0131 verdi\u011fime dair g\u00fcven verdi. Daha sonra iki i\u015f arkada\u015f\u0131m\u0131n da Swisslasik ile ameliyat oldu\u011funu \u00f6\u011frendim.Seyahat: \u0130stanbul Havaliman\u0131\u2019nda gece 12\u2019de taksi \u015fof\u00f6r\u00fcn\u00fc bulmak biraz zaman ald\u0131 ama sonunda sorunsuz oldu. Ertesi sabah muayene ve ameliyat ayn\u0131 g\u00fcn yap\u0131ld\u0131. Her \u015fey \u00e7ok h\u0131zl\u0131 ilerledi, bu y\u00fczden olas\u0131 sorular\u0131 en iyisi \u0130svi\u00e7re\u2019de \u00f6nceden sormak ya da not almak. \u00d6n muayeneden sonra Femto yerine normal LASIK \u00f6nerildi, \u00e7\u00fcnk\u00fc bunun sorunsuz olaca\u011f\u0131 s\u00f6ylendi. Bu beni biraz teredd\u00fctte b\u0131rakt\u0131 ama daha pahal\u0131 olan\u0131n her zaman daha iyi anlam\u0131na gelmedi\u011fini kabul etmek zorunda kald\u0131m. Muayeneden sonra ameliyata kadar olan yakla\u015f\u0131k 4 saati \u00e7ok g\u00fczel bir al\u0131\u015fveri\u015f merkezinde ge\u00e7irebildim. Sonras\u0131nda tekrar klini\u011fe d\u00f6n\u00fcp ameliyata al\u0131nd\u0131m. Sadece k\u00fc\u00e7\u00fck bir ileti\u015fim yanl\u0131\u015fl\u0131\u011f\u0131 nedeniyle ameliyat biraz daha uzun s\u00fcrd\u00fc, \u00e7\u00fcnk\u00fc g\u00f6z sabitlenemedi. Bu sorun \u00e7\u00f6z\u00fcld\u00fckten sonra her \u015fey \u00e7ok h\u0131zl\u0131 ilerledi. Ameliyattan sonra g\u00f6zlerim suland\u0131 ve batma hissi oldu. Yan\u0131n\u0131za bir sesli kitap almak ve \u00f6nceden yemek ayarlamak ya da oda servisi d\u00fc\u015f\u00fcnmek faydal\u0131 oluyor. Ertesi g\u00fcn yap\u0131lan kontrol k\u0131sa s\u00fcrd\u00fc ve ard\u0131ndan tam bir \u015fehir gezisi program\u0131n\u0131 rahatl\u0131kla ger\u00e7ekle\u015ftirebildim. Ula\u015f\u0131mlar ve hastanedeki terc\u00fcman deste\u011fi her zaman kusursuz ve sorunsuzdu. Hatta normal programdan 3 g\u00fcn sonra olan havaalan\u0131 transferi bile tam zaman\u0131nda geldi. Otel (Taksim City Park Hotel) konum olarak \u00e7ok iyiydi ve \u00fc\u00e7\u00fcnc\u00fc gece Swisslasik\u2019in m\u00fcdahalesi sayesinde \u00e7ok g\u00fczel ve geni\u015f bir odaya ge\u00e7tik. \u0130lk oda iki ki\u015fi i\u00e7in olduk\u00e7a k\u00fc\u00e7\u00fckt\u00fc.Genel de\u011ferlendirme: 1,5 hafta sonra Z\u00fcrih\u2019te yap\u0131lan ilk kontrol muayenesinde her \u015fey m\u00fckemmel g\u00f6r\u00fcn\u00fcyor. Sadece o ileti\u015fim yanl\u0131\u015fl\u0131\u011f\u0131 nedeniyle g\u00f6zde kalan bir kanama var, o da yava\u015f yava\u015f ge\u00e7iyor. G\u00f6zlerim h\u00e2l\u00e2 \u00e7ok kuru, \u00e7\u00fcnk\u00fc t\u00fcm g\u00fcn ekran kar\u015f\u0131s\u0131nda \u00e7al\u0131\u015f\u0131yorum. \u00d6zellikle ak\u015famlar\u0131 kirli ve kuru lens tak\u0131yormu\u015f hissi oluyor, bunun da zamanla tamamen ge\u00e7mesini umuyorum. Burada biraz sab\u0131r gerekiyor. Bunun d\u0131\u015f\u0131nda her \u015fey \u00e7ok iyi. Swisslasik pasaportundaki bilgiler \u00e7ok faydal\u0131 ve pratikti, mutlaka yan\u0131n\u0131zda olmal\u0131. Belki damlalarla ilgili bilgi de do\u011frudan eklenebilir, b\u00f6ylece g\u00f6zler sulanmadan \u00f6nce okuyabilirsiniz. \u0130stanbul ise LASIK olmasa bile ba\u015fl\u0131 ba\u015f\u0131na g\u00f6r\u00fclmeye de\u011fer bir \u015fehir.Vera Henggeler \u00d6nceki rapor Sonraki rapor<\/p>\n","protected":false},"author":4,"featured_media":0,"parent":3695,"menu_order":0,"comment_status":"closed","ping_status":"closed","template":"","meta":{"_joinchat":[],"footnotes":""},"class_list":["post-3738","page","type-page","status-publish","hentry"],"acf":[],"_links":{"self":[{"href":"https:\/\/swisslasik.ch\/tr\/wp-json\/wp\/v2\/pages\/3738","targetHints":{"allow":["GET"]}}],"collection":[{"href":"https:\/\/swisslasik.ch\/tr\/wp-json\/wp\/v2\/pages"}],"about":[{"href":"https:\/\/swisslasik.ch\/tr\/wp-json\/wp\/v2\/types\/page"}],"author":[{"embeddable":true,"href":"https:\/\/swisslasik.ch\/tr\/wp-json\/wp\/v2\/users\/4"}],"replies":[{"embeddable":true,"href":"https:\/\/swisslasik.ch\/tr\/wp-json\/wp\/v2\/comments?post=3738"}],"version-history":[{"count":1,"href":"https:\/\/swisslasik.ch\/tr\/wp-json\/wp\/v2\/pages\/3738\/revisions"}],"predecessor-version":[{"id":3739,"href":"https:\/\/swisslasik.ch\/tr\/wp-json\/wp\/v2\/pages\/3738\/revisions\/3739"}],"up":[{"embeddable":true,"href":"https:\/\/swisslasik.ch\/tr\/wp-json\/wp\/v2\/pages\/3695"}],"wp:attachment":[{"href":"https:\/\/swisslasik.ch\/tr\/wp-json\/wp\/v2\/media?parent=3738"}],"curies":[{"name":"wp","href":"https:\/\/api.w.org\/{rel}","templated":true}]}}