{"id":3740,"date":"2025-09-24T12:30:34","date_gmt":"2025-09-24T11:30:34","guid":{"rendered":"https:\/\/swisslasik.ch\/patientenberichte-augenlasern-erfahrungen\/istanbulda-lazer-goez-ameliyati-deneyimim-29-temmuz-2012-pazar-tarihli-rapor\/"},"modified":"2026-01-14T18:26:21","modified_gmt":"2026-01-14T17:26:21","slug":"istanbulda-lazer-goez-ameliyati-deneyimim-29-temmuz-2012-pazar-tarihli-rapor","status":"publish","type":"page","link":"https:\/\/swisslasik.ch\/tr\/patientenberichte-augenlasern-erfahrungen\/istanbulda-lazer-goez-ameliyati-deneyimim-29-temmuz-2012-pazar-tarihli-rapor\/","title":{"rendered":"\u0130stanbul&#8217;da lazer g\u00f6z ameliyat\u0131 deneyimim \u2013 29 Temmuz 2012 Pazar tarihli rapor"},"content":{"rendered":"\n<h3 class=\"wp-block-heading\">\u0130stanbul&#8217;da lazer g\u00f6z ameliyat\u0131 deneyimim \u2013 29 Temmuz 2012 Pazar tarihli rapor<\/h3>\n\n\n\n<p>Bu karar\u0131 ger\u00e7ekten vermem bu y\u0131l\u0131n ba\u015f\u0131nda oldu. \u00d6nce internette biraz ara\u015ft\u0131rma yapt\u0131m ve bu \u015fekilde SwissLasik\u2019e denk geldim. Bir\u00e7ok siteye bakt\u0131m ama SwissLasik bana en iyi ve en g\u00fcvenilir izlenimi verdi. \u015eansl\u0131yd\u0131m ki k\u0131sa s\u00fcre sonra Z\u00fcrih\u2019te bir bilgilendirme toplant\u0131s\u0131 vard\u0131 ve ben de kat\u0131ld\u0131m. Daha fazla bilgi edinme f\u0131rsat\u0131m oldu. Ameliyat\u0131 yapacak olan doktor da oradayd\u0131 ve t\u00fcm sorular\u0131 yan\u0131tlad\u0131. Bu toplant\u0131dan sonra karar\u0131m kesinle\u015fti ve g\u00f6zl\u00fcks\u00fcz hayata do\u011fru yolculu\u011fum ba\u015flam\u0131\u015f oldu.<br>\u00d6ncelikle \u0130svi\u00e7re\u2019de bir \u00f6n muayene yapt\u0131rmaya karar verdim. Lazer i\u015fleminin benim i\u00e7in ger\u00e7ekten uygun olup olmad\u0131\u011f\u0131n\u0131 kesin olarak bilmek istedim. \u00d6n muayene zorunlu de\u011fildi ama \u0130stanbul\u2019a gidip hayal k\u0131r\u0131kl\u0131\u011f\u0131 ya\u015famak istemedim. Bu \u00f6n muayene de SwissLasik taraf\u0131ndan organize edildi. K\u0131sa bir s\u00fcre sonra t\u00fcm seyahat belgelerim ve SwissLasik pasaportum elime ula\u015ft\u0131. Bu pasaportta bilinmesi gereken her \u015fey vard\u0131. K\u00fc\u00e7\u00fck, d\u00fczenli ve \u00e7ok faydal\u0131yd\u0131. Yola \u00e7\u0131kmadan \u00f6nce mutlaka okunmas\u0131n\u0131 herkese tavsiye ederim. Ger\u00e7ekten hi\u00e7bir \u015feyle ilgilenmem gerekmedi.<br>26.07.2012 Per\u015fembe g\u00fcn\u00fc refakat\u00e7imle birlikte \u0130stanbul yolculu\u011fum ba\u015flad\u0131. Havaliman\u0131nda kar\u015f\u0131land\u0131k ve do\u011frudan otele g\u00f6t\u00fcr\u00fcld\u00fck. Park City Hotel\u2019i se\u00e7tik. Taksim Meydan\u0131\u2019na sadece 5 dakika y\u00fcr\u00fcme mesafesindeydi, \u00e7ok sakin bir konumdayd\u0131 ve olduk\u00e7a temizdi. Her a\u00e7\u0131dan \u00e7ok memnun kald\u0131k. \u015eof\u00f6r, cuma g\u00fcn\u00fc saat 08.00\u2019de tekrar al\u0131naca\u011f\u0131m\u0131z\u0131 s\u00f6yledi. G\u00fcn\u00fcn geri kalan\u0131n\u0131 serbest\u00e7e ge\u00e7irebildik. Ak\u015fam saatlerinde klinikten bir telefon daha geldi ve al\u0131nma saati tekrar teyit edildi. Bu da bana verilen organizasyonun ne kadar ciddi oldu\u011funu bir kez daha g\u00f6sterdi.<br>Cuma g\u00fcn\u00fc yakla\u015f\u0131k 30 dakikal\u0131k bir gecikmeyle al\u0131nd\u0131k. Bu benim i\u00e7in \u00f6nemli bir sorun de\u011fildi. \u0130stanbul \u00e7ok b\u00fcy\u00fck ve trafi\u011fi yo\u011fun bir \u015fehir, b\u00f6yle \u015feyler olabiliyor. Ameliyat g\u00fcn\u00fc ise dakikalar saatler gibi ge\u00e7ti ama bu tamamen heyecandan kaynakl\u0131yd\u0131. Klini\u011fe vard\u0131\u011f\u0131m\u0131zda \u00e7ok s\u0131cak bir \u015fekilde kar\u015f\u0131land\u0131k. Almancay\u0131 m\u00fckemmel konu\u015fan bir g\u00f6revli s\u00fcrekli yan\u0131mdayd\u0131 ve yap\u0131lan her ad\u0131m\u0131 birebir terc\u00fcme etti. Klinik \u00e7ok temizdi, personel son derece g\u00fcler y\u00fczl\u00fcyd\u00fc.<br>\u00d6n muayene Z\u00fcrih\u2019tekiyle neredeyse ayn\u0131 \u015fekilde yap\u0131ld\u0131. Ard\u0131ndan doktorla g\u00f6r\u00fc\u015fmem oldu. Onu zaten Z\u00fcrih\u2019teki bilgilendirme toplant\u0131s\u0131ndan tan\u0131d\u0131\u011f\u0131m i\u00e7in bana yabanc\u0131 gelmedi, bu da beni ayr\u0131ca rahatlatt\u0131. Her \u015fey tekrar konu\u015fuldu ve ard\u0131ndan doktor bana birazdan g\u00f6r\u00fc\u015f\u00fcr\u00fcz dedi. Birazdan m\u0131? Ameliyat\u0131n \u00f6\u011fleden sonra olaca\u011f\u0131n\u0131 d\u00fc\u015f\u00fcn\u00fcyordum \u00e7\u00fcnk\u00fc di\u011fer hasta deneyimlerinde \u00f6yle okumu\u015ftum. \u015eansl\u0131yd\u0131m, hemen ameliyata al\u0131nabildim. K\u0131sa bir beklemeden sonra i\u015flem ba\u015flad\u0131.<br>Almanca konu\u015fan g\u00f6revli ameliyat s\u0131ras\u0131nda da yan\u0131mdayd\u0131 ve her s\u00f6yleneni terc\u00fcme etti. Ameliyat\u0131n kendisi yakla\u015f\u0131k 10 dakika s\u00fcrd\u00fc. Sonras\u0131nda bana koruyucu bir g\u00f6zl\u00fck verildi ve yakla\u015f\u0131k 30 dakika karanl\u0131k bir odada dinlendim. Ard\u0131ndan k\u0131sa bir kontrol yap\u0131ld\u0131 ve hemen otele geri g\u00f6t\u00fcr\u00fcld\u00fck. Otelde yakla\u015f\u0131k 4 saat g\u00f6zlerimi kapal\u0131 \u015fekilde dinlendim. Klinikte bana verilen g\u00f6z damlalar\u0131n\u0131 iki saatte bir kullanmam gerekiyordu.<br>Bu 4 saatten sonra ilk kez balkona \u00e7\u0131kt\u0131m ve inan\u0131lmaz mutlu oldum. Sokaktaki reklam tabelalar\u0131n\u0131 net bir \u015fekilde okuyabiliyordum. Harika bir duyguydu. Ak\u015fam saatlerinde tekrar \u0130stanbul sokaklar\u0131nda dola\u015fmaya ba\u015flad\u0131k, tabii ki g\u00f6zl\u00fcks\u00fcz ama g\u00fcne\u015f g\u00f6zl\u00fc\u011f\u00fcyle. Cumartesi g\u00fcn\u00fc saat 10.00\u2019da zorunlu kontrol i\u00e7in tekrar al\u0131nd\u0131k. Ne yaz\u0131k ki bu sefer hastanede Almanca konu\u015fan biri yoktu. \u0130ngilizce bilmeyen biri i\u00e7in zor olabilirdi. \u00d6zellikle pazar g\u00fcn\u00fc havaalan\u0131 transferinin saatinin konu\u015fulmas\u0131 gerekiyordu. Benim i\u00e7in sorun olmad\u0131 ama \u0130ngilizce bilmeyenler i\u00e7in kafa kar\u0131\u015ft\u0131r\u0131c\u0131 olabilir. Bu, t\u00fcm s\u00fcre\u00e7teki tek ele\u015ftirimdi.<br>Kontrol muayenesi yakla\u015f\u0131k 10 dakika s\u00fcrd\u00fc ve ard\u0131ndan tekrar otele b\u0131rak\u0131ld\u0131k. Bundan sonra hi\u00e7bir randevumuz kalmad\u0131. Pazar g\u00fcn\u00fc havaalan\u0131 transferi de sorunsuz \u015fekilde ger\u00e7ekle\u015fti ve \u00e7ok mutlu bir \u015fekilde eve d\u00f6nd\u00fcm. Ger\u00e7ekten her \u015fey kusursuzdu ve ben son derece mutluyum. Bu deneyimle pek \u00e7ok ki\u015finin korkusunu yenmesine yard\u0131mc\u0131 olmay\u0131 umuyorum. Kendi ad\u0131ma sadece \u00f6vg\u00fcyle bahsedebilirim.<br>SwissLasik\u2019e de ayr\u0131ca \u00e7ok b\u00fcy\u00fck bir te\u015fekk\u00fcr bor\u00e7luyum. Hi\u00e7bir \u015feyle ilgilenmem gerekmedi, ger\u00e7ekten hi\u00e7bir \u015feyle. Her \u015fey m\u00fckemmel \u015fekilde organize edilmi\u015fti ve \u00e7ok iyi bir \u015fekilde ilgilenildim. Son olarak k\u00fc\u00e7\u00fck bir tavsiye: G\u00f6r\u00fcnt\u00fc olarak ho\u015f olmasa da, ameliyattan \u00f6nce internette bu i\u015flemin videolar\u0131n\u0131 izledim. B\u00f6ylece ameliyat s\u0131ras\u0131nda her a\u015famada ne oldu\u011funu biliyordum. Bu da insan\u0131 biraz daha sakinle\u015ftiriyor.<br>Roger Gisler<br>29.07.2012<\/p>\n\n\n\n<div class=\"wp-block-group is-layout-grid wp-container-core-group-is-layout-baef362d wp-block-group-is-layout-grid\">\n<p><a href=\"https:\/\/medicaltravel.at\/home\/agb\/\" data-type=\"page\" data-id=\"2191\" rel=\"nofollow noopener\" target=\"_blank\"><\/a><a href=\"https:\/\/swisslasik.ch\/tr\/patientenberichte-augenlasern-erfahrungen\/antalya-tuerkiyede-swisslasik-araciligiyla-yaptirdigim-lasik-ameliyatim-2-agustos-2012-persembe-tarihli-rapor\/\" data-type=\"link\" data-id=\"https:\/\/swisslasik.ch\/tr\/patientenberichte-augenlasern-erfahrungen\/antalya-tuerkiyede-swisslasik-araciligiyla-yaptirdigim-lasik-ameliyatim-2-agustos-2012-persembe-tarihli-rapor\/\">\u00d6nceki rapor<\/a><\/p>\n\n\n\n<p class=\"has-text-align-right wp-container-content-5e2576f9\"><a href=\"https:\/\/medicaltravel.at\/home\/impressum\/\" data-type=\"page\" data-id=\"2193\" rel=\"nofollow noopener\" target=\"_blank\"><\/a><a href=\"https:\/\/medicaltravel.at\/home\/berichte-von-patienten\/erfahrungsberichte\/erfahrungsbericht-zahnbehandlung-in-istanbul\/\" data-type=\"page\" data-id=\"981\" rel=\"nofollow noopener\" target=\"_blank\"><\/a><a href=\"https:\/\/swisslasik.ch\/tr\/antalya-tuerkiyede-gecirdigim-lazer-goez-ameliyati-hakkindaki-deneyim-raporum-13-temmuz-2012-cuma-tarihli-rapor\/\" data-type=\"link\" data-id=\"https:\/\/swisslasik.ch\/mein-erfahrungsbericht-uber-meine-augenlaserbehandlung-in-antalya-turkei-bericht-vom-freitag-13-juli-2012\/\">Sonraki rapor<\/a><\/p>\n<\/div>\n","protected":false},"excerpt":{"rendered":"<p>\u0130stanbul&#8217;da lazer g\u00f6z ameliyat\u0131 deneyimim \u2013 29 Temmuz 2012 Pazar tarihli rapor Bu karar\u0131 ger\u00e7ekten vermem bu y\u0131l\u0131n ba\u015f\u0131nda oldu. \u00d6nce internette biraz ara\u015ft\u0131rma yapt\u0131m ve bu \u015fekilde SwissLasik\u2019e denk geldim. Bir\u00e7ok siteye bakt\u0131m ama SwissLasik bana en iyi ve en g\u00fcvenilir izlenimi verdi. \u015eansl\u0131yd\u0131m ki k\u0131sa s\u00fcre sonra Z\u00fcrih\u2019te bir bilgilendirme toplant\u0131s\u0131 vard\u0131 ve ben de kat\u0131ld\u0131m. Daha fazla bilgi edinme f\u0131rsat\u0131m oldu. Ameliyat\u0131 yapacak olan doktor da oradayd\u0131 ve t\u00fcm sorular\u0131 yan\u0131tlad\u0131. Bu toplant\u0131dan sonra karar\u0131m kesinle\u015fti ve g\u00f6zl\u00fcks\u00fcz hayata do\u011fru yolculu\u011fum ba\u015flam\u0131\u015f oldu.\u00d6ncelikle \u0130svi\u00e7re\u2019de bir \u00f6n muayene yapt\u0131rmaya karar verdim. Lazer i\u015fleminin benim i\u00e7in ger\u00e7ekten uygun olup olmad\u0131\u011f\u0131n\u0131 kesin olarak bilmek istedim. \u00d6n muayene zorunlu de\u011fildi ama \u0130stanbul\u2019a gidip hayal k\u0131r\u0131kl\u0131\u011f\u0131 ya\u015famak istemedim. Bu \u00f6n muayene de SwissLasik taraf\u0131ndan organize edildi. K\u0131sa bir s\u00fcre sonra t\u00fcm seyahat belgelerim ve SwissLasik pasaportum elime ula\u015ft\u0131. Bu pasaportta bilinmesi gereken her \u015fey vard\u0131. K\u00fc\u00e7\u00fck, d\u00fczenli ve \u00e7ok faydal\u0131yd\u0131. Yola \u00e7\u0131kmadan \u00f6nce mutlaka okunmas\u0131n\u0131 herkese tavsiye ederim. Ger\u00e7ekten hi\u00e7bir \u015feyle ilgilenmem gerekmedi.26.07.2012 Per\u015fembe g\u00fcn\u00fc refakat\u00e7imle birlikte \u0130stanbul yolculu\u011fum ba\u015flad\u0131. Havaliman\u0131nda kar\u015f\u0131land\u0131k ve do\u011frudan otele g\u00f6t\u00fcr\u00fcld\u00fck. Park City Hotel\u2019i se\u00e7tik. Taksim Meydan\u0131\u2019na sadece 5 dakika y\u00fcr\u00fcme mesafesindeydi, \u00e7ok sakin bir konumdayd\u0131 ve olduk\u00e7a temizdi. Her a\u00e7\u0131dan \u00e7ok memnun kald\u0131k. \u015eof\u00f6r, cuma g\u00fcn\u00fc saat 08.00\u2019de tekrar al\u0131naca\u011f\u0131m\u0131z\u0131 s\u00f6yledi. G\u00fcn\u00fcn geri kalan\u0131n\u0131 serbest\u00e7e ge\u00e7irebildik. Ak\u015fam saatlerinde klinikten bir telefon daha geldi ve al\u0131nma saati tekrar teyit edildi. Bu da bana verilen organizasyonun ne kadar ciddi oldu\u011funu bir kez daha g\u00f6sterdi.Cuma g\u00fcn\u00fc yakla\u015f\u0131k 30 dakikal\u0131k bir gecikmeyle al\u0131nd\u0131k. Bu benim i\u00e7in \u00f6nemli bir sorun de\u011fildi. \u0130stanbul \u00e7ok b\u00fcy\u00fck ve trafi\u011fi yo\u011fun bir \u015fehir, b\u00f6yle \u015feyler olabiliyor. Ameliyat g\u00fcn\u00fc ise dakikalar saatler gibi ge\u00e7ti ama bu tamamen heyecandan kaynakl\u0131yd\u0131. Klini\u011fe vard\u0131\u011f\u0131m\u0131zda \u00e7ok s\u0131cak bir \u015fekilde kar\u015f\u0131land\u0131k. Almancay\u0131 m\u00fckemmel konu\u015fan bir g\u00f6revli s\u00fcrekli yan\u0131mdayd\u0131 ve yap\u0131lan her ad\u0131m\u0131 birebir terc\u00fcme etti. Klinik \u00e7ok temizdi, personel son derece g\u00fcler y\u00fczl\u00fcyd\u00fc.\u00d6n muayene Z\u00fcrih\u2019tekiyle neredeyse ayn\u0131 \u015fekilde yap\u0131ld\u0131. Ard\u0131ndan doktorla g\u00f6r\u00fc\u015fmem oldu. Onu zaten Z\u00fcrih\u2019teki bilgilendirme toplant\u0131s\u0131ndan tan\u0131d\u0131\u011f\u0131m i\u00e7in bana yabanc\u0131 gelmedi, bu da beni ayr\u0131ca rahatlatt\u0131. Her \u015fey tekrar konu\u015fuldu ve ard\u0131ndan doktor bana birazdan g\u00f6r\u00fc\u015f\u00fcr\u00fcz dedi. Birazdan m\u0131? Ameliyat\u0131n \u00f6\u011fleden sonra olaca\u011f\u0131n\u0131 d\u00fc\u015f\u00fcn\u00fcyordum \u00e7\u00fcnk\u00fc di\u011fer hasta deneyimlerinde \u00f6yle okumu\u015ftum. \u015eansl\u0131yd\u0131m, hemen ameliyata al\u0131nabildim. K\u0131sa bir beklemeden sonra i\u015flem ba\u015flad\u0131.Almanca konu\u015fan g\u00f6revli ameliyat s\u0131ras\u0131nda da yan\u0131mdayd\u0131 ve her s\u00f6yleneni terc\u00fcme etti. Ameliyat\u0131n kendisi yakla\u015f\u0131k 10 dakika s\u00fcrd\u00fc. Sonras\u0131nda bana koruyucu bir g\u00f6zl\u00fck verildi ve yakla\u015f\u0131k 30 dakika karanl\u0131k bir odada dinlendim. Ard\u0131ndan k\u0131sa bir kontrol yap\u0131ld\u0131 ve hemen otele geri g\u00f6t\u00fcr\u00fcld\u00fck. Otelde yakla\u015f\u0131k 4 saat g\u00f6zlerimi kapal\u0131 \u015fekilde dinlendim. Klinikte bana verilen g\u00f6z damlalar\u0131n\u0131 iki saatte bir kullanmam gerekiyordu.Bu 4 saatten sonra ilk kez balkona \u00e7\u0131kt\u0131m ve inan\u0131lmaz mutlu oldum. Sokaktaki reklam tabelalar\u0131n\u0131 net bir \u015fekilde okuyabiliyordum. Harika bir duyguydu. Ak\u015fam saatlerinde tekrar \u0130stanbul sokaklar\u0131nda dola\u015fmaya ba\u015flad\u0131k, tabii ki g\u00f6zl\u00fcks\u00fcz ama g\u00fcne\u015f g\u00f6zl\u00fc\u011f\u00fcyle. Cumartesi g\u00fcn\u00fc saat 10.00\u2019da zorunlu kontrol i\u00e7in tekrar al\u0131nd\u0131k. Ne yaz\u0131k ki bu sefer hastanede Almanca konu\u015fan biri yoktu. \u0130ngilizce bilmeyen biri i\u00e7in zor olabilirdi. \u00d6zellikle pazar g\u00fcn\u00fc havaalan\u0131 transferinin saatinin konu\u015fulmas\u0131 gerekiyordu. Benim i\u00e7in sorun olmad\u0131 ama \u0130ngilizce bilmeyenler i\u00e7in kafa kar\u0131\u015ft\u0131r\u0131c\u0131 olabilir. Bu, t\u00fcm s\u00fcre\u00e7teki tek ele\u015ftirimdi.Kontrol muayenesi yakla\u015f\u0131k 10 dakika s\u00fcrd\u00fc ve ard\u0131ndan tekrar otele b\u0131rak\u0131ld\u0131k. Bundan sonra hi\u00e7bir randevumuz kalmad\u0131. Pazar g\u00fcn\u00fc havaalan\u0131 transferi de sorunsuz \u015fekilde ger\u00e7ekle\u015fti ve \u00e7ok mutlu bir \u015fekilde eve d\u00f6nd\u00fcm. Ger\u00e7ekten her \u015fey kusursuzdu ve ben son derece mutluyum. Bu deneyimle pek \u00e7ok ki\u015finin korkusunu yenmesine yard\u0131mc\u0131 olmay\u0131 umuyorum. Kendi ad\u0131ma sadece \u00f6vg\u00fcyle bahsedebilirim.SwissLasik\u2019e de ayr\u0131ca \u00e7ok b\u00fcy\u00fck bir te\u015fekk\u00fcr bor\u00e7luyum. Hi\u00e7bir \u015feyle ilgilenmem gerekmedi, ger\u00e7ekten hi\u00e7bir \u015feyle. Her \u015fey m\u00fckemmel \u015fekilde organize edilmi\u015fti ve \u00e7ok iyi bir \u015fekilde ilgilenildim. Son olarak k\u00fc\u00e7\u00fck bir tavsiye: G\u00f6r\u00fcnt\u00fc olarak ho\u015f olmasa da, ameliyattan \u00f6nce internette bu i\u015flemin videolar\u0131n\u0131 izledim. B\u00f6ylece ameliyat s\u0131ras\u0131nda her a\u015famada ne oldu\u011funu biliyordum. Bu da insan\u0131 biraz daha sakinle\u015ftiriyor.Roger Gisler29.07.2012 \u00d6nceki rapor Sonraki rapor<\/p>\n","protected":false},"author":4,"featured_media":0,"parent":3695,"menu_order":0,"comment_status":"closed","ping_status":"closed","template":"","meta":{"_joinchat":[],"footnotes":""},"class_list":["post-3740","page","type-page","status-publish","hentry"],"acf":[],"_links":{"self":[{"href":"https:\/\/swisslasik.ch\/tr\/wp-json\/wp\/v2\/pages\/3740","targetHints":{"allow":["GET"]}}],"collection":[{"href":"https:\/\/swisslasik.ch\/tr\/wp-json\/wp\/v2\/pages"}],"about":[{"href":"https:\/\/swisslasik.ch\/tr\/wp-json\/wp\/v2\/types\/page"}],"author":[{"embeddable":true,"href":"https:\/\/swisslasik.ch\/tr\/wp-json\/wp\/v2\/users\/4"}],"replies":[{"embeddable":true,"href":"https:\/\/swisslasik.ch\/tr\/wp-json\/wp\/v2\/comments?post=3740"}],"version-history":[{"count":2,"href":"https:\/\/swisslasik.ch\/tr\/wp-json\/wp\/v2\/pages\/3740\/revisions"}],"predecessor-version":[{"id":4763,"href":"https:\/\/swisslasik.ch\/tr\/wp-json\/wp\/v2\/pages\/3740\/revisions\/4763"}],"up":[{"embeddable":true,"href":"https:\/\/swisslasik.ch\/tr\/wp-json\/wp\/v2\/pages\/3695"}],"wp:attachment":[{"href":"https:\/\/swisslasik.ch\/tr\/wp-json\/wp\/v2\/media?parent=3740"}],"curies":[{"name":"wp","href":"https:\/\/api.w.org\/{rel}","templated":true}]}}