{"id":3746,"date":"2025-09-24T12:16:16","date_gmt":"2025-09-24T11:16:16","guid":{"rendered":"https:\/\/swisslasik.ch\/patientenberichte-augenlasern-erfahrungen\/swisslasik-deneyim-raporu-5-subat-2013-sali-tarihli-rapor\/"},"modified":"2026-01-14T17:50:08","modified_gmt":"2026-01-14T16:50:08","slug":"swisslasik-deneyim-raporu-5-subat-2013-sali-tarihli-rapor","status":"publish","type":"page","link":"https:\/\/swisslasik.ch\/tr\/patientenberichte-augenlasern-erfahrungen\/swisslasik-deneyim-raporu-5-subat-2013-sali-tarihli-rapor\/","title":{"rendered":"Swisslasik deneyim raporu \u2013 5 \u015eubat 2013 Sal\u0131 tarihli rapor"},"content":{"rendered":"\n<h3 class=\"wp-block-heading\">Swisslasik deneyim raporu \u2013 5 \u015eubat 2013 Sal\u0131 tarihli rapor<\/h3>\n\n\n\n<p>\u0130\u015fte \u00e7evirisi:<br>G\u00f6z Lazer Ameliyat\u0131 Deneyimi &#8211; Daniel Rodel, 3 \u015eubat 2013<br>Bir s\u00fcredir &#8220;g\u00f6z lazeri&#8221; konusu \u00fczerinde d\u00fc\u015f\u00fcn\u00fcyordum. \u00c7\u00fcnk\u00fc g\u00f6zl\u00fc\u011f\u00fcm olmadan \u00e7ok k\u00f6t\u00fc g\u00f6r\u00fcyordum ve g\u00f6z iltihab\u0131 nedeniyle lens takam\u0131yordum, bu y\u00fczden g\u00f6zl\u00fck takmak olduk\u00e7a rahats\u0131z edici hale gelmi\u015fti. G\u00f6zl\u00fck takmak bana art\u0131k \u00e7ok zor geliyordu ve g\u00f6zl\u00fcklerden kurtulma iste\u011fim giderek artt\u0131. Kendime, &#8220;Kaybedecek hi\u00e7bir \u015feyim yok, zaten g\u00f6rm\u00fcyordum. Sadece daha iyi olabilir, o y\u00fczden kaybedecek hi\u00e7bir \u015feyim yok,&#8221; diye d\u00fc\u015f\u00fcnd\u00fcm. Swisslasik\u2019i, g\u00f6zlerinde lazer tedavisi yapt\u0131rm\u0131\u015f iki i\u015f arkada\u015f\u0131m sayesinde ke\u015ffettim. Ayn\u0131 zamanda internet \u00fczerinden de ara\u015ft\u0131rma yapt\u0131m. \u0130\u015f arkada\u015flar\u0131m\u0131n deneyimleri \u00e7ok olumlu y\u00f6ndeydi ve her ikisi de sonu\u00e7tan \u00e7ok memnundu, tekrar ayn\u0131 i\u015flemi yapt\u0131rmay\u0131 d\u00fc\u015f\u00fcn\u00fcyorlard\u0131. Bu tabii ki beni cesaretlendirdi, bu y\u00fczden belgeleri temin ettim, \u0130svi\u00e7re&#8217;de bir \u00f6n muayene yapt\u0131rd\u0131m ve lazer tedavisi i\u00e7in uygun oldu\u011fum onayland\u0131. Sonras\u0131nda Swisslasik ile bu tedaviyi yapt\u0131rmaya karar verdim. Fiyat da benim i\u00e7in \u00f6nemli bir etkendi. Fiyat\/performans oran\u0131ndan fazlas\u0131yla memnunum. Swisslasik\u2019in profesyonel, h\u0131zl\u0131 ve iyi organize edilmi\u015f hizmetinden \u00e7ok etkilendim; sadece birka\u00e7 g\u00fcn i\u00e7inde t\u00fcm lazer seyahati program\u0131m d\u00fczenlendi. Ayr\u0131ca telefonla yap\u0131lan ki\u015fisel ileti\u015fim de \u00e7ok olumlu oldu. Ba\u015flang\u0131\u00e7tan itibaren \u015firkete g\u00fcvenebildim. \u00dc\u00e7 g\u00fcn boyunca \u00e7ok iyi bir \u015fekilde ilgilenildim. Her zaman yan\u0131mda olan ve her \u015feyi \u00e7evirecek, bana yard\u0131mc\u0131 olacak birisinin olmas\u0131 ger\u00e7ekten \u00e7ok rahatlat\u0131c\u0131yd\u0131. Bu \u00fc\u00e7 g\u00fcnl\u00fck seyahati yaln\u0131z ba\u015f\u0131ma ger\u00e7ekle\u015ftirdim ve Swisslasik, tek ba\u015f\u0131na bu s\u00fcreci y\u00f6netmek i\u00e7in her \u015feyi d\u00fczenlemi\u015fti. U\u00e7u\u015f ve otel organizasyonu olduk\u00e7a d\u00fczg\u00fcn bir \u015fekilde ger\u00e7ekle\u015ftirildi. Yaln\u0131zca oteldeki ula\u015f\u0131m konusunda var olan bir yanl\u0131\u015f anla\u015f\u0131lma nedeniyle bir taksiye binmek zorunda kald\u0131m, ancak ertesi g\u00fcn bu \u00fccret bana geri \u00f6dendi. Klinik ger\u00e7ekten \u00e7ok modern ve profesyonel bir izlenim b\u0131rakt\u0131. Doktorlar ne yapt\u0131klar\u0131n\u0131 \u00e7ok iyi biliyor ve kendinizi g\u00fcvende hissediyorsunuz. Ger\u00e7ekten ilgileniyorlar ve her \u015fey \u00e7ok iyi organize edilmi\u015f. Ayr\u0131ca, yan\u0131nda Almanca konu\u015fan birinin olmas\u0131 \u00e7ok g\u00fczel bir detayd\u0131. Doktorlar da \u00e7ok profesyonel g\u00f6r\u00fcn\u00fcyordu. Ameliyat \u00f6ncesinde ger\u00e7ekten tuhaf bir hissim vard\u0131. \u00c7\u00fcnk\u00fc bu s\u0131radan bir i\u015flem de\u011fildi, g\u00f6zlerime yap\u0131lacak bir i\u015flemdi. \u00c7ok gergindim. \u0130\u015flem \u00e7ok h\u0131zl\u0131 bir \u015fekilde tamamland\u0131 ve koruyucu g\u00f6zl\u00fckle dinlenme odas\u0131nda ilk kontrol\u00fcm\u00fc beklerken ger\u00e7ekten rahatlad\u0131m. A\u00e7\u0131k\u00e7as\u0131, biraz \u015f\u00fcpheciydim. Ameliyat sonras\u0131 ilk birka\u00e7 saat g\u00f6zlerim \u00e7ok suland\u0131 ve bunun bir an \u00f6nce ge\u00e7mesini umuyordum. Ancak birka\u00e7 saat sonra sonucun etkisini g\u00f6rmeye ba\u015flad\u0131m \u2013 ger\u00e7ek anlamda g\u00f6rmeye ba\u015flad\u0131m. Ameliyat \u00f6ncesinde neredeyse k\u00f6rd\u00fcm, sadece birka\u00e7 santimetre uza\u011fa bakabiliyordum. \u015eimdi g\u00f6zl\u00fcks\u00fcz olarak her \u015feyi net bir \u015fekilde g\u00f6rebiliyordum. Harika, sonu\u00e7tan \u00e7ok memnunum!<\/p>\n\n\n\n<div class=\"wp-block-group is-layout-grid wp-container-core-group-is-layout-baef362d wp-block-group-is-layout-grid\">\n<p><a href=\"https:\/\/medicaltravel.at\/home\/agb\/\" data-type=\"page\" data-id=\"2191\" rel=\"nofollow noopener\" target=\"_blank\"><\/a><a href=\"https:\/\/swisslasik.ch\/tr\/patientenberichte-augenlasern-erfahrungen\/istanbulda-gecirdigim-macerali-lazer-goez-ameliyatim-6-mart-2013-carsamba-tarihli-raporum\/\" data-type=\"link\" data-id=\"https:\/\/swisslasik.ch\/tr\/patientenberichte-augenlasern-erfahrungen\/istanbulda-gecirdigim-macerali-lazer-goez-ameliyatim-6-mart-2013-carsamba-tarihli-raporum\/\">\u00d6nceki rapor<\/a><\/p>\n\n\n\n<p class=\"has-text-align-right wp-container-content-5e2576f9\"><a href=\"https:\/\/medicaltravel.at\/home\/impressum\/\" data-type=\"page\" data-id=\"2193\" rel=\"nofollow noopener\" target=\"_blank\"><\/a><a href=\"https:\/\/medicaltravel.at\/home\/berichte-von-patienten\/erfahrungsberichte\/erfahrungsbericht-zahnbehandlung-in-istanbul\/\" data-type=\"page\" data-id=\"981\" rel=\"nofollow noopener\" target=\"_blank\"><\/a><a href=\"https:\/\/swisslasik.ch\/tr\/patientenberichte-augenlasern-erfahrungen\/farkli-bir-noel-21-ocak-2013-pazartesi-tarihli-rapor\/\" data-type=\"link\" data-id=\"https:\/\/swisslasik.ch\/tr\/patientenberichte-augenlasern-erfahrungen\/farkli-bir-noel-21-ocak-2013-pazartesi-tarihli-rapor\/\">Sonraki rapor<\/a><\/p>\n<\/div>\n","protected":false},"excerpt":{"rendered":"<p>Swisslasik deneyim raporu \u2013 5 \u015eubat 2013 Sal\u0131 tarihli rapor \u0130\u015fte \u00e7evirisi:G\u00f6z Lazer Ameliyat\u0131 Deneyimi &#8211; Daniel Rodel, 3 \u015eubat 2013Bir s\u00fcredir &#8220;g\u00f6z lazeri&#8221; konusu \u00fczerinde d\u00fc\u015f\u00fcn\u00fcyordum. \u00c7\u00fcnk\u00fc g\u00f6zl\u00fc\u011f\u00fcm olmadan \u00e7ok k\u00f6t\u00fc g\u00f6r\u00fcyordum ve g\u00f6z iltihab\u0131 nedeniyle lens takam\u0131yordum, bu y\u00fczden g\u00f6zl\u00fck takmak olduk\u00e7a rahats\u0131z edici hale gelmi\u015fti. G\u00f6zl\u00fck takmak bana art\u0131k \u00e7ok zor geliyordu ve g\u00f6zl\u00fcklerden kurtulma iste\u011fim giderek artt\u0131. Kendime, &#8220;Kaybedecek hi\u00e7bir \u015feyim yok, zaten g\u00f6rm\u00fcyordum. Sadece daha iyi olabilir, o y\u00fczden kaybedecek hi\u00e7bir \u015feyim yok,&#8221; diye d\u00fc\u015f\u00fcnd\u00fcm. Swisslasik\u2019i, g\u00f6zlerinde lazer tedavisi yapt\u0131rm\u0131\u015f iki i\u015f arkada\u015f\u0131m sayesinde ke\u015ffettim. Ayn\u0131 zamanda internet \u00fczerinden de ara\u015ft\u0131rma yapt\u0131m. \u0130\u015f arkada\u015flar\u0131m\u0131n deneyimleri \u00e7ok olumlu y\u00f6ndeydi ve her ikisi de sonu\u00e7tan \u00e7ok memnundu, tekrar ayn\u0131 i\u015flemi yapt\u0131rmay\u0131 d\u00fc\u015f\u00fcn\u00fcyorlard\u0131. Bu tabii ki beni cesaretlendirdi, bu y\u00fczden belgeleri temin ettim, \u0130svi\u00e7re&#8217;de bir \u00f6n muayene yapt\u0131rd\u0131m ve lazer tedavisi i\u00e7in uygun oldu\u011fum onayland\u0131. Sonras\u0131nda Swisslasik ile bu tedaviyi yapt\u0131rmaya karar verdim. Fiyat da benim i\u00e7in \u00f6nemli bir etkendi. Fiyat\/performans oran\u0131ndan fazlas\u0131yla memnunum. Swisslasik\u2019in profesyonel, h\u0131zl\u0131 ve iyi organize edilmi\u015f hizmetinden \u00e7ok etkilendim; sadece birka\u00e7 g\u00fcn i\u00e7inde t\u00fcm lazer seyahati program\u0131m d\u00fczenlendi. Ayr\u0131ca telefonla yap\u0131lan ki\u015fisel ileti\u015fim de \u00e7ok olumlu oldu. Ba\u015flang\u0131\u00e7tan itibaren \u015firkete g\u00fcvenebildim. \u00dc\u00e7 g\u00fcn boyunca \u00e7ok iyi bir \u015fekilde ilgilenildim. Her zaman yan\u0131mda olan ve her \u015feyi \u00e7evirecek, bana yard\u0131mc\u0131 olacak birisinin olmas\u0131 ger\u00e7ekten \u00e7ok rahatlat\u0131c\u0131yd\u0131. Bu \u00fc\u00e7 g\u00fcnl\u00fck seyahati yaln\u0131z ba\u015f\u0131ma ger\u00e7ekle\u015ftirdim ve Swisslasik, tek ba\u015f\u0131na bu s\u00fcreci y\u00f6netmek i\u00e7in her \u015feyi d\u00fczenlemi\u015fti. U\u00e7u\u015f ve otel organizasyonu olduk\u00e7a d\u00fczg\u00fcn bir \u015fekilde ger\u00e7ekle\u015ftirildi. Yaln\u0131zca oteldeki ula\u015f\u0131m konusunda var olan bir yanl\u0131\u015f anla\u015f\u0131lma nedeniyle bir taksiye binmek zorunda kald\u0131m, ancak ertesi g\u00fcn bu \u00fccret bana geri \u00f6dendi. Klinik ger\u00e7ekten \u00e7ok modern ve profesyonel bir izlenim b\u0131rakt\u0131. Doktorlar ne yapt\u0131klar\u0131n\u0131 \u00e7ok iyi biliyor ve kendinizi g\u00fcvende hissediyorsunuz. Ger\u00e7ekten ilgileniyorlar ve her \u015fey \u00e7ok iyi organize edilmi\u015f. Ayr\u0131ca, yan\u0131nda Almanca konu\u015fan birinin olmas\u0131 \u00e7ok g\u00fczel bir detayd\u0131. Doktorlar da \u00e7ok profesyonel g\u00f6r\u00fcn\u00fcyordu. Ameliyat \u00f6ncesinde ger\u00e7ekten tuhaf bir hissim vard\u0131. \u00c7\u00fcnk\u00fc bu s\u0131radan bir i\u015flem de\u011fildi, g\u00f6zlerime yap\u0131lacak bir i\u015flemdi. \u00c7ok gergindim. \u0130\u015flem \u00e7ok h\u0131zl\u0131 bir \u015fekilde tamamland\u0131 ve koruyucu g\u00f6zl\u00fckle dinlenme odas\u0131nda ilk kontrol\u00fcm\u00fc beklerken ger\u00e7ekten rahatlad\u0131m. A\u00e7\u0131k\u00e7as\u0131, biraz \u015f\u00fcpheciydim. Ameliyat sonras\u0131 ilk birka\u00e7 saat g\u00f6zlerim \u00e7ok suland\u0131 ve bunun bir an \u00f6nce ge\u00e7mesini umuyordum. Ancak birka\u00e7 saat sonra sonucun etkisini g\u00f6rmeye ba\u015flad\u0131m \u2013 ger\u00e7ek anlamda g\u00f6rmeye ba\u015flad\u0131m. Ameliyat \u00f6ncesinde neredeyse k\u00f6rd\u00fcm, sadece birka\u00e7 santimetre uza\u011fa bakabiliyordum. \u015eimdi g\u00f6zl\u00fcks\u00fcz olarak her \u015feyi net bir \u015fekilde g\u00f6rebiliyordum. Harika, sonu\u00e7tan \u00e7ok memnunum! \u00d6nceki rapor Sonraki rapor<\/p>\n","protected":false},"author":4,"featured_media":0,"parent":3695,"menu_order":0,"comment_status":"closed","ping_status":"closed","template":"","meta":{"_joinchat":[],"footnotes":""},"class_list":["post-3746","page","type-page","status-publish","hentry"],"acf":[],"_links":{"self":[{"href":"https:\/\/swisslasik.ch\/tr\/wp-json\/wp\/v2\/pages\/3746","targetHints":{"allow":["GET"]}}],"collection":[{"href":"https:\/\/swisslasik.ch\/tr\/wp-json\/wp\/v2\/pages"}],"about":[{"href":"https:\/\/swisslasik.ch\/tr\/wp-json\/wp\/v2\/types\/page"}],"author":[{"embeddable":true,"href":"https:\/\/swisslasik.ch\/tr\/wp-json\/wp\/v2\/users\/4"}],"replies":[{"embeddable":true,"href":"https:\/\/swisslasik.ch\/tr\/wp-json\/wp\/v2\/comments?post=3746"}],"version-history":[{"count":2,"href":"https:\/\/swisslasik.ch\/tr\/wp-json\/wp\/v2\/pages\/3746\/revisions"}],"predecessor-version":[{"id":4731,"href":"https:\/\/swisslasik.ch\/tr\/wp-json\/wp\/v2\/pages\/3746\/revisions\/4731"}],"up":[{"embeddable":true,"href":"https:\/\/swisslasik.ch\/tr\/wp-json\/wp\/v2\/pages\/3695"}],"wp:attachment":[{"href":"https:\/\/swisslasik.ch\/tr\/wp-json\/wp\/v2\/media?parent=3746"}],"curies":[{"name":"wp","href":"https:\/\/api.w.org\/{rel}","templated":true}]}}