{"id":3748,"date":"2025-09-24T12:20:26","date_gmt":"2025-09-24T11:20:26","guid":{"rendered":"https:\/\/swisslasik.ch\/patientenberichte-augenlasern-erfahrungen\/dita-cecchinin-11-eyluel-2012de-istanbulda-goez-ameliyati-gerceklestiren-goeruesue-26-ekim-2012-cuma-tarihli-rapor\/"},"modified":"2026-01-14T18:19:07","modified_gmt":"2026-01-14T17:19:07","slug":"dita-cecchinin-11-eyluel-2012de-istanbulda-goez-ameliyati-gerceklestiren-goeruesue-26-ekim-2012-cuma-tarihli-rapor","status":"publish","type":"page","link":"https:\/\/swisslasik.ch\/tr\/patientenberichte-augenlasern-erfahrungen\/dita-cecchinin-11-eyluel-2012de-istanbulda-goez-ameliyati-gerceklestiren-goeruesue-26-ekim-2012-cuma-tarihli-rapor\/","title":{"rendered":"Dita Cecchin&#8217;in (11 Eyl\u00fcl 2012&#8217;de \u0130stanbul&#8217;da g\u00f6z ameliyat\u0131 ger\u00e7ekle\u015ftiren) g\u00f6r\u00fc\u015f\u00fc \u2013 26 Ekim 2012 Cuma tarihli rapor"},"content":{"rendered":"\n<h3 class=\"wp-block-heading\">Dita Cecchin&#8217;in (11 Eyl\u00fcl 2012&#8217;de \u0130stanbul&#8217;da g\u00f6z ameliyat\u0131 ger\u00e7ekle\u015ftiren) g\u00f6r\u00fc\u015f\u00fc \u2013 26 Ekim 2012 Cuma tarihli rapor<\/h3>\n\n\n\n<p>Bottighofen, 24 Ekim 2012<\/p>\n\n\n\n<p><br>Yakla\u015f\u0131k otuz be\u015f y\u0131ld\u0131r g\u00f6zl\u00fck tak\u0131yordum. Gen\u00e7lik y\u0131llar\u0131nda miyoplu\u011fum giderek daha da k\u00f6t\u00fcle\u015fti, ta ki operasyon \u00f6ncesinde 5 ile 5,5 diyoptri aras\u0131nda bir g\u00f6zl\u00fck numaras\u0131na sahip olana kadar. <\/p>\n\n\n\n<p>Elbette, g\u00f6zl\u00fck takmak bir\u00e7ok durumda can s\u0131k\u0131c\u0131yd\u0131, bunu uzun s\u00fcredir g\u00f6zl\u00fck kullanan herkes bilir ;-). \u00d6zel g\u00fcnler i\u00e7in, ayr\u0131ca kayak yaparken, motosiklet s\u00fcrerken, saunada ve teknede kontakt lens tak\u0131yordum \u2013 neyse ki Konstanz G\u00f6l\u00fc k\u0131y\u0131s\u0131nda ya\u015f\u0131yorum\u2026 Ne yaz\u0131k ki, g\u00f6zlerim \u00e7ok \u00e7abuk kuruyordu ve lensleri \u00e7\u0131karmaktan her zaman memnuniyet duyuyordum. Onlars\u0131z, k\u00f6r bir k\u00f6stebek gibiydim.  <\/p>\n\n\n\n<p>Uzun y\u0131llar boyunca lazer g\u00f6z ameliyat\u0131 olmay\u0131 hayal ettim, bir g\u00fcn bunu kar\u015f\u0131layabilecek duruma gelece\u011fimi umdum. Sadece olas\u0131 komplikasyon korkusu beni engelledi. Zaten zay\u0131flam\u0131\u015f olan g\u00f6rme yetimi ameliyatla tehlikeye atmak d\u00fc\u015f\u00fcncesi deh\u015fet vericiydi.  <\/p>\n\n\n\n<p>Aradan birka\u00e7 y\u0131l ge\u00e7ti, bu alandaki t\u0131p \u00f6nemli \u00f6l\u00e7\u00fcde geli\u015fti ve iyile\u015fti ve ben de kararl\u0131l\u0131kla internette ara\u015ft\u0131rmaya ba\u015flad\u0131m. Hem kendi \u00fclkem \u00c7ek Cumhuriyeti&#8217;nde hem de kom\u015fu Almanya&#8217;da arama yapt\u0131m. Sonra SwissLASIK&#8217;e rastlad\u0131m. Web sitelerindeki d\u00fcr\u00fcst ve detayl\u0131 yakla\u015f\u0131m\u0131 be\u011fendim ve ard\u0131ndan Z\u00fcrih&#8217;te d\u00fczenlenecek bir bilgilendirme ak\u015fam\u0131na daveti g\u00f6rd\u00fcm. O anda anlad\u0131m: \u0130\u015fte bu ilgimi \u00e7eken bir \u015fey!    <\/p>\n\n\n\n<p>E\u015fimin de te\u015fvikiyle birlikte, \u00e7ok bilgilendirici ve sofistike bir ak\u015fam ge\u00e7irdim. \u015eirket m\u00fcd\u00fcr\u00fc Say\u0131n Karaa\u011fac\u0131l\u0131&#8217;n\u0131n yetkin ve \u00e7ok dost canl\u0131s\u0131 tavr\u0131 ve g\u00f6z ameliyat\u0131n\u0131 detayl\u0131 bir \u015fekilde a\u00e7\u0131klayan Dr. B. Cosar beni tamamen etkiledi. Bir di\u011fer \u00e7ok olumlu y\u00f6n ise, tek bir saniye bile kendimi bask\u0131 alt\u0131nda hissetmememdi; her \u015fey \u00e7ok rahat ve bilgilendiriciydi. Evet, burada kendimi evimde gibi hissediyorum diye d\u00fc\u015f\u00fcnd\u00fcm! Bu arada, k\u0131sa bir s\u00fcre sonra bir arkada\u015f\u0131m, meslekta\u015f\u0131n\u0131n \u0130stanbul&#8217;daki Swisslasik sayesinde yeni kazand\u0131\u011f\u0131 g\u00f6rme yetene\u011finden ne kadar mutlu oldu\u011funu anlatt\u0131&#8230;    <\/p>\n\n\n\n<p>E\u015fimle birlikte sonbaharda T\u00fcrkiye&#8217;nin g\u00fcney k\u0131y\u0131lar\u0131nda yelkenliyle seyahat etmeyi zaten planl\u0131yorduk, bu y\u00fczden her \u015feyi pratik bir \u015fekilde birle\u015ftirmeye karar verdim: bir hafta harika bir yelken gezisi ve ard\u0131ndan \u0130stanbul&#8217;a u\u00e7up g\u00f6zlerimi lazerle tedavi ettirmek \u2013 ve tabii ki sonunda o \u00fcnl\u00fc \u015fehri tan\u0131mak!<\/p>\n\n\n\n<p>Swisslasik ile ileti\u015fim en ba\u015f\u0131ndan itibaren inan\u0131lmaz derecede kolay ve h\u0131zl\u0131yd\u0131. Tercih etti\u011fim randevu k\u0131sa s\u00fcrede onayland\u0131. Ayr\u0131l\u0131\u015f\u0131mdan k\u0131sa bir s\u00fcre \u00f6nce, t\u00fcm hastalar gibi, ki\u015fisel bilgilerimin, randevular\u0131m\u0131n ve \u0130stanbul&#8217;daki kal\u0131\u015f\u0131m i\u00e7in bir\u00e7ok faydal\u0131 ipucunun yer ald\u0131\u011f\u0131 Swisslasik Pasaportunu ald\u0131m. \u00d6nemli ve gerekli her \u015feyi i\u00e7eren k\u00fc\u00e7\u00fck bir kitap\u00e7\u0131k. Ne harika! Gitmeye haz\u0131rd\u0131m.     <\/p>\n\n\n\n<p>Ger\u00e7ekten muhte\u015fem bir yelken yolculu\u011funun ard\u0131ndan \u0130stanbul&#8217;a vard\u0131m ve ilk g\u00fcn\u00fcmde gelecekteki yol arkada\u015f\u0131m ve terc\u00fcman\u0131m Tolga&#8217;dan bir telefon ald\u0131m. Beni kar\u015f\u0131lad\u0131 ve ameliyat\u0131ma \u00e7ok az bir s\u00fcre kala iyili\u011fimi sordu. \u00c7ok nazikti. Gemide ba\u015fka m\u00fcrettebat \u00fcyeleri de oldu\u011fu i\u00e7in otel rezervasyonumuzu kendimiz yapt\u0131k. Eski \u015fehrin tam kalbinde yer alan Nena Oteli&#8217;ydi. \u015eiddetle tavsiye ederim. (Kahvalt\u0131 teras\u0131ndan muhte\u015fem manzara unutulmaz.)      <\/p>\n\n\n\n<p>Ertesi g\u00fcn, tam saat 7&#8217;de, hastane servisi beni ald\u0131. Vard\u0131\u011f\u0131mda, muhte\u015fem, modern, kusursuz derecede temiz ve bak\u0131ml\u0131 hastaneyle tamamen \u015fa\u015f\u0131rd\u0131m! Bu kadar y\u00fcksek bir standart beklemiyordum. \u00c7ok iyi hissettirdi.   <\/p>\n\n\n\n<p>\u0130svi\u00e7re&#8217;de kapsaml\u0131 \u00f6n muayene yapt\u0131rmad\u0131m \u00e7\u00fcnk\u00fc g\u00f6z doktorum bir s\u00fcre \u00f6nce g\u00f6zlerimin lazer ameliyat\u0131 i\u00e7in uygun oldu\u011funu belirtmi\u015fti ve neyse ki bu, Ac\u0131badem Klini\u011fi&#8217;ndeki \u00f6n muayene s\u0131ras\u0131nda da do\u011fruland\u0131. Terc\u00fcman\u0131m Bay Tolga beni lobiden ald\u0131\u011f\u0131 andan itibaren, t\u00fcm s\u00fcre\u00e7 boyunca ger\u00e7ekten her an yan\u0131mda oldu. \u00c7ok nazik ve etkili bir organizat\u00f6r olan Bay Tolga, bu yabanc\u0131 ortamda kendimi \u00e7ok sakin ve g\u00fcvende hissetmemi sa\u011flad\u0131.  <\/p>\n\n\n\n<p>T\u00fcm test sonu\u00e7lar\u0131m\u0131n iyi \u00e7\u0131kmas\u0131 ve hatta ayn\u0131 g\u00fcn \u00f6\u011flen saatlerinde ameliyat olabilmem b\u00fcy\u00fck bir \u015fanst\u0131. Z\u00fcrih&#8217;teki bilgilendirme ak\u015fam\u0131nda zaten tan\u0131d\u0131\u011f\u0131m Dr. Banu Cosar taraf\u0131ndan ameliyat edildi\u011fim i\u00e7in tamamen rahatt\u0131m. Orada da onun pozitif ve s\u0131cak tavr\u0131n\u0131 takdir etmi\u015ftim. Her \u015fey \u00f6nceden bana \u00e7ok detayl\u0131 bir \u015fekilde anlat\u0131ld\u0131 ve gerekti\u011finde \u0130ngilizceden Almancaya \u00e7evrildi. Hatta i\u015flem ba\u015flamadan \u00f6nce k\u00fc\u00e7\u00fck, modern ve tamamen tertemiz ameliyat odas\u0131n\u0131 bile g\u00f6rme f\u0131rsat\u0131m oldu. G\u00f6zlerim herhangi bir enjeksiyon yap\u0131lmadan, damlalarla lokal anestezi alt\u0131na al\u0131nd\u0131.     <\/p>\n\n\n\n<p>Operasyon \u00e7ok h\u0131zl\u0131 ge\u00e7ti (toplamda \u00e7eyrek saat), t\u00fcm ameliyat ekibinin profesyonel ve hassas \u00e7al\u0131\u015fmas\u0131 hemen fark ediliyordu. G\u00f6z kapa\u011f\u0131 tutucusunun yerle\u015ftirilmesi, d\u00fc\u015f\u00fcnd\u00fc\u011f\u00fcm kadar rahats\u0131z edici de\u011fildi. Burada da, yan\u0131mda ameliyat masas\u0131nda durarak bana rehberlik eden refakat\u00e7imin talimatlar\u0131 \u00e7ok de\u011ferli oldu. Her bir g\u00f6z i\u00e7in lazer i\u015flemi inan\u0131lmaz derecede k\u0131sa s\u00fcrd\u00fc: tahminen yirmi saniye kadar. Bu ger\u00e7ekten dayan\u0131labilir bir \u015feydi! Hi\u00e7bir ac\u0131 hissetmedim, sadece &#8220;garip&#8221; bir his vard\u0131. G\u00f6z s\u00fcrekli olarak rahat bir \u015fekilde nemli tutuldu. Hemen ard\u0131ndan kalk\u0131p dinlenme odas\u0131na ge\u00e7ebildim: o an, hafif bir sisin ard\u0131nda bile net bir \u015fekilde g\u00f6rebiliyordum! Ne harika bir duygu! G\u00f6zlerim sadece hafif\u00e7e (ve \u00e7ok uzun s\u00fcre de\u011fil) yand\u0131 ve suland\u0131. Yar\u0131m saat sonra ilk kontrol i\u00e7in gidildi: her \u015fey yolunda gitti. Haz\u0131rlanan taksiyle otele d\u00f6nd\u00fcm ve rahatlay\u0131p dinlenebildim. Koruyucu g\u00f6zl\u00fckle, yolculuk s\u0131ras\u0131nda ne kadar iyi g\u00f6rmeye ba\u015flad\u0131\u011f\u0131m\u0131 hayretle izledim. Otelde ilk g\u00f6z damlalar\u0131n\u0131 damlatt\u0131m ve rahat bir \u015fekilde uyudum&#8230;             <\/p>\n\n\n\n<p>\u00dc\u00e7 saatlik uykudan sonra kendimi bamba\u015fka biri gibi hissettim\u2026 Hi\u00e7bir \u015fikayetim yok, g\u00f6rebilen YEN\u0130 G\u00d6ZLER\u0130M var!!! Bu kadar kolay olaca\u011f\u0131n\u0131 hi\u00e7 d\u00fc\u015f\u00fcnmemi\u015ftim. Ak\u015fam, tabii ki koruyucu g\u00f6zl\u00fcklerimi takarak, g\u00fczel bir ak\u015fam yeme\u011fi i\u00e7in \u0130stanbul gecesine \u00e7\u0131kt\u0131m.<\/p>\n\n\n\n<p>Yar\u0131n sabah ilk i\u015f olarak servis arac\u0131yla klini\u011fe geri g\u00f6t\u00fcr\u00fcld\u00fcm. Sol g\u00f6z\u00fcm m\u00fckemmeldi, ancak sa\u011f g\u00f6z\u00fcmde hafif bir alerjik reaksiyon (a\u011fr\u0131s\u0131z) olmu\u015ftu ve sol g\u00f6z\u00fcme k\u0131yasla biraz fark g\u00f6rebiliyordum. Dr. Cosar bunun bazen olabilece\u011fini ve sadece sab\u0131rl\u0131 olmam gerekti\u011fini s\u00f6yledi. Beynim de bunu telafi edecek. Bunun d\u0131\u015f\u0131nda, sonu\u00e7lar ger\u00e7ekten \u00e7ok iyiydi. Yak\u0131nda buradaki g\u00f6z doktorumla bir kontrol randevusu planl\u0131yorum.     <\/p>\n\n\n\n<p>Sonraki iki g\u00fcn boyunca \u0130stanbul&#8217;un muhte\u015fem \u015fehrinin tad\u0131n\u0131 doyas\u0131ya \u00e7\u0131karabildik. G\u00f6rebilecekleriniz ve deneyimleyebilecekleriniz inan\u0131lmaz. Camiler, parklar, hareketli tekne trafi\u011fiyle Bo\u011faz, insanlar\u0131n misafirperverli\u011fi, harika restoranlar ve \u00e7ay evleri, \u00e7ar\u015f\u0131lar\u2026 Ameliyat ve unutulmaz bir deneyimin e\u015fsiz birle\u015fimi. \u0130stanbul, geri d\u00f6nece\u011fim!   <br>H\u00e2l\u00e2 korkan veya cesareti olmayan herkese d\u00fcr\u00fcst\u00e7e \u015funu s\u00f6yleyebilirim: Deneyin, pi\u015fman olmayacaks\u0131n\u0131z! \u00dcstelik harika bir fiyata. Yeni g\u00f6zlerimle her g\u00fcn\u00fcn tad\u0131n\u0131 \u00e7\u0131kar\u0131yorum ve bu yeni ya\u015fam kalitesi i\u00e7in Swisslasik ekibine y\u00fcrekten te\u015fekk\u00fcr ediyorum!!!  <\/p>\n\n\n\n<div class=\"wp-block-group is-layout-grid wp-container-core-group-is-layout-baef362d wp-block-group-is-layout-grid\">\n<p><a href=\"https:\/\/medicaltravel.at\/home\/agb\/\" data-type=\"page\" data-id=\"2191\" rel=\"nofollow noopener\" target=\"_blank\"><\/a><a href=\"https:\/\/swisslasik.ch\/tr\/patientenberichte-augenlasern-erfahrungen\/muekemmel-bakim-organizasyon-harika-bir-hastane-ve-tabii-ki-fiyati-6-kasim-2012-sali-tarihli-rapor\/\" data-type=\"link\" data-id=\"https:\/\/swisslasik.ch\/augenlasern-lasik-erfahrungen\/betreuung-organisation-sensationelles-spital-und-naturlich-der-preis-bericht-vom-dienstag-06-november-2012\/\">\u00d6nceki rapor<\/a><\/p>\n\n\n\n<p class=\"has-text-align-right wp-container-content-5e2576f9\"><a href=\"https:\/\/medicaltravel.at\/home\/impressum\/\" data-type=\"page\" data-id=\"2193\" rel=\"nofollow noopener\" target=\"_blank\"><\/a><a href=\"https:\/\/medicaltravel.at\/home\/berichte-von-patienten\/erfahrungsberichte\/erfahrungsbericht-zahnbehandlung-in-istanbul\/\" data-type=\"page\" data-id=\"981\" rel=\"nofollow noopener\" target=\"_blank\"><\/a><a href=\"https:\/\/swisslasik.ch\/tr\/patientenberichte-augenlasern-erfahrungen\/istanbul-tatili-ve-250-ml-silikon-implantlarla-meme-bueyuetme-ameliyati-15-ekim-2012-pazartesi-tarihli-haber\/\" data-type=\"link\" data-id=\"https:\/\/swisslasik.ch\/tr\/patientenberichte-augenlasern-erfahrungen\/istanbul-tatili-ve-250-ml-silikon-implantlarla-meme-bueyuetme-ameliyati-15-ekim-2012-pazartesi-tarihli-haber\/\">Sonraki rapor<\/a><\/p>\n<\/div>\n","protected":false},"excerpt":{"rendered":"<p>Dita Cecchin&#8217;in (11 Eyl\u00fcl 2012&#8217;de \u0130stanbul&#8217;da g\u00f6z ameliyat\u0131 ger\u00e7ekle\u015ftiren) g\u00f6r\u00fc\u015f\u00fc \u2013 26 Ekim 2012 Cuma tarihli rapor Bottighofen, 24 Ekim 2012 Yakla\u015f\u0131k otuz be\u015f y\u0131ld\u0131r g\u00f6zl\u00fck tak\u0131yordum. Gen\u00e7lik y\u0131llar\u0131nda miyoplu\u011fum giderek daha da k\u00f6t\u00fcle\u015fti, ta ki operasyon \u00f6ncesinde 5 ile 5,5 diyoptri aras\u0131nda bir g\u00f6zl\u00fck numaras\u0131na sahip olana kadar. Elbette, g\u00f6zl\u00fck takmak bir\u00e7ok durumda can s\u0131k\u0131c\u0131yd\u0131, bunu uzun s\u00fcredir g\u00f6zl\u00fck kullanan herkes bilir ;-). \u00d6zel g\u00fcnler i\u00e7in, ayr\u0131ca kayak yaparken, motosiklet s\u00fcrerken, saunada ve teknede kontakt lens tak\u0131yordum \u2013 neyse ki Konstanz G\u00f6l\u00fc k\u0131y\u0131s\u0131nda ya\u015f\u0131yorum\u2026 Ne yaz\u0131k ki, g\u00f6zlerim \u00e7ok \u00e7abuk kuruyordu ve lensleri \u00e7\u0131karmaktan her zaman memnuniyet duyuyordum. Onlars\u0131z, k\u00f6r bir k\u00f6stebek gibiydim. Uzun y\u0131llar boyunca lazer g\u00f6z ameliyat\u0131 olmay\u0131 hayal ettim, bir g\u00fcn bunu kar\u015f\u0131layabilecek duruma gelece\u011fimi umdum. Sadece olas\u0131 komplikasyon korkusu beni engelledi. Zaten zay\u0131flam\u0131\u015f olan g\u00f6rme yetimi ameliyatla tehlikeye atmak d\u00fc\u015f\u00fcncesi deh\u015fet vericiydi. Aradan birka\u00e7 y\u0131l ge\u00e7ti, bu alandaki t\u0131p \u00f6nemli \u00f6l\u00e7\u00fcde geli\u015fti ve iyile\u015fti ve ben de kararl\u0131l\u0131kla internette ara\u015ft\u0131rmaya ba\u015flad\u0131m. Hem kendi \u00fclkem \u00c7ek Cumhuriyeti&#8217;nde hem de kom\u015fu Almanya&#8217;da arama yapt\u0131m. Sonra SwissLASIK&#8217;e rastlad\u0131m. Web sitelerindeki d\u00fcr\u00fcst ve detayl\u0131 yakla\u015f\u0131m\u0131 be\u011fendim ve ard\u0131ndan Z\u00fcrih&#8217;te d\u00fczenlenecek bir bilgilendirme ak\u015fam\u0131na daveti g\u00f6rd\u00fcm. O anda anlad\u0131m: \u0130\u015fte bu ilgimi \u00e7eken bir \u015fey! E\u015fimin de te\u015fvikiyle birlikte, \u00e7ok bilgilendirici ve sofistike bir ak\u015fam ge\u00e7irdim. \u015eirket m\u00fcd\u00fcr\u00fc Say\u0131n Karaa\u011fac\u0131l\u0131&#8217;n\u0131n yetkin ve \u00e7ok dost canl\u0131s\u0131 tavr\u0131 ve g\u00f6z ameliyat\u0131n\u0131 detayl\u0131 bir \u015fekilde a\u00e7\u0131klayan Dr. B. Cosar beni tamamen etkiledi. Bir di\u011fer \u00e7ok olumlu y\u00f6n ise, tek bir saniye bile kendimi bask\u0131 alt\u0131nda hissetmememdi; her \u015fey \u00e7ok rahat ve bilgilendiriciydi. Evet, burada kendimi evimde gibi hissediyorum diye d\u00fc\u015f\u00fcnd\u00fcm! Bu arada, k\u0131sa bir s\u00fcre sonra bir arkada\u015f\u0131m, meslekta\u015f\u0131n\u0131n \u0130stanbul&#8217;daki Swisslasik sayesinde yeni kazand\u0131\u011f\u0131 g\u00f6rme yetene\u011finden ne kadar mutlu oldu\u011funu anlatt\u0131&#8230; E\u015fimle birlikte sonbaharda T\u00fcrkiye&#8217;nin g\u00fcney k\u0131y\u0131lar\u0131nda yelkenliyle seyahat etmeyi zaten planl\u0131yorduk, bu y\u00fczden her \u015feyi pratik bir \u015fekilde birle\u015ftirmeye karar verdim: bir hafta harika bir yelken gezisi ve ard\u0131ndan \u0130stanbul&#8217;a u\u00e7up g\u00f6zlerimi lazerle tedavi ettirmek \u2013 ve tabii ki sonunda o \u00fcnl\u00fc \u015fehri tan\u0131mak! Swisslasik ile ileti\u015fim en ba\u015f\u0131ndan itibaren inan\u0131lmaz derecede kolay ve h\u0131zl\u0131yd\u0131. Tercih etti\u011fim randevu k\u0131sa s\u00fcrede onayland\u0131. Ayr\u0131l\u0131\u015f\u0131mdan k\u0131sa bir s\u00fcre \u00f6nce, t\u00fcm hastalar gibi, ki\u015fisel bilgilerimin, randevular\u0131m\u0131n ve \u0130stanbul&#8217;daki kal\u0131\u015f\u0131m i\u00e7in bir\u00e7ok faydal\u0131 ipucunun yer ald\u0131\u011f\u0131 Swisslasik Pasaportunu ald\u0131m. \u00d6nemli ve gerekli her \u015feyi i\u00e7eren k\u00fc\u00e7\u00fck bir kitap\u00e7\u0131k. Ne harika! Gitmeye haz\u0131rd\u0131m. Ger\u00e7ekten muhte\u015fem bir yelken yolculu\u011funun ard\u0131ndan \u0130stanbul&#8217;a vard\u0131m ve ilk g\u00fcn\u00fcmde gelecekteki yol arkada\u015f\u0131m ve terc\u00fcman\u0131m Tolga&#8217;dan bir telefon ald\u0131m. Beni kar\u015f\u0131lad\u0131 ve ameliyat\u0131ma \u00e7ok az bir s\u00fcre kala iyili\u011fimi sordu. \u00c7ok nazikti. Gemide ba\u015fka m\u00fcrettebat \u00fcyeleri de oldu\u011fu i\u00e7in otel rezervasyonumuzu kendimiz yapt\u0131k. Eski \u015fehrin tam kalbinde yer alan Nena Oteli&#8217;ydi. \u015eiddetle tavsiye ederim. (Kahvalt\u0131 teras\u0131ndan muhte\u015fem manzara unutulmaz.) Ertesi g\u00fcn, tam saat 7&#8217;de, hastane servisi beni ald\u0131. Vard\u0131\u011f\u0131mda, muhte\u015fem, modern, kusursuz derecede temiz ve bak\u0131ml\u0131 hastaneyle tamamen \u015fa\u015f\u0131rd\u0131m! Bu kadar y\u00fcksek bir standart beklemiyordum. \u00c7ok iyi hissettirdi. \u0130svi\u00e7re&#8217;de kapsaml\u0131 \u00f6n muayene yapt\u0131rmad\u0131m \u00e7\u00fcnk\u00fc g\u00f6z doktorum bir s\u00fcre \u00f6nce g\u00f6zlerimin lazer ameliyat\u0131 i\u00e7in uygun oldu\u011funu belirtmi\u015fti ve neyse ki bu, Ac\u0131badem Klini\u011fi&#8217;ndeki \u00f6n muayene s\u0131ras\u0131nda da do\u011fruland\u0131. Terc\u00fcman\u0131m Bay Tolga beni lobiden ald\u0131\u011f\u0131 andan itibaren, t\u00fcm s\u00fcre\u00e7 boyunca ger\u00e7ekten her an yan\u0131mda oldu. \u00c7ok nazik ve etkili bir organizat\u00f6r olan Bay Tolga, bu yabanc\u0131 ortamda kendimi \u00e7ok sakin ve g\u00fcvende hissetmemi sa\u011flad\u0131. T\u00fcm test sonu\u00e7lar\u0131m\u0131n iyi \u00e7\u0131kmas\u0131 ve hatta ayn\u0131 g\u00fcn \u00f6\u011flen saatlerinde ameliyat olabilmem b\u00fcy\u00fck bir \u015fanst\u0131. Z\u00fcrih&#8217;teki bilgilendirme ak\u015fam\u0131nda zaten tan\u0131d\u0131\u011f\u0131m Dr. Banu Cosar taraf\u0131ndan ameliyat edildi\u011fim i\u00e7in tamamen rahatt\u0131m. Orada da onun pozitif ve s\u0131cak tavr\u0131n\u0131 takdir etmi\u015ftim. Her \u015fey \u00f6nceden bana \u00e7ok detayl\u0131 bir \u015fekilde anlat\u0131ld\u0131 ve gerekti\u011finde \u0130ngilizceden Almancaya \u00e7evrildi. Hatta i\u015flem ba\u015flamadan \u00f6nce k\u00fc\u00e7\u00fck, modern ve tamamen tertemiz ameliyat odas\u0131n\u0131 bile g\u00f6rme f\u0131rsat\u0131m oldu. G\u00f6zlerim herhangi bir enjeksiyon yap\u0131lmadan, damlalarla lokal anestezi alt\u0131na al\u0131nd\u0131. Operasyon \u00e7ok h\u0131zl\u0131 ge\u00e7ti (toplamda \u00e7eyrek saat), t\u00fcm ameliyat ekibinin profesyonel ve hassas \u00e7al\u0131\u015fmas\u0131 hemen fark ediliyordu. G\u00f6z kapa\u011f\u0131 tutucusunun yerle\u015ftirilmesi, d\u00fc\u015f\u00fcnd\u00fc\u011f\u00fcm kadar rahats\u0131z edici de\u011fildi. Burada da, yan\u0131mda ameliyat masas\u0131nda durarak bana rehberlik eden refakat\u00e7imin talimatlar\u0131 \u00e7ok de\u011ferli oldu. Her bir g\u00f6z i\u00e7in lazer i\u015flemi inan\u0131lmaz derecede k\u0131sa s\u00fcrd\u00fc: tahminen yirmi saniye kadar. Bu ger\u00e7ekten dayan\u0131labilir bir \u015feydi! Hi\u00e7bir ac\u0131 hissetmedim, sadece &#8220;garip&#8221; bir his vard\u0131. G\u00f6z s\u00fcrekli olarak rahat bir \u015fekilde nemli tutuldu. Hemen ard\u0131ndan kalk\u0131p dinlenme odas\u0131na ge\u00e7ebildim: o an, hafif bir sisin ard\u0131nda bile net bir \u015fekilde g\u00f6rebiliyordum! Ne harika bir duygu! G\u00f6zlerim sadece hafif\u00e7e (ve \u00e7ok uzun s\u00fcre de\u011fil) yand\u0131 ve suland\u0131. Yar\u0131m saat sonra ilk kontrol i\u00e7in gidildi: her \u015fey yolunda gitti. Haz\u0131rlanan taksiyle otele d\u00f6nd\u00fcm ve rahatlay\u0131p dinlenebildim. Koruyucu g\u00f6zl\u00fckle, yolculuk s\u0131ras\u0131nda ne kadar iyi g\u00f6rmeye ba\u015flad\u0131\u011f\u0131m\u0131 hayretle izledim. Otelde ilk g\u00f6z damlalar\u0131n\u0131 damlatt\u0131m ve rahat bir \u015fekilde uyudum&#8230; \u00dc\u00e7 saatlik uykudan sonra kendimi bamba\u015fka biri gibi hissettim\u2026 Hi\u00e7bir \u015fikayetim yok, g\u00f6rebilen YEN\u0130 G\u00d6ZLER\u0130M var!!! Bu kadar kolay olaca\u011f\u0131n\u0131 hi\u00e7 d\u00fc\u015f\u00fcnmemi\u015ftim. Ak\u015fam, tabii ki koruyucu g\u00f6zl\u00fcklerimi takarak, g\u00fczel bir ak\u015fam yeme\u011fi i\u00e7in \u0130stanbul gecesine \u00e7\u0131kt\u0131m. Yar\u0131n sabah ilk i\u015f olarak servis arac\u0131yla klini\u011fe geri g\u00f6t\u00fcr\u00fcld\u00fcm. Sol g\u00f6z\u00fcm m\u00fckemmeldi, ancak sa\u011f g\u00f6z\u00fcmde hafif bir alerjik reaksiyon (a\u011fr\u0131s\u0131z) olmu\u015ftu ve sol g\u00f6z\u00fcme k\u0131yasla biraz fark g\u00f6rebiliyordum. Dr. Cosar bunun bazen olabilece\u011fini ve sadece sab\u0131rl\u0131 olmam gerekti\u011fini s\u00f6yledi. Beynim de bunu telafi edecek. Bunun d\u0131\u015f\u0131nda, sonu\u00e7lar ger\u00e7ekten \u00e7ok iyiydi. Yak\u0131nda buradaki g\u00f6z doktorumla bir kontrol randevusu planl\u0131yorum. Sonraki iki g\u00fcn boyunca \u0130stanbul&#8217;un muhte\u015fem \u015fehrinin tad\u0131n\u0131 doyas\u0131ya \u00e7\u0131karabildik. G\u00f6rebilecekleriniz ve deneyimleyebilecekleriniz inan\u0131lmaz. Camiler, parklar, hareketli tekne trafi\u011fiyle Bo\u011faz, insanlar\u0131n misafirperverli\u011fi, harika restoranlar ve \u00e7ay evleri, \u00e7ar\u015f\u0131lar\u2026 Ameliyat ve unutulmaz bir deneyimin e\u015fsiz birle\u015fimi. \u0130stanbul, geri d\u00f6nece\u011fim! H\u00e2l\u00e2 korkan veya cesareti olmayan herkese d\u00fcr\u00fcst\u00e7e \u015funu s\u00f6yleyebilirim: Deneyin, pi\u015fman olmayacaks\u0131n\u0131z! \u00dcstelik harika bir fiyata. Yeni g\u00f6zlerimle her g\u00fcn\u00fcn tad\u0131n\u0131 \u00e7\u0131kar\u0131yorum ve bu yeni ya\u015fam kalitesi i\u00e7in Swisslasik ekibine y\u00fcrekten te\u015fekk\u00fcr ediyorum!!! \u00d6nceki rapor Sonraki rapor<\/p>\n","protected":false},"author":4,"featured_media":0,"parent":3695,"menu_order":0,"comment_status":"closed","ping_status":"closed","template":"","meta":{"_joinchat":[],"footnotes":""},"class_list":["post-3748","page","type-page","status-publish","hentry"],"acf":[],"_links":{"self":[{"href":"https:\/\/swisslasik.ch\/tr\/wp-json\/wp\/v2\/pages\/3748","targetHints":{"allow":["GET"]}}],"collection":[{"href":"https:\/\/swisslasik.ch\/tr\/wp-json\/wp\/v2\/pages"}],"about":[{"href":"https:\/\/swisslasik.ch\/tr\/wp-json\/wp\/v2\/types\/page"}],"author":[{"embeddable":true,"href":"https:\/\/swisslasik.ch\/tr\/wp-json\/wp\/v2\/users\/4"}],"replies":[{"embeddable":true,"href":"https:\/\/swisslasik.ch\/tr\/wp-json\/wp\/v2\/comments?post=3748"}],"version-history":[{"count":2,"href":"https:\/\/swisslasik.ch\/tr\/wp-json\/wp\/v2\/pages\/3748\/revisions"}],"predecessor-version":[{"id":4738,"href":"https:\/\/swisslasik.ch\/tr\/wp-json\/wp\/v2\/pages\/3748\/revisions\/4738"}],"up":[{"embeddable":true,"href":"https:\/\/swisslasik.ch\/tr\/wp-json\/wp\/v2\/pages\/3695"}],"wp:attachment":[{"href":"https:\/\/swisslasik.ch\/tr\/wp-json\/wp\/v2\/media?parent=3748"}],"curies":[{"name":"wp","href":"https:\/\/api.w.org\/{rel}","templated":true}]}}