{"id":3750,"date":"2025-09-24T12:18:45","date_gmt":"2025-09-24T11:18:45","guid":{"rendered":"https:\/\/swisslasik.ch\/patientenberichte-augenlasern-erfahrungen\/istanbulda-supracor-ile-yaptirdigim-lazer-tedavisine-dair-deneyim-raporum-19-aralik-2012-carsamba-tarihli-rapor\/"},"modified":"2026-01-14T18:17:24","modified_gmt":"2026-01-14T17:17:24","slug":"istanbulda-supracor-ile-yaptirdigim-lazer-tedavisine-dair-deneyim-raporum-19-aralik-2012-carsamba-tarihli-rapor","status":"publish","type":"page","link":"https:\/\/swisslasik.ch\/tr\/patientenberichte-augenlasern-erfahrungen\/istanbulda-supracor-ile-yaptirdigim-lazer-tedavisine-dair-deneyim-raporum-19-aralik-2012-carsamba-tarihli-rapor\/","title":{"rendered":"\u0130stanbul&#8217;da Supracor ile yapt\u0131rd\u0131\u011f\u0131m lazer tedavisine dair deneyim raporum \u2013 19 Aral\u0131k 2012 \u00c7ar\u015famba tarihli rapor."},"content":{"rendered":"\n<h3 class=\"wp-block-heading\">\u0130stanbul&#8217;da Supracor ile yapt\u0131rd\u0131\u011f\u0131m lazer tedavisine dair deneyim raporum \u2013 19 Aral\u0131k 2012 \u00c7ar\u015famba tarihli rapor.<\/h3>\n\n\n\n<p>22-25 Ekim 2012 tarihlerinde \u0130stanbul\u2019da lazer tedavisi i\u00e7in bulundum. Art\u0131k okumak i\u00e7in s\u0131k s\u0131k okuma g\u00f6zl\u00fc\u011f\u00fcne ba\u015fvurmak zorunda kalmam ve bir i\u015f arkada\u015f\u0131m\u0131n olumlu deneyimi, bu ad\u0131m\u0131 atmam\u0131 sa\u011flad\u0131. Z\u00fcrich\u2019teki tatil fuar\u0131nda ve internette SwissLasik\u2019in teklifleri dikkatimi \u00e7ekti. Z\u00fcrich\u2019te yap\u0131lan bir \u00f6n muayene sonras\u0131nda, tedavi i\u00e7in \u0130stanbul\u2019a u\u00e7maya karar verdim. Seyahat organizasyonu ve randevu planlamas\u0131 \u00e7ok profesyonel ve h\u0131zl\u0131yd\u0131. SwissLasik kart\u0131 \u00e7ok faydal\u0131 oldu; bir yandan check-in s\u0131ras\u0131nda yard\u0131mc\u0131 oldu, di\u011fer yandan seyahatin \u00f6nemli noktalar\u0131 (hastane randevular\u0131, takip muayeneleri, \u0130stanbul\u2019daki gezilecek yerler vb.) hakk\u0131nda \u00f6nceden d\u00fc\u015f\u00fcnmemi sa\u011flad\u0131. \u00c7ok rahat bir u\u00e7u\u015fun ard\u0131ndan pazartesi \u00f6\u011fleden sonra \u0130stanbul\u2019a vard\u0131m. Ard\u0131ndan Levent Otel\u2019e transfer oldum, otel olduk\u00e7a temizdi ve gerekli konforu sunuyordu. Ertesi g\u00fcn sabah otelden tam zaman\u0131nda al\u0131nd\u0131m ve Ac\u0131badem Hastanesi\u2019nde Almanca konu\u015fan refakat\u00e7im beni bekliyordu. Sabah boyunca, her biri benim i\u00e7in \u00e7ok ayr\u0131nt\u0131l\u0131 olan bir dizi muayene yap\u0131ld\u0131 ve her zaman &#8220;terc\u00fcman\u0131m&#8221; e\u015fli\u011finde i\u015flem yap\u0131ld\u0131. Muayene sonunda, operasyonu yapacak doktorla bir g\u00f6r\u00fc\u015fme ger\u00e7ekle\u015ftirdim. Doktor, yeni bir y\u00f6ntem olan Supracor y\u00f6ntemini \u00f6nerdi (g\u00f6zler farkl\u0131 \u015fekilde lazerle tedavi edilerek, hem yak\u0131n hem de uzak g\u00f6rme d\u00fczeltiliyor). Bu y\u00f6ntem hakk\u0131nda \u00f6nceden duymu\u015ftum ve doktor g\u00f6zlerimi uygun olarak de\u011ferlendirince bu y\u00f6ntemi se\u00e7meye karar verdim. Ayn\u0131 g\u00fcn (sal\u0131) g\u00f6zlerim lazerle tedavi edildi, i\u015flem ger\u00e7ekten \u015fa\u015f\u0131rt\u0131c\u0131 derecede h\u0131zl\u0131yd\u0131 (her iki g\u00f6z i\u00e7in yakla\u015f\u0131k 7 dakika) ve hi\u00e7bir a\u011fr\u0131 hissetmedim. Ameliyat sonras\u0131 bana koruyucu g\u00f6zl\u00fck verildi ve g\u00f6z damlalar\u0131 ile ilgili hem s\u00f6zl\u00fc hem de yaz\u0131l\u0131 olarak bilgilendirildim. Ard\u0131ndan otele transfer oldum ve birka\u00e7 saat dinlenme\/g\u00f6lgelik gerekiyordu. Ak\u015fam, g\u00fcne\u015f g\u00f6zl\u00fc\u011f\u00fcm\u00fc takarak otele \u00e7\u0131k\u0131p biraz y\u00fcr\u00fcy\u00fc\u015f yapabildim. \u00c7ar\u015famba sabah\u0131, otelde kahvalt\u0131 sonras\u0131 al\u0131nd\u0131m ve ilk kontrol muayenesi yap\u0131ld\u0131. \u00c7ok iyi uyudum ve g\u00f6rme keskinli\u011fimde belirgin bir iyile\u015fme vard\u0131, bu da bana olduk\u00e7a iyi bir his verdi. Ac\u0131badem G\u00f6z Klini\u011fi\u2019nde tekrar refakat\u00e7im taraf\u0131ndan kar\u015f\u0131land\u0131m ve kapsaml\u0131 bir takip muayenesi yap\u0131ld\u0131, hi\u00e7bir problem g\u00f6z\u00fckmedi. \u00d6\u011fle saatlerinde otele geri g\u00f6t\u00fcr\u00fcld\u00fcm ve k\u0131sa bir dinlenme sonras\u0131, al\u0131\u015fveri\u015f yaparak ve \u0130stanbul\u2019daki en y\u00fcksek bina olan Blue-Sapphire g\u00f6kdelenini gezerek \u015fehir turu yapt\u0131m. G\u00f6rme keskinli\u011fimdeki belirgin iyile\u015fmeyi \u00e7ok h\u0131zl\u0131 bir \u015fekilde fark ettim ve bunun hi\u00e7bir a\u011fr\u0131 olmadan ger\u00e7ekle\u015fmesi ger\u00e7ekten \u015fa\u015f\u0131rt\u0131c\u0131yd\u0131. Per\u015fembe \u00f6\u011fleden sonra, Levent Otel\u2019den al\u0131nd\u0131m ve havaalan\u0131na transfer oldum, d\u00f6n\u00fc\u015f yolculu\u011fum ba\u015flad\u0131. \u0130stanbul\u2019daki a\u015f\u0131r\u0131 trafik yo\u011funlu\u011funa ra\u011fmen, otelden havaalan\u0131na yap\u0131lan t\u00fcm transferler zaman\u0131nda, hatta biraz erken ger\u00e7ekle\u015fti, bu da ger\u00e7ekten takdir edilesiydi. H\u0131zl\u0131 bir check-in i\u015fleminin ard\u0131ndan, evime d\u00f6nerken konforlu bir u\u00e7u\u015f ve g\u00fcler y\u00fczl\u00fc u\u00e7u\u015f personeli ile yolculuk yapt\u0131m. Sonu\u00e7 olarak, deneyimim \u00e7ok olumlu ge\u00e7ti ve SwissLasik\u2019i kesinlikle tavsiye ediyorum. Supracor tedavisi benim i\u00e7in \u00e7ok etkili oldu ve doktorlar ile t\u00fcm hastane personeli ger\u00e7ekten \u00e7ok profesyoneldi. Hastanede terc\u00fcman\u0131n deste\u011fi eksiksizdi, hatta tedavi s\u0131ras\u0131nda bile yan\u0131mdayd\u0131.<br>Martin Waser<br>Tannstrasse 2<br>8307 Effretikon<\/p>\n\n\n\n<div class=\"wp-block-group is-layout-grid wp-container-core-group-is-layout-baef362d wp-block-group-is-layout-grid\">\n<p><a href=\"https:\/\/medicaltravel.at\/home\/agb\/\" data-type=\"page\" data-id=\"2191\" rel=\"nofollow noopener\" target=\"_blank\"><\/a><a href=\"https:\/\/swisslasik.ch\/tr\/patientenberichte-augenlasern-erfahrungen\/istanbuldaki-lasik-deneyimim-24-aralik-2012-pazartesi-tarihli-rapor\/\" data-type=\"link\" data-id=\"https:\/\/swisslasik.ch\/tr\/patientenberichte-augenlasern-erfahrungen\/istanbuldaki-lasik-deneyimim-24-aralik-2012-pazartesi-tarihli-rapor\/\">\u00d6nceki rapor<\/a><\/p>\n\n\n\n<p class=\"has-text-align-right wp-container-content-5e2576f9\"><a href=\"https:\/\/medicaltravel.at\/home\/impressum\/\" data-type=\"page\" data-id=\"2193\" rel=\"nofollow noopener\" target=\"_blank\"><\/a><a href=\"https:\/\/medicaltravel.at\/home\/berichte-von-patienten\/erfahrungsberichte\/erfahrungsbericht-zahnbehandlung-in-istanbul\/\" data-type=\"page\" data-id=\"981\" rel=\"nofollow noopener\" target=\"_blank\"><\/a><a href=\"https:\/\/swisslasik.ch\/tr\/patientenberichte-augenlasern-erfahrungen\/istanbulda-femto-lasik-tedavisi-deneyimim-14-kasim-2012-carsamba-tarihli-rapor\/\" data-type=\"link\" data-id=\"https:\/\/swisslasik.ch\/tr\/patientenberichte-augenlasern-erfahrungen\/istanbulda-femto-lasik-tedavisi-deneyimim-14-kasim-2012-carsamba-tarihli-rapor\/\">Sonraki <\/a><a href=\"https:\/\/swisslasik.ch\/tr\/patientenberichte-augenlasern-erfahrungen\/istanbulda-femto-lasik-tedavisi-deneyimim-14-kasim-2012-carsamba-tarihli-rapor\/\" data-type=\"link\" data-id=\"https:\/\/swisslasik.ch\/augenlasern-lasik-erfahrungen\/femto-lasik-behandlung-in-istanbul-meine-erfahrung-bericht-vom-mittwoch-14-november-2012\/\">rapor<\/a><\/p>\n<\/div>\n","protected":false},"excerpt":{"rendered":"<p>\u0130stanbul&#8217;da Supracor ile yapt\u0131rd\u0131\u011f\u0131m lazer tedavisine dair deneyim raporum \u2013 19 Aral\u0131k 2012 \u00c7ar\u015famba tarihli rapor. 22-25 Ekim 2012 tarihlerinde \u0130stanbul\u2019da lazer tedavisi i\u00e7in bulundum. Art\u0131k okumak i\u00e7in s\u0131k s\u0131k okuma g\u00f6zl\u00fc\u011f\u00fcne ba\u015fvurmak zorunda kalmam ve bir i\u015f arkada\u015f\u0131m\u0131n olumlu deneyimi, bu ad\u0131m\u0131 atmam\u0131 sa\u011flad\u0131. Z\u00fcrich\u2019teki tatil fuar\u0131nda ve internette SwissLasik\u2019in teklifleri dikkatimi \u00e7ekti. Z\u00fcrich\u2019te yap\u0131lan bir \u00f6n muayene sonras\u0131nda, tedavi i\u00e7in \u0130stanbul\u2019a u\u00e7maya karar verdim. Seyahat organizasyonu ve randevu planlamas\u0131 \u00e7ok profesyonel ve h\u0131zl\u0131yd\u0131. SwissLasik kart\u0131 \u00e7ok faydal\u0131 oldu; bir yandan check-in s\u0131ras\u0131nda yard\u0131mc\u0131 oldu, di\u011fer yandan seyahatin \u00f6nemli noktalar\u0131 (hastane randevular\u0131, takip muayeneleri, \u0130stanbul\u2019daki gezilecek yerler vb.) hakk\u0131nda \u00f6nceden d\u00fc\u015f\u00fcnmemi sa\u011flad\u0131. \u00c7ok rahat bir u\u00e7u\u015fun ard\u0131ndan pazartesi \u00f6\u011fleden sonra \u0130stanbul\u2019a vard\u0131m. Ard\u0131ndan Levent Otel\u2019e transfer oldum, otel olduk\u00e7a temizdi ve gerekli konforu sunuyordu. Ertesi g\u00fcn sabah otelden tam zaman\u0131nda al\u0131nd\u0131m ve Ac\u0131badem Hastanesi\u2019nde Almanca konu\u015fan refakat\u00e7im beni bekliyordu. Sabah boyunca, her biri benim i\u00e7in \u00e7ok ayr\u0131nt\u0131l\u0131 olan bir dizi muayene yap\u0131ld\u0131 ve her zaman &#8220;terc\u00fcman\u0131m&#8221; e\u015fli\u011finde i\u015flem yap\u0131ld\u0131. Muayene sonunda, operasyonu yapacak doktorla bir g\u00f6r\u00fc\u015fme ger\u00e7ekle\u015ftirdim. Doktor, yeni bir y\u00f6ntem olan Supracor y\u00f6ntemini \u00f6nerdi (g\u00f6zler farkl\u0131 \u015fekilde lazerle tedavi edilerek, hem yak\u0131n hem de uzak g\u00f6rme d\u00fczeltiliyor). Bu y\u00f6ntem hakk\u0131nda \u00f6nceden duymu\u015ftum ve doktor g\u00f6zlerimi uygun olarak de\u011ferlendirince bu y\u00f6ntemi se\u00e7meye karar verdim. Ayn\u0131 g\u00fcn (sal\u0131) g\u00f6zlerim lazerle tedavi edildi, i\u015flem ger\u00e7ekten \u015fa\u015f\u0131rt\u0131c\u0131 derecede h\u0131zl\u0131yd\u0131 (her iki g\u00f6z i\u00e7in yakla\u015f\u0131k 7 dakika) ve hi\u00e7bir a\u011fr\u0131 hissetmedim. Ameliyat sonras\u0131 bana koruyucu g\u00f6zl\u00fck verildi ve g\u00f6z damlalar\u0131 ile ilgili hem s\u00f6zl\u00fc hem de yaz\u0131l\u0131 olarak bilgilendirildim. Ard\u0131ndan otele transfer oldum ve birka\u00e7 saat dinlenme\/g\u00f6lgelik gerekiyordu. Ak\u015fam, g\u00fcne\u015f g\u00f6zl\u00fc\u011f\u00fcm\u00fc takarak otele \u00e7\u0131k\u0131p biraz y\u00fcr\u00fcy\u00fc\u015f yapabildim. \u00c7ar\u015famba sabah\u0131, otelde kahvalt\u0131 sonras\u0131 al\u0131nd\u0131m ve ilk kontrol muayenesi yap\u0131ld\u0131. \u00c7ok iyi uyudum ve g\u00f6rme keskinli\u011fimde belirgin bir iyile\u015fme vard\u0131, bu da bana olduk\u00e7a iyi bir his verdi. Ac\u0131badem G\u00f6z Klini\u011fi\u2019nde tekrar refakat\u00e7im taraf\u0131ndan kar\u015f\u0131land\u0131m ve kapsaml\u0131 bir takip muayenesi yap\u0131ld\u0131, hi\u00e7bir problem g\u00f6z\u00fckmedi. \u00d6\u011fle saatlerinde otele geri g\u00f6t\u00fcr\u00fcld\u00fcm ve k\u0131sa bir dinlenme sonras\u0131, al\u0131\u015fveri\u015f yaparak ve \u0130stanbul\u2019daki en y\u00fcksek bina olan Blue-Sapphire g\u00f6kdelenini gezerek \u015fehir turu yapt\u0131m. G\u00f6rme keskinli\u011fimdeki belirgin iyile\u015fmeyi \u00e7ok h\u0131zl\u0131 bir \u015fekilde fark ettim ve bunun hi\u00e7bir a\u011fr\u0131 olmadan ger\u00e7ekle\u015fmesi ger\u00e7ekten \u015fa\u015f\u0131rt\u0131c\u0131yd\u0131. Per\u015fembe \u00f6\u011fleden sonra, Levent Otel\u2019den al\u0131nd\u0131m ve havaalan\u0131na transfer oldum, d\u00f6n\u00fc\u015f yolculu\u011fum ba\u015flad\u0131. \u0130stanbul\u2019daki a\u015f\u0131r\u0131 trafik yo\u011funlu\u011funa ra\u011fmen, otelden havaalan\u0131na yap\u0131lan t\u00fcm transferler zaman\u0131nda, hatta biraz erken ger\u00e7ekle\u015fti, bu da ger\u00e7ekten takdir edilesiydi. H\u0131zl\u0131 bir check-in i\u015fleminin ard\u0131ndan, evime d\u00f6nerken konforlu bir u\u00e7u\u015f ve g\u00fcler y\u00fczl\u00fc u\u00e7u\u015f personeli ile yolculuk yapt\u0131m. Sonu\u00e7 olarak, deneyimim \u00e7ok olumlu ge\u00e7ti ve SwissLasik\u2019i kesinlikle tavsiye ediyorum. Supracor tedavisi benim i\u00e7in \u00e7ok etkili oldu ve doktorlar ile t\u00fcm hastane personeli ger\u00e7ekten \u00e7ok profesyoneldi. Hastanede terc\u00fcman\u0131n deste\u011fi eksiksizdi, hatta tedavi s\u0131ras\u0131nda bile yan\u0131mdayd\u0131.Martin WaserTannstrasse 28307 Effretikon \u00d6nceki rapor Sonraki rapor<\/p>\n","protected":false},"author":4,"featured_media":0,"parent":3695,"menu_order":0,"comment_status":"closed","ping_status":"closed","template":"","meta":{"_joinchat":[],"footnotes":""},"class_list":["post-3750","page","type-page","status-publish","hentry"],"acf":[],"_links":{"self":[{"href":"https:\/\/swisslasik.ch\/tr\/wp-json\/wp\/v2\/pages\/3750","targetHints":{"allow":["GET"]}}],"collection":[{"href":"https:\/\/swisslasik.ch\/tr\/wp-json\/wp\/v2\/pages"}],"about":[{"href":"https:\/\/swisslasik.ch\/tr\/wp-json\/wp\/v2\/types\/page"}],"author":[{"embeddable":true,"href":"https:\/\/swisslasik.ch\/tr\/wp-json\/wp\/v2\/users\/4"}],"replies":[{"embeddable":true,"href":"https:\/\/swisslasik.ch\/tr\/wp-json\/wp\/v2\/comments?post=3750"}],"version-history":[{"count":3,"href":"https:\/\/swisslasik.ch\/tr\/wp-json\/wp\/v2\/pages\/3750\/revisions"}],"predecessor-version":[{"id":4735,"href":"https:\/\/swisslasik.ch\/tr\/wp-json\/wp\/v2\/pages\/3750\/revisions\/4735"}],"up":[{"embeddable":true,"href":"https:\/\/swisslasik.ch\/tr\/wp-json\/wp\/v2\/pages\/3695"}],"wp:attachment":[{"href":"https:\/\/swisslasik.ch\/tr\/wp-json\/wp\/v2\/media?parent=3750"}],"curies":[{"name":"wp","href":"https:\/\/api.w.org\/{rel}","templated":true}]}}