{"id":3752,"date":"2025-09-24T12:19:18","date_gmt":"2025-09-24T11:19:18","guid":{"rendered":"https:\/\/swisslasik.ch\/patientenberichte-augenlasern-erfahrungen\/istanbulda-femto-lasik-tedavisi-deneyimim-14-kasim-2012-carsamba-tarihli-rapor\/"},"modified":"2026-01-14T18:18:03","modified_gmt":"2026-01-14T17:18:03","slug":"istanbulda-femto-lasik-tedavisi-deneyimim-14-kasim-2012-carsamba-tarihli-rapor","status":"publish","type":"page","link":"https:\/\/swisslasik.ch\/tr\/patientenberichte-augenlasern-erfahrungen\/istanbulda-femto-lasik-tedavisi-deneyimim-14-kasim-2012-carsamba-tarihli-rapor\/","title":{"rendered":"\u0130stanbul&#8217;da Femto LASIK tedavisi \u2013 Deneyimim \u2013 14 Kas\u0131m 2012 \u00c7ar\u015famba tarihli rapor"},"content":{"rendered":"\n<h3 class=\"wp-block-heading\">\u0130stanbul&#8217;da Femto LASIK tedavisi \u2013 Deneyimim \u2013 14 Kas\u0131m 2012 \u00c7ar\u015famba tarihli rapor<\/h3>\n\n<p>\u0130stanbul&#8217;da lazer tedavisi hakk\u0131nda \u00e7ok \u015fey duydum. Bu y\u00fczden internetten ara\u015ft\u0131rma yapt\u0131m ve Swisslasik ile kar\u015f\u0131la\u015ft\u0131m. Sonra St. Gallen&#8217;deki sa\u011fl\u0131k fuar\u0131nda Say\u0131n Karaagacli ile tan\u0131\u015ft\u0131m. Bize her \u015feyi ayr\u0131nt\u0131l\u0131 bir \u015fekilde a\u00e7\u0131klad\u0131. Bu s\u0131rada \u00e7ok yak\u0131n bir arkada\u015f\u0131m \u0130svi\u00e7re&#8217;de g\u00f6zlerini lazerle tedavi ettirdi. O y\u00fczden ben de burada \u0130svi\u00e7re&#8217;de bunu yap\u0131p yapamayaca\u011f\u0131m\u0131 ve ne kadar maliyeti olaca\u011f\u0131n\u0131 ara\u015ft\u0131rd\u0131m. Sonradan \u015funu s\u00f6yleyebilirim ki, \u0130svi\u00e7re&#8217;de yapmad\u0131\u011f\u0131m i\u00e7in \u00e7ok memnunum. T\u00fcrkiye&#8217;deki fiyatlar\u0131n \u00fc\u00e7 kat\u0131 ve arkada\u015f\u0131m, lazer operasyonundan 10 ay sonra bile memnun de\u011fil. \u015eunu rahatl\u0131kla s\u00f6yleyebilirim ki, T\u00fcrkiye&#8217;deki tedavi s\u00fcreci k\u0131sa ve ac\u0131s\u0131z ge\u00e7ti. G\u00f6z\u00fcmde 7,5 dioptri vard\u0131. Her g\u00fcn g\u00fcnl\u00fck lens tak\u0131yordum. G\u00f6zl\u00fck tak\u0131nca g\u00f6zlerim \u00e7ok k\u00fc\u00e7\u00fck g\u00f6r\u00fcn\u00fcyordu. Kendime dedim ki, ya \u015fimdi yapar\u0131m ya da hi\u00e7. 31 ya\u015f\u0131nday\u0131m ve g\u00f6zlerim &#8220;yar\u0131 k\u00f6r&#8221; diyebilirim. Bu b\u00f6yle olamaz. \u0130stanbul&#8217;da g\u00f6zlerimi lazerle tedavi ettirmek, verdi\u011fim en iyi kararlardan biriydi. Operasyon a\u011fr\u0131s\u0131zd\u0131 ve sonras\u0131nda yakla\u015f\u0131k 4 saat g\u00f6zlerimde a\u011flama hissi vard\u0131, her \u015fey \u00e7ok parlak g\u00f6r\u00fcn\u00fcyordu. Otelde yakla\u015f\u0131k 3 saat uyudum, sonra yeme\u011fe \u00e7\u0131kt\u0131k. Ertesi g\u00fcn \u0130stanbul&#8217;daki k\u00fclt\u00fcrel yerleri ke\u015ffettik. \u00c7ok te\u015fekk\u00fcr ederim.<\/p>\n\n<div class=\"wp-block-group is-layout-grid wp-container-core-group-is-layout-baef362d wp-block-group-is-layout-grid\">\n<p><a href=\"https:\/\/medicaltravel.at\/home\/agb\/\" data-type=\"page\" data-id=\"2191\" rel=\"nofollow noopener\" target=\"_blank\"><\/a><a href=\"https:\/\/swisslasik.ch\/tr\/patientenberichte-augenlasern-erfahrungen\/istanbulda-supracor-ile-yaptirdigim-lazer-tedavisine-dair-deneyim-raporum-19-aralik-2012-carsamba-tarihli-rapor\/\" data-type=\"link\" data-id=\"https:\/\/swisslasik.ch\/augenlasern-lasik-erfahrungen\/erfahrungsbericht-zu-meiner-laserbehandlung-mit-supracor-in-istanbul-bericht-vom-mittwoch-19-dezember-2012\/\">\u00d6nceki rapor<\/a><\/p>\n\n\n\n<p class=\"has-text-align-right wp-container-content-5e2576f9\"><a href=\"https:\/\/medicaltravel.at\/home\/impressum\/\" data-type=\"page\" data-id=\"2193\" rel=\"nofollow noopener\" target=\"_blank\"><\/a><a href=\"https:\/\/medicaltravel.at\/home\/berichte-von-patienten\/erfahrungsberichte\/erfahrungsbericht-zahnbehandlung-in-istanbul\/\" data-type=\"page\" data-id=\"981\" rel=\"nofollow noopener\" target=\"_blank\"><\/a><a href=\"https:\/\/swisslasik.ch\/tr\/patientenberichte-augenlasern-erfahrungen\/muekemmel-bakim-organizasyon-harika-bir-hastane-ve-tabii-ki-fiyati-6-kasim-2012-sali-tarihli-rapor\/\" data-type=\"link\" data-id=\"https:\/\/swisslasik.ch\/augenlasern-lasik-erfahrungen\/betreuung-organisation-sensationelles-spital-und-naturlich-der-preis-bericht-vom-dienstag-06-november-2012\/\">Sonraki rapor<\/a><\/p>\n<\/div>\n","protected":false},"excerpt":{"rendered":"<p>\u0130stanbul&#8217;da Femto LASIK tedavisi \u2013 Deneyimim \u2013 14 Kas\u0131m 2012 \u00c7ar\u015famba tarihli rapor \u0130stanbul&#8217;da lazer tedavisi hakk\u0131nda \u00e7ok \u015fey duydum. Bu y\u00fczden internetten ara\u015ft\u0131rma yapt\u0131m ve Swisslasik ile kar\u015f\u0131la\u015ft\u0131m. Sonra St. Gallen&#8217;deki sa\u011fl\u0131k fuar\u0131nda Say\u0131n Karaagacli ile tan\u0131\u015ft\u0131m. Bize her \u015feyi ayr\u0131nt\u0131l\u0131 bir \u015fekilde a\u00e7\u0131klad\u0131. Bu s\u0131rada \u00e7ok yak\u0131n bir arkada\u015f\u0131m \u0130svi\u00e7re&#8217;de g\u00f6zlerini lazerle tedavi ettirdi. O y\u00fczden ben de burada \u0130svi\u00e7re&#8217;de bunu yap\u0131p yapamayaca\u011f\u0131m\u0131 ve ne kadar maliyeti olaca\u011f\u0131n\u0131 ara\u015ft\u0131rd\u0131m. Sonradan \u015funu s\u00f6yleyebilirim ki, \u0130svi\u00e7re&#8217;de yapmad\u0131\u011f\u0131m i\u00e7in \u00e7ok memnunum. T\u00fcrkiye&#8217;deki fiyatlar\u0131n \u00fc\u00e7 kat\u0131 ve arkada\u015f\u0131m, lazer operasyonundan 10 ay sonra bile memnun de\u011fil. \u015eunu rahatl\u0131kla s\u00f6yleyebilirim ki, T\u00fcrkiye&#8217;deki tedavi s\u00fcreci k\u0131sa ve ac\u0131s\u0131z ge\u00e7ti. G\u00f6z\u00fcmde 7,5 dioptri vard\u0131. Her g\u00fcn g\u00fcnl\u00fck lens tak\u0131yordum. G\u00f6zl\u00fck tak\u0131nca g\u00f6zlerim \u00e7ok k\u00fc\u00e7\u00fck g\u00f6r\u00fcn\u00fcyordu. Kendime dedim ki, ya \u015fimdi yapar\u0131m ya da hi\u00e7. 31 ya\u015f\u0131nday\u0131m ve g\u00f6zlerim &#8220;yar\u0131 k\u00f6r&#8221; diyebilirim. Bu b\u00f6yle olamaz. \u0130stanbul&#8217;da g\u00f6zlerimi lazerle tedavi ettirmek, verdi\u011fim en iyi kararlardan biriydi. Operasyon a\u011fr\u0131s\u0131zd\u0131 ve sonras\u0131nda yakla\u015f\u0131k 4 saat g\u00f6zlerimde a\u011flama hissi vard\u0131, her \u015fey \u00e7ok parlak g\u00f6r\u00fcn\u00fcyordu. Otelde yakla\u015f\u0131k 3 saat uyudum, sonra yeme\u011fe \u00e7\u0131kt\u0131k. Ertesi g\u00fcn \u0130stanbul&#8217;daki k\u00fclt\u00fcrel yerleri ke\u015ffettik. \u00c7ok te\u015fekk\u00fcr ederim. \u00d6nceki rapor Sonraki rapor<\/p>\n","protected":false},"author":4,"featured_media":0,"parent":3695,"menu_order":0,"comment_status":"closed","ping_status":"closed","template":"","meta":{"_joinchat":[],"footnotes":""},"class_list":["post-3752","page","type-page","status-publish","hentry"],"acf":[],"_links":{"self":[{"href":"https:\/\/swisslasik.ch\/tr\/wp-json\/wp\/v2\/pages\/3752","targetHints":{"allow":["GET"]}}],"collection":[{"href":"https:\/\/swisslasik.ch\/tr\/wp-json\/wp\/v2\/pages"}],"about":[{"href":"https:\/\/swisslasik.ch\/tr\/wp-json\/wp\/v2\/types\/page"}],"author":[{"embeddable":true,"href":"https:\/\/swisslasik.ch\/tr\/wp-json\/wp\/v2\/users\/4"}],"replies":[{"embeddable":true,"href":"https:\/\/swisslasik.ch\/tr\/wp-json\/wp\/v2\/comments?post=3752"}],"version-history":[{"count":1,"href":"https:\/\/swisslasik.ch\/tr\/wp-json\/wp\/v2\/pages\/3752\/revisions"}],"predecessor-version":[{"id":3753,"href":"https:\/\/swisslasik.ch\/tr\/wp-json\/wp\/v2\/pages\/3752\/revisions\/3753"}],"up":[{"embeddable":true,"href":"https:\/\/swisslasik.ch\/tr\/wp-json\/wp\/v2\/pages\/3695"}],"wp:attachment":[{"href":"https:\/\/swisslasik.ch\/tr\/wp-json\/wp\/v2\/media?parent=3752"}],"curies":[{"name":"wp","href":"https:\/\/api.w.org\/{rel}","templated":true}]}}