{"id":3754,"date":"2025-09-24T12:17:31","date_gmt":"2025-09-24T11:17:31","guid":{"rendered":"https:\/\/swisslasik.ch\/patientenberichte-augenlasern-erfahrungen\/en-yueksek-kalite-ve-hizmet-standartlari-15-ocak-2013-sali-tarihli-rapor\/"},"modified":"2026-01-14T18:16:04","modified_gmt":"2026-01-14T17:16:04","slug":"en-yueksek-kalite-ve-hizmet-standartlari-15-ocak-2013-sali-tarihli-rapor","status":"publish","type":"page","link":"https:\/\/swisslasik.ch\/tr\/patientenberichte-augenlasern-erfahrungen\/en-yueksek-kalite-ve-hizmet-standartlari-15-ocak-2013-sali-tarihli-rapor\/","title":{"rendered":"En y\u00fcksek kalite ve hizmet standartlar\u0131 \u2013 15 Ocak 2013 Sal\u0131 tarihli rapor"},"content":{"rendered":"\n<h3 class=\"wp-block-heading\">En y\u00fcksek kalite ve hizmet standartlar\u0131 \u2013 15 Ocak 2013 Sal\u0131 tarihli rapor<\/h3>\n\n\n\n<p>Bir \u0130svi\u00e7reli tan\u0131d\u0131\u011f\u0131m 2011 sonbahar\u0131nda g\u00f6zlerini \u0130stanbul&#8217;da lazerle tedavi ettirmi\u015f ve sonu\u00e7tan son derece memnun kalm\u0131\u015ft\u0131. Bir\u00e7ok nedenden dolay\u0131, \u00f6zellikle de rahatl\u0131k a\u00e7\u0131s\u0131ndan, ben de (31 ya\u015f\u0131nda) sonunda lens ve g\u00f6zl\u00fck olmadan hayat\u0131ma devam edebilmek istedim. \u00c7ok b\u00fcy\u00fck bir d\u00fczeltmeye ihtiyac\u0131m yoktu (-1.25 ve -2.25), fakat yine de lenslerden ve g\u00f6zl\u00fckten s\u0131k\u0131lm\u0131\u015ft\u0131m. O y\u00fczden Z\u00fcrih&#8217;teki g\u00f6z doktoruma gittim ve k\u0131sa bir \u00f6n muayeneden sonra lazer tedavisi i\u00e7in onay verdi. \u0130svi\u00e7re&#8217;de operasyonun bana pahal\u0131 oldu\u011funu belirtti\u011fimde, bana \u00e7ok iyi sonu\u00e7lar veren ve kesinlikle tavsiye edilen baz\u0131 yurt d\u0131\u015f\u0131 adreslerini verdi. Bunlar aras\u0131nda Swisslasik de vard\u0131. Swisslasik ile ileti\u015fim o kadar h\u0131zl\u0131 ve sorunsuz oldu ki, hemen operasyona kaydoldum. U\u00e7u\u015fu kendim organize ettim, ancak Swisslasik \u00fczerinden alman\u0131n neredeyse ayn\u0131 fiyatta oldu\u011funu s\u00f6ylemeliyim. Di\u011fer her \u015fey, havaalan\u0131-hotel transferi dahil, Swisslasik taraf\u0131ndan organize edildi. Per\u015fembe ak\u015fam\u0131 \u0130stanbul&#8217;a u\u00e7tuk. Ben ve yan\u0131mda olan ki\u015fi, havaalan\u0131nda bir \u015fof\u00f6r taraf\u0131ndan kar\u015f\u0131lan\u0131p otele g\u00f6t\u00fcr\u00fcld\u00fck. Cuma sabah\u0131 erken saatlerde otelden al\u0131nd\u0131k ve klini\u011fe g\u00f6t\u00fcr\u00fcld\u00fck. Klinikde bizi bir misafir dan\u0131\u015fman\u0131 kar\u015f\u0131lad\u0131, ayn\u0131 zamanda bizim terc\u00fcmemizi de yapt\u0131. \u0130lk olarak her t\u00fcrl\u00fc test yap\u0131ld\u0131. Sonra \u00f6\u011fleye kadar serbest zaman\u0131m vard\u0131. Partnerimle yak\u0131nlardaki bir al\u0131\u015fveri\u015f merkezine taksiyle gittik, rahat\u00e7a \u00f6\u011fle yeme\u011fimizi yedik ve dola\u015ft\u0131k. Hi\u00e7bir \u015fey almad\u0131k \u00e7\u00fcnk\u00fc bu l\u00fcks merkezdeki fiyatlar neredeyse \u0130svi\u00e7re ile ayn\u0131yd\u0131. Bu g\u00fcnlerde \u0130stanbul&#8217;da bekledi\u011fimiz kadar ucuz bir ya\u015fam tarz\u0131 bulamad\u0131k, belki de yanl\u0131\u015f yerlerdeydik. Saat 15:00&#8217;te tekrar klinikteydik. Benimle birlikte ba\u015fka 4 \u0130svi\u00e7reli hasta daha vard\u0131. Hepimiz s\u0131rayla lazer tedavisi olduk. Asl\u0131nda \u00e7ok s\u0131radan bir \u015feydi! Tahminen sadece 5-10 dakika s\u00fcrd\u00fc. Ve hemen sonras\u0131nda normal bir \u015fekilde g\u00f6rebiliyordum! Ne harika bir histi!! Hepimiz bu \u00f6zel g\u00f6zl\u00fc\u011f\u00fc (g\u00f6zl\u00fck tipi kayak g\u00f6zl\u00fc\u011f\u00fc) takmam\u0131z istendi ve 24 saat boyunca takmam\u0131z gerekti. Ben de ikinci geceyi yine g\u00f6zl\u00fckle ge\u00e7irdim, \u00e7\u00fcnk\u00fc bir kez g\u00f6z\u00fcm\u00fc ka\u015f\u0131d\u0131\u011f\u0131mda uyand\u0131m. Herkes operasyonu bitirdi\u011finde, \u015fof\u00f6r\u00fcm\u00fcz bizi otele geri g\u00f6t\u00fcrd\u00fc. Bu yolculuk bir i\u015fkence gibiydi. \u00c7\u00fcnk\u00fc g\u00f6zlerim ka\u015f\u0131nmaya, yanmaya ba\u015flad\u0131, ayn\u0131 anda kuru ve \u0131slak hissediyordu. Neyse ki yan\u0131mda a\u011fr\u0131 kesicim vard\u0131 ve partnerim, g\u00f6zlerimi kapal\u0131 tutarak (katlan\u0131lmas\u0131 zor olan\u0131 biraz daha katlanabilir hale getirmek i\u00e7in) yolumu bulmama yard\u0131mc\u0131 oldu. Ak\u015fam saat 21:00&#8217;de, ac\u0131lar biraz hafiflemi\u015fti ve derin bir uykuya dald\u0131m. Ertesi sabah saat 07:00&#8217;de \u015fof\u00f6r tekrar geldi ve biz tekrar klini\u011fe, kontrole gittik. Orada, d\u00fcn gece tan\u0131\u015ft\u0131\u011f\u0131m di\u011fer \u0130svi\u00e7reli hastalarla kar\u015f\u0131la\u015ft\u0131m. Onlar\u0131n deneyimlerini dinlemek ilgin\u00e7ti! Ama hepimizin g\u00f6r\u00fc\u015f\u00fc \u00e7ok keskinle\u015fmi\u015fti ve herkes son derece mutlu ve tekrar yapacaklar\u0131n\u0131 s\u00f6yl\u00fcyordu! Kontrol sonucunda herkesin en az %100 g\u00f6r\u00fc\u015f keskinli\u011fi vard\u0131. Ayr\u0131ca g\u00f6zlerimiz i\u00e7in damlalar verildi. Partnerimle pazartesiye kadar \u0130stanbul&#8217;da kald\u0131k ve \u015fehri gezdik. Bizim zevkimize g\u00f6re \u015fehir biraz fazla yo\u011fun ve g\u00fcnl\u00fck trafik s\u0131k\u0131\u015f\u0131kl\u0131\u011f\u0131 \u00e7ok uzun s\u00fcr\u00fcyordu. Ama Bosphorus turu gece \u00e7ok romantikti. 7 g\u00fcn sonra, \u0130svi\u00e7re&#8217;deki g\u00f6z doktoruma gidip kontrole gittim ve lazer tedavisinden etkilendi. \u00c7ok iyi bir i\u015f yap\u0131lm\u0131\u015f dedi. Ayr\u0131ca ona \u0130stanbul&#8217;daki klinikten belgeleri de getirdim (bunu klinikte sormam gerekti). Yorumlar\u0131 \u015f\u00f6yleydi: &#8220;Daha iyi yap\u0131labilir miydi? Hay\u0131r!&#8221; Maalesef, operasyonun 5 g\u00fcn sonras\u0131nda tekrar i\u015fe ba\u015flamam gerekti, bilgisayar ba\u015f\u0131nda \u00e7al\u0131\u015ft\u0131m. \u0130lk hafta \u00e7ok ho\u015f de\u011fildi. G\u00f6zlerim \u00e7ok \u00e7abuk yoruluyordu (dakikalar i\u00e7inde) ve ba\u015f a\u011fr\u0131m oluyordu. \u015eimdi, 3 ay sonra, hala \u00e7ok memnunum! Gece karanl\u0131\u011f\u0131nda mesela LED \u0131\u015f\u0131klar\u0131 gibi ba\u015flang\u0131\u00e7taki bulan\u0131kl\u0131k b\u00fcy\u00fck \u00f6l\u00e7\u00fcde kayboldu. Ve daha g\u00fczel ne olabilir ki, lensleri kaybetmeden s\u00f6rf yapabilmek ya da ak\u015famlar\u0131 ve sabahlar\u0131 lenslerle u\u011fra\u015fmak zorunda olmamak? Komik olan, ak\u015famlar\u0131 birka\u00e7 kez banyoya gidip lenslerimi \u00e7\u0131karmak i\u00e7in ad\u0131m atmam oldu &#8211; ama art\u0131k hi\u00e7 lensim yoktu!:-) Swisslasik\u2019i organizat\u00f6r ve arac\u0131l\u0131k yapan olarak \u015fiddetle tavsiye ediyorum, hizmet ger\u00e7ekten \u0130svi\u00e7re&#8217;de bekledi\u011fimizin \u00e7ok \u00f6tesindeydi! Ve Acibadem hastanesi uluslararas\u0131 alanda en y\u00fcksek seviyede ve en y\u00fcksek t\u0131bbi kalitede! St\u00e9phanie Eugster<\/p>\n\n\n\n<div class=\"wp-block-group is-layout-grid wp-container-core-group-is-layout-baef362d wp-block-group-is-layout-grid\">\n<p><a href=\"https:\/\/medicaltravel.at\/home\/agb\/\" data-type=\"page\" data-id=\"2191\" rel=\"nofollow noopener\" target=\"_blank\"><\/a><a href=\"https:\/\/swisslasik.ch\/patientenberichte-augenlasern-erfahrungen\/farkli-bir-noel-21-ocak-2013-pazartesi-tarihli-rapor\/\" data-type=\"link\" data-id=\"https:\/\/swisslasik.ch\/patientenberichte-augenlasern-erfahrungen\/farkli-bir-noel-21-ocak-2013-pazartesi-tarihli-rapor\/\">\u00d6nceki rapor<\/a><\/p>\n\n\n\n<p class=\"has-text-align-right wp-container-content-5e2576f9\"><a href=\"https:\/\/medicaltravel.at\/home\/impressum\/\" data-type=\"page\" data-id=\"2193\" rel=\"nofollow noopener\" target=\"_blank\"><\/a><a href=\"https:\/\/medicaltravel.at\/home\/berichte-von-patienten\/erfahrungsberichte\/erfahrungsbericht-zahnbehandlung-in-istanbul\/\" data-type=\"page\" data-id=\"981\" rel=\"nofollow noopener\" target=\"_blank\"><\/a><a href=\"https:\/\/swisslasik.ch\/tr\/patientenberichte-augenlasern-erfahrungen\/istanbuldaki-lasik-deneyimim-24-aralik-2012-pazartesi-tarihli-rapor\/\" data-type=\"link\" data-id=\"https:\/\/swisslasik.ch\/tr\/patientenberichte-augenlasern-erfahrungen\/istanbuldaki-lasik-deneyimim-24-aralik-2012-pazartesi-tarihli-rapor\/\">Sonraki <\/a><a href=\"https:\/\/swisslasik.ch\/tr\/patientenberichte-augenlasern-erfahrungen\/istanbuldaki-lasik-deneyimim-24-aralik-2012-pazartesi-tarihli-rapor\/\" data-type=\"link\" data-id=\"https:\/\/swisslasik.ch\/augenlasern-lasik-erfahrungen\/mein-lasik-erlebnis-in-istanbul-turkei-bericht-vom-montag-24-dezember-2012\/\">rapor<\/a><\/p>\n<\/div>\n","protected":false},"excerpt":{"rendered":"<p>En y\u00fcksek kalite ve hizmet standartlar\u0131 \u2013 15 Ocak 2013 Sal\u0131 tarihli rapor Bir \u0130svi\u00e7reli tan\u0131d\u0131\u011f\u0131m 2011 sonbahar\u0131nda g\u00f6zlerini \u0130stanbul&#8217;da lazerle tedavi ettirmi\u015f ve sonu\u00e7tan son derece memnun kalm\u0131\u015ft\u0131. Bir\u00e7ok nedenden dolay\u0131, \u00f6zellikle de rahatl\u0131k a\u00e7\u0131s\u0131ndan, ben de (31 ya\u015f\u0131nda) sonunda lens ve g\u00f6zl\u00fck olmadan hayat\u0131ma devam edebilmek istedim. \u00c7ok b\u00fcy\u00fck bir d\u00fczeltmeye ihtiyac\u0131m yoktu (-1.25 ve -2.25), fakat yine de lenslerden ve g\u00f6zl\u00fckten s\u0131k\u0131lm\u0131\u015ft\u0131m. O y\u00fczden Z\u00fcrih&#8217;teki g\u00f6z doktoruma gittim ve k\u0131sa bir \u00f6n muayeneden sonra lazer tedavisi i\u00e7in onay verdi. \u0130svi\u00e7re&#8217;de operasyonun bana pahal\u0131 oldu\u011funu belirtti\u011fimde, bana \u00e7ok iyi sonu\u00e7lar veren ve kesinlikle tavsiye edilen baz\u0131 yurt d\u0131\u015f\u0131 adreslerini verdi. Bunlar aras\u0131nda Swisslasik de vard\u0131. Swisslasik ile ileti\u015fim o kadar h\u0131zl\u0131 ve sorunsuz oldu ki, hemen operasyona kaydoldum. U\u00e7u\u015fu kendim organize ettim, ancak Swisslasik \u00fczerinden alman\u0131n neredeyse ayn\u0131 fiyatta oldu\u011funu s\u00f6ylemeliyim. Di\u011fer her \u015fey, havaalan\u0131-hotel transferi dahil, Swisslasik taraf\u0131ndan organize edildi. Per\u015fembe ak\u015fam\u0131 \u0130stanbul&#8217;a u\u00e7tuk. Ben ve yan\u0131mda olan ki\u015fi, havaalan\u0131nda bir \u015fof\u00f6r taraf\u0131ndan kar\u015f\u0131lan\u0131p otele g\u00f6t\u00fcr\u00fcld\u00fck. Cuma sabah\u0131 erken saatlerde otelden al\u0131nd\u0131k ve klini\u011fe g\u00f6t\u00fcr\u00fcld\u00fck. Klinikde bizi bir misafir dan\u0131\u015fman\u0131 kar\u015f\u0131lad\u0131, ayn\u0131 zamanda bizim terc\u00fcmemizi de yapt\u0131. \u0130lk olarak her t\u00fcrl\u00fc test yap\u0131ld\u0131. Sonra \u00f6\u011fleye kadar serbest zaman\u0131m vard\u0131. Partnerimle yak\u0131nlardaki bir al\u0131\u015fveri\u015f merkezine taksiyle gittik, rahat\u00e7a \u00f6\u011fle yeme\u011fimizi yedik ve dola\u015ft\u0131k. Hi\u00e7bir \u015fey almad\u0131k \u00e7\u00fcnk\u00fc bu l\u00fcks merkezdeki fiyatlar neredeyse \u0130svi\u00e7re ile ayn\u0131yd\u0131. Bu g\u00fcnlerde \u0130stanbul&#8217;da bekledi\u011fimiz kadar ucuz bir ya\u015fam tarz\u0131 bulamad\u0131k, belki de yanl\u0131\u015f yerlerdeydik. Saat 15:00&#8217;te tekrar klinikteydik. Benimle birlikte ba\u015fka 4 \u0130svi\u00e7reli hasta daha vard\u0131. Hepimiz s\u0131rayla lazer tedavisi olduk. Asl\u0131nda \u00e7ok s\u0131radan bir \u015feydi! Tahminen sadece 5-10 dakika s\u00fcrd\u00fc. Ve hemen sonras\u0131nda normal bir \u015fekilde g\u00f6rebiliyordum! Ne harika bir histi!! Hepimiz bu \u00f6zel g\u00f6zl\u00fc\u011f\u00fc (g\u00f6zl\u00fck tipi kayak g\u00f6zl\u00fc\u011f\u00fc) takmam\u0131z istendi ve 24 saat boyunca takmam\u0131z gerekti. Ben de ikinci geceyi yine g\u00f6zl\u00fckle ge\u00e7irdim, \u00e7\u00fcnk\u00fc bir kez g\u00f6z\u00fcm\u00fc ka\u015f\u0131d\u0131\u011f\u0131mda uyand\u0131m. Herkes operasyonu bitirdi\u011finde, \u015fof\u00f6r\u00fcm\u00fcz bizi otele geri g\u00f6t\u00fcrd\u00fc. Bu yolculuk bir i\u015fkence gibiydi. \u00c7\u00fcnk\u00fc g\u00f6zlerim ka\u015f\u0131nmaya, yanmaya ba\u015flad\u0131, ayn\u0131 anda kuru ve \u0131slak hissediyordu. Neyse ki yan\u0131mda a\u011fr\u0131 kesicim vard\u0131 ve partnerim, g\u00f6zlerimi kapal\u0131 tutarak (katlan\u0131lmas\u0131 zor olan\u0131 biraz daha katlanabilir hale getirmek i\u00e7in) yolumu bulmama yard\u0131mc\u0131 oldu. Ak\u015fam saat 21:00&#8217;de, ac\u0131lar biraz hafiflemi\u015fti ve derin bir uykuya dald\u0131m. Ertesi sabah saat 07:00&#8217;de \u015fof\u00f6r tekrar geldi ve biz tekrar klini\u011fe, kontrole gittik. Orada, d\u00fcn gece tan\u0131\u015ft\u0131\u011f\u0131m di\u011fer \u0130svi\u00e7reli hastalarla kar\u015f\u0131la\u015ft\u0131m. Onlar\u0131n deneyimlerini dinlemek ilgin\u00e7ti! Ama hepimizin g\u00f6r\u00fc\u015f\u00fc \u00e7ok keskinle\u015fmi\u015fti ve herkes son derece mutlu ve tekrar yapacaklar\u0131n\u0131 s\u00f6yl\u00fcyordu! Kontrol sonucunda herkesin en az %100 g\u00f6r\u00fc\u015f keskinli\u011fi vard\u0131. Ayr\u0131ca g\u00f6zlerimiz i\u00e7in damlalar verildi. Partnerimle pazartesiye kadar \u0130stanbul&#8217;da kald\u0131k ve \u015fehri gezdik. Bizim zevkimize g\u00f6re \u015fehir biraz fazla yo\u011fun ve g\u00fcnl\u00fck trafik s\u0131k\u0131\u015f\u0131kl\u0131\u011f\u0131 \u00e7ok uzun s\u00fcr\u00fcyordu. Ama Bosphorus turu gece \u00e7ok romantikti. 7 g\u00fcn sonra, \u0130svi\u00e7re&#8217;deki g\u00f6z doktoruma gidip kontrole gittim ve lazer tedavisinden etkilendi. \u00c7ok iyi bir i\u015f yap\u0131lm\u0131\u015f dedi. Ayr\u0131ca ona \u0130stanbul&#8217;daki klinikten belgeleri de getirdim (bunu klinikte sormam gerekti). Yorumlar\u0131 \u015f\u00f6yleydi: &#8220;Daha iyi yap\u0131labilir miydi? Hay\u0131r!&#8221; Maalesef, operasyonun 5 g\u00fcn sonras\u0131nda tekrar i\u015fe ba\u015flamam gerekti, bilgisayar ba\u015f\u0131nda \u00e7al\u0131\u015ft\u0131m. \u0130lk hafta \u00e7ok ho\u015f de\u011fildi. G\u00f6zlerim \u00e7ok \u00e7abuk yoruluyordu (dakikalar i\u00e7inde) ve ba\u015f a\u011fr\u0131m oluyordu. \u015eimdi, 3 ay sonra, hala \u00e7ok memnunum! Gece karanl\u0131\u011f\u0131nda mesela LED \u0131\u015f\u0131klar\u0131 gibi ba\u015flang\u0131\u00e7taki bulan\u0131kl\u0131k b\u00fcy\u00fck \u00f6l\u00e7\u00fcde kayboldu. Ve daha g\u00fczel ne olabilir ki, lensleri kaybetmeden s\u00f6rf yapabilmek ya da ak\u015famlar\u0131 ve sabahlar\u0131 lenslerle u\u011fra\u015fmak zorunda olmamak? Komik olan, ak\u015famlar\u0131 birka\u00e7 kez banyoya gidip lenslerimi \u00e7\u0131karmak i\u00e7in ad\u0131m atmam oldu &#8211; ama art\u0131k hi\u00e7 lensim yoktu!:-) Swisslasik\u2019i organizat\u00f6r ve arac\u0131l\u0131k yapan olarak \u015fiddetle tavsiye ediyorum, hizmet ger\u00e7ekten \u0130svi\u00e7re&#8217;de bekledi\u011fimizin \u00e7ok \u00f6tesindeydi! Ve Acibadem hastanesi uluslararas\u0131 alanda en y\u00fcksek seviyede ve en y\u00fcksek t\u0131bbi kalitede! St\u00e9phanie Eugster \u00d6nceki rapor Sonraki rapor<\/p>\n","protected":false},"author":4,"featured_media":0,"parent":3695,"menu_order":0,"comment_status":"closed","ping_status":"closed","template":"","meta":{"_joinchat":[],"footnotes":""},"class_list":["post-3754","page","type-page","status-publish","hentry"],"acf":[],"_links":{"self":[{"href":"https:\/\/swisslasik.ch\/tr\/wp-json\/wp\/v2\/pages\/3754","targetHints":{"allow":["GET"]}}],"collection":[{"href":"https:\/\/swisslasik.ch\/tr\/wp-json\/wp\/v2\/pages"}],"about":[{"href":"https:\/\/swisslasik.ch\/tr\/wp-json\/wp\/v2\/types\/page"}],"author":[{"embeddable":true,"href":"https:\/\/swisslasik.ch\/tr\/wp-json\/wp\/v2\/users\/4"}],"replies":[{"embeddable":true,"href":"https:\/\/swisslasik.ch\/tr\/wp-json\/wp\/v2\/comments?post=3754"}],"version-history":[{"count":3,"href":"https:\/\/swisslasik.ch\/tr\/wp-json\/wp\/v2\/pages\/3754\/revisions"}],"predecessor-version":[{"id":4733,"href":"https:\/\/swisslasik.ch\/tr\/wp-json\/wp\/v2\/pages\/3754\/revisions\/4733"}],"up":[{"embeddable":true,"href":"https:\/\/swisslasik.ch\/tr\/wp-json\/wp\/v2\/pages\/3695"}],"wp:attachment":[{"href":"https:\/\/swisslasik.ch\/tr\/wp-json\/wp\/v2\/media?parent=3754"}],"curies":[{"name":"wp","href":"https:\/\/api.w.org\/{rel}","templated":true}]}}