{"id":3756,"date":"2025-09-24T12:14:37","date_gmt":"2025-09-24T11:14:37","guid":{"rendered":"https:\/\/swisslasik.ch\/patientenberichte-augenlasern-erfahrungen\/swisslasik-olmasaydi-bes-kat-daha-fazla-bile-oederdim-12-mart-2013-sali-tarihli-rapor\/"},"modified":"2026-01-14T17:48:54","modified_gmt":"2026-01-14T16:48:54","slug":"swisslasik-olmasaydi-bes-kat-daha-fazla-bile-oederdim-12-mart-2013-sali-tarihli-rapor","status":"publish","type":"page","link":"https:\/\/swisslasik.ch\/tr\/patientenberichte-augenlasern-erfahrungen\/swisslasik-olmasaydi-bes-kat-daha-fazla-bile-oederdim-12-mart-2013-sali-tarihli-rapor\/","title":{"rendered":"Swisslasik olmasayd\u0131, be\u015f kat daha fazla bile \u00f6derdim! 12 Mart 2013 Sal\u0131 tarihli rapor"},"content":{"rendered":"\n<h3 class=\"wp-block-heading\"><g id=\"gid_0\"><g id=\"gid_1\">Swisslasik olmasayd\u0131, be\u015f kat daha fazla bile \u00f6derdim!<\/g><\/g> \u2013 12 Mart 2013 Sal\u0131 tarihli rapor <\/h3>\n\n<p>Swisslasik ile olan deneyimim<br\/>Her \u015fey, bir ak\u015fam bir aile \u00fcyesinin, bir \u00e7al\u0131\u015fan\u0131n\u0131n g\u00f6z operasyonunu T\u00fcrkiye&#8217;de yapt\u0131rd\u0131\u011f\u0131n\u0131 s\u00f6ylemesiyle ba\u015flad\u0131. Hemen ikna oldum ve zaman, istek ve maddi a\u00e7\u0131dan bu operasyonu hemen yapt\u0131rmaya karar verdim. \u0130nternette ara\u015ft\u0131rma yapmaya ba\u015flad\u0131m ve hemen Swisslasik ile kar\u015f\u0131la\u015ft\u0131m. \u0130lgili ki\u015fiyle ileti\u015fime ge\u00e7tim ve ger\u00e7ekten \u00e7ok detayl\u0131 bir \u015fekilde bilgilendirildim. Bana bask\u0131 yapmadan, kendimi iyice emin olmam i\u00e7in her zaman yeterince zaman ay\u0131rd\u0131lar. Yar\u0131m g\u00fcn i\u00e7inde, bilgi toplant\u0131s\u0131na kat\u0131lmadan her \u015feyi rezervasyon ettim &#8211; hem de ger\u00e7ekten m\u00fckemmel \u015fartlarla! U\u00e7u\u015f, otel, transfer, hizmet ve operasyon hepsi Premium paket i\u00e7inde sunuluyordu.<br\/>K\u0131sa s\u00fcre sonra \u0130stanbul&#8217;a gitmek i\u00e7in Swiss u\u00e7u\u015funu ald\u0131m ve \u015fehirden \u00e7ok etkilendim. Havaalan\u0131nda hemen kar\u015f\u0131land\u0131m ve otele g\u00f6t\u00fcr\u00fcld\u00fcm. Hemen valizlerimle ilgilenildi, odam haz\u0131rland\u0131. Her \u015fey sorunsuz bir \u015fekilde planland\u0131 ve s\u00fcrekli bilgilendirildim, hi\u00e7bir gecikme ya\u015fanmad\u0131. \u0130lk g\u00fcn\u00fcmde biraz turistik gezintiye \u00e7\u0131kma f\u0131rsat\u0131m oldu.<br\/>\u0130kinci g\u00fcn geldi\u011finde, ACIBADEM hastanesine gitmem gerekiyordu. Ger\u00e7ekten devasa bir hastane ve orada \u00e7al\u0131\u015fan herkes zengin bir izlenim b\u0131rak\u0131yordu. Her \u015fey \u00e7ok temizdi, personel bak\u0131ml\u0131yd\u0131 ve hizmet m\u00fckemmeldi. Hastane \u00e7ok b\u00fcy\u00fckt\u00fc ve ben de s\u00fcrekli d\u0131\u015far\u0131dan i\u00e7eriye giren insanlar\u0131 ve hastalar\u0131 izliyordum, ta ki beni bir terc\u00fcman alana kadar. Ad\u0131 Tolga\u2019yd\u0131. \u00c7ok dost canl\u0131s\u0131 ve a\u00e7\u0131k s\u00f6zl\u00fcyd\u00fc, b\u00f6ylece h\u0131zla her \u015feyi anlamaya ba\u015flad\u0131m. Beni g\u00f6z b\u00f6l\u00fcm\u00fcne g\u00f6t\u00fcrd\u00fc, burada tekrar bir muayene yap\u0131ld\u0131. Sonras\u0131nda, ayn\u0131 g\u00fcn i\u00e7erisinde beni operasyona alacak olan doktorla tan\u0131\u015ft\u0131m. O \u00e7ok kompetand\u0131, gen\u00e7 ve g\u00fczel bir kad\u0131nd\u0131, ofisi diplomalarla doluydu. Bana nas\u0131l bir s\u00fcre\u00e7 izlenece\u011fi tekrar anlat\u0131ld\u0131 ve o andan itibaren sadece beklemem gerekti.<br\/>Sonra her \u015fey \u00e7ok h\u0131zl\u0131 geli\u015fti. Bir anda beni ameliyat salonuna ald\u0131lar, g\u00f6zlerime damla damlat\u0131ld\u0131 ve ard\u0131ndan bir masaya uzanmak zorunda kald\u0131m. Ameliyat \u00e7ok h\u0131zl\u0131yd\u0131, 10 dakikada her \u015fey tamamland\u0131. A\u00e7\u0131k\u00e7as\u0131, benim i\u00e7in biraz zordu \u00e7\u00fcnk\u00fc kornea a\u00e7\u0131ld\u0131 ve s\u00fcrekli g\u00f6zlerime s\u0131v\u0131 damlat\u0131l\u0131yordu, bu da biraz rahats\u0131zl\u0131k veriyordu. Ama daha fazla d\u00fc\u015f\u00fcnmeye ba\u015flamadan, her \u015fey bitmi\u015fti. Sonras\u0131nda g\u00f6zlerimde o kadar g\u00fc\u00e7l\u00fc bir yanma hissi oldu ki, bu ger\u00e7ekten ac\u0131 vericiydi. Ama bu ac\u0131y\u0131 atlatt\u0131m:-) G\u00f6zlerime bir g\u00fcne\u015f g\u00f6zl\u00fc\u011f\u00fc tak\u0131ld\u0131 ve beni otele geri g\u00f6t\u00fcrd\u00fcler. Bir a\u011fr\u0131 kesici ald\u0131ktan sonra, yakla\u015f\u0131k 2 saat i\u00e7inde a\u011fr\u0131 azalmaya ba\u015flad\u0131 ve 4 saat sonra neredeyse tamamen ge\u00e7ti. M\u00fczik dinleyip uyudum.<br\/>Ertesi sabah inan\u0131lmaz bir \u015fey oldu. Uyand\u0131m ve bir anda her \u015fey farkl\u0131yd\u0131. Her \u015feyi net bir \u015fekilde g\u00f6rmeye ba\u015flad\u0131m ve bu duyguyu nas\u0131l tarif edebilirim, ger\u00e7ekten inan\u0131lmaz!                                 A\u011fr\u0131 ya da ka\u015f\u0131nt\u0131 hissetmedim, her \u015fey m\u00fckemmeldi. Sadece tam olarak net g\u00f6remiyordum. Ama bu normaldi, \u00e7\u00fcnk\u00fc iyile\u015fme s\u00fcreciyle birlikte her ge\u00e7en g\u00fcn daha iyi oldu. Bug\u00fcn, ameliyattan 2 hafta sonra, her \u015feyi net ve keskin bir \u015fekilde g\u00f6rebiliyorum. \u00d6nceden sadece g\u00f6zl\u00fckle okuyabildi\u011fim yaz\u0131lar\u0131 art\u0131k g\u00f6zl\u00fck takmadan okuyabiliyorum. Ger\u00e7ekten inan\u0131lmaz. E\u011fer Swisslasik olmasayd\u0131, sadece g\u00f6zl\u00fcks\u00fcz bir hayat i\u00e7in 5 kat\u0131 fiyat\u0131n\u0131 \u00f6demeye raz\u0131 olurdum!<br\/>Ameliyat\u0131n ertesi g\u00fcn\u00fc, doktora bir kontrol muayenesine gittim ve sonu\u00e7 %100 olarak \u00e7\u0131kt\u0131. Tam anlam\u0131yla mutluydum. Sonras\u0131nda \u0130stanbul&#8217;u biraz daha gezme ve d\u00f6n\u00fc\u015f u\u00e7a\u011f\u0131m i\u00e7in haz\u0131rl\u0131k yapma f\u0131rsat\u0131m oldu. \u0130nsanlar ve hizmet ger\u00e7ekten \u00e7ok, \u00e7ok iyiydi. Ameliyatla ilgili \u015funu s\u00f6yleyebilirim: Personel, gerekli sosyal, metodik ve uzmanl\u0131k bilgisine sahipti, ayr\u0131ca en son teknolojiye sahip cihazlar ve altyap\u0131lar kullan\u0131l\u0131yordu, ki bu baz\u0131 y\u00f6nleriyle \u0130svi\u00e7re&#8217;yi bile geride b\u0131rak\u0131yor. Tek zorluk, T\u00fcrkiye&#8217;deki ileti\u015fimdi; \u00e7\u00fcnk\u00fc insanlar \u00e7ok fazla \u0130ngilizce ya da Almanca konu\u015fam\u0131yor, ama bir \u015fekilde her \u015fey yoluna girdi.<br\/>U\u00e7akta otururken, g\u00f6zl\u00fckle ya\u015fad\u0131\u011f\u0131m zorluklar\u0131 d\u00fc\u015f\u00fcnd\u00fcm; ister spor yaparken, ister araba kullan\u0131rken, ister g\u00fcne\u015fin alt\u0131nda uzan\u0131rken vs. Ge\u00e7mi\u015fi h\u0131zla unuttum ve art\u0131k g\u00f6zl\u00fcks\u00fcz bir gelece\u011fe sahip olmay\u0131 sab\u0131rs\u0131zl\u0131kla beklemeye ba\u015flad\u0131m, en iyi ya\u015flar\u0131mda \u00f6n\u00fcme \u00e7\u0131kacak olan o g\u00fczel gelece\u011fe.<br\/>Sonu\u00e7 olarak: E\u011fer g\u00f6zl\u00fcks\u00fcz bir hayat istiyorsan\u0131z, hayat\u0131n\u0131z\u0131n tamam\u0131 \u00f6n\u00fcn\u00fczde ve zaman\u0131n\u0131z varsa, kesinlikle bunu yapmal\u0131s\u0131n\u0131z! Buradan t\u00fcm Swisslasik ekibine te\u015fekk\u00fcr eder, veda ederim!<br\/>Sayg\u0131lar\u0131mla,<br\/>Danijel Jovanovic                <\/p>\n\n<div class=\"wp-block-group is-layout-grid wp-container-core-group-is-layout-baef362d wp-block-group-is-layout-grid\">\n<p><a href=\"https:\/\/medicaltravel.at\/home\/agb\/\" data-type=\"page\" data-id=\"2191\" rel=\"nofollow noopener\" target=\"_blank\"><\/a><a href=\"https:\/\/swisslasik.ch\/tr\/patientenberichte-augenlasern-erfahrungen\/istanbulda-femto-lasik-deneyimim-27-mayis-2013-pazartesi-tarihli-raporum\/\" data-type=\"link\" data-id=\"https:\/\/swisslasik.ch\/augenlasern-lasik-erfahrungen\/meine-femto-lasik-erfahrung-in-istanbul-turkei-bericht-vom-montag-27-mai-2013\/\">\u00d6nceki rapor<\/a><\/p>\n\n\n\n<p class=\"has-text-align-right wp-container-content-5e2576f9\"><a href=\"https:\/\/medicaltravel.at\/home\/impressum\/\" data-type=\"page\" data-id=\"2193\" rel=\"nofollow noopener\" target=\"_blank\"><\/a><a href=\"https:\/\/medicaltravel.at\/home\/berichte-von-patienten\/erfahrungsberichte\/erfahrungsbericht-zahnbehandlung-in-istanbul\/\" data-type=\"page\" data-id=\"981\" rel=\"nofollow noopener\" target=\"_blank\"><\/a><a href=\"https:\/\/swisslasik.ch\/tr\/patientenberichte-augenlasern-erfahrungen\/istanbulda-gecirdigim-macerali-lazer-goez-ameliyatim-6-mart-2013-carsamba-tarihli-raporum\/\" data-type=\"link\" data-id=\"https:\/\/swisslasik.ch\/augenlasern-lasik-erfahrungen\/meine-abteuerliche-augenlaserbehandlung-in-istanbul-bericht-vom-mittwoch-06-marz-2013\/\">Sonraki rapor<\/a><\/p>\n<\/div>\n","protected":false},"excerpt":{"rendered":"<p>Swisslasik olmasayd\u0131, be\u015f kat daha fazla bile \u00f6derdim! \u2013 12 Mart 2013 Sal\u0131 tarihli rapor Swisslasik ile olan deneyimimHer \u015fey, bir ak\u015fam bir aile \u00fcyesinin, bir \u00e7al\u0131\u015fan\u0131n\u0131n g\u00f6z operasyonunu T\u00fcrkiye&#8217;de yapt\u0131rd\u0131\u011f\u0131n\u0131 s\u00f6ylemesiyle ba\u015flad\u0131. Hemen ikna oldum ve zaman, istek ve maddi a\u00e7\u0131dan bu operasyonu hemen yapt\u0131rmaya karar verdim. \u0130nternette ara\u015ft\u0131rma yapmaya ba\u015flad\u0131m ve hemen Swisslasik ile kar\u015f\u0131la\u015ft\u0131m. \u0130lgili ki\u015fiyle ileti\u015fime ge\u00e7tim ve ger\u00e7ekten \u00e7ok detayl\u0131 bir \u015fekilde bilgilendirildim. Bana bask\u0131 yapmadan, kendimi iyice emin olmam i\u00e7in her zaman yeterince zaman ay\u0131rd\u0131lar. Yar\u0131m g\u00fcn i\u00e7inde, bilgi toplant\u0131s\u0131na kat\u0131lmadan her \u015feyi rezervasyon ettim &#8211; hem de ger\u00e7ekten m\u00fckemmel \u015fartlarla! U\u00e7u\u015f, otel, transfer, hizmet ve operasyon hepsi Premium paket i\u00e7inde sunuluyordu.K\u0131sa s\u00fcre sonra \u0130stanbul&#8217;a gitmek i\u00e7in Swiss u\u00e7u\u015funu ald\u0131m ve \u015fehirden \u00e7ok etkilendim. Havaalan\u0131nda hemen kar\u015f\u0131land\u0131m ve otele g\u00f6t\u00fcr\u00fcld\u00fcm. Hemen valizlerimle ilgilenildi, odam haz\u0131rland\u0131. Her \u015fey sorunsuz bir \u015fekilde planland\u0131 ve s\u00fcrekli bilgilendirildim, hi\u00e7bir gecikme ya\u015fanmad\u0131. \u0130lk g\u00fcn\u00fcmde biraz turistik gezintiye \u00e7\u0131kma f\u0131rsat\u0131m oldu.\u0130kinci g\u00fcn geldi\u011finde, ACIBADEM hastanesine gitmem gerekiyordu. Ger\u00e7ekten devasa bir hastane ve orada \u00e7al\u0131\u015fan herkes zengin bir izlenim b\u0131rak\u0131yordu. Her \u015fey \u00e7ok temizdi, personel bak\u0131ml\u0131yd\u0131 ve hizmet m\u00fckemmeldi. Hastane \u00e7ok b\u00fcy\u00fckt\u00fc ve ben de s\u00fcrekli d\u0131\u015far\u0131dan i\u00e7eriye giren insanlar\u0131 ve hastalar\u0131 izliyordum, ta ki beni bir terc\u00fcman alana kadar. Ad\u0131 Tolga\u2019yd\u0131. \u00c7ok dost canl\u0131s\u0131 ve a\u00e7\u0131k s\u00f6zl\u00fcyd\u00fc, b\u00f6ylece h\u0131zla her \u015feyi anlamaya ba\u015flad\u0131m. Beni g\u00f6z b\u00f6l\u00fcm\u00fcne g\u00f6t\u00fcrd\u00fc, burada tekrar bir muayene yap\u0131ld\u0131. Sonras\u0131nda, ayn\u0131 g\u00fcn i\u00e7erisinde beni operasyona alacak olan doktorla tan\u0131\u015ft\u0131m. O \u00e7ok kompetand\u0131, gen\u00e7 ve g\u00fczel bir kad\u0131nd\u0131, ofisi diplomalarla doluydu. Bana nas\u0131l bir s\u00fcre\u00e7 izlenece\u011fi tekrar anlat\u0131ld\u0131 ve o andan itibaren sadece beklemem gerekti.Sonra her \u015fey \u00e7ok h\u0131zl\u0131 geli\u015fti. Bir anda beni ameliyat salonuna ald\u0131lar, g\u00f6zlerime damla damlat\u0131ld\u0131 ve ard\u0131ndan bir masaya uzanmak zorunda kald\u0131m. Ameliyat \u00e7ok h\u0131zl\u0131yd\u0131, 10 dakikada her \u015fey tamamland\u0131. A\u00e7\u0131k\u00e7as\u0131, benim i\u00e7in biraz zordu \u00e7\u00fcnk\u00fc kornea a\u00e7\u0131ld\u0131 ve s\u00fcrekli g\u00f6zlerime s\u0131v\u0131 damlat\u0131l\u0131yordu, bu da biraz rahats\u0131zl\u0131k veriyordu. Ama daha fazla d\u00fc\u015f\u00fcnmeye ba\u015flamadan, her \u015fey bitmi\u015fti. Sonras\u0131nda g\u00f6zlerimde o kadar g\u00fc\u00e7l\u00fc bir yanma hissi oldu ki, bu ger\u00e7ekten ac\u0131 vericiydi. Ama bu ac\u0131y\u0131 atlatt\u0131m:-) G\u00f6zlerime bir g\u00fcne\u015f g\u00f6zl\u00fc\u011f\u00fc tak\u0131ld\u0131 ve beni otele geri g\u00f6t\u00fcrd\u00fcler. Bir a\u011fr\u0131 kesici ald\u0131ktan sonra, yakla\u015f\u0131k 2 saat i\u00e7inde a\u011fr\u0131 azalmaya ba\u015flad\u0131 ve 4 saat sonra neredeyse tamamen ge\u00e7ti. M\u00fczik dinleyip uyudum.Ertesi sabah inan\u0131lmaz bir \u015fey oldu. Uyand\u0131m ve bir anda her \u015fey farkl\u0131yd\u0131. Her \u015feyi net bir \u015fekilde g\u00f6rmeye ba\u015flad\u0131m ve bu duyguyu nas\u0131l tarif edebilirim, ger\u00e7ekten inan\u0131lmaz! A\u011fr\u0131 ya da ka\u015f\u0131nt\u0131 hissetmedim, her \u015fey m\u00fckemmeldi. Sadece tam olarak net g\u00f6remiyordum. Ama bu normaldi, \u00e7\u00fcnk\u00fc iyile\u015fme s\u00fcreciyle birlikte her ge\u00e7en g\u00fcn daha iyi oldu. Bug\u00fcn, ameliyattan 2 hafta sonra, her \u015feyi net ve keskin bir \u015fekilde g\u00f6rebiliyorum. \u00d6nceden sadece g\u00f6zl\u00fckle okuyabildi\u011fim yaz\u0131lar\u0131 art\u0131k g\u00f6zl\u00fck takmadan okuyabiliyorum. Ger\u00e7ekten inan\u0131lmaz. E\u011fer Swisslasik olmasayd\u0131, sadece g\u00f6zl\u00fcks\u00fcz bir hayat i\u00e7in 5 kat\u0131 fiyat\u0131n\u0131 \u00f6demeye raz\u0131 olurdum!Ameliyat\u0131n ertesi g\u00fcn\u00fc, doktora bir kontrol muayenesine gittim ve sonu\u00e7 %100 olarak \u00e7\u0131kt\u0131. Tam anlam\u0131yla mutluydum. Sonras\u0131nda \u0130stanbul&#8217;u biraz daha gezme ve d\u00f6n\u00fc\u015f u\u00e7a\u011f\u0131m i\u00e7in haz\u0131rl\u0131k yapma f\u0131rsat\u0131m oldu. \u0130nsanlar ve hizmet ger\u00e7ekten \u00e7ok, \u00e7ok iyiydi. Ameliyatla ilgili \u015funu s\u00f6yleyebilirim: Personel, gerekli sosyal, metodik ve uzmanl\u0131k bilgisine sahipti, ayr\u0131ca en son teknolojiye sahip cihazlar ve altyap\u0131lar kullan\u0131l\u0131yordu, ki bu baz\u0131 y\u00f6nleriyle \u0130svi\u00e7re&#8217;yi bile geride b\u0131rak\u0131yor. Tek zorluk, T\u00fcrkiye&#8217;deki ileti\u015fimdi; \u00e7\u00fcnk\u00fc insanlar \u00e7ok fazla \u0130ngilizce ya da Almanca konu\u015fam\u0131yor, ama bir \u015fekilde her \u015fey yoluna girdi.U\u00e7akta otururken, g\u00f6zl\u00fckle ya\u015fad\u0131\u011f\u0131m zorluklar\u0131 d\u00fc\u015f\u00fcnd\u00fcm; ister spor yaparken, ister araba kullan\u0131rken, ister g\u00fcne\u015fin alt\u0131nda uzan\u0131rken vs. Ge\u00e7mi\u015fi h\u0131zla unuttum ve art\u0131k g\u00f6zl\u00fcks\u00fcz bir gelece\u011fe sahip olmay\u0131 sab\u0131rs\u0131zl\u0131kla beklemeye ba\u015flad\u0131m, en iyi ya\u015flar\u0131mda \u00f6n\u00fcme \u00e7\u0131kacak olan o g\u00fczel gelece\u011fe.Sonu\u00e7 olarak: E\u011fer g\u00f6zl\u00fcks\u00fcz bir hayat istiyorsan\u0131z, hayat\u0131n\u0131z\u0131n tamam\u0131 \u00f6n\u00fcn\u00fczde ve zaman\u0131n\u0131z varsa, kesinlikle bunu yapmal\u0131s\u0131n\u0131z! Buradan t\u00fcm Swisslasik ekibine te\u015fekk\u00fcr eder, veda ederim!Sayg\u0131lar\u0131mla,Danijel Jovanovic \u00d6nceki rapor Sonraki rapor<\/p>\n","protected":false},"author":4,"featured_media":0,"parent":3695,"menu_order":0,"comment_status":"closed","ping_status":"closed","template":"","meta":{"_joinchat":[],"footnotes":""},"class_list":["post-3756","page","type-page","status-publish","hentry"],"acf":[],"_links":{"self":[{"href":"https:\/\/swisslasik.ch\/tr\/wp-json\/wp\/v2\/pages\/3756","targetHints":{"allow":["GET"]}}],"collection":[{"href":"https:\/\/swisslasik.ch\/tr\/wp-json\/wp\/v2\/pages"}],"about":[{"href":"https:\/\/swisslasik.ch\/tr\/wp-json\/wp\/v2\/types\/page"}],"author":[{"embeddable":true,"href":"https:\/\/swisslasik.ch\/tr\/wp-json\/wp\/v2\/users\/4"}],"replies":[{"embeddable":true,"href":"https:\/\/swisslasik.ch\/tr\/wp-json\/wp\/v2\/comments?post=3756"}],"version-history":[{"count":3,"href":"https:\/\/swisslasik.ch\/tr\/wp-json\/wp\/v2\/pages\/3756\/revisions"}],"predecessor-version":[{"id":4730,"href":"https:\/\/swisslasik.ch\/tr\/wp-json\/wp\/v2\/pages\/3756\/revisions\/4730"}],"up":[{"embeddable":true,"href":"https:\/\/swisslasik.ch\/tr\/wp-json\/wp\/v2\/pages\/3695"}],"wp:attachment":[{"href":"https:\/\/swisslasik.ch\/tr\/wp-json\/wp\/v2\/media?parent=3756"}],"curies":[{"name":"wp","href":"https:\/\/api.w.org\/{rel}","templated":true}]}}