{"id":3759,"date":"2025-09-24T12:09:03","date_gmt":"2025-09-24T11:09:03","guid":{"rendered":"https:\/\/swisslasik.ch\/patientenberichte-augenlasern-erfahrungen\/cift-lazer-ameliyati-16-eyluel-2013-pazartesi-tarihli-rapor\/"},"modified":"2026-01-14T17:36:49","modified_gmt":"2026-01-14T16:36:49","slug":"cift-lazer-ameliyati-16-eyluel-2013-pazartesi-tarihli-rapor","status":"publish","type":"page","link":"https:\/\/swisslasik.ch\/tr\/patientenberichte-augenlasern-erfahrungen\/cift-lazer-ameliyati-16-eyluel-2013-pazartesi-tarihli-rapor\/","title":{"rendered":"\u00c7ift lazer ameliyat\u0131 \u2013 16 Eyl\u00fcl 2013 Pazartesi tarihli rapor"},"content":{"rendered":"\n<h3 class=\"wp-block-heading\">\u00c7ift lazer ameliyat\u0131 \u2013 16 Eyl\u00fcl 2013 Pazartesi tarihli rapor<\/h3>\n\n\n\n<figure class=\"wp-block-image size-full\"><img decoding=\"async\" width=\"120\" height=\"90\" src=\"https:\/\/swisslasik.ch\/wp-content\/uploads\/2025\/09\/csm_DSC00822__2__479629f39b.jpg\" alt=\"\" class=\"wp-image-394\"\/><\/figure>\n\n\n\n<p>Biz ikimiz de 35 y\u0131ldan fazla s\u00fcredir g\u00f6zl\u00fck tak\u0131yorduk ve sonunda bu durumdan s\u0131k\u0131lmaya ba\u015flam\u0131\u015ft\u0131k, \u00f6zellikle optik fiyatlar\u0131 g\u00f6z \u00f6n\u00fcnde bulunduruldu\u011funda. Uzun bir s\u00fcredir g\u00f6zlerimizi lazerle tedavi ettirmeyi d\u00fc\u015f\u00fcn\u00fcyorduk, ancak \u0130svi\u00e7re\u2019deki fiyatlar \u00e7ok y\u00fcksekti ve bu bizi engelliyordu. Sonras\u0131nda, yurtd\u0131\u015f\u0131nda ba\u015far\u0131l\u0131 bir \u015fekilde lazer operasyonu ge\u00e7irmi\u015f ki\u015fileri tan\u0131d\u0131k ve bu durum dikkatimizi \u00e7ekti. \u0130stanbul\u2019da yap\u0131ld\u0131\u011f\u0131n\u0131 duydu\u011fumuzda biraz \u015f\u00fcpheci olduk. Ama gerisinde bir \u0130svi\u00e7reli \u015firket oldu\u011fundan ve g\u00fcn\u00fcm\u00fczde internetten bilgi edinme imkan\u0131 oldu\u011fu i\u00e7in, bir bilgi ak\u015fam\u0131na kat\u0131lmaya karar verdik. Genel olarak her \u015fey \u00e7ok iyi organize edilmi\u015f gibi g\u00f6r\u00fcn\u00fcyordu ve i\u015flemde hata yapma riski, \u0130svi\u00e7re\u2019deki ayn\u0131 operasyonla kar\u015f\u0131la\u015ft\u0131r\u0131ld\u0131\u011f\u0131nda daha y\u00fcksek gibi durmuyordu. Uzun d\u00fc\u015f\u00fcnmelerin ard\u0131ndan, ad\u0131m\u0131 att\u0131k ve Swisslasik arac\u0131l\u0131\u011f\u0131yla kayd\u0131m\u0131z\u0131 yapt\u0131rd\u0131k. G\u00fcvenli\u011fi sa\u011flamak ad\u0131na, operasyon \u00f6ncesi Z\u00fcrih&#8217;teki bir g\u00f6z doktoruna gidip, bu operasyona uygun olup olmad\u0131\u011f\u0131m\u0131z\u0131 kontrol ettirdik. Daha \u00f6nce pek \u00e7ok g\u00f6z doktoruna gitmi\u015ftik, ama b\u00f6yle kapsaml\u0131 bir muayene g\u00f6rmemi\u015ftik. Bu, bize profesyonellik a\u00e7\u0131s\u0131ndan g\u00fcven verdi.<br>Ameliyat tarihine yakla\u015f\u0131rken, u\u00e7u\u015f tarihinden yakla\u015f\u0131k 5 g\u00fcn \u00f6nce kompakt bir bro\u015f\u00fcr \u015feklinde belgelerimizi ald\u0131k. \u0130\u00e7inde t\u00fcm ileti\u015fim bilgilerimiz, e-bilet numaralar\u0131m\u0131z ve daha fazlas\u0131 vard\u0131. Ard\u0131ndan, Per\u015fembe ak\u015fam\u0131 u\u00e7u\u015f g\u00fcn\u00fc geldi ve maceraya ba\u015flad\u0131k. \u0130stanbul Havaalan\u0131&#8217;na vard\u0131\u011f\u0131m\u0131zda, hastaneden bir \u015fof\u00f6r bizi al\u0131p otele g\u00f6t\u00fcrd\u00fc. Ertesi sabah, rahat\u00e7a kahvalt\u0131m\u0131z\u0131 yapt\u0131ktan sonra, Cuma sabah\u0131 tekrar hastane taraf\u0131ndan al\u0131nd\u0131k. Klinik \u00e7ok modern bir \u015fekilde dekore edilmi\u015f ve en son teknolojiye sahipti. Sabah, \u00e7e\u015fitli testler yap\u0131lmaya ba\u015fland\u0131 ve bir terc\u00fcman bize tahsis edildi, bizimle kolayca ileti\u015fim kurabiliyordu; bu bizim i\u00e7in \u00f6nemliydi. Testler devam ederken, g\u00f6z damlas\u0131 almam\u0131z gerekti. Bulan\u0131k bir g\u00f6r\u00fc\u015fle \u00f6\u011fle yeme\u011fimizi klinikte yedik. \u00d6\u011fleden sonra son testler yap\u0131ld\u0131 ve sonu\u00e7lar, Z\u00fcrih\u2019teki testlerle ayn\u0131yd\u0131. Bekleme odas\u0131nda, g\u00f6z operasyonu ge\u00e7irecek ba\u015fka hastalar da vard\u0131. Operasyon a\u011fr\u0131s\u0131z ge\u00e7ti, ancak biraz garip bir his vard\u0131, g\u00f6zlerdeki bask\u0131y\u0131 hissettik. K\u0131sa bir s\u00fcre sonra, bizi siyah futuristik bir g\u00f6zl\u00fckle donat\u0131p bekleme alan\u0131na y\u00f6nlendirdiler. Bir test daha yap\u0131ld\u0131 ve sonra arabaya binip otele d\u00f6nd\u00fck. A\u00e7\u0131k\u00e7as\u0131, o kadar da \u00e7ok bir \u015fey g\u00f6rmedik, sadece otele ula\u015fmay\u0131 ba\u015fard\u0131k. Ard\u0131ndan gelen \u015fey pek e\u011flenceli de\u011fildi, g\u00f6zlerimiz olduk\u00e7a yan\u0131yordu, ama bunun olaca\u011f\u0131n\u0131 biliyorduk. Buna ek olarak, burun ak\u0131nt\u0131s\u0131 ba\u015flad\u0131, ama \u015fans\u0131m\u0131za burun damlalar\u0131m\u0131z yan\u0131m\u0131zdayd\u0131.                              Yakla\u015f\u0131k 6 saat sonra ka\u015f\u0131nt\u0131 ve yanma hissi azald\u0131, en b\u00fcy\u00fck zorluk g\u00f6zlerimizi ovalamamak oldu, \u00e7\u00fcnk\u00fc g\u00f6zl\u00fckler bu hareketi engelledi. Bir s\u00fcre sonra uyuduk ve ertesi sabah olduk\u00e7a iyi hissettik, yanma hissi b\u00fcy\u00fck \u00f6l\u00e7\u00fcde ge\u00e7ti. \u0130lk &#8220;Aha&#8221; an\u0131 geldi: Ben bir hipermetrop olarak g\u00f6zl\u00fcks\u00fcz saatimi net bir \u015fekilde okuyabiliyordum, bu daha \u00f6nce g\u00f6zl\u00fckle bile do\u011fru d\u00fcr\u00fcst m\u00fcmk\u00fcn olmam\u0131\u015ft\u0131. E\u015fim, miyop olarak, uzaklar\u0131 net bir \u015fekilde g\u00f6r\u00fcyordu, ger\u00e7ekten mutluluk verici bir an. Kahvalt\u0131dan sonra, tekrar klin\u011fe g\u00f6t\u00fcr\u00fcld\u00fck ve bir kez daha muayene edildik. Her \u015fey yolundayd\u0131, herhangi bir enfeksiyon tespit edilmedi, g\u00f6zlerdeki kum hissi hala vard\u0131 ancak giderek azal\u0131yordu.<br>Otele d\u00f6nd\u00fc\u011f\u00fcm\u00fczde, bir hop-on hop-off otob\u00fcs turu yapmaya karar verdik. B\u00f6ylece \u0130stanbul&#8217;daki \u00e7e\u015fitli ilgin\u00e7 yerleri g\u00f6rme f\u0131rsat\u0131 bulduk, ger\u00e7ekten tavsiye ederim. Tabii ki her \u015fey g\u00fcne\u015f g\u00f6zl\u00fc\u011f\u00fcyleydi \u00e7\u00fcnk\u00fc \u0131\u015f\u0131\u011fa kar\u015f\u0131 hassasiyet vard\u0131. Pazar g\u00fcn\u00fc \u00f6\u011fle vakti, bizi tekrar al\u0131p havaalan\u0131na g\u00f6t\u00fcrd\u00fcler. Z\u00fcrih&#8217;teki ilk kontrol\u00fcn ard\u0131ndan, operasyon tam anlam\u0131yla ba\u015far\u0131l\u0131yd\u0131, daha fazla kontroller yap\u0131lacak ancak sonu\u00e7 olarak \u00e7ok memnun kald\u0131k. \u0130stanbul&#8217;da tekrar yapar\u0131z ve kesinlikle ba\u015fkalar\u0131na da tavsiye ederiz.<br>Corinne ve Ivan, Eyl\u00fcl 2013          <\/p>\n\n\n\n<div class=\"wp-block-group is-layout-grid wp-container-core-group-is-layout-baef362d wp-block-group-is-layout-grid\">\n<p><\/p>\n\n\n\n<p class=\"has-text-align-right wp-container-content-5e2576f9\"><a href=\"https:\/\/medicaltravel.at\/home\/impressum\/\" data-type=\"page\" data-id=\"2193\" rel=\"nofollow noopener\" target=\"_blank\"><\/a><a href=\"https:\/\/medicaltravel.at\/home\/berichte-von-patienten\/erfahrungsberichte\/erfahrungsbericht-zahnbehandlung-in-istanbul\/\" data-type=\"page\" data-id=\"981\" rel=\"nofollow noopener\" target=\"_blank\"><\/a><a href=\"https:\/\/swisslasik.ch\/tr\/patientenberichte-augenlasern-erfahrungen\/tuerkiyede-lazer-goez-ameliyati-hakkinda-hasta-raporu-25-temmuz-2013-persembe-tarihli-rapor\/\" data-type=\"link\" data-id=\"https:\/\/swisslasik.ch\/tr\/patientenberichte-augenlasern-erfahrungen\/tuerkiyede-lazer-goez-ameliyati-hakkinda-hasta-raporu-25-temmuz-2013-persembe-tarihli-rapor\/\">Sonraki rapor<\/a><\/p>\n<\/div>\n","protected":false},"excerpt":{"rendered":"<p>\u00c7ift lazer ameliyat\u0131 \u2013 16 Eyl\u00fcl 2013 Pazartesi tarihli rapor Biz ikimiz de 35 y\u0131ldan fazla s\u00fcredir g\u00f6zl\u00fck tak\u0131yorduk ve sonunda bu durumdan s\u0131k\u0131lmaya ba\u015flam\u0131\u015ft\u0131k, \u00f6zellikle optik fiyatlar\u0131 g\u00f6z \u00f6n\u00fcnde bulunduruldu\u011funda. Uzun bir s\u00fcredir g\u00f6zlerimizi lazerle tedavi ettirmeyi d\u00fc\u015f\u00fcn\u00fcyorduk, ancak \u0130svi\u00e7re\u2019deki fiyatlar \u00e7ok y\u00fcksekti ve bu bizi engelliyordu. Sonras\u0131nda, yurtd\u0131\u015f\u0131nda ba\u015far\u0131l\u0131 bir \u015fekilde lazer operasyonu ge\u00e7irmi\u015f ki\u015fileri tan\u0131d\u0131k ve bu durum dikkatimizi \u00e7ekti. \u0130stanbul\u2019da yap\u0131ld\u0131\u011f\u0131n\u0131 duydu\u011fumuzda biraz \u015f\u00fcpheci olduk. Ama gerisinde bir \u0130svi\u00e7reli \u015firket oldu\u011fundan ve g\u00fcn\u00fcm\u00fczde internetten bilgi edinme imkan\u0131 oldu\u011fu i\u00e7in, bir bilgi ak\u015fam\u0131na kat\u0131lmaya karar verdik. Genel olarak her \u015fey \u00e7ok iyi organize edilmi\u015f gibi g\u00f6r\u00fcn\u00fcyordu ve i\u015flemde hata yapma riski, \u0130svi\u00e7re\u2019deki ayn\u0131 operasyonla kar\u015f\u0131la\u015ft\u0131r\u0131ld\u0131\u011f\u0131nda daha y\u00fcksek gibi durmuyordu. Uzun d\u00fc\u015f\u00fcnmelerin ard\u0131ndan, ad\u0131m\u0131 att\u0131k ve Swisslasik arac\u0131l\u0131\u011f\u0131yla kayd\u0131m\u0131z\u0131 yapt\u0131rd\u0131k. G\u00fcvenli\u011fi sa\u011flamak ad\u0131na, operasyon \u00f6ncesi Z\u00fcrih&#8217;teki bir g\u00f6z doktoruna gidip, bu operasyona uygun olup olmad\u0131\u011f\u0131m\u0131z\u0131 kontrol ettirdik. Daha \u00f6nce pek \u00e7ok g\u00f6z doktoruna gitmi\u015ftik, ama b\u00f6yle kapsaml\u0131 bir muayene g\u00f6rmemi\u015ftik. Bu, bize profesyonellik a\u00e7\u0131s\u0131ndan g\u00fcven verdi.Ameliyat tarihine yakla\u015f\u0131rken, u\u00e7u\u015f tarihinden yakla\u015f\u0131k 5 g\u00fcn \u00f6nce kompakt bir bro\u015f\u00fcr \u015feklinde belgelerimizi ald\u0131k. \u0130\u00e7inde t\u00fcm ileti\u015fim bilgilerimiz, e-bilet numaralar\u0131m\u0131z ve daha fazlas\u0131 vard\u0131. Ard\u0131ndan, Per\u015fembe ak\u015fam\u0131 u\u00e7u\u015f g\u00fcn\u00fc geldi ve maceraya ba\u015flad\u0131k. \u0130stanbul Havaalan\u0131&#8217;na vard\u0131\u011f\u0131m\u0131zda, hastaneden bir \u015fof\u00f6r bizi al\u0131p otele g\u00f6t\u00fcrd\u00fc. Ertesi sabah, rahat\u00e7a kahvalt\u0131m\u0131z\u0131 yapt\u0131ktan sonra, Cuma sabah\u0131 tekrar hastane taraf\u0131ndan al\u0131nd\u0131k. Klinik \u00e7ok modern bir \u015fekilde dekore edilmi\u015f ve en son teknolojiye sahipti. Sabah, \u00e7e\u015fitli testler yap\u0131lmaya ba\u015fland\u0131 ve bir terc\u00fcman bize tahsis edildi, bizimle kolayca ileti\u015fim kurabiliyordu; bu bizim i\u00e7in \u00f6nemliydi. Testler devam ederken, g\u00f6z damlas\u0131 almam\u0131z gerekti. Bulan\u0131k bir g\u00f6r\u00fc\u015fle \u00f6\u011fle yeme\u011fimizi klinikte yedik. \u00d6\u011fleden sonra son testler yap\u0131ld\u0131 ve sonu\u00e7lar, Z\u00fcrih\u2019teki testlerle ayn\u0131yd\u0131. Bekleme odas\u0131nda, g\u00f6z operasyonu ge\u00e7irecek ba\u015fka hastalar da vard\u0131. Operasyon a\u011fr\u0131s\u0131z ge\u00e7ti, ancak biraz garip bir his vard\u0131, g\u00f6zlerdeki bask\u0131y\u0131 hissettik. K\u0131sa bir s\u00fcre sonra, bizi siyah futuristik bir g\u00f6zl\u00fckle donat\u0131p bekleme alan\u0131na y\u00f6nlendirdiler. Bir test daha yap\u0131ld\u0131 ve sonra arabaya binip otele d\u00f6nd\u00fck. A\u00e7\u0131k\u00e7as\u0131, o kadar da \u00e7ok bir \u015fey g\u00f6rmedik, sadece otele ula\u015fmay\u0131 ba\u015fard\u0131k. Ard\u0131ndan gelen \u015fey pek e\u011flenceli de\u011fildi, g\u00f6zlerimiz olduk\u00e7a yan\u0131yordu, ama bunun olaca\u011f\u0131n\u0131 biliyorduk. Buna ek olarak, burun ak\u0131nt\u0131s\u0131 ba\u015flad\u0131, ama \u015fans\u0131m\u0131za burun damlalar\u0131m\u0131z yan\u0131m\u0131zdayd\u0131. Yakla\u015f\u0131k 6 saat sonra ka\u015f\u0131nt\u0131 ve yanma hissi azald\u0131, en b\u00fcy\u00fck zorluk g\u00f6zlerimizi ovalamamak oldu, \u00e7\u00fcnk\u00fc g\u00f6zl\u00fckler bu hareketi engelledi. Bir s\u00fcre sonra uyuduk ve ertesi sabah olduk\u00e7a iyi hissettik, yanma hissi b\u00fcy\u00fck \u00f6l\u00e7\u00fcde ge\u00e7ti. \u0130lk &#8220;Aha&#8221; an\u0131 geldi: Ben bir hipermetrop olarak g\u00f6zl\u00fcks\u00fcz saatimi net bir \u015fekilde okuyabiliyordum, bu daha \u00f6nce g\u00f6zl\u00fckle bile do\u011fru d\u00fcr\u00fcst m\u00fcmk\u00fcn olmam\u0131\u015ft\u0131. E\u015fim, miyop olarak, uzaklar\u0131 net bir \u015fekilde g\u00f6r\u00fcyordu, ger\u00e7ekten mutluluk verici bir an. Kahvalt\u0131dan sonra, tekrar klin\u011fe g\u00f6t\u00fcr\u00fcld\u00fck ve bir kez daha muayene edildik. Her \u015fey yolundayd\u0131, herhangi bir enfeksiyon tespit edilmedi, g\u00f6zlerdeki kum hissi hala vard\u0131 ancak giderek azal\u0131yordu.Otele d\u00f6nd\u00fc\u011f\u00fcm\u00fczde, bir hop-on hop-off otob\u00fcs turu yapmaya karar verdik. B\u00f6ylece \u0130stanbul&#8217;daki \u00e7e\u015fitli ilgin\u00e7 yerleri g\u00f6rme f\u0131rsat\u0131 bulduk, ger\u00e7ekten tavsiye ederim. Tabii ki her \u015fey g\u00fcne\u015f g\u00f6zl\u00fc\u011f\u00fcyleydi \u00e7\u00fcnk\u00fc \u0131\u015f\u0131\u011fa kar\u015f\u0131 hassasiyet vard\u0131. Pazar g\u00fcn\u00fc \u00f6\u011fle vakti, bizi tekrar al\u0131p havaalan\u0131na g\u00f6t\u00fcrd\u00fcler. Z\u00fcrih&#8217;teki ilk kontrol\u00fcn ard\u0131ndan, operasyon tam anlam\u0131yla ba\u015far\u0131l\u0131yd\u0131, daha fazla kontroller yap\u0131lacak ancak sonu\u00e7 olarak \u00e7ok memnun kald\u0131k. \u0130stanbul&#8217;da tekrar yapar\u0131z ve kesinlikle ba\u015fkalar\u0131na da tavsiye ederiz.Corinne ve Ivan, Eyl\u00fcl 2013 Sonraki rapor<\/p>\n","protected":false},"author":4,"featured_media":0,"parent":3695,"menu_order":0,"comment_status":"closed","ping_status":"closed","template":"","meta":{"_joinchat":[],"footnotes":""},"class_list":["post-3759","page","type-page","status-publish","hentry"],"acf":[],"_links":{"self":[{"href":"https:\/\/swisslasik.ch\/tr\/wp-json\/wp\/v2\/pages\/3759","targetHints":{"allow":["GET"]}}],"collection":[{"href":"https:\/\/swisslasik.ch\/tr\/wp-json\/wp\/v2\/pages"}],"about":[{"href":"https:\/\/swisslasik.ch\/tr\/wp-json\/wp\/v2\/types\/page"}],"author":[{"embeddable":true,"href":"https:\/\/swisslasik.ch\/tr\/wp-json\/wp\/v2\/users\/4"}],"replies":[{"embeddable":true,"href":"https:\/\/swisslasik.ch\/tr\/wp-json\/wp\/v2\/comments?post=3759"}],"version-history":[{"count":4,"href":"https:\/\/swisslasik.ch\/tr\/wp-json\/wp\/v2\/pages\/3759\/revisions"}],"predecessor-version":[{"id":4722,"href":"https:\/\/swisslasik.ch\/tr\/wp-json\/wp\/v2\/pages\/3759\/revisions\/4722"}],"up":[{"embeddable":true,"href":"https:\/\/swisslasik.ch\/tr\/wp-json\/wp\/v2\/pages\/3695"}],"wp:attachment":[{"href":"https:\/\/swisslasik.ch\/tr\/wp-json\/wp\/v2\/media?parent=3759"}],"curies":[{"name":"wp","href":"https:\/\/api.w.org\/{rel}","templated":true}]}}