{"id":3765,"date":"2025-09-24T12:39:43","date_gmt":"2025-09-24T11:39:43","guid":{"rendered":"https:\/\/swisslasik.ch\/patientenberichte-augenlasern-erfahrungen\/istanbulda-lazer-goez-ameliyati-icin-gecirdigim-suereye-dair-rapor-25-nisan-2012-carsamba\/"},"modified":"2026-01-14T18:35:11","modified_gmt":"2026-01-14T17:35:11","slug":"istanbulda-lazer-goez-ameliyati-icin-gecirdigim-suereye-dair-rapor-25-nisan-2012-carsamba","status":"publish","type":"page","link":"https:\/\/swisslasik.ch\/tr\/patientenberichte-augenlasern-erfahrungen\/istanbulda-lazer-goez-ameliyati-icin-gecirdigim-suereye-dair-rapor-25-nisan-2012-carsamba\/","title":{"rendered":"\u0130stanbul&#8217;da lazer g\u00f6z ameliyat\u0131 i\u00e7in ge\u00e7irdi\u011fim s\u00fcreye dair rapor \u2013 25 Nisan 2012 \u00c7ar\u015famba"},"content":{"rendered":"\n<h3 class=\"wp-block-heading\">\u0130stanbul&#8217;da lazer g\u00f6z ameliyat\u0131 i\u00e7in ge\u00e7irdi\u011fim s\u00fcreye dair rapor \u2013 25 Nisan 2012 \u00c7ar\u015famba<\/h3>\n\n\n\n<p>\u0130\u015fte metnin T\u00fcrk\u00e7e \u00e7evirisi:<br>Jorge Ferreira\u2019nin Deneyim Raporu<br>\u0130stanbul&#8217;daki Konaklamam: 5.04. \u2013 8.04.2012<br>Uzun bir s\u00fcredir g\u00f6zlerimi lazerle tedavi ettirmeyi d\u00fc\u015f\u00fcn\u00fcyordum, ancak maliyet nedeniyle hep kar\u015f\u0131 durdum. Ge\u00e7en y\u0131l\u0131n sonbahar\u0131nda Swisslasik ile kar\u015f\u0131la\u015ft\u0131m. Swisslasik hakk\u0131nda daha fazla bilgi edinmek i\u00e7in ara\u015ft\u0131rmalar yapt\u0131m, deneyim raporlar\u0131n\u0131 ve Puls Magazin\u2019deki yaz\u0131y\u0131 okudum. Deneyim raporlar\u0131 bana g\u00fcven verdi ve dedim ki: \u201c\u015eimdi ya da hi\u00e7!\u201d K\u0131sa bir e-posta yaz\u0131\u015fmas\u0131n\u0131n ard\u0131ndan Arbon&#8217;da bir \u00f6n muayene randevusu ald\u0131m ve g\u00f6zlerimin tedavi i\u00e7in uygun oldu\u011funu do\u011frulad\u0131lar.<br>5 Nisan\u2019da e\u015fimle birlikte \u0130stanbul\u2019a u\u00e7tuk. Pegasus Hava Yollar\u0131 ile u\u00e7tuk ve yakla\u015f\u0131k saat 18:00\u2019de \u0130stanbul\u2019un Asya Yakas\u0131&#8217;na indik. Maalesef, giri\u015fte baz\u0131 sorunlarla kar\u015f\u0131la\u015ft\u0131k. AB vatanda\u015f\u0131 oldu\u011fum i\u00e7in vizeye ihtiyac\u0131m vard\u0131, ancak bunu 15 EUR kar\u015f\u0131l\u0131\u011f\u0131nda sonradan alabilece\u011fimi \u00f6\u011frendim. Havaalan\u0131nda bizi bekleyen \u015fof\u00f6r, bizi nazik\u00e7e kar\u015f\u0131lad\u0131 ama yol boyunca bizimle hi\u00e7 konu\u015fmad\u0131. Trafik nedeniyle yolculuk yakla\u015f\u0131k 1 saat s\u00fcrd\u00fc. Bizi otelden indirirken, sabah 7\u2019de (8 yerine) al\u0131naca\u011f\u0131m\u0131z\u0131 \u0130ngilizce olarak a\u00e7\u0131klad\u0131.<br>Park City Hotel\u2019de konaklad\u0131k. Otel, sessiz bir sokakta ve bir yaya b\u00f6lgesinde bulunuyor. Bu b\u00f6lgede bir\u00e7ok restoran ve kafe var, bu da bize \u00e7ok ho\u015f geldi. Odam\u0131z \u00e7ok k\u00fc\u00e7\u00fckt\u00fc ama temizdi. Otel personeli \u00e7ok dost canl\u0131s\u0131yd\u0131. Otel i\u00e7in tek olumsuz y\u00f6n, ses yal\u0131t\u0131m\u0131n\u0131n zay\u0131f olmas\u0131yd\u0131. Bavullar\u0131m\u0131z\u0131 yerle\u015ftirdikten sonra d\u0131\u015far\u0131 \u00e7\u0131kt\u0131k ve bir restoran se\u00e7tik. Yemekler ger\u00e7ekten \u00e7ok lezzetliydi. Osmanl\u0131 mutfa\u011f\u0131 harika. Size Hanc\u0131 Baba restoran\u0131n\u0131 tavsiye ederim. Otelden Taksim Meydan\u0131\u2019na y\u00fcr\u00fcrken bu restorandan ge\u00e7iyorsunuz. Personel \u00e7ok iyi Almanca konu\u015fuyor ve \u00e7ok arkada\u015f canl\u0131s\u0131.<br>Ertesi sabah, hastane \u00e7al\u0131\u015fan\u0131 bizi zaman\u0131nda ald\u0131. Hastaneye ula\u015fmak yakla\u015f\u0131k 15 dakika s\u00fcrd\u00fc. Oraya vard\u0131\u011f\u0131m\u0131zda, ikinci grubun gelmesini beklemek i\u00e7in yakla\u015f\u0131k 20 dakika bekledik. Hastanede bizimle ilgilenen ki\u015fi \u00e7ok dost canl\u0131s\u0131yd\u0131 ve \u00e7ok iyi Almanca konu\u015fuyordu. Bize \u00e7ok iyi bak\u0131ld\u0131. \u00d6n muayenelerden sonra, 3 saatlik bo\u015f zaman\u0131m\u0131z oldu ve hastanenin kafeteryas\u0131nda bir \u015feyler yiyebildik. Sonras\u0131nda, bir onay formu imzalad\u0131k ve g\u00f6z damlalar\u0131 i\u00e7in talimat ald\u0131k.<br>Ameliyat \u00f6ncesi haz\u0131rl\u0131klar\u0131m\u0131z tamamland\u0131 ve rehberimiz ameliyat s\u0131ras\u0131nda da yan\u0131m\u0131zdayd\u0131, bu beni \u00e7ok rahatlatt\u0131 \u00e7\u00fcnk\u00fc \u0130ngilizcem o kadar iyi de\u011fildi. Ameliyat sonras\u0131nda tekrar otele g\u00f6t\u00fcr\u00fcld\u00fck. G\u00f6zlerim \u00e7ok yan\u0131yordu ve onlar\u0131 a\u00e7amad\u0131\u011f\u0131m i\u00e7in biraz uyumaya karar verdim. 4 saat sonra yanma hissi ge\u00e7ti ve g\u00f6zlerimi tekrar a\u00e7abildim.<br>Jorge Ferreira, Frasnacht                                       <\/p>\n\n\n\n<figure class=\"wp-block-image size-full\"><img fetchpriority=\"high\" decoding=\"async\" width=\"300\" height=\"224\" src=\"https:\/\/swisslasik.ch\/wp-content\/uploads\/2025\/09\/RTEmagicC_522540_3250386096504_1172536353_32656427_876665550_n.jpg.jpg\" alt=\"\" class=\"wp-image-491\"\/><\/figure>\n\n\n\n<figure class=\"wp-block-image size-full\"><img decoding=\"async\" width=\"300\" height=\"224\" src=\"https:\/\/swisslasik.ch\/wp-content\/uploads\/2025\/09\/RTEmagicC_558356_3250366976026_1172536353_32656418_1293486564_n.jpg.jpg\" alt=\"\" class=\"wp-image-492\"\/><\/figure>\n\n\n\n<div class=\"wp-block-group is-layout-grid wp-container-core-group-is-layout-baef362d wp-block-group-is-layout-grid\">\n<p><a href=\"https:\/\/medicaltravel.at\/home\/agb\/\" data-type=\"page\" data-id=\"2191\" rel=\"nofollow noopener\" target=\"_blank\"><\/a><a href=\"https:\/\/swisslasik.ch\/tr\/patientenberichte-augenlasern-erfahrungen\/10-sentlik-madeni-parayi-20-sentlik-madeni-paradan-ayirt-etme-25-nisan-2012-carsamba-tarihli-rapor\/\" data-type=\"link\" data-id=\"https:\/\/swisslasik.ch\/augenlasern-lasik-erfahrungen\/ein-10-rappler-von-einem-20-rappler-zu-unterscheiden-bericht-vom-mittwoch-25-april-2012\/\">\u00d6nceki rapor<\/a><\/p>\n\n\n\n<p class=\"has-text-align-right wp-container-content-5e2576f9\"><a href=\"https:\/\/medicaltravel.at\/home\/impressum\/\" data-type=\"page\" data-id=\"2193\" rel=\"nofollow noopener\" target=\"_blank\"><\/a><a href=\"https:\/\/medicaltravel.at\/home\/berichte-von-patienten\/erfahrungsberichte\/erfahrungsbericht-zahnbehandlung-in-istanbul\/\" data-type=\"page\" data-id=\"981\" rel=\"nofollow noopener\" target=\"_blank\"><\/a><a href=\"https:\/\/swisslasik.ch\/tr\/patientenberichte-augenlasern-erfahrungen\/istanbulda-gecirdigim-lazer-ameliyatim-11-nisan-2012-carsamba-tarihli-rapor\/\" data-type=\"link\" data-id=\"https:\/\/swisslasik.ch\/tr\/patientenberichte-augenlasern-erfahrungen\/istanbulda-gecirdigim-lazer-ameliyatim-11-nisan-2012-carsamba-tarihli-rapor\/\">Sonraki rapor<\/a><\/p>\n<\/div>\n","protected":false},"excerpt":{"rendered":"<p>\u0130stanbul&#8217;da lazer g\u00f6z ameliyat\u0131 i\u00e7in ge\u00e7irdi\u011fim s\u00fcreye dair rapor \u2013 25 Nisan 2012 \u00c7ar\u015famba \u0130\u015fte metnin T\u00fcrk\u00e7e \u00e7evirisi:Jorge Ferreira\u2019nin Deneyim Raporu\u0130stanbul&#8217;daki Konaklamam: 5.04. \u2013 8.04.2012Uzun bir s\u00fcredir g\u00f6zlerimi lazerle tedavi ettirmeyi d\u00fc\u015f\u00fcn\u00fcyordum, ancak maliyet nedeniyle hep kar\u015f\u0131 durdum. Ge\u00e7en y\u0131l\u0131n sonbahar\u0131nda Swisslasik ile kar\u015f\u0131la\u015ft\u0131m. Swisslasik hakk\u0131nda daha fazla bilgi edinmek i\u00e7in ara\u015ft\u0131rmalar yapt\u0131m, deneyim raporlar\u0131n\u0131 ve Puls Magazin\u2019deki yaz\u0131y\u0131 okudum. Deneyim raporlar\u0131 bana g\u00fcven verdi ve dedim ki: \u201c\u015eimdi ya da hi\u00e7!\u201d K\u0131sa bir e-posta yaz\u0131\u015fmas\u0131n\u0131n ard\u0131ndan Arbon&#8217;da bir \u00f6n muayene randevusu ald\u0131m ve g\u00f6zlerimin tedavi i\u00e7in uygun oldu\u011funu do\u011frulad\u0131lar.5 Nisan\u2019da e\u015fimle birlikte \u0130stanbul\u2019a u\u00e7tuk. Pegasus Hava Yollar\u0131 ile u\u00e7tuk ve yakla\u015f\u0131k saat 18:00\u2019de \u0130stanbul\u2019un Asya Yakas\u0131&#8217;na indik. Maalesef, giri\u015fte baz\u0131 sorunlarla kar\u015f\u0131la\u015ft\u0131k. AB vatanda\u015f\u0131 oldu\u011fum i\u00e7in vizeye ihtiyac\u0131m vard\u0131, ancak bunu 15 EUR kar\u015f\u0131l\u0131\u011f\u0131nda sonradan alabilece\u011fimi \u00f6\u011frendim. Havaalan\u0131nda bizi bekleyen \u015fof\u00f6r, bizi nazik\u00e7e kar\u015f\u0131lad\u0131 ama yol boyunca bizimle hi\u00e7 konu\u015fmad\u0131. Trafik nedeniyle yolculuk yakla\u015f\u0131k 1 saat s\u00fcrd\u00fc. Bizi otelden indirirken, sabah 7\u2019de (8 yerine) al\u0131naca\u011f\u0131m\u0131z\u0131 \u0130ngilizce olarak a\u00e7\u0131klad\u0131.Park City Hotel\u2019de konaklad\u0131k. Otel, sessiz bir sokakta ve bir yaya b\u00f6lgesinde bulunuyor. Bu b\u00f6lgede bir\u00e7ok restoran ve kafe var, bu da bize \u00e7ok ho\u015f geldi. Odam\u0131z \u00e7ok k\u00fc\u00e7\u00fckt\u00fc ama temizdi. Otel personeli \u00e7ok dost canl\u0131s\u0131yd\u0131. Otel i\u00e7in tek olumsuz y\u00f6n, ses yal\u0131t\u0131m\u0131n\u0131n zay\u0131f olmas\u0131yd\u0131. Bavullar\u0131m\u0131z\u0131 yerle\u015ftirdikten sonra d\u0131\u015far\u0131 \u00e7\u0131kt\u0131k ve bir restoran se\u00e7tik. Yemekler ger\u00e7ekten \u00e7ok lezzetliydi. Osmanl\u0131 mutfa\u011f\u0131 harika. Size Hanc\u0131 Baba restoran\u0131n\u0131 tavsiye ederim. Otelden Taksim Meydan\u0131\u2019na y\u00fcr\u00fcrken bu restorandan ge\u00e7iyorsunuz. Personel \u00e7ok iyi Almanca konu\u015fuyor ve \u00e7ok arkada\u015f canl\u0131s\u0131.Ertesi sabah, hastane \u00e7al\u0131\u015fan\u0131 bizi zaman\u0131nda ald\u0131. Hastaneye ula\u015fmak yakla\u015f\u0131k 15 dakika s\u00fcrd\u00fc. Oraya vard\u0131\u011f\u0131m\u0131zda, ikinci grubun gelmesini beklemek i\u00e7in yakla\u015f\u0131k 20 dakika bekledik. Hastanede bizimle ilgilenen ki\u015fi \u00e7ok dost canl\u0131s\u0131yd\u0131 ve \u00e7ok iyi Almanca konu\u015fuyordu. Bize \u00e7ok iyi bak\u0131ld\u0131. \u00d6n muayenelerden sonra, 3 saatlik bo\u015f zaman\u0131m\u0131z oldu ve hastanenin kafeteryas\u0131nda bir \u015feyler yiyebildik. Sonras\u0131nda, bir onay formu imzalad\u0131k ve g\u00f6z damlalar\u0131 i\u00e7in talimat ald\u0131k.Ameliyat \u00f6ncesi haz\u0131rl\u0131klar\u0131m\u0131z tamamland\u0131 ve rehberimiz ameliyat s\u0131ras\u0131nda da yan\u0131m\u0131zdayd\u0131, bu beni \u00e7ok rahatlatt\u0131 \u00e7\u00fcnk\u00fc \u0130ngilizcem o kadar iyi de\u011fildi. Ameliyat sonras\u0131nda tekrar otele g\u00f6t\u00fcr\u00fcld\u00fck. G\u00f6zlerim \u00e7ok yan\u0131yordu ve onlar\u0131 a\u00e7amad\u0131\u011f\u0131m i\u00e7in biraz uyumaya karar verdim. 4 saat sonra yanma hissi ge\u00e7ti ve g\u00f6zlerimi tekrar a\u00e7abildim.Jorge Ferreira, Frasnacht \u00d6nceki rapor Sonraki rapor<\/p>\n","protected":false},"author":4,"featured_media":0,"parent":3695,"menu_order":0,"comment_status":"closed","ping_status":"closed","template":"","meta":{"_joinchat":[],"footnotes":""},"class_list":["post-3765","page","type-page","status-publish","hentry"],"acf":[],"_links":{"self":[{"href":"https:\/\/swisslasik.ch\/tr\/wp-json\/wp\/v2\/pages\/3765","targetHints":{"allow":["GET"]}}],"collection":[{"href":"https:\/\/swisslasik.ch\/tr\/wp-json\/wp\/v2\/pages"}],"about":[{"href":"https:\/\/swisslasik.ch\/tr\/wp-json\/wp\/v2\/types\/page"}],"author":[{"embeddable":true,"href":"https:\/\/swisslasik.ch\/tr\/wp-json\/wp\/v2\/users\/4"}],"replies":[{"embeddable":true,"href":"https:\/\/swisslasik.ch\/tr\/wp-json\/wp\/v2\/comments?post=3765"}],"version-history":[{"count":2,"href":"https:\/\/swisslasik.ch\/tr\/wp-json\/wp\/v2\/pages\/3765\/revisions"}],"predecessor-version":[{"id":4778,"href":"https:\/\/swisslasik.ch\/tr\/wp-json\/wp\/v2\/pages\/3765\/revisions\/4778"}],"up":[{"embeddable":true,"href":"https:\/\/swisslasik.ch\/tr\/wp-json\/wp\/v2\/pages\/3695"}],"wp:attachment":[{"href":"https:\/\/swisslasik.ch\/tr\/wp-json\/wp\/v2\/media?parent=3765"}],"curies":[{"name":"wp","href":"https:\/\/api.w.org\/{rel}","templated":true}]}}