{"id":3767,"date":"2025-09-24T12:18:03","date_gmt":"2025-09-24T11:18:03","guid":{"rendered":"https:\/\/swisslasik.ch\/patientenberichte-augenlasern-erfahrungen\/istanbuldaki-lasik-deneyimim-24-aralik-2012-pazartesi-tarihli-rapor\/"},"modified":"2026-01-14T18:16:46","modified_gmt":"2026-01-14T17:16:46","slug":"istanbuldaki-lasik-deneyimim-24-aralik-2012-pazartesi-tarihli-rapor","status":"publish","type":"page","link":"https:\/\/swisslasik.ch\/tr\/patientenberichte-augenlasern-erfahrungen\/istanbuldaki-lasik-deneyimim-24-aralik-2012-pazartesi-tarihli-rapor\/","title":{"rendered":"\u0130stanbul&#8217;daki LASIK deneyimim \u2013 24 Aral\u0131k 2012 Pazartesi tarihli rapor"},"content":{"rendered":"\n<h3 class=\"wp-block-heading\">\u0130stanbul&#8217;daki LASIK deneyimim \u2013 24 Aral\u0131k 2012 Pazartesi tarihli rapor<\/h3>\n\n<p>Here\u2019s the Turkish translation of the text:<br\/>Uzun zamand\u0131r g\u00f6zl\u00fck kullanan biri olarak, lazer tedavisi d\u00fc\u015f\u00fcncesi akl\u0131mda vard\u0131. Ancak \u0130svi\u00e7re&#8217;deki y\u00fcksek fiyatlar beni hep engelledi. Bir tesad\u00fcf sonucu Swisslasik.ch sitesine rastlad\u0131m ve hemen ikna oldum. Tabii ki arkada\u015f \u00e7evremde bir s\u00fcr\u00fc \u015fey duydum ama \u00f6zellikle Say\u0131n Karaagacli ile ileti\u015fime ge\u00e7tikten sonra \u0130stanbul\u2019a gitmeye karar verdi\u011fimden emin oldum. Yapt\u0131m, ettim. Say\u0131n Karaagacli bize seyahati 24 saat i\u00e7inde organize etti ve k\u0131sa s\u00fcrede \u0130stanbul\u2019a u\u00e7mak i\u00e7in u\u00e7a\u011fa bindik. \u0130stanbul\u2019a vard\u0131\u011f\u0131m\u0131zda, bizi \u015fof\u00f6r kar\u015f\u0131lad\u0131 ve otele g\u00f6t\u00fcrd\u00fc. Sadece 2 gece \u015fehirde kald\u0131k. Bu y\u00fczden ak\u015fam saatlerinde iki camiyi ziyaret edip \u00e7ar\u015f\u0131y\u0131 gezdik. Ertesi sabah, klinikten \u015fof\u00f6r\u00fcm\u00fcz tam vaktinde kap\u0131m\u0131za geldi ve \u0130stanbul\u2019un sabah trafi\u011finde bizi ta\u015f\u0131d\u0131. O g\u00fcn i\u00e7in hi\u00e7 bir \u015fey yapmaman\u0131z gerekti\u011fini s\u00f6yl\u00fcyorum, \u00e7\u00fcnk\u00fc bu g\u00fcn tamamen \u00f6n muayene, operasyon ve sonras\u0131 i\u00e7in ayr\u0131lm\u0131\u015f bir g\u00fcnd\u00fc. Klinik ger\u00e7ekten \u00e7ok g\u00fczel bir yerdi ve Almanca konu\u015fan rehberimiz de orada bizi bekliyordu. O bana her zaman ne oldu\u011funu \u00f6nceden a\u00e7\u0131klad\u0131. Tam anlam\u0131yla g\u00fcvenim vard\u0131. Sonu\u00e7ta, doktorlar \u0130stanbul\u2019da da \u00e7ok iyi e\u011fitim alm\u0131\u015flard\u0131r. \u0130lk olarak k\u0131sa bir g\u00f6rme testi yapt\u0131m, ard\u0131ndan g\u00f6zbebe\u011fimi b\u00fcy\u00fctmek i\u00e7in damla ald\u0131m. Doktorla g\u00f6r\u00fc\u015f\u00fcp, operasyonun yap\u0131lmas\u0131n\u0131n uygun oldu\u011funu s\u00f6yledi (\u0130svi\u00e7re\u2019deki \u00f6n muayenemi yapmam\u0131\u015ft\u0131m). Operasyon \u00f6\u011fleden sonra planlanm\u0131\u015ft\u0131 ve bizi al\u0131\u015fveri\u015f merkezi civar\u0131na g\u00f6t\u00fcrd\u00fcler, ancak biz su kenar\u0131na gitmek i\u00e7in otob\u00fcsle gittik ve orada bir kebap yedik. Sonra taksiyle tekrar klini\u011fe d\u00f6nd\u00fck ve operasyona bekledik. Sakinle\u015ftirici tablet almad\u0131m (iyi hissettim ve ben korkak biri de\u011filim), rehberim her zaman yan\u0131mdayd\u0131 ve sorular\u0131m\u0131 cevaplad\u0131, ayr\u0131ca operasyona da e\u015flik etti. Her \u015fey olduk\u00e7a h\u0131zl\u0131 ge\u00e7ti. G\u00f6zlerim halka ile a\u00e7\u0131k tutuldu ve sadece k\u0131rm\u0131z\u0131 \u0131\u015f\u0131\u011fa odaklanmam s\u00f6ylendi. Operasyondan sonra 3-4 saat boyunca rahats\u0131zl\u0131k hissettim. Ba\u015f\u0131m a\u011fr\u0131d\u0131, g\u00f6zlerim ka\u015f\u0131nd\u0131 ve hafif yanma hissi oldu. Bir koruyucu g\u00f6zl\u00fck verildi ve otele geri g\u00f6t\u00fcr\u00fcld\u00fcm. Odamda yat\u0131p g\u00f6zlerimi kapad\u0131m. G\u00f6r\u00fc\u015f\u00fcm net de\u011fildi ama operasyon sonras\u0131 g\u00f6zl\u00fck kullanmadan daha \u00f6nce g\u00f6remedi\u011fim \u015feyleri g\u00f6rmeye ba\u015flad\u0131m. Bu ilk ba\u015far\u0131yd\u0131 ve saat ge\u00e7tik\u00e7e daha iyi oldu. Ertesi g\u00fcn, kontroller i\u00e7in yine zaman\u0131nda al\u0131nd\u0131k. Doktor memnundu ve \u015fof\u00f6r bizi havaalan\u0131na g\u00f6t\u00fcrd\u00fc. \u0130lk 5 g\u00fcn i\u00e7in damlalar kullanmam s\u00f6ylendi ve sonras\u0131nda 3-6 ay boyunca g\u00fcnde 3 kez yapay g\u00f6zya\u015f\u0131 kullanmam gerekti. G\u00fcne\u015fli g\u00fcnlerde, operasyon sonras\u0131 ilk 2-3 hafta g\u00fcne\u015f g\u00f6zl\u00fc\u011f\u00fc kulland\u0131m ama \u015fu anda g\u00f6zl\u00fck kullanmadan rahat\u00e7a \u00e7\u0131kabiliyorum. Sonraki kontrollerimi \u0130svi\u00e7re\u2019de yapaca\u011f\u0131m.                                 Tamamen memnun kald\u0131m ve Swisslasik.ch&#8217;yi \u015fiddetle tavsiye ederim. Bir dahaki sefere, bunu T\u00fcrkiye&#8217;de 1-2 haftal\u0131k bir tatille birle\u015ftirip lazer g\u00f6z ameliyat\u0131n\u0131 tatilin sonuna b\u0131rak\u0131rd\u0131m. B\u00f6ylece daha fazla verim al\u0131rd\u0131m. Christian R\u00fcfenacht   <\/p>\n\n<div class=\"wp-block-group is-layout-grid wp-container-core-group-is-layout-baef362d wp-block-group-is-layout-grid\">\n<p><a href=\"https:\/\/medicaltravel.at\/home\/agb\/\" data-type=\"page\" data-id=\"2191\" rel=\"nofollow noopener\" target=\"_blank\"><\/a><a href=\"https:\/\/swisslasik.ch\/tr\/patientenberichte-augenlasern-erfahrungen\/en-yueksek-kalite-ve-hizmet-standartlari-15-ocak-2013-sali-tarihli-rapor\/\" data-type=\"link\" data-id=\"https:\/\/swisslasik.ch\/augenlasern-lasik-erfahrungen\/hochster-standard-in-qualitat-und-service-bericht-vom-dienstag-15-januar-2013\/\">\u00d6nceki rapor<\/a><\/p>\n\n\n\n<p class=\"has-text-align-right wp-container-content-5e2576f9\"><a href=\"https:\/\/medicaltravel.at\/home\/impressum\/\" data-type=\"page\" data-id=\"2193\" rel=\"nofollow noopener\" target=\"_blank\"><\/a><a href=\"https:\/\/medicaltravel.at\/home\/berichte-von-patienten\/erfahrungsberichte\/erfahrungsbericht-zahnbehandlung-in-istanbul\/\" data-type=\"page\" data-id=\"981\" rel=\"nofollow noopener\" target=\"_blank\"><\/a><a href=\"https:\/\/swisslasik.ch\/tr\/patientenberichte-augenlasern-erfahrungen\/istanbulda-supracor-ile-yaptirdigim-lazer-tedavisine-dair-deneyim-raporum-19-aralik-2012-carsamba-tarihli-rapor\/\" data-type=\"link\" data-id=\"https:\/\/swisslasik.ch\/augenlasern-lasik-erfahrungen\/erfahrungsbericht-zu-meiner-laserbehandlung-mit-supracor-in-istanbul-bericht-vom-mittwoch-19-dezember-2012\/\">Sonraki rapor<\/a><\/p>\n<\/div>\n","protected":false},"excerpt":{"rendered":"<p>\u0130stanbul&#8217;daki LASIK deneyimim \u2013 24 Aral\u0131k 2012 Pazartesi tarihli rapor Here\u2019s the Turkish translation of the text:Uzun zamand\u0131r g\u00f6zl\u00fck kullanan biri olarak, lazer tedavisi d\u00fc\u015f\u00fcncesi akl\u0131mda vard\u0131. Ancak \u0130svi\u00e7re&#8217;deki y\u00fcksek fiyatlar beni hep engelledi. Bir tesad\u00fcf sonucu Swisslasik.ch sitesine rastlad\u0131m ve hemen ikna oldum. Tabii ki arkada\u015f \u00e7evremde bir s\u00fcr\u00fc \u015fey duydum ama \u00f6zellikle Say\u0131n Karaagacli ile ileti\u015fime ge\u00e7tikten sonra \u0130stanbul\u2019a gitmeye karar verdi\u011fimden emin oldum. Yapt\u0131m, ettim. Say\u0131n Karaagacli bize seyahati 24 saat i\u00e7inde organize etti ve k\u0131sa s\u00fcrede \u0130stanbul\u2019a u\u00e7mak i\u00e7in u\u00e7a\u011fa bindik. \u0130stanbul\u2019a vard\u0131\u011f\u0131m\u0131zda, bizi \u015fof\u00f6r kar\u015f\u0131lad\u0131 ve otele g\u00f6t\u00fcrd\u00fc. Sadece 2 gece \u015fehirde kald\u0131k. Bu y\u00fczden ak\u015fam saatlerinde iki camiyi ziyaret edip \u00e7ar\u015f\u0131y\u0131 gezdik. Ertesi sabah, klinikten \u015fof\u00f6r\u00fcm\u00fcz tam vaktinde kap\u0131m\u0131za geldi ve \u0130stanbul\u2019un sabah trafi\u011finde bizi ta\u015f\u0131d\u0131. O g\u00fcn i\u00e7in hi\u00e7 bir \u015fey yapmaman\u0131z gerekti\u011fini s\u00f6yl\u00fcyorum, \u00e7\u00fcnk\u00fc bu g\u00fcn tamamen \u00f6n muayene, operasyon ve sonras\u0131 i\u00e7in ayr\u0131lm\u0131\u015f bir g\u00fcnd\u00fc. Klinik ger\u00e7ekten \u00e7ok g\u00fczel bir yerdi ve Almanca konu\u015fan rehberimiz de orada bizi bekliyordu. O bana her zaman ne oldu\u011funu \u00f6nceden a\u00e7\u0131klad\u0131. Tam anlam\u0131yla g\u00fcvenim vard\u0131. Sonu\u00e7ta, doktorlar \u0130stanbul\u2019da da \u00e7ok iyi e\u011fitim alm\u0131\u015flard\u0131r. \u0130lk olarak k\u0131sa bir g\u00f6rme testi yapt\u0131m, ard\u0131ndan g\u00f6zbebe\u011fimi b\u00fcy\u00fctmek i\u00e7in damla ald\u0131m. Doktorla g\u00f6r\u00fc\u015f\u00fcp, operasyonun yap\u0131lmas\u0131n\u0131n uygun oldu\u011funu s\u00f6yledi (\u0130svi\u00e7re\u2019deki \u00f6n muayenemi yapmam\u0131\u015ft\u0131m). Operasyon \u00f6\u011fleden sonra planlanm\u0131\u015ft\u0131 ve bizi al\u0131\u015fveri\u015f merkezi civar\u0131na g\u00f6t\u00fcrd\u00fcler, ancak biz su kenar\u0131na gitmek i\u00e7in otob\u00fcsle gittik ve orada bir kebap yedik. Sonra taksiyle tekrar klini\u011fe d\u00f6nd\u00fck ve operasyona bekledik. Sakinle\u015ftirici tablet almad\u0131m (iyi hissettim ve ben korkak biri de\u011filim), rehberim her zaman yan\u0131mdayd\u0131 ve sorular\u0131m\u0131 cevaplad\u0131, ayr\u0131ca operasyona da e\u015flik etti. Her \u015fey olduk\u00e7a h\u0131zl\u0131 ge\u00e7ti. G\u00f6zlerim halka ile a\u00e7\u0131k tutuldu ve sadece k\u0131rm\u0131z\u0131 \u0131\u015f\u0131\u011fa odaklanmam s\u00f6ylendi. Operasyondan sonra 3-4 saat boyunca rahats\u0131zl\u0131k hissettim. Ba\u015f\u0131m a\u011fr\u0131d\u0131, g\u00f6zlerim ka\u015f\u0131nd\u0131 ve hafif yanma hissi oldu. Bir koruyucu g\u00f6zl\u00fck verildi ve otele geri g\u00f6t\u00fcr\u00fcld\u00fcm. Odamda yat\u0131p g\u00f6zlerimi kapad\u0131m. G\u00f6r\u00fc\u015f\u00fcm net de\u011fildi ama operasyon sonras\u0131 g\u00f6zl\u00fck kullanmadan daha \u00f6nce g\u00f6remedi\u011fim \u015feyleri g\u00f6rmeye ba\u015flad\u0131m. Bu ilk ba\u015far\u0131yd\u0131 ve saat ge\u00e7tik\u00e7e daha iyi oldu. Ertesi g\u00fcn, kontroller i\u00e7in yine zaman\u0131nda al\u0131nd\u0131k. Doktor memnundu ve \u015fof\u00f6r bizi havaalan\u0131na g\u00f6t\u00fcrd\u00fc. \u0130lk 5 g\u00fcn i\u00e7in damlalar kullanmam s\u00f6ylendi ve sonras\u0131nda 3-6 ay boyunca g\u00fcnde 3 kez yapay g\u00f6zya\u015f\u0131 kullanmam gerekti. G\u00fcne\u015fli g\u00fcnlerde, operasyon sonras\u0131 ilk 2-3 hafta g\u00fcne\u015f g\u00f6zl\u00fc\u011f\u00fc kulland\u0131m ama \u015fu anda g\u00f6zl\u00fck kullanmadan rahat\u00e7a \u00e7\u0131kabiliyorum. Sonraki kontrollerimi \u0130svi\u00e7re\u2019de yapaca\u011f\u0131m. Tamamen memnun kald\u0131m ve Swisslasik.ch&#8217;yi \u015fiddetle tavsiye ederim. Bir dahaki sefere, bunu T\u00fcrkiye&#8217;de 1-2 haftal\u0131k bir tatille birle\u015ftirip lazer g\u00f6z ameliyat\u0131n\u0131 tatilin sonuna b\u0131rak\u0131rd\u0131m. B\u00f6ylece daha fazla verim al\u0131rd\u0131m. Christian R\u00fcfenacht \u00d6nceki rapor Sonraki rapor<\/p>\n","protected":false},"author":4,"featured_media":0,"parent":3695,"menu_order":0,"comment_status":"closed","ping_status":"closed","template":"","meta":{"_joinchat":[],"footnotes":""},"class_list":["post-3767","page","type-page","status-publish","hentry"],"acf":[],"_links":{"self":[{"href":"https:\/\/swisslasik.ch\/tr\/wp-json\/wp\/v2\/pages\/3767","targetHints":{"allow":["GET"]}}],"collection":[{"href":"https:\/\/swisslasik.ch\/tr\/wp-json\/wp\/v2\/pages"}],"about":[{"href":"https:\/\/swisslasik.ch\/tr\/wp-json\/wp\/v2\/types\/page"}],"author":[{"embeddable":true,"href":"https:\/\/swisslasik.ch\/tr\/wp-json\/wp\/v2\/users\/4"}],"replies":[{"embeddable":true,"href":"https:\/\/swisslasik.ch\/tr\/wp-json\/wp\/v2\/comments?post=3767"}],"version-history":[{"count":1,"href":"https:\/\/swisslasik.ch\/tr\/wp-json\/wp\/v2\/pages\/3767\/revisions"}],"predecessor-version":[{"id":3768,"href":"https:\/\/swisslasik.ch\/tr\/wp-json\/wp\/v2\/pages\/3767\/revisions\/3768"}],"up":[{"embeddable":true,"href":"https:\/\/swisslasik.ch\/tr\/wp-json\/wp\/v2\/pages\/3695"}],"wp:attachment":[{"href":"https:\/\/swisslasik.ch\/tr\/wp-json\/wp\/v2\/media?parent=3767"}],"curies":[{"name":"wp","href":"https:\/\/api.w.org\/{rel}","templated":true}]}}