{"id":3769,"date":"2025-09-24T12:15:14","date_gmt":"2025-09-24T11:15:14","guid":{"rendered":"https:\/\/swisslasik.ch\/patientenberichte-augenlasern-erfahrungen\/istanbulda-gecirdigim-macerali-lazer-goez-ameliyatim-6-mart-2013-carsamba-tarihli-raporum\/"},"modified":"2026-01-14T17:49:32","modified_gmt":"2026-01-14T16:49:32","slug":"istanbulda-gecirdigim-macerali-lazer-goez-ameliyatim-6-mart-2013-carsamba-tarihli-raporum","status":"publish","type":"page","link":"https:\/\/swisslasik.ch\/tr\/patientenberichte-augenlasern-erfahrungen\/istanbulda-gecirdigim-macerali-lazer-goez-ameliyatim-6-mart-2013-carsamba-tarihli-raporum\/","title":{"rendered":"\u0130stanbul&#8217;da ge\u00e7irdi\u011fim maceral\u0131 lazer g\u00f6z ameliyat\u0131m \u2013 6 Mart 2013 \u00c7ar\u015famba tarihli raporum."},"content":{"rendered":"\n<h3 class=\"wp-block-heading\">\u0130stanbul&#8217;da ge\u00e7irdi\u011fim maceral\u0131 lazer g\u00f6z ameliyat\u0131m \u2013 6 Mart 2013 \u00c7ar\u015famba tarihli raporum.<\/h3>\n\n<p>-5.75 sa\u011f g\u00f6z ve -5.25 sol g\u00f6zle neredeyse k\u00f6r olmu\u015ftum, kontakt lensleri art\u0131k kullanam\u0131yordum ve zorunlu olarak her durumda g\u00f6zl\u00fck takmak zorundayd\u0131m, bu y\u00fczden lazerle g\u00f6z tedavisi benim i\u00e7in tek \u00e7\u00f6z\u00fcm yolu oldu. Ne yaz\u0131k ki \u00e7ok kuru g\u00f6zlerim var. Bir saat kontakt lens kulland\u0131ktan sonra g\u00f6zlerim k\u0131zar\u0131yor ve her durumda g\u00f6zl\u00fck takmak benim i\u00e7in bir se\u00e7enek olmuyordu. Bir\u00e7ok arkada\u015f\u0131m g\u00f6zlerini lazerle tedavi ettirmi\u015fti. Ancak \u00e7o\u011fu \u0130svi\u00e7re&#8217;de ve \u00e7ok pahal\u0131yd\u0131. Bu benim i\u00e7in bir se\u00e7enek de\u011fildi. Annemin bir arkada\u015f\u0131, Swisslasik ve t\u00fcm i\u015flem hakk\u0131nda o kadar \u00e7ok \u00f6vg\u00fcde bulundu ki, ben de hemen g\u00f6zlerimi \u0130stanbul&#8217;da lazerle tedavi ettirmeye karar verdim. Hemen Say\u0131n Karaagacli ile ileti\u015fime ge\u00e7tim ve o andan itibaren her \u015fey \u00e7ok h\u0131zl\u0131, profesyonel, sorunsuz ve son derece dostane bir \u015fekilde ilerledi. A&#8217;dan Z&#8217;ye her \u015fey \u00e7ok iyi organize edilmi\u015fti. Otel, u\u00e7ak, transfer, operasyon, d\u00f6n\u00fc\u015f yolculu\u011fu, sonras\u0131nda yap\u0131lan kontroller\u2026 Ger\u00e7ekten &#8220;g\u00f6zlerinizi kapat\u0131n ve ge\u00e7in&#8221; demek kald\u0131. \u0130svi\u00e7re&#8217;deki \u00f6n muayeneyi tavsiye ederim. G\u00f6zlerinizin ameliyat i\u00e7in uygun olup olmad\u0131\u011f\u0131ndan emin oluyorsunuz, sorular sorabiliyor ve endi\u015feniz biraz olsun azal\u0131yor. Endi\u015feye gelince, ben \u00f6l\u00fcm korkusu ya\u015fayanlardan biriydim. G\u00f6zlerimdeki lazer operasyonu hakk\u0131nda gece g\u00fcnd\u00fcz sadece d\u00fc\u015f\u00fcn\u00fcyordum, her yerde k\u00f6r insanlar\u0131 g\u00f6r\u00fcyordum, g\u00f6zlerimle ilgili kabuslar g\u00f6r\u00fcyordum. E\u011fer her \u015feyin asl\u0131nda bu kadar korkutucu olmad\u0131\u011f\u0131n\u0131 bilseydim, LASIK \u00f6ncesi bu korkun\u00e7 bir ay\u0131 ya\u015famam gerekmeyecekti \ud83d\ude42<br\/>G\u00fcn geldi, seyahat g\u00fcn\u00fc geldi. Bu yolculu\u011fa partnerimle \u00e7\u0131kt\u0131m. Hala korku, heyecandan daha g\u00fc\u00e7l\u00fcyd\u00fc. U\u00e7u\u015f ve otel transferi sorunsuz ge\u00e7ti. \u0130stanbul\u2019a vard\u0131\u011f\u0131m\u0131zda t\u00fcm g\u00fcn al\u0131\u015fveri\u015fle vakit ge\u00e7irdik. Ak\u015fam erken yat\u0131p, ertesi g\u00fcn LASIK i\u00e7in dinlenmeye karar verdik. Ertesi g\u00fcn, (ben, partnerim ve lazerle g\u00f6zlerini tedavi ettirecek 3 ki\u015fi) zaman\u0131nda \u015fof\u00f6r\u00fcm\u00fcz taraf\u0131ndan al\u0131nd\u0131k. Klinikde, terc\u00fcman\u0131m\u0131z bizi \u00e7ok s\u0131cak bir \u015fekilde kar\u015f\u0131lad\u0131. Bize her \u015feyi a\u00e7\u0131klad\u0131, \u00f6n muayene de h\u0131zl\u0131 bir \u015fekilde yap\u0131ld\u0131. Ameliyat \u00f6\u011flen saati i\u00e7in planlanm\u0131\u015ft\u0131. Ameliyat \u00f6ncesinde bolca zaman\u0131m\u0131z oldu, hatta g\u00fczel bir \u00f6\u011fle yeme\u011fi yiyebildik. Bu bana \u00e7ok yard\u0131mc\u0131 oldu, \u00e7\u00fcnk\u00fc o g\u00fcn g\u00f6zlerini lazerle tedavi ettiren tek ki\u015fi ben de\u011fildim. \u0130yi bir gruptuk, \u00e7ok g\u00fcld\u00fck ve birbirimize cesaret verdik. Ameliyat zaman\u0131 geldi\u011finde hepimiz bir sakinle\u015ftirici hap ald\u0131k (bunu herkese tavsiye ederim). Ameliyathaneye girdi\u011fimde (terc\u00fcman\u0131m hep yan\u0131mdayd\u0131) panik yapmaya ba\u015flad\u0131m. \u0130tiraf edeyim, ben kolay bir hasta de\u011fildim. Ameliyat boyunca \u00e7ocuk gibi inledim ve terc\u00fcman\u0131m\u0131n koluna s\u0131k\u0131ca sar\u0131ld\u0131m. Zavall\u0131 adam, operasyondan sonra tam anlam\u0131yla t\u00fckenmi\u015fti. Her yerde, bedenimde onun s\u0131rt\u0131nda da \u00e7izikler vard\u0131. Ameliyat\u0131n 10-15 dakika s\u00fcrmesi gerekirken, ben yakla\u015f\u0131k 25 dakika kald\u0131m, \u00e7\u00fcnk\u00fc doktoruma ger\u00e7ekten kolayl\u0131k sa\u011flamad\u0131m. Ancak o, sakin, sab\u0131rl\u0131 ve profesyoneldi. Her \u015fey \u00e7ok temiz ve steril idi. Ameliyat\u0131n kendisi asl\u0131nda hi\u00e7 korkutucu de\u011fildi. Rahats\u0131z edici de\u011fildi ama hi\u00e7bir ac\u0131 hissetmedim ve g\u00f6z\u00fcmde bir \u015fey kesildi\u011fini bile anlamad\u0131m. O 25 dakikay\u0131 k\u0131sa bir \u015fekilde anlatmak gerekirse: Bir \u0131\u015f\u0131k patlamas\u0131 gibi. \u0130lk \u00f6nce bir k\u0131rm\u0131z\u0131 nokta, birka\u00e7 y\u0131ld\u0131z, sonra her \u015fey bulan\u0131kla\u015fmaya ba\u015flad\u0131, arada bir griye d\u00f6nd\u00fc, sonra k\u00fc\u00e7\u00fck y\u0131ld\u0131zlar, yanm\u0131\u015f sa\u00e7 kokusu (bu kokuyu seviyorum asl\u0131nda), tekrar biraz s\u0131v\u0131 damlas\u0131 ve t\u00fcm o sihir bitti. Sonras\u0131nda koruyucu g\u00f6zl\u00fck tak\u0131ld\u0131 ve beni bekleme odas\u0131na g\u00f6t\u00fcrd\u00fcler. \u0130lk \u00f6nce terc\u00fcman\u0131 teselli ettim, \u00e7\u00fcnk\u00fc o ger\u00e7ekten t\u00fckenmi\u015fti. \ud83d\ude42 Benim sakinle\u015ftirici ila\u00e7 ise \u015fimdi etkisini g\u00f6sterdi. \u00c7ok uykulu oldum ve g\u00f6zlerimi zaten a\u00e7am\u0131yordum, \u00e7\u00fcnk\u00fc g\u00f6zlerim o kadar yan\u0131yordu ve sanki bir so\u011fan do\u011fram\u0131\u015fs\u0131n\u0131z gibi a\u011fl\u0131yordu. Di\u011ferlerinin operasyonu da sorunsuz ge\u00e7ti ama onlar da ila\u00e7tan dolay\u0131 \u00e7ok yorgundular. Hepimiz otelimize geri g\u00f6t\u00fcr\u00fcld\u00fck. 4 saat kadar uzand\u0131m. \u0130lac\u0131n etkisiyle hemen uyudum. Arkada\u015f\u0131m beni uyand\u0131rd\u0131\u011f\u0131nda, operasyon sonras\u0131 ilk kez yap\u0131\u015fan g\u00f6zlerimi a\u00e7t\u0131m ve i\u015fte o an, g\u00f6rd\u00fcm! Hala biraz bulan\u0131k ama her \u015feyi net ve a\u00e7\u0131k bir \u015fekilde g\u00f6r\u00fcyordum. Bir r\u00fcya. Ak\u015fam, di\u011fer hastalarla birlikte ak\u015fam yeme\u011fine \u00e7\u0131kt\u0131k. G\u00f6zl\u00fcks\u00fcz\u2026 Yani sadece komik koruyucu g\u00fcne\u015f g\u00f6zl\u00fc\u011f\u00fcmle. Sa\u011f g\u00f6z\u00fcm \u00e7ok net g\u00f6r\u00fcyordu, sol g\u00f6z\u00fcm ise hen\u00fcz %100 net de\u011fildi. Ameliyat masas\u0131nda \u00e7ok hareket etti\u011fim sol g\u00f6z\u00fcm geride kald\u0131. Ertesi g\u00fcn o g\u00f6z\u00fcm hala iyi de\u011fildi. Doktor, bu g\u00f6z\u00fcn strese girdi\u011fini, \u00f6zellikle de ameliyat\u0131n sa\u011f g\u00f6z\u00fcme g\u00f6re daha uzun s\u00fcrd\u00fc\u011f\u00fcn\u00fc s\u00f6yledi. Sab\u0131rl\u0131 olmam gerekti\u011fini belirtti. Zaten daha \u00f6nce \u00e7ok kuru g\u00f6zlerim oldu\u011fu i\u00e7in, LASIK sonras\u0131nda da sorunlar ya\u015fad\u0131m. \u00d6zellikle sol g\u00f6zde. Sa\u011f g\u00f6z\u00fcm her ge\u00e7en g\u00fcn daha iyi oldu. Sol g\u00f6zde ise bir \u015feyler pek ilerlemedi. Hatta bir ara daha da k\u00f6t\u00fcle\u015fti. Yine de, ameliyat \u00f6ncesine g\u00f6re \u00e7ok daha iyi ama hala %70 g\u00f6rme g\u00fcc\u00fc var. \u0130svi\u00e7re&#8217;deki son kontrol\u00fcmde, doktor g\u00f6zlerimin \u00e7ok kuru oldu\u011funu s\u00f6yledi. Bana g\u00f6z damlas\u0131 ve gece kullanmak i\u00e7in bir krem verdi. Ayr\u0131ca daha fazla su i\u00e7meye ba\u015flad\u0131m ve ofiste nemlendirici bir cihaz ald\u0131m. Ameliyat\u0131m\u0131n \u00fczerinden 3.5 hafta ge\u00e7ti ve g\u00f6r\u00fc\u015f\u00fcm her ge\u00e7en g\u00fcn daha iyi ve netle\u015fiyor. Sol g\u00f6z\u00fcm yava\u015f\u00e7a iyile\u015fiyor (orada hala yakla\u015f\u0131k -0.5 miyopluk var). Bu iyile\u015fme birka\u00e7 hafta daha s\u00fcrebilir. B\u00fct\u00fcn arkada\u015flar\u0131mda iki ayda tam iyile\u015fme sa\u011fland\u0131. Bu y\u00fczden biraz daha sab\u0131rl\u0131 olmal\u0131y\u0131m, tam net g\u00f6r\u00fc\u015fe ula\u015fmam zaman alacak. Ancak \u015fikayet\u00e7i olamam. \u00c7ok iyi g\u00f6r\u00fcyorum. Yani asl\u0131nda y\u00fcksek seviyede \u015fikayet. LASIK, hayat\u0131m\u0131n en iyi kararlar\u0131ndan biriydi ve herkese tavsiye ediyorum. Son derece iyi organize edilmi\u015f, \u00e7ok uygun fiyatl\u0131 ve LASIK kalitesi \u00e7ok y\u00fcksek, \u0130stanbul&#8217;a yap\u0131lan al\u0131\u015fveri\u015f turuyla birle\u015fmi\u015f. Her sabah g\u00f6zl\u00fck sorunu olmadan uyanmak inan\u0131lmaz b\u00fcy\u00fck bir hediye. Hala bazen sabahlar\u0131 g\u00f6zl\u00fcklerimi gece masamda ararken yakal\u0131yorum kendimi. Ayr\u0131ca lens, g\u00f6z damlas\u0131, lens suyu, g\u00f6zl\u00fck \u00e7er\u00e7eveleri, g\u00f6zl\u00fck camlar\u0131 gibi \u015feylere s\u00fcrekli para ve zaman harcamamak b\u00fcy\u00fck bir avantaj. O y\u00fczden tekrar Say\u0131n Karaagacli&#8217;ye nazik ve sab\u0131rl\u0131 rehberli\u011fi, profesyonel hizmeti ve Swisslasik&#8217;teki doktorlara, operasyon sonras\u0131 \u0130svi\u00e7re&#8217;deki sol g\u00f6z\u00fcmle ilgilendikleri i\u00e7in b\u00fcy\u00fck bir te\u015fekk\u00fcr ediyorum.<br\/>06 Mart 2013<br\/>Laura Ottoni<\/p>\n\n<div class=\"wp-block-group is-layout-grid wp-container-core-group-is-layout-baef362d wp-block-group-is-layout-grid\">\n<p><a href=\"https:\/\/medicaltravel.at\/home\/agb\/\" data-type=\"page\" data-id=\"2191\" rel=\"nofollow noopener\" target=\"_blank\"><\/a><a href=\"https:\/\/swisslasik.ch\/tr\/patientenberichte-augenlasern-erfahrungen\/swisslasik-olmasaydi-bes-kat-daha-fazla-bile-oederdim-12-mart-2013-sali-tarihli-rapor\/\" data-type=\"link\" data-id=\"https:\/\/swisslasik.ch\/augenlasern-lasik-erfahrungen\/ich-wurde-sogar-das-5-fache-bezahlen-wenn-es-swisslasik-nicht-geben-wurde-bericht-vom-dienstag-12-marz-2013\/\">\u00d6nceki rapor<\/a><\/p>\n\n\n\n<p class=\"has-text-align-right wp-container-content-5e2576f9\"><a href=\"https:\/\/medicaltravel.at\/home\/impressum\/\" data-type=\"page\" data-id=\"2193\" rel=\"nofollow noopener\" target=\"_blank\"><\/a><a href=\"https:\/\/medicaltravel.at\/home\/berichte-von-patienten\/erfahrungsberichte\/erfahrungsbericht-zahnbehandlung-in-istanbul\/\" data-type=\"page\" data-id=\"981\" rel=\"nofollow noopener\" target=\"_blank\"><\/a><a href=\"https:\/\/swisslasik.ch\/tr\/patientenberichte-augenlasern-erfahrungen\/swisslasik-deneyim-raporu-5-subat-2013-sali-tarihli-rapor\/\" data-type=\"link\" data-id=\"https:\/\/swisslasik.ch\/augenlasern-lasik-erfahrungen\/erfahrungsbericht-swisslasik-bericht-vom-dienstag-05-februar-2013\/\">Sonraki rapor<\/a><\/p>\n<\/div>\n","protected":false},"excerpt":{"rendered":"<p>\u0130stanbul&#8217;da ge\u00e7irdi\u011fim maceral\u0131 lazer g\u00f6z ameliyat\u0131m \u2013 6 Mart 2013 \u00c7ar\u015famba tarihli raporum. -5.75 sa\u011f g\u00f6z ve -5.25 sol g\u00f6zle neredeyse k\u00f6r olmu\u015ftum, kontakt lensleri art\u0131k kullanam\u0131yordum ve zorunlu olarak her durumda g\u00f6zl\u00fck takmak zorundayd\u0131m, bu y\u00fczden lazerle g\u00f6z tedavisi benim i\u00e7in tek \u00e7\u00f6z\u00fcm yolu oldu. Ne yaz\u0131k ki \u00e7ok kuru g\u00f6zlerim var. Bir saat kontakt lens kulland\u0131ktan sonra g\u00f6zlerim k\u0131zar\u0131yor ve her durumda g\u00f6zl\u00fck takmak benim i\u00e7in bir se\u00e7enek olmuyordu. Bir\u00e7ok arkada\u015f\u0131m g\u00f6zlerini lazerle tedavi ettirmi\u015fti. Ancak \u00e7o\u011fu \u0130svi\u00e7re&#8217;de ve \u00e7ok pahal\u0131yd\u0131. Bu benim i\u00e7in bir se\u00e7enek de\u011fildi. Annemin bir arkada\u015f\u0131, Swisslasik ve t\u00fcm i\u015flem hakk\u0131nda o kadar \u00e7ok \u00f6vg\u00fcde bulundu ki, ben de hemen g\u00f6zlerimi \u0130stanbul&#8217;da lazerle tedavi ettirmeye karar verdim. Hemen Say\u0131n Karaagacli ile ileti\u015fime ge\u00e7tim ve o andan itibaren her \u015fey \u00e7ok h\u0131zl\u0131, profesyonel, sorunsuz ve son derece dostane bir \u015fekilde ilerledi. A&#8217;dan Z&#8217;ye her \u015fey \u00e7ok iyi organize edilmi\u015fti. Otel, u\u00e7ak, transfer, operasyon, d\u00f6n\u00fc\u015f yolculu\u011fu, sonras\u0131nda yap\u0131lan kontroller\u2026 Ger\u00e7ekten &#8220;g\u00f6zlerinizi kapat\u0131n ve ge\u00e7in&#8221; demek kald\u0131. \u0130svi\u00e7re&#8217;deki \u00f6n muayeneyi tavsiye ederim. G\u00f6zlerinizin ameliyat i\u00e7in uygun olup olmad\u0131\u011f\u0131ndan emin oluyorsunuz, sorular sorabiliyor ve endi\u015feniz biraz olsun azal\u0131yor. Endi\u015feye gelince, ben \u00f6l\u00fcm korkusu ya\u015fayanlardan biriydim. G\u00f6zlerimdeki lazer operasyonu hakk\u0131nda gece g\u00fcnd\u00fcz sadece d\u00fc\u015f\u00fcn\u00fcyordum, her yerde k\u00f6r insanlar\u0131 g\u00f6r\u00fcyordum, g\u00f6zlerimle ilgili kabuslar g\u00f6r\u00fcyordum. E\u011fer her \u015feyin asl\u0131nda bu kadar korkutucu olmad\u0131\u011f\u0131n\u0131 bilseydim, LASIK \u00f6ncesi bu korkun\u00e7 bir ay\u0131 ya\u015famam gerekmeyecekti \ud83d\ude42G\u00fcn geldi, seyahat g\u00fcn\u00fc geldi. Bu yolculu\u011fa partnerimle \u00e7\u0131kt\u0131m. Hala korku, heyecandan daha g\u00fc\u00e7l\u00fcyd\u00fc. U\u00e7u\u015f ve otel transferi sorunsuz ge\u00e7ti. \u0130stanbul\u2019a vard\u0131\u011f\u0131m\u0131zda t\u00fcm g\u00fcn al\u0131\u015fveri\u015fle vakit ge\u00e7irdik. Ak\u015fam erken yat\u0131p, ertesi g\u00fcn LASIK i\u00e7in dinlenmeye karar verdik. Ertesi g\u00fcn, (ben, partnerim ve lazerle g\u00f6zlerini tedavi ettirecek 3 ki\u015fi) zaman\u0131nda \u015fof\u00f6r\u00fcm\u00fcz taraf\u0131ndan al\u0131nd\u0131k. Klinikde, terc\u00fcman\u0131m\u0131z bizi \u00e7ok s\u0131cak bir \u015fekilde kar\u015f\u0131lad\u0131. Bize her \u015feyi a\u00e7\u0131klad\u0131, \u00f6n muayene de h\u0131zl\u0131 bir \u015fekilde yap\u0131ld\u0131. Ameliyat \u00f6\u011flen saati i\u00e7in planlanm\u0131\u015ft\u0131. Ameliyat \u00f6ncesinde bolca zaman\u0131m\u0131z oldu, hatta g\u00fczel bir \u00f6\u011fle yeme\u011fi yiyebildik. Bu bana \u00e7ok yard\u0131mc\u0131 oldu, \u00e7\u00fcnk\u00fc o g\u00fcn g\u00f6zlerini lazerle tedavi ettiren tek ki\u015fi ben de\u011fildim. \u0130yi bir gruptuk, \u00e7ok g\u00fcld\u00fck ve birbirimize cesaret verdik. Ameliyat zaman\u0131 geldi\u011finde hepimiz bir sakinle\u015ftirici hap ald\u0131k (bunu herkese tavsiye ederim). Ameliyathaneye girdi\u011fimde (terc\u00fcman\u0131m hep yan\u0131mdayd\u0131) panik yapmaya ba\u015flad\u0131m. \u0130tiraf edeyim, ben kolay bir hasta de\u011fildim. Ameliyat boyunca \u00e7ocuk gibi inledim ve terc\u00fcman\u0131m\u0131n koluna s\u0131k\u0131ca sar\u0131ld\u0131m. Zavall\u0131 adam, operasyondan sonra tam anlam\u0131yla t\u00fckenmi\u015fti. Her yerde, bedenimde onun s\u0131rt\u0131nda da \u00e7izikler vard\u0131. Ameliyat\u0131n 10-15 dakika s\u00fcrmesi gerekirken, ben yakla\u015f\u0131k 25 dakika kald\u0131m, \u00e7\u00fcnk\u00fc doktoruma ger\u00e7ekten kolayl\u0131k sa\u011flamad\u0131m. Ancak o, sakin, sab\u0131rl\u0131 ve profesyoneldi. Her \u015fey \u00e7ok temiz ve steril idi. Ameliyat\u0131n kendisi asl\u0131nda hi\u00e7 korkutucu de\u011fildi. Rahats\u0131z edici de\u011fildi ama hi\u00e7bir ac\u0131 hissetmedim ve g\u00f6z\u00fcmde bir \u015fey kesildi\u011fini bile anlamad\u0131m. O 25 dakikay\u0131 k\u0131sa bir \u015fekilde anlatmak gerekirse: Bir \u0131\u015f\u0131k patlamas\u0131 gibi. \u0130lk \u00f6nce bir k\u0131rm\u0131z\u0131 nokta, birka\u00e7 y\u0131ld\u0131z, sonra her \u015fey bulan\u0131kla\u015fmaya ba\u015flad\u0131, arada bir griye d\u00f6nd\u00fc, sonra k\u00fc\u00e7\u00fck y\u0131ld\u0131zlar, yanm\u0131\u015f sa\u00e7 kokusu (bu kokuyu seviyorum asl\u0131nda), tekrar biraz s\u0131v\u0131 damlas\u0131 ve t\u00fcm o sihir bitti. Sonras\u0131nda koruyucu g\u00f6zl\u00fck tak\u0131ld\u0131 ve beni bekleme odas\u0131na g\u00f6t\u00fcrd\u00fcler. \u0130lk \u00f6nce terc\u00fcman\u0131 teselli ettim, \u00e7\u00fcnk\u00fc o ger\u00e7ekten t\u00fckenmi\u015fti. \ud83d\ude42 Benim sakinle\u015ftirici ila\u00e7 ise \u015fimdi etkisini g\u00f6sterdi. \u00c7ok uykulu oldum ve g\u00f6zlerimi zaten a\u00e7am\u0131yordum, \u00e7\u00fcnk\u00fc g\u00f6zlerim o kadar yan\u0131yordu ve sanki bir so\u011fan do\u011fram\u0131\u015fs\u0131n\u0131z gibi a\u011fl\u0131yordu. Di\u011ferlerinin operasyonu da sorunsuz ge\u00e7ti ama onlar da ila\u00e7tan dolay\u0131 \u00e7ok yorgundular. Hepimiz otelimize geri g\u00f6t\u00fcr\u00fcld\u00fck. 4 saat kadar uzand\u0131m. \u0130lac\u0131n etkisiyle hemen uyudum. Arkada\u015f\u0131m beni uyand\u0131rd\u0131\u011f\u0131nda, operasyon sonras\u0131 ilk kez yap\u0131\u015fan g\u00f6zlerimi a\u00e7t\u0131m ve i\u015fte o an, g\u00f6rd\u00fcm! Hala biraz bulan\u0131k ama her \u015feyi net ve a\u00e7\u0131k bir \u015fekilde g\u00f6r\u00fcyordum. Bir r\u00fcya. Ak\u015fam, di\u011fer hastalarla birlikte ak\u015fam yeme\u011fine \u00e7\u0131kt\u0131k. G\u00f6zl\u00fcks\u00fcz\u2026 Yani sadece komik koruyucu g\u00fcne\u015f g\u00f6zl\u00fc\u011f\u00fcmle. Sa\u011f g\u00f6z\u00fcm \u00e7ok net g\u00f6r\u00fcyordu, sol g\u00f6z\u00fcm ise hen\u00fcz %100 net de\u011fildi. Ameliyat masas\u0131nda \u00e7ok hareket etti\u011fim sol g\u00f6z\u00fcm geride kald\u0131. Ertesi g\u00fcn o g\u00f6z\u00fcm hala iyi de\u011fildi. Doktor, bu g\u00f6z\u00fcn strese girdi\u011fini, \u00f6zellikle de ameliyat\u0131n sa\u011f g\u00f6z\u00fcme g\u00f6re daha uzun s\u00fcrd\u00fc\u011f\u00fcn\u00fc s\u00f6yledi. Sab\u0131rl\u0131 olmam gerekti\u011fini belirtti. Zaten daha \u00f6nce \u00e7ok kuru g\u00f6zlerim oldu\u011fu i\u00e7in, LASIK sonras\u0131nda da sorunlar ya\u015fad\u0131m. \u00d6zellikle sol g\u00f6zde. Sa\u011f g\u00f6z\u00fcm her ge\u00e7en g\u00fcn daha iyi oldu. Sol g\u00f6zde ise bir \u015feyler pek ilerlemedi. Hatta bir ara daha da k\u00f6t\u00fcle\u015fti. Yine de, ameliyat \u00f6ncesine g\u00f6re \u00e7ok daha iyi ama hala %70 g\u00f6rme g\u00fcc\u00fc var. \u0130svi\u00e7re&#8217;deki son kontrol\u00fcmde, doktor g\u00f6zlerimin \u00e7ok kuru oldu\u011funu s\u00f6yledi. Bana g\u00f6z damlas\u0131 ve gece kullanmak i\u00e7in bir krem verdi. Ayr\u0131ca daha fazla su i\u00e7meye ba\u015flad\u0131m ve ofiste nemlendirici bir cihaz ald\u0131m. Ameliyat\u0131m\u0131n \u00fczerinden 3.5 hafta ge\u00e7ti ve g\u00f6r\u00fc\u015f\u00fcm her ge\u00e7en g\u00fcn daha iyi ve netle\u015fiyor. Sol g\u00f6z\u00fcm yava\u015f\u00e7a iyile\u015fiyor (orada hala yakla\u015f\u0131k -0.5 miyopluk var). Bu iyile\u015fme birka\u00e7 hafta daha s\u00fcrebilir. B\u00fct\u00fcn arkada\u015flar\u0131mda iki ayda tam iyile\u015fme sa\u011fland\u0131. Bu y\u00fczden biraz daha sab\u0131rl\u0131 olmal\u0131y\u0131m, tam net g\u00f6r\u00fc\u015fe ula\u015fmam zaman alacak. Ancak \u015fikayet\u00e7i olamam. \u00c7ok iyi g\u00f6r\u00fcyorum. Yani asl\u0131nda y\u00fcksek seviyede \u015fikayet. LASIK, hayat\u0131m\u0131n en iyi kararlar\u0131ndan biriydi ve herkese tavsiye ediyorum. Son derece iyi organize edilmi\u015f, \u00e7ok uygun fiyatl\u0131 ve LASIK kalitesi \u00e7ok y\u00fcksek, \u0130stanbul&#8217;a yap\u0131lan al\u0131\u015fveri\u015f turuyla birle\u015fmi\u015f. Her sabah g\u00f6zl\u00fck sorunu olmadan uyanmak inan\u0131lmaz b\u00fcy\u00fck bir hediye. Hala bazen sabahlar\u0131 g\u00f6zl\u00fcklerimi gece masamda ararken yakal\u0131yorum kendimi. Ayr\u0131ca lens, g\u00f6z damlas\u0131, lens suyu, g\u00f6zl\u00fck \u00e7er\u00e7eveleri, g\u00f6zl\u00fck camlar\u0131 gibi \u015feylere s\u00fcrekli para ve zaman harcamamak b\u00fcy\u00fck bir avantaj. O y\u00fczden tekrar Say\u0131n Karaagacli&#8217;ye nazik ve sab\u0131rl\u0131 rehberli\u011fi, profesyonel hizmeti ve Swisslasik&#8217;teki doktorlara, operasyon sonras\u0131 \u0130svi\u00e7re&#8217;deki sol g\u00f6z\u00fcmle ilgilendikleri i\u00e7in b\u00fcy\u00fck bir te\u015fekk\u00fcr ediyorum.06 Mart 2013Laura Ottoni \u00d6nceki rapor Sonraki rapor<\/p>\n","protected":false},"author":4,"featured_media":0,"parent":3695,"menu_order":0,"comment_status":"closed","ping_status":"closed","template":"","meta":{"_joinchat":[],"footnotes":""},"class_list":["post-3769","page","type-page","status-publish","hentry"],"acf":[],"_links":{"self":[{"href":"https:\/\/swisslasik.ch\/tr\/wp-json\/wp\/v2\/pages\/3769","targetHints":{"allow":["GET"]}}],"collection":[{"href":"https:\/\/swisslasik.ch\/tr\/wp-json\/wp\/v2\/pages"}],"about":[{"href":"https:\/\/swisslasik.ch\/tr\/wp-json\/wp\/v2\/types\/page"}],"author":[{"embeddable":true,"href":"https:\/\/swisslasik.ch\/tr\/wp-json\/wp\/v2\/users\/4"}],"replies":[{"embeddable":true,"href":"https:\/\/swisslasik.ch\/tr\/wp-json\/wp\/v2\/comments?post=3769"}],"version-history":[{"count":1,"href":"https:\/\/swisslasik.ch\/tr\/wp-json\/wp\/v2\/pages\/3769\/revisions"}],"predecessor-version":[{"id":3770,"href":"https:\/\/swisslasik.ch\/tr\/wp-json\/wp\/v2\/pages\/3769\/revisions\/3770"}],"up":[{"embeddable":true,"href":"https:\/\/swisslasik.ch\/tr\/wp-json\/wp\/v2\/pages\/3695"}],"wp:attachment":[{"href":"https:\/\/swisslasik.ch\/tr\/wp-json\/wp\/v2\/media?parent=3769"}],"curies":[{"name":"wp","href":"https:\/\/api.w.org\/{rel}","templated":true}]}}