{"id":3771,"date":"2025-09-24T12:12:58","date_gmt":"2025-09-24T11:12:58","guid":{"rendered":"https:\/\/swisslasik.ch\/patientenberichte-augenlasern-erfahrungen\/istanbulda-meme-kuecueltme-ve-liposuction-ameliyatim-8-temmuz-2013-pazartesi-tarihli-rapor\/"},"modified":"2026-01-14T17:39:55","modified_gmt":"2026-01-14T16:39:55","slug":"istanbulda-meme-kuecueltme-ve-liposuction-ameliyatim-8-temmuz-2013-pazartesi-tarihli-rapor","status":"publish","type":"page","link":"https:\/\/swisslasik.ch\/tr\/patientenberichte-augenlasern-erfahrungen\/istanbulda-meme-kuecueltme-ve-liposuction-ameliyatim-8-temmuz-2013-pazartesi-tarihli-rapor\/","title":{"rendered":"\u0130stanbul&#8217;da meme k\u00fc\u00e7\u00fcltme ve liposuction ameliyat\u0131m &#8211; 8 Temmuz 2013 Pazartesi tarihli rapor"},"content":{"rendered":"\n<h3 class=\"wp-block-heading\">\u0130stanbul&#8217;da meme k\u00fc\u00e7\u00fcltme ve liposuction ameliyat\u0131m &#8211; 8 Temmuz 2013 Pazartesi tarihli rapor<\/h3>\n\n\n\n<p>Uzun bir s\u00fcredir g\u00f6\u011f\u00fcs k\u00fc\u00e7\u00fcltme ameliyat\u0131 yapt\u0131rmak istiyordum. Ancak sigorta bunu kar\u015f\u0131lamad\u0131\u011f\u0131 i\u00e7in, paray\u0131 biriktirmem gerekiyordu. Daha sonra bir i\u015f arkada\u015f\u0131m arac\u0131l\u0131\u011f\u0131yla SwissLasik&#8217;ten haberdar oldum ve \u0130stanbul&#8217;daki estetik cerrahi imkanlar\u0131 hakk\u0131nda bilgi ald\u0131m. \u0130yi bir dan\u0131\u015fmanl\u0131k ald\u0131m ve Z\u00fcrich&#8217;teki bilgilendirme ak\u015fam\u0131na da kat\u0131ld\u0131m. \u0130stanbul&#8217;da ameliyat yapma karar\u0131 tamamen maddi bir karard\u0131. Ba\u015flang\u0131\u00e7ta birka\u00e7 kez Say\u0131n Karaagacli ile ileti\u015fime ge\u00e7tim. Her zaman h\u0131zl\u0131 ve profesyonel bir \u015fekilde yan\u0131t verdi. Herhangi bir soru ya da talep oldu\u011funda da her zaman yard\u0131mc\u0131 oldu. T\u00fcm seyahatin planlamas\u0131 onun taraf\u0131ndan yap\u0131ld\u0131 ve her \u015fey m\u00fckemmel \u015fekilde ger\u00e7ekle\u015fti. SwissLasik-Pass ad\u0131 verilen bir belge haz\u0131rlad\u0131k, burada kontrollerin zamanlar\u0131 vs. belirtilmi\u015fti, bu \u00e7ok faydal\u0131 oldu. Ayr\u0131ca \u0130stanbul&#8217;da her zaman al\u0131nd\u0131k, bu da %100 sorunsuz bir \u015fekilde ger\u00e7ekle\u015fti. \u0130stanbul&#8217;a vard\u0131\u011f\u0131m\u0131zda, Taksim Meydan\u0131&#8217;ndaki b\u00fcy\u00fck olaylar nedeniyle otelimizi de\u011fi\u015ftirmemiz gerekti. Di\u011fer otel merkezi bir yerde de\u011fildi ama yine de g\u00fczel bir konumdayd\u0131. Ancak, benim ameliyat\u0131m oldu\u011fu i\u00e7in birka\u00e7 g\u00fcn yaln\u0131z kalmas\u0131 gereken arkada\u015f\u0131m i\u00e7in havuzlu bir otel istedik, bu da sonunda ayarland\u0131. Doktorla \u00f6n g\u00f6r\u00fc\u015fme \u0130ngilizce yap\u0131ld\u0131. Ancak istenildi\u011fi takdirde terc\u00fcman da sa\u011flanabiliyordu. Hastanede birka\u00e7 ki\u015fi Almanca konu\u015fabiliyordu. Doktor, her \u015feyi detayl\u0131 bir \u015fekilde a\u00e7\u0131klad\u0131 ve anestezi doktoru ile de bir g\u00f6r\u00fc\u015fme yap\u0131ld\u0131. Ertesi g\u00fcn \u00f6\u011fle saatlerinde operasyon ba\u015flad\u0131 ve 8 saat s\u00fcrd\u00fc. Ak\u015fam odaya al\u0131nd\u0131m. Tek ki\u015filik bir odam vard\u0131. \u0130lk gece b\u00fcy\u00fck ac\u0131lar \u00e7ektim ama personel d\u00fczenli olarak beni ziyaret etti. Bazen kendimi anla\u015f\u0131lmam\u0131\u015f ve yaln\u0131z hissettim. Bu kadar a\u011fr\u0131 \u00e7ekerken, yabanc\u0131 bir \u00fclkede olmak benim i\u00e7in kolay de\u011fildi ve bunu biraz hafife alm\u0131\u015f\u0131m. Bir gece daha kalmam gerekti. Ameliyat sonras\u0131 \u00e7ok k\u0131r\u0131lgan ve psikolojik olarak biraz yorgun hissettim. B\u00f6yle uzun bir operasyonu beklememi\u015ftim. \u00dc\u00e7\u00fcnc\u00fc g\u00fcn hastaneden \u00e7\u0131kt\u0131m, doktoruma g\u00f6re en iyisi buydu, \u00e7\u00fcnk\u00fc burada arkada\u015f\u0131m yan\u0131mdayd\u0131. Hastaneye iki kez daha kontrol i\u00e7in gitmem gerekti. Transferler her zaman sorunsuz oldu. Bu t\u00fcr bir operasyon ve sonras\u0131nda otelde ge\u00e7en zaman benim i\u00e7in pek kolay de\u011fildi. Bu a\u011fr\u0131larla kendi \u00fclkemde olmay\u0131 tercih ederdim. Ama yine de yap\u0131labilir bir \u015feydi, \u00e7\u00fcnk\u00fc arkada\u015f\u0131m bana \u00e7ok iyi bakt\u0131. Bug\u00fcn sonu\u00e7tan \u00e7ok memnunum. Doktor ger\u00e7ekten \u00e7ok iyi bir i\u015f yapt\u0131. B\u00f6yle bir operasyonu tavsiye edebilirim. \u00d6nceden yap\u0131lan kontroller kesinlikle yap\u0131lmal\u0131. Yine de sonu\u00e7ta bir operasyon ve her \u015feyin nas\u0131l geli\u015fece\u011fini kesin olarak bilemezsiniz.                                     Doktorlar kesinlikle \u0130svi\u00e7re&#8217;dekilerle ayn\u0131 standartta. Clara B. <\/p>\n\n\n\n<div class=\"wp-block-group is-layout-grid wp-container-core-group-is-layout-baef362d wp-block-group-is-layout-grid\">\n<p><a href=\"https:\/\/medicaltravel.at\/home\/agb\/\" data-type=\"page\" data-id=\"2191\" rel=\"nofollow noopener\" target=\"_blank\"><\/a><a href=\"https:\/\/swisslasik.ch\/tr\/patientenberichte-augenlasern-erfahrungen\/hasta-raporu-istanbulda-goez-ameliyati-8-temmuz-2013-pazartesi-tarihli-rapor\/\" data-type=\"link\" data-id=\"https:\/\/swisslasik.ch\/tr\/patientenberichte-augenlasern-erfahrungen\/hasta-raporu-istanbulda-goez-ameliyati-8-temmuz-2013-pazartesi-tarihli-rapor\/\">\u00d6nceki rapor<\/a><\/p>\n\n\n\n<p class=\"has-text-align-right wp-container-content-5e2576f9\"><a href=\"https:\/\/medicaltravel.at\/home\/impressum\/\" data-type=\"page\" data-id=\"2193\" rel=\"nofollow noopener\" target=\"_blank\"><\/a><a href=\"https:\/\/medicaltravel.at\/home\/berichte-von-patienten\/erfahrungsberichte\/erfahrungsbericht-zahnbehandlung-in-istanbul\/\" data-type=\"page\" data-id=\"981\" rel=\"nofollow noopener\" target=\"_blank\"><\/a><a href=\"https:\/\/swisslasik.ch\/tr\/patientenberichte-augenlasern-erfahrungen\/swisslasik-araciligiyla-istanbulda-yapilan-goez-ameliyatina-iliskin-deneyim-raporu-18-haziran-2013-sali-tarihli-rapor\/\" data-type=\"link\" data-id=\"https:\/\/swisslasik.ch\/augenlasern-lasik-erfahrungen\/erfahrungsbericht-augenoperation-in-istanbul-uber-swisslasik-bericht-vom-dienstag-18-juni-2013\/\">Sonraki rapor<\/a><\/p>\n<\/div>\n","protected":false},"excerpt":{"rendered":"<p>\u0130stanbul&#8217;da meme k\u00fc\u00e7\u00fcltme ve liposuction ameliyat\u0131m &#8211; 8 Temmuz 2013 Pazartesi tarihli rapor Uzun bir s\u00fcredir g\u00f6\u011f\u00fcs k\u00fc\u00e7\u00fcltme ameliyat\u0131 yapt\u0131rmak istiyordum. Ancak sigorta bunu kar\u015f\u0131lamad\u0131\u011f\u0131 i\u00e7in, paray\u0131 biriktirmem gerekiyordu. Daha sonra bir i\u015f arkada\u015f\u0131m arac\u0131l\u0131\u011f\u0131yla SwissLasik&#8217;ten haberdar oldum ve \u0130stanbul&#8217;daki estetik cerrahi imkanlar\u0131 hakk\u0131nda bilgi ald\u0131m. \u0130yi bir dan\u0131\u015fmanl\u0131k ald\u0131m ve Z\u00fcrich&#8217;teki bilgilendirme ak\u015fam\u0131na da kat\u0131ld\u0131m. \u0130stanbul&#8217;da ameliyat yapma karar\u0131 tamamen maddi bir karard\u0131. Ba\u015flang\u0131\u00e7ta birka\u00e7 kez Say\u0131n Karaagacli ile ileti\u015fime ge\u00e7tim. Her zaman h\u0131zl\u0131 ve profesyonel bir \u015fekilde yan\u0131t verdi. Herhangi bir soru ya da talep oldu\u011funda da her zaman yard\u0131mc\u0131 oldu. T\u00fcm seyahatin planlamas\u0131 onun taraf\u0131ndan yap\u0131ld\u0131 ve her \u015fey m\u00fckemmel \u015fekilde ger\u00e7ekle\u015fti. SwissLasik-Pass ad\u0131 verilen bir belge haz\u0131rlad\u0131k, burada kontrollerin zamanlar\u0131 vs. belirtilmi\u015fti, bu \u00e7ok faydal\u0131 oldu. Ayr\u0131ca \u0130stanbul&#8217;da her zaman al\u0131nd\u0131k, bu da %100 sorunsuz bir \u015fekilde ger\u00e7ekle\u015fti. \u0130stanbul&#8217;a vard\u0131\u011f\u0131m\u0131zda, Taksim Meydan\u0131&#8217;ndaki b\u00fcy\u00fck olaylar nedeniyle otelimizi de\u011fi\u015ftirmemiz gerekti. Di\u011fer otel merkezi bir yerde de\u011fildi ama yine de g\u00fczel bir konumdayd\u0131. Ancak, benim ameliyat\u0131m oldu\u011fu i\u00e7in birka\u00e7 g\u00fcn yaln\u0131z kalmas\u0131 gereken arkada\u015f\u0131m i\u00e7in havuzlu bir otel istedik, bu da sonunda ayarland\u0131. Doktorla \u00f6n g\u00f6r\u00fc\u015fme \u0130ngilizce yap\u0131ld\u0131. Ancak istenildi\u011fi takdirde terc\u00fcman da sa\u011flanabiliyordu. Hastanede birka\u00e7 ki\u015fi Almanca konu\u015fabiliyordu. Doktor, her \u015feyi detayl\u0131 bir \u015fekilde a\u00e7\u0131klad\u0131 ve anestezi doktoru ile de bir g\u00f6r\u00fc\u015fme yap\u0131ld\u0131. Ertesi g\u00fcn \u00f6\u011fle saatlerinde operasyon ba\u015flad\u0131 ve 8 saat s\u00fcrd\u00fc. Ak\u015fam odaya al\u0131nd\u0131m. Tek ki\u015filik bir odam vard\u0131. \u0130lk gece b\u00fcy\u00fck ac\u0131lar \u00e7ektim ama personel d\u00fczenli olarak beni ziyaret etti. Bazen kendimi anla\u015f\u0131lmam\u0131\u015f ve yaln\u0131z hissettim. Bu kadar a\u011fr\u0131 \u00e7ekerken, yabanc\u0131 bir \u00fclkede olmak benim i\u00e7in kolay de\u011fildi ve bunu biraz hafife alm\u0131\u015f\u0131m. Bir gece daha kalmam gerekti. Ameliyat sonras\u0131 \u00e7ok k\u0131r\u0131lgan ve psikolojik olarak biraz yorgun hissettim. B\u00f6yle uzun bir operasyonu beklememi\u015ftim. \u00dc\u00e7\u00fcnc\u00fc g\u00fcn hastaneden \u00e7\u0131kt\u0131m, doktoruma g\u00f6re en iyisi buydu, \u00e7\u00fcnk\u00fc burada arkada\u015f\u0131m yan\u0131mdayd\u0131. Hastaneye iki kez daha kontrol i\u00e7in gitmem gerekti. Transferler her zaman sorunsuz oldu. Bu t\u00fcr bir operasyon ve sonras\u0131nda otelde ge\u00e7en zaman benim i\u00e7in pek kolay de\u011fildi. Bu a\u011fr\u0131larla kendi \u00fclkemde olmay\u0131 tercih ederdim. Ama yine de yap\u0131labilir bir \u015feydi, \u00e7\u00fcnk\u00fc arkada\u015f\u0131m bana \u00e7ok iyi bakt\u0131. Bug\u00fcn sonu\u00e7tan \u00e7ok memnunum. Doktor ger\u00e7ekten \u00e7ok iyi bir i\u015f yapt\u0131. B\u00f6yle bir operasyonu tavsiye edebilirim. \u00d6nceden yap\u0131lan kontroller kesinlikle yap\u0131lmal\u0131. Yine de sonu\u00e7ta bir operasyon ve her \u015feyin nas\u0131l geli\u015fece\u011fini kesin olarak bilemezsiniz. Doktorlar kesinlikle \u0130svi\u00e7re&#8217;dekilerle ayn\u0131 standartta. Clara B. \u00d6nceki rapor Sonraki rapor<\/p>\n","protected":false},"author":4,"featured_media":0,"parent":3695,"menu_order":0,"comment_status":"closed","ping_status":"closed","template":"","meta":{"_joinchat":[],"footnotes":""},"class_list":["post-3771","page","type-page","status-publish","hentry"],"acf":[],"_links":{"self":[{"href":"https:\/\/swisslasik.ch\/tr\/wp-json\/wp\/v2\/pages\/3771","targetHints":{"allow":["GET"]}}],"collection":[{"href":"https:\/\/swisslasik.ch\/tr\/wp-json\/wp\/v2\/pages"}],"about":[{"href":"https:\/\/swisslasik.ch\/tr\/wp-json\/wp\/v2\/types\/page"}],"author":[{"embeddable":true,"href":"https:\/\/swisslasik.ch\/tr\/wp-json\/wp\/v2\/users\/4"}],"replies":[{"embeddable":true,"href":"https:\/\/swisslasik.ch\/tr\/wp-json\/wp\/v2\/comments?post=3771"}],"version-history":[{"count":2,"href":"https:\/\/swisslasik.ch\/tr\/wp-json\/wp\/v2\/pages\/3771\/revisions"}],"predecessor-version":[{"id":4728,"href":"https:\/\/swisslasik.ch\/tr\/wp-json\/wp\/v2\/pages\/3771\/revisions\/4728"}],"up":[{"embeddable":true,"href":"https:\/\/swisslasik.ch\/tr\/wp-json\/wp\/v2\/pages\/3695"}],"wp:attachment":[{"href":"https:\/\/swisslasik.ch\/tr\/wp-json\/wp\/v2\/media?parent=3771"}],"curies":[{"name":"wp","href":"https:\/\/api.w.org\/{rel}","templated":true}]}}