{"id":3773,"date":"2025-09-24T12:40:13","date_gmt":"2025-09-24T11:40:13","guid":{"rendered":"https:\/\/swisslasik.ch\/patientenberichte-augenlasern-erfahrungen\/istanbulda-gecirdigim-lazer-ameliyatim-11-nisan-2012-carsamba-tarihli-rapor\/"},"modified":"2026-01-14T18:35:53","modified_gmt":"2026-01-14T17:35:53","slug":"istanbulda-gecirdigim-lazer-ameliyatim-11-nisan-2012-carsamba-tarihli-rapor","status":"publish","type":"page","link":"https:\/\/swisslasik.ch\/tr\/patientenberichte-augenlasern-erfahrungen\/istanbulda-gecirdigim-lazer-ameliyatim-11-nisan-2012-carsamba-tarihli-rapor\/","title":{"rendered":"\u0130stanbul&#8217;da ge\u00e7irdi\u011fim lazer ameliyat\u0131m &#8211; 11 Nisan 2012 \u00c7ar\u015famba tarihli rapor"},"content":{"rendered":"\n<h3 class=\"wp-block-heading\">\u0130stanbul&#8217;da ge\u00e7irdi\u011fim lazer ameliyat\u0131m &#8211; 11 Nisan 2012 \u00c7ar\u015famba tarihli rapor<\/h3>\n\n<p>8-11 \u015eubat 2012 tarihlerinde g\u00f6zlerimi lazerle tedavi ettirmek i\u00e7in \u0130stanbul&#8217;dayd\u0131m. T\u00fcm seyahat organizasyonu ve Z\u00fcrih&#8217;teki bir g\u00f6z doktoru taraf\u0131ndan yap\u0131lan \u00f6n muayene Swiss Lasik ekibi taraf\u0131ndan organize edildi. Bu benim i\u00e7in \u00e7ok faydal\u0131yd\u0131, \u00e7\u00fcnk\u00fc yaln\u0131z seyahat etmedim, e\u015fimi ve o\u011flumu destek olarak yan\u0131mda getirdim. \u0130stanbul&#8217;a vard\u0131\u011f\u0131m\u0131zda \u00fclke karla kapl\u0131yd\u0131, bu ola\u011fan bir durumdu ama yo\u011fun kar k\u00fctlesi biraz zorluk yaratt\u0131. Ancak s\u0131cak bir \u015fekilde kar\u015f\u0131land\u0131k ve g\u00fcvenli bir \u015fekilde otelimize ula\u015ft\u0131r\u0131ld\u0131k. Ertesi g\u00fcn hepimizi modern hastaneye g\u00f6t\u00fcrd\u00fcler ve fazla beklemedik. Z\u00fcrih&#8217;te zaten yapt\u0131\u011f\u0131m t\u00fcm testler tekrar yap\u0131ld\u0131, bu bana her \u015feyin iyi gidece\u011fi konusunda bir g\u00fcvence verdi. Ameliyat\u0131m\u0131 ger\u00e7ekle\u015ftiren g\u00f6z doktorum, hangi teknikleri kullanaca\u011f\u0131n\u0131 ve sonras\u0131nda nelere dikkat etmem gerekti\u011fini bana detayl\u0131ca a\u00e7\u0131klad\u0131. \u00d6\u011fleden sonra hemen ameliyat\u0131m yap\u0131ld\u0131, terc\u00fcman s\u00fcrekli olarak ne yapmam gerekti\u011fini s\u00f6yledi ve her \u015fey h\u0131zla sona erdi. Sonras\u0131nda bizi otelimize geri g\u00f6t\u00fcrd\u00fcler, ila\u00e7lar ve koruyucu g\u00f6zl\u00fcklerle birlikte. Ertesi sabah tekrar hastaneye g\u00f6t\u00fcr\u00fcl\u00fcp, kontrollerimi yapt\u0131lar ve her \u015feyin \u00e7ok iyi oldu\u011funu s\u00f6ylediler. Benim i\u00e7in bir mucize gibiydi, ameliyat\u0131n hemen ak\u015fam\u0131 g\u00f6rmeye ba\u015flayabildim, hen\u00fcz tam net bir \u015fekilde g\u00f6rm\u00fcyordum ama bir yere \u00e7arpma korkum yoktu \u00e7\u00fcnk\u00fc g\u00f6zlerimde -6.5 diyoptri ve astigmat vard\u0131, yani g\u00f6zl\u00fcks\u00fcz hi\u00e7bir \u015fey g\u00f6remiyordum. \u0130stanbul&#8217;da maalesef \u00e7ok fazla g\u00f6rebilece\u011fimiz bir \u015fey yoktu \u00e7\u00fcnk\u00fc \u00e7ok fazla kar vard\u0131, bu y\u00fczden yak\u0131nlardaki al\u0131\u015fveri\u015f merkezinde ya da otelde vakit ge\u00e7irerek dinlenmeye \u00e7al\u0131\u015ft\u0131k. \u0130svi\u00e7re&#8217;ye d\u00f6nd\u00fc\u011f\u00fcmde, ameliyat\u0131n bir ay sonras\u0131nda Z\u00fcrih&#8217;teki g\u00f6z doktoruma giderek kontrol oldum, bu da fiyat paketine dahil. Doktorum her \u015feyin \u00e7ok iyi gitti\u011fini ve her iki g\u00f6z\u00fcmle de %100 g\u00f6rebildi\u011fimi do\u011frulad\u0131. Gelecek ay final kontrol\u00fc i\u00e7in tekrar gidece\u011fim. Herkese, lazer ameliyat\u0131 yap\u0131labilir olup olmad\u0131\u011f\u0131n\u0131 \u00f6\u011frenmek i\u00e7in \u00f6nceden \u0130svi\u00e7re&#8217;deki bir doktorla muayene olmay\u0131 tavsiye ederim. SwissLasik&#8217;in teklifinin \u00e7ok uygun fiyatl\u0131 oldu\u011funu d\u00fc\u015f\u00fcn\u00fcyorum ve organizasyon \u00e7ok profesyonel. \u0130svi\u00e7re&#8217;deki g\u00f6z doktorlar\u0131yla yap\u0131lan i\u015fbirli\u011fi de kesinlikle \u00f6nerilir, bu da g\u00fcvenlik sa\u011flar. \u015eirketimizde lazer tedavisi pop\u00fcler hale geldi, bana da ba\u015fka sa\u011flay\u0131c\u0131lar \u00f6nerildi, ancak benim i\u00e7in sadece SwissLasik vard\u0131 \u00e7\u00fcnk\u00fc fiyat-performans oran\u0131 m\u00fckemmel ve sonras\u0131 kontroller dahil oldu\u011fu i\u00e7in kendimi g\u00fcvende hissediyorum. Ve dikkat edin! Hayat de\u011fi\u015fiyor, e\u015fim yeni bir kad\u0131na sahip oldu\u011funu s\u00f6yl\u00fcyor. Kendimi \u00f6zg\u00fcr ve \u00e7ok daha \u00e7ekici hissediyorum. Bu lazer ameliyat\u0131n\u0131, tarz\u0131m\u0131 de\u011fi\u015ftirme f\u0131rsat\u0131 olarak g\u00f6rd\u00fcm ve her yerden sadece olumlu tepkiler al\u0131yorum.<br\/>Cindy Essl                        <\/p>\n\n<div class=\"wp-block-group is-layout-grid wp-container-core-group-is-layout-baef362d wp-block-group-is-layout-grid\">\n<p><a href=\"https:\/\/medicaltravel.at\/home\/agb\/\" data-type=\"page\" data-id=\"2191\" rel=\"nofollow noopener\" target=\"_blank\"><\/a><a href=\"https:\/\/swisslasik.ch\/tr\/patientenberichte-augenlasern-erfahrungen\/istanbulda-lazer-goez-ameliyati-icin-gecirdigim-suereye-dair-rapor-25-nisan-2012-carsamba\/\" data-type=\"link\" data-id=\"https:\/\/swisslasik.ch\/augenlasern-lasik-erfahrungen\/mein-aufenthalt-in-istanbul-zum-augenlasern-bericht-vom-mittwoch-25-april-2012\/\">\u00d6nceki rapor<\/a><\/p>\n\n\n\n<p class=\"has-text-align-right wp-container-content-5e2576f9\"><\/p>\n<\/div>\n","protected":false},"excerpt":{"rendered":"<p>\u0130stanbul&#8217;da ge\u00e7irdi\u011fim lazer ameliyat\u0131m &#8211; 11 Nisan 2012 \u00c7ar\u015famba tarihli rapor 8-11 \u015eubat 2012 tarihlerinde g\u00f6zlerimi lazerle tedavi ettirmek i\u00e7in \u0130stanbul&#8217;dayd\u0131m. T\u00fcm seyahat organizasyonu ve Z\u00fcrih&#8217;teki bir g\u00f6z doktoru taraf\u0131ndan yap\u0131lan \u00f6n muayene Swiss Lasik ekibi taraf\u0131ndan organize edildi. Bu benim i\u00e7in \u00e7ok faydal\u0131yd\u0131, \u00e7\u00fcnk\u00fc yaln\u0131z seyahat etmedim, e\u015fimi ve o\u011flumu destek olarak yan\u0131mda getirdim. \u0130stanbul&#8217;a vard\u0131\u011f\u0131m\u0131zda \u00fclke karla kapl\u0131yd\u0131, bu ola\u011fan bir durumdu ama yo\u011fun kar k\u00fctlesi biraz zorluk yaratt\u0131. Ancak s\u0131cak bir \u015fekilde kar\u015f\u0131land\u0131k ve g\u00fcvenli bir \u015fekilde otelimize ula\u015ft\u0131r\u0131ld\u0131k. Ertesi g\u00fcn hepimizi modern hastaneye g\u00f6t\u00fcrd\u00fcler ve fazla beklemedik. Z\u00fcrih&#8217;te zaten yapt\u0131\u011f\u0131m t\u00fcm testler tekrar yap\u0131ld\u0131, bu bana her \u015feyin iyi gidece\u011fi konusunda bir g\u00fcvence verdi. Ameliyat\u0131m\u0131 ger\u00e7ekle\u015ftiren g\u00f6z doktorum, hangi teknikleri kullanaca\u011f\u0131n\u0131 ve sonras\u0131nda nelere dikkat etmem gerekti\u011fini bana detayl\u0131ca a\u00e7\u0131klad\u0131. \u00d6\u011fleden sonra hemen ameliyat\u0131m yap\u0131ld\u0131, terc\u00fcman s\u00fcrekli olarak ne yapmam gerekti\u011fini s\u00f6yledi ve her \u015fey h\u0131zla sona erdi. Sonras\u0131nda bizi otelimize geri g\u00f6t\u00fcrd\u00fcler, ila\u00e7lar ve koruyucu g\u00f6zl\u00fcklerle birlikte. Ertesi sabah tekrar hastaneye g\u00f6t\u00fcr\u00fcl\u00fcp, kontrollerimi yapt\u0131lar ve her \u015feyin \u00e7ok iyi oldu\u011funu s\u00f6ylediler. Benim i\u00e7in bir mucize gibiydi, ameliyat\u0131n hemen ak\u015fam\u0131 g\u00f6rmeye ba\u015flayabildim, hen\u00fcz tam net bir \u015fekilde g\u00f6rm\u00fcyordum ama bir yere \u00e7arpma korkum yoktu \u00e7\u00fcnk\u00fc g\u00f6zlerimde -6.5 diyoptri ve astigmat vard\u0131, yani g\u00f6zl\u00fcks\u00fcz hi\u00e7bir \u015fey g\u00f6remiyordum. \u0130stanbul&#8217;da maalesef \u00e7ok fazla g\u00f6rebilece\u011fimiz bir \u015fey yoktu \u00e7\u00fcnk\u00fc \u00e7ok fazla kar vard\u0131, bu y\u00fczden yak\u0131nlardaki al\u0131\u015fveri\u015f merkezinde ya da otelde vakit ge\u00e7irerek dinlenmeye \u00e7al\u0131\u015ft\u0131k. \u0130svi\u00e7re&#8217;ye d\u00f6nd\u00fc\u011f\u00fcmde, ameliyat\u0131n bir ay sonras\u0131nda Z\u00fcrih&#8217;teki g\u00f6z doktoruma giderek kontrol oldum, bu da fiyat paketine dahil. Doktorum her \u015feyin \u00e7ok iyi gitti\u011fini ve her iki g\u00f6z\u00fcmle de %100 g\u00f6rebildi\u011fimi do\u011frulad\u0131. Gelecek ay final kontrol\u00fc i\u00e7in tekrar gidece\u011fim. Herkese, lazer ameliyat\u0131 yap\u0131labilir olup olmad\u0131\u011f\u0131n\u0131 \u00f6\u011frenmek i\u00e7in \u00f6nceden \u0130svi\u00e7re&#8217;deki bir doktorla muayene olmay\u0131 tavsiye ederim. SwissLasik&#8217;in teklifinin \u00e7ok uygun fiyatl\u0131 oldu\u011funu d\u00fc\u015f\u00fcn\u00fcyorum ve organizasyon \u00e7ok profesyonel. \u0130svi\u00e7re&#8217;deki g\u00f6z doktorlar\u0131yla yap\u0131lan i\u015fbirli\u011fi de kesinlikle \u00f6nerilir, bu da g\u00fcvenlik sa\u011flar. \u015eirketimizde lazer tedavisi pop\u00fcler hale geldi, bana da ba\u015fka sa\u011flay\u0131c\u0131lar \u00f6nerildi, ancak benim i\u00e7in sadece SwissLasik vard\u0131 \u00e7\u00fcnk\u00fc fiyat-performans oran\u0131 m\u00fckemmel ve sonras\u0131 kontroller dahil oldu\u011fu i\u00e7in kendimi g\u00fcvende hissediyorum. Ve dikkat edin! Hayat de\u011fi\u015fiyor, e\u015fim yeni bir kad\u0131na sahip oldu\u011funu s\u00f6yl\u00fcyor. Kendimi \u00f6zg\u00fcr ve \u00e7ok daha \u00e7ekici hissediyorum. Bu lazer ameliyat\u0131n\u0131, tarz\u0131m\u0131 de\u011fi\u015ftirme f\u0131rsat\u0131 olarak g\u00f6rd\u00fcm ve her yerden sadece olumlu tepkiler al\u0131yorum.Cindy Essl \u00d6nceki rapor<\/p>\n","protected":false},"author":4,"featured_media":0,"parent":3695,"menu_order":0,"comment_status":"closed","ping_status":"closed","template":"","meta":{"_joinchat":[],"footnotes":""},"class_list":["post-3773","page","type-page","status-publish","hentry"],"acf":[],"_links":{"self":[{"href":"https:\/\/swisslasik.ch\/tr\/wp-json\/wp\/v2\/pages\/3773","targetHints":{"allow":["GET"]}}],"collection":[{"href":"https:\/\/swisslasik.ch\/tr\/wp-json\/wp\/v2\/pages"}],"about":[{"href":"https:\/\/swisslasik.ch\/tr\/wp-json\/wp\/v2\/types\/page"}],"author":[{"embeddable":true,"href":"https:\/\/swisslasik.ch\/tr\/wp-json\/wp\/v2\/users\/4"}],"replies":[{"embeddable":true,"href":"https:\/\/swisslasik.ch\/tr\/wp-json\/wp\/v2\/comments?post=3773"}],"version-history":[{"count":1,"href":"https:\/\/swisslasik.ch\/tr\/wp-json\/wp\/v2\/pages\/3773\/revisions"}],"predecessor-version":[{"id":3774,"href":"https:\/\/swisslasik.ch\/tr\/wp-json\/wp\/v2\/pages\/3773\/revisions\/3774"}],"up":[{"embeddable":true,"href":"https:\/\/swisslasik.ch\/tr\/wp-json\/wp\/v2\/pages\/3695"}],"wp:attachment":[{"href":"https:\/\/swisslasik.ch\/tr\/wp-json\/wp\/v2\/media?parent=3773"}],"curies":[{"name":"wp","href":"https:\/\/api.w.org\/{rel}","templated":true}]}}