{"id":3775,"date":"2025-09-24T12:14:03","date_gmt":"2025-09-24T11:14:03","guid":{"rendered":"https:\/\/swisslasik.ch\/patientenberichte-augenlasern-erfahrungen\/istanbulda-femto-lasik-deneyimim-27-mayis-2013-pazartesi-tarihli-raporum\/"},"modified":"2026-01-14T17:47:13","modified_gmt":"2026-01-14T16:47:13","slug":"istanbulda-femto-lasik-deneyimim-27-mayis-2013-pazartesi-tarihli-raporum","status":"publish","type":"page","link":"https:\/\/swisslasik.ch\/tr\/patientenberichte-augenlasern-erfahrungen\/istanbulda-femto-lasik-deneyimim-27-mayis-2013-pazartesi-tarihli-raporum\/","title":{"rendered":"\u0130stanbul&#8217;da Femto LASIK deneyimim \u2013 27 May\u0131s 2013 Pazartesi tarihli raporum."},"content":{"rendered":"\n<h3 class=\"wp-block-heading\">\u0130stanbul&#8217;da Femto LASIK deneyimim \u2013 27 May\u0131s 2013 Pazartesi tarihli raporum.<\/h3>\n\n<p>TOP hizmeti, \u0130svi\u00e7re&#8217;deki sayg\u0131de\u011fer ve yetkin dan\u0131\u015fman\u0131m Say\u0131n Karaaga\u00e7l\u0131 ile ba\u015flad\u0131. Kendisi her zaman nazik bir \u015fekilde bana rehberlik etti ve hi\u00e7bir ad\u0131m\u0131 atmam i\u00e7in beni zorlamad\u0131, bu da benim i\u00e7in \u00e7ok de\u011ferliydi. \u0130stanbul&#8217;a vard\u0131\u011f\u0131mda da ayn\u0131 \u015fekilde devam etti: \u0130stanbul\u2019a vard\u0131ktan hemen sonra beni \u00e7ok samimi bir T\u00fcrk \u015fof\u00f6r kar\u015f\u0131lad\u0131. Beni ve iki yol arkada\u015f\u0131mi direkt olarak Levent Otel\u2019e g\u00f6t\u00fcrd\u00fc. Otel s\u00fcperdi \u2013 merkezi bir konumda yer al\u0131yordu ve \u00e7evresi de m\u00fckemmeldi. Otel yak\u0131nlar\u0131nda b\u00fcy\u00fck bir al\u0131\u015fveri\u015f merkezi vard\u0131 ve ayr\u0131ca Swisslasik Pass\u2019\u0131mda, u\u00e7madan hemen \u00f6nce ald\u0131\u011f\u0131m \u00f6nemli gezi, e\u011flence ve restoran \u00f6nerileri de vard\u0131. Ertesi g\u00fcn i\u015fler ba\u015flad\u0131: Sabah yap\u0131lan \u00f6n muayene o kadar h\u0131zl\u0131yd\u0131 ki, \u00f6\u011fleden sonra hemen operasyonumu ger\u00e7ekle\u015ftirdiler. Operasyon k\u0131sa ve olduk\u00e7a a\u011fr\u0131s\u0131z ge\u00e7ti. \u00c7ok sakin bir \u015fekilde operasyonumu ge\u00e7irdim, \u00e7\u00fcnk\u00fc bana T\u00fcrk\u00e7e konu\u015fan ki\u015fisel bir refakat\u00e7i tahsis edilmi\u015fti! Ayr\u0131ca doktor da \u00e7ok nazikti ve her zaman g\u00fcl\u00fcms\u00fcyordu! Her \u015fey olduk\u00e7a h\u0131zl\u0131 bir \u015fekilde ge\u00e7ti, bu y\u00fczden son ana kadar sinirlenmeye zaman\u0131m bile olmad\u0131! Bu ger\u00e7ekten \u00e7ok iyi oldu \u00e7\u00fcnk\u00fc operasyonun \u00fczerinden 4 saat ge\u00e7tikten sonra, iki yol arkada\u015f\u0131mla birlikte d\u0131\u015far\u0131da yemek yiyebildim! Tabii ki g\u00fcne\u015f g\u00f6zl\u00fc\u011f\u00fc takarak\u2026 Ertesi g\u00fcn sa\u011fl\u0131k durumum o kadar iyiydi ki, son kontrol\u00fcn ard\u0131ndan \u2013 ki bu da m\u00fckemmel ge\u00e7ti \u2013 iki arkada\u015f\u0131mla \u0130stanbul&#8217;u ke\u015ffe \u00e7\u0131kt\u0131m. Sonu\u00e7 m\u00fckemmel! Art\u0131k %100 g\u00f6rebiliyorum ve sonu\u00e7 olarak Swisslasik ile son derece memnun kald\u0131m: her \u015fey m\u00fckemmel bir \u015fekilde planland\u0131 ve hizmet harikayd\u0131! T\u00fcm Swisslasik ekibine \u00e7ok te\u015fekk\u00fcr ederim!<br\/>Jennifer Glorian              <\/p>\n\n<div class=\"wp-block-group is-layout-grid wp-container-core-group-is-layout-baef362d wp-block-group-is-layout-grid\">\n<p><a href=\"https:\/\/medicaltravel.at\/home\/agb\/\" data-type=\"page\" data-id=\"2191\" rel=\"nofollow noopener\" target=\"_blank\"><\/a><a href=\"https:\/\/swisslasik.ch\/tr\/patientenberichte-augenlasern-erfahrungen\/swisslasik-araciligiyla-istanbulda-yapilan-goez-ameliyatina-iliskin-deneyim-raporu-18-haziran-2013-sali-tarihli-rapor\/\" data-type=\"link\" data-id=\"https:\/\/swisslasik.ch\/augenlasern-lasik-erfahrungen\/erfahrungsbericht-augenoperation-in-istanbul-uber-swisslasik-bericht-vom-dienstag-18-juni-2013\/\">\u00d6nceki rapor<\/a><\/p>\n\n\n\n<p class=\"has-text-align-right wp-container-content-5e2576f9\"><a href=\"https:\/\/medicaltravel.at\/home\/impressum\/\" data-type=\"page\" data-id=\"2193\" rel=\"nofollow noopener\" target=\"_blank\"><\/a><a href=\"https:\/\/medicaltravel.at\/home\/berichte-von-patienten\/erfahrungsberichte\/erfahrungsbericht-zahnbehandlung-in-istanbul\/\" data-type=\"page\" data-id=\"981\" rel=\"nofollow noopener\" target=\"_blank\"><\/a><a href=\"https:\/\/swisslasik.ch\/tr\/patientenberichte-augenlasern-erfahrungen\/swisslasik-olmasaydi-bes-kat-daha-fazla-bile-oederdim-12-mart-2013-sali-tarihli-rapor\/\" data-type=\"link\" data-id=\"https:\/\/swisslasik.ch\/augenlasern-lasik-erfahrungen\/ich-wurde-sogar-das-5-fache-bezahlen-wenn-es-swisslasik-nicht-geben-wurde-bericht-vom-dienstag-12-marz-2013\/\">Sonraki rapor<\/a><\/p>\n<\/div>\n","protected":false},"excerpt":{"rendered":"<p>\u0130stanbul&#8217;da Femto LASIK deneyimim \u2013 27 May\u0131s 2013 Pazartesi tarihli raporum. TOP hizmeti, \u0130svi\u00e7re&#8217;deki sayg\u0131de\u011fer ve yetkin dan\u0131\u015fman\u0131m Say\u0131n Karaaga\u00e7l\u0131 ile ba\u015flad\u0131. Kendisi her zaman nazik bir \u015fekilde bana rehberlik etti ve hi\u00e7bir ad\u0131m\u0131 atmam i\u00e7in beni zorlamad\u0131, bu da benim i\u00e7in \u00e7ok de\u011ferliydi. \u0130stanbul&#8217;a vard\u0131\u011f\u0131mda da ayn\u0131 \u015fekilde devam etti: \u0130stanbul\u2019a vard\u0131ktan hemen sonra beni \u00e7ok samimi bir T\u00fcrk \u015fof\u00f6r kar\u015f\u0131lad\u0131. Beni ve iki yol arkada\u015f\u0131mi direkt olarak Levent Otel\u2019e g\u00f6t\u00fcrd\u00fc. Otel s\u00fcperdi \u2013 merkezi bir konumda yer al\u0131yordu ve \u00e7evresi de m\u00fckemmeldi. Otel yak\u0131nlar\u0131nda b\u00fcy\u00fck bir al\u0131\u015fveri\u015f merkezi vard\u0131 ve ayr\u0131ca Swisslasik Pass\u2019\u0131mda, u\u00e7madan hemen \u00f6nce ald\u0131\u011f\u0131m \u00f6nemli gezi, e\u011flence ve restoran \u00f6nerileri de vard\u0131. Ertesi g\u00fcn i\u015fler ba\u015flad\u0131: Sabah yap\u0131lan \u00f6n muayene o kadar h\u0131zl\u0131yd\u0131 ki, \u00f6\u011fleden sonra hemen operasyonumu ger\u00e7ekle\u015ftirdiler. Operasyon k\u0131sa ve olduk\u00e7a a\u011fr\u0131s\u0131z ge\u00e7ti. \u00c7ok sakin bir \u015fekilde operasyonumu ge\u00e7irdim, \u00e7\u00fcnk\u00fc bana T\u00fcrk\u00e7e konu\u015fan ki\u015fisel bir refakat\u00e7i tahsis edilmi\u015fti! Ayr\u0131ca doktor da \u00e7ok nazikti ve her zaman g\u00fcl\u00fcms\u00fcyordu! Her \u015fey olduk\u00e7a h\u0131zl\u0131 bir \u015fekilde ge\u00e7ti, bu y\u00fczden son ana kadar sinirlenmeye zaman\u0131m bile olmad\u0131! Bu ger\u00e7ekten \u00e7ok iyi oldu \u00e7\u00fcnk\u00fc operasyonun \u00fczerinden 4 saat ge\u00e7tikten sonra, iki yol arkada\u015f\u0131mla birlikte d\u0131\u015far\u0131da yemek yiyebildim! Tabii ki g\u00fcne\u015f g\u00f6zl\u00fc\u011f\u00fc takarak\u2026 Ertesi g\u00fcn sa\u011fl\u0131k durumum o kadar iyiydi ki, son kontrol\u00fcn ard\u0131ndan \u2013 ki bu da m\u00fckemmel ge\u00e7ti \u2013 iki arkada\u015f\u0131mla \u0130stanbul&#8217;u ke\u015ffe \u00e7\u0131kt\u0131m. Sonu\u00e7 m\u00fckemmel! Art\u0131k %100 g\u00f6rebiliyorum ve sonu\u00e7 olarak Swisslasik ile son derece memnun kald\u0131m: her \u015fey m\u00fckemmel bir \u015fekilde planland\u0131 ve hizmet harikayd\u0131! T\u00fcm Swisslasik ekibine \u00e7ok te\u015fekk\u00fcr ederim!Jennifer Glorian \u00d6nceki rapor Sonraki rapor<\/p>\n","protected":false},"author":4,"featured_media":0,"parent":3695,"menu_order":0,"comment_status":"closed","ping_status":"closed","template":"","meta":{"_joinchat":[],"footnotes":""},"class_list":["post-3775","page","type-page","status-publish","hentry"],"acf":[],"_links":{"self":[{"href":"https:\/\/swisslasik.ch\/tr\/wp-json\/wp\/v2\/pages\/3775","targetHints":{"allow":["GET"]}}],"collection":[{"href":"https:\/\/swisslasik.ch\/tr\/wp-json\/wp\/v2\/pages"}],"about":[{"href":"https:\/\/swisslasik.ch\/tr\/wp-json\/wp\/v2\/types\/page"}],"author":[{"embeddable":true,"href":"https:\/\/swisslasik.ch\/tr\/wp-json\/wp\/v2\/users\/4"}],"replies":[{"embeddable":true,"href":"https:\/\/swisslasik.ch\/tr\/wp-json\/wp\/v2\/comments?post=3775"}],"version-history":[{"count":1,"href":"https:\/\/swisslasik.ch\/tr\/wp-json\/wp\/v2\/pages\/3775\/revisions"}],"predecessor-version":[{"id":3776,"href":"https:\/\/swisslasik.ch\/tr\/wp-json\/wp\/v2\/pages\/3775\/revisions\/3776"}],"up":[{"embeddable":true,"href":"https:\/\/swisslasik.ch\/tr\/wp-json\/wp\/v2\/pages\/3695"}],"wp:attachment":[{"href":"https:\/\/swisslasik.ch\/tr\/wp-json\/wp\/v2\/media?parent=3775"}],"curies":[{"name":"wp","href":"https:\/\/api.w.org\/{rel}","templated":true}]}}