{"id":3777,"date":"2025-09-24T12:30:00","date_gmt":"2025-09-24T11:30:00","guid":{"rendered":"https:\/\/swisslasik.ch\/patientenberichte-augenlasern-erfahrungen\/antalya-tuerkiyede-swisslasik-araciligiyla-yaptirdigim-lasik-ameliyatim-2-agustos-2012-persembe-tarihli-rapor\/"},"modified":"2026-01-14T18:25:29","modified_gmt":"2026-01-14T17:25:29","slug":"antalya-tuerkiyede-swisslasik-araciligiyla-yaptirdigim-lasik-ameliyatim-2-agustos-2012-persembe-tarihli-rapor","status":"publish","type":"page","link":"https:\/\/swisslasik.ch\/tr\/patientenberichte-augenlasern-erfahrungen\/antalya-tuerkiyede-swisslasik-araciligiyla-yaptirdigim-lasik-ameliyatim-2-agustos-2012-persembe-tarihli-rapor\/","title":{"rendered":"Antalya, T\u00fcrkiye&#8217;de Swisslasik arac\u0131l\u0131\u011f\u0131yla yapt\u0131rd\u0131\u011f\u0131m LASIK ameliyat\u0131m &#8211; 2 A\u011fustos 2012 Per\u015fembe tarihli rapor"},"content":{"rendered":"\n<h3 class=\"wp-block-heading\">Antalya, T\u00fcrkiye&#8217;de Swisslasik arac\u0131l\u0131\u011f\u0131yla yapt\u0131rd\u0131\u011f\u0131m LASIK ameliyat\u0131m &#8211; 2 A\u011fustos 2012 Per\u015fembe tarihli rapor<\/h3>\n\n<p>Yakla\u015f\u0131k bir y\u0131l \u00f6nce, sonunda g\u00f6zl\u00fcklerimden kurtulmaya karar verdim. G\u00f6zl\u00fckleri rahats\u0131z edici buluyordum ve bir\u00e7ok durumda bana engel oluyordu. Ancak \u0130svi\u00e7re&#8217;de lazer tedavisinin \u00e7ok pahal\u0131 olmas\u0131 ve bunu kar\u015f\u0131layam\u0131yor olmam nedeniyle alternatif bir \u00e7\u00f6z\u00fcm aramaya ba\u015flad\u0131m ve internette yurt d\u0131\u015f\u0131nda g\u00f6z lazeri operasyonlar\u0131 yapan bir\u00e7ok klinik buldum. Swisslasik Klini\u011fi\u2019nin web sitesi bana hemen profesyonel bir izlenim verdi, ayr\u0131ca \u0130svi\u00e7re\u2019de d\u00fczenli olarak bilgi toplant\u0131lar\u0131 yap\u0131ld\u0131\u011f\u0131n\u0131 g\u00f6rmek, burada yap\u0131lan operasyonlar hakk\u0131nda yerinde bilgi almak ve doktorlarla t\u00fcm a\u00e7\u0131k sorular\u0131 sormak \u00e7ok g\u00fcven verdi. Ayr\u0131ca, \u00f6n ve sonras\u0131 kontrollerin \u0130svi\u00e7re\u2019de yap\u0131labilmesi de bana b\u00fcy\u00fck g\u00fcven sa\u011flad\u0131. Web sitesindeki net ve anla\u015f\u0131l\u0131r fiyat listesi ile bana ne kadar maliyet gelece\u011fini de kolayca g\u00f6rebildim. E-posta ile Swisslasik ile h\u0131zl\u0131 ve kolay bir \u015fekilde ileti\u015fim kurabildim. Bu y\u00fczden g\u00f6zlerimi Swisslasik Klinik\u2019te Antalya\u2019da lazerle tedavi ettirmeye ve bunu yaz tatilimle T\u00fcrkiye\/Side\u2019de birle\u015ftirmeye karar verdim. E-posta arac\u0131l\u0131\u011f\u0131yla randevumu belirledim ve her \u015fey organize edildi (Side\u2019deki otelime al\u0131m ve geri d\u00f6n\u00fc\u015f, operasyon, konaklama ve \u00f6n ve sonras\u0131 kontroller). Ayr\u0131ca t\u00fcm a\u00e7\u0131k sorular\u0131m da cevapland\u0131r\u0131ld\u0131. Swisslasik ile ileti\u015fim kurmak \u00e7ok kolay ve sorunsuzdu. Seyahate \u00e7\u0131kmadan \u00f6nce Swisslasik Pass\u2019\u0131m g\u00f6nderildi, bu \u00e7ok faydal\u0131 bir rehberdi ve operasyonla ilgili t\u00fcm \u00f6nemli bilgileri, \u00f6nemli numaralar\u0131, \u00fclke hakk\u0131nda faydal\u0131 bilgileri ve gezilecek yerler i\u00e7in ipu\u00e7lar\u0131n\u0131 i\u00e7eriyordu. Operasyon g\u00fcn\u00fcnden 2 g\u00fcn \u00f6nce, yerel terc\u00fcman\u0131m beni arayarak hangi saatte alaca\u011f\u0131m\u0131 ve g\u00fcn\u00fcn nas\u0131l ge\u00e7ece\u011fini bana bildirdi. Operasyon g\u00fcn\u00fc, \u015fof\u00f6r\u00fcm taraf\u0131ndan tam zaman\u0131nda al\u0131nd\u0131m ve Swisslasik Klini\u011fi\u2019ne g\u00f6t\u00fcr\u00fcld\u00fcm, burada beni s\u0131cak bir \u015fekilde terc\u00fcman kar\u015f\u0131lad\u0131. Bana s\u00fcreci a\u00e7\u0131klayarak her ad\u0131mda yard\u0131mc\u0131 oldu. Ard\u0131ndan \u00f6n muayenelere ba\u015flad\u0131k, her \u015fey \u00e7ok iyi bir \u015fekilde a\u00e7\u0131kland\u0131. \u00d6\u011fleye kadar s\u00fcren \u00f6n muayeneler tamamland\u0131ktan sonra, di\u011fer 5 hasta (Almanya\u2019dan) ile birlikte \u00f6\u011fle yeme\u011fine gittim. Saat 15:00 civar\u0131nda operasyon ba\u015flad\u0131, operasyon i\u00e7in iyi bir \u015fekilde haz\u0131rl\u0131k yap\u0131ld\u0131\u011f\u0131m i\u00e7in ne olaca\u011f\u0131n\u0131 tam olarak biliyordum. Operasyon her iki g\u00f6z i\u00e7in yakla\u015f\u0131k 20 dakika s\u00fcrd\u00fc. Operasyon s\u0131ras\u0131nda hi\u00e7bir a\u011fr\u0131 hissetmedim ve sonras\u0131nda sadece hafif bir ba\u015f a\u011fr\u0131s\u0131 hissettim. Ard\u0131ndan birka\u00e7 saat uyudum. Hi\u00e7bir a\u011fr\u0131 hissetmedi\u011fim i\u00e7in olduk\u00e7a \u015fa\u015f\u0131rd\u0131m, sadece hafif bir ba\u015f a\u011fr\u0131m vard\u0131 ve ayn\u0131 ak\u015fam g\u00f6zl\u00fcks\u00fcz ilk SMS\u2019imi telefonumda okuyabildim \ud83d\ude42 Ertesi g\u00fcn sabah kontrol\u00fc yap\u0131ld\u0131 ve her \u015fey yolundayd\u0131. Ayr\u0131ca, g\u00fcnl\u00fck olarak kullanmam gereken g\u00f6z damlalar\u0131 bana verildi ve nas\u0131l ve ne zaman kullanmam gerekti\u011fi ve operasyon sonras\u0131 dikkat etmem gereken noktalar hakk\u0131nda bir bilgi ka\u011f\u0131d\u0131 verildi. \u015eof\u00f6r\u00fcm beni otele geri g\u00f6t\u00fcrd\u00fc. \u0130lk 2 g\u00fcn boyunca g\u00f6zlerim hala \u0131\u015f\u0131\u011fa kar\u015f\u0131 biraz hassas oldu\u011fu i\u00e7in g\u00fcne\u015f g\u00f6zl\u00fc\u011f\u00fcm\u00fc takarak d\u0131\u015far\u0131 \u00e7\u0131kt\u0131m. \u015eimdi, g\u00f6rme yard\u0131m\u0131 olmadan ya\u015famak \u00e7ok b\u00fcy\u00fck bir mutluluk kayna\u011f\u0131. Kendimi ger\u00e7ekten \u00f6zg\u00fcr hissediyorum, sonunda o rahats\u0131z edici g\u00f6zl\u00fcklerden kurtuldum.                        Antalya&#8217;daki Swisslasik Klini\u011fi&#8217;nde her zaman \u00e7ok iyi bak\u0131ld\u0131\u011f\u0131m\u0131 hissettim ve \u015fiddetle tavsiye ederim. Ameliyat\u0131m 20 Temmuz 2012&#8217;de Antalya&#8217;da ger\u00e7ekle\u015fti. Urs K\u00f6pfli, Wohlen, Aargau (\u0130svi\u00e7re) <\/p>\n\n<div class=\"wp-block-group is-layout-grid wp-container-core-group-is-layout-baef362d wp-block-group-is-layout-grid\">\n<p><a href=\"https:\/\/medicaltravel.at\/home\/agb\/\" data-type=\"page\" data-id=\"2191\" rel=\"nofollow noopener\" target=\"_blank\"><\/a><a href=\"https:\/\/swisslasik.ch\/tr\/patientenberichte-augenlasern-erfahrungen\/yurtdisinda-lazer-goez-ameliyati-istanbul-9-12-agustos-2012-9-agustos-2012-persembe-tarihli-rapor\/\" data-type=\"link\" data-id=\"https:\/\/swisslasik.ch\/augenlasern-lasik-erfahrungen\/augenlaser-im-ausland-istanbul-9-bis-12-august-2012-bericht-vom-donnerstag-09-august-2012\/\">\u00d6nceki rapor<\/a><\/p>\n\n\n\n<p class=\"has-text-align-right wp-container-content-5e2576f9\"><a href=\"https:\/\/medicaltravel.at\/home\/impressum\/\" data-type=\"page\" data-id=\"2193\" rel=\"nofollow noopener\" target=\"_blank\"><\/a><a href=\"https:\/\/medicaltravel.at\/home\/berichte-von-patienten\/erfahrungsberichte\/erfahrungsbericht-zahnbehandlung-in-istanbul\/\" data-type=\"page\" data-id=\"981\" rel=\"nofollow noopener\" target=\"_blank\"><\/a><a href=\"https:\/\/swisslasik.ch\/tr\/patientenberichte-augenlasern-erfahrungen\/istanbulda-lazer-goez-ameliyati-deneyimim-29-temmuz-2012-pazar-tarihli-rapor\/\" data-type=\"link\" data-id=\"https:\/\/swisslasik.ch\/augenlasern-lasik-erfahrungen\/erfahrungsbericht-meiner-augenlaserbehandlung-in-istanbul-turkei-bericht-vom-sonntag-29-juli-2012\/\">Sonraki rapor<\/a><\/p>\n<\/div>\n","protected":false},"excerpt":{"rendered":"<p>Antalya, T\u00fcrkiye&#8217;de Swisslasik arac\u0131l\u0131\u011f\u0131yla yapt\u0131rd\u0131\u011f\u0131m LASIK ameliyat\u0131m &#8211; 2 A\u011fustos 2012 Per\u015fembe tarihli rapor Yakla\u015f\u0131k bir y\u0131l \u00f6nce, sonunda g\u00f6zl\u00fcklerimden kurtulmaya karar verdim. G\u00f6zl\u00fckleri rahats\u0131z edici buluyordum ve bir\u00e7ok durumda bana engel oluyordu. Ancak \u0130svi\u00e7re&#8217;de lazer tedavisinin \u00e7ok pahal\u0131 olmas\u0131 ve bunu kar\u015f\u0131layam\u0131yor olmam nedeniyle alternatif bir \u00e7\u00f6z\u00fcm aramaya ba\u015flad\u0131m ve internette yurt d\u0131\u015f\u0131nda g\u00f6z lazeri operasyonlar\u0131 yapan bir\u00e7ok klinik buldum. Swisslasik Klini\u011fi\u2019nin web sitesi bana hemen profesyonel bir izlenim verdi, ayr\u0131ca \u0130svi\u00e7re\u2019de d\u00fczenli olarak bilgi toplant\u0131lar\u0131 yap\u0131ld\u0131\u011f\u0131n\u0131 g\u00f6rmek, burada yap\u0131lan operasyonlar hakk\u0131nda yerinde bilgi almak ve doktorlarla t\u00fcm a\u00e7\u0131k sorular\u0131 sormak \u00e7ok g\u00fcven verdi. Ayr\u0131ca, \u00f6n ve sonras\u0131 kontrollerin \u0130svi\u00e7re\u2019de yap\u0131labilmesi de bana b\u00fcy\u00fck g\u00fcven sa\u011flad\u0131. Web sitesindeki net ve anla\u015f\u0131l\u0131r fiyat listesi ile bana ne kadar maliyet gelece\u011fini de kolayca g\u00f6rebildim. E-posta ile Swisslasik ile h\u0131zl\u0131 ve kolay bir \u015fekilde ileti\u015fim kurabildim. Bu y\u00fczden g\u00f6zlerimi Swisslasik Klinik\u2019te Antalya\u2019da lazerle tedavi ettirmeye ve bunu yaz tatilimle T\u00fcrkiye\/Side\u2019de birle\u015ftirmeye karar verdim. E-posta arac\u0131l\u0131\u011f\u0131yla randevumu belirledim ve her \u015fey organize edildi (Side\u2019deki otelime al\u0131m ve geri d\u00f6n\u00fc\u015f, operasyon, konaklama ve \u00f6n ve sonras\u0131 kontroller). Ayr\u0131ca t\u00fcm a\u00e7\u0131k sorular\u0131m da cevapland\u0131r\u0131ld\u0131. Swisslasik ile ileti\u015fim kurmak \u00e7ok kolay ve sorunsuzdu. Seyahate \u00e7\u0131kmadan \u00f6nce Swisslasik Pass\u2019\u0131m g\u00f6nderildi, bu \u00e7ok faydal\u0131 bir rehberdi ve operasyonla ilgili t\u00fcm \u00f6nemli bilgileri, \u00f6nemli numaralar\u0131, \u00fclke hakk\u0131nda faydal\u0131 bilgileri ve gezilecek yerler i\u00e7in ipu\u00e7lar\u0131n\u0131 i\u00e7eriyordu. Operasyon g\u00fcn\u00fcnden 2 g\u00fcn \u00f6nce, yerel terc\u00fcman\u0131m beni arayarak hangi saatte alaca\u011f\u0131m\u0131 ve g\u00fcn\u00fcn nas\u0131l ge\u00e7ece\u011fini bana bildirdi. Operasyon g\u00fcn\u00fc, \u015fof\u00f6r\u00fcm taraf\u0131ndan tam zaman\u0131nda al\u0131nd\u0131m ve Swisslasik Klini\u011fi\u2019ne g\u00f6t\u00fcr\u00fcld\u00fcm, burada beni s\u0131cak bir \u015fekilde terc\u00fcman kar\u015f\u0131lad\u0131. Bana s\u00fcreci a\u00e7\u0131klayarak her ad\u0131mda yard\u0131mc\u0131 oldu. Ard\u0131ndan \u00f6n muayenelere ba\u015flad\u0131k, her \u015fey \u00e7ok iyi bir \u015fekilde a\u00e7\u0131kland\u0131. \u00d6\u011fleye kadar s\u00fcren \u00f6n muayeneler tamamland\u0131ktan sonra, di\u011fer 5 hasta (Almanya\u2019dan) ile birlikte \u00f6\u011fle yeme\u011fine gittim. Saat 15:00 civar\u0131nda operasyon ba\u015flad\u0131, operasyon i\u00e7in iyi bir \u015fekilde haz\u0131rl\u0131k yap\u0131ld\u0131\u011f\u0131m i\u00e7in ne olaca\u011f\u0131n\u0131 tam olarak biliyordum. Operasyon her iki g\u00f6z i\u00e7in yakla\u015f\u0131k 20 dakika s\u00fcrd\u00fc. Operasyon s\u0131ras\u0131nda hi\u00e7bir a\u011fr\u0131 hissetmedim ve sonras\u0131nda sadece hafif bir ba\u015f a\u011fr\u0131s\u0131 hissettim. Ard\u0131ndan birka\u00e7 saat uyudum. Hi\u00e7bir a\u011fr\u0131 hissetmedi\u011fim i\u00e7in olduk\u00e7a \u015fa\u015f\u0131rd\u0131m, sadece hafif bir ba\u015f a\u011fr\u0131m vard\u0131 ve ayn\u0131 ak\u015fam g\u00f6zl\u00fcks\u00fcz ilk SMS\u2019imi telefonumda okuyabildim \ud83d\ude42 Ertesi g\u00fcn sabah kontrol\u00fc yap\u0131ld\u0131 ve her \u015fey yolundayd\u0131. Ayr\u0131ca, g\u00fcnl\u00fck olarak kullanmam gereken g\u00f6z damlalar\u0131 bana verildi ve nas\u0131l ve ne zaman kullanmam gerekti\u011fi ve operasyon sonras\u0131 dikkat etmem gereken noktalar hakk\u0131nda bir bilgi ka\u011f\u0131d\u0131 verildi. \u015eof\u00f6r\u00fcm beni otele geri g\u00f6t\u00fcrd\u00fc. \u0130lk 2 g\u00fcn boyunca g\u00f6zlerim hala \u0131\u015f\u0131\u011fa kar\u015f\u0131 biraz hassas oldu\u011fu i\u00e7in g\u00fcne\u015f g\u00f6zl\u00fc\u011f\u00fcm\u00fc takarak d\u0131\u015far\u0131 \u00e7\u0131kt\u0131m. \u015eimdi, g\u00f6rme yard\u0131m\u0131 olmadan ya\u015famak \u00e7ok b\u00fcy\u00fck bir mutluluk kayna\u011f\u0131. Kendimi ger\u00e7ekten \u00f6zg\u00fcr hissediyorum, sonunda o rahats\u0131z edici g\u00f6zl\u00fcklerden kurtuldum. Antalya&#8217;daki Swisslasik Klini\u011fi&#8217;nde her zaman \u00e7ok iyi bak\u0131ld\u0131\u011f\u0131m\u0131 hissettim ve \u015fiddetle tavsiye ederim. Ameliyat\u0131m 20 Temmuz 2012&#8217;de Antalya&#8217;da ger\u00e7ekle\u015fti. Urs K\u00f6pfli, Wohlen, Aargau (\u0130svi\u00e7re) \u00d6nceki rapor Sonraki rapor<\/p>\n","protected":false},"author":4,"featured_media":0,"parent":3695,"menu_order":0,"comment_status":"closed","ping_status":"closed","template":"","meta":{"_joinchat":[],"footnotes":""},"class_list":["post-3777","page","type-page","status-publish","hentry"],"acf":[],"_links":{"self":[{"href":"https:\/\/swisslasik.ch\/tr\/wp-json\/wp\/v2\/pages\/3777","targetHints":{"allow":["GET"]}}],"collection":[{"href":"https:\/\/swisslasik.ch\/tr\/wp-json\/wp\/v2\/pages"}],"about":[{"href":"https:\/\/swisslasik.ch\/tr\/wp-json\/wp\/v2\/types\/page"}],"author":[{"embeddable":true,"href":"https:\/\/swisslasik.ch\/tr\/wp-json\/wp\/v2\/users\/4"}],"replies":[{"embeddable":true,"href":"https:\/\/swisslasik.ch\/tr\/wp-json\/wp\/v2\/comments?post=3777"}],"version-history":[{"count":1,"href":"https:\/\/swisslasik.ch\/tr\/wp-json\/wp\/v2\/pages\/3777\/revisions"}],"predecessor-version":[{"id":3778,"href":"https:\/\/swisslasik.ch\/tr\/wp-json\/wp\/v2\/pages\/3777\/revisions\/3778"}],"up":[{"embeddable":true,"href":"https:\/\/swisslasik.ch\/tr\/wp-json\/wp\/v2\/pages\/3695"}],"wp:attachment":[{"href":"https:\/\/swisslasik.ch\/tr\/wp-json\/wp\/v2\/media?parent=3777"}],"curies":[{"name":"wp","href":"https:\/\/api.w.org\/{rel}","templated":true}]}}