{"id":3783,"date":"2025-09-24T12:23:52","date_gmt":"2025-09-24T11:23:52","guid":{"rendered":"https:\/\/swisslasik.ch\/patientenberichte-augenlasern-erfahrungen\/istanbul-acibadem-kliniginde-gecirdigim-ameliyat-26-eyluel-2012-carsamba-tarihli-rapor\/"},"modified":"2026-01-14T18:22:36","modified_gmt":"2026-01-14T17:22:36","slug":"istanbul-acibadem-kliniginde-gecirdigim-ameliyat-26-eyluel-2012-carsamba-tarihli-rapor","status":"publish","type":"page","link":"https:\/\/swisslasik.ch\/tr\/patientenberichte-augenlasern-erfahrungen\/istanbul-acibadem-kliniginde-gecirdigim-ameliyat-26-eyluel-2012-carsamba-tarihli-rapor\/","title":{"rendered":"\u0130stanbul Ac\u0131badem Klini\u011fi&#8217;nde ge\u00e7irdi\u011fim ameliyat \u2013 26 Eyl\u00fcl 2012 \u00c7ar\u015famba tarihli rapor"},"content":{"rendered":"\n<h3 class=\"wp-block-heading\">\u0130stanbul Ac\u0131badem Klini\u011fi&#8217;nde ge\u00e7irdi\u011fim ameliyat \u2013 26 Eyl\u00fcl 2012 \u00c7ar\u015famba tarihli rapor<\/h3>\n\n<p>Yedi ya\u015f\u0131ndan beri g\u00f6zl\u00fck takmak zorunday\u0131m. Bundan hi\u00e7bir zaman ger\u00e7ekten ho\u015flanmad\u0131m, ama al\u0131\u015ft\u0131m. Rekabet\u00e7i bir sporcu oldu\u011fum i\u00e7in sonunda kontakt lenslere ge\u00e7mek zorunda kald\u0131m, ancak spor yaparken s\u00fcrekli d\u00fc\u015f\u00fcyorlard\u0131 ve ayr\u0131ca zaman zaman rahats\u0131zl\u0131k veriyorlard\u0131.  <\/p>\n\n<p>Yakla\u015f\u0131k alt\u0131 ay \u00f6nce, bir meslekta\u015f\u0131m \u0130svi\u00e7re&#8217;de pahal\u0131 bir g\u00f6z ameliyat\u0131 ge\u00e7irdi. Ameliyattan sonra g\u00f6zl\u00fcks\u00fcz g\u00f6rebiliyordu ve ben \u00e7ok sevindim. Daha ucuz ama ayn\u0131 derecede etkili bir g\u00f6z ameliyat\u0131 y\u00f6ntemi olmal\u0131 diye d\u00fc\u015f\u00fcnd\u00fcm. Bu y\u00fczden internette ara\u015ft\u0131rmaya ve etraf\u0131mdakilere sormaya ba\u015flad\u0131m. Sonunda internette Swisslasik&#8217;e rastlad\u0131m.    <\/p>\n\n<p>G\u00f6z ameliyat\u0131 i\u00e7in T\u00fcrkiye&#8217;ye yaln\u0131z gitmek istemedi\u011fimden, ayn\u0131 sorunu ya\u015fayan bir meslekta\u015f arad\u0131m. Birini bulduktan sonra hemen Swisslasik&#8217;ten Say\u0131n Karaaga\u00e7l\u0131 ile ileti\u015fime ge\u00e7tim ve i\u015fler \u015fekillenmeye ba\u015flad\u0131. Birlikte uygun bir ameliyat tarihi arad\u0131k ve sorular\u0131m\u0131 sordum, her zaman h\u0131zl\u0131 cevaplar ald\u0131m.  <\/p>\n\n<p>Yakla\u015f\u0131k \u00fc\u00e7 ay sonra, macera nihayet ba\u015flayabildi. Per\u015fembe ak\u015fam\u0131 T\u00fcrk Hava Yollar\u0131 ile \u0130stanbul&#8217;a u\u00e7tuk. \u0130stanbul&#8217;a vard\u0131\u011f\u0131m\u0131zda, \u00f6nceden kararla\u015ft\u0131r\u0131ld\u0131\u011f\u0131 gibi, isimlerimizin yaz\u0131l\u0131 oldu\u011fu bir tabela ile bizi bekleyen bir \u015fof\u00f6r\u00fcm\u00fcz vard\u0131. Otele giden yol olduk\u00e7a maceral\u0131yd\u0131. \u0130stanbul gibi b\u00fcy\u00fck bir metropolde \u015fof\u00f6rlerin nas\u0131l yol buldu\u011funu tahmin edebilirsiniz. Yirmi dakika sonra, Taksim Park City Oteli&#8217;ne sa\u011f salim vard\u0131k. \u015eof\u00f6r daha sonra ertesi sabah saat 8:00&#8217;de bizi alaca\u011f\u0131n\u0131 s\u00f6yledi. Otelde h\u0131zl\u0131 ve kolay bir giri\u015f yapt\u0131ktan sonra, do\u011fruca yata\u011fa gittik.       <\/p>\n\n<p>Ertesi sabah saat 7:00&#8217;de \u0130stanbul&#8217;daki g\u00fcn\u00fcm\u00fcz ba\u015flad\u0131. H\u0131zl\u0131 ve keyifli bir kahvalt\u0131 yapt\u0131k (bu arada, kahvalt\u0131m\u0131z muhte\u015femdi!) ve saat 8:00 olmu\u015ftu bile. Saat 8:15&#8217;te \u015fof\u00f6r\u00fcm\u00fcz geldi (bu trafikte 15 dakikal\u0131k bir gecikme kimse i\u00e7in sorun de\u011fildi). Klini\u011fe giden yol sorunsuz ge\u00e7ti ve hatta \u015fehrin bir k\u0131sm\u0131n\u0131 g\u00f6rme f\u0131rsat\u0131m\u0131z bile oldu.   <\/p>\n\n<p>\u00c7ok cana yak\u0131n terc\u00fcman\u0131m\u0131z bizi klinikte kar\u015f\u0131lad\u0131. Neler yapaca\u011f\u0131m\u0131z\u0131 k\u0131saca a\u00e7\u0131klad\u0131ktan sonra asans\u00f6rle g\u00f6z hastal\u0131klar\u0131 b\u00f6l\u00fcm\u00fcne \u00e7\u0131kt\u0131k. Evde oldu\u011fu gibi \u00f6nce bilgilerimizi verdik ve birka\u00e7 dakika bekledik. Yakla\u015f\u0131k 10 dakika sonra iki doktor geldi ve \u00f6n muayeneleri yapt\u0131. Muayeneler yakla\u015f\u0131k 30 dakika sonra tamamland\u0131. Yakla\u015f\u0131k 10 dakika sonra, \u00e7ok nazik doktor bizi tek tek muayene etti ve hangi cerrahi y\u00f6ntemi \u00f6nerdi\u011fini ve i\u015flemin nas\u0131l i\u015fleyece\u011fini a\u00e7\u0131klad\u0131. Bana standart LASIK tedavisini \u00f6nerdi.      <\/p>\n\n<p>Art\u0131k ameliyata haz\u0131rd\u0131k ama \u00fc\u00e7 saat beklememiz gerekiyordu. Bu \u00fc\u00e7 saati yak\u0131ndaki al\u0131\u015fveri\u015f merkezinde ge\u00e7irdik. Saat 14:00&#8217;te nihayet zaman geldi. Ameliyat \u00f6nl\u00fcklerimizi giydik ve ameliyata al\u0131nd\u0131k. Ameliyat (tahmin edebilece\u011finiz gibi) tats\u0131zd\u0131 ama a\u011fr\u0131s\u0131zd\u0131. 15 dakika sonra her \u015fey bitti ve &#8220;Robocop&#8221; koruyucu g\u00f6zl\u00fcklerimizi ald\u0131k.     <\/p>\n\n<p>\u015eimdi i\u015fin en k\u00f6t\u00fc k\u0131sm\u0131 geldi: \u0130Y\u0130LE\u015eME. G\u00f6zlerim ger\u00e7ekten \u00e7ok k\u00f6t\u00fc oldu\u011fu i\u00e7in, g\u00f6zlerimi tekrar a\u00e7abilmem, herhangi bir yanma, ka\u015f\u0131nt\u0131, \u0131s\u0131rma vb. olmadan \u00e7ok uzun zaman ald\u0131. Doktor beni uyarm\u0131\u015ft\u0131 ama bu kadar k\u00f6t\u00fc olaca\u011f\u0131n\u0131 beklemiyordum. Meslekta\u015f\u0131m yakla\u015f\u0131k bir saat sonra g\u00f6zlerini sorunsuz bir \u015fekilde a\u00e7abildi. Benim i\u00e7inse maalesef yakla\u015f\u0131k alt\u0131 saat s\u00fcrd\u00fc. Ameliyattan otuz dakika sonra doktor g\u00f6zlerimizi tekrar kontrol etti ve her \u015feyin m\u00fckemmel gitti\u011fini s\u00f6yledi.     <\/p>\n\n<p>G\u00fcvenlik kontrol\u00fcnden sonra otele d\u00f6nmemize izin verildi. \u0130stanbul sokaklar\u0131nda g\u00f6zlerimiz ba\u011fl\u0131 bir \u015fekilde araba s\u00fcrmekten daha keyifli anlar olabilece\u011fini tahmin edebilirsiniz. Ancak, meslekta\u015f\u0131m o zamana kadar g\u00f6rme yetisini geri kazand\u0131\u011f\u0131 i\u00e7in o kadar da k\u00f6t\u00fc de\u011fildi. Odaya girer girmez hemen pencereleri karartt\u0131k ve yataklara y\u0131\u011f\u0131ld\u0131k.   <\/p>\n\n<p>Ak\u015fam 8:30 civar\u0131nda, aniden g\u00f6zlerimi tekrar a\u00e7abildim ve her \u015feyi okuyabiliyor ve g\u00f6rebiliyordum. \u00d6nceki saatlerde \u00e7ekti\u011fim ac\u0131 unutulmu\u015ftu. G\u00f6zl\u00fcklerim olmadan hemen televizyon izleyebiliyor, gazete okuyabiliyor vesaire yapabiliyordum. \u00c7ok sevin\u00e7liydim.  <\/p>\n\n<p>Ertesi sabah, kontrol randevusu planland\u0131. \u015eof\u00f6r, \u00f6nceki g\u00fcn oldu\u011fu gibi, olduk\u00e7a dakikti. Klinikte neredeyse hi\u00e7 beklemedik ve duvardaki harfleri okumay\u0131 i\u00e7eren standart bir g\u00f6z muayenesinden ge\u00e7tik. Hayat\u0131mda ilk kez HER \u015eEY\u0130 okuyabiliyordum. Doktor, g\u00f6rme yetimin art\u0131k %100 oldu\u011funu s\u00f6yledi. Ameliyattan \u00f6nce, g\u00f6zl\u00fck numaram -4 ve -3,25 diyoptriydi.     <\/p>\n\n<p>Kontrol i\u015flemlerinin ard\u0131ndan \u0130stanbul&#8217;da iki g\u00fcn daha gezme f\u0131rsat\u0131m\u0131z oldu.<\/p>\n\n<p>Bug\u00fcn, ameliyattan yakla\u015f\u0131k 3 hafta sonra, ameliyat oldu\u011fum i\u00e7in \u00e7ok mutluyum ve \u015fu ana kadar hi\u00e7bir sorun ya\u015famad\u0131m.<\/p>\n\n<p>Bu nedenle ameliyat\u0131 herkese tavsiye edebilirim. Peter Davida <\/p>\n\n<figure class=\"wp-block-image size-full\"><img fetchpriority=\"high\" decoding=\"async\" width=\"300\" height=\"169\" src=\"https:\/\/swisslasik.ch\/wp-content\/uploads\/2025\/09\/RTEmagicC_Davida_4.jpg.jpg\" alt=\"\" class=\"wp-image-438\"\/><\/figure>\n\n<figure class=\"wp-block-image size-full\"><img decoding=\"async\" width=\"300\" height=\"200\" src=\"https:\/\/swisslasik.ch\/wp-content\/uploads\/2025\/09\/RTEmagicC_Davida_3.jpg.jpg\" alt=\"\" class=\"wp-image-439\"\/><\/figure>\n\n<figure class=\"wp-block-image size-full\"><img decoding=\"async\" width=\"300\" height=\"532\" src=\"https:\/\/swisslasik.ch\/wp-content\/uploads\/2025\/09\/RTEmagicC_Davida_1.jpg.jpg\" alt=\"\" class=\"wp-image-440\" srcset=\"https:\/\/swisslasik.ch\/wp-content\/uploads\/2025\/09\/RTEmagicC_Davida_1.jpg.jpg 300w, https:\/\/swisslasik.ch\/wp-content\/uploads\/2025\/09\/RTEmagicC_Davida_1.jpg-169x300.jpg 169w\" sizes=\"(max-width: 300px) 100vw, 300px\" \/><\/figure>\n\n<figure class=\"wp-block-image size-full\"><img loading=\"lazy\" decoding=\"async\" width=\"300\" height=\"169\" src=\"https:\/\/swisslasik.ch\/wp-content\/uploads\/2025\/09\/RTEmagicC_Davida_2_01.jpg.jpg\" alt=\"\" class=\"wp-image-441\"\/><\/figure>\n\n<div class=\"wp-block-group is-layout-grid wp-container-core-group-is-layout-baef362d wp-block-group-is-layout-grid\">\n<p><a href=\"https:\/\/medicaltravel.at\/home\/agb\/\" data-type=\"page\" data-id=\"2191\" rel=\"nofollow noopener\" target=\"_blank\"><\/a><a href=\"https:\/\/swisslasik.ch\/tr\/patientenberichte-augenlasern-erfahrungen\/agustos-2012de-istanbulda-goezlerime-lazer-tedavisi-yaptirdigimda-harika-bir-deneyim-yasadim-1-ekim-2012-pazartesi-tarihli-rapor\/\" data-type=\"link\" data-id=\"https:\/\/swisslasik.ch\/augenlasern-lasik-erfahrungen\/ein-grossartiges-erlebnis-als-ich-im-august-2012-meine-augen-in-istanbul-lasern-liess-bericht-vom-montag-01-oktober-2012\/\">\u00d6nceki rapor<\/a><\/p>\n\n\n\n<p class=\"has-text-align-right wp-container-content-5e2576f9\"><a href=\"https:\/\/medicaltravel.at\/home\/impressum\/\" data-type=\"page\" data-id=\"2193\" rel=\"nofollow noopener\" target=\"_blank\"><\/a><a href=\"https:\/\/medicaltravel.at\/home\/berichte-von-patienten\/erfahrungsberichte\/erfahrungsbericht-zahnbehandlung-in-istanbul\/\" data-type=\"page\" data-id=\"981\" rel=\"nofollow noopener\" target=\"_blank\"><\/a><a href=\"https:\/\/swisslasik.ch\/tr\/patientenberichte-augenlasern-erfahrungen\/deneyim-raporu-yurtdisinda-lasik-tuerkiye-21-eyluel-2012-cuma-tarihli-rapor\/\" data-type=\"link\" data-id=\"https:\/\/swisslasik.ch\/augenlasern-lasik-erfahrungen\/erfahrungsbericht-lasik-ausland-turkei-bericht-vom-freitag-21-september-2012\/\">Sonraki rapor<\/a><\/p>\n<\/div>\n","protected":false},"excerpt":{"rendered":"<p>\u0130stanbul Ac\u0131badem Klini\u011fi&#8217;nde ge\u00e7irdi\u011fim ameliyat \u2013 26 Eyl\u00fcl 2012 \u00c7ar\u015famba tarihli rapor Yedi ya\u015f\u0131ndan beri g\u00f6zl\u00fck takmak zorunday\u0131m. Bundan hi\u00e7bir zaman ger\u00e7ekten ho\u015flanmad\u0131m, ama al\u0131\u015ft\u0131m. Rekabet\u00e7i bir sporcu oldu\u011fum i\u00e7in sonunda kontakt lenslere ge\u00e7mek zorunda kald\u0131m, ancak spor yaparken s\u00fcrekli d\u00fc\u015f\u00fcyorlard\u0131 ve ayr\u0131ca zaman zaman rahats\u0131zl\u0131k veriyorlard\u0131. Yakla\u015f\u0131k alt\u0131 ay \u00f6nce, bir meslekta\u015f\u0131m \u0130svi\u00e7re&#8217;de pahal\u0131 bir g\u00f6z ameliyat\u0131 ge\u00e7irdi. Ameliyattan sonra g\u00f6zl\u00fcks\u00fcz g\u00f6rebiliyordu ve ben \u00e7ok sevindim. Daha ucuz ama ayn\u0131 derecede etkili bir g\u00f6z ameliyat\u0131 y\u00f6ntemi olmal\u0131 diye d\u00fc\u015f\u00fcnd\u00fcm. Bu y\u00fczden internette ara\u015ft\u0131rmaya ve etraf\u0131mdakilere sormaya ba\u015flad\u0131m. Sonunda internette Swisslasik&#8217;e rastlad\u0131m. G\u00f6z ameliyat\u0131 i\u00e7in T\u00fcrkiye&#8217;ye yaln\u0131z gitmek istemedi\u011fimden, ayn\u0131 sorunu ya\u015fayan bir meslekta\u015f arad\u0131m. Birini bulduktan sonra hemen Swisslasik&#8217;ten Say\u0131n Karaaga\u00e7l\u0131 ile ileti\u015fime ge\u00e7tim ve i\u015fler \u015fekillenmeye ba\u015flad\u0131. Birlikte uygun bir ameliyat tarihi arad\u0131k ve sorular\u0131m\u0131 sordum, her zaman h\u0131zl\u0131 cevaplar ald\u0131m. Yakla\u015f\u0131k \u00fc\u00e7 ay sonra, macera nihayet ba\u015flayabildi. Per\u015fembe ak\u015fam\u0131 T\u00fcrk Hava Yollar\u0131 ile \u0130stanbul&#8217;a u\u00e7tuk. \u0130stanbul&#8217;a vard\u0131\u011f\u0131m\u0131zda, \u00f6nceden kararla\u015ft\u0131r\u0131ld\u0131\u011f\u0131 gibi, isimlerimizin yaz\u0131l\u0131 oldu\u011fu bir tabela ile bizi bekleyen bir \u015fof\u00f6r\u00fcm\u00fcz vard\u0131. Otele giden yol olduk\u00e7a maceral\u0131yd\u0131. \u0130stanbul gibi b\u00fcy\u00fck bir metropolde \u015fof\u00f6rlerin nas\u0131l yol buldu\u011funu tahmin edebilirsiniz. Yirmi dakika sonra, Taksim Park City Oteli&#8217;ne sa\u011f salim vard\u0131k. \u015eof\u00f6r daha sonra ertesi sabah saat 8:00&#8217;de bizi alaca\u011f\u0131n\u0131 s\u00f6yledi. Otelde h\u0131zl\u0131 ve kolay bir giri\u015f yapt\u0131ktan sonra, do\u011fruca yata\u011fa gittik. Ertesi sabah saat 7:00&#8217;de \u0130stanbul&#8217;daki g\u00fcn\u00fcm\u00fcz ba\u015flad\u0131. H\u0131zl\u0131 ve keyifli bir kahvalt\u0131 yapt\u0131k (bu arada, kahvalt\u0131m\u0131z muhte\u015femdi!) ve saat 8:00 olmu\u015ftu bile. Saat 8:15&#8217;te \u015fof\u00f6r\u00fcm\u00fcz geldi (bu trafikte 15 dakikal\u0131k bir gecikme kimse i\u00e7in sorun de\u011fildi). Klini\u011fe giden yol sorunsuz ge\u00e7ti ve hatta \u015fehrin bir k\u0131sm\u0131n\u0131 g\u00f6rme f\u0131rsat\u0131m\u0131z bile oldu. \u00c7ok cana yak\u0131n terc\u00fcman\u0131m\u0131z bizi klinikte kar\u015f\u0131lad\u0131. Neler yapaca\u011f\u0131m\u0131z\u0131 k\u0131saca a\u00e7\u0131klad\u0131ktan sonra asans\u00f6rle g\u00f6z hastal\u0131klar\u0131 b\u00f6l\u00fcm\u00fcne \u00e7\u0131kt\u0131k. Evde oldu\u011fu gibi \u00f6nce bilgilerimizi verdik ve birka\u00e7 dakika bekledik. Yakla\u015f\u0131k 10 dakika sonra iki doktor geldi ve \u00f6n muayeneleri yapt\u0131. Muayeneler yakla\u015f\u0131k 30 dakika sonra tamamland\u0131. Yakla\u015f\u0131k 10 dakika sonra, \u00e7ok nazik doktor bizi tek tek muayene etti ve hangi cerrahi y\u00f6ntemi \u00f6nerdi\u011fini ve i\u015flemin nas\u0131l i\u015fleyece\u011fini a\u00e7\u0131klad\u0131. Bana standart LASIK tedavisini \u00f6nerdi. Art\u0131k ameliyata haz\u0131rd\u0131k ama \u00fc\u00e7 saat beklememiz gerekiyordu. Bu \u00fc\u00e7 saati yak\u0131ndaki al\u0131\u015fveri\u015f merkezinde ge\u00e7irdik. Saat 14:00&#8217;te nihayet zaman geldi. Ameliyat \u00f6nl\u00fcklerimizi giydik ve ameliyata al\u0131nd\u0131k. Ameliyat (tahmin edebilece\u011finiz gibi) tats\u0131zd\u0131 ama a\u011fr\u0131s\u0131zd\u0131. 15 dakika sonra her \u015fey bitti ve &#8220;Robocop&#8221; koruyucu g\u00f6zl\u00fcklerimizi ald\u0131k. \u015eimdi i\u015fin en k\u00f6t\u00fc k\u0131sm\u0131 geldi: \u0130Y\u0130LE\u015eME. G\u00f6zlerim ger\u00e7ekten \u00e7ok k\u00f6t\u00fc oldu\u011fu i\u00e7in, g\u00f6zlerimi tekrar a\u00e7abilmem, herhangi bir yanma, ka\u015f\u0131nt\u0131, \u0131s\u0131rma vb. olmadan \u00e7ok uzun zaman ald\u0131. Doktor beni uyarm\u0131\u015ft\u0131 ama bu kadar k\u00f6t\u00fc olaca\u011f\u0131n\u0131 beklemiyordum. Meslekta\u015f\u0131m yakla\u015f\u0131k bir saat sonra g\u00f6zlerini sorunsuz bir \u015fekilde a\u00e7abildi. Benim i\u00e7inse maalesef yakla\u015f\u0131k alt\u0131 saat s\u00fcrd\u00fc. Ameliyattan otuz dakika sonra doktor g\u00f6zlerimizi tekrar kontrol etti ve her \u015feyin m\u00fckemmel gitti\u011fini s\u00f6yledi. G\u00fcvenlik kontrol\u00fcnden sonra otele d\u00f6nmemize izin verildi. \u0130stanbul sokaklar\u0131nda g\u00f6zlerimiz ba\u011fl\u0131 bir \u015fekilde araba s\u00fcrmekten daha keyifli anlar olabilece\u011fini tahmin edebilirsiniz. Ancak, meslekta\u015f\u0131m o zamana kadar g\u00f6rme yetisini geri kazand\u0131\u011f\u0131 i\u00e7in o kadar da k\u00f6t\u00fc de\u011fildi. Odaya girer girmez hemen pencereleri karartt\u0131k ve yataklara y\u0131\u011f\u0131ld\u0131k. Ak\u015fam 8:30 civar\u0131nda, aniden g\u00f6zlerimi tekrar a\u00e7abildim ve her \u015feyi okuyabiliyor ve g\u00f6rebiliyordum. \u00d6nceki saatlerde \u00e7ekti\u011fim ac\u0131 unutulmu\u015ftu. G\u00f6zl\u00fcklerim olmadan hemen televizyon izleyebiliyor, gazete okuyabiliyor vesaire yapabiliyordum. \u00c7ok sevin\u00e7liydim. Ertesi sabah, kontrol randevusu planland\u0131. \u015eof\u00f6r, \u00f6nceki g\u00fcn oldu\u011fu gibi, olduk\u00e7a dakikti. Klinikte neredeyse hi\u00e7 beklemedik ve duvardaki harfleri okumay\u0131 i\u00e7eren standart bir g\u00f6z muayenesinden ge\u00e7tik. Hayat\u0131mda ilk kez HER \u015eEY\u0130 okuyabiliyordum. Doktor, g\u00f6rme yetimin art\u0131k %100 oldu\u011funu s\u00f6yledi. Ameliyattan \u00f6nce, g\u00f6zl\u00fck numaram -4 ve -3,25 diyoptriydi. Kontrol i\u015flemlerinin ard\u0131ndan \u0130stanbul&#8217;da iki g\u00fcn daha gezme f\u0131rsat\u0131m\u0131z oldu. Bug\u00fcn, ameliyattan yakla\u015f\u0131k 3 hafta sonra, ameliyat oldu\u011fum i\u00e7in \u00e7ok mutluyum ve \u015fu ana kadar hi\u00e7bir sorun ya\u015famad\u0131m. Bu nedenle ameliyat\u0131 herkese tavsiye edebilirim. Peter Davida \u00d6nceki rapor Sonraki rapor<\/p>\n","protected":false},"author":4,"featured_media":0,"parent":3695,"menu_order":0,"comment_status":"closed","ping_status":"closed","template":"","meta":{"_joinchat":[],"footnotes":""},"class_list":["post-3783","page","type-page","status-publish","hentry"],"acf":[],"_links":{"self":[{"href":"https:\/\/swisslasik.ch\/tr\/wp-json\/wp\/v2\/pages\/3783","targetHints":{"allow":["GET"]}}],"collection":[{"href":"https:\/\/swisslasik.ch\/tr\/wp-json\/wp\/v2\/pages"}],"about":[{"href":"https:\/\/swisslasik.ch\/tr\/wp-json\/wp\/v2\/types\/page"}],"author":[{"embeddable":true,"href":"https:\/\/swisslasik.ch\/tr\/wp-json\/wp\/v2\/users\/4"}],"replies":[{"embeddable":true,"href":"https:\/\/swisslasik.ch\/tr\/wp-json\/wp\/v2\/comments?post=3783"}],"version-history":[{"count":1,"href":"https:\/\/swisslasik.ch\/tr\/wp-json\/wp\/v2\/pages\/3783\/revisions"}],"predecessor-version":[{"id":3784,"href":"https:\/\/swisslasik.ch\/tr\/wp-json\/wp\/v2\/pages\/3783\/revisions\/3784"}],"up":[{"embeddable":true,"href":"https:\/\/swisslasik.ch\/tr\/wp-json\/wp\/v2\/pages\/3695"}],"wp:attachment":[{"href":"https:\/\/swisslasik.ch\/tr\/wp-json\/wp\/v2\/media?parent=3783"}],"curies":[{"name":"wp","href":"https:\/\/api.w.org\/{rel}","templated":true}]}}