{"id":3785,"date":"2025-09-24T12:38:07","date_gmt":"2025-09-24T11:38:07","guid":{"rendered":"https:\/\/swisslasik.ch\/patientenberichte-augenlasern-erfahrungen\/istanbulda-swisslasikte-yaptirdigim-dis-tedavisiyle-ilgili-rapor-3-mayis-2012-persembe\/"},"modified":"2026-01-14T18:34:08","modified_gmt":"2026-01-14T17:34:08","slug":"istanbulda-swisslasikte-yaptirdigim-dis-tedavisiyle-ilgili-rapor-3-mayis-2012-persembe","status":"publish","type":"page","link":"https:\/\/swisslasik.ch\/tr\/patientenberichte-augenlasern-erfahrungen\/istanbulda-swisslasikte-yaptirdigim-dis-tedavisiyle-ilgili-rapor-3-mayis-2012-persembe\/","title":{"rendered":"\u0130stanbul&#8217;da Swisslasik&#8217;te yapt\u0131rd\u0131\u011f\u0131m di\u015f tedavisiyle ilgili rapor &#8211; 3 May\u0131s 2012 Per\u015fembe"},"content":{"rendered":"\n<h3 class=\"wp-block-heading\">\u0130stanbul&#8217;da Swisslasik&#8217;te yapt\u0131rd\u0131\u011f\u0131m di\u015f tedavisiyle ilgili rapor &#8211; 3 May\u0131s 2012 Per\u015fembe<\/h3>\n\n<p>Yurtd\u0131\u015f\u0131nda bir di\u015f tedavisi aray\u0131\u015f\u0131ndayd\u0131m. \u00c7\u00fcnk\u00fc \u0130svi\u00e7re&#8217;de di\u015f tedavisi ger\u00e7ekten \u00e7ok pahal\u0131! Bu y\u00fczden, 4-5 g\u00fcn yurtd\u0131\u015f\u0131nda olmak harika bir fikir gibi geldi. Di\u011ferlerinden hep m\u00fckemmel sonu\u00e7lar ald\u0131klar\u0131n\u0131 duyuyorum. Bu \u015fekilde Swisslasik ile kar\u015f\u0131la\u015ft\u0131m. Harika bir internet sitesiydi, sonra Karaagacli Bey ile ileti\u015fime ge\u00e7tim ve harika bir teklif ald\u0131m! Her \u015fey sorunsuz gitti, \u0130stanbul&#8217;a var\u0131r varmaz klinikten \u015fof\u00f6r beni arad\u0131, havaalan\u0131n\u0131n park yerinde oldu\u011funu s\u00f6yledi. Sonra hemen klini\u011fe gittik ve hemen bir kontrol yap\u0131ld\u0131. 4 dolgumm vard\u0131 ve di\u015flerimi beyazlatmak istedim. I\u015f\u0131ldayan beyaz di\u015fler i\u00e7in \ud83d\ude09 Yani onlar beni bekliyorlard\u0131, hemen tedaviye ba\u015flad\u0131lar. Sonra \u015fof\u00f6r beni otele b\u0131rakt\u0131. Ertesi g\u00fcn saat 11&#8217;de otelden al\u0131nd\u0131m. Di\u015f hekimiyle anla\u015fm\u0131\u015ft\u0131k, t\u00fcm i\u015flemleri o g\u00fcn bitirecektik ki, \u0130stanbul&#8217;da birka\u00e7 g\u00fcn daha keyfini \u00e7\u0131karabileyim. \u00c7ok g\u00fcler y\u00fczl\u00fc personel, \u0130svi\u00e7re standartlar\u0131nda bir klinik! Deneyimimi, b\u00f6yle bir \u015feye belki cesaret edemeyenler i\u00e7in payla\u015fmak istedim. B\u00fcy\u00fck bir alk\u0131\u015f, \u00e7ok uygun fiyatl\u0131 ve kalite ger\u00e7ekten \u00e7ok iyi.<br\/>Nimet Erdemli                <\/p>\n\n<div class=\"wp-block-group is-layout-grid wp-container-core-group-is-layout-baef362d wp-block-group-is-layout-grid\">\n<p><a href=\"https:\/\/medicaltravel.at\/home\/agb\/\" data-type=\"page\" data-id=\"2191\" rel=\"nofollow noopener\" target=\"_blank\"><\/a><a href=\"https:\/\/swisslasik.ch\/tr\/patientenberichte-augenlasern-erfahrungen\/engelsiz-goezlerle-yasamanin-verdigi-yeni-his-paha-bicilmez-6-mayis-2012-pazar-tarihli-rapor\/\" data-type=\"link\" data-id=\"https:\/\/swisslasik.ch\/augenlasern-lasik-erfahrungen\/das-neue-lebensgefuhl-mit-freien-augen-unbezahlbar-bericht-vom-sonntag-06-mai-2012\/\">\u00d6nceki rapor<\/a><\/p>\n\n\n\n<p class=\"has-text-align-right wp-container-content-5e2576f9\"><a href=\"https:\/\/medicaltravel.at\/home\/impressum\/\" data-type=\"page\" data-id=\"2193\" rel=\"nofollow noopener\" target=\"_blank\"><\/a><a href=\"https:\/\/medicaltravel.at\/home\/berichte-von-patienten\/erfahrungsberichte\/erfahrungsbericht-zahnbehandlung-in-istanbul\/\" data-type=\"page\" data-id=\"981\" rel=\"nofollow noopener\" target=\"_blank\"><\/a><a href=\"https:\/\/swisslasik.ch\/tr\/patientenberichte-augenlasern-erfahrungen\/10-sentlik-madeni-parayi-20-sentlik-madeni-paradan-ayirt-etme-25-nisan-2012-carsamba-tarihli-rapor\/\" data-type=\"link\" data-id=\"https:\/\/swisslasik.ch\/augenlasern-lasik-erfahrungen\/ein-10-rappler-von-einem-20-rappler-zu-unterscheiden-bericht-vom-mittwoch-25-april-2012\/\">Sonraki rapor<\/a><\/p>\n<\/div>\n","protected":false},"excerpt":{"rendered":"<p>\u0130stanbul&#8217;da Swisslasik&#8217;te yapt\u0131rd\u0131\u011f\u0131m di\u015f tedavisiyle ilgili rapor &#8211; 3 May\u0131s 2012 Per\u015fembe Yurtd\u0131\u015f\u0131nda bir di\u015f tedavisi aray\u0131\u015f\u0131ndayd\u0131m. \u00c7\u00fcnk\u00fc \u0130svi\u00e7re&#8217;de di\u015f tedavisi ger\u00e7ekten \u00e7ok pahal\u0131! Bu y\u00fczden, 4-5 g\u00fcn yurtd\u0131\u015f\u0131nda olmak harika bir fikir gibi geldi. Di\u011ferlerinden hep m\u00fckemmel sonu\u00e7lar ald\u0131klar\u0131n\u0131 duyuyorum. Bu \u015fekilde Swisslasik ile kar\u015f\u0131la\u015ft\u0131m. Harika bir internet sitesiydi, sonra Karaagacli Bey ile ileti\u015fime ge\u00e7tim ve harika bir teklif ald\u0131m! Her \u015fey sorunsuz gitti, \u0130stanbul&#8217;a var\u0131r varmaz klinikten \u015fof\u00f6r beni arad\u0131, havaalan\u0131n\u0131n park yerinde oldu\u011funu s\u00f6yledi. Sonra hemen klini\u011fe gittik ve hemen bir kontrol yap\u0131ld\u0131. 4 dolgumm vard\u0131 ve di\u015flerimi beyazlatmak istedim. I\u015f\u0131ldayan beyaz di\u015fler i\u00e7in \ud83d\ude09 Yani onlar beni bekliyorlard\u0131, hemen tedaviye ba\u015flad\u0131lar. Sonra \u015fof\u00f6r beni otele b\u0131rakt\u0131. Ertesi g\u00fcn saat 11&#8217;de otelden al\u0131nd\u0131m. Di\u015f hekimiyle anla\u015fm\u0131\u015ft\u0131k, t\u00fcm i\u015flemleri o g\u00fcn bitirecektik ki, \u0130stanbul&#8217;da birka\u00e7 g\u00fcn daha keyfini \u00e7\u0131karabileyim. \u00c7ok g\u00fcler y\u00fczl\u00fc personel, \u0130svi\u00e7re standartlar\u0131nda bir klinik! Deneyimimi, b\u00f6yle bir \u015feye belki cesaret edemeyenler i\u00e7in payla\u015fmak istedim. B\u00fcy\u00fck bir alk\u0131\u015f, \u00e7ok uygun fiyatl\u0131 ve kalite ger\u00e7ekten \u00e7ok iyi.Nimet Erdemli \u00d6nceki rapor Sonraki rapor<\/p>\n","protected":false},"author":4,"featured_media":0,"parent":3695,"menu_order":0,"comment_status":"closed","ping_status":"closed","template":"","meta":{"_joinchat":[],"footnotes":""},"class_list":["post-3785","page","type-page","status-publish","hentry"],"acf":[],"_links":{"self":[{"href":"https:\/\/swisslasik.ch\/tr\/wp-json\/wp\/v2\/pages\/3785","targetHints":{"allow":["GET"]}}],"collection":[{"href":"https:\/\/swisslasik.ch\/tr\/wp-json\/wp\/v2\/pages"}],"about":[{"href":"https:\/\/swisslasik.ch\/tr\/wp-json\/wp\/v2\/types\/page"}],"author":[{"embeddable":true,"href":"https:\/\/swisslasik.ch\/tr\/wp-json\/wp\/v2\/users\/4"}],"replies":[{"embeddable":true,"href":"https:\/\/swisslasik.ch\/tr\/wp-json\/wp\/v2\/comments?post=3785"}],"version-history":[{"count":3,"href":"https:\/\/swisslasik.ch\/tr\/wp-json\/wp\/v2\/pages\/3785\/revisions"}],"predecessor-version":[{"id":3788,"href":"https:\/\/swisslasik.ch\/tr\/wp-json\/wp\/v2\/pages\/3785\/revisions\/3788"}],"up":[{"embeddable":true,"href":"https:\/\/swisslasik.ch\/tr\/wp-json\/wp\/v2\/pages\/3695"}],"wp:attachment":[{"href":"https:\/\/swisslasik.ch\/tr\/wp-json\/wp\/v2\/media?parent=3785"}],"curies":[{"name":"wp","href":"https:\/\/api.w.org\/{rel}","templated":true}]}}