{"id":3789,"date":"2025-09-24T12:09:39","date_gmt":"2025-09-24T11:09:39","guid":{"rendered":"https:\/\/swisslasik.ch\/patientenberichte-augenlasern-erfahrungen\/tuerkiyede-lazer-goez-ameliyati-hakkinda-hasta-raporu-25-temmuz-2013-persembe-tarihli-rapor\/"},"modified":"2026-01-14T17:37:16","modified_gmt":"2026-01-14T16:37:16","slug":"tuerkiyede-lazer-goez-ameliyati-hakkinda-hasta-raporu-25-temmuz-2013-persembe-tarihli-rapor","status":"publish","type":"page","link":"https:\/\/swisslasik.ch\/tr\/patientenberichte-augenlasern-erfahrungen\/tuerkiyede-lazer-goez-ameliyati-hakkinda-hasta-raporu-25-temmuz-2013-persembe-tarihli-rapor\/","title":{"rendered":"T\u00fcrkiye&#8217;de lazer g\u00f6z ameliyat\u0131 hakk\u0131nda hasta raporu \u2013 25 Temmuz 2013 Per\u015fembe tarihli rapor"},"content":{"rendered":"\n<h3 class=\"wp-block-heading\">T\u00fcrkiye&#8217;de lazer g\u00f6z ameliyat\u0131 hakk\u0131nda hasta raporu \u2013 25 Temmuz 2013 Per\u015fembe tarihli rapor<\/h3>\n\n\n\n<p>\u0130\u015fte size \u0130stanbul&#8217;daki \u00f6n muayene, seyahat ve operasyon hakk\u0131ndaki izlenimlerimi g\u00f6nderiyorum. Klini\u011finizi, ayn\u0131 zamanda \u00e7ok memnun kalan kay\u0131nbiraderim tavsiye etti. SwissLasik ile ileti\u015fime ge\u00e7ti\u011fim anda, hemen bir ilk kontrol randevusu ald\u0131m. Uzun bekleme s\u00fcreleri yoktu, bu benim i\u00e7in \u00e7ok de\u011ferliydi. Operasyon randevusunun belirlenmesinde de SwissLasik olduk\u00e7a esnekti. Z\u00fcrich&#8217;teki \u00f6n muayene i\u00e7in gitti\u011fim klinik \u00e7ok g\u00fczel ve rahatt\u0131. Ekip ve doktorlar \u00e7ok nazik ve yard\u0131mc\u0131yd\u0131. S\u00fcrekli olarak bana ne olaca\u011f\u0131 hakk\u0131nda bilgi verildi. \u00c7ok pratik ve profesyonel bir \u015fekilde dan\u0131\u015fmanl\u0131k ald\u0131m. Bu klinikte de uzun bekleme s\u00fcreleriyle kar\u015f\u0131la\u015fmad\u0131m. SwissLasik ile e-posta yoluyla ileti\u015fim olduk\u00e7a kolay, h\u0131zl\u0131 ve sorunsuz oldu. Ayr\u0131ca telefonla da her zaman ula\u015f\u0131labiliyordu. Seyahat belgelerim, seyahatten k\u0131sa bir s\u00fcre \u00f6nce g\u00f6nderildi. U\u00e7u\u015f, otel, ula\u015f\u0131m, operasyon, sonras\u0131 bak\u0131m, turistik yerler ve ula\u015f\u0131m ba\u011flant\u0131lar\u0131 hakk\u0131nda bilgiler i\u00e7eren harika bir bilgi kitab\u0131 da g\u00f6nderildi. \u0130stanbul\u2019a vard\u0131\u011f\u0131mda, bir \u015fof\u00f6r taraf\u0131ndan al\u0131nd\u0131k ve hemen kendimi rahat hissettim. \u015eof\u00f6r de \u00e7ok nazikti ve yol boyunca \u0130stanbul\u2019daki turistik yerler hakk\u0131nda bize bilgi verdi. Otelde ise hemen tan\u0131nd\u0131k ve her \u015fey h\u0131zl\u0131 ve sorunsuz bir \u015fekilde ilerledi. SwissLasik taraf\u0131ndan \u00f6nerilen otel, konforlu ve rahat bir \u015fekilde d\u00f6\u015fenmi\u015fti. Otelin konumu \u00e7ok merkeziydi, b\u00f6ylece operasyondan sonra biraz e\u011flenceli bir \u015feyler yapma f\u0131rsat\u0131m\u0131z oldu. Ac\u0131badem Klini\u011fi&#8217;ne vard\u0131\u011f\u0131mda, \u00e7ok nazik ve misafirperver bir \u015fekilde kar\u015f\u0131land\u0131m. Orada beni bekleyen bir terc\u00fcman, t\u00fcm muayene ve operasyon s\u00fcrecinde bana rehberlik etti. Her zaman bana bir \u015fof\u00f6r ayarlad\u0131. Hi\u00e7bir durumda kendimi \u00e7aresiz veya anla\u015f\u0131lmaz hissetmedim, bunu \u00e7ok takdir ediyorum \u00e7\u00fcnk\u00fc T\u00fcrk\u00e7e bilmiyorum. Operasyon olduk\u00e7a h\u0131zl\u0131 bir \u015fekilde ger\u00e7ekle\u015ftirildi, her ad\u0131m bana detayl\u0131 bir \u015fekilde a\u00e7\u0131kland\u0131 ve tan\u0131t\u0131ld\u0131. Hi\u00e7 korkmad\u0131m. Haz\u0131rl\u0131k s\u00fcreci, operasyonun kendisinden daha uzun s\u00fcrd\u00fc. Operasyondan sonra, yapmam gerekenler ve ka\u00e7\u0131nmam gerekenler hakk\u0131nda net bir \u015fekilde bilgi verildi ve gelecekte kar\u015f\u0131la\u015fabilece\u011fim ancak beni korkutmayacak olas\u0131 durumlar anlat\u0131ld\u0131. Doktor \u00e7ok profesyonel bir izlenim b\u0131rakt\u0131. Ertesi g\u00fcn, operasyon sonras\u0131 yap\u0131lan kontrol, sabah erken saatlerde yap\u0131ld\u0131, b\u00f6ylece ben ve refakat\u00e7im \u0130stanbul\u2019u ke\u015ffetmeye devam edebildik. Genel olarak bu seyahat ve operasyonu profesyonel ve uygun fiyatl\u0131 oldu\u011fu i\u00e7in tavsiye ediyorum. Operasyonun \u0130svi\u00e7re\u2019de yap\u0131lmamas\u0131 sayesinde ba\u015fka bir k\u00fclt\u00fcr tan\u0131ma f\u0131rsat\u0131m oldu. Di\u011fer kontroller \u0130svi\u00e7re\u2019de yap\u0131lacak ve bu kontrollerin de beklentilerimi kar\u015f\u0131layaca\u011f\u0131na ve olumlu izlenimi koruyaca\u011f\u0131ma inan\u0131yorum.                                Bir aile \u00fcyesi i\u00e7in bir sonraki ameliyat \u015fimdiden planlan\u0131yor. Ameliyattan beri g\u00f6zl\u00fc\u011fe ihtiyac\u0131m olmad\u0131; uzak g\u00f6r\u00fc\u015f sorunlar\u0131m vard\u0131. \u015eimdi alt\u0131 ay boyunca doktorun ameliyat sonras\u0131 bak\u0131m talimatlar\u0131na uyaca\u011f\u0131m. Ondan sonra m\u00fckemmel bir g\u00f6r\u00fc\u015fe sahip olmay\u0131 umuyorum. Muhte\u015fem ba\u015far\u0131 i\u00e7in SwissLasik&#8217;e te\u015fekk\u00fcr ediyor ve t\u00fcm hastalara ayn\u0131 ba\u015far\u0131y\u0131 diliyorum. Bruno Correia     <\/p>\n\n\n\n<div class=\"wp-block-group is-layout-grid wp-container-core-group-is-layout-baef362d wp-block-group-is-layout-grid\">\n<p><a href=\"https:\/\/medicaltravel.at\/home\/agb\/\" data-type=\"page\" data-id=\"2191\" rel=\"nofollow noopener\" target=\"_blank\"><\/a><a href=\"https:\/\/swisslasik.ch\/tr\/patientenberichte-augenlasern-erfahrungen\/cift-lazer-ameliyati-16-eyluel-2013-pazartesi-tarihli-rapor\/\" data-type=\"link\" data-id=\"https:\/\/swisslasik.ch\/augenlasern-lasik-erfahrungen\/laser-op-im-doppelpack-bericht-vom-montag-16-september-2013\/\">\u00d6nceki rapor<\/a><\/p>\n\n\n\n<p class=\"has-text-align-right wp-container-content-5e2576f9\"><a href=\"https:\/\/medicaltravel.at\/home\/impressum\/\" data-type=\"page\" data-id=\"2193\" rel=\"nofollow noopener\" target=\"_blank\"><\/a><a href=\"https:\/\/medicaltravel.at\/home\/berichte-von-patienten\/erfahrungsberichte\/erfahrungsbericht-zahnbehandlung-in-istanbul\/\" data-type=\"page\" data-id=\"981\" rel=\"nofollow noopener\" target=\"_blank\"><\/a><a href=\"https:\/\/swisslasik.ch\/tr\/samuel-muellerin-lazer-goez-ameliyati-icin-istanbul-acibadem-maslak-klinigine-yaptigi-seyahat-raporu-18-temmuz-2013-persembe-tarihli-rapor\/\" data-type=\"link\" data-id=\"https:\/\/swisslasik.ch\/tr\/samuel-muellerin-lazer-goez-ameliyati-icin-istanbul-acibadem-maslak-klinigine-yaptigi-seyahat-raporu-18-temmuz-2013-persembe-tarihli-rapor\/\">Sonraki <\/a><a href=\"https:\/\/swisslasik.ch\/tr\/samuel-muellerin-lazer-goez-ameliyati-icin-istanbul-acibadem-maslak-klinigine-yaptigi-seyahat-raporu-18-temmuz-2013-persembe-tarihli-rapor\/\" data-type=\"link\" data-id=\"https:\/\/swisslasik.ch\/reisebericht-von-samuel-muller-nach-istanbul-in-die-acibadem-maslak-klinik-zur-augenlaserbehandlung-bericht-vom-donnerstag-18-juli-2013\/\">rapor<\/a><\/p>\n<\/div>\n","protected":false},"excerpt":{"rendered":"<p>T\u00fcrkiye&#8217;de lazer g\u00f6z ameliyat\u0131 hakk\u0131nda hasta raporu \u2013 25 Temmuz 2013 Per\u015fembe tarihli rapor \u0130\u015fte size \u0130stanbul&#8217;daki \u00f6n muayene, seyahat ve operasyon hakk\u0131ndaki izlenimlerimi g\u00f6nderiyorum. Klini\u011finizi, ayn\u0131 zamanda \u00e7ok memnun kalan kay\u0131nbiraderim tavsiye etti. SwissLasik ile ileti\u015fime ge\u00e7ti\u011fim anda, hemen bir ilk kontrol randevusu ald\u0131m. Uzun bekleme s\u00fcreleri yoktu, bu benim i\u00e7in \u00e7ok de\u011ferliydi. Operasyon randevusunun belirlenmesinde de SwissLasik olduk\u00e7a esnekti. Z\u00fcrich&#8217;teki \u00f6n muayene i\u00e7in gitti\u011fim klinik \u00e7ok g\u00fczel ve rahatt\u0131. Ekip ve doktorlar \u00e7ok nazik ve yard\u0131mc\u0131yd\u0131. S\u00fcrekli olarak bana ne olaca\u011f\u0131 hakk\u0131nda bilgi verildi. \u00c7ok pratik ve profesyonel bir \u015fekilde dan\u0131\u015fmanl\u0131k ald\u0131m. Bu klinikte de uzun bekleme s\u00fcreleriyle kar\u015f\u0131la\u015fmad\u0131m. SwissLasik ile e-posta yoluyla ileti\u015fim olduk\u00e7a kolay, h\u0131zl\u0131 ve sorunsuz oldu. Ayr\u0131ca telefonla da her zaman ula\u015f\u0131labiliyordu. Seyahat belgelerim, seyahatten k\u0131sa bir s\u00fcre \u00f6nce g\u00f6nderildi. U\u00e7u\u015f, otel, ula\u015f\u0131m, operasyon, sonras\u0131 bak\u0131m, turistik yerler ve ula\u015f\u0131m ba\u011flant\u0131lar\u0131 hakk\u0131nda bilgiler i\u00e7eren harika bir bilgi kitab\u0131 da g\u00f6nderildi. \u0130stanbul\u2019a vard\u0131\u011f\u0131mda, bir \u015fof\u00f6r taraf\u0131ndan al\u0131nd\u0131k ve hemen kendimi rahat hissettim. \u015eof\u00f6r de \u00e7ok nazikti ve yol boyunca \u0130stanbul\u2019daki turistik yerler hakk\u0131nda bize bilgi verdi. Otelde ise hemen tan\u0131nd\u0131k ve her \u015fey h\u0131zl\u0131 ve sorunsuz bir \u015fekilde ilerledi. SwissLasik taraf\u0131ndan \u00f6nerilen otel, konforlu ve rahat bir \u015fekilde d\u00f6\u015fenmi\u015fti. Otelin konumu \u00e7ok merkeziydi, b\u00f6ylece operasyondan sonra biraz e\u011flenceli bir \u015feyler yapma f\u0131rsat\u0131m\u0131z oldu. Ac\u0131badem Klini\u011fi&#8217;ne vard\u0131\u011f\u0131mda, \u00e7ok nazik ve misafirperver bir \u015fekilde kar\u015f\u0131land\u0131m. Orada beni bekleyen bir terc\u00fcman, t\u00fcm muayene ve operasyon s\u00fcrecinde bana rehberlik etti. Her zaman bana bir \u015fof\u00f6r ayarlad\u0131. Hi\u00e7bir durumda kendimi \u00e7aresiz veya anla\u015f\u0131lmaz hissetmedim, bunu \u00e7ok takdir ediyorum \u00e7\u00fcnk\u00fc T\u00fcrk\u00e7e bilmiyorum. Operasyon olduk\u00e7a h\u0131zl\u0131 bir \u015fekilde ger\u00e7ekle\u015ftirildi, her ad\u0131m bana detayl\u0131 bir \u015fekilde a\u00e7\u0131kland\u0131 ve tan\u0131t\u0131ld\u0131. Hi\u00e7 korkmad\u0131m. Haz\u0131rl\u0131k s\u00fcreci, operasyonun kendisinden daha uzun s\u00fcrd\u00fc. Operasyondan sonra, yapmam gerekenler ve ka\u00e7\u0131nmam gerekenler hakk\u0131nda net bir \u015fekilde bilgi verildi ve gelecekte kar\u015f\u0131la\u015fabilece\u011fim ancak beni korkutmayacak olas\u0131 durumlar anlat\u0131ld\u0131. Doktor \u00e7ok profesyonel bir izlenim b\u0131rakt\u0131. Ertesi g\u00fcn, operasyon sonras\u0131 yap\u0131lan kontrol, sabah erken saatlerde yap\u0131ld\u0131, b\u00f6ylece ben ve refakat\u00e7im \u0130stanbul\u2019u ke\u015ffetmeye devam edebildik. Genel olarak bu seyahat ve operasyonu profesyonel ve uygun fiyatl\u0131 oldu\u011fu i\u00e7in tavsiye ediyorum. Operasyonun \u0130svi\u00e7re\u2019de yap\u0131lmamas\u0131 sayesinde ba\u015fka bir k\u00fclt\u00fcr tan\u0131ma f\u0131rsat\u0131m oldu. Di\u011fer kontroller \u0130svi\u00e7re\u2019de yap\u0131lacak ve bu kontrollerin de beklentilerimi kar\u015f\u0131layaca\u011f\u0131na ve olumlu izlenimi koruyaca\u011f\u0131ma inan\u0131yorum. Bir aile \u00fcyesi i\u00e7in bir sonraki ameliyat \u015fimdiden planlan\u0131yor. Ameliyattan beri g\u00f6zl\u00fc\u011fe ihtiyac\u0131m olmad\u0131; uzak g\u00f6r\u00fc\u015f sorunlar\u0131m vard\u0131. \u015eimdi alt\u0131 ay boyunca doktorun ameliyat sonras\u0131 bak\u0131m talimatlar\u0131na uyaca\u011f\u0131m. Ondan sonra m\u00fckemmel bir g\u00f6r\u00fc\u015fe sahip olmay\u0131 umuyorum. Muhte\u015fem ba\u015far\u0131 i\u00e7in SwissLasik&#8217;e te\u015fekk\u00fcr ediyor ve t\u00fcm hastalara ayn\u0131 ba\u015far\u0131y\u0131 diliyorum. Bruno Correia \u00d6nceki rapor Sonraki rapor<\/p>\n","protected":false},"author":4,"featured_media":0,"parent":3695,"menu_order":0,"comment_status":"closed","ping_status":"closed","template":"","meta":{"_joinchat":[],"footnotes":""},"class_list":["post-3789","page","type-page","status-publish","hentry"],"acf":[],"_links":{"self":[{"href":"https:\/\/swisslasik.ch\/tr\/wp-json\/wp\/v2\/pages\/3789","targetHints":{"allow":["GET"]}}],"collection":[{"href":"https:\/\/swisslasik.ch\/tr\/wp-json\/wp\/v2\/pages"}],"about":[{"href":"https:\/\/swisslasik.ch\/tr\/wp-json\/wp\/v2\/types\/page"}],"author":[{"embeddable":true,"href":"https:\/\/swisslasik.ch\/tr\/wp-json\/wp\/v2\/users\/4"}],"replies":[{"embeddable":true,"href":"https:\/\/swisslasik.ch\/tr\/wp-json\/wp\/v2\/comments?post=3789"}],"version-history":[{"count":3,"href":"https:\/\/swisslasik.ch\/tr\/wp-json\/wp\/v2\/pages\/3789\/revisions"}],"predecessor-version":[{"id":4725,"href":"https:\/\/swisslasik.ch\/tr\/wp-json\/wp\/v2\/pages\/3789\/revisions\/4725"}],"up":[{"embeddable":true,"href":"https:\/\/swisslasik.ch\/tr\/wp-json\/wp\/v2\/pages\/3695"}],"wp:attachment":[{"href":"https:\/\/swisslasik.ch\/tr\/wp-json\/wp\/v2\/media?parent=3789"}],"curies":[{"name":"wp","href":"https:\/\/api.w.org\/{rel}","templated":true}]}}