{"id":3791,"date":"2025-09-24T12:11:47","date_gmt":"2025-09-24T11:11:47","guid":{"rendered":"https:\/\/swisslasik.ch\/patientenberichte-augenlasern-erfahrungen\/silvana-romanonun-istanbulda-lazer-goez-ameliyati-hakkindaki-hasta-raporu-17-temmuz-2013-carsamba-tarihli-rapor\/"},"modified":"2026-01-14T17:38:18","modified_gmt":"2026-01-14T16:38:18","slug":"silvana-romanonun-istanbulda-lazer-goez-ameliyati-hakkindaki-hasta-raporu-17-temmuz-2013-carsamba-tarihli-rapor","status":"publish","type":"page","link":"https:\/\/swisslasik.ch\/tr\/patientenberichte-augenlasern-erfahrungen\/silvana-romanonun-istanbulda-lazer-goez-ameliyati-hakkindaki-hasta-raporu-17-temmuz-2013-carsamba-tarihli-rapor\/","title":{"rendered":"Silvana Romano&#8217;nun \u0130stanbul&#8217;da lazer g\u00f6z ameliyat\u0131 hakk\u0131ndaki hasta raporu \u2013 17 Temmuz 2013 \u00c7ar\u015famba tarihli rapor."},"content":{"rendered":"\n<h3 class=\"wp-block-heading\">Silvana Romano&#8217;nun \u0130stanbul&#8217;da lazer g\u00f6z ameliyat\u0131 hakk\u0131ndaki hasta raporu \u2013 17 Temmuz 2013 \u00c7ar\u015famba tarihli rapor.<\/h3>\n\n\n\n<p>G\u00f6zlerimi lazerle tedavi ettirmeye karar vermemin sebebi, kontakt lenslerle giderek daha fazla problem ya\u015famam oldu. Zamanla lensleri art\u0131k iyi tolere edememeye ba\u015flad\u0131m ve bu durum beni \u00e7ok sinirlendirdi. O\u011flum, lenslerini bazen gece boyunca takarak b\u00fcy\u00fck g\u00f6z problemleri ya\u015famaya ba\u015flad\u0131. Ben de dedim ki, g\u00f6zlerimi lazerle tedavi ettirirsem, o da benimle gelir. \u0130nternette ara\u015ft\u0131rma yaparak sizlere ula\u015ft\u0131m. Ba\u015fka bir firma da bulmu\u015ftum, ama sizin web siteniz bana \u00e7ok daha profesyonel bir izlenim verdi. Ayr\u0131ca, \u0130svi\u00e7re&#8217;de bir doktor taraf\u0131ndan yap\u0131lan son kontrol\u00fcn benim i\u00e7in \u00e7ok \u00f6nemli oldu\u011funu d\u00fc\u015f\u00fcnd\u00fcm. Karar\u0131m\u0131 verdim, g\u00f6zlerimi T\u00fcrkiye&#8217;de lazerle tedavi ettirece\u011fim. O\u011flum da hemen \u00e7ok heyecanland\u0131. B\u00fcroda projeme ba\u015flad\u0131\u011f\u0131m\u0131 anlatt\u0131m, birden bir \u00e7al\u0131\u015fan\u0131m da &#8220;ate\u015fli&#8221; bir \u015fekilde bu yolculu\u011fa kat\u0131lmak istedi. O da \u0130stanbul&#8217;a gelmeye karar verdi. O zaman hadi ba\u015flayal\u0131m&#8230;<br>Say\u0131n Karaagacli ile ileti\u015fime ge\u00e7tim ve o, her \u015feyi m\u00fckemmel \u015fekilde organize etti ve u\u00e7ak biletlerimizi ald\u0131. 20 Haziran 2013\u2019te g\u00f6zl\u00fck veya lens kullanmadan bir ya\u015fam\u0131n ba\u015flang\u0131c\u0131na ad\u0131m att\u0131k. \u00c7ok mutluydum \u00e7\u00fcnk\u00fc operasyon \u00f6ncesinde g\u00f6zl\u00fck takmam gereken iki hafta benim i\u00e7in &#8220;cehennem&#8221; gibiydi. Ne uzaklar\u0131 iyi g\u00f6rebiliyordum, ne de yak\u0131nlar\u0131. S\u00fcrekli g\u00f6zl\u00fc\u011f\u00fcm\u00fc tak\u0131p \u00e7\u0131karmak zorunda kald\u0131m, bilgisayarda \u00e7al\u0131\u015fabilmek i\u00e7in. Tam anlam\u0131yla bunalm\u0131\u015ft\u0131m. Neyse ki, bu yak\u0131nda bitiyor olacakt\u0131. U\u00e7u\u015f ve ula\u015f\u0131m harika bir \u015fekilde organize edilmi\u015fti ve yakla\u015f\u0131k 3 saat sonra \u0130stanbul\u2019a vard\u0131k, bizi bir \u00e7al\u0131\u015fan kar\u015f\u0131lad\u0131 ve do\u011frudan otelimize g\u00f6t\u00fcrd\u00fc. Biraz dinlendik ve sonra yemek yedik, plan\u0131m\u0131z buydu. Havaalan\u0131nda ayn\u0131 operasyonu yapt\u0131rm\u0131\u015f olan ba\u015fka bir kad\u0131n\u0131 da tan\u0131d\u0131k. O da bizimle geldi. \u015eimdi operasyonu bekleyen d\u00f6rt ki\u015fiydik ve yan\u0131m\u0131zda bizle seyahat eden arkada\u015f\u0131m da vard\u0131.<br>21 Haziran 2013, otelde k\u00fc\u00e7\u00fck bir kahvalt\u0131 ile ba\u015flad\u0131 ve sonra bizi al\u0131p klini\u011fe g\u00f6t\u00fcrd\u00fcler. Orada bir \u00e7al\u0131\u015fan bizi kar\u015f\u0131lad\u0131 ve birka\u00e7 dakika sonra Almanca konu\u015fan terc\u00fcman\u0131m\u0131z da geldi. \u00d6n muayeneler ba\u015flad\u0131 ve sonraki testler aras\u0131nda birbirimizle sohbet ederek vakti ge\u00e7irdik. Bize, \u00f6\u011fleden sonra operasyonu ger\u00e7ekle\u015ftirebilece\u011fimizi s\u00f6ylediler, bu y\u00fczden al\u0131\u015fveri\u015f merkezinde ya da ba\u015fka bir yerde vakit ge\u00e7irebilece\u011fimizi belirttiler. Ama operasyonun ba\u015flamak \u00fczere oldu\u011funu duyunca, klinikte kal\u0131p orada yemek yemeye karar verdik. Saat 14:30\u2019da operasyon ba\u015flad\u0131. Bir sakinle\u015ftirici hap ald\u0131k ve beklemeye ba\u015flad\u0131k. O\u011flum ve i\u015f arkada\u015f\u0131m ilk olarak \u00e7a\u011fr\u0131ld\u0131. Son \u015fans olarak onlara iyi \u015fanslar diledim ve onlar\u0131 g\u00f6nderdim. Sakinle\u015ftirici hap sayesinde \u00e7ok rahatlam\u0131\u015ft\u0131m ve beklerken ger\u00e7ekten uyudum. Sonra ismim \u00e7a\u011fr\u0131ld\u0131 ve dedim ki: &#8220;Ahh uyudum, biraz ba\u015f\u0131m d\u00f6nd\u00fc.&#8221; Bir \u00e7al\u0131\u015fan beni operasyona g\u00f6t\u00fcrd\u00fc ve operasyon \u00e7ok rahat ge\u00e7ti, hi\u00e7 sinirlenmedim. San\u0131r\u0131m g\u00f6z ameliyat\u0131n\u0131 &#8220;uyuyarak&#8221; ge\u00e7irdim :o) K\u0131sa bir sonras\u0131 kontrol ve sonra yine otelimize g\u00f6t\u00fcr\u00fcld\u00fck, burada g\u00f6zlerimize biraz dinlenme f\u0131rsat\u0131 tan\u0131d\u0131k.<br>Ba\u015f\u0131ndan sonuna kadar \u00e7ok iyiydim, bu y\u00fczden g\u00f6z damlalar\u0131n\u0131 iki saatte bir koymam\u0131z gereken arkada\u015f\u0131m\u0131n da yard\u0131mc\u0131 oldum. O ba\u015flang\u0131\u00e7ta \u00e7ok \u0131\u015f\u0131k hassasiyeti ya\u015f\u0131yordu, bu y\u00fczden hi\u00e7bir \u015fey yapam\u0131yordu. O\u011fluma da g\u00f6z damlalar\u0131n\u0131 verdim ve ak\u015fam ge\u00e7 saatlerde hepimiz tekrar otel restoran\u0131nda bulu\u015fup deneyimlerimizi payla\u015ft\u0131k. Yan\u0131m\u0131za gelen arkada\u015f\u0131m da \u0130stanbul\u2019da \u00e7ok g\u00fczel bir g\u00fcn ge\u00e7irdi ve hep birlikte &#8220;g\u00f6zl\u00fck ya da lens olmadan yeni bir hayat&#8221; kazand\u0131k. 21 Haziran 2013 ger\u00e7ekten m\u00fckemmel bir g\u00fcnd\u00fc. Ameliyat sonras\u0131 bir g\u00fcn sonra k\u0131sa bir kontrol yapt\u0131k ve ard\u0131ndan Bo\u011faz turu yapt\u0131k. \u015eimdi d\u00f6rt hafta ge\u00e7ti ve tedaviden \u00e7ok memnunum. Ba\u015f\u0131ndan beri her \u015fey m\u00fckemmeldi ve hi\u00e7bir rahats\u0131zl\u0131k ya\u015famad\u0131m, \u015fu an g\u00f6z ameliyat\u0131 yapt\u0131rd\u0131\u011f\u0131m\u0131 bile hissetmiyorum. Bir hafta \u00f6nce makyaj yapmaya ba\u015flad\u0131m, her \u015fey \u00e7ok g\u00fczel gidiyor.<br>Sayg\u0131lar\u0131mla,<br>Silvana Romano<\/p>\n\n\n\n<div class=\"wp-block-group is-layout-grid wp-container-core-group-is-layout-baef362d wp-block-group-is-layout-grid\">\n<p><a href=\"https:\/\/medicaltravel.at\/home\/agb\/\" data-type=\"page\" data-id=\"2191\" rel=\"nofollow noopener\" target=\"_blank\"><\/a><a href=\"https:\/\/swisslasik.ch\/tr\/samuel-muellerin-lazer-goez-ameliyati-icin-istanbul-acibadem-maslak-klinigine-yaptigi-seyahat-raporu-18-temmuz-2013-persembe-tarihli-rapor\/\" data-type=\"link\" data-id=\"https:\/\/swisslasik.ch\/tr\/samuel-muellerin-lazer-goez-ameliyati-icin-istanbul-acibadem-maslak-klinigine-yaptigi-seyahat-raporu-18-temmuz-2013-persembe-tarihli-rapor\/\">\u00d6nceki rapor<\/a><\/p>\n\n\n\n<p class=\"has-text-align-right wp-container-content-5e2576f9\"><a href=\"https:\/\/medicaltravel.at\/home\/impressum\/\" data-type=\"page\" data-id=\"2193\" rel=\"nofollow noopener\" target=\"_blank\"><\/a><a href=\"https:\/\/medicaltravel.at\/home\/berichte-von-patienten\/erfahrungsberichte\/erfahrungsbericht-zahnbehandlung-in-istanbul\/\" data-type=\"page\" data-id=\"981\" rel=\"nofollow noopener\" target=\"_blank\"><\/a><a href=\"https:\/\/swisslasik.ch\/tr\/patientenberichte-augenlasern-erfahrungen\/hasta-raporu-istanbulda-goez-ameliyati-8-temmuz-2013-pazartesi-tarihli-rapor\/\" data-type=\"link\" data-id=\"https:\/\/swisslasik.ch\/tr\/patientenberichte-augenlasern-erfahrungen\/hasta-raporu-istanbulda-goez-ameliyati-8-temmuz-2013-pazartesi-tarihli-rapor\/\">Sonraki rapor<\/a><\/p>\n<\/div>\n","protected":false},"excerpt":{"rendered":"<p>Silvana Romano&#8217;nun \u0130stanbul&#8217;da lazer g\u00f6z ameliyat\u0131 hakk\u0131ndaki hasta raporu \u2013 17 Temmuz 2013 \u00c7ar\u015famba tarihli rapor. G\u00f6zlerimi lazerle tedavi ettirmeye karar vermemin sebebi, kontakt lenslerle giderek daha fazla problem ya\u015famam oldu. Zamanla lensleri art\u0131k iyi tolere edememeye ba\u015flad\u0131m ve bu durum beni \u00e7ok sinirlendirdi. O\u011flum, lenslerini bazen gece boyunca takarak b\u00fcy\u00fck g\u00f6z problemleri ya\u015famaya ba\u015flad\u0131. Ben de dedim ki, g\u00f6zlerimi lazerle tedavi ettirirsem, o da benimle gelir. \u0130nternette ara\u015ft\u0131rma yaparak sizlere ula\u015ft\u0131m. Ba\u015fka bir firma da bulmu\u015ftum, ama sizin web siteniz bana \u00e7ok daha profesyonel bir izlenim verdi. Ayr\u0131ca, \u0130svi\u00e7re&#8217;de bir doktor taraf\u0131ndan yap\u0131lan son kontrol\u00fcn benim i\u00e7in \u00e7ok \u00f6nemli oldu\u011funu d\u00fc\u015f\u00fcnd\u00fcm. Karar\u0131m\u0131 verdim, g\u00f6zlerimi T\u00fcrkiye&#8217;de lazerle tedavi ettirece\u011fim. O\u011flum da hemen \u00e7ok heyecanland\u0131. B\u00fcroda projeme ba\u015flad\u0131\u011f\u0131m\u0131 anlatt\u0131m, birden bir \u00e7al\u0131\u015fan\u0131m da &#8220;ate\u015fli&#8221; bir \u015fekilde bu yolculu\u011fa kat\u0131lmak istedi. O da \u0130stanbul&#8217;a gelmeye karar verdi. O zaman hadi ba\u015flayal\u0131m&#8230;Say\u0131n Karaagacli ile ileti\u015fime ge\u00e7tim ve o, her \u015feyi m\u00fckemmel \u015fekilde organize etti ve u\u00e7ak biletlerimizi ald\u0131. 20 Haziran 2013\u2019te g\u00f6zl\u00fck veya lens kullanmadan bir ya\u015fam\u0131n ba\u015flang\u0131c\u0131na ad\u0131m att\u0131k. \u00c7ok mutluydum \u00e7\u00fcnk\u00fc operasyon \u00f6ncesinde g\u00f6zl\u00fck takmam gereken iki hafta benim i\u00e7in &#8220;cehennem&#8221; gibiydi. Ne uzaklar\u0131 iyi g\u00f6rebiliyordum, ne de yak\u0131nlar\u0131. S\u00fcrekli g\u00f6zl\u00fc\u011f\u00fcm\u00fc tak\u0131p \u00e7\u0131karmak zorunda kald\u0131m, bilgisayarda \u00e7al\u0131\u015fabilmek i\u00e7in. Tam anlam\u0131yla bunalm\u0131\u015ft\u0131m. Neyse ki, bu yak\u0131nda bitiyor olacakt\u0131. U\u00e7u\u015f ve ula\u015f\u0131m harika bir \u015fekilde organize edilmi\u015fti ve yakla\u015f\u0131k 3 saat sonra \u0130stanbul\u2019a vard\u0131k, bizi bir \u00e7al\u0131\u015fan kar\u015f\u0131lad\u0131 ve do\u011frudan otelimize g\u00f6t\u00fcrd\u00fc. Biraz dinlendik ve sonra yemek yedik, plan\u0131m\u0131z buydu. Havaalan\u0131nda ayn\u0131 operasyonu yapt\u0131rm\u0131\u015f olan ba\u015fka bir kad\u0131n\u0131 da tan\u0131d\u0131k. O da bizimle geldi. \u015eimdi operasyonu bekleyen d\u00f6rt ki\u015fiydik ve yan\u0131m\u0131zda bizle seyahat eden arkada\u015f\u0131m da vard\u0131.21 Haziran 2013, otelde k\u00fc\u00e7\u00fck bir kahvalt\u0131 ile ba\u015flad\u0131 ve sonra bizi al\u0131p klini\u011fe g\u00f6t\u00fcrd\u00fcler. Orada bir \u00e7al\u0131\u015fan bizi kar\u015f\u0131lad\u0131 ve birka\u00e7 dakika sonra Almanca konu\u015fan terc\u00fcman\u0131m\u0131z da geldi. \u00d6n muayeneler ba\u015flad\u0131 ve sonraki testler aras\u0131nda birbirimizle sohbet ederek vakti ge\u00e7irdik. Bize, \u00f6\u011fleden sonra operasyonu ger\u00e7ekle\u015ftirebilece\u011fimizi s\u00f6ylediler, bu y\u00fczden al\u0131\u015fveri\u015f merkezinde ya da ba\u015fka bir yerde vakit ge\u00e7irebilece\u011fimizi belirttiler. Ama operasyonun ba\u015flamak \u00fczere oldu\u011funu duyunca, klinikte kal\u0131p orada yemek yemeye karar verdik. Saat 14:30\u2019da operasyon ba\u015flad\u0131. Bir sakinle\u015ftirici hap ald\u0131k ve beklemeye ba\u015flad\u0131k. O\u011flum ve i\u015f arkada\u015f\u0131m ilk olarak \u00e7a\u011fr\u0131ld\u0131. Son \u015fans olarak onlara iyi \u015fanslar diledim ve onlar\u0131 g\u00f6nderdim. Sakinle\u015ftirici hap sayesinde \u00e7ok rahatlam\u0131\u015ft\u0131m ve beklerken ger\u00e7ekten uyudum. Sonra ismim \u00e7a\u011fr\u0131ld\u0131 ve dedim ki: &#8220;Ahh uyudum, biraz ba\u015f\u0131m d\u00f6nd\u00fc.&#8221; Bir \u00e7al\u0131\u015fan beni operasyona g\u00f6t\u00fcrd\u00fc ve operasyon \u00e7ok rahat ge\u00e7ti, hi\u00e7 sinirlenmedim. San\u0131r\u0131m g\u00f6z ameliyat\u0131n\u0131 &#8220;uyuyarak&#8221; ge\u00e7irdim :o) K\u0131sa bir sonras\u0131 kontrol ve sonra yine otelimize g\u00f6t\u00fcr\u00fcld\u00fck, burada g\u00f6zlerimize biraz dinlenme f\u0131rsat\u0131 tan\u0131d\u0131k.Ba\u015f\u0131ndan sonuna kadar \u00e7ok iyiydim, bu y\u00fczden g\u00f6z damlalar\u0131n\u0131 iki saatte bir koymam\u0131z gereken arkada\u015f\u0131m\u0131n da yard\u0131mc\u0131 oldum. O ba\u015flang\u0131\u00e7ta \u00e7ok \u0131\u015f\u0131k hassasiyeti ya\u015f\u0131yordu, bu y\u00fczden hi\u00e7bir \u015fey yapam\u0131yordu. O\u011fluma da g\u00f6z damlalar\u0131n\u0131 verdim ve ak\u015fam ge\u00e7 saatlerde hepimiz tekrar otel restoran\u0131nda bulu\u015fup deneyimlerimizi payla\u015ft\u0131k. Yan\u0131m\u0131za gelen arkada\u015f\u0131m da \u0130stanbul\u2019da \u00e7ok g\u00fczel bir g\u00fcn ge\u00e7irdi ve hep birlikte &#8220;g\u00f6zl\u00fck ya da lens olmadan yeni bir hayat&#8221; kazand\u0131k. 21 Haziran 2013 ger\u00e7ekten m\u00fckemmel bir g\u00fcnd\u00fc. Ameliyat sonras\u0131 bir g\u00fcn sonra k\u0131sa bir kontrol yapt\u0131k ve ard\u0131ndan Bo\u011faz turu yapt\u0131k. \u015eimdi d\u00f6rt hafta ge\u00e7ti ve tedaviden \u00e7ok memnunum. Ba\u015f\u0131ndan beri her \u015fey m\u00fckemmeldi ve hi\u00e7bir rahats\u0131zl\u0131k ya\u015famad\u0131m, \u015fu an g\u00f6z ameliyat\u0131 yapt\u0131rd\u0131\u011f\u0131m\u0131 bile hissetmiyorum. Bir hafta \u00f6nce makyaj yapmaya ba\u015flad\u0131m, her \u015fey \u00e7ok g\u00fczel gidiyor.Sayg\u0131lar\u0131mla,Silvana Romano \u00d6nceki rapor Sonraki rapor<\/p>\n","protected":false},"author":4,"featured_media":0,"parent":3695,"menu_order":0,"comment_status":"closed","ping_status":"closed","template":"","meta":{"_joinchat":[],"footnotes":""},"class_list":["post-3791","page","type-page","status-publish","hentry"],"acf":[],"_links":{"self":[{"href":"https:\/\/swisslasik.ch\/tr\/wp-json\/wp\/v2\/pages\/3791","targetHints":{"allow":["GET"]}}],"collection":[{"href":"https:\/\/swisslasik.ch\/tr\/wp-json\/wp\/v2\/pages"}],"about":[{"href":"https:\/\/swisslasik.ch\/tr\/wp-json\/wp\/v2\/types\/page"}],"author":[{"embeddable":true,"href":"https:\/\/swisslasik.ch\/tr\/wp-json\/wp\/v2\/users\/4"}],"replies":[{"embeddable":true,"href":"https:\/\/swisslasik.ch\/tr\/wp-json\/wp\/v2\/comments?post=3791"}],"version-history":[{"count":2,"href":"https:\/\/swisslasik.ch\/tr\/wp-json\/wp\/v2\/pages\/3791\/revisions"}],"predecessor-version":[{"id":4726,"href":"https:\/\/swisslasik.ch\/tr\/wp-json\/wp\/v2\/pages\/3791\/revisions\/4726"}],"up":[{"embeddable":true,"href":"https:\/\/swisslasik.ch\/tr\/wp-json\/wp\/v2\/pages\/3695"}],"wp:attachment":[{"href":"https:\/\/swisslasik.ch\/tr\/wp-json\/wp\/v2\/media?parent=3791"}],"curies":[{"name":"wp","href":"https:\/\/api.w.org\/{rel}","templated":true}]}}