{"id":3793,"date":"2025-09-24T12:12:17","date_gmt":"2025-09-24T11:12:17","guid":{"rendered":"https:\/\/swisslasik.ch\/patientenberichte-augenlasern-erfahrungen\/hasta-raporu-istanbulda-goez-ameliyati-8-temmuz-2013-pazartesi-tarihli-rapor\/"},"modified":"2026-01-14T17:38:53","modified_gmt":"2026-01-14T16:38:53","slug":"hasta-raporu-istanbulda-goez-ameliyati-8-temmuz-2013-pazartesi-tarihli-rapor","status":"publish","type":"page","link":"https:\/\/swisslasik.ch\/tr\/patientenberichte-augenlasern-erfahrungen\/hasta-raporu-istanbulda-goez-ameliyati-8-temmuz-2013-pazartesi-tarihli-rapor\/","title":{"rendered":"Hasta raporu: \u0130stanbul&#8217;da g\u00f6z ameliyat\u0131 \u2013 8 Temmuz 2013 Pazartesi tarihli rapor"},"content":{"rendered":"\n<h3 class=\"wp-block-heading\">Hasta raporu: \u0130stanbul&#8217;da g\u00f6z ameliyat\u0131 \u2013 8 Temmuz 2013 Pazartesi tarihli rapor<\/h3>\n\n\n\n<p>Bir g\u00f6zl\u00fck ya\u015fam\u0131n\u0131 daha \u00f6nce hi\u00e7 d\u00fc\u015f\u00fcnmemi\u015ftim. G\u00f6zl\u00fc\u011f\u00fcm\u00fc severek tak\u0131yordum. Ancak son y\u0131llarda kontakt lenslerle daha fazla problem ya\u015famaya ba\u015flad\u0131m. Tatilde ya da g\u00fczel havalarda s\u00fcrekli olarak g\u00fcne\u015f g\u00f6zl\u00fc\u011f\u00fcm\u00fc, normal g\u00f6zl\u00fc\u011f\u00fcme kar\u015f\u0131 de\u011fi\u015ftirip ma\u011fazalara ya da restoranlara girdi\u011fimde bu durum zamanla beni \u00e7ok sinirlendirmeye ba\u015flad\u0131. Birka\u00e7 y\u0131l \u00f6nce, karde\u015fimin k\u0131z arkada\u015f\u0131 \u0130stanbul&#8217;da g\u00f6zlerini lazerle tedavi ettirdi. \u00c7ok memnundu ve ben de zaman zaman bunun hakk\u0131nda d\u00fc\u015f\u00fcn\u00fcrken kendimi yakalad\u0131m. Ofiste de bu konu s\u0131k\u00e7a g\u00fcndeme geliyordu. Bir g\u00fcn patronum ofise geldi ve o\u011flu ile birlikte ad\u0131m atmaya karar verdi\u011fini s\u00f6yledi. \u0130STANBUL G\u00d6Z LASER\u0130. Tamam, dedim, neden olmas\u0131n. Patronum internette ara\u015ft\u0131rma yapm\u0131\u015f ve sizi bulmu\u015f. Hepimiz \u00e7ok k\u0131sa bir s\u00fcre i\u00e7inde ikna olduk ve bir gece d\u00fc\u015f\u00fcnd\u00fckten sonra ben de \u0130stanbul\u2019a g\u00f6z lazeri tedavisi i\u00e7in gitmeye karar verdim. \u00dc\u00e7\u00fcm\u00fcz\u00fcn de ayn\u0131 ameliyat\u0131 yapt\u0131racak olmas\u0131 beni \u00e7ok rahatlatm\u0131\u015ft\u0131. Ayr\u0131ca, \u0130svi\u00e7re\u2019deki son kontrolleri de yapabilece\u011fimizi bilmek \u00e7ok g\u00fcven vericiydi.<br>Her \u015fey \u00e7ok h\u0131zl\u0131 geli\u015fti. Say\u0131n Serdar Karaagacli bize s\u00fcrekli olarak bilgilendirme yapt\u0131 ve her \u015feyi m\u00fckemmel bir \u015fekilde organize etti. Ameliyat tarihi 21.06.2013 olarak belirlendi ve biz 20.06.2013&#8217;te \u0130stanbul\u2019a u\u00e7tuk. Pegasus Hava Yollar\u0131 ile ak\u015fam saat 18:00&#8217;de \u0130stanbul\u2019a vard\u0131k, bizi \u00e7ok nazik bir \u00e7al\u0131\u015fan kar\u015f\u0131lad\u0131 ve otele g\u00f6t\u00fcrd\u00fc. Otelde lezzetli bir ak\u015fam yeme\u011fi yedik ve ertesi g\u00fcn\u00fcn ameliyat\u0131 i\u00e7in dinlenmeye \u00e7ekildik.<br>Ameliyat G\u00fcn\u00fc, 21.03.2013: Otelden al\u0131nd\u0131k ve do\u011frudan Ac\u0131badem Klinik\u2019e g\u00f6t\u00fcr\u00fcld\u00fck. Bizi bir \u00e7al\u0131\u015fan kar\u015f\u0131lad\u0131 ve k\u0131sa bir s\u00fcre sonra terc\u00fcman\u0131m\u0131z da kat\u0131ld\u0131. Terc\u00fcman\u0131m\u0131z\u0131n t\u00fcm g\u00fcn bizimle olmas\u0131 ve her \u015feyin terc\u00fcme edilmesi ger\u00e7ekten \u00e7ok rahatlat\u0131c\u0131yd\u0131. Klinik personeli \u00e7ok nazikti ve \u00f6n muayeneler h\u0131zl\u0131 bir \u015fekilde yap\u0131ld\u0131. Arada biraz bekledik ama her \u015fey d\u00fczg\u00fcn gitti. Sonras\u0131nda doktorumuzu tan\u0131d\u0131k ve tekrar bir muayene yap\u0131ld\u0131. Terc\u00fcman\u0131m\u0131z bize ameliyat\u0131n 14:30\u2019da ba\u015flayaca\u011f\u0131n\u0131 ve hepimizin operasyon i\u00e7in uygun oldu\u011funu s\u00f6yledi. Klinik i\u00e7inde bir \u015feyler at\u0131\u015ft\u0131rd\u0131k ve ard\u0131ndan g\u00fcne\u015fin tad\u0131n\u0131 \u00e7\u0131karmak i\u00e7in d\u0131\u015far\u0131da biraz vakit ge\u00e7irdik.<br>Beni \u00e7ok rahatlatan bir di\u011fer \u015fey ise, Say\u0131n G\u00f6khan Izlisu\u2019nun t\u00fcm g\u00fcn bizimle olmas\u0131yd\u0131. O kadar huzur verici bir insand\u0131 ki, hi\u00e7 sinirlenmedim ve \u00e7ok g\u00fcven duydum. Doktoruma ve klini\u011fe b\u00fcy\u00fck bir g\u00fcven duydum, bu y\u00fczden hi\u00e7 heyecanlanmad\u0131m. Yine de ameliyat \u00f6ncesi sakinle\u015ftirici bir hap ald\u0131m. Belirlenen saatte tekrar i\u00e7eri girdik ve i\u015flem ba\u015flad\u0131. Biraz garip hissetmeye ba\u015flad\u0131m ama her \u015feyin m\u00fckemmel bir \u015fekilde ilerleyece\u011finden emindim. G\u00f6zlerimize damla verildi, b\u00f6ylece g\u00f6zlerimiz hissizle\u015fti ve k\u0131sa bir s\u00fcre sonra i\u015flem ba\u015flad\u0131. Ameliyat \u00e7ok h\u0131zl\u0131 ve sorunsuz ge\u00e7ti. Sonras\u0131nda koruyucu g\u00f6zl\u00fckler tak\u0131ld\u0131 ve hemen bir kontrol yap\u0131lmak \u00fczere i\u00e7eri al\u0131nd\u0131k. Her \u015fey iyi gitmi\u015fti, doktorum memnundu, biz de \u00e7ok memnun kald\u0131k. \ud83d\ude42<br>Ameliyat sonras\u0131 ilk birka\u00e7 saat g\u00f6zlerim olduk\u00e7a \u0131\u015f\u0131\u011fa duyarl\u0131yd\u0131, g\u00f6zlerimi neredeyse hi\u00e7 a\u00e7am\u0131yordum, s\u00fcrekli kapal\u0131 tutmak istiyordum. Hemen otele d\u00f6n\u00fcp dinlendik. Hi\u00e7bir a\u011fr\u0131m yoktu, sadece g\u00f6zlerimde bir yanma hissi vard\u0131. Yakla\u015f\u0131k 4 saat dinlendikten sonra otel restoran\u0131nda g\u00fczel bir yemek yedik. G\u00fcne\u015f g\u00f6zl\u00fcklerimizi takarak mutlu bir \u015fekilde oturduk ve hislerimizi birbirimize anlatt\u0131k. Ger\u00e7ekten inan\u0131lmazd\u0131, g\u00f6zl\u00fck ya da lens kullanmadan g\u00f6rebiliyorduk. Harika!<br>Ertesi g\u00fcn bir kontrol daha yap\u0131ld\u0131 ve ard\u0131ndan \u0130stanbul\u2019u gezmeye ba\u015flad\u0131k. \u015eehir ger\u00e7ekten \u00e7ok g\u00fczel ve kesinlikle en k\u0131sa zamanda geri d\u00f6n\u00fcp daha fazla g\u00f6rmek istiyorum. Ameliyat\u0131n \u00fczerinden iki hafta ge\u00e7ti ve bazen h\u00e2l\u00e2 inanam\u0131yorum. Ak\u015famlar\u0131 h\u00e2l\u00e2 kontakt lenslerimi \u00e7\u0131karmam gerekti\u011fini hissediyorum&#8230; hihi. Ba\u015flang\u0131\u00e7ta \u00e7ok \u0131\u015f\u0131\u011fa duyarl\u0131l\u0131\u011f\u0131m vard\u0131, hatta ofiste bile g\u00fcne\u015f g\u00f6zl\u00fc\u011f\u00fc takt\u0131m. Ak\u015famlar\u0131 araba kullan\u0131rken di\u011fer ara\u00e7lar\u0131n \u0131\u015f\u0131klar\u0131 \u00e7ok g\u00f6z\u00fcm\u00fc al\u0131yordu. Ancak \u015fimdi zamanla g\u00f6zlerim al\u0131\u015ft\u0131 ve her ge\u00e7en g\u00fcn daha iyi hissediyorum.<br>G\u00f6zlerimi T\u00fcrkiye&#8217;de lazerle tedavi ettirdi\u011fim i\u00e7in \u00e7ok mutluyum ve herkese kesinlikle tavsiye ediyorum. Geriye ald\u0131\u011f\u0131m ya\u015fam kalitesi beni \u00e7ok mutlu ediyor! \u00c7ok te\u015fekk\u00fcrler SwissLasik ekibine ve Ac\u0131badem Klinik\u2019teki t\u00fcm \u00e7al\u0131\u015fanlara harika bak\u0131m i\u00e7in.<br>Sevgiyle,<br>Corinne Amherd<\/p>\n\n\n\n<div class=\"wp-block-group is-layout-grid wp-container-core-group-is-layout-baef362d wp-block-group-is-layout-grid\">\n<p><a href=\"https:\/\/medicaltravel.at\/home\/agb\/\" data-type=\"page\" data-id=\"2191\" rel=\"nofollow noopener\" target=\"_blank\"><\/a><a href=\"https:\/\/swisslasik.ch\/tr\/patientenberichte-augenlasern-erfahrungen\/silvana-romanonun-istanbulda-lazer-goez-ameliyati-hakkindaki-hasta-raporu-17-temmuz-2013-carsamba-tarihli-rapor\/\" data-type=\"link\" data-id=\"https:\/\/swisslasik.ch\/augenlasern-lasik-erfahrungen\/patientenbericht-augenlasern-in-istanbul-von-silvana-romano-bericht-vom-mittwoch-17-juli-2013\/\">\u00d6nceki rapor<\/a><\/p>\n\n\n\n<p class=\"has-text-align-right wp-container-content-5e2576f9\"><a href=\"https:\/\/medicaltravel.at\/home\/impressum\/\" data-type=\"page\" data-id=\"2193\" rel=\"nofollow noopener\" target=\"_blank\"><\/a><a href=\"https:\/\/medicaltravel.at\/home\/berichte-von-patienten\/erfahrungsberichte\/erfahrungsbericht-zahnbehandlung-in-istanbul\/\" data-type=\"page\" data-id=\"981\" rel=\"nofollow noopener\" target=\"_blank\"><\/a><a href=\"https:\/\/swisslasik.ch\/tr\/patientenberichte-augenlasern-erfahrungen\/istanbulda-meme-kuecueltme-ve-liposuction-ameliyatim-8-temmuz-2013-pazartesi-tarihli-rapor\/\" data-type=\"link\" data-id=\"https:\/\/swisslasik.ch\/tr\/patientenberichte-augenlasern-erfahrungen\/istanbulda-meme-kuecueltme-ve-liposuction-ameliyatim-8-temmuz-2013-pazartesi-tarihli-rapor\/\">Sonraki rapor<\/a><\/p>\n<\/div>\n","protected":false},"excerpt":{"rendered":"<p>Hasta raporu: \u0130stanbul&#8217;da g\u00f6z ameliyat\u0131 \u2013 8 Temmuz 2013 Pazartesi tarihli rapor Bir g\u00f6zl\u00fck ya\u015fam\u0131n\u0131 daha \u00f6nce hi\u00e7 d\u00fc\u015f\u00fcnmemi\u015ftim. G\u00f6zl\u00fc\u011f\u00fcm\u00fc severek tak\u0131yordum. Ancak son y\u0131llarda kontakt lenslerle daha fazla problem ya\u015famaya ba\u015flad\u0131m. Tatilde ya da g\u00fczel havalarda s\u00fcrekli olarak g\u00fcne\u015f g\u00f6zl\u00fc\u011f\u00fcm\u00fc, normal g\u00f6zl\u00fc\u011f\u00fcme kar\u015f\u0131 de\u011fi\u015ftirip ma\u011fazalara ya da restoranlara girdi\u011fimde bu durum zamanla beni \u00e7ok sinirlendirmeye ba\u015flad\u0131. Birka\u00e7 y\u0131l \u00f6nce, karde\u015fimin k\u0131z arkada\u015f\u0131 \u0130stanbul&#8217;da g\u00f6zlerini lazerle tedavi ettirdi. \u00c7ok memnundu ve ben de zaman zaman bunun hakk\u0131nda d\u00fc\u015f\u00fcn\u00fcrken kendimi yakalad\u0131m. Ofiste de bu konu s\u0131k\u00e7a g\u00fcndeme geliyordu. Bir g\u00fcn patronum ofise geldi ve o\u011flu ile birlikte ad\u0131m atmaya karar verdi\u011fini s\u00f6yledi. \u0130STANBUL G\u00d6Z LASER\u0130. Tamam, dedim, neden olmas\u0131n. Patronum internette ara\u015ft\u0131rma yapm\u0131\u015f ve sizi bulmu\u015f. Hepimiz \u00e7ok k\u0131sa bir s\u00fcre i\u00e7inde ikna olduk ve bir gece d\u00fc\u015f\u00fcnd\u00fckten sonra ben de \u0130stanbul\u2019a g\u00f6z lazeri tedavisi i\u00e7in gitmeye karar verdim. \u00dc\u00e7\u00fcm\u00fcz\u00fcn de ayn\u0131 ameliyat\u0131 yapt\u0131racak olmas\u0131 beni \u00e7ok rahatlatm\u0131\u015ft\u0131. Ayr\u0131ca, \u0130svi\u00e7re\u2019deki son kontrolleri de yapabilece\u011fimizi bilmek \u00e7ok g\u00fcven vericiydi.Her \u015fey \u00e7ok h\u0131zl\u0131 geli\u015fti. Say\u0131n Serdar Karaagacli bize s\u00fcrekli olarak bilgilendirme yapt\u0131 ve her \u015feyi m\u00fckemmel bir \u015fekilde organize etti. Ameliyat tarihi 21.06.2013 olarak belirlendi ve biz 20.06.2013&#8217;te \u0130stanbul\u2019a u\u00e7tuk. Pegasus Hava Yollar\u0131 ile ak\u015fam saat 18:00&#8217;de \u0130stanbul\u2019a vard\u0131k, bizi \u00e7ok nazik bir \u00e7al\u0131\u015fan kar\u015f\u0131lad\u0131 ve otele g\u00f6t\u00fcrd\u00fc. Otelde lezzetli bir ak\u015fam yeme\u011fi yedik ve ertesi g\u00fcn\u00fcn ameliyat\u0131 i\u00e7in dinlenmeye \u00e7ekildik.Ameliyat G\u00fcn\u00fc, 21.03.2013: Otelden al\u0131nd\u0131k ve do\u011frudan Ac\u0131badem Klinik\u2019e g\u00f6t\u00fcr\u00fcld\u00fck. Bizi bir \u00e7al\u0131\u015fan kar\u015f\u0131lad\u0131 ve k\u0131sa bir s\u00fcre sonra terc\u00fcman\u0131m\u0131z da kat\u0131ld\u0131. Terc\u00fcman\u0131m\u0131z\u0131n t\u00fcm g\u00fcn bizimle olmas\u0131 ve her \u015feyin terc\u00fcme edilmesi ger\u00e7ekten \u00e7ok rahatlat\u0131c\u0131yd\u0131. Klinik personeli \u00e7ok nazikti ve \u00f6n muayeneler h\u0131zl\u0131 bir \u015fekilde yap\u0131ld\u0131. Arada biraz bekledik ama her \u015fey d\u00fczg\u00fcn gitti. Sonras\u0131nda doktorumuzu tan\u0131d\u0131k ve tekrar bir muayene yap\u0131ld\u0131. Terc\u00fcman\u0131m\u0131z bize ameliyat\u0131n 14:30\u2019da ba\u015flayaca\u011f\u0131n\u0131 ve hepimizin operasyon i\u00e7in uygun oldu\u011funu s\u00f6yledi. Klinik i\u00e7inde bir \u015feyler at\u0131\u015ft\u0131rd\u0131k ve ard\u0131ndan g\u00fcne\u015fin tad\u0131n\u0131 \u00e7\u0131karmak i\u00e7in d\u0131\u015far\u0131da biraz vakit ge\u00e7irdik.Beni \u00e7ok rahatlatan bir di\u011fer \u015fey ise, Say\u0131n G\u00f6khan Izlisu\u2019nun t\u00fcm g\u00fcn bizimle olmas\u0131yd\u0131. O kadar huzur verici bir insand\u0131 ki, hi\u00e7 sinirlenmedim ve \u00e7ok g\u00fcven duydum. Doktoruma ve klini\u011fe b\u00fcy\u00fck bir g\u00fcven duydum, bu y\u00fczden hi\u00e7 heyecanlanmad\u0131m. Yine de ameliyat \u00f6ncesi sakinle\u015ftirici bir hap ald\u0131m. Belirlenen saatte tekrar i\u00e7eri girdik ve i\u015flem ba\u015flad\u0131. Biraz garip hissetmeye ba\u015flad\u0131m ama her \u015feyin m\u00fckemmel bir \u015fekilde ilerleyece\u011finden emindim. G\u00f6zlerimize damla verildi, b\u00f6ylece g\u00f6zlerimiz hissizle\u015fti ve k\u0131sa bir s\u00fcre sonra i\u015flem ba\u015flad\u0131. Ameliyat \u00e7ok h\u0131zl\u0131 ve sorunsuz ge\u00e7ti. Sonras\u0131nda koruyucu g\u00f6zl\u00fckler tak\u0131ld\u0131 ve hemen bir kontrol yap\u0131lmak \u00fczere i\u00e7eri al\u0131nd\u0131k. Her \u015fey iyi gitmi\u015fti, doktorum memnundu, biz de \u00e7ok memnun kald\u0131k. \ud83d\ude42Ameliyat sonras\u0131 ilk birka\u00e7 saat g\u00f6zlerim olduk\u00e7a \u0131\u015f\u0131\u011fa duyarl\u0131yd\u0131, g\u00f6zlerimi neredeyse hi\u00e7 a\u00e7am\u0131yordum, s\u00fcrekli kapal\u0131 tutmak istiyordum. Hemen otele d\u00f6n\u00fcp dinlendik. Hi\u00e7bir a\u011fr\u0131m yoktu, sadece g\u00f6zlerimde bir yanma hissi vard\u0131. Yakla\u015f\u0131k 4 saat dinlendikten sonra otel restoran\u0131nda g\u00fczel bir yemek yedik. G\u00fcne\u015f g\u00f6zl\u00fcklerimizi takarak mutlu bir \u015fekilde oturduk ve hislerimizi birbirimize anlatt\u0131k. Ger\u00e7ekten inan\u0131lmazd\u0131, g\u00f6zl\u00fck ya da lens kullanmadan g\u00f6rebiliyorduk. Harika!Ertesi g\u00fcn bir kontrol daha yap\u0131ld\u0131 ve ard\u0131ndan \u0130stanbul\u2019u gezmeye ba\u015flad\u0131k. \u015eehir ger\u00e7ekten \u00e7ok g\u00fczel ve kesinlikle en k\u0131sa zamanda geri d\u00f6n\u00fcp daha fazla g\u00f6rmek istiyorum. Ameliyat\u0131n \u00fczerinden iki hafta ge\u00e7ti ve bazen h\u00e2l\u00e2 inanam\u0131yorum. Ak\u015famlar\u0131 h\u00e2l\u00e2 kontakt lenslerimi \u00e7\u0131karmam gerekti\u011fini hissediyorum&#8230; hihi. Ba\u015flang\u0131\u00e7ta \u00e7ok \u0131\u015f\u0131\u011fa duyarl\u0131l\u0131\u011f\u0131m vard\u0131, hatta ofiste bile g\u00fcne\u015f g\u00f6zl\u00fc\u011f\u00fc takt\u0131m. Ak\u015famlar\u0131 araba kullan\u0131rken di\u011fer ara\u00e7lar\u0131n \u0131\u015f\u0131klar\u0131 \u00e7ok g\u00f6z\u00fcm\u00fc al\u0131yordu. Ancak \u015fimdi zamanla g\u00f6zlerim al\u0131\u015ft\u0131 ve her ge\u00e7en g\u00fcn daha iyi hissediyorum.G\u00f6zlerimi T\u00fcrkiye&#8217;de lazerle tedavi ettirdi\u011fim i\u00e7in \u00e7ok mutluyum ve herkese kesinlikle tavsiye ediyorum. Geriye ald\u0131\u011f\u0131m ya\u015fam kalitesi beni \u00e7ok mutlu ediyor! \u00c7ok te\u015fekk\u00fcrler SwissLasik ekibine ve Ac\u0131badem Klinik\u2019teki t\u00fcm \u00e7al\u0131\u015fanlara harika bak\u0131m i\u00e7in.Sevgiyle,Corinne Amherd \u00d6nceki rapor Sonraki rapor<\/p>\n","protected":false},"author":4,"featured_media":0,"parent":3695,"menu_order":0,"comment_status":"closed","ping_status":"closed","template":"","meta":{"_joinchat":[],"footnotes":""},"class_list":["post-3793","page","type-page","status-publish","hentry"],"acf":[],"_links":{"self":[{"href":"https:\/\/swisslasik.ch\/tr\/wp-json\/wp\/v2\/pages\/3793","targetHints":{"allow":["GET"]}}],"collection":[{"href":"https:\/\/swisslasik.ch\/tr\/wp-json\/wp\/v2\/pages"}],"about":[{"href":"https:\/\/swisslasik.ch\/tr\/wp-json\/wp\/v2\/types\/page"}],"author":[{"embeddable":true,"href":"https:\/\/swisslasik.ch\/tr\/wp-json\/wp\/v2\/users\/4"}],"replies":[{"embeddable":true,"href":"https:\/\/swisslasik.ch\/tr\/wp-json\/wp\/v2\/comments?post=3793"}],"version-history":[{"count":2,"href":"https:\/\/swisslasik.ch\/tr\/wp-json\/wp\/v2\/pages\/3793\/revisions"}],"predecessor-version":[{"id":4727,"href":"https:\/\/swisslasik.ch\/tr\/wp-json\/wp\/v2\/pages\/3793\/revisions\/4727"}],"up":[{"embeddable":true,"href":"https:\/\/swisslasik.ch\/tr\/wp-json\/wp\/v2\/pages\/3695"}],"wp:attachment":[{"href":"https:\/\/swisslasik.ch\/tr\/wp-json\/wp\/v2\/media?parent=3793"}],"curies":[{"name":"wp","href":"https:\/\/api.w.org\/{rel}","templated":true}]}}