{"id":3795,"date":"2025-09-24T12:36:43","date_gmt":"2025-09-24T11:36:43","guid":{"rendered":"https:\/\/swisslasik.ch\/patientenberichte-augenlasern-erfahrungen\/28-31-mart-2012-tarihleri-arasinda-istanbula-seyahat-29-martta-ameliyat-16-mayis-2012-carsamba-tarihli-rapor\/"},"modified":"2026-01-14T18:31:56","modified_gmt":"2026-01-14T17:31:56","slug":"28-31-mart-2012-tarihleri-arasinda-istanbula-seyahat-29-martta-ameliyat-16-mayis-2012-carsamba-tarihli-rapor","status":"publish","type":"page","link":"https:\/\/swisslasik.ch\/tr\/patientenberichte-augenlasern-erfahrungen\/28-31-mart-2012-tarihleri-arasinda-istanbula-seyahat-29-martta-ameliyat-16-mayis-2012-carsamba-tarihli-rapor\/","title":{"rendered":"28-31 Mart 2012 tarihleri \u200b\u200baras\u0131nda \u0130stanbul&#8217;a seyahat, 29 Mart&#8217;ta ameliyat \u2013 16 May\u0131s 2012 \u00c7ar\u015famba tarihli rapor"},"content":{"rendered":"\n<h3 class=\"wp-block-heading\">28-31 Mart 2012 tarihleri \u200b\u200baras\u0131nda \u0130stanbul&#8217;a seyahat, 29 Mart&#8217;ta ameliyat \u2013 16 May\u0131s 2012 \u00c7ar\u015famba tarihli rapor<\/h3>\n\n<p>D\u00f6rt ki\u015fi \u0130stanbul\u2019a g\u00f6z lazeri yapt\u0131rmak i\u00e7in geldik. D\u00f6rt\u00fcm\u00fcz de uzun zamand\u0131r bunu yapmak istiyorduk ve ben zaten Z\u00fcrich\u2019te bir bilgi gecesine kat\u0131lm\u0131\u015ft\u0131m. Bu etkinlik \u00e7ok iyi ge\u00e7mi\u015fti, fakat ger\u00e7ekten T\u00fcrkiye\u2019ye seyahat etmek konusunda hala biraz teredd\u00fctlerim vard\u0131. O zamanlar bir tan\u0131d\u0131\u011f\u0131m bana Almanya\u2019daki bir klinikten adres verdi. Hepimiz orada bir \u00f6n muayene yapt\u0131rd\u0131k ve g\u00f6z lazeri yap\u0131labilece\u011fi konusunda onay ald\u0131k. Sonra bir randevu ald\u0131k ve posta yoluyla fiyat teklifi ald\u0131k. Euro 3.100\u2019den ba\u015fl\u0131yor ve daha y\u00fcksek numaralar i\u00e7in fiyat art\u0131yordu. \u0130lanlarda g\u00f6z ba\u015f\u0131na 790 Euro deniliyordu, bu da bizi biraz \u015f\u00fcphelendirdi. Y\u00fcksek fiyatla ilgili telefonlar a\u00e7t\u0131ktan ve sorular sorduktan sonra, Swisslasik\u2019ten de bir teklif ald\u0131k. Her \u015fey o kadar kolay ve harika bir \u015fekilde geli\u015fti ki \u2013 6 Mart\u2019ta teklif ald\u0131k, 28 Mart\u2019ta u\u00e7tuk, 29 Mart\u2019ta ise ameliyat\u0131m\u0131z oldu \u2013 hepimiz Swisslasik\u2019i tercih ettik.<br\/>\u00c7ok say\u0131da arkada\u015f\u0131mdan ald\u0131\u011f\u0131m tepkiler hep ayn\u0131yd\u0131: \u201cCesur musunuz, nas\u0131l olur da T\u00fcrkiye\u2019de bunu yapt\u0131r\u0131rs\u0131n\u0131z?\u201d diye sordular. Ben \u00e7ok iyi ara\u015ft\u0131rma yapm\u0131\u015ft\u0131m ve hep do\u011fru karar verdi\u011fime emindim. Ve ger\u00e7ekten de \u00f6yle oldu: Havaalan\u0131ndan al\u0131nd\u0131k ve otele g\u00f6t\u00fcr\u00fcld\u00fck. Ard\u0131ndan Kapal\u0131 \u00c7ar\u015f\u0131\u2019y\u0131 gezdik ve al\u0131\u015fveri\u015f yapt\u0131k. Ertesi g\u00fcn, otelden zaman\u0131nda al\u0131nd\u0131k ve Ac\u0131badem Hastanesi\u2019ne g\u00f6t\u00fcr\u00fcld\u00fck. Bir ki\u015fi daha bizimle birlikte geldi, o da g\u00f6zlerini lazerle tedavi ettiriyordu. Yani be\u015f ki\u015fiydik ve tekrar t\u00fcm muayeneleri ge\u00e7memiz gerekiyordu. Her birimiz i\u00e7in s\u00fcrekli terc\u00fcman vard\u0131, ayr\u0131ca doktorla g\u00f6r\u00fc\u015fmelerimizde de hep terc\u00fcman yan\u0131m\u0131zdayd\u0131. Kendimi her zaman \u00e7ok g\u00fcvende hissettim. \u00d6\u011fle yeme\u011fimizi hastanenin kafeteryas\u0131nda yedik, ard\u0131ndan 14:00\u2019te ameliyat\u0131n ba\u015flayaca\u011f\u0131 bilgisini ald\u0131k. Biraz heyecanl\u0131yd\u0131m.<br\/>Ameliyat s\u0131ras\u0131nda da terc\u00fcman hep yan\u0131mdayd\u0131 ve ne yapmam gerekti\u011fini s\u00f6yledi. Ger\u00e7ekten harikayd\u0131, kendimi asla yaln\u0131z hissetmedim ve bir \u015fey anlamad\u0131\u011f\u0131mda soru sorabildim. Be\u015fimizin de ameliyat\u0131 ba\u015far\u0131l\u0131 ge\u00e7ti ve kontrol\u00fcn ard\u0131ndan g\u00f6z damlalar\u0131 ve koruyucu g\u00f6zl\u00fcklerle otele d\u00f6nd\u00fck. 4 saat dinlendik \u2013 hepimiz uyuduk \u2013 g\u00f6zler biraz ka\u015f\u0131nd\u0131 ama hi\u00e7 birimiz a\u011fr\u0131 hissetmedik. Bu 4 saatin ard\u0131ndan, olduk\u00e7a net bir \u015fekilde g\u00f6rmeye ba\u015flad\u0131m. Baz\u0131lar\u0131m\u0131z ak\u015fam yeme\u011fine gitti, di\u011ferleri ise geceyi uyuyarak ge\u00e7irdi. Ertesi g\u00fcn, kontrol i\u00e7in al\u0131nd\u0131k ve tekrar hastaneye g\u00f6t\u00fcr\u00fcld\u00fck. T\u00fcm kontroller terc\u00fcmanla yap\u0131ld\u0131 ve hepimiz i\u00e7in sonu\u00e7lar olumlu oldu. Ameliyat herkes i\u00e7in ba\u015far\u0131l\u0131 ge\u00e7ti. Ayr\u0131ca Z\u00fcrich\u2019teki ilk kontrolden sonra \u2013 ger\u00e7ekten \u00e7ok memnunum ve Swisslasik\u2019i herkese tavsiye ediyorum. \u00c7ok k\u0131sa bir s\u00fcrede her \u015feyi organize ettik ve t\u00fcm bu hizmetler i\u00e7in \u00e7ok iyi bir fiyat ald\u0131k. Hizmet, bilgilendirme, ilgi, ameliyat, otel \u2013 her \u015fey vaat edilen gibi oldu. Swisslasik\u2019i tercih etti\u011fime \u00e7ok memnunum.                                  Biz d\u00f6rt ki\u015fi tekrar %100 g\u00f6rmeye ba\u015flad\u0131k ve \u00e7ok mutluyuz. \u0130stanbul\u2019u \u00e7ok g\u00fczel ve ilgin\u00e7 bir \u015fehir olarak tan\u0131d\u0131m. T\u00fcrkler \u00e7ok dost canl\u0131s\u0131 ve yard\u0131msever insanlar. Kesinlikle bir g\u00fcn tekrar \u0130stanbul\u2019a seyahat edip \u015fehri tekrar gezmeyi d\u00fc\u015f\u00fcn\u00fcyorum. T\u00fcm \u00e7abalar\u0131n\u0131z i\u00e7in \u00e7ok te\u015fekk\u00fcr ederim. Di\u011fer m\u00fc\u015fterilerin sorular\u0131 i\u00e7in memnuniyetle yard\u0131mc\u0131 olabilirim.<br\/>Bea Kuster      <\/p>\n\n<div class=\"wp-block-group is-layout-grid wp-container-core-group-is-layout-baef362d wp-block-group-is-layout-grid\">\n<p><a href=\"https:\/\/medicaltravel.at\/home\/agb\/\" data-type=\"page\" data-id=\"2191\" rel=\"nofollow noopener\" target=\"_blank\"><\/a><a href=\"https:\/\/swisslasik.ch\/tr\/patientenberichte-augenlasern-erfahrungen\/goezlueksuez-goerme-hayali-istanbulda-gercek-oldu-18-mayis-2012-cuma-tarihli-haber\/\" data-type=\"link\" data-id=\"https:\/\/swisslasik.ch\/augenlasern-lasik-erfahrungen\/der-traum-vom-brillenlosen-sehen-in-istanbul-wurde-er-erfullt-bericht-vom-freitag-18-mai-2012\/\">\u00d6nceki rapor<\/a><\/p>\n\n\n\n<p class=\"has-text-align-right wp-container-content-5e2576f9\"><a href=\"https:\/\/medicaltravel.at\/home\/impressum\/\" data-type=\"page\" data-id=\"2193\" rel=\"nofollow noopener\" target=\"_blank\"><\/a><a href=\"https:\/\/medicaltravel.at\/home\/berichte-von-patienten\/erfahrungsberichte\/erfahrungsbericht-zahnbehandlung-in-istanbul\/\" data-type=\"page\" data-id=\"981\" rel=\"nofollow noopener\" target=\"_blank\"><\/a><a href=\"https:\/\/swisslasik.ch\/tr\/patientenberichte-augenlasern-erfahrungen\/engelsiz-goezlerle-yasamanin-verdigi-yeni-his-paha-bicilmez-6-mayis-2012-pazar-tarihli-rapor\/\" data-type=\"link\" data-id=\"https:\/\/swisslasik.ch\/augenlasern-lasik-erfahrungen\/das-neue-lebensgefuhl-mit-freien-augen-unbezahlbar-bericht-vom-sonntag-06-mai-2012\/\">Sonraki rapor<\/a><\/p>\n<\/div>\n","protected":false},"excerpt":{"rendered":"<p>28-31 Mart 2012 tarihleri \u200b\u200baras\u0131nda \u0130stanbul&#8217;a seyahat, 29 Mart&#8217;ta ameliyat \u2013 16 May\u0131s 2012 \u00c7ar\u015famba tarihli rapor D\u00f6rt ki\u015fi \u0130stanbul\u2019a g\u00f6z lazeri yapt\u0131rmak i\u00e7in geldik. D\u00f6rt\u00fcm\u00fcz de uzun zamand\u0131r bunu yapmak istiyorduk ve ben zaten Z\u00fcrich\u2019te bir bilgi gecesine kat\u0131lm\u0131\u015ft\u0131m. Bu etkinlik \u00e7ok iyi ge\u00e7mi\u015fti, fakat ger\u00e7ekten T\u00fcrkiye\u2019ye seyahat etmek konusunda hala biraz teredd\u00fctlerim vard\u0131. O zamanlar bir tan\u0131d\u0131\u011f\u0131m bana Almanya\u2019daki bir klinikten adres verdi. Hepimiz orada bir \u00f6n muayene yapt\u0131rd\u0131k ve g\u00f6z lazeri yap\u0131labilece\u011fi konusunda onay ald\u0131k. Sonra bir randevu ald\u0131k ve posta yoluyla fiyat teklifi ald\u0131k. Euro 3.100\u2019den ba\u015fl\u0131yor ve daha y\u00fcksek numaralar i\u00e7in fiyat art\u0131yordu. \u0130lanlarda g\u00f6z ba\u015f\u0131na 790 Euro deniliyordu, bu da bizi biraz \u015f\u00fcphelendirdi. Y\u00fcksek fiyatla ilgili telefonlar a\u00e7t\u0131ktan ve sorular sorduktan sonra, Swisslasik\u2019ten de bir teklif ald\u0131k. Her \u015fey o kadar kolay ve harika bir \u015fekilde geli\u015fti ki \u2013 6 Mart\u2019ta teklif ald\u0131k, 28 Mart\u2019ta u\u00e7tuk, 29 Mart\u2019ta ise ameliyat\u0131m\u0131z oldu \u2013 hepimiz Swisslasik\u2019i tercih ettik.\u00c7ok say\u0131da arkada\u015f\u0131mdan ald\u0131\u011f\u0131m tepkiler hep ayn\u0131yd\u0131: \u201cCesur musunuz, nas\u0131l olur da T\u00fcrkiye\u2019de bunu yapt\u0131r\u0131rs\u0131n\u0131z?\u201d diye sordular. Ben \u00e7ok iyi ara\u015ft\u0131rma yapm\u0131\u015ft\u0131m ve hep do\u011fru karar verdi\u011fime emindim. Ve ger\u00e7ekten de \u00f6yle oldu: Havaalan\u0131ndan al\u0131nd\u0131k ve otele g\u00f6t\u00fcr\u00fcld\u00fck. Ard\u0131ndan Kapal\u0131 \u00c7ar\u015f\u0131\u2019y\u0131 gezdik ve al\u0131\u015fveri\u015f yapt\u0131k. Ertesi g\u00fcn, otelden zaman\u0131nda al\u0131nd\u0131k ve Ac\u0131badem Hastanesi\u2019ne g\u00f6t\u00fcr\u00fcld\u00fck. Bir ki\u015fi daha bizimle birlikte geldi, o da g\u00f6zlerini lazerle tedavi ettiriyordu. Yani be\u015f ki\u015fiydik ve tekrar t\u00fcm muayeneleri ge\u00e7memiz gerekiyordu. Her birimiz i\u00e7in s\u00fcrekli terc\u00fcman vard\u0131, ayr\u0131ca doktorla g\u00f6r\u00fc\u015fmelerimizde de hep terc\u00fcman yan\u0131m\u0131zdayd\u0131. Kendimi her zaman \u00e7ok g\u00fcvende hissettim. \u00d6\u011fle yeme\u011fimizi hastanenin kafeteryas\u0131nda yedik, ard\u0131ndan 14:00\u2019te ameliyat\u0131n ba\u015flayaca\u011f\u0131 bilgisini ald\u0131k. Biraz heyecanl\u0131yd\u0131m.Ameliyat s\u0131ras\u0131nda da terc\u00fcman hep yan\u0131mdayd\u0131 ve ne yapmam gerekti\u011fini s\u00f6yledi. Ger\u00e7ekten harikayd\u0131, kendimi asla yaln\u0131z hissetmedim ve bir \u015fey anlamad\u0131\u011f\u0131mda soru sorabildim. Be\u015fimizin de ameliyat\u0131 ba\u015far\u0131l\u0131 ge\u00e7ti ve kontrol\u00fcn ard\u0131ndan g\u00f6z damlalar\u0131 ve koruyucu g\u00f6zl\u00fcklerle otele d\u00f6nd\u00fck. 4 saat dinlendik \u2013 hepimiz uyuduk \u2013 g\u00f6zler biraz ka\u015f\u0131nd\u0131 ama hi\u00e7 birimiz a\u011fr\u0131 hissetmedik. Bu 4 saatin ard\u0131ndan, olduk\u00e7a net bir \u015fekilde g\u00f6rmeye ba\u015flad\u0131m. Baz\u0131lar\u0131m\u0131z ak\u015fam yeme\u011fine gitti, di\u011ferleri ise geceyi uyuyarak ge\u00e7irdi. Ertesi g\u00fcn, kontrol i\u00e7in al\u0131nd\u0131k ve tekrar hastaneye g\u00f6t\u00fcr\u00fcld\u00fck. T\u00fcm kontroller terc\u00fcmanla yap\u0131ld\u0131 ve hepimiz i\u00e7in sonu\u00e7lar olumlu oldu. Ameliyat herkes i\u00e7in ba\u015far\u0131l\u0131 ge\u00e7ti. Ayr\u0131ca Z\u00fcrich\u2019teki ilk kontrolden sonra \u2013 ger\u00e7ekten \u00e7ok memnunum ve Swisslasik\u2019i herkese tavsiye ediyorum. \u00c7ok k\u0131sa bir s\u00fcrede her \u015feyi organize ettik ve t\u00fcm bu hizmetler i\u00e7in \u00e7ok iyi bir fiyat ald\u0131k. Hizmet, bilgilendirme, ilgi, ameliyat, otel \u2013 her \u015fey vaat edilen gibi oldu. Swisslasik\u2019i tercih etti\u011fime \u00e7ok memnunum. Biz d\u00f6rt ki\u015fi tekrar %100 g\u00f6rmeye ba\u015flad\u0131k ve \u00e7ok mutluyuz. \u0130stanbul\u2019u \u00e7ok g\u00fczel ve ilgin\u00e7 bir \u015fehir olarak tan\u0131d\u0131m. T\u00fcrkler \u00e7ok dost canl\u0131s\u0131 ve yard\u0131msever insanlar. Kesinlikle bir g\u00fcn tekrar \u0130stanbul\u2019a seyahat edip \u015fehri tekrar gezmeyi d\u00fc\u015f\u00fcn\u00fcyorum. T\u00fcm \u00e7abalar\u0131n\u0131z i\u00e7in \u00e7ok te\u015fekk\u00fcr ederim. Di\u011fer m\u00fc\u015fterilerin sorular\u0131 i\u00e7in memnuniyetle yard\u0131mc\u0131 olabilirim.Bea Kuster \u00d6nceki rapor Sonraki rapor<\/p>\n","protected":false},"author":4,"featured_media":0,"parent":3695,"menu_order":0,"comment_status":"closed","ping_status":"closed","template":"","meta":{"_joinchat":[],"footnotes":""},"class_list":["post-3795","page","type-page","status-publish","hentry"],"acf":[],"_links":{"self":[{"href":"https:\/\/swisslasik.ch\/tr\/wp-json\/wp\/v2\/pages\/3795","targetHints":{"allow":["GET"]}}],"collection":[{"href":"https:\/\/swisslasik.ch\/tr\/wp-json\/wp\/v2\/pages"}],"about":[{"href":"https:\/\/swisslasik.ch\/tr\/wp-json\/wp\/v2\/types\/page"}],"author":[{"embeddable":true,"href":"https:\/\/swisslasik.ch\/tr\/wp-json\/wp\/v2\/users\/4"}],"replies":[{"embeddable":true,"href":"https:\/\/swisslasik.ch\/tr\/wp-json\/wp\/v2\/comments?post=3795"}],"version-history":[{"count":1,"href":"https:\/\/swisslasik.ch\/tr\/wp-json\/wp\/v2\/pages\/3795\/revisions"}],"predecessor-version":[{"id":3796,"href":"https:\/\/swisslasik.ch\/tr\/wp-json\/wp\/v2\/pages\/3795\/revisions\/3796"}],"up":[{"embeddable":true,"href":"https:\/\/swisslasik.ch\/tr\/wp-json\/wp\/v2\/pages\/3695"}],"wp:attachment":[{"href":"https:\/\/swisslasik.ch\/tr\/wp-json\/wp\/v2\/media?parent=3795"}],"curies":[{"name":"wp","href":"https:\/\/api.w.org\/{rel}","templated":true}]}}