{"id":3797,"date":"2025-09-24T12:21:08","date_gmt":"2025-09-24T11:21:08","guid":{"rendered":"https:\/\/swisslasik.ch\/patientenberichte-augenlasern-erfahrungen\/istanbul-tatili-ve-250-ml-silikon-implantlarla-meme-bueyuetme-ameliyati-15-ekim-2012-pazartesi-tarihli-haber\/"},"modified":"2026-01-14T18:19:57","modified_gmt":"2026-01-14T17:19:57","slug":"istanbul-tatili-ve-250-ml-silikon-implantlarla-meme-bueyuetme-ameliyati-15-ekim-2012-pazartesi-tarihli-haber","status":"publish","type":"page","link":"https:\/\/swisslasik.ch\/tr\/patientenberichte-augenlasern-erfahrungen\/istanbul-tatili-ve-250-ml-silikon-implantlarla-meme-bueyuetme-ameliyati-15-ekim-2012-pazartesi-tarihli-haber\/","title":{"rendered":"\u0130stanbul tatili ve 250 ml silikon implantlarla meme b\u00fcy\u00fctme ameliyat\u0131 \u2013 15 Ekim 2012 Pazartesi tarihli haber."},"content":{"rendered":"\n<h3 class=\"wp-block-heading\">\u0130stanbul tatili ve 250 ml silikon implantlarla meme b\u00fcy\u00fctme ameliyat\u0131 \u2013 15 Ekim 2012 Pazartesi tarihli haber.<\/h3>\n\n<p>12.10.2012<\/p>\n\n<p>\u0130stanbul&#8217;da estetik kozmetik cerrahi deneyim raporu<\/p>\n\n<p>Ramona S., 26 ya\u015f\u0131nda.<\/p>\n\n<p>Macrolane Jel ile yap\u0131lan yanl\u0131\u015f bir tedavi nedeniyle, T\u00fcrkiye\u2019deki planlad\u0131\u011f\u0131m 1 haftal\u0131k tatilimi, meydana gelen zarar\u0131 m\u00fcmk\u00fcn oldu\u011funca d\u00fczeltmek i\u00e7in kullanmaya karar verdim. 2012 bahar\u0131nda \u0130svi\u00e7re&#8217;de bir dermatolog taraf\u0131ndan Macrolane Jel ile bir tedavi oldum. Her bir g\u00f6\u011f\u00fcs i\u00e7in 140 ml Hyaluronik Asit jeli, bir i\u011fneyle enjekte edildi. Operasyondan ve g\u00f6\u011f\u00fcs alt\u0131ndaki izlerden korktu\u011fum i\u00e7in, ciltle uyumlu bir maddeden yap\u0131lan bir jel ve k\u00fc\u00e7\u00fck i\u011fne izlerinin oldu\u011fu bir uygulama bana iyi bir alternatif gibi g\u00f6r\u00fcnd\u00fc.   <\/p>\n\n<p>Ba\u015flang\u0131\u00e7ta her \u015fey yolunda gibi g\u00f6r\u00fcn\u00fcyordu, fark \u00e7ok b\u00fcy\u00fck de\u011fildi, ancak g\u00f6\u011f\u00fcs hacmindeki art\u0131\u015f benim i\u00e7in olduk\u00e7a de\u011ferliydi ve sonu\u00e7tan memnun kalm\u0131\u015ft\u0131m. \u0130lk ba\u015fta g\u00f6\u011f\u00fcslerin boyutunun ve \u015feklinin nas\u0131l de\u011fi\u015fece\u011fini ve bunun bana nas\u0131l gelece\u011fini g\u00f6rmek istedim. B\u00f6ylece daha sonra, belki bir g\u00fcn kal\u0131c\u0131 bir g\u00f6\u011f\u00fcs esteti\u011fi ameliyat\u0131 olup olmayaca\u011f\u0131ma karar verebilecektim. <\/p>\n\n<p>Maalesef, Macrolane Jel&#8217;in g\u00f6\u011fs\u00fcme enjekte edildi\u011fi i\u011fne deliklerinde cepler olu\u015ftu ve ho\u015f olmayan, belirgin ve hissedilebilen \u00e7\u00f6k\u00fcnt\u00fcler b\u0131rakt\u0131! Dermatologum, bunun \u00fczerine i\u011fne deliklerini yeniden a\u00e7mak zorunda kald\u0131 ve birikmi\u015f hyal\u00fcronik asit jelini d\u0131\u015far\u0131ya \u00e7\u0131karmaya \u00e7al\u0131\u015ft\u0131. Ne yaz\u0131k ki, sonras\u0131nda i\u011fne delikleri bir t\u00fcrl\u00fc kapanmad\u0131 ve haftalarca ge\u00e7en s\u00fcreye ra\u011fmen s\u00fcrekli olarak \u00f6nemli miktarda jel d\u0131\u015far\u0131 \u00e7\u0131kmaya devam etti!!!  <\/p>\n\n<p>Sa\u011f tarafta k\u00fc\u00e7\u00fck bir elma b\u00fcy\u00fckl\u00fc\u011f\u00fcnde bir madde birikince, bu k\u00fctleyi d\u0131\u015far\u0131ya s\u0131kt\u0131\u011f\u0131mda boyut fark\u0131 zaten fark ediliyordu ve bu nedenle sol taraftaki jel de \u00e7\u0131kar\u0131lmak zorunda kald\u0131. Kalan jeli d\u0131\u015far\u0131ya \u00e7\u0131karmak i\u00e7in, dermatologum her iki tarafta da ikinci kez i\u011fne deliklerini a\u00e7t\u0131 ve m\u00fcmk\u00fcn oldu\u011fu kadar fazla materyali d\u0131\u015far\u0131ya \u00e7\u0131karmaya \u00e7al\u0131\u015ft\u0131. \u0130\u015flemin talihsiz sonu\u00e7lar\u0131 nedeniyle, doktorum en az\u0131ndan malzeme maliyetlerinin bir k\u0131sm\u0131 hari\u00e7, bana b\u00fcy\u00fck k\u0131sm\u0131n\u0131 geri \u00f6dedi. G\u00f6r\u00fcn\u00fc\u015fe g\u00f6re doktorum daha \u00f6nce \u00fc\u00e7 y\u00fcz\u00fcn \u00fczerinde kad\u0131na Macrolane uygulam\u0131\u015f, ancak benim g\u00f6\u011f\u00fcslerimde ya\u015fad\u0131\u011f\u0131m gibi talihsiz bir durum daha \u00f6nce hi\u00e7 ya\u015fanmam\u0131\u015f!   <\/p>\n\n<p>\u00c7ok fazla rahats\u0131zl\u0131k \u00e7ekti\u011fim ve yine de meme hacminde bir art\u0131\u015f elde edemedi\u011fim i\u00e7in, implant kullanarak meme b\u00fcy\u00fctme ameliyat\u0131 yapt\u0131rmaya karar verdim.<\/p>\n\n<p>\u015eimdi internet \u00fczerinden ara\u015ft\u0131rmaya ba\u015flad\u0131m ve b\u00f6lgedeki cerrahlarla da ileti\u015fime ge\u00e7erek se\u00e7enekler, i\u015flem ve maliyetler hakk\u0131nda bilgi ald\u0131m. \u0130svi\u00e7re&#8217;de meme b\u00fcy\u00fctme ameliyat\u0131 \u00e7ok pahal\u0131 ve \u0130svi\u00e7reli bir cerrah taraf\u0131ndan yap\u0131lan ameliyat\u0131n sonucu, yabanc\u0131 bir doktor taraf\u0131ndan yap\u0131lan ameliyattan mutlaka daha iyi olmuyor. <\/p>\n\n<p>Hem \u0130svi\u00e7re&#8217;de hem de yurt d\u0131\u015f\u0131nda meme b\u00fcy\u00fctme ameliyat\u0131 ge\u00e7iren birka\u00e7 arkada\u015f\u0131mla konu\u015ftuktan sonra, yurt d\u0131\u015f\u0131nda yap\u0131lan i\u015flemlerin ve sonu\u00e7lar\u0131n \u00e7ok iyi ve profesyonel oldu\u011funu kendi g\u00f6zlerimle g\u00f6rd\u00fcm. Yurt d\u0131\u015f\u0131nda \u0130svi\u00e7re&#8217;ye k\u0131yasla daha fazla estetik ameliyat yap\u0131ld\u0131\u011f\u0131 i\u00e7in, yabanc\u0131 bir doktorun deneyimine ve uzmanl\u0131\u011f\u0131na olan g\u00fcvenim, \u0130svi\u00e7reli bir cerraha olan g\u00fcvenimden bile daha fazlayd\u0131. \u00d6zellikle de ba\u015far\u0131s\u0131z ge\u00e7en ameliyat\u0131m\u0131n \u0130svi\u00e7re&#8217;de yap\u0131ld\u0131\u011f\u0131n\u0131 d\u00fc\u015f\u00fcn\u00fcrsek!  <\/p>\n\n<p>B\u00f6ylece Swisslasik web sitesine denk geldim ve \u00f6nce e-posta yoluyla, sonra da \u015fahsen ajansla ileti\u015fime ge\u00e7tim. \u0130htiya\u00e7 duydu\u011fum t\u00fcm bilgileri h\u0131zl\u0131 ve g\u00fcler y\u00fczl\u00fc bir \u015fekilde ald\u0131m. Elbette, kesin boyut ve di\u011fer detaylar ancak \u0130stanbul&#8217;da doktorla \u015fahsen g\u00f6r\u00fc\u015f\u00fclerek belirlenebilir. Ameliyat\u0131 Ac\u0131badem \u0130stanbul&#8217;da yapt\u0131rmaya karar verdim ve estetik cerrahla \u00f6n muayene i\u00e7in randevu ald\u0131m.  <\/p>\n\n<p>Havaalan\u0131na vard\u0131\u011f\u0131m\u0131zda, arkada\u015f\u0131m ve ben zaten kar\u015f\u0131lan\u0131yorduk ve hemen \u00f6zel bir ara\u00e7la otelimize g\u00f6t\u00fcr\u00fcld\u00fck. \u015eof\u00f6r her zaman dakikti ve beni ertesi sabah \u00f6n muayene i\u00e7in hastaneye g\u00f6t\u00fcrd\u00fc. Macrolane jelinin neden oldu\u011fu ba\u015far\u0131s\u0131z i\u015flem nedeniyle, cerrah, istenen 250 ml silikon implantlar\u0131 yerle\u015ftirmeden \u00f6nce g\u00f6\u011f\u00fcslerimde ne kadar ve nerede kal\u0131nt\u0131 madde kald\u0131\u011f\u0131n\u0131 belirlemek i\u00e7in \u00f6nceden ultrason taramas\u0131 yapmak istedi. Bu kal\u0131nt\u0131 maddenin g\u00f6\u011f\u00fcslerimde nas\u0131l ve nerede da\u011f\u0131ld\u0131\u011f\u0131n\u0131 bilmeden ve ili\u015fkili enfeksiyon riskini daha iyi de\u011ferlendiremeden ameliyat\u0131 yapmayacakt\u0131! Elbette, enfeksiyon riskini en aza indirmek istedi\u011fim i\u00e7in ek muayeneyi kabul ettim. Doktorun ger\u00e7ekten sa\u011fl\u0131\u011f\u0131mla ilgilendi\u011fini ve sadece ne pahas\u0131na olursa olsun ameliyat\u0131 yapmak istemedi\u011fini hissetmek de \u00e7ok rahatlat\u0131c\u0131yd\u0131. \u00c7\u00fcnk\u00fc bana, \u00e7ok fazla kal\u0131nt\u0131 doku kal\u0131rsa, benim ve elbette kendi g\u00fcvenli\u011fi i\u00e7in ameliyat\u0131 yapmay\u0131 reddedece\u011fini s\u00f6ylemi\u015fti!      <\/p>\n\n<p>Ultrasonografi, her iki meme cebinde de az miktarda Macrolane jelinin kald\u0131\u011f\u0131n\u0131 ortaya \u00e7\u0131kard\u0131. Sol tarafta, az miktarda jelin g\u00f6\u011f\u00fcs kas\u0131na da enjekte edildi\u011fi g\u00f6r\u00fcld\u00fc. G\u00f6\u011f\u00fcs kas\u0131ndaki jel \u00e7\u0131kar\u0131lamad\u0131 ve kalan maddenin do\u011fal olarak emilmesi gerekece\u011finden (bu s\u00fcre\u00e7 enjeksiyonlar\u0131n ba\u015flang\u0131c\u0131ndan itibaren yakla\u015f\u0131k on iki ila on sekiz ay s\u00fcrecektir), meme boyutunda hafif ve ge\u00e7ici bir farkl\u0131l\u0131\u011fa neden oluyor.  <\/p>\n\n<p>Birka\u00e7 doktor g\u00f6r\u00fcnt\u00fclerimi inceledikten ve kendi aralar\u0131nda g\u00f6r\u00fc\u015ft\u00fckten sonra, cerrah ameliyat\u0131 yapmaya karar verdi. Silikon implantlar\u0131 yerle\u015ftirmeden \u00f6nce, kalan jelin m\u00fcmk\u00fcn oldu\u011funca \u00e7o\u011funu \u00e7\u0131karacakt\u0131. Enfeksiyon riskini en aza indirmek i\u00e7in, bir g\u00fcn yerine en az iki g\u00fcn boyunca klinikte g\u00f6zlem alt\u0131nda kalmam konusunda da \u0131srar etti. Kabul ettim ve ameliyat ertesi sabah ba\u015flayabildi.    <\/p>\n\n<p>Haz\u0131rl\u0131k odas\u0131nda cerrah gerekli i\u015faretlemeleri yapt\u0131 ve son detaylar\u0131 konu\u015ftu. Ard\u0131ndan bana ameliyat \u00f6nl\u00fc\u011f\u00fc ve destek \u00e7oraplar\u0131 giydirildi ve yatakla birlikte ameliyat odas\u0131na g\u00f6t\u00fcr\u00fcld\u00fcm. Ameliyat masas\u0131na yataktan ge\u00e7erken narkoz verildi ve huzurlu bir \u015fekilde derin bir uykuya dald\u0131m. Uyand\u0131r\u0131ld\u0131\u011f\u0131mda, ilk anda ameliyat\u0131n bitti\u011fini anlamad\u0131m. Yani doktorlara ne zaman ba\u015flayaca\u011f\u0131m\u0131z\u0131 sordum. Bana her \u015feyin iyi ge\u00e7ti\u011fini ve komplikasyon olmad\u0131\u011f\u0131n\u0131 s\u00f6ylediler. Ba\u015f\u0131m\u0131 kald\u0131r\u0131p g\u00f6\u011f\u00fcslerime bakt\u0131\u011f\u0131mda, hemen fark\u0131 g\u00f6rd\u00fcm ve g\u00fczel sonucu hemen fark ettim. K\u0131sa bir dinlenme s\u00fcresinin ard\u0131ndan beni Ac\u0131badem Maslak&#8217;ta \u00fcst katlardaki tek ki\u015filik odaya g\u00f6t\u00fcrd\u00fcler. Oda \u00e7ok g\u00fczel bir \u015fekilde d\u00f6\u015fenmi\u015fti ve \u00f6n\u00fcm\u00fczdeki iki g\u00fcn boyunca hi\u00e7bir \u015fey eksik olmad\u0131. Hem\u015fireler her zaman \u00e7ok nazikti ve bana sevgiyle ilgilendiler. Yemekler \u00e7ok iyiydi ve geleneksel T\u00fcrk mutfa\u011f\u0131yla modern mutfa\u011f\u0131n bir kar\u0131\u015f\u0131m\u0131n\u0131 sunuyorlard\u0131. Hatta her \u00f6\u011f\u00fcn i\u00e7in iki tepsi vard\u0131, b\u00f6ylece her zaman bir ek yemek bir refakat\u00e7i i\u00e7in haz\u0131r bulunuyordu.          <\/p>\n\n<p>\u0130kinci gecenin ard\u0131ndan drenajlar nihayet \u00e7\u0131kar\u0131labildi. A\u011fr\u0131lar s\u0131n\u0131rl\u0131yd\u0131 ve \u00f6zellikle sabahlar\u0131 ve ak\u015fam ge\u00e7 saatlerde rahats\u0131z edici bir bask\u0131 hissediliyordu, ancak birka\u00e7 g\u00fcn sonra hi\u00e7 ya da \u00e7ok az a\u011fr\u0131 kesiciyle idare edebildim. G\u00f6\u011f\u00fcslerim tabii ki birka\u00e7 g\u00fcn \u015fi\u015fti ve deri olduk\u00e7a gergindi. Derinin yumu\u015fay\u0131p son \u015feklini almas\u0131, duruma ba\u011fl\u0131 olarak iki ila d\u00f6rt ay aras\u0131nda s\u00fcrebilir.   <\/p>\n\n<p>Ama zaten operasyonun hemen ard\u0131ndan ve bu iki g\u00fcn\u00fcn sonunda, g\u00f6\u011fs\u00fcn \u00e7ok g\u00fczel ve dolgun bir \u015fekil ald\u0131\u011f\u0131 g\u00f6r\u00fcn\u00fcyordu. Sonu\u00e7 ger\u00e7ekten \u00e7ok g\u00fczel ve simetrik oldu. Yeni v\u00fccut \u015feklimden \u00e7ok memnunum! Mutlu ve en \u00f6nemlisi sa\u011fl\u0131kl\u0131 bir \u015fekilde hastaneyi terk edip \u0130stanbul&#8217;da birka\u00e7 g\u00fcn daha keyifli zaman ge\u00e7irme f\u0131rsat\u0131m oldu. Birka\u00e7 g\u00fcn sonra, eve d\u00f6nmeden \u00f6nce cerrah taraf\u0131ndan son kontrol yap\u0131ld\u0131. U\u00e7akta hi\u00e7 a\u011fr\u0131 hissetmedim ve sonraki g\u00fcnler ve haftalar sorunsuz ge\u00e7ti. \u015eu anda operasyon \u00fczerinden iki ay ge\u00e7ti. Yara izleri tabii ki h\u00e2l\u00e2 k\u0131zar\u0131k, ancak iyile\u015fme iyi gidiyor. Klinikten ald\u0131\u011f\u0131m destek s\u00fctyeni m\u00fckemmel uyuyor ve her g\u00fcn, gece ve spor yaparken de giyiyorum. Genel olarak, T\u00fcrkiye&#8217;deki estetik ameliyat\u0131mla ilgili yaln\u0131zca olumlu \u015feyler s\u00f6yleyebilirim ve di\u011fer ilgilenenlere vicdan\u0131m rahat bir \u015fekilde tavsiye edebilirim.         <\/p>\n\n<div class=\"wp-block-group is-layout-grid wp-container-core-group-is-layout-baef362d wp-block-group-is-layout-grid\">\n<p><a href=\"https:\/\/medicaltravel.at\/home\/agb\/\" data-type=\"page\" data-id=\"2191\" rel=\"nofollow noopener\" target=\"_blank\"><\/a><a href=\"https:\/\/swisslasik.ch\/tr\/patientenberichte-augenlasern-erfahrungen\/dita-cecchinin-11-eyluel-2012de-istanbulda-goez-ameliyati-gerceklestiren-goeruesue-26-ekim-2012-cuma-tarihli-rapor\/\" data-type=\"link\" data-id=\"https:\/\/swisslasik.ch\/augenlasern-lasik-erfahrungen\/erfahrungsbericht-von-dita-cecchin-augen-op-in-istanbul-am-11-9-12-bericht-vom-freitag-26-oktober-2012\/\">\u00d6nceki rapor<\/a><\/p>\n\n\n\n<p class=\"has-text-align-right wp-container-content-5e2576f9\"><a href=\"https:\/\/medicaltravel.at\/home\/impressum\/\" data-type=\"page\" data-id=\"2193\" rel=\"nofollow noopener\" target=\"_blank\"><\/a><a href=\"https:\/\/medicaltravel.at\/home\/berichte-von-patienten\/erfahrungsberichte\/erfahrungsbericht-zahnbehandlung-in-istanbul\/\" data-type=\"page\" data-id=\"981\" rel=\"nofollow noopener\" target=\"_blank\"><\/a><a href=\"https:\/\/swisslasik.ch\/tr\/patientenberichte-augenlasern-erfahrungen\/acibadem-hastanesi-istanbulda-gecirdigim-lazer-goez-ameliyatina-dair-deneyim-raporu-corinne-stoll-tarafindan-14-09-2012-tarihinde-yazilmistir\/\" data-type=\"link\" data-id=\"https:\/\/swisslasik.ch\/augenlasern-lasik-erfahrungen\/erfahrungsbericht-meiner-augenlaser-operation-im-acibadem-hospital-istanbul-von-corinne-stoll-geschrieben-am-14-09-2012\/\">Sonraki rapor<\/a><\/p>\n<\/div>\n","protected":false},"excerpt":{"rendered":"<p>\u0130stanbul tatili ve 250 ml silikon implantlarla meme b\u00fcy\u00fctme ameliyat\u0131 \u2013 15 Ekim 2012 Pazartesi tarihli haber. 12.10.2012 \u0130stanbul&#8217;da estetik kozmetik cerrahi deneyim raporu Ramona S., 26 ya\u015f\u0131nda. Macrolane Jel ile yap\u0131lan yanl\u0131\u015f bir tedavi nedeniyle, T\u00fcrkiye\u2019deki planlad\u0131\u011f\u0131m 1 haftal\u0131k tatilimi, meydana gelen zarar\u0131 m\u00fcmk\u00fcn oldu\u011funca d\u00fczeltmek i\u00e7in kullanmaya karar verdim. 2012 bahar\u0131nda \u0130svi\u00e7re&#8217;de bir dermatolog taraf\u0131ndan Macrolane Jel ile bir tedavi oldum. Her bir g\u00f6\u011f\u00fcs i\u00e7in 140 ml Hyaluronik Asit jeli, bir i\u011fneyle enjekte edildi. Operasyondan ve g\u00f6\u011f\u00fcs alt\u0131ndaki izlerden korktu\u011fum i\u00e7in, ciltle uyumlu bir maddeden yap\u0131lan bir jel ve k\u00fc\u00e7\u00fck i\u011fne izlerinin oldu\u011fu bir uygulama bana iyi bir alternatif gibi g\u00f6r\u00fcnd\u00fc. Ba\u015flang\u0131\u00e7ta her \u015fey yolunda gibi g\u00f6r\u00fcn\u00fcyordu, fark \u00e7ok b\u00fcy\u00fck de\u011fildi, ancak g\u00f6\u011f\u00fcs hacmindeki art\u0131\u015f benim i\u00e7in olduk\u00e7a de\u011ferliydi ve sonu\u00e7tan memnun kalm\u0131\u015ft\u0131m. \u0130lk ba\u015fta g\u00f6\u011f\u00fcslerin boyutunun ve \u015feklinin nas\u0131l de\u011fi\u015fece\u011fini ve bunun bana nas\u0131l gelece\u011fini g\u00f6rmek istedim. B\u00f6ylece daha sonra, belki bir g\u00fcn kal\u0131c\u0131 bir g\u00f6\u011f\u00fcs esteti\u011fi ameliyat\u0131 olup olmayaca\u011f\u0131ma karar verebilecektim. Maalesef, Macrolane Jel&#8217;in g\u00f6\u011fs\u00fcme enjekte edildi\u011fi i\u011fne deliklerinde cepler olu\u015ftu ve ho\u015f olmayan, belirgin ve hissedilebilen \u00e7\u00f6k\u00fcnt\u00fcler b\u0131rakt\u0131! Dermatologum, bunun \u00fczerine i\u011fne deliklerini yeniden a\u00e7mak zorunda kald\u0131 ve birikmi\u015f hyal\u00fcronik asit jelini d\u0131\u015far\u0131ya \u00e7\u0131karmaya \u00e7al\u0131\u015ft\u0131. Ne yaz\u0131k ki, sonras\u0131nda i\u011fne delikleri bir t\u00fcrl\u00fc kapanmad\u0131 ve haftalarca ge\u00e7en s\u00fcreye ra\u011fmen s\u00fcrekli olarak \u00f6nemli miktarda jel d\u0131\u015far\u0131 \u00e7\u0131kmaya devam etti!!! Sa\u011f tarafta k\u00fc\u00e7\u00fck bir elma b\u00fcy\u00fckl\u00fc\u011f\u00fcnde bir madde birikince, bu k\u00fctleyi d\u0131\u015far\u0131ya s\u0131kt\u0131\u011f\u0131mda boyut fark\u0131 zaten fark ediliyordu ve bu nedenle sol taraftaki jel de \u00e7\u0131kar\u0131lmak zorunda kald\u0131. Kalan jeli d\u0131\u015far\u0131ya \u00e7\u0131karmak i\u00e7in, dermatologum her iki tarafta da ikinci kez i\u011fne deliklerini a\u00e7t\u0131 ve m\u00fcmk\u00fcn oldu\u011fu kadar fazla materyali d\u0131\u015far\u0131ya \u00e7\u0131karmaya \u00e7al\u0131\u015ft\u0131. \u0130\u015flemin talihsiz sonu\u00e7lar\u0131 nedeniyle, doktorum en az\u0131ndan malzeme maliyetlerinin bir k\u0131sm\u0131 hari\u00e7, bana b\u00fcy\u00fck k\u0131sm\u0131n\u0131 geri \u00f6dedi. G\u00f6r\u00fcn\u00fc\u015fe g\u00f6re doktorum daha \u00f6nce \u00fc\u00e7 y\u00fcz\u00fcn \u00fczerinde kad\u0131na Macrolane uygulam\u0131\u015f, ancak benim g\u00f6\u011f\u00fcslerimde ya\u015fad\u0131\u011f\u0131m gibi talihsiz bir durum daha \u00f6nce hi\u00e7 ya\u015fanmam\u0131\u015f! \u00c7ok fazla rahats\u0131zl\u0131k \u00e7ekti\u011fim ve yine de meme hacminde bir art\u0131\u015f elde edemedi\u011fim i\u00e7in, implant kullanarak meme b\u00fcy\u00fctme ameliyat\u0131 yapt\u0131rmaya karar verdim. \u015eimdi internet \u00fczerinden ara\u015ft\u0131rmaya ba\u015flad\u0131m ve b\u00f6lgedeki cerrahlarla da ileti\u015fime ge\u00e7erek se\u00e7enekler, i\u015flem ve maliyetler hakk\u0131nda bilgi ald\u0131m. \u0130svi\u00e7re&#8217;de meme b\u00fcy\u00fctme ameliyat\u0131 \u00e7ok pahal\u0131 ve \u0130svi\u00e7reli bir cerrah taraf\u0131ndan yap\u0131lan ameliyat\u0131n sonucu, yabanc\u0131 bir doktor taraf\u0131ndan yap\u0131lan ameliyattan mutlaka daha iyi olmuyor. Hem \u0130svi\u00e7re&#8217;de hem de yurt d\u0131\u015f\u0131nda meme b\u00fcy\u00fctme ameliyat\u0131 ge\u00e7iren birka\u00e7 arkada\u015f\u0131mla konu\u015ftuktan sonra, yurt d\u0131\u015f\u0131nda yap\u0131lan i\u015flemlerin ve sonu\u00e7lar\u0131n \u00e7ok iyi ve profesyonel oldu\u011funu kendi g\u00f6zlerimle g\u00f6rd\u00fcm. Yurt d\u0131\u015f\u0131nda \u0130svi\u00e7re&#8217;ye k\u0131yasla daha fazla estetik ameliyat yap\u0131ld\u0131\u011f\u0131 i\u00e7in, yabanc\u0131 bir doktorun deneyimine ve uzmanl\u0131\u011f\u0131na olan g\u00fcvenim, \u0130svi\u00e7reli bir cerraha olan g\u00fcvenimden bile daha fazlayd\u0131. \u00d6zellikle de ba\u015far\u0131s\u0131z ge\u00e7en ameliyat\u0131m\u0131n \u0130svi\u00e7re&#8217;de yap\u0131ld\u0131\u011f\u0131n\u0131 d\u00fc\u015f\u00fcn\u00fcrsek! B\u00f6ylece Swisslasik web sitesine denk geldim ve \u00f6nce e-posta yoluyla, sonra da \u015fahsen ajansla ileti\u015fime ge\u00e7tim. \u0130htiya\u00e7 duydu\u011fum t\u00fcm bilgileri h\u0131zl\u0131 ve g\u00fcler y\u00fczl\u00fc bir \u015fekilde ald\u0131m. Elbette, kesin boyut ve di\u011fer detaylar ancak \u0130stanbul&#8217;da doktorla \u015fahsen g\u00f6r\u00fc\u015f\u00fclerek belirlenebilir. Ameliyat\u0131 Ac\u0131badem \u0130stanbul&#8217;da yapt\u0131rmaya karar verdim ve estetik cerrahla \u00f6n muayene i\u00e7in randevu ald\u0131m. Havaalan\u0131na vard\u0131\u011f\u0131m\u0131zda, arkada\u015f\u0131m ve ben zaten kar\u015f\u0131lan\u0131yorduk ve hemen \u00f6zel bir ara\u00e7la otelimize g\u00f6t\u00fcr\u00fcld\u00fck. \u015eof\u00f6r her zaman dakikti ve beni ertesi sabah \u00f6n muayene i\u00e7in hastaneye g\u00f6t\u00fcrd\u00fc. Macrolane jelinin neden oldu\u011fu ba\u015far\u0131s\u0131z i\u015flem nedeniyle, cerrah, istenen 250 ml silikon implantlar\u0131 yerle\u015ftirmeden \u00f6nce g\u00f6\u011f\u00fcslerimde ne kadar ve nerede kal\u0131nt\u0131 madde kald\u0131\u011f\u0131n\u0131 belirlemek i\u00e7in \u00f6nceden ultrason taramas\u0131 yapmak istedi. Bu kal\u0131nt\u0131 maddenin g\u00f6\u011f\u00fcslerimde nas\u0131l ve nerede da\u011f\u0131ld\u0131\u011f\u0131n\u0131 bilmeden ve ili\u015fkili enfeksiyon riskini daha iyi de\u011ferlendiremeden ameliyat\u0131 yapmayacakt\u0131! Elbette, enfeksiyon riskini en aza indirmek istedi\u011fim i\u00e7in ek muayeneyi kabul ettim. Doktorun ger\u00e7ekten sa\u011fl\u0131\u011f\u0131mla ilgilendi\u011fini ve sadece ne pahas\u0131na olursa olsun ameliyat\u0131 yapmak istemedi\u011fini hissetmek de \u00e7ok rahatlat\u0131c\u0131yd\u0131. \u00c7\u00fcnk\u00fc bana, \u00e7ok fazla kal\u0131nt\u0131 doku kal\u0131rsa, benim ve elbette kendi g\u00fcvenli\u011fi i\u00e7in ameliyat\u0131 yapmay\u0131 reddedece\u011fini s\u00f6ylemi\u015fti! Ultrasonografi, her iki meme cebinde de az miktarda Macrolane jelinin kald\u0131\u011f\u0131n\u0131 ortaya \u00e7\u0131kard\u0131. Sol tarafta, az miktarda jelin g\u00f6\u011f\u00fcs kas\u0131na da enjekte edildi\u011fi g\u00f6r\u00fcld\u00fc. G\u00f6\u011f\u00fcs kas\u0131ndaki jel \u00e7\u0131kar\u0131lamad\u0131 ve kalan maddenin do\u011fal olarak emilmesi gerekece\u011finden (bu s\u00fcre\u00e7 enjeksiyonlar\u0131n ba\u015flang\u0131c\u0131ndan itibaren yakla\u015f\u0131k on iki ila on sekiz ay s\u00fcrecektir), meme boyutunda hafif ve ge\u00e7ici bir farkl\u0131l\u0131\u011fa neden oluyor. Birka\u00e7 doktor g\u00f6r\u00fcnt\u00fclerimi inceledikten ve kendi aralar\u0131nda g\u00f6r\u00fc\u015ft\u00fckten sonra, cerrah ameliyat\u0131 yapmaya karar verdi. Silikon implantlar\u0131 yerle\u015ftirmeden \u00f6nce, kalan jelin m\u00fcmk\u00fcn oldu\u011funca \u00e7o\u011funu \u00e7\u0131karacakt\u0131. Enfeksiyon riskini en aza indirmek i\u00e7in, bir g\u00fcn yerine en az iki g\u00fcn boyunca klinikte g\u00f6zlem alt\u0131nda kalmam konusunda da \u0131srar etti. Kabul ettim ve ameliyat ertesi sabah ba\u015flayabildi. Haz\u0131rl\u0131k odas\u0131nda cerrah gerekli i\u015faretlemeleri yapt\u0131 ve son detaylar\u0131 konu\u015ftu. Ard\u0131ndan bana ameliyat \u00f6nl\u00fc\u011f\u00fc ve destek \u00e7oraplar\u0131 giydirildi ve yatakla birlikte ameliyat odas\u0131na g\u00f6t\u00fcr\u00fcld\u00fcm. Ameliyat masas\u0131na yataktan ge\u00e7erken narkoz verildi ve huzurlu bir \u015fekilde derin bir uykuya dald\u0131m. Uyand\u0131r\u0131ld\u0131\u011f\u0131mda, ilk anda ameliyat\u0131n bitti\u011fini anlamad\u0131m. Yani doktorlara ne zaman ba\u015flayaca\u011f\u0131m\u0131z\u0131 sordum. Bana her \u015feyin iyi ge\u00e7ti\u011fini ve komplikasyon olmad\u0131\u011f\u0131n\u0131 s\u00f6ylediler. Ba\u015f\u0131m\u0131 kald\u0131r\u0131p g\u00f6\u011f\u00fcslerime bakt\u0131\u011f\u0131mda, hemen fark\u0131 g\u00f6rd\u00fcm ve g\u00fczel sonucu hemen fark ettim. K\u0131sa bir dinlenme s\u00fcresinin ard\u0131ndan beni Ac\u0131badem Maslak&#8217;ta \u00fcst katlardaki tek ki\u015filik odaya g\u00f6t\u00fcrd\u00fcler. Oda \u00e7ok g\u00fczel bir \u015fekilde d\u00f6\u015fenmi\u015fti ve \u00f6n\u00fcm\u00fczdeki iki g\u00fcn boyunca hi\u00e7bir \u015fey eksik olmad\u0131. Hem\u015fireler her zaman \u00e7ok nazikti ve bana sevgiyle ilgilendiler. Yemekler \u00e7ok iyiydi ve geleneksel T\u00fcrk mutfa\u011f\u0131yla modern mutfa\u011f\u0131n bir kar\u0131\u015f\u0131m\u0131n\u0131 sunuyorlard\u0131. Hatta her \u00f6\u011f\u00fcn i\u00e7in iki tepsi vard\u0131, b\u00f6ylece her zaman bir ek yemek bir refakat\u00e7i i\u00e7in haz\u0131r bulunuyordu. \u0130kinci gecenin ard\u0131ndan drenajlar nihayet \u00e7\u0131kar\u0131labildi. A\u011fr\u0131lar s\u0131n\u0131rl\u0131yd\u0131 ve \u00f6zellikle sabahlar\u0131 ve ak\u015fam ge\u00e7 saatlerde rahats\u0131z edici bir bask\u0131 hissediliyordu, ancak birka\u00e7 g\u00fcn sonra hi\u00e7 ya da \u00e7ok az a\u011fr\u0131 kesiciyle idare edebildim. G\u00f6\u011f\u00fcslerim tabii ki birka\u00e7 g\u00fcn \u015fi\u015fti ve deri olduk\u00e7a gergindi. Derinin yumu\u015fay\u0131p son \u015feklini almas\u0131, duruma ba\u011fl\u0131 olarak iki ila d\u00f6rt ay aras\u0131nda s\u00fcrebilir. Ama zaten operasyonun hemen ard\u0131ndan ve bu iki g\u00fcn\u00fcn sonunda, g\u00f6\u011fs\u00fcn \u00e7ok g\u00fczel ve dolgun bir \u015fekil ald\u0131\u011f\u0131 g\u00f6r\u00fcn\u00fcyordu. Sonu\u00e7 ger\u00e7ekten \u00e7ok g\u00fczel ve simetrik oldu. Yeni v\u00fccut \u015feklimden \u00e7ok memnunum! Mutlu ve en \u00f6nemlisi sa\u011fl\u0131kl\u0131 bir \u015fekilde hastaneyi terk edip \u0130stanbul&#8217;da birka\u00e7 g\u00fcn daha keyifli zaman ge\u00e7irme f\u0131rsat\u0131m oldu. Birka\u00e7 g\u00fcn sonra, eve d\u00f6nmeden \u00f6nce cerrah taraf\u0131ndan son kontrol yap\u0131ld\u0131. U\u00e7akta hi\u00e7 a\u011fr\u0131 hissetmedim ve sonraki g\u00fcnler ve haftalar sorunsuz ge\u00e7ti. \u015eu anda operasyon \u00fczerinden iki ay ge\u00e7ti. Yara izleri tabii ki h\u00e2l\u00e2 k\u0131zar\u0131k, ancak iyile\u015fme<\/p>\n","protected":false},"author":4,"featured_media":0,"parent":3695,"menu_order":0,"comment_status":"closed","ping_status":"closed","template":"","meta":{"_joinchat":[],"footnotes":""},"class_list":["post-3797","page","type-page","status-publish","hentry"],"acf":[],"_links":{"self":[{"href":"https:\/\/swisslasik.ch\/tr\/wp-json\/wp\/v2\/pages\/3797","targetHints":{"allow":["GET"]}}],"collection":[{"href":"https:\/\/swisslasik.ch\/tr\/wp-json\/wp\/v2\/pages"}],"about":[{"href":"https:\/\/swisslasik.ch\/tr\/wp-json\/wp\/v2\/types\/page"}],"author":[{"embeddable":true,"href":"https:\/\/swisslasik.ch\/tr\/wp-json\/wp\/v2\/users\/4"}],"replies":[{"embeddable":true,"href":"https:\/\/swisslasik.ch\/tr\/wp-json\/wp\/v2\/comments?post=3797"}],"version-history":[{"count":1,"href":"https:\/\/swisslasik.ch\/tr\/wp-json\/wp\/v2\/pages\/3797\/revisions"}],"predecessor-version":[{"id":3798,"href":"https:\/\/swisslasik.ch\/tr\/wp-json\/wp\/v2\/pages\/3797\/revisions\/3798"}],"up":[{"embeddable":true,"href":"https:\/\/swisslasik.ch\/tr\/wp-json\/wp\/v2\/pages\/3695"}],"wp:attachment":[{"href":"https:\/\/swisslasik.ch\/tr\/wp-json\/wp\/v2\/media?parent=3797"}],"curies":[{"name":"wp","href":"https:\/\/api.w.org\/{rel}","templated":true}]}}