{"id":3799,"date":"2025-09-24T12:16:49","date_gmt":"2025-09-24T11:16:49","guid":{"rendered":"https:\/\/swisslasik.ch\/patientenberichte-augenlasern-erfahrungen\/farkli-bir-noel-21-ocak-2013-pazartesi-tarihli-rapor\/"},"modified":"2026-01-14T18:15:10","modified_gmt":"2026-01-14T17:15:10","slug":"farkli-bir-noel-21-ocak-2013-pazartesi-tarihli-rapor","status":"publish","type":"page","link":"https:\/\/swisslasik.ch\/tr\/patientenberichte-augenlasern-erfahrungen\/farkli-bir-noel-21-ocak-2013-pazartesi-tarihli-rapor\/","title":{"rendered":"Farkl\u0131 bir Noel \u2013 21 Ocak 2013 Pazartesi tarihli rapor"},"content":{"rendered":"\n<h3 class=\"wp-block-heading\">Farkl\u0131 bir Noel \u2013 21 Ocak 2013 Pazartesi tarihli rapor<\/h3>\n\n<p>20 Ocak 2013 Farkl\u0131 Bir Noel Yakla\u015f\u0131k d\u00f6rt y\u0131l \u00f6nce, karde\u015fim SwissLasik arac\u0131l\u0131\u011f\u0131yla lazer g\u00f6z ameliyat\u0131 ge\u00e7irdi. O zamandan beri ben de ayn\u0131s\u0131n\u0131 yapmay\u0131 d\u00fc\u015f\u00fcn\u00fcyordum. Bu uzun s\u00fcre zarf\u0131nda, konu 2012&#8217;de tekrar \u00e7ok g\u00fcndeme geldi ve ben de cesaretimi toplamaya karar verdim. Ameliyat ve SwissLasik hakk\u0131nda ara\u015ft\u0131rma yapmaya ba\u015flad\u0131m ve organizat\u00f6r Bay Serdar Karaagacli ile ileti\u015fime ge\u00e7tim. Ameliyata kadar Bay Karaagacli e-postalar\u0131ma h\u0131zl\u0131 ve tamamen tatmin edici bir \u015fekilde cevap verdi. Ameliyat\u0131 25 Aral\u0131k 2012&#8217;de yapt\u0131rmaya karar verdim. Her \u015fey, rezervasyon yapt\u0131rd\u0131\u011f\u0131m premium paket arac\u0131l\u0131\u011f\u0131yla SwissLasik taraf\u0131ndan organize edildi. Bu, g\u00f6z ameliyat\u0131na ki\u015fisel olarak haz\u0131rlanmaya odaklanmam\u0131 sa\u011flad\u0131. Ameliyattan \u00f6nceki sonbaharda ve seyahatimi planlarken, \u00f6n muayene i\u00e7in Arbon&#8217;daki g\u00f6z doktorunu ziyaret ettim. Muayene, LASIK\/LASEK prosed\u00fcr\u00fcn\u00fcn uygulanabilir olup olmad\u0131\u011f\u0131n\u0131 belirlemek i\u00e7in \u00e7e\u015fitli testleri i\u00e7eriyordu. G\u00f6z doktoru bana onay verdi ve t\u00fcm sonu\u00e7lar\u0131 SwissLasik&#8217;e iletti. G\u00fcvenli tarafta olmak isteyen herkese \u00f6n muayeneyi tavsiye ederim. Lazer g\u00f6z ameliyat\u0131 olmaya karar verdikten sonra, arkada\u015flar\u0131m ve ailem yava\u015f yava\u015f \u00f6\u011frendi. Baz\u0131lar\u0131 \u00e7ok \u015fa\u015f\u0131rm\u0131\u015f, endi\u015felenmi\u015f ve hatta i\u015flemin nerede yap\u0131ld\u0131\u011f\u0131na \u015fok olmu\u015f gibiydi. \u00d6nyarg\u0131lar ve \u015f\u00fcphecilik ortaya \u00e7\u0131kt\u0131, ancak bunlar\u0131n beni hi\u00e7 rahats\u0131z etmesine izin vermedim. Bu tepkileri, di\u011fer \u015feylerin yan\u0131 s\u0131ra, insanlar\u0131n bilgi eksikli\u011fine ve medyada g\u00f6rd\u00fc\u011f\u00fcm\u00fcz deneyimlere ba\u011fl\u0131yorum. Ba\u015far\u0131s\u0131z olan ve yanl\u0131\u015f yap\u0131lan \u015feyleri duymak her zaman ilgin\u00e7tir. \u00d6nyarg\u0131larla bo\u011fu\u015fan ve bunlar\u0131n \u00fcstesinden gelmek isteyen herkes i\u00e7in bunu a\u00e7\u0131k\u00e7a belirtmek istedim. Elbette, b\u00f6yle bir i\u015flemde her zaman bir \u015feyler ters gidebilir; \u0130svi\u00e7re&#8217;de veya ba\u015fka bir yerde olsun, di\u011fer t\u00fcm ameliyatlarda oldu\u011fu gibi, her zaman bir risk vard\u0131r. Ayr\u0131ca, m\u00fcmk\u00fcn olan en iyi sonucu elde etmek i\u00e7in bireyin kendi katk\u0131s\u0131 da her zaman vard\u0131r (\u00f6rne\u011fin, t\u0131p uzmanlar\u0131n\u0131n talimatlar\u0131n\u0131 takip etmek). Ameliyat i\u00e7in motivasyonum \u00f6ncelikle karde\u015fimin ameliyat\u0131n\u0131n ba\u015far\u0131l\u0131 sonucundan ve ki\u015fisel olarak uzun zamand\u0131r g\u00f6zl\u00fcks\u00fcz bir ya\u015fam arzulamamdan kaynaklan\u0131yordu. Yeni bir ya\u015fam kalitesi beklentisi benim i\u00e7in belirleyici fakt\u00f6r oldu. Son olarak, fiyat da \u00e7ok cazipti. \u0130ki ki\u015filik seyahat dahil olmak \u00fczere i\u015flem, \u0130svi\u00e7re&#8217;de \u00f6demem gereken toplam tutar\u0131n yakla\u015f\u0131k \u00fc\u00e7te birine mal oldu. Ancak, kalite her \u015feyden \u00f6nemli olmal\u0131yd\u0131. Bir duygu f\u0131rt\u0131nas\u0131n\u0131n ard\u0131ndan \u2013sevin\u00e7 ve gerginli\u011fin kar\u0131\u015f\u0131m\u0131 ve &#8220;ya \u015f\u00f6yle olsayd\u0131&#8221; d\u00fc\u015f\u00fcnceleriyle\u2013 karde\u015fimle birlikte 24 Aral\u0131k 2012&#8217;de \u0130stanbul&#8217;a do\u011fru yola \u00e7\u0131kt\u0131k. \u0130stanbul havaalan\u0131nda, bizi \u015fehrin kaotik sokaklar\u0131nda Levent Oteli&#8217;ne g\u00f6t\u00fcren bir \u015fof\u00f6r taraf\u0131ndan kar\u015f\u0131land\u0131k. Ertesi g\u00fcn, hesapla\u015fma g\u00fcn\u00fc, kararla\u015ft\u0131r\u0131lan saatte al\u0131nd\u0131k ve modern Ac\u0131badem Klini\u011fi&#8217;ne g\u00f6t\u00fcr\u00fcld\u00fck. Giri\u015fte, terc\u00fcman bizi kar\u015f\u0131lad\u0131 ve sonraki t\u00fcm ad\u0131mlar\u0131 ayr\u0131nt\u0131l\u0131 olarak a\u00e7\u0131klad\u0131. Daha sonra, (\u0130svi\u00e7re&#8217;deki \u00f6n muayene s\u0131ras\u0131nda zaten yap\u0131lm\u0131\u015f olan) birka\u00e7 test yap\u0131ld\u0131. Ard\u0131ndan, doktor Banu Cosar ile bir g\u00f6r\u00fc\u015fme yapt\u0131k. Ona kalan baz\u0131 sorular\u0131m\u0131 sorabildim. Ayr\u0131ca, her iki g\u00f6z\u00fcmde de -5 diyoptri d\u00fczeltme ile olduk\u00e7a zor olan, g\u00f6zl\u00fcks\u00fcz duvardaki b\u00fcy\u00fck harfleri okumam\u0131 istedi. Do\u011frusunu s\u00f6ylemek gerekirse, duvardaki \u0131\u015f\u0131\u011f\u0131 g\u00f6rd\u00fcm, tek bir harf bile g\u00f6remedim. Testler \u00f6\u011fleden k\u0131sa bir s\u00fcre \u00f6nce bitti. Her \u015fey \u00e7ok h\u0131zl\u0131 ilerledi. Doktorlar\u0131n testleri yapma h\u0131z\u0131 beni ba\u015flang\u0131\u00e7ta olduk\u00e7a \u015fa\u015f\u0131rtt\u0131. Ancak, testlerin do\u011fru yap\u0131lmad\u0131\u011f\u0131n\u0131 asla hissetmedim. Tam tersine. \u00c7\u00fcnk\u00fc bu t\u00fcr bir\u00e7ok ameliyat g\u00fcnde yap\u0131l\u0131yor, personel \u00e7ok deneyimli ve son derece yetkin, g\u00fcler y\u00fczl\u00fc ve kibar. Ameliyattan \u00f6nce yak\u0131ndaki al\u0131\u015fveri\u015f merkezinden g\u00fczel \u015feyler almak i\u00e7in hala yeterli zaman vard\u0131. Terc\u00fcman bir taksi \u00e7a\u011f\u0131rd\u0131 ve bizi oraya g\u00f6t\u00fcrd\u00fc. Terc\u00fcman sadece terc\u00fcman de\u011fildi, ayn\u0131 zamanda hastalar\u0131n randevular\u0131n\u0131 da koordine ediyordu. \u00d6\u011fleden sonra, belirlenen saatte klini\u011fe vard\u0131k. Bir s\u00f6zle\u015fmeyi okuyup imzalamam gerekiyordu. Zamanlamay\u0131 biraz zor buldum, \u00e7\u00fcnk\u00fc tam da ameliyat olacakt\u0131m ve adrenalinim \u00e7oktan y\u00fckselmi\u015fti. Daha sonra, kendi iste\u011fim \u00fczerine bana bir sakinle\u015ftirici verildi. 10 dakikal\u0131k i\u015flemden k\u0131sa bir s\u00fcre \u00f6nce, damlalar, \u015f\u0131k k\u00fc\u00e7\u00fck bir bone, bir \u00f6nl\u00fck ve ayakkab\u0131 k\u0131l\u0131flar\u0131 ald\u0131m. Benden \u00f6nceki kad\u0131n\u0131n i\u015flemi bitmesini bekledim, sonra da kendi i\u015flemimi yapt\u0131rd\u0131m&#8230;<br\/>Ameliyat masas\u0131na yatmak olduk\u00e7a ilgin\u00e7 bir deneyimdi. Terc\u00fcman da oradayd\u0131. Doktorun bana anlatt\u0131\u011f\u0131 her \u015feyi terc\u00fcme etti. Tek g\u00f6revim rahatlamak ve k\u0131rm\u0131z\u0131 \u0131\u015f\u0131\u011fa bakmakt\u0131. Sonra g\u00f6z \u00e7evrem dezenfekte edildi ve sterilize edildi. G\u00f6z k\u0131skac\u0131 t\u00fcm g\u00f6z\u00fc sabitledi, b\u00f6ylece g\u00f6z k\u0131rpam\u0131yordum. Ameliyat boyunca g\u00f6z\u00fcm s\u00fcrekli nemli tutuldu. Bundan sonra as\u0131l i\u015flem ba\u015flad\u0131. Ayn\u0131 i\u015flem daha sonra di\u011fer g\u00f6z i\u00e7in de tekrarland\u0131. \u0130\u015flem beklenenden daha \u00e7abuk bitti. Sonra terc\u00fcman\u0131n yard\u0131m\u0131yla kalkt\u0131m, koyu renkli g\u00f6zl\u00fcklerimi takt\u0131m ve karanl\u0131k odada kald\u0131m. Ameliyattan sonra, sakinle\u015ftirici hala beni etkiledi\u011fi i\u00e7in g\u00f6zlerimi tekrar a\u00e7makta zorland\u0131m. Biraz sonra doktorla bir kontrol muayenem oldu. Benden koyu renkli g\u00f6zl\u00fcklerimi \u00e7\u0131karmam\u0131 ve duvardaki harfleri tekrar okumam\u0131 istedi. Ve i\u015fte oradayd\u0131, bir &#8220;K&#8221;! Kocaman, kal\u0131n bir &#8220;K&#8221;! Daha k\u00fc\u00e7\u00fck harfleri de zorlanmadan okuyabiliyordum. Ne muhte\u015fem bir duygu, harika! Otele d\u00f6n\u00fc\u015f yolculu\u011funun tamam\u0131nda uyudum. Oraya vard\u0131\u011f\u0131mda, klinikte detayl\u0131 talimatlarla birlikte ald\u0131\u011f\u0131m re\u00e7eteli g\u00f6z damlalar\u0131n\u0131 kulland\u0131m. Ameliyattan sonra g\u00f6zlerim olduk\u00e7a kuru ve ka\u015f\u0131nt\u0131l\u0131yd\u0131. Re\u00e7ete edilen dinlenme s\u00fcresinin (d\u00f6rt saat boyunca g\u00f6zlerimi kapal\u0131 tutarak) ard\u0131ndan, d\u0131\u015far\u0131da bir \u015feyler yemeye gittik. Hala biraz dengesizdim ve etrafa bakarken a\u011fr\u0131 hissediyordum. Bu nedenle, yan\u0131mda bir arkada\u015f\u0131m\u0131n olmas\u0131 beni \u00e7ok sevindirdi. Ertesi g\u00fcn, birka\u00e7 damla daha g\u00f6z damlas\u0131 kulland\u0131ktan sonra, bir kontrol muayenesi daha yap\u0131ld\u0131. Doktorun raporu tamamen olumluydu. Ayr\u0131lmadan \u00f6nce, g\u00f6zl\u00fcklerimi k\u0131r\u0131lmamalar\u0131 i\u00e7in nereye koyaca\u011f\u0131m\u0131 hala merak ediyordum. Ama art\u0131k onlara ihtiyac\u0131m yok; bir kamyonun \u00fczerinden ge\u00e7mesine izin versem de ayn\u0131 derecede zorlan\u0131rd\u0131m. \u015eimdi g\u00f6zl\u00fcks\u00fcz yeni hayat\u0131ma al\u0131\u015fma zaman\u0131yd\u0131 ve bu, hayat\u0131m\u0131n yakla\u015f\u0131k \u00fc\u00e7te ikisinde g\u00f6zl\u00fck takt\u0131\u011f\u0131m\u0131 d\u00fc\u015f\u00fcn\u00fcrsek, o kadar da kolay bir i\u015f de\u011fil. Aradan g\u00fcnler ge\u00e7mesine ra\u011fmen, hala g\u00f6zl\u00fcklerimi ayarlamak veya \u00e7\u0131karmak istiyorum. Bunlar y\u0131llar i\u00e7inde yerle\u015fmi\u015f mekanizmalar. Bahsetti\u011fim \u015fey, \u00f6nemsiz, birinci d\u00fcnya sorunu ve hayata yeni bir ba\u015flang\u0131\u00e7 \u200b\u200byapma anlam\u0131ndaki l\u00fcks. Fabienne P.<\/p>\n\n<div class=\"wp-block-group is-layout-grid wp-container-core-group-is-layout-baef362d wp-block-group-is-layout-grid\">\n<p><a href=\"https:\/\/medicaltravel.at\/home\/agb\/\" data-type=\"page\" data-id=\"2191\" rel=\"nofollow noopener\" target=\"_blank\"><\/a><a href=\"https:\/\/swisslasik.ch\/tr\/patientenberichte-augenlasern-erfahrungen\/swisslasik-deneyim-raporu-5-subat-2013-sali-tarihli-rapor\/\" data-type=\"link\" data-id=\"https:\/\/swisslasik.ch\/augenlasern-lasik-erfahrungen\/erfahrungsbericht-swisslasik-bericht-vom-dienstag-05-februar-2013\/\">\u00d6nceki rapor<\/a><\/p>\n\n\n\n<p class=\"has-text-align-right wp-container-content-5e2576f9\"><a href=\"https:\/\/medicaltravel.at\/home\/impressum\/\" data-type=\"page\" data-id=\"2193\" rel=\"nofollow noopener\" target=\"_blank\"><\/a><a href=\"https:\/\/medicaltravel.at\/home\/berichte-von-patienten\/erfahrungsberichte\/erfahrungsbericht-zahnbehandlung-in-istanbul\/\" data-type=\"page\" data-id=\"981\" rel=\"nofollow noopener\" target=\"_blank\"><\/a><a href=\"https:\/\/swisslasik.ch\/tr\/patientenberichte-augenlasern-erfahrungen\/en-yueksek-kalite-ve-hizmet-standartlari-15-ocak-2013-sali-tarihli-rapor\/\" data-type=\"link\" data-id=\"https:\/\/swisslasik.ch\/augenlasern-lasik-erfahrungen\/hochster-standard-in-qualitat-und-service-bericht-vom-dienstag-15-januar-2013\/\">Sonraki rapor<\/a><\/p>\n<\/div>\n","protected":false},"excerpt":{"rendered":"<p>Farkl\u0131 bir Noel \u2013 21 Ocak 2013 Pazartesi tarihli rapor 20 Ocak 2013 Farkl\u0131 Bir Noel Yakla\u015f\u0131k d\u00f6rt y\u0131l \u00f6nce, karde\u015fim SwissLasik arac\u0131l\u0131\u011f\u0131yla lazer g\u00f6z ameliyat\u0131 ge\u00e7irdi. O zamandan beri ben de ayn\u0131s\u0131n\u0131 yapmay\u0131 d\u00fc\u015f\u00fcn\u00fcyordum. Bu uzun s\u00fcre zarf\u0131nda, konu 2012&#8217;de tekrar \u00e7ok g\u00fcndeme geldi ve ben de cesaretimi toplamaya karar verdim. Ameliyat ve SwissLasik hakk\u0131nda ara\u015ft\u0131rma yapmaya ba\u015flad\u0131m ve organizat\u00f6r Bay Serdar Karaagacli ile ileti\u015fime ge\u00e7tim. Ameliyata kadar Bay Karaagacli e-postalar\u0131ma h\u0131zl\u0131 ve tamamen tatmin edici bir \u015fekilde cevap verdi. Ameliyat\u0131 25 Aral\u0131k 2012&#8217;de yapt\u0131rmaya karar verdim. Her \u015fey, rezervasyon yapt\u0131rd\u0131\u011f\u0131m premium paket arac\u0131l\u0131\u011f\u0131yla SwissLasik taraf\u0131ndan organize edildi. Bu, g\u00f6z ameliyat\u0131na ki\u015fisel olarak haz\u0131rlanmaya odaklanmam\u0131 sa\u011flad\u0131. Ameliyattan \u00f6nceki sonbaharda ve seyahatimi planlarken, \u00f6n muayene i\u00e7in Arbon&#8217;daki g\u00f6z doktorunu ziyaret ettim. Muayene, LASIK\/LASEK prosed\u00fcr\u00fcn\u00fcn uygulanabilir olup olmad\u0131\u011f\u0131n\u0131 belirlemek i\u00e7in \u00e7e\u015fitli testleri i\u00e7eriyordu. G\u00f6z doktoru bana onay verdi ve t\u00fcm sonu\u00e7lar\u0131 SwissLasik&#8217;e iletti. G\u00fcvenli tarafta olmak isteyen herkese \u00f6n muayeneyi tavsiye ederim. Lazer g\u00f6z ameliyat\u0131 olmaya karar verdikten sonra, arkada\u015flar\u0131m ve ailem yava\u015f yava\u015f \u00f6\u011frendi. Baz\u0131lar\u0131 \u00e7ok \u015fa\u015f\u0131rm\u0131\u015f, endi\u015felenmi\u015f ve hatta i\u015flemin nerede yap\u0131ld\u0131\u011f\u0131na \u015fok olmu\u015f gibiydi. \u00d6nyarg\u0131lar ve \u015f\u00fcphecilik ortaya \u00e7\u0131kt\u0131, ancak bunlar\u0131n beni hi\u00e7 rahats\u0131z etmesine izin vermedim. Bu tepkileri, di\u011fer \u015feylerin yan\u0131 s\u0131ra, insanlar\u0131n bilgi eksikli\u011fine ve medyada g\u00f6rd\u00fc\u011f\u00fcm\u00fcz deneyimlere ba\u011fl\u0131yorum. Ba\u015far\u0131s\u0131z olan ve yanl\u0131\u015f yap\u0131lan \u015feyleri duymak her zaman ilgin\u00e7tir. \u00d6nyarg\u0131larla bo\u011fu\u015fan ve bunlar\u0131n \u00fcstesinden gelmek isteyen herkes i\u00e7in bunu a\u00e7\u0131k\u00e7a belirtmek istedim. Elbette, b\u00f6yle bir i\u015flemde her zaman bir \u015feyler ters gidebilir; \u0130svi\u00e7re&#8217;de veya ba\u015fka bir yerde olsun, di\u011fer t\u00fcm ameliyatlarda oldu\u011fu gibi, her zaman bir risk vard\u0131r. Ayr\u0131ca, m\u00fcmk\u00fcn olan en iyi sonucu elde etmek i\u00e7in bireyin kendi katk\u0131s\u0131 da her zaman vard\u0131r (\u00f6rne\u011fin, t\u0131p uzmanlar\u0131n\u0131n talimatlar\u0131n\u0131 takip etmek). Ameliyat i\u00e7in motivasyonum \u00f6ncelikle karde\u015fimin ameliyat\u0131n\u0131n ba\u015far\u0131l\u0131 sonucundan ve ki\u015fisel olarak uzun zamand\u0131r g\u00f6zl\u00fcks\u00fcz bir ya\u015fam arzulamamdan kaynaklan\u0131yordu. Yeni bir ya\u015fam kalitesi beklentisi benim i\u00e7in belirleyici fakt\u00f6r oldu. Son olarak, fiyat da \u00e7ok cazipti. \u0130ki ki\u015filik seyahat dahil olmak \u00fczere i\u015flem, \u0130svi\u00e7re&#8217;de \u00f6demem gereken toplam tutar\u0131n yakla\u015f\u0131k \u00fc\u00e7te birine mal oldu. Ancak, kalite her \u015feyden \u00f6nemli olmal\u0131yd\u0131. Bir duygu f\u0131rt\u0131nas\u0131n\u0131n ard\u0131ndan \u2013sevin\u00e7 ve gerginli\u011fin kar\u0131\u015f\u0131m\u0131 ve &#8220;ya \u015f\u00f6yle olsayd\u0131&#8221; d\u00fc\u015f\u00fcnceleriyle\u2013 karde\u015fimle birlikte 24 Aral\u0131k 2012&#8217;de \u0130stanbul&#8217;a do\u011fru yola \u00e7\u0131kt\u0131k. \u0130stanbul havaalan\u0131nda, bizi \u015fehrin kaotik sokaklar\u0131nda Levent Oteli&#8217;ne g\u00f6t\u00fcren bir \u015fof\u00f6r taraf\u0131ndan kar\u015f\u0131land\u0131k. Ertesi g\u00fcn, hesapla\u015fma g\u00fcn\u00fc, kararla\u015ft\u0131r\u0131lan saatte al\u0131nd\u0131k ve modern Ac\u0131badem Klini\u011fi&#8217;ne g\u00f6t\u00fcr\u00fcld\u00fck. Giri\u015fte, terc\u00fcman bizi kar\u015f\u0131lad\u0131 ve sonraki t\u00fcm ad\u0131mlar\u0131 ayr\u0131nt\u0131l\u0131 olarak a\u00e7\u0131klad\u0131. Daha sonra, (\u0130svi\u00e7re&#8217;deki \u00f6n muayene s\u0131ras\u0131nda zaten yap\u0131lm\u0131\u015f olan) birka\u00e7 test yap\u0131ld\u0131. Ard\u0131ndan, doktor Banu Cosar ile bir g\u00f6r\u00fc\u015fme yapt\u0131k. Ona kalan baz\u0131 sorular\u0131m\u0131 sorabildim. Ayr\u0131ca, her iki g\u00f6z\u00fcmde de -5 diyoptri d\u00fczeltme ile olduk\u00e7a zor olan, g\u00f6zl\u00fcks\u00fcz duvardaki b\u00fcy\u00fck harfleri okumam\u0131 istedi. Do\u011frusunu s\u00f6ylemek gerekirse, duvardaki \u0131\u015f\u0131\u011f\u0131 g\u00f6rd\u00fcm, tek bir harf bile g\u00f6remedim. Testler \u00f6\u011fleden k\u0131sa bir s\u00fcre \u00f6nce bitti. Her \u015fey \u00e7ok h\u0131zl\u0131 ilerledi. Doktorlar\u0131n testleri yapma h\u0131z\u0131 beni ba\u015flang\u0131\u00e7ta olduk\u00e7a \u015fa\u015f\u0131rtt\u0131. Ancak, testlerin do\u011fru yap\u0131lmad\u0131\u011f\u0131n\u0131 asla hissetmedim. Tam tersine. \u00c7\u00fcnk\u00fc bu t\u00fcr bir\u00e7ok ameliyat g\u00fcnde yap\u0131l\u0131yor, personel \u00e7ok deneyimli ve son derece yetkin, g\u00fcler y\u00fczl\u00fc ve kibar. Ameliyattan \u00f6nce yak\u0131ndaki al\u0131\u015fveri\u015f merkezinden g\u00fczel \u015feyler almak i\u00e7in hala yeterli zaman vard\u0131. Terc\u00fcman bir taksi \u00e7a\u011f\u0131rd\u0131 ve bizi oraya g\u00f6t\u00fcrd\u00fc. Terc\u00fcman sadece terc\u00fcman de\u011fildi, ayn\u0131 zamanda hastalar\u0131n randevular\u0131n\u0131 da koordine ediyordu. \u00d6\u011fleden sonra, belirlenen saatte klini\u011fe vard\u0131k. Bir s\u00f6zle\u015fmeyi okuyup imzalamam gerekiyordu. Zamanlamay\u0131 biraz zor buldum, \u00e7\u00fcnk\u00fc tam da ameliyat olacakt\u0131m ve adrenalinim \u00e7oktan y\u00fckselmi\u015fti. Daha sonra, kendi iste\u011fim \u00fczerine bana bir sakinle\u015ftirici verildi. 10 dakikal\u0131k i\u015flemden k\u0131sa bir s\u00fcre \u00f6nce, damlalar, \u015f\u0131k k\u00fc\u00e7\u00fck bir bone, bir \u00f6nl\u00fck ve ayakkab\u0131 k\u0131l\u0131flar\u0131 ald\u0131m. Benden \u00f6nceki kad\u0131n\u0131n i\u015flemi bitmesini bekledim, sonra da kendi i\u015flemimi yapt\u0131rd\u0131m&#8230;Ameliyat masas\u0131na yatmak olduk\u00e7a ilgin\u00e7 bir deneyimdi. Terc\u00fcman da oradayd\u0131. Doktorun bana anlatt\u0131\u011f\u0131 her \u015feyi terc\u00fcme etti. Tek g\u00f6revim rahatlamak ve k\u0131rm\u0131z\u0131 \u0131\u015f\u0131\u011fa bakmakt\u0131. Sonra g\u00f6z \u00e7evrem dezenfekte edildi ve sterilize edildi. G\u00f6z k\u0131skac\u0131 t\u00fcm g\u00f6z\u00fc sabitledi, b\u00f6ylece g\u00f6z k\u0131rpam\u0131yordum. Ameliyat boyunca g\u00f6z\u00fcm s\u00fcrekli nemli tutuldu. Bundan sonra as\u0131l i\u015flem ba\u015flad\u0131. Ayn\u0131 i\u015flem daha sonra di\u011fer g\u00f6z i\u00e7in de tekrarland\u0131. \u0130\u015flem beklenenden daha \u00e7abuk bitti. Sonra terc\u00fcman\u0131n yard\u0131m\u0131yla kalkt\u0131m, koyu renkli g\u00f6zl\u00fcklerimi takt\u0131m ve karanl\u0131k odada kald\u0131m. Ameliyattan sonra, sakinle\u015ftirici hala beni etkiledi\u011fi i\u00e7in g\u00f6zlerimi tekrar a\u00e7makta zorland\u0131m. Biraz sonra doktorla bir kontrol muayenem oldu. Benden koyu renkli g\u00f6zl\u00fcklerimi \u00e7\u0131karmam\u0131 ve duvardaki harfleri tekrar okumam\u0131 istedi. Ve i\u015fte oradayd\u0131, bir &#8220;K&#8221;! Kocaman, kal\u0131n bir &#8220;K&#8221;! Daha k\u00fc\u00e7\u00fck harfleri de zorlanmadan okuyabiliyordum. Ne muhte\u015fem bir duygu, harika! Otele d\u00f6n\u00fc\u015f yolculu\u011funun tamam\u0131nda uyudum. Oraya vard\u0131\u011f\u0131mda, klinikte detayl\u0131 talimatlarla birlikte ald\u0131\u011f\u0131m re\u00e7eteli g\u00f6z damlalar\u0131n\u0131 kulland\u0131m. Ameliyattan sonra g\u00f6zlerim olduk\u00e7a kuru ve ka\u015f\u0131nt\u0131l\u0131yd\u0131. Re\u00e7ete edilen dinlenme s\u00fcresinin (d\u00f6rt saat boyunca g\u00f6zlerimi kapal\u0131 tutarak) ard\u0131ndan, d\u0131\u015far\u0131da bir \u015feyler yemeye gittik. Hala biraz dengesizdim ve etrafa bakarken a\u011fr\u0131 hissediyordum. Bu nedenle, yan\u0131mda bir arkada\u015f\u0131m\u0131n olmas\u0131 beni \u00e7ok sevindirdi. Ertesi g\u00fcn, birka\u00e7 damla daha g\u00f6z damlas\u0131 kulland\u0131ktan sonra, bir kontrol muayenesi daha yap\u0131ld\u0131. Doktorun raporu tamamen olumluydu. Ayr\u0131lmadan \u00f6nce, g\u00f6zl\u00fcklerimi k\u0131r\u0131lmamalar\u0131 i\u00e7in nereye koyaca\u011f\u0131m\u0131 hala merak ediyordum. Ama art\u0131k onlara ihtiyac\u0131m yok; bir kamyonun \u00fczerinden ge\u00e7mesine izin versem de ayn\u0131 derecede zorlan\u0131rd\u0131m. \u015eimdi g\u00f6zl\u00fcks\u00fcz yeni hayat\u0131ma al\u0131\u015fma zaman\u0131yd\u0131 ve bu, hayat\u0131m\u0131n yakla\u015f\u0131k \u00fc\u00e7te ikisinde g\u00f6zl\u00fck takt\u0131\u011f\u0131m\u0131 d\u00fc\u015f\u00fcn\u00fcrsek, o kadar da kolay bir i\u015f de\u011fil. Aradan g\u00fcnler ge\u00e7mesine ra\u011fmen, hala g\u00f6zl\u00fcklerimi ayarlamak veya \u00e7\u0131karmak istiyorum. Bunlar y\u0131llar i\u00e7inde yerle\u015fmi\u015f mekanizmalar. Bahsetti\u011fim \u015fey, \u00f6nemsiz, birinci d\u00fcnya sorunu ve hayata yeni bir ba\u015flang\u0131\u00e7 \u200b\u200byapma anlam\u0131ndaki l\u00fcks. Fabienne P. \u00d6nceki rapor Sonraki rapor<\/p>\n","protected":false},"author":4,"featured_media":0,"parent":3695,"menu_order":0,"comment_status":"closed","ping_status":"closed","template":"","meta":{"_joinchat":[],"footnotes":""},"class_list":["post-3799","page","type-page","status-publish","hentry"],"acf":[],"_links":{"self":[{"href":"https:\/\/swisslasik.ch\/tr\/wp-json\/wp\/v2\/pages\/3799","targetHints":{"allow":["GET"]}}],"collection":[{"href":"https:\/\/swisslasik.ch\/tr\/wp-json\/wp\/v2\/pages"}],"about":[{"href":"https:\/\/swisslasik.ch\/tr\/wp-json\/wp\/v2\/types\/page"}],"author":[{"embeddable":true,"href":"https:\/\/swisslasik.ch\/tr\/wp-json\/wp\/v2\/users\/4"}],"replies":[{"embeddable":true,"href":"https:\/\/swisslasik.ch\/tr\/wp-json\/wp\/v2\/comments?post=3799"}],"version-history":[{"count":1,"href":"https:\/\/swisslasik.ch\/tr\/wp-json\/wp\/v2\/pages\/3799\/revisions"}],"predecessor-version":[{"id":3800,"href":"https:\/\/swisslasik.ch\/tr\/wp-json\/wp\/v2\/pages\/3799\/revisions\/3800"}],"up":[{"embeddable":true,"href":"https:\/\/swisslasik.ch\/tr\/wp-json\/wp\/v2\/pages\/3695"}],"wp:attachment":[{"href":"https:\/\/swisslasik.ch\/tr\/wp-json\/wp\/v2\/media?parent=3799"}],"curies":[{"name":"wp","href":"https:\/\/api.w.org\/{rel}","templated":true}]}}