{"id":3807,"date":"2025-09-24T11:41:13","date_gmt":"2025-09-24T10:41:13","guid":{"rendered":"https:\/\/swisslasik.ch\/hasta-yorumlari-lasik-goez-lazeri\/sonuc-olarak-her-sey-muekemmel-bir-sekilde-organize-edilmisti-3-mayis-2016-sali-tarihli-rapor\/"},"modified":"2026-01-14T02:27:03","modified_gmt":"2026-01-14T01:27:03","slug":"sonuc-olarak-her-sey-muekemmel-bir-sekilde-organize-edilmisti-3-mayis-2016-sali-tarihli-rapor","status":"publish","type":"page","link":"https:\/\/swisslasik.ch\/tr\/hasta-yorumlari-lasik-goez-lazeri\/sonuc-olarak-her-sey-muekemmel-bir-sekilde-organize-edilmisti-3-mayis-2016-sali-tarihli-rapor\/","title":{"rendered":"Sonu\u00e7 olarak, her \u015fey m\u00fckemmel bir \u015fekilde organize edilmi\u015fti! \u2013 3 May\u0131s 2016 Sal\u0131 tarihli rapor"},"content":{"rendered":"\n<h3 class=\"wp-block-heading\">Sonu\u00e7 olarak, her \u015fey m\u00fckemmel bir \u015fekilde organize edilmi\u015fti! \u2013 3 May\u0131s 2016 Sal\u0131 tarihli rapor<\/h3>\n\n\n\n<p>8 Nisan 2016&#8217;da \u0130stanbul&#8217;da g\u00f6zlerime lazer epilasyon yapt\u0131rd\u0131m. Kontakt lenslerimle hi\u00e7 sorun ya\u015famam\u0131\u015ft\u0131m ama bir s\u00fcredir bunu yapt\u0131rmak istiyordum. Y\u0131l\u0131n ba\u015f\u0131nda bir partide lazer g\u00f6z ameliyat\u0131 ge\u00e7irmi\u015f iki ki\u015fiyle tan\u0131\u015ft\u0131m ve onlar bana Swisslasik&#8217;i tavsiye ettiler.  <\/p>\n\n\n\n<p>Ameliyattan \u00f6nce:<br>Ertesi g\u00fcn biraz ara\u015ft\u0131rma yapt\u0131m ve SwissLasik taraf\u0131ndan d\u00fczenlenen ameliyat \u00f6ncesi muayeneye kat\u0131lmaya karar verdim. \u0130lk testler orada yap\u0131ld\u0131 ve sonu\u00e7lar \u0130stanbul&#8217;a g\u00f6nderildi. Birka\u00e7 g\u00fcn sonra, g\u00f6zlerimin genel olarak uygun oldu\u011funa dair onay ald\u0131m. Ancak nihai karar \u0130stanbul&#8217;da verilecekti. Bu y\u00fczden ameliyat\u0131 yapt\u0131rmaya karar verdim. Tarihleri \u200b\u200bkesinle\u015ftirdikten sonra (u\u00e7u\u015f tercihlerim de kar\u015f\u0131land\u0131), ameliyat birka\u00e7 hafta sonra ger\u00e7ekle\u015fti. Ameliyattan \u00f6nce g\u00f6zl\u00fck takmak (iki hafta boyunca kontakt lens takmamak) benim i\u00e7in \u00e7ok yorucuydu. Sadece bir an \u00f6nce bitmesini istiyordum.      <\/p>\n\n\n\n<p>\u0130stanbul&#8217;da:<br>Havaalan\u0131ndan alma i\u015flemi sorunsuzdu. Ancak otele giden yol uzundu. Trafik ve yo\u011funluk inan\u0131lmazd\u0131. Sonunda vard\u0131\u011f\u0131m\u0131zda izlenimlerimiz kar\u0131\u015f\u0131kt\u0131. Otel Levent, biraz bak\u0131ms\u0131z bir g\u00f6r\u00fcn\u00fcme sahip k\u00fc\u00e7\u00fck bir ara sokakta yer al\u0131yor. Otelin kendisi tertemiz ve sessiz, personel ise \u00e7ok cana yak\u0131n ve yard\u0131msever. Ortam biraz eski moda ve benim tarz\u0131m de\u011fil. Ama en \u00f6nemlisi, kusursuz derecede temiz. Otelin konumu al\u0131\u015fveri\u015f i\u00e7in harika ve metro hemen k\u00f6\u015fede. Kendimi g\u00fcvensiz hissetmedim, ancak para dilenen sokak \u00e7ocuklar\u0131 size yakla\u015facakt\u0131r. Onlara para vermek istemedim, ama yemek i\u00e7in \u00e7ok minnettarlar. Bu y\u00fczden her zaman restorandan artan yemekleri yan\u0131n\u0131zda g\u00f6t\u00fcr\u00fcn; b\u00fcy\u00fck olas\u0131l\u0131kla ak\u015fam satabilirsiniz.           <\/p>\n\n\n\n<p>Ameliyat:<br>Ameliyat g\u00fcn\u00fc sabahleyin bizi al\u0131p hastaneye g\u00f6t\u00fcrd\u00fcler. Orada \u00e7ok iyi bir i\u015f \u00e7\u0131karan g\u00f6zetmenimizle tan\u0131\u015ft\u0131k. Hastane \u00e7ok modern ve \u00e7ok b\u00fcy\u00fck. Oraya vard\u0131\u011f\u0131m\u0131zda \u00f6n muayeneler ba\u015flad\u0131. \u0130svi\u00e7re&#8217;den be\u015f ki\u015fiydik. Bize ne yap\u0131laca\u011f\u0131 hakk\u0131nda fazla bilgi verilmedi ve her \u015fey \u00e7ok h\u0131zl\u0131 ger\u00e7ekle\u015fti. \u0130lk muayeneden sonra g\u00f6z damlas\u0131 verildi. Sonra kafeteryada at\u0131\u015ft\u0131rmal\u0131k i\u00e7in zaman\u0131m\u0131z oldu. Bundan sonra daha fazla muayene yap\u0131ld\u0131 ve cerrah bize uygunlu\u011fumuzu bildirdi. Herkes ameliyat olabildi. Sonra \u00f6\u011fle yeme\u011fi i\u00e7in serbest b\u0131rak\u0131ld\u0131k ve saat 14:00&#8217;te devam etti. Be\u015f ki\u015filik grubumuzda ikinci s\u0131radayd\u0131m. Koruyucu k\u0131yafetler giyiyorsunuz ve sonra ba\u015fl\u0131yor. Bir sedyeye yat\u0131yorsunuz ve bir g\u00f6z\u00fcn\u00fcz bantlan\u0131yor. G\u00f6z kapa\u011f\u0131nda bir kesik a\u00e7\u0131l\u0131yor, g\u00f6ze damlalar damlat\u0131l\u0131yor ve sonra ba\u015fl\u0131yor. G\u00f6z kapa\u011f\u0131 kesilirken k\u0131sa bir s\u00fcre &#8220;k\u00f6r&#8221; oluyorsunuz &#8211; g\u00f6z\u00fcn a\u00e7\u0131k oldu\u011funu biliyorsunuz ama yine de hi\u00e7bir \u015fey g\u00f6remiyorsunuz. Sonra lazere bakman\u0131z gerekiyor; g\u00fcr\u00fclt\u00fcl\u00fc bir ses \u00e7\u0131kar\u0131yor, kapak geri katlan\u0131yor, tekrar y\u0131kan\u0131yor ve sonra di\u011fer g\u00f6ze ge\u00e7iliyor. \u0130kinci g\u00f6z ac\u0131d\u0131. Adrenalin muhtemelen \u00e7oktan etkisini yitirmi\u015fti ve konsantre olman\u0131z gerekiyordu. \u0130kinci g\u00f6z hi\u00e7 ho\u015f de\u011fildi. Ama o da birka\u00e7 dakika i\u00e7inde ge\u00e7iyor. Aya\u011fa kalk\u0131yorsunuz, koruyucu g\u00f6zl\u00fck tak\u0131yorsunuz ve karanl\u0131k bir odada di\u011ferlerinin yan\u0131na g\u00f6t\u00fcr\u00fcl\u00fcyorsunuz. Ameliyattan hemen sonra net g\u00f6rebiliyordum ama g\u00f6zlerim \u00e7ok sulan\u0131yordu. G\u00f6zlerimi a\u00e7mak iyi bir fikir de\u011fildi. Bu y\u00fczden orada oturup di\u011ferleriyle konu\u015fmaya ama g\u00f6zlerimi kapal\u0131 tutmaya karar verdim. Herkesin i\u015fi bittikten sonra otele g\u00f6t\u00fcr\u00fcld\u00fck. Yine trafik vard\u0131, bu da o durumda stresliydi. Ameliyattan hemen sonra, uyuyana kadar her saat ba\u015f\u0131 g\u00f6z\u00fcn\u00fcze iki farkl\u0131 damla damlatman\u0131z gerekiyor. Bu y\u00fczden yata\u011fa girdim ve her saat ba\u015f\u0131 i\u00e7in alarm kurdum. \u0130lk d\u00f6rt saat boyunca televizyon izlememeniz veya kitap okumaman\u0131z gerekiyor. Ama g\u00f6zlerim \u00e7ok suland\u0131\u011f\u0131 i\u00e7in zaten can\u0131m istemiyordu. D\u00f6rt saat sonra ac\u0131kmaya ba\u015flad\u0131m. Tekrar g\u00f6z damlas\u0131 kulland\u0131m ve otelin restoran\u0131na indim. Koruyucu g\u00f6zl\u00fcklerimi yukar\u0131da b\u0131rakt\u0131m. K\u0131sa bir s\u00fcre sonra arkada\u015flar\u0131mdan baz\u0131lar\u0131 geldi ve birlikte ak\u015fam yeme\u011fi yedik ve sohbet ettik. G\u00f6z\u00fcmde hala hafif bir yanma hissediyordum ama g\u00f6z ya\u015farmas\u0131 durmu\u015ftu ve a\u011fr\u0131 neredeyse ge\u00e7mi\u015fti. Hi\u00e7birimiz m\u00fckemmel g\u00f6remiyorduk ama kesinlikle daha iyiydi. Bir g\u00f6z\u00fcm de di\u011ferinden daha iyiydi.                                     <\/p>\n\n\n\n<p>Ertesi g\u00fcn:<br>Sabah bizi ald\u0131lar ve hastanede cerrah taraf\u0131ndan tekrar k\u0131saca muayene edildik. \u00c7ok memnun kald\u0131, ben de \u00f6yle. Herhangi bir sorum yoktu, bu y\u00fczden benim i\u00e7in sorun yoktu. Daha sonra otele geri g\u00f6t\u00fcr\u00fcld\u00fck ve havaalan\u0131na geri g\u00f6t\u00fcr\u00fclene kadar kalan zaman\u0131m\u0131z serbestti.   <\/p>\n\n\n\n<p>\u00dc\u00e7 hafta sonra:<br>\u0130lk birka\u00e7 g\u00fcn g\u00f6zlerim olduk\u00e7a kuruydu. \u00d6zellikle sabahlar\u0131, kontakt lenslerimi \u00e7\u0131karmay\u0131 unutmu\u015fum ve g\u00f6zlerime yap\u0131\u015fm\u0131\u015f gibi hissediyordum. Be\u015f g\u00fcn sonra, t\u00fcm ila\u00e7l\u0131 g\u00f6z damlalar\u0131n\u0131 kullanmay\u0131 b\u0131rak\u0131p sadece g\u00fcnde d\u00f6rt kez nemlendirici damla kullanabilirsiniz. 10 g\u00fcn sonra kontrol randevum var. G\u00f6r\u00fc\u015f\u00fcm net, ancak yorgunlu\u011fuma ba\u011fl\u0131 olarak biraz dalgalan\u0131yor. \u0130lk hafta boyunca \u015fiddetli ba\u015f a\u011fr\u0131lar\u0131m oldu ve hala ara s\u0131ra oluyor. G\u00f6r\u00fcn\u00fc\u015fe g\u00f6re bu normal.       <\/p>\n\n\n\n<p>Sonu\u00e7 olarak, her \u015fey m\u00fckemmel bir \u015fekilde organize edilmi\u015fti. Ele\u015ftirecek hi\u00e7bir \u015feyim yok. Her zaman iyi bir \u015fekilde ilgilenildi\u011fimi hissettim. Bu olumlu deneyim i\u00e7in \u00e7ok te\u015fekk\u00fcr ederim.   <\/p>\n\n\n\n<p>Britta Sadzik<\/p>\n\n\n\n<div class=\"wp-block-group is-layout-grid wp-container-core-group-is-layout-baef362d wp-block-group-is-layout-grid\">\n<p><a href=\"https:\/\/medicaltravel.at\/home\/agb\/\" data-type=\"page\" data-id=\"2191\" rel=\"nofollow noopener\" target=\"_blank\"><\/a><a href=\"https:\/\/swisslasik.ch\/tr\/hasta-yorumlari-lasik-goez-lazeri\/organizasyon-muekemmel-ve-klinik-son-teknolojiyle-donatilmis-26-mayis-2016-persembe-tarihli-rapor\/\" data-type=\"link\" data-id=\"https:\/\/swisslasik.ch\/tr\/hasta-yorumlari-lasik-goez-lazeri\/organizasyon-muekemmel-ve-klinik-son-teknolojiyle-donatilmis-26-mayis-2016-persembe-tarihli-rapor\/\">\u00d6nceki rapor<\/a><\/p>\n\n\n\n<p class=\"has-text-align-right wp-container-content-5e2576f9\"><a href=\"https:\/\/medicaltravel.at\/home\/impressum\/\" data-type=\"page\" data-id=\"2193\" rel=\"nofollow noopener\" target=\"_blank\"><\/a><a href=\"https:\/\/medicaltravel.at\/home\/berichte-von-patienten\/erfahrungsberichte\/erfahrungsbericht-zahnbehandlung-in-istanbul\/\" data-type=\"page\" data-id=\"981\" rel=\"nofollow noopener\" target=\"_blank\"><\/a><a href=\"https:\/\/swisslasik.ch\/tr\/hasta-yorumlari-lasik-goez-lazeri\/orada-harika-bir-is-cikariyorlar-25-nisan-2016-pazartesi-tarihli-rapor\/\" data-type=\"link\" data-id=\"https:\/\/swisslasik.ch\/tr\/hasta-yorumlari-lasik-goez-lazeri\/orada-harika-bir-is-cikariyorlar-25-nisan-2016-pazartesi-tarihli-rapor\/\">Sonraki rapor<\/a><\/p>\n<\/div>\n","protected":false},"excerpt":{"rendered":"<p>Sonu\u00e7 olarak, her \u015fey m\u00fckemmel bir \u015fekilde organize edilmi\u015fti! \u2013 3 May\u0131s 2016 Sal\u0131 tarihli rapor 8 Nisan 2016&#8217;da \u0130stanbul&#8217;da g\u00f6zlerime lazer epilasyon yapt\u0131rd\u0131m. Kontakt lenslerimle hi\u00e7 sorun ya\u015famam\u0131\u015ft\u0131m ama bir s\u00fcredir bunu yapt\u0131rmak istiyordum. Y\u0131l\u0131n ba\u015f\u0131nda bir partide lazer g\u00f6z ameliyat\u0131 ge\u00e7irmi\u015f iki ki\u015fiyle tan\u0131\u015ft\u0131m ve onlar bana Swisslasik&#8217;i tavsiye ettiler. Ameliyattan \u00f6nce:Ertesi g\u00fcn biraz ara\u015ft\u0131rma yapt\u0131m ve SwissLasik taraf\u0131ndan d\u00fczenlenen ameliyat \u00f6ncesi muayeneye kat\u0131lmaya karar verdim. \u0130lk testler orada yap\u0131ld\u0131 ve sonu\u00e7lar \u0130stanbul&#8217;a g\u00f6nderildi. Birka\u00e7 g\u00fcn sonra, g\u00f6zlerimin genel olarak uygun oldu\u011funa dair onay ald\u0131m. Ancak nihai karar \u0130stanbul&#8217;da verilecekti. Bu y\u00fczden ameliyat\u0131 yapt\u0131rmaya karar verdim. Tarihleri \u200b\u200bkesinle\u015ftirdikten sonra (u\u00e7u\u015f tercihlerim de kar\u015f\u0131land\u0131), ameliyat birka\u00e7 hafta sonra ger\u00e7ekle\u015fti. Ameliyattan \u00f6nce g\u00f6zl\u00fck takmak (iki hafta boyunca kontakt lens takmamak) benim i\u00e7in \u00e7ok yorucuydu. Sadece bir an \u00f6nce bitmesini istiyordum. \u0130stanbul&#8217;da:Havaalan\u0131ndan alma i\u015flemi sorunsuzdu. Ancak otele giden yol uzundu. Trafik ve yo\u011funluk inan\u0131lmazd\u0131. Sonunda vard\u0131\u011f\u0131m\u0131zda izlenimlerimiz kar\u0131\u015f\u0131kt\u0131. Otel Levent, biraz bak\u0131ms\u0131z bir g\u00f6r\u00fcn\u00fcme sahip k\u00fc\u00e7\u00fck bir ara sokakta yer al\u0131yor. Otelin kendisi tertemiz ve sessiz, personel ise \u00e7ok cana yak\u0131n ve yard\u0131msever. Ortam biraz eski moda ve benim tarz\u0131m de\u011fil. Ama en \u00f6nemlisi, kusursuz derecede temiz. Otelin konumu al\u0131\u015fveri\u015f i\u00e7in harika ve metro hemen k\u00f6\u015fede. Kendimi g\u00fcvensiz hissetmedim, ancak para dilenen sokak \u00e7ocuklar\u0131 size yakla\u015facakt\u0131r. Onlara para vermek istemedim, ama yemek i\u00e7in \u00e7ok minnettarlar. Bu y\u00fczden her zaman restorandan artan yemekleri yan\u0131n\u0131zda g\u00f6t\u00fcr\u00fcn; b\u00fcy\u00fck olas\u0131l\u0131kla ak\u015fam satabilirsiniz. Ameliyat:Ameliyat g\u00fcn\u00fc sabahleyin bizi al\u0131p hastaneye g\u00f6t\u00fcrd\u00fcler. Orada \u00e7ok iyi bir i\u015f \u00e7\u0131karan g\u00f6zetmenimizle tan\u0131\u015ft\u0131k. Hastane \u00e7ok modern ve \u00e7ok b\u00fcy\u00fck. Oraya vard\u0131\u011f\u0131m\u0131zda \u00f6n muayeneler ba\u015flad\u0131. \u0130svi\u00e7re&#8217;den be\u015f ki\u015fiydik. Bize ne yap\u0131laca\u011f\u0131 hakk\u0131nda fazla bilgi verilmedi ve her \u015fey \u00e7ok h\u0131zl\u0131 ger\u00e7ekle\u015fti. \u0130lk muayeneden sonra g\u00f6z damlas\u0131 verildi. Sonra kafeteryada at\u0131\u015ft\u0131rmal\u0131k i\u00e7in zaman\u0131m\u0131z oldu. Bundan sonra daha fazla muayene yap\u0131ld\u0131 ve cerrah bize uygunlu\u011fumuzu bildirdi. Herkes ameliyat olabildi. Sonra \u00f6\u011fle yeme\u011fi i\u00e7in serbest b\u0131rak\u0131ld\u0131k ve saat 14:00&#8217;te devam etti. Be\u015f ki\u015filik grubumuzda ikinci s\u0131radayd\u0131m. Koruyucu k\u0131yafetler giyiyorsunuz ve sonra ba\u015fl\u0131yor. Bir sedyeye yat\u0131yorsunuz ve bir g\u00f6z\u00fcn\u00fcz bantlan\u0131yor. G\u00f6z kapa\u011f\u0131nda bir kesik a\u00e7\u0131l\u0131yor, g\u00f6ze damlalar damlat\u0131l\u0131yor ve sonra ba\u015fl\u0131yor. G\u00f6z kapa\u011f\u0131 kesilirken k\u0131sa bir s\u00fcre &#8220;k\u00f6r&#8221; oluyorsunuz &#8211; g\u00f6z\u00fcn a\u00e7\u0131k oldu\u011funu biliyorsunuz ama yine de hi\u00e7bir \u015fey g\u00f6remiyorsunuz. Sonra lazere bakman\u0131z gerekiyor; g\u00fcr\u00fclt\u00fcl\u00fc bir ses \u00e7\u0131kar\u0131yor, kapak geri katlan\u0131yor, tekrar y\u0131kan\u0131yor ve sonra di\u011fer g\u00f6ze ge\u00e7iliyor. \u0130kinci g\u00f6z ac\u0131d\u0131. Adrenalin muhtemelen \u00e7oktan etkisini yitirmi\u015fti ve konsantre olman\u0131z gerekiyordu. \u0130kinci g\u00f6z hi\u00e7 ho\u015f de\u011fildi. Ama o da birka\u00e7 dakika i\u00e7inde ge\u00e7iyor. Aya\u011fa kalk\u0131yorsunuz, koruyucu g\u00f6zl\u00fck tak\u0131yorsunuz ve karanl\u0131k bir odada di\u011ferlerinin yan\u0131na g\u00f6t\u00fcr\u00fcl\u00fcyorsunuz. Ameliyattan hemen sonra net g\u00f6rebiliyordum ama g\u00f6zlerim \u00e7ok sulan\u0131yordu. G\u00f6zlerimi a\u00e7mak iyi bir fikir de\u011fildi. Bu y\u00fczden orada oturup di\u011ferleriyle konu\u015fmaya ama g\u00f6zlerimi kapal\u0131 tutmaya karar verdim. Herkesin i\u015fi bittikten sonra otele g\u00f6t\u00fcr\u00fcld\u00fck. Yine trafik vard\u0131, bu da o durumda stresliydi. Ameliyattan hemen sonra, uyuyana kadar her saat ba\u015f\u0131 g\u00f6z\u00fcn\u00fcze iki farkl\u0131 damla damlatman\u0131z gerekiyor. Bu y\u00fczden yata\u011fa girdim ve her saat ba\u015f\u0131 i\u00e7in alarm kurdum. \u0130lk d\u00f6rt saat boyunca televizyon izlememeniz veya kitap okumaman\u0131z gerekiyor. Ama g\u00f6zlerim \u00e7ok suland\u0131\u011f\u0131 i\u00e7in zaten can\u0131m istemiyordu. D\u00f6rt saat sonra ac\u0131kmaya ba\u015flad\u0131m. Tekrar g\u00f6z damlas\u0131 kulland\u0131m ve otelin restoran\u0131na indim. Koruyucu g\u00f6zl\u00fcklerimi yukar\u0131da b\u0131rakt\u0131m. K\u0131sa bir s\u00fcre sonra arkada\u015flar\u0131mdan baz\u0131lar\u0131 geldi ve birlikte ak\u015fam yeme\u011fi yedik ve sohbet ettik. G\u00f6z\u00fcmde hala hafif bir yanma hissediyordum ama g\u00f6z ya\u015farmas\u0131 durmu\u015ftu ve a\u011fr\u0131 neredeyse ge\u00e7mi\u015fti. Hi\u00e7birimiz m\u00fckemmel g\u00f6remiyorduk ama kesinlikle daha iyiydi. Bir g\u00f6z\u00fcm de di\u011ferinden daha iyiydi. Ertesi g\u00fcn:Sabah bizi ald\u0131lar ve hastanede cerrah taraf\u0131ndan tekrar k\u0131saca muayene edildik. \u00c7ok memnun kald\u0131, ben de \u00f6yle. Herhangi bir sorum yoktu, bu y\u00fczden benim i\u00e7in sorun yoktu. Daha sonra otele geri g\u00f6t\u00fcr\u00fcld\u00fck ve havaalan\u0131na geri g\u00f6t\u00fcr\u00fclene kadar kalan zaman\u0131m\u0131z serbestti. \u00dc\u00e7 hafta sonra:\u0130lk birka\u00e7 g\u00fcn g\u00f6zlerim olduk\u00e7a kuruydu. \u00d6zellikle sabahlar\u0131, kontakt lenslerimi \u00e7\u0131karmay\u0131 unutmu\u015fum ve g\u00f6zlerime yap\u0131\u015fm\u0131\u015f gibi hissediyordum. Be\u015f g\u00fcn sonra, t\u00fcm ila\u00e7l\u0131 g\u00f6z damlalar\u0131n\u0131 kullanmay\u0131 b\u0131rak\u0131p sadece g\u00fcnde d\u00f6rt kez nemlendirici damla kullanabilirsiniz. 10 g\u00fcn sonra kontrol randevum var. G\u00f6r\u00fc\u015f\u00fcm net, ancak yorgunlu\u011fuma ba\u011fl\u0131 olarak biraz dalgalan\u0131yor. \u0130lk hafta boyunca \u015fiddetli ba\u015f a\u011fr\u0131lar\u0131m oldu ve hala ara s\u0131ra oluyor. G\u00f6r\u00fcn\u00fc\u015fe g\u00f6re bu normal. Sonu\u00e7 olarak, her \u015fey m\u00fckemmel bir \u015fekilde organize edilmi\u015fti. Ele\u015ftirecek hi\u00e7bir \u015feyim yok. Her zaman iyi bir \u015fekilde ilgilenildi\u011fimi hissettim. Bu olumlu deneyim i\u00e7in \u00e7ok te\u015fekk\u00fcr ederim. Britta Sadzik \u00d6nceki rapor Sonraki rapor<\/p>\n","protected":false},"author":4,"featured_media":0,"parent":3801,"menu_order":0,"comment_status":"closed","ping_status":"closed","template":"","meta":{"_joinchat":[],"footnotes":""},"class_list":["post-3807","page","type-page","status-publish","hentry"],"acf":[],"_links":{"self":[{"href":"https:\/\/swisslasik.ch\/tr\/wp-json\/wp\/v2\/pages\/3807","targetHints":{"allow":["GET"]}}],"collection":[{"href":"https:\/\/swisslasik.ch\/tr\/wp-json\/wp\/v2\/pages"}],"about":[{"href":"https:\/\/swisslasik.ch\/tr\/wp-json\/wp\/v2\/types\/page"}],"author":[{"embeddable":true,"href":"https:\/\/swisslasik.ch\/tr\/wp-json\/wp\/v2\/users\/4"}],"replies":[{"embeddable":true,"href":"https:\/\/swisslasik.ch\/tr\/wp-json\/wp\/v2\/comments?post=3807"}],"version-history":[{"count":2,"href":"https:\/\/swisslasik.ch\/tr\/wp-json\/wp\/v2\/pages\/3807\/revisions"}],"predecessor-version":[{"id":4683,"href":"https:\/\/swisslasik.ch\/tr\/wp-json\/wp\/v2\/pages\/3807\/revisions\/4683"}],"up":[{"embeddable":true,"href":"https:\/\/swisslasik.ch\/tr\/wp-json\/wp\/v2\/pages\/3801"}],"wp:attachment":[{"href":"https:\/\/swisslasik.ch\/tr\/wp-json\/wp\/v2\/media?parent=3807"}],"curies":[{"name":"wp","href":"https:\/\/api.w.org\/{rel}","templated":true}]}}