{"id":3811,"date":"2025-09-24T11:45:15","date_gmt":"2025-09-24T10:45:15","guid":{"rendered":"https:\/\/swisslasik.ch\/hasta-yorumlari-lasik-goez-lazeri\/istanbulda-multifokal-lensler-kullanilarak-yapilan-presbiyopi-ameliyati-6-nisan-2016-carsamba-tarihli-rapor\/"},"modified":"2026-01-14T02:31:37","modified_gmt":"2026-01-14T01:31:37","slug":"istanbulda-multifokal-lensler-kullanilarak-yapilan-presbiyopi-ameliyati-6-nisan-2016-carsamba-tarihli-rapor","status":"publish","type":"page","link":"https:\/\/swisslasik.ch\/tr\/hasta-yorumlari-lasik-goez-lazeri\/istanbulda-multifokal-lensler-kullanilarak-yapilan-presbiyopi-ameliyati-6-nisan-2016-carsamba-tarihli-rapor\/","title":{"rendered":"\u0130stanbul&#8217;da multifokal lensler kullan\u0131larak yap\u0131lan presbiyopi ameliyat\u0131 \u2013 6 Nisan 2016 \u00c7ar\u015famba tarihli rapor"},"content":{"rendered":"\n<h3 class=\"wp-block-heading\">\u0130stanbul&#8217;da multifokal lensler kullan\u0131larak yap\u0131lan presbiyopi ameliyat\u0131 \u2013 6 Nisan 2016 \u00c7ar\u015famba tarihli rapor<\/h3>\n\n\n\n<p>Her iki g\u00f6z\u00fcmde de presbiyopi ameliyat\u0131 yap\u0131ld\u0131; g\u00f6zl\u00fck re\u00e7etem: uzak g\u00f6r\u00fc\u015f +1.5, okuma +3.5. 59 ya\u015f\u0131nday\u0131m ve sadece g\u00f6zl\u00fcklerimden kurtulmak istiyordum. Sol g\u00f6z\u00fcmde hafif bir astigmatizma d\u0131\u015f\u0131nda g\u00f6zlerimle ilgili hi\u00e7bir sorunum yoktu, bu da rahats\u0131z edici de\u011fildi.  <\/p>\n\n\n\n<p>Bir dergi makalesinden, presbiyopi (50 ya\u015f\u0131ndan sonra ortaya \u00e7\u0131kan ya\u015fa ba\u011fl\u0131 hipermetropi) olanlar i\u00e7in bile d\u00fczeltici lenslerin m\u00fcmk\u00fcn oldu\u011funu \u00f6\u011frendim. Lucerne&#8217;deki tan\u0131nm\u0131\u015f bir g\u00f6z klini\u011finde \u00f6n muayene, bir &#8220;uygulanabilirlik \u00e7al\u0131\u015fmas\u0131&#8221; yapt\u0131rd\u0131m ve olas\u0131l\u0131klar ve riskler hakk\u0131nda bilgi ald\u0131m. 50 ya\u015f \u00fcst\u00fc ki\u015filer i\u00e7in tek ge\u00e7erli \u00e7\u00f6z\u00fcm\u00fcn lens de\u011fi\u015fimi oldu\u011funu, \u00e7\u00fcnk\u00fc bunun iki sorunu ayn\u0131 anda \u00e7\u00f6zd\u00fc\u011f\u00fcn\u00fc belirttiler: g\u00f6zl\u00fck kullanmadan hem yak\u0131n hem de uzak mesafelerde net g\u00f6r\u00fc\u015f sa\u011fl\u0131yor ve ilerleyen ya\u015flarda katarakt olu\u015fumunu \u00f6nl\u00fcyor. Lens de\u011fi\u015fimi, katarakt ameliyat\u0131yla ayn\u0131 ameliyat, ancak masraflar\u0131n\u0131 kendiniz kar\u015f\u0131laman\u0131z gerekiyor!      <\/p>\n\n\n\n<p>\u0130ki farkl\u0131 g\u00f6z klini\u011finden fiyat teklifi ald\u0131m. 12.000 ve 15.000, her \u015fey dahil. Bunu kar\u015f\u0131layamazd\u0131m. Ameliyat\u0131 tamamen g\u00f6zden \u00e7\u0131karm\u0131\u015f ve neredeyse unutmu\u015ftum ki, bir meslekta\u015f\u0131m bana \u0130stanbul&#8217;da lazer anjiyo ameliyat\u0131 olan ve \u00e7ok memnun kalan, \u00fcstelik makul bir fiyata ameliyat olan bir meslekta\u015f\u0131ndan bahsetti. Sonra bana Swisslasik&#8217;in adresini verdi. Web sitelerinin tamam\u0131n\u0131, tek bir sat\u0131r\u0131 bile atlamadan okudum. Swisslasik&#8217;in web sitesi beni ikna etti. \u00dccretsiz \u00f6n muayene ve sonras\u0131ndaki de\u011ferlendirmeden sonra, hemen \u0130stanbul&#8217;da ameliyat randevusu ald\u0131m.       <\/p>\n\n\n\n<p>Teklifi birka\u00e7 g\u00fcn sonra ald\u0131m. B\u00fcy\u00fck bir s\u00fcrpriz olarak, sadece birka\u00e7 e-postadan sonra, iki hafta sonras\u0131na ameliyat randevusu ayarland\u0131. Swisslasik benim i\u00e7in her \u015feyi en ince ayr\u0131nt\u0131s\u0131na kadar organize etti. Tart\u0131\u015f\u0131lacak bir \u015fey oldu\u011funda terc\u00fcman her zaman haz\u0131rd\u0131. \u00d6n muayeneler ve ameliyat planland\u0131\u011f\u0131 gibi gitti. Pazartesi g\u00fcn\u00fc kapsaml\u0131 muayenelerden ge\u00e7tim. Ard\u0131ndan Prof. Dr. Banu Cosar ile g\u00f6r\u00fc\u015ft\u00fcm. Her iki g\u00f6z\u00fcn de ayn\u0131 anda ameliyat edilmesi konusunda anla\u015ft\u0131k. Bu benim i\u00e7in daha uygun, \u00e7\u00fcnk\u00fc ameliyat \u00f6ncesi ve sonras\u0131 t\u00fcm prosed\u00fcr\u00fc sadece bir kez ge\u00e7irmem gerekiyor! Hi\u00e7 pi\u015fman olmad\u0131m. Ameliyat Sal\u0131 g\u00fcn\u00fc saat 16:00 civar\u0131nda ger\u00e7ekle\u015fti ve iki adet Zeiss trifokal lens tak\u0131ld\u0131. G\u00f6z band\u0131 verilmiyor, sadece koruyucu g\u00f6zl\u00fck veriliyor, bu nedenle ameliyattan hemen sonra, biraz bulan\u0131k olsa da, tekrar g\u00f6rebiliyorsunuz. Oteldeki ak\u015fam yeme\u011finde, men\u00fcy\u00fc g\u00f6zl\u00fcks\u00fcz okuyabiliyordum. Sal\u0131 g\u00fcn\u00fc kontrol randevum vard\u0131 ve her \u015fey yolundayd\u0131. O andan itibaren bana sadece g\u00fcne\u015f g\u00f6zl\u00fc\u011f\u00fcm ve e\u015fim e\u015flik etti.              <\/p>\n\n\n\n<p>Sonraki d\u00f6rt g\u00fcn\u00fc \u0130stanbul&#8217;un g\u00fczelliklerini gezerek ge\u00e7irdik.<\/p>\n\n\n\n<p>\u0130kinci g\u00fcn, her \u015fey hala biraz bulan\u0131k olsa da, uzak g\u00f6r\u00fc\u015f\u00fcm olduk\u00e7a iyiydi. G\u00f6z damlalar\u0131n\u0131 d\u00fczenli olarak kulland\u0131m. G\u00f6r\u00fc\u015f\u00fcm her ge\u00e7en g\u00fcn iyile\u015fti. \u0130svi\u00e7re&#8217;de herhangi bir takip randevusu almam\u0131\u015ft\u0131m. Daha sonra sol g\u00f6z\u00fcm\u00fcn iyile\u015fmesinde her zaman biraz geride oldu\u011funu fark ettim. Bana s\u00f6ylendi\u011fi gibi, hafif astigmatizma fark ediliyordu. Bilgilerde bunun tamamen normal oldu\u011funu, her g\u00f6z\u00fcn kendi iyile\u015fme ritmine sahip oldu\u011funu okudum. Alt\u0131 hafta sonra, g\u00f6r\u00fc\u015f\u00fcmdeki bu fark\u0131 a\u00e7\u0131kl\u0131\u011fa kavu\u015fturmak istedim. K\u0131saca Swisslasik&#8217;i arad\u0131m. Orada, sadece tam bir takip paketinin mevcut oldu\u011funu \u00f6\u011frendim. Ancak, sadece son bir kontrol istiyordum. Bunun m\u00fcmk\u00fcn olmamas\u0131 \u00e7ok \u00fcz\u00fcc\u00fc! Daha sonra, bu g\u00f6z ameliyat\u0131n\u0131 da yapan, yeni ke\u015ffetti\u011fim d\u00fczenli g\u00f6z doktorumdan randevu ald\u0131m.             <\/p>\n\n\n\n<p>Sonu\u00e7lar m\u00fckemmeldi:<br>Sol g\u00f6zde uzak g\u00f6r\u00fc\u015f %90 (astigmatizma d\u00fczeltilebilir, ancak gerekli de\u011fildir!)<\/p>\n\n\n\n<p>Sa\u011f g\u00f6z: %120 uzak g\u00f6rme keskinli\u011fi.<br>Her iki g\u00f6z de yakla\u015f\u0131k 30 ve 80 cm mesafelerde okuma i\u00e7in net; 30-100 cm mesafelerde kabul edilebilir okuma.<\/p>\n\n\n\n<p>G\u00f6rme keskinli\u011fi konusunda harika bir sonu\u00e7 ald\u0131m! Lens yerle\u015ftirme m\u00fckemmeldi, daha iyisi olamazd\u0131. \u00c7ok iyi merkezlenmi\u015fti!  <\/p>\n\n\n\n<p>\u00d6zetle, bu m\u00fckemmel bir ba\u015fyap\u0131tt\u0131! \u00d6vg\u00fclerimi dile getirmekten kendimi alamad\u0131m! <\/p>\n\n\n\n<p>\u0130stanbul&#8217;da bu g\u00f6z ameliyat\u0131n\u0131 her zaman tekrar yapt\u0131r\u0131rd\u0131m.<\/p>\n\n\n\n<p>Prof. Dr. Banu Cosar ve ekibine, ayr\u0131ca Swisslasik&#8217;e \u00e7ok te\u015fekk\u00fcrler.<\/p>\n\n\n\n<p>Fritz F.<\/p>\n\n\n\n<div class=\"wp-block-group is-layout-grid wp-container-core-group-is-layout-baef362d wp-block-group-is-layout-grid\">\n<p><a href=\"https:\/\/medicaltravel.at\/home\/agb\/\" data-type=\"page\" data-id=\"2191\" rel=\"nofollow noopener\" target=\"_blank\"><\/a><a href=\"https:\/\/swisslasik.ch\/tr\/hasta-yorumlari-lasik-goez-lazeri\/ilk-basta-yurt-disindaki-proseduerlerden-pek-hoslanmasak-da-cok-memnun-kaldik-9-nisan-2016-cumartesi-tarihli-rapor\/\" data-type=\"link\" data-id=\"https:\/\/swisslasik.ch\/tr\/hasta-yorumlari-lasik-goez-lazeri\/ilk-basta-yurt-disindaki-proseduerlerden-pek-hoslanmasak-da-cok-memnun-kaldik-9-nisan-2016-cumartesi-tarihli-rapor\/\">\u00d6nceki rapor<\/a><\/p>\n\n\n\n<p class=\"has-text-align-right wp-container-content-5e2576f9\"><a href=\"https:\/\/medicaltravel.at\/home\/impressum\/\" data-type=\"page\" data-id=\"2193\" rel=\"nofollow noopener\" target=\"_blank\"><\/a><a href=\"https:\/\/medicaltravel.at\/home\/berichte-von-patienten\/erfahrungsberichte\/erfahrungsbericht-zahnbehandlung-in-istanbul\/\" data-type=\"page\" data-id=\"981\" rel=\"nofollow noopener\" target=\"_blank\"><\/a><a href=\"https:\/\/swisslasik.ch\/tr\/hasta-yorumlari-lasik-goez-lazeri\/iki-goezuem-ve-ben-istanbulda-goez-lazeri-lasik-24-mart-2016-persembe-guenuene-ait-deneyim-raporu\/\" data-type=\"link\" data-id=\"https:\/\/swisslasik.ch\/tr\/hasta-yorumlari-lasik-goez-lazeri\/iki-goezuem-ve-ben-istanbulda-goez-lazeri-lasik-24-mart-2016-persembe-guenuene-ait-deneyim-raporu\/\">Sonraki rapor<\/a><\/p>\n<\/div>\n","protected":false},"excerpt":{"rendered":"<p>\u0130stanbul&#8217;da multifokal lensler kullan\u0131larak yap\u0131lan presbiyopi ameliyat\u0131 \u2013 6 Nisan 2016 \u00c7ar\u015famba tarihli rapor Her iki g\u00f6z\u00fcmde de presbiyopi ameliyat\u0131 yap\u0131ld\u0131; g\u00f6zl\u00fck re\u00e7etem: uzak g\u00f6r\u00fc\u015f +1.5, okuma +3.5. 59 ya\u015f\u0131nday\u0131m ve sadece g\u00f6zl\u00fcklerimden kurtulmak istiyordum. Sol g\u00f6z\u00fcmde hafif bir astigmatizma d\u0131\u015f\u0131nda g\u00f6zlerimle ilgili hi\u00e7bir sorunum yoktu, bu da rahats\u0131z edici de\u011fildi. Bir dergi makalesinden, presbiyopi (50 ya\u015f\u0131ndan sonra ortaya \u00e7\u0131kan ya\u015fa ba\u011fl\u0131 hipermetropi) olanlar i\u00e7in bile d\u00fczeltici lenslerin m\u00fcmk\u00fcn oldu\u011funu \u00f6\u011frendim. Lucerne&#8217;deki tan\u0131nm\u0131\u015f bir g\u00f6z klini\u011finde \u00f6n muayene, bir &#8220;uygulanabilirlik \u00e7al\u0131\u015fmas\u0131&#8221; yapt\u0131rd\u0131m ve olas\u0131l\u0131klar ve riskler hakk\u0131nda bilgi ald\u0131m. 50 ya\u015f \u00fcst\u00fc ki\u015filer i\u00e7in tek ge\u00e7erli \u00e7\u00f6z\u00fcm\u00fcn lens de\u011fi\u015fimi oldu\u011funu, \u00e7\u00fcnk\u00fc bunun iki sorunu ayn\u0131 anda \u00e7\u00f6zd\u00fc\u011f\u00fcn\u00fc belirttiler: g\u00f6zl\u00fck kullanmadan hem yak\u0131n hem de uzak mesafelerde net g\u00f6r\u00fc\u015f sa\u011fl\u0131yor ve ilerleyen ya\u015flarda katarakt olu\u015fumunu \u00f6nl\u00fcyor. Lens de\u011fi\u015fimi, katarakt ameliyat\u0131yla ayn\u0131 ameliyat, ancak masraflar\u0131n\u0131 kendiniz kar\u015f\u0131laman\u0131z gerekiyor! \u0130ki farkl\u0131 g\u00f6z klini\u011finden fiyat teklifi ald\u0131m. 12.000 ve 15.000, her \u015fey dahil. Bunu kar\u015f\u0131layamazd\u0131m. Ameliyat\u0131 tamamen g\u00f6zden \u00e7\u0131karm\u0131\u015f ve neredeyse unutmu\u015ftum ki, bir meslekta\u015f\u0131m bana \u0130stanbul&#8217;da lazer anjiyo ameliyat\u0131 olan ve \u00e7ok memnun kalan, \u00fcstelik makul bir fiyata ameliyat olan bir meslekta\u015f\u0131ndan bahsetti. Sonra bana Swisslasik&#8217;in adresini verdi. Web sitelerinin tamam\u0131n\u0131, tek bir sat\u0131r\u0131 bile atlamadan okudum. Swisslasik&#8217;in web sitesi beni ikna etti. \u00dccretsiz \u00f6n muayene ve sonras\u0131ndaki de\u011ferlendirmeden sonra, hemen \u0130stanbul&#8217;da ameliyat randevusu ald\u0131m. Teklifi birka\u00e7 g\u00fcn sonra ald\u0131m. B\u00fcy\u00fck bir s\u00fcrpriz olarak, sadece birka\u00e7 e-postadan sonra, iki hafta sonras\u0131na ameliyat randevusu ayarland\u0131. Swisslasik benim i\u00e7in her \u015feyi en ince ayr\u0131nt\u0131s\u0131na kadar organize etti. Tart\u0131\u015f\u0131lacak bir \u015fey oldu\u011funda terc\u00fcman her zaman haz\u0131rd\u0131. \u00d6n muayeneler ve ameliyat planland\u0131\u011f\u0131 gibi gitti. Pazartesi g\u00fcn\u00fc kapsaml\u0131 muayenelerden ge\u00e7tim. Ard\u0131ndan Prof. Dr. Banu Cosar ile g\u00f6r\u00fc\u015ft\u00fcm. Her iki g\u00f6z\u00fcn de ayn\u0131 anda ameliyat edilmesi konusunda anla\u015ft\u0131k. Bu benim i\u00e7in daha uygun, \u00e7\u00fcnk\u00fc ameliyat \u00f6ncesi ve sonras\u0131 t\u00fcm prosed\u00fcr\u00fc sadece bir kez ge\u00e7irmem gerekiyor! Hi\u00e7 pi\u015fman olmad\u0131m. Ameliyat Sal\u0131 g\u00fcn\u00fc saat 16:00 civar\u0131nda ger\u00e7ekle\u015fti ve iki adet Zeiss trifokal lens tak\u0131ld\u0131. G\u00f6z band\u0131 verilmiyor, sadece koruyucu g\u00f6zl\u00fck veriliyor, bu nedenle ameliyattan hemen sonra, biraz bulan\u0131k olsa da, tekrar g\u00f6rebiliyorsunuz. Oteldeki ak\u015fam yeme\u011finde, men\u00fcy\u00fc g\u00f6zl\u00fcks\u00fcz okuyabiliyordum. Sal\u0131 g\u00fcn\u00fc kontrol randevum vard\u0131 ve her \u015fey yolundayd\u0131. O andan itibaren bana sadece g\u00fcne\u015f g\u00f6zl\u00fc\u011f\u00fcm ve e\u015fim e\u015flik etti. Sonraki d\u00f6rt g\u00fcn\u00fc \u0130stanbul&#8217;un g\u00fczelliklerini gezerek ge\u00e7irdik. \u0130kinci g\u00fcn, her \u015fey hala biraz bulan\u0131k olsa da, uzak g\u00f6r\u00fc\u015f\u00fcm olduk\u00e7a iyiydi. G\u00f6z damlalar\u0131n\u0131 d\u00fczenli olarak kulland\u0131m. G\u00f6r\u00fc\u015f\u00fcm her ge\u00e7en g\u00fcn iyile\u015fti. \u0130svi\u00e7re&#8217;de herhangi bir takip randevusu almam\u0131\u015ft\u0131m. Daha sonra sol g\u00f6z\u00fcm\u00fcn iyile\u015fmesinde her zaman biraz geride oldu\u011funu fark ettim. Bana s\u00f6ylendi\u011fi gibi, hafif astigmatizma fark ediliyordu. Bilgilerde bunun tamamen normal oldu\u011funu, her g\u00f6z\u00fcn kendi iyile\u015fme ritmine sahip oldu\u011funu okudum. Alt\u0131 hafta sonra, g\u00f6r\u00fc\u015f\u00fcmdeki bu fark\u0131 a\u00e7\u0131kl\u0131\u011fa kavu\u015fturmak istedim. K\u0131saca Swisslasik&#8217;i arad\u0131m. Orada, sadece tam bir takip paketinin mevcut oldu\u011funu \u00f6\u011frendim. Ancak, sadece son bir kontrol istiyordum. Bunun m\u00fcmk\u00fcn olmamas\u0131 \u00e7ok \u00fcz\u00fcc\u00fc! Daha sonra, bu g\u00f6z ameliyat\u0131n\u0131 da yapan, yeni ke\u015ffetti\u011fim d\u00fczenli g\u00f6z doktorumdan randevu ald\u0131m. Sonu\u00e7lar m\u00fckemmeldi:Sol g\u00f6zde uzak g\u00f6r\u00fc\u015f %90 (astigmatizma d\u00fczeltilebilir, ancak gerekli de\u011fildir!) Sa\u011f g\u00f6z: %120 uzak g\u00f6rme keskinli\u011fi.Her iki g\u00f6z de yakla\u015f\u0131k 30 ve 80 cm mesafelerde okuma i\u00e7in net; 30-100 cm mesafelerde kabul edilebilir okuma. G\u00f6rme keskinli\u011fi konusunda harika bir sonu\u00e7 ald\u0131m! Lens yerle\u015ftirme m\u00fckemmeldi, daha iyisi olamazd\u0131. \u00c7ok iyi merkezlenmi\u015fti! \u00d6zetle, bu m\u00fckemmel bir ba\u015fyap\u0131tt\u0131! \u00d6vg\u00fclerimi dile getirmekten kendimi alamad\u0131m! \u0130stanbul&#8217;da bu g\u00f6z ameliyat\u0131n\u0131 her zaman tekrar yapt\u0131r\u0131rd\u0131m. Prof. Dr. Banu Cosar ve ekibine, ayr\u0131ca Swisslasik&#8217;e \u00e7ok te\u015fekk\u00fcrler. Fritz F. \u00d6nceki rapor Sonraki rapor<\/p>\n","protected":false},"author":4,"featured_media":0,"parent":3801,"menu_order":0,"comment_status":"closed","ping_status":"closed","template":"","meta":{"_joinchat":[],"footnotes":""},"class_list":["post-3811","page","type-page","status-publish","hentry"],"acf":[],"_links":{"self":[{"href":"https:\/\/swisslasik.ch\/tr\/wp-json\/wp\/v2\/pages\/3811","targetHints":{"allow":["GET"]}}],"collection":[{"href":"https:\/\/swisslasik.ch\/tr\/wp-json\/wp\/v2\/pages"}],"about":[{"href":"https:\/\/swisslasik.ch\/tr\/wp-json\/wp\/v2\/types\/page"}],"author":[{"embeddable":true,"href":"https:\/\/swisslasik.ch\/tr\/wp-json\/wp\/v2\/users\/4"}],"replies":[{"embeddable":true,"href":"https:\/\/swisslasik.ch\/tr\/wp-json\/wp\/v2\/comments?post=3811"}],"version-history":[{"count":2,"href":"https:\/\/swisslasik.ch\/tr\/wp-json\/wp\/v2\/pages\/3811\/revisions"}],"predecessor-version":[{"id":4687,"href":"https:\/\/swisslasik.ch\/tr\/wp-json\/wp\/v2\/pages\/3811\/revisions\/4687"}],"up":[{"embeddable":true,"href":"https:\/\/swisslasik.ch\/tr\/wp-json\/wp\/v2\/pages\/3801"}],"wp:attachment":[{"href":"https:\/\/swisslasik.ch\/tr\/wp-json\/wp\/v2\/media?parent=3811"}],"curies":[{"name":"wp","href":"https:\/\/api.w.org\/{rel}","templated":true}]}}