{"id":3817,"date":"2025-09-24T11:29:33","date_gmt":"2025-09-24T10:29:33","guid":{"rendered":"https:\/\/swisslasik.ch\/hasta-yorumlari-lasik-goez-lazeri\/i-lasik-lazer-goez-ameliyati-deneyim-raporu-13-nisan-2018-cuma-tarihli-rapor\/"},"modified":"2026-01-14T02:20:25","modified_gmt":"2026-01-14T01:20:25","slug":"i-lasik-lazer-goez-ameliyati-deneyim-raporu-13-nisan-2018-cuma-tarihli-rapor","status":"publish","type":"page","link":"https:\/\/swisslasik.ch\/tr\/hasta-yorumlari-lasik-goez-lazeri\/i-lasik-lazer-goez-ameliyati-deneyim-raporu-13-nisan-2018-cuma-tarihli-rapor\/","title":{"rendered":"I-LASIK lazer g\u00f6z ameliyat\u0131 deneyim raporu \u2013 13 Nisan 2018 Cuma tarihli rapor"},"content":{"rendered":"\n<h3 class=\"wp-block-heading\">I-LASIK lazer g\u00f6z ameliyat\u0131 deneyim raporu \u2013 13 Nisan 2018 Cuma tarihli rapor<\/h3>\n\n\n\n<p>Seherzada Mujanovic&#8217;in 30 Mart 2018 tarihli referans yaz\u0131s\u0131.<\/p>\n\n\n\n<p>Mart 2018&#8217;de ailem ve arkada\u015flar\u0131mla birlikte 5 g\u00fcnl\u00fck bir tatil ve T\u00fcrkiye&#8217;de g\u00f6z ameliyat\u0131 olmak i\u00e7in \u0130stanbul&#8217;a gittim.<\/p>\n\n\n\n<p>Bu hastaneyi nas\u0131l \u00f6\u011frendim? Televizyonda birka\u00e7 kez g\u00f6rd\u00fcm ve ayr\u0131ca tan\u0131d\u0131klar\u0131mdan da duydum. <\/p>\n\n\n\n<p>Otel rezervasyonunu kendim yapt\u0131m; \u015fehrin \u00e7ok hareketli bir b\u00f6lgesindeydi ve hastaneye de yak\u0131nd\u0131. Metroyla 20 dakikada ula\u015f\u0131yordum, bu harika ve \u00e7ok ucuzdu. <\/p>\n\n\n\n<p>30 Mart Cuma g\u00fcn\u00fc, hastanede beni her zaman \u00e7ok yard\u0131mc\u0131 olan bir terc\u00fcman kar\u015f\u0131lad\u0131. Ard\u0131ndan, t\u00fcm sabah boyunca bir dizi testten ge\u00e7tim ve bu testler sonunda g\u00f6zlerimin LASIK ameliyat\u0131 i\u00e7in uygun oldu\u011funu do\u011frulad\u0131. Hastanedeki herkes \u00e7ok yard\u0131msever ve g\u00fcler y\u00fczl\u00fcyd\u00fc.    <\/p>\n\n\n\n<p>\u00d6\u011fleden sonra saat 2&#8217;yi biraz ge\u00e7iyordu; ameliyat oldum ve hemen ard\u0131ndan kontrol randevum vard\u0131. Ameliyat masas\u0131nda yatmak garip bir histi, ama sadece yakla\u015f\u0131k 15 dakika s\u00fcrd\u00fc\u011f\u00fc i\u00e7in katlan\u0131labilir bir durumdu. <\/p>\n\n\n\n<p>G\u00f6z ameliyat\u0131ndan sonra, alerji veya di\u011fer enfeksiyonlar i\u00e7in iki farkl\u0131 t\u00fcrde g\u00f6z damlas\u0131 ald\u0131m ve bunlar\u0131 be\u015f g\u00fcn boyunca kullanmam gerekiyordu. Be\u015f g\u00fcn sonra, yakla\u015f\u0131k \u00fc\u00e7 ila alt\u0131 ay boyunca kullanmam gereken yapay g\u00f6z damlalar\u0131 verildi. Ayr\u0131ca, o g\u00fcn hem d\u0131\u015far\u0131da hem de uyurken takmam gereken \u00f6zel g\u00fcne\u015f g\u00f6zl\u00fckleri de ald\u0131m. \u0130lk g\u00fcnden sonra, g\u00fcne\u015f g\u00f6zl\u00fcklerini her zaman takmak \u00e7ok \u00f6nemliydi.  <\/p>\n\n\n\n<p>Ameliyat ve muayeneden hemen sonra biraz dinlenmek i\u00e7in otele geri d\u00f6nd\u00fcm.<\/p>\n\n\n\n<p>O noktada g\u00f6zlerimi a\u00e7mak neredeyse imkans\u0131zd\u0131. \u0130lk d\u00f6rt saat boyunca sulan\u0131yorlard\u0131 ve \u0131\u015f\u0131\u011fa kar\u015f\u0131 \u00e7ok hassast\u0131lar. Ancak d\u00f6rt saat sonra bu durum d\u00fczeldi ve ger\u00e7ekten de \u00f6ncesine g\u00f6re \u00e7ok daha iyi g\u00f6rebiliyordum. Ayr\u0131ca a\u011fr\u0131s\u0131z bir gece ge\u00e7irdim.   <\/p>\n\n\n\n<p>Ertesi g\u00fcn sabah Prof. Dr. Banu Co\u015far ile kontrol randevum vard\u0131 ve her \u015fey yolunda gitti, tekrar gelmeme gerek kalmad\u0131.<\/p>\n\n\n\n<p>Tedaviyi \u0130svi\u00e7re&#8217;de de\u011fil de, daha do\u011frusu T\u00fcrkiye&#8217;de yapt\u0131rmam\u0131n nedenleri: Maliyetler \u00f6nemli \u00f6l\u00e7\u00fcde daha d\u00fc\u015f\u00fck ve sonu\u00e7 ayn\u0131. Kabul ediyorum, tedavi \u00e7ok daha az ki\u015fisel, ancak uzmanl\u0131k muazzam. <\/p>\n\n\n\n<p>Hastane sadece bu t\u00fcr ameliyatlarda uzmanla\u015fm\u0131\u015f ve y\u00fcksek d\u00fczeyde uzmanl\u0131\u011fa sahip. Tedavi birinci s\u0131n\u0131f ve orada kendinizi \u00e7ok rahat hissediyorsunuz. Atmosfer harika. Genel olarak, bu fiyat ve kalite i\u00e7in kesinlikle tavsiye ederim.   <\/p>\n\n\n\n<p>Genel olarak, tedavi s\u00fcrecimden ve sonu\u00e7lar\u0131ndan \u00e7ok memnunum. G\u00f6zl\u00fcks\u00fcz bu kadar net g\u00f6rebilmenin verdi\u011fi hissi hala tarif edemiyorum. G\u00f6z tahri\u015fi, gece k\u00f6rl\u00fc\u011f\u00fc gibi hi\u00e7bir yan etki ya\u015famad\u0131m.  <\/p>\n\n\n\n<p>Tedaviyi ge\u00e7irdikten sonra, SWISSLASIK&#8217;i ve Ac\u0131badem Hastanesi&#8217;ni bir\u00e7ok arkada\u015f\u0131ma, tan\u0131d\u0131\u011f\u0131ma ve meslekta\u015f\u0131ma tavsiye ettim ve bunu yapmaya devam edece\u011fim.<\/p>\n\n\n\n<p>Tatilimin son birka\u00e7 g\u00fcn\u00fcn\u00fcn tad\u0131n\u0131 \u00e7\u0131kar\u0131p bu g\u00fczel \u015fehri ziyaret edebildim ve kesinlikle tavsiye ederim.<\/p>\n\n\n\n<p>Say\u0131n Kara&#8217;ya ve SwissLasik \u015firketine destekleri i\u00e7in \u00e7ok te\u015fekk\u00fcr ederiz.<\/p>\n\n\n\n<div class=\"wp-block-group is-layout-grid wp-container-core-group-is-layout-baef362d wp-block-group-is-layout-grid\">\n<p><a href=\"https:\/\/medicaltravel.at\/home\/agb\/\" data-type=\"page\" data-id=\"2191\" rel=\"nofollow noopener\" target=\"_blank\"><\/a><a href=\"https:\/\/swisslasik.ch\/tr\/hasta-yorumlari-lasik-goez-lazeri\/istanbulda-lazer-goez-ameliyati-deneyim-raporum-1-mayis-2018-sali-tarihli-rapor\/\" data-type=\"link\" data-id=\"https:\/\/swisslasik.ch\/patientenberichte-lasik\/augen-lasern-in-istanbul-mein-erfahrungsbericht-bericht-vom-dienstag-01-mai-2018\/\">\u00d6nceki rapor<\/a><\/p>\n\n\n\n<p class=\"has-text-align-right wp-container-content-5e2576f9\"><a href=\"https:\/\/medicaltravel.at\/home\/impressum\/\" data-type=\"page\" data-id=\"2193\" rel=\"nofollow noopener\" target=\"_blank\"><\/a><a href=\"https:\/\/medicaltravel.at\/home\/berichte-von-patienten\/erfahrungsberichte\/erfahrungsbericht-zahnbehandlung-in-istanbul\/\" data-type=\"page\" data-id=\"981\" rel=\"nofollow noopener\" target=\"_blank\"><\/a><a href=\"https:\/\/swisslasik.ch\/tr\/hasta-yorumlari-lasik-goez-lazeri\/trifokallinsen-istanbul-deneyim-raporu-tuerkiye-6-nisan-2018-cuma-tarihli-rapor\/\" data-type=\"link\" data-id=\"https:\/\/swisslasik.ch\/tr\/hasta-yorumlari-lasik-goez-lazeri\/trifokallinsen-istanbul-deneyim-raporu-tuerkiye-6-nisan-2018-cuma-tarihli-rapor\/\">Sonraki rapor<\/a><\/p>\n<\/div>\n","protected":false},"excerpt":{"rendered":"<p>I-LASIK lazer g\u00f6z ameliyat\u0131 deneyim raporu \u2013 13 Nisan 2018 Cuma tarihli rapor Seherzada Mujanovic&#8217;in 30 Mart 2018 tarihli referans yaz\u0131s\u0131. Mart 2018&#8217;de ailem ve arkada\u015flar\u0131mla birlikte 5 g\u00fcnl\u00fck bir tatil ve T\u00fcrkiye&#8217;de g\u00f6z ameliyat\u0131 olmak i\u00e7in \u0130stanbul&#8217;a gittim. Bu hastaneyi nas\u0131l \u00f6\u011frendim? Televizyonda birka\u00e7 kez g\u00f6rd\u00fcm ve ayr\u0131ca tan\u0131d\u0131klar\u0131mdan da duydum. Otel rezervasyonunu kendim yapt\u0131m; \u015fehrin \u00e7ok hareketli bir b\u00f6lgesindeydi ve hastaneye de yak\u0131nd\u0131. Metroyla 20 dakikada ula\u015f\u0131yordum, bu harika ve \u00e7ok ucuzdu. 30 Mart Cuma g\u00fcn\u00fc, hastanede beni her zaman \u00e7ok yard\u0131mc\u0131 olan bir terc\u00fcman kar\u015f\u0131lad\u0131. Ard\u0131ndan, t\u00fcm sabah boyunca bir dizi testten ge\u00e7tim ve bu testler sonunda g\u00f6zlerimin LASIK ameliyat\u0131 i\u00e7in uygun oldu\u011funu do\u011frulad\u0131. Hastanedeki herkes \u00e7ok yard\u0131msever ve g\u00fcler y\u00fczl\u00fcyd\u00fc. \u00d6\u011fleden sonra saat 2&#8217;yi biraz ge\u00e7iyordu; ameliyat oldum ve hemen ard\u0131ndan kontrol randevum vard\u0131. Ameliyat masas\u0131nda yatmak garip bir histi, ama sadece yakla\u015f\u0131k 15 dakika s\u00fcrd\u00fc\u011f\u00fc i\u00e7in katlan\u0131labilir bir durumdu. G\u00f6z ameliyat\u0131ndan sonra, alerji veya di\u011fer enfeksiyonlar i\u00e7in iki farkl\u0131 t\u00fcrde g\u00f6z damlas\u0131 ald\u0131m ve bunlar\u0131 be\u015f g\u00fcn boyunca kullanmam gerekiyordu. Be\u015f g\u00fcn sonra, yakla\u015f\u0131k \u00fc\u00e7 ila alt\u0131 ay boyunca kullanmam gereken yapay g\u00f6z damlalar\u0131 verildi. Ayr\u0131ca, o g\u00fcn hem d\u0131\u015far\u0131da hem de uyurken takmam gereken \u00f6zel g\u00fcne\u015f g\u00f6zl\u00fckleri de ald\u0131m. \u0130lk g\u00fcnden sonra, g\u00fcne\u015f g\u00f6zl\u00fcklerini her zaman takmak \u00e7ok \u00f6nemliydi. Ameliyat ve muayeneden hemen sonra biraz dinlenmek i\u00e7in otele geri d\u00f6nd\u00fcm. O noktada g\u00f6zlerimi a\u00e7mak neredeyse imkans\u0131zd\u0131. \u0130lk d\u00f6rt saat boyunca sulan\u0131yorlard\u0131 ve \u0131\u015f\u0131\u011fa kar\u015f\u0131 \u00e7ok hassast\u0131lar. Ancak d\u00f6rt saat sonra bu durum d\u00fczeldi ve ger\u00e7ekten de \u00f6ncesine g\u00f6re \u00e7ok daha iyi g\u00f6rebiliyordum. Ayr\u0131ca a\u011fr\u0131s\u0131z bir gece ge\u00e7irdim. Ertesi g\u00fcn sabah Prof. Dr. Banu Co\u015far ile kontrol randevum vard\u0131 ve her \u015fey yolunda gitti, tekrar gelmeme gerek kalmad\u0131. Tedaviyi \u0130svi\u00e7re&#8217;de de\u011fil de, daha do\u011frusu T\u00fcrkiye&#8217;de yapt\u0131rmam\u0131n nedenleri: Maliyetler \u00f6nemli \u00f6l\u00e7\u00fcde daha d\u00fc\u015f\u00fck ve sonu\u00e7 ayn\u0131. Kabul ediyorum, tedavi \u00e7ok daha az ki\u015fisel, ancak uzmanl\u0131k muazzam. Hastane sadece bu t\u00fcr ameliyatlarda uzmanla\u015fm\u0131\u015f ve y\u00fcksek d\u00fczeyde uzmanl\u0131\u011fa sahip. Tedavi birinci s\u0131n\u0131f ve orada kendinizi \u00e7ok rahat hissediyorsunuz. Atmosfer harika. Genel olarak, bu fiyat ve kalite i\u00e7in kesinlikle tavsiye ederim. Genel olarak, tedavi s\u00fcrecimden ve sonu\u00e7lar\u0131ndan \u00e7ok memnunum. G\u00f6zl\u00fcks\u00fcz bu kadar net g\u00f6rebilmenin verdi\u011fi hissi hala tarif edemiyorum. G\u00f6z tahri\u015fi, gece k\u00f6rl\u00fc\u011f\u00fc gibi hi\u00e7bir yan etki ya\u015famad\u0131m. Tedaviyi ge\u00e7irdikten sonra, SWISSLASIK&#8217;i ve Ac\u0131badem Hastanesi&#8217;ni bir\u00e7ok arkada\u015f\u0131ma, tan\u0131d\u0131\u011f\u0131ma ve meslekta\u015f\u0131ma tavsiye ettim ve bunu yapmaya devam edece\u011fim. Tatilimin son birka\u00e7 g\u00fcn\u00fcn\u00fcn tad\u0131n\u0131 \u00e7\u0131kar\u0131p bu g\u00fczel \u015fehri ziyaret edebildim ve kesinlikle tavsiye ederim. Say\u0131n Kara&#8217;ya ve SwissLasik \u015firketine destekleri i\u00e7in \u00e7ok te\u015fekk\u00fcr ederiz. \u00d6nceki rapor Sonraki rapor<\/p>\n","protected":false},"author":4,"featured_media":0,"parent":3801,"menu_order":0,"comment_status":"closed","ping_status":"closed","template":"","meta":{"_joinchat":[],"footnotes":""},"class_list":["post-3817","page","type-page","status-publish","hentry"],"acf":[],"_links":{"self":[{"href":"https:\/\/swisslasik.ch\/tr\/wp-json\/wp\/v2\/pages\/3817","targetHints":{"allow":["GET"]}}],"collection":[{"href":"https:\/\/swisslasik.ch\/tr\/wp-json\/wp\/v2\/pages"}],"about":[{"href":"https:\/\/swisslasik.ch\/tr\/wp-json\/wp\/v2\/types\/page"}],"author":[{"embeddable":true,"href":"https:\/\/swisslasik.ch\/tr\/wp-json\/wp\/v2\/users\/4"}],"replies":[{"embeddable":true,"href":"https:\/\/swisslasik.ch\/tr\/wp-json\/wp\/v2\/comments?post=3817"}],"version-history":[{"count":2,"href":"https:\/\/swisslasik.ch\/tr\/wp-json\/wp\/v2\/pages\/3817\/revisions"}],"predecessor-version":[{"id":4664,"href":"https:\/\/swisslasik.ch\/tr\/wp-json\/wp\/v2\/pages\/3817\/revisions\/4664"}],"up":[{"embeddable":true,"href":"https:\/\/swisslasik.ch\/tr\/wp-json\/wp\/v2\/pages\/3801"}],"wp:attachment":[{"href":"https:\/\/swisslasik.ch\/tr\/wp-json\/wp\/v2\/media?parent=3817"}],"curies":[{"name":"wp","href":"https:\/\/api.w.org\/{rel}","templated":true}]}}