{"id":3822,"date":"2025-09-24T11:50:38","date_gmt":"2025-09-24T10:50:38","guid":{"rendered":"https:\/\/swisslasik.ch\/hasta-yorumlari-lasik-goez-lazeri\/istanbulda-lazer-goez-ameliyati-endiselenmenize-gerek-yok-27-kasim-2015-cuma-tarihli-rapor\/"},"modified":"2026-01-14T02:36:06","modified_gmt":"2026-01-14T01:36:06","slug":"istanbulda-lazer-goez-ameliyati-endiselenmenize-gerek-yok-27-kasim-2015-cuma-tarihli-rapor","status":"publish","type":"page","link":"https:\/\/swisslasik.ch\/tr\/hasta-yorumlari-lasik-goez-lazeri\/istanbulda-lazer-goez-ameliyati-endiselenmenize-gerek-yok-27-kasim-2015-cuma-tarihli-rapor\/","title":{"rendered":"\u0130stanbul&#8217;da lazer g\u00f6z ameliyat\u0131 \u2013 endi\u015felenmenize gerek yok! \u2013 27 Kas\u0131m 2015 Cuma tarihli rapor"},"content":{"rendered":"\n<h3 class=\"wp-block-heading\">\u0130stanbul&#8217;da lazer g\u00f6z ameliyat\u0131 \u2013 endi\u015felenmenize gerek yok! \u2013 27 Kas\u0131m 2015 Cuma tarihli rapor<\/h3>\n\n\n\n<p>\u0130stanbul&#8217;da birka\u00e7 tan\u0131d\u0131\u011f\u0131m lazer g\u00f6z ameliyat\u0131 oldu. Erkek arkada\u015f\u0131m da bu yaz kontakt lenslerle giderek daha fazla zorluk \u00e7ekti\u011fi i\u00e7in bu ameliyat\u0131 yapt\u0131rmay\u0131 d\u00fc\u015f\u00fcnd\u00fc. Ben de y\u0131llar \u00f6nce yapt\u0131rmak istemi\u015ftim ama her iki y\u0131lda bir daha g\u00fc\u00e7l\u00fc g\u00f6zl\u00fck veya kontakt lens kullanmam gerekti. \u015eu anda -6 diyoptri g\u00f6r\u00fcyorum. \u00d6n\u00fcm\u00fczdeki y\u0131llarda g\u00f6rme yetimin daha da k\u00f6t\u00fcle\u015fme ihtimali y\u00fcksek oldu\u011fu i\u00e7in lazer g\u00f6z ameliyat\u0131ndan vazge\u00e7tim.     <\/p>\n\n\n\n<p>Erkek arkada\u015f\u0131m yaz tatilinden sonra konu hakk\u0131nda kapsaml\u0131 bir ara\u015ft\u0131rma yapt\u0131 ve SwissLASIK&#8217;e rastlad\u0131. Bay Kara&#8217;dan \u00e7ok arkada\u015f canl\u0131s\u0131 ve yetkin tavsiyeler ald\u0131 ve bu nedenle A\u011fustos ay\u0131 sonunda Z\u00fcrih&#8217;te k\u0131sa bir \u00f6n muayene i\u00e7in randevu ald\u0131. \u015ea\u015f\u0131rt\u0131c\u0131 bir \u015fekilde, benim i\u00e7in de randevu ald\u0131. \u0130lk ba\u015fta bundan pek memnun de\u011fildim. Ancak oraya vard\u0131\u011f\u0131m\u0131zda giderek daha \u00e7ok merakland\u0131m ve t\u00fcm sorular\u0131m eksiksiz bir \u015fekilde yan\u0131tland\u0131. Birka\u00e7 g\u00fcn sonra sonu\u00e7lar\u0131 ve Femto-LASIK y\u00f6ntemi i\u00e7in \u00f6neriyi ald\u0131k. K\u0131sa bir s\u00fcre sonra SwissLASIK&#8217;ten gelen teklifi kesinle\u015ftirdik ve maceram\u0131z i\u00e7in \u00e7ok heyecanl\u0131yd\u0131k.      <\/p>\n\n\n\n<p>26 Ekim 2015 Pazartesi g\u00fcn\u00fc Swiss Airlines ile \u0130stanbul&#8217;a u\u00e7tuk. \u015eof\u00f6r\u00fcm\u00fcz bizi havaalan\u0131nda \u00e7ok s\u0131cak kar\u015f\u0131lad\u0131 ve Levent Oteli&#8217;ne g\u00f6t\u00fcrd\u00fc. Cuma g\u00fcn\u00fcne kadar \u0130stanbul&#8217;da kalmaya karar verdi\u011fimiz i\u00e7in Levent Oteli&#8217;nde daha b\u00fcy\u00fck bir oda tercih ettik. Sadece biraz daha pahal\u0131yd\u0131 ve \u015fiddetle tavsiye edilir. Odalar \u00e7ok temiz ve gayet yeterli. Ertesi g\u00fcn, hastane \u015fof\u00f6r\u00fc bizi neredeyse tam zaman\u0131nda ald\u0131. Biraz erken geldi\u011fi i\u00e7in kahvalt\u0131 masas\u0131ndan aceleyle kalkmak zorunda kald\u0131k. Ama yine de zaman\u0131nda ayr\u0131lmay\u0131 ba\u015fard\u0131k. Ayr\u0131ca farkl\u0131 otellerden ba\u015fka hastalar\u0131 da ald\u0131k.        <\/p>\n\n\n\n<p>Bir s\u00fcre sonra Ac\u0131badem Hastanesine vard\u0131k ve hemen terc\u00fcman\u0131m\u0131z taraf\u0131ndan kar\u015f\u0131land\u0131k. \u00c7ok cana yak\u0131n biriydi ve t\u00fcm prosed\u00fcr\u00fc bize tekrar anlatt\u0131. Birka\u00e7 \u00f6n muayene yap\u0131ld\u0131 ve sonunda sonu\u00e7lar\u0131 Profes\u00f6r Dr. Cosar ile g\u00f6r\u00fc\u015ft\u00fck. Kendisi, Femto-LASIK y\u00f6nteminin hem benim hem de erkek arkada\u015f\u0131m i\u00e7in uygun bir se\u00e7enek oldu\u011funu bir kez daha teyit etti.   <\/p>\n\n\n\n<p>Bundan sonra yakla\u015f\u0131k \u00fc\u00e7 saat bo\u015f zaman\u0131m\u0131z oldu. \u00c7ok gergin oldu\u011fum i\u00e7in dikkatimizi da\u011f\u0131tmak amac\u0131yla hastane kafeteryas\u0131na gittik ve iPad&#8217;de birka\u00e7 program izledik. Erkek arkada\u015f\u0131m biraz daha rahat davrand\u0131. Neyse ki bana sakinle\u015ftirici verildi. Yakla\u015f\u0131k be\u015f dakika sonra \u00e7ok sakinle\u015ftim ve ameliyat konusunda hi\u00e7 gergin de\u011fildim. \u0130kimize de farkl\u0131 g\u00f6z damlalar\u0131 ve talimatlar i\u00e7eren k\u00fc\u00e7\u00fck birer po\u015fet verildi. Sonra ba\u015flad\u0131. Bize \u00f6nl\u00fckler ve koruyucu bir bone verildi. \u00d6nce ben gittim. \u0130lk \u00f6nce g\u00f6zlerim damlalarla uyu\u015fturuldu. Bu \u00e7ok h\u0131zl\u0131 oldu. Sonra g\u00f6z kapa\u011f\u0131m\u0131n etraf\u0131na k\u0131rpmay\u0131 \u00f6nlemek i\u00e7in bir k\u0131ska\u00e7 yerle\u015ftirildi. Di\u011fer g\u00f6z\u00fcm a\u00e7\u0131kta kald\u0131, bu da her \u015feyi benim i\u00e7in kolayla\u015ft\u0131rd\u0131. Hissetti\u011fim tek \u015fey g\u00f6z\u00fcm\u00fcn etraf\u0131nda hafif bir bask\u0131yd\u0131, ama hi\u00e7 de rahats\u0131z edici de\u011fildi. Bundan sonra ikinci makinenin alt\u0131na al\u0131nd\u0131m. Y\u00fcz\u00fcm bir filmle kapland\u0131. \u0130lk ba\u015fta \u00e7ok bulan\u0131k olan ve sonra giderek netle\u015fen k\u00fc\u00e7\u00fck bir k\u0131rm\u0131z\u0131 \u0131\u015f\u0131k g\u00f6rd\u00fcm. Bu i\u015flemden sonra g\u00f6z suyla temizlendi ve ilk g\u00f6z i\u00e7in i\u015flem tamamland\u0131. Hem\u015fireler, doktor ve hatta terc\u00fcman \u00e7ok e\u011fleniyor ve bol bol g\u00fcl\u00fcyorlard\u0131. Benim i\u00e7in bu, her \u015feyin yolunda gitti\u011fi anlam\u0131na geliyordu ve bu y\u00fczden \u00e7ok rahatlad\u0131m. Terc\u00fcman da bana her \u015feyi a\u00e7\u0131klad\u0131 ve her \u015feyin yak\u0131nda bitece\u011fine dair beni temin etti. Daha sonra sol g\u00f6z\u00fcme i\u015flem uyguland\u0131. Her \u015feyin m\u00fckemmel gitti\u011fine dair bana g\u00fcvence verildi. Koruyucu g\u00f6zl\u00fckler verildi ve bekleme odas\u0131na g\u00f6t\u00fcr\u00fcld\u00fcm. Orada, erkek arkada\u015f\u0131m\u0131 g\u00f6zlerim kapal\u0131 bekledim. Be\u015f dakika gibi gelen bir s\u00fcre sonra, o da ameliyat\u0131ndan d\u00f6nd\u00fc. Ne yaz\u0131k ki, i\u015flem s\u0131ras\u0131nda terc\u00fcman onunla birlikte de\u011fildi. Bu, t\u00fcm deneyimin tek olumsuz y\u00f6n\u00fcyd\u00fc. Geriye d\u00f6n\u00fcp bakt\u0131\u011f\u0131mda, b\u00fcy\u00fck bir sorun de\u011fildi. Sadece meraktan, bir \u015fey de\u011fi\u015fip de\u011fi\u015fmedi\u011fini g\u00f6rmek i\u00e7in g\u00f6zlerimi biraz a\u00e7maya \u00e7al\u0131\u015ft\u0131m. G\u00f6zl\u00fcklerim olmadan neredeyse hi\u00e7bir \u015fey g\u00f6remedi\u011fim i\u00e7in, sadece 10 dakika sonra nispeten net g\u00f6rebildi\u011fimi g\u00f6r\u00fcnce \u00e7ok \u015fa\u015f\u0131rd\u0131m. Terc\u00fcman bize Dr. Cosar&#8217;\u0131n odas\u0131na kadar e\u015flik etti. Her \u015feyin do\u011fru gitti\u011finden emin olmak i\u00e7in g\u00f6zlerimizi k\u0131saca muayene etti. Neyse ki ikimiz i\u00e7in de i\u015fe yarad\u0131. Sonras\u0131nda otele geri d\u00f6nd\u00fck. G\u00f6zlerimiz yan\u0131yordu ve g\u00f6zlerimizde \u00e7ok fazla su birikmi\u015fti, bu y\u00fczden art\u0131k g\u00f6zlerimizi a\u00e7am\u0131yorduk. Neyse ki hastane bize bir kutu Kleenex almam\u0131za izin verdi ve burnumuz da t\u0131pk\u0131 a\u011flad\u0131\u011f\u0131m\u0131zda oldu\u011fu gibi akt\u0131\u011f\u0131 i\u00e7in hepsini kulland\u0131k.                                 <\/p>\n\n\n\n<p>(Hi\u00e7bir \u015fey g\u00f6remedi\u011fimiz i\u00e7in) olduk\u00e7a sars\u0131nt\u0131l\u0131 bir yolculu\u011fun ard\u0131ndan otele vard\u0131k ve g\u00f6zlerimiz ba\u011fl\u0131 bir \u015fekilde odam\u0131z\u0131 bulmaya \u00e7al\u0131\u015ft\u0131k. Her saat ba\u015f\u0131 \u00e7e\u015fitli g\u00f6z damlalar\u0131 damlatmak zorunda kald\u0131k. Yanma hissi k\u00f6t\u00fcle\u015fiyordu, bu y\u00fczden bir a\u011fr\u0131 kesici (yan\u0131m\u0131zda getirdi\u011fimiz ibuprofen) ald\u0131k. Bir sesli kitap sayesinde biraz dikkatimizi da\u011f\u0131tabildik ve sonunda uyuyakald\u0131k. O zamana kadar zaten ak\u015fam olmu\u015ftu. Koruyucu g\u00f6zl\u00fcklerimi ilk kez \u00e7\u0131kard\u0131\u011f\u0131mda g\u00f6zlerime inanamad\u0131m. Ger\u00e7ekten her \u015feyi tekrar g\u00f6rebiliyordum. Hen\u00fcz m\u00fckemmel derecede net de\u011fildi, ama \u015fimdilik yeterliydi. Erkek arkada\u015f\u0131m da her \u015feyi g\u00f6rebiliyordu. G\u00fcne\u015f g\u00f6zl\u00fcklerimizi tak\u0131p alt kattaki otel restoran\u0131nda bir \u015feyler sipari\u015f ettik. \u00c7ok g\u00fczel yedik. Art\u0131k a\u011fr\u0131m\u0131z yoktu. A\u011fr\u0131s\u0131z bir gece ge\u00e7irdik. Sabah, takip randevusu i\u00e7in bir \u015fof\u00f6r bizi tekrar ald\u0131. Bu da benim i\u00e7in iyi ge\u00e7ti. Erkek arkada\u015f\u0131mda k\u00fc\u00e7\u00fck bir iltihaplanma vard\u0131, ne yaz\u0131k ki bu olduk\u00e7a s\u0131k olabiliyor. Benden biraz daha fazla antibiyotik damlas\u0131 kullanmak zorunda kald\u0131. Bu sadece bir hafta daha uzun s\u00fcrecek. G\u00f6zdeki k\u0131rm\u0131z\u0131 lekeler (ikimizde de vard\u0131) de k\u0131sa s\u00fcrede ge\u00e7ecektir.                  <\/p>\n\n\n\n<p>G\u00fcvenlik kontrol\u00fcnden sonra taksiyle Sultanahmet Camii&#8217;ne gittik ve \u0130stanbul&#8217;u ke\u015ffettik. \u0130stanbul \u00e7ok etkileyici bir \u015fehir. \u015eehrin tamam\u0131n\u0131 g\u00f6rebilmek i\u00e7in cuma g\u00fcn\u00fcne kadar eve u\u00e7mad\u0131k.  <\/p>\n\n\n\n<p>Lazer g\u00f6z ameliyat\u0131 oldu\u011fumuz i\u00e7in ikimiz de \u00e7ok mutluyuz. Yakla\u015f\u0131k d\u00f6rt hafta sonra, ikimiz de nispeten net bir \u015fekilde tekrar g\u00f6rebiliyoruz ve eskiden g\u00f6zl\u00fck veya kontakt lenslerle yapt\u0131\u011f\u0131m\u0131z her \u015feyi yapabiliyoruz. S\u00fcr\u00fcc\u00fc ehliyetlerimizdeki de\u011fi\u015fikli\u011fi de unutmayal\u0131m. Polis kontrol\u00fcnden sonraki ilk hafta i\u00e7inde bunu da hallettik. Bir g\u00f6z doktoru art\u0131k g\u00f6zl\u00fc\u011fe ihtiyac\u0131m\u0131z olmad\u0131\u011f\u0131n\u0131 do\u011frulad\u0131. \u0130kimizin de art\u0131k d\u00fczeltici lens kodu olmayan yeni s\u00fcr\u00fcc\u00fc ehliyetlerimiz var.     <\/p>\n\n\n\n<p>D\u00fcn Z\u00fcrih&#8217;teki sevk eden doktorla ilk kontrol randevumuzu ger\u00e7ekle\u015ftirdik. Hafif bir -0.25 diyoptri kal\u0131nt\u0131s\u0131 oldu\u011fu tespit edildi. Ancak doktor m\u00fckemmel bir sonu\u00e7 elde edildi\u011fini s\u00f6yledi, bu da beni \u00e7ok mutlu etti. Bu nedenle ikinci bir ameliyat s\u00f6z konusu de\u011fil. Erkek arkada\u015f\u0131m\u0131n da g\u00f6rme yetisi %100, ancak g\u00f6zleri hala biraz hassas ve ak\u015famlar\u0131 bak\u0131m jeli kullanmas\u0131 gerekiyor. Re\u00e7ete edilen g\u00f6z damlalar\u0131n\u0131 Dr. Cosar&#8217;\u0131n \u00f6nerdi\u011finden biraz daha s\u0131k kullanmam\u0131z gerekiyor. Her iki g\u00f6z\u00fcm\u00fcz de biraz kuru, ancak bu al\u0131\u015f\u0131lmad\u0131k bir durum de\u011fil. Halo etkisi (ak\u015famlar\u0131 parlak \u0131\u015f\u0131klar) de birka\u00e7 ay i\u00e7inde tekrar kaybolacak. G\u00f6zler buna \u00e7abuk al\u0131\u015f\u0131yor.        <\/p>\n\n\n\n<p>Lazer g\u00f6z ameliyat\u0131 olmak iyi bir karard\u0131. Ya\u015fam kalitemi \u00e7ok geli\u015ftirdi! <\/p>\n\n\n\n<p>Franziska Egli, Lenzburg<\/p>\n\n\n\n<figure class=\"wp-block-image size-large\"><img fetchpriority=\"high\" decoding=\"async\" width=\"768\" height=\"1024\" src=\"https:\/\/swisslasik.ch\/wp-content\/uploads\/2025\/09\/download-768x1024.jpg\" alt=\"\" class=\"wp-image-345\" srcset=\"https:\/\/swisslasik.ch\/wp-content\/uploads\/2025\/09\/download-768x1024.jpg 768w, https:\/\/swisslasik.ch\/wp-content\/uploads\/2025\/09\/download-225x300.jpg 225w, https:\/\/swisslasik.ch\/wp-content\/uploads\/2025\/09\/download.jpg 960w\" sizes=\"(max-width: 768px) 100vw, 768px\" \/><\/figure>\n\n\n\n<div class=\"wp-block-group is-layout-grid wp-container-core-group-is-layout-baef362d wp-block-group-is-layout-grid\">\n<p><a href=\"https:\/\/medicaltravel.at\/home\/agb\/\" data-type=\"page\" data-id=\"2191\" rel=\"nofollow noopener\" target=\"_blank\"><\/a><a href=\"https:\/\/swisslasik.ch\/tr\/hasta-yorumlari-lasik-goez-lazeri\/istanbulda-meme-implantlari-hakkinda-deneyim-raporu-4-aralik-2015-cuma-tarihli-rapor\/\" data-type=\"link\" data-id=\"https:\/\/swisslasik.ch\/tr\/hasta-yorumlari-lasik-goez-lazeri\/istanbulda-meme-implantlari-hakkinda-deneyim-raporu-4-aralik-2015-cuma-tarihli-rapor\/\">\u00d6nceki rapor<\/a><\/p>\n\n\n\n<p class=\"has-text-align-right wp-container-content-5e2576f9\"><a href=\"https:\/\/medicaltravel.at\/home\/impressum\/\" data-type=\"page\" data-id=\"2193\" rel=\"nofollow noopener\" target=\"_blank\"><\/a><a href=\"https:\/\/medicaltravel.at\/home\/berichte-von-patienten\/erfahrungsberichte\/erfahrungsbericht-zahnbehandlung-in-istanbul\/\" data-type=\"page\" data-id=\"981\" rel=\"nofollow noopener\" target=\"_blank\"><\/a><a href=\"https:\/\/swisslasik.ch\/tr\/hasta-yorumlari-lasik-goez-lazeri\/swisslasike-guevenebilecegimi-hissettim-26-kasim-2015-persembe-tarihli-rapor\/\" data-type=\"link\" data-id=\"https:\/\/swisslasik.ch\/tr\/hasta-yorumlari-lasik-goez-lazeri\/swisslasike-guevenebilecegimi-hissettim-26-kasim-2015-persembe-tarihli-rapor\/\">Sonraki <\/a><a href=\"https:\/\/swisslasik.ch\/tr\/hasta-yorumlari-lasik-goez-lazeri\/swisslasike-guevenebilecegimi-hissettim-26-kasim-2015-persembe-tarihli-rapor\/\" data-type=\"link\" data-id=\"https:\/\/swisslasik.ch\/patientenberichte-lasik\/swisslasik-gab-mir-das-gefuhl-dass-ich-ihnen-vertrauen-kann-bericht-vom-donnerstag-26-november-2015\/\">rapor<\/a><\/p>\n<\/div>\n","protected":false},"excerpt":{"rendered":"<p>\u0130stanbul&#8217;da lazer g\u00f6z ameliyat\u0131 \u2013 endi\u015felenmenize gerek yok! \u2013 27 Kas\u0131m 2015 Cuma tarihli rapor \u0130stanbul&#8217;da birka\u00e7 tan\u0131d\u0131\u011f\u0131m lazer g\u00f6z ameliyat\u0131 oldu. Erkek arkada\u015f\u0131m da bu yaz kontakt lenslerle giderek daha fazla zorluk \u00e7ekti\u011fi i\u00e7in bu ameliyat\u0131 yapt\u0131rmay\u0131 d\u00fc\u015f\u00fcnd\u00fc. Ben de y\u0131llar \u00f6nce yapt\u0131rmak istemi\u015ftim ama her iki y\u0131lda bir daha g\u00fc\u00e7l\u00fc g\u00f6zl\u00fck veya kontakt lens kullanmam gerekti. \u015eu anda -6 diyoptri g\u00f6r\u00fcyorum. \u00d6n\u00fcm\u00fczdeki y\u0131llarda g\u00f6rme yetimin daha da k\u00f6t\u00fcle\u015fme ihtimali y\u00fcksek oldu\u011fu i\u00e7in lazer g\u00f6z ameliyat\u0131ndan vazge\u00e7tim. Erkek arkada\u015f\u0131m yaz tatilinden sonra konu hakk\u0131nda kapsaml\u0131 bir ara\u015ft\u0131rma yapt\u0131 ve SwissLASIK&#8217;e rastlad\u0131. Bay Kara&#8217;dan \u00e7ok arkada\u015f canl\u0131s\u0131 ve yetkin tavsiyeler ald\u0131 ve bu nedenle A\u011fustos ay\u0131 sonunda Z\u00fcrih&#8217;te k\u0131sa bir \u00f6n muayene i\u00e7in randevu ald\u0131. \u015ea\u015f\u0131rt\u0131c\u0131 bir \u015fekilde, benim i\u00e7in de randevu ald\u0131. \u0130lk ba\u015fta bundan pek memnun de\u011fildim. Ancak oraya vard\u0131\u011f\u0131m\u0131zda giderek daha \u00e7ok merakland\u0131m ve t\u00fcm sorular\u0131m eksiksiz bir \u015fekilde yan\u0131tland\u0131. Birka\u00e7 g\u00fcn sonra sonu\u00e7lar\u0131 ve Femto-LASIK y\u00f6ntemi i\u00e7in \u00f6neriyi ald\u0131k. K\u0131sa bir s\u00fcre sonra SwissLASIK&#8217;ten gelen teklifi kesinle\u015ftirdik ve maceram\u0131z i\u00e7in \u00e7ok heyecanl\u0131yd\u0131k. 26 Ekim 2015 Pazartesi g\u00fcn\u00fc Swiss Airlines ile \u0130stanbul&#8217;a u\u00e7tuk. \u015eof\u00f6r\u00fcm\u00fcz bizi havaalan\u0131nda \u00e7ok s\u0131cak kar\u015f\u0131lad\u0131 ve Levent Oteli&#8217;ne g\u00f6t\u00fcrd\u00fc. Cuma g\u00fcn\u00fcne kadar \u0130stanbul&#8217;da kalmaya karar verdi\u011fimiz i\u00e7in Levent Oteli&#8217;nde daha b\u00fcy\u00fck bir oda tercih ettik. Sadece biraz daha pahal\u0131yd\u0131 ve \u015fiddetle tavsiye edilir. Odalar \u00e7ok temiz ve gayet yeterli. Ertesi g\u00fcn, hastane \u015fof\u00f6r\u00fc bizi neredeyse tam zaman\u0131nda ald\u0131. Biraz erken geldi\u011fi i\u00e7in kahvalt\u0131 masas\u0131ndan aceleyle kalkmak zorunda kald\u0131k. Ama yine de zaman\u0131nda ayr\u0131lmay\u0131 ba\u015fard\u0131k. Ayr\u0131ca farkl\u0131 otellerden ba\u015fka hastalar\u0131 da ald\u0131k. Bir s\u00fcre sonra Ac\u0131badem Hastanesine vard\u0131k ve hemen terc\u00fcman\u0131m\u0131z taraf\u0131ndan kar\u015f\u0131land\u0131k. \u00c7ok cana yak\u0131n biriydi ve t\u00fcm prosed\u00fcr\u00fc bize tekrar anlatt\u0131. Birka\u00e7 \u00f6n muayene yap\u0131ld\u0131 ve sonunda sonu\u00e7lar\u0131 Profes\u00f6r Dr. Cosar ile g\u00f6r\u00fc\u015ft\u00fck. Kendisi, Femto-LASIK y\u00f6nteminin hem benim hem de erkek arkada\u015f\u0131m i\u00e7in uygun bir se\u00e7enek oldu\u011funu bir kez daha teyit etti. Bundan sonra yakla\u015f\u0131k \u00fc\u00e7 saat bo\u015f zaman\u0131m\u0131z oldu. \u00c7ok gergin oldu\u011fum i\u00e7in dikkatimizi da\u011f\u0131tmak amac\u0131yla hastane kafeteryas\u0131na gittik ve iPad&#8217;de birka\u00e7 program izledik. Erkek arkada\u015f\u0131m biraz daha rahat davrand\u0131. Neyse ki bana sakinle\u015ftirici verildi. Yakla\u015f\u0131k be\u015f dakika sonra \u00e7ok sakinle\u015ftim ve ameliyat konusunda hi\u00e7 gergin de\u011fildim. \u0130kimize de farkl\u0131 g\u00f6z damlalar\u0131 ve talimatlar i\u00e7eren k\u00fc\u00e7\u00fck birer po\u015fet verildi. Sonra ba\u015flad\u0131. Bize \u00f6nl\u00fckler ve koruyucu bir bone verildi. \u00d6nce ben gittim. \u0130lk \u00f6nce g\u00f6zlerim damlalarla uyu\u015fturuldu. Bu \u00e7ok h\u0131zl\u0131 oldu. Sonra g\u00f6z kapa\u011f\u0131m\u0131n etraf\u0131na k\u0131rpmay\u0131 \u00f6nlemek i\u00e7in bir k\u0131ska\u00e7 yerle\u015ftirildi. Di\u011fer g\u00f6z\u00fcm a\u00e7\u0131kta kald\u0131, bu da her \u015feyi benim i\u00e7in kolayla\u015ft\u0131rd\u0131. Hissetti\u011fim tek \u015fey g\u00f6z\u00fcm\u00fcn etraf\u0131nda hafif bir bask\u0131yd\u0131, ama hi\u00e7 de rahats\u0131z edici de\u011fildi. Bundan sonra ikinci makinenin alt\u0131na al\u0131nd\u0131m. Y\u00fcz\u00fcm bir filmle kapland\u0131. \u0130lk ba\u015fta \u00e7ok bulan\u0131k olan ve sonra giderek netle\u015fen k\u00fc\u00e7\u00fck bir k\u0131rm\u0131z\u0131 \u0131\u015f\u0131k g\u00f6rd\u00fcm. Bu i\u015flemden sonra g\u00f6z suyla temizlendi ve ilk g\u00f6z i\u00e7in i\u015flem tamamland\u0131. Hem\u015fireler, doktor ve hatta terc\u00fcman \u00e7ok e\u011fleniyor ve bol bol g\u00fcl\u00fcyorlard\u0131. Benim i\u00e7in bu, her \u015feyin yolunda gitti\u011fi anlam\u0131na geliyordu ve bu y\u00fczden \u00e7ok rahatlad\u0131m. Terc\u00fcman da bana her \u015feyi a\u00e7\u0131klad\u0131 ve her \u015feyin yak\u0131nda bitece\u011fine dair beni temin etti. Daha sonra sol g\u00f6z\u00fcme i\u015flem uyguland\u0131. Her \u015feyin m\u00fckemmel gitti\u011fine dair bana g\u00fcvence verildi. Koruyucu g\u00f6zl\u00fckler verildi ve bekleme odas\u0131na g\u00f6t\u00fcr\u00fcld\u00fcm. Orada, erkek arkada\u015f\u0131m\u0131 g\u00f6zlerim kapal\u0131 bekledim. Be\u015f dakika gibi gelen bir s\u00fcre sonra, o da ameliyat\u0131ndan d\u00f6nd\u00fc. Ne yaz\u0131k ki, i\u015flem s\u0131ras\u0131nda terc\u00fcman onunla birlikte de\u011fildi. Bu, t\u00fcm deneyimin tek olumsuz y\u00f6n\u00fcyd\u00fc. Geriye d\u00f6n\u00fcp bakt\u0131\u011f\u0131mda, b\u00fcy\u00fck bir sorun de\u011fildi. Sadece meraktan, bir \u015fey de\u011fi\u015fip de\u011fi\u015fmedi\u011fini g\u00f6rmek i\u00e7in g\u00f6zlerimi biraz a\u00e7maya \u00e7al\u0131\u015ft\u0131m. G\u00f6zl\u00fcklerim olmadan neredeyse hi\u00e7bir \u015fey g\u00f6remedi\u011fim i\u00e7in, sadece 10 dakika sonra nispeten net g\u00f6rebildi\u011fimi g\u00f6r\u00fcnce \u00e7ok \u015fa\u015f\u0131rd\u0131m. Terc\u00fcman bize Dr. Cosar&#8217;\u0131n odas\u0131na kadar e\u015flik etti. Her \u015feyin do\u011fru gitti\u011finden emin olmak i\u00e7in g\u00f6zlerimizi k\u0131saca muayene etti. Neyse ki ikimiz i\u00e7in de i\u015fe yarad\u0131. Sonras\u0131nda otele geri d\u00f6nd\u00fck. G\u00f6zlerimiz yan\u0131yordu ve g\u00f6zlerimizde \u00e7ok fazla su birikmi\u015fti, bu y\u00fczden art\u0131k g\u00f6zlerimizi a\u00e7am\u0131yorduk. Neyse ki hastane bize bir kutu Kleenex almam\u0131za izin verdi ve burnumuz da t\u0131pk\u0131 a\u011flad\u0131\u011f\u0131m\u0131zda oldu\u011fu gibi akt\u0131\u011f\u0131 i\u00e7in hepsini kulland\u0131k. (Hi\u00e7bir \u015fey g\u00f6remedi\u011fimiz i\u00e7in) olduk\u00e7a sars\u0131nt\u0131l\u0131 bir yolculu\u011fun ard\u0131ndan otele vard\u0131k ve g\u00f6zlerimiz ba\u011fl\u0131 bir \u015fekilde odam\u0131z\u0131 bulmaya \u00e7al\u0131\u015ft\u0131k. Her saat ba\u015f\u0131 \u00e7e\u015fitli g\u00f6z damlalar\u0131 damlatmak zorunda kald\u0131k. Yanma hissi k\u00f6t\u00fcle\u015fiyordu, bu y\u00fczden bir a\u011fr\u0131 kesici (yan\u0131m\u0131zda getirdi\u011fimiz ibuprofen) ald\u0131k. Bir sesli kitap sayesinde biraz dikkatimizi da\u011f\u0131tabildik ve sonunda uyuyakald\u0131k. O zamana kadar zaten ak\u015fam olmu\u015ftu. Koruyucu g\u00f6zl\u00fcklerimi ilk kez \u00e7\u0131kard\u0131\u011f\u0131mda g\u00f6zlerime inanamad\u0131m. Ger\u00e7ekten her \u015feyi tekrar g\u00f6rebiliyordum. Hen\u00fcz m\u00fckemmel derecede net de\u011fildi, ama \u015fimdilik yeterliydi. Erkek arkada\u015f\u0131m da her \u015feyi g\u00f6rebiliyordu. G\u00fcne\u015f g\u00f6zl\u00fcklerimizi tak\u0131p alt kattaki otel restoran\u0131nda bir \u015feyler sipari\u015f ettik. \u00c7ok g\u00fczel yedik. Art\u0131k a\u011fr\u0131m\u0131z yoktu. A\u011fr\u0131s\u0131z bir gece ge\u00e7irdik. Sabah, takip randevusu i\u00e7in bir \u015fof\u00f6r bizi tekrar ald\u0131. Bu da benim i\u00e7in iyi ge\u00e7ti. Erkek arkada\u015f\u0131mda k\u00fc\u00e7\u00fck bir iltihaplanma vard\u0131, ne yaz\u0131k ki bu olduk\u00e7a s\u0131k olabiliyor. Benden biraz daha fazla antibiyotik damlas\u0131 kullanmak zorunda kald\u0131. Bu sadece bir hafta daha uzun s\u00fcrecek. G\u00f6zdeki k\u0131rm\u0131z\u0131 lekeler (ikimizde de vard\u0131) de k\u0131sa s\u00fcrede ge\u00e7ecektir. G\u00fcvenlik kontrol\u00fcnden sonra taksiyle Sultanahmet Camii&#8217;ne gittik ve \u0130stanbul&#8217;u ke\u015ffettik. \u0130stanbul \u00e7ok etkileyici bir \u015fehir. \u015eehrin tamam\u0131n\u0131 g\u00f6rebilmek i\u00e7in cuma g\u00fcn\u00fcne kadar eve u\u00e7mad\u0131k. Lazer g\u00f6z ameliyat\u0131 oldu\u011fumuz i\u00e7in ikimiz de \u00e7ok mutluyuz. Yakla\u015f\u0131k d\u00f6rt hafta sonra, ikimiz de nispeten net bir \u015fekilde tekrar g\u00f6rebiliyoruz ve eskiden g\u00f6zl\u00fck veya kontakt lenslerle yapt\u0131\u011f\u0131m\u0131z her \u015feyi yapabiliyoruz. S\u00fcr\u00fcc\u00fc ehliyetlerimizdeki de\u011fi\u015fikli\u011fi de unutmayal\u0131m. Polis kontrol\u00fcnden sonraki ilk hafta i\u00e7inde bunu da hallettik. Bir g\u00f6z doktoru art\u0131k g\u00f6zl\u00fc\u011fe ihtiyac\u0131m\u0131z olmad\u0131\u011f\u0131n\u0131 do\u011frulad\u0131. \u0130kimizin de art\u0131k d\u00fczeltici lens kodu olmayan yeni s\u00fcr\u00fcc\u00fc ehliyetlerimiz var. D\u00fcn Z\u00fcrih&#8217;teki sevk eden doktorla ilk kontrol randevumuzu ger\u00e7ekle\u015ftirdik. Hafif bir -0.25 diyoptri kal\u0131nt\u0131s\u0131 oldu\u011fu tespit edildi. Ancak doktor m\u00fckemmel bir sonu\u00e7 elde edildi\u011fini s\u00f6yledi, bu da beni \u00e7ok mutlu etti. Bu nedenle ikinci bir ameliyat s\u00f6z konusu de\u011fil. Erkek arkada\u015f\u0131m\u0131n da g\u00f6rme yetisi %100, ancak g\u00f6zleri hala biraz hassas ve ak\u015famlar\u0131 bak\u0131m jeli kullanmas\u0131 gerekiyor. Re\u00e7ete edilen g\u00f6z damlalar\u0131n\u0131 Dr. Cosar&#8217;\u0131n \u00f6nerdi\u011finden biraz daha s\u0131k kullanmam\u0131z gerekiyor. Her iki g\u00f6z\u00fcm\u00fcz de biraz kuru, ancak bu al\u0131\u015f\u0131lmad\u0131k bir durum de\u011fil. Halo etkisi (ak\u015famlar\u0131 parlak \u0131\u015f\u0131klar) de birka\u00e7 ay i\u00e7inde tekrar kaybolacak. G\u00f6zler buna \u00e7abuk al\u0131\u015f\u0131yor. Lazer g\u00f6z ameliyat\u0131 olmak iyi bir karard\u0131. Ya\u015fam kalitemi \u00e7ok geli\u015ftirdi! Franziska Egli, Lenzburg \u00d6nceki rapor<\/p>\n","protected":false},"author":4,"featured_media":0,"parent":3801,"menu_order":0,"comment_status":"closed","ping_status":"closed","template":"","meta":{"_joinchat":[],"footnotes":""},"class_list":["post-3822","page","type-page","status-publish","hentry"],"acf":[],"_links":{"self":[{"href":"https:\/\/swisslasik.ch\/tr\/wp-json\/wp\/v2\/pages\/3822","targetHints":{"allow":["GET"]}}],"collection":[{"href":"https:\/\/swisslasik.ch\/tr\/wp-json\/wp\/v2\/pages"}],"about":[{"href":"https:\/\/swisslasik.ch\/tr\/wp-json\/wp\/v2\/types\/page"}],"author":[{"embeddable":true,"href":"https:\/\/swisslasik.ch\/tr\/wp-json\/wp\/v2\/users\/4"}],"replies":[{"embeddable":true,"href":"https:\/\/swisslasik.ch\/tr\/wp-json\/wp\/v2\/comments?post=3822"}],"version-history":[{"count":3,"href":"https:\/\/swisslasik.ch\/tr\/wp-json\/wp\/v2\/pages\/3822\/revisions"}],"predecessor-version":[{"id":4697,"href":"https:\/\/swisslasik.ch\/tr\/wp-json\/wp\/v2\/pages\/3822\/revisions\/4697"}],"up":[{"embeddable":true,"href":"https:\/\/swisslasik.ch\/tr\/wp-json\/wp\/v2\/pages\/3801"}],"wp:attachment":[{"href":"https:\/\/swisslasik.ch\/tr\/wp-json\/wp\/v2\/media?parent=3822"}],"curies":[{"name":"wp","href":"https:\/\/api.w.org\/{rel}","templated":true}]}}