{"id":3824,"date":"2025-09-24T11:38:36","date_gmt":"2025-09-24T10:38:36","guid":{"rendered":"https:\/\/swisslasik.ch\/hasta-yorumlari-lasik-goez-lazeri\/istanbulda-lazer-goez-ameliyati-mi-suepheci-misiniz-ben-de-oeyleydim-kesinlikle-yersiz-bir-suepheymis-19-eyluel-2016-pazartesi-tarihli-rapor\/"},"modified":"2026-01-14T02:24:07","modified_gmt":"2026-01-14T01:24:07","slug":"istanbulda-lazer-goez-ameliyati-mi-suepheci-misiniz-ben-de-oeyleydim-kesinlikle-yersiz-bir-suepheymis-19-eyluel-2016-pazartesi-tarihli-rapor","status":"publish","type":"page","link":"https:\/\/swisslasik.ch\/tr\/hasta-yorumlari-lasik-goez-lazeri\/istanbulda-lazer-goez-ameliyati-mi-suepheci-misiniz-ben-de-oeyleydim-kesinlikle-yersiz-bir-suepheymis-19-eyluel-2016-pazartesi-tarihli-rapor\/","title":{"rendered":"\u0130stanbul&#8217;da lazer g\u00f6z ameliyat\u0131 m\u0131? \u015e\u00fcpheci misiniz? Ben de \u00f6yleydim&#8230; Kesinlikle yersiz bir \u015f\u00fcpheymi\u015f!!   \u2013 19 Eyl\u00fcl 2016 Pazartesi tarihli rapor"},"content":{"rendered":"\n<h3 class=\"wp-block-heading\">\u0130stanbul&#8217;da lazer g\u00f6z ameliyat\u0131 m\u0131? \u015e\u00fcpheci misiniz? Ben de \u00f6yleydim&#8230; Kesinlikle yersiz bir \u015f\u00fcpheymi\u015f!!   \u2013 19 Eyl\u00fcl 2016 Pazartesi tarihli rapor<\/h3>\n\n\n\n<p>Swisslasik&#8217;i ilk kez 2015 sonbahar\u0131nda Z\u00fcspa fuar\u0131nda duydum. Orada bir test de yapt\u0131rd\u0131m ve k\u0131sa s\u00fcre sonra gelen kutuma raporun tamam\u0131n\u0131 i\u00e7eren bir e-posta ald\u0131m. <\/p>\n\n\n\n<p>Emin olmad\u0131\u011f\u0131m i\u00e7in, Z\u00fcrih&#8217;te LASIK ameliyat\u0131 da yapan &#8220;tarafs\u0131z&#8221; bir g\u00f6z doktoruna da gittim. O andan itibaren planlamaya ba\u015flad\u0131m. Tabii ki, SwissLASIK ve \u0130stanbul&#8217;daki klinik hakk\u0131nda \u00e7ok \u015fey okudum. \u0130stanbul&#8217;da g\u00f6zlerimi lazerle tedavi ettirmeye karar verdikten sonra, darbe giri\u015fimi ve havaalan\u0131ndaki sald\u0131r\u0131 bile seyahatimi planlamaktan beni cayd\u0131ramad\u0131. (\u0130stanbul&#8217;da b\u00fcy\u00fcm\u00fc\u015f bir \u00e7al\u0131\u015fan, \u015fehrin \u00e7ok b\u00fcy\u00fck oldu\u011funu ve g\u00f6r\u00fclecek \u00e7ok \u015fey oldu\u011funu s\u00f6yleyerek daha uzun s\u00fcre kalmam\u0131 tavsiye etti.)   <\/p>\n\n\n\n<p>5 Eyl\u00fcl 2016&#8217;da, her \u015feyi ayarlayan orta\u011f\u0131mla birlikte yola \u00e7\u0131kt\u0131k. Atat\u00fcrk Havaliman\u0131&#8217;na vard\u0131\u011f\u0131m\u0131zda, pasaport kontrol\u00fcnde son derece uzun bir kuyrukta beklemek zorunda kald\u0131k. Ac\u0131badem Yard\u0131m Noktas\u0131 ile ileti\u015fime ge\u00e7memiz 30 dakikadan fazla s\u00fcrd\u00fc\u011f\u00fc i\u00e7in, \u0130svi\u00e7re&#8217;ye ilk kez WhatsApp mesaj\u0131 g\u00f6nderiyordum. K\u0131sa bir s\u00fcre sonra, Swisslasik&#8217;in hastaneyi hemen bilgilendirdi\u011fini do\u011frulayan bir mesaj ald\u0131m. Sonunda bagajlar\u0131m\u0131z\u0131 ald\u0131ktan sonra, h\u0131zla Yard\u0131m Noktas\u0131na gittik ve \u00e7ok s\u0131cak bir \u015fekilde kar\u015f\u0131land\u0131k. Hatta iste\u011fimiz \u00fczerine su bile ikram edildi ve el arabam\u0131z\u0131 almak i\u00e7in uzun s\u00fcre beklemek zorunda kalmad\u0131k.    <\/p>\n\n\n\n<p>Otele vard\u0131\u011f\u0131m\u0131zda s\u0131cak bir \u015fekilde kar\u015f\u0131land\u0131k ve hemen odam\u0131za g\u00f6t\u00fcr\u00fcld\u00fck. Biraz dinlenip bilgi ald\u0131ktan sonra Sapphire al\u0131\u015fveri\u015f merkezine gittik. Mutlaka g\u00f6r\u00fclmesi gereken bir yer de\u011fil ama y\u00fcksekli\u011fi ve yukar\u0131dan manzaras\u0131 kesinlikle etkileyici. G\u00fcne\u015f g\u00f6zl\u00fcklerimizi unuttu\u011fumuz i\u00e7in otele daha yak\u0131n olan al\u0131\u015fveri\u015f merkezine gittik. Orada birka\u00e7 optik\u00e7i bulduk.    <\/p>\n\n\n\n<p>6 Eyl\u00fcl&#8217;de sabah 9:00&#8217;da bizi ald\u0131lar. K\u00fc\u00e7\u00fck bir sapmadan sonra otob\u00fcs doldu ve Ac\u0131badem Hastanesi&#8217;ne do\u011fru yola koyulduk. Orada hemen terc\u00fcman\u0131m\u0131zla kar\u015f\u0131la\u015ft\u0131k ve bizi ilk testlerin yap\u0131laca\u011f\u0131 do\u011fru b\u00f6l\u00fcme g\u00f6t\u00fcrd\u00fc. \u00c7ok cana yak\u0131n ve her zaman yan\u0131m\u0131zdayd\u0131. Testler h\u0131zl\u0131yd\u0131, ancak ne yaz\u0131k ki aralar\u0131nda \u00e7ok fazla bekleme s\u00fcresi vard\u0131. \u00d6\u011fleden sonra h\u0131zl\u0131ca haz\u0131rland\u0131k ve i\u015flem ba\u015flayabildi. Ancak her \u015fey o kadar aceleyle yap\u0131ld\u0131 ki soru sormaya veya kendimizi haz\u0131rlamaya bile zaman kalmad\u0131, bu da olduk\u00e7a rahats\u0131z ediciydi. \u0130\u015flem h\u0131zl\u0131yd\u0131 ve partnerimi beklerken sakinle\u015ftirici etkisini g\u00f6stermeye ba\u015flad\u0131.      <\/p>\n\n\n\n<p>K\u0131sa bir s\u00fcre sonra, koruyucu g\u00f6zl\u00fcklerimizle donanm\u0131\u015f halde otele geri d\u00f6nen &#8220;taksi&#8221;de oturuyorduk. Otelde her \u015feyin \u00e7ok parlak ve g\u00f6z kama\u015ft\u0131r\u0131c\u0131 oldu\u011funu fark ettik, bu y\u00fczden perdeleri kapatt\u0131k ve g\u00f6z damlas\u0131 kullanmak i\u00e7in her saat ba\u015f\u0131 alarm kurduk. Kimse bize g\u00f6zlerimizi zar zor a\u00e7abildi\u011fimizi s\u00f6ylemedi; d\u00f6rt saat boyunca ac\u0131 \u00e7ektik, anlat\u0131lamaz bir durum. B\u00fcy\u00fck zorlukla odam\u0131za yemek sipari\u015f etmeyi ba\u015fard\u0131k, ard\u0131ndan uyuduk. Gece boyunca her uyand\u0131\u011f\u0131m\u0131zda g\u00f6z damlas\u0131 kulland\u0131k.    <\/p>\n\n\n\n<p>\u00c7ar\u015famba g\u00fcn\u00fc, g\u00fcne\u015f g\u00f6zl\u00fc\u011f\u00fc takarak kahvalt\u0131ya gittik, ard\u0131ndan kontrol randevusu i\u00e7in hastaneye gittik. Oradan, Kapal\u0131 \u00c7ar\u015f\u0131&#8217;ya nas\u0131l gidece\u011fimiz ve Levent Oteli&#8217;ne nas\u0131l d\u00f6nece\u011fimiz konusunda yol tarifi ald\u0131k. Not: Yan\u0131m\u0131zda GPS&#8217;li bir ak\u0131ll\u0131 telefonumuzun olmas\u0131 \u00e7ok i\u015fimize yarad\u0131.   <\/p>\n\n\n\n<p>Per\u015fembe g\u00fcn\u00fc \u00f6\u011flen saatlerinde bizi ald\u0131lar ve havaalan\u0131na g\u00f6t\u00fcrd\u00fcler. O zamandan beri iki hafta ge\u00e7ti ve hala zaman zaman karanl\u0131kta net g\u00f6rmekte zorlan\u0131yorum, g\u00fcnd\u00fczleri de daha az s\u0131kl\u0131kla ayn\u0131 sorunla kar\u015f\u0131la\u015f\u0131yorum. G\u00f6zlerimi e\u011fitmek i\u00e7in birka\u00e7 egzersiz buldum.  <\/p>\n\n\n\n<p>Bu karar\u0131 verdi\u011fime \u00e7ok sevindim ve kesinlikle tekrar verirdim.<br>Nadine Helbling<\/p>\n\n\n\n<div class=\"wp-block-group is-layout-grid wp-container-core-group-is-layout-baef362d wp-block-group-is-layout-grid\">\n<p><a href=\"https:\/\/medicaltravel.at\/home\/agb\/\" data-type=\"page\" data-id=\"2191\" rel=\"nofollow noopener\" target=\"_blank\"><\/a><a href=\"https:\/\/swisslasik.ch\/tr\/hasta-yorumlari-lasik-goez-lazeri\/istanbuldaki-femto-lasik-ameliyatim-5-ekim-2016-carsamba-raporu\/\" data-type=\"link\" data-id=\"https:\/\/swisslasik.ch\/tr\/hasta-yorumlari-lasik-goez-lazeri\/istanbuldaki-femto-lasik-ameliyatim-5-ekim-2016-carsamba-raporu\/\">\u00d6nceki rapor<\/a><\/p>\n\n\n\n<p class=\"has-text-align-right wp-container-content-5e2576f9\"><a href=\"https:\/\/medicaltravel.at\/home\/impressum\/\" data-type=\"page\" data-id=\"2193\" rel=\"nofollow noopener\" target=\"_blank\"><\/a><a href=\"https:\/\/medicaltravel.at\/home\/berichte-von-patienten\/erfahrungsberichte\/erfahrungsbericht-zahnbehandlung-in-istanbul\/\" data-type=\"page\" data-id=\"981\" rel=\"nofollow noopener\" target=\"_blank\"><\/a><a href=\"https:\/\/swisslasik.ch\/tr\/hasta-yorumlari-lasik-goez-lazeri\/istanbul-sokaklarinda-her-sey-normaldi-3-agustos-2016-carsamba-tarihli-rapor\/\" data-type=\"link\" data-id=\"https:\/\/swisslasik.ch\/tr\/hasta-yorumlari-lasik-goez-lazeri\/istanbul-sokaklarinda-her-sey-normaldi-3-agustos-2016-carsamba-tarihli-rapor\/\">Sonraki rapor<\/a><\/p>\n<\/div>\n","protected":false},"excerpt":{"rendered":"<p>\u0130stanbul&#8217;da lazer g\u00f6z ameliyat\u0131 m\u0131? \u015e\u00fcpheci misiniz? Ben de \u00f6yleydim&#8230; Kesinlikle yersiz bir \u015f\u00fcpheymi\u015f!! \u2013 19 Eyl\u00fcl 2016 Pazartesi tarihli rapor Swisslasik&#8217;i ilk kez 2015 sonbahar\u0131nda Z\u00fcspa fuar\u0131nda duydum. Orada bir test de yapt\u0131rd\u0131m ve k\u0131sa s\u00fcre sonra gelen kutuma raporun tamam\u0131n\u0131 i\u00e7eren bir e-posta ald\u0131m. Emin olmad\u0131\u011f\u0131m i\u00e7in, Z\u00fcrih&#8217;te LASIK ameliyat\u0131 da yapan &#8220;tarafs\u0131z&#8221; bir g\u00f6z doktoruna da gittim. O andan itibaren planlamaya ba\u015flad\u0131m. Tabii ki, SwissLASIK ve \u0130stanbul&#8217;daki klinik hakk\u0131nda \u00e7ok \u015fey okudum. \u0130stanbul&#8217;da g\u00f6zlerimi lazerle tedavi ettirmeye karar verdikten sonra, darbe giri\u015fimi ve havaalan\u0131ndaki sald\u0131r\u0131 bile seyahatimi planlamaktan beni cayd\u0131ramad\u0131. (\u0130stanbul&#8217;da b\u00fcy\u00fcm\u00fc\u015f bir \u00e7al\u0131\u015fan, \u015fehrin \u00e7ok b\u00fcy\u00fck oldu\u011funu ve g\u00f6r\u00fclecek \u00e7ok \u015fey oldu\u011funu s\u00f6yleyerek daha uzun s\u00fcre kalmam\u0131 tavsiye etti.) 5 Eyl\u00fcl 2016&#8217;da, her \u015feyi ayarlayan orta\u011f\u0131mla birlikte yola \u00e7\u0131kt\u0131k. Atat\u00fcrk Havaliman\u0131&#8217;na vard\u0131\u011f\u0131m\u0131zda, pasaport kontrol\u00fcnde son derece uzun bir kuyrukta beklemek zorunda kald\u0131k. Ac\u0131badem Yard\u0131m Noktas\u0131 ile ileti\u015fime ge\u00e7memiz 30 dakikadan fazla s\u00fcrd\u00fc\u011f\u00fc i\u00e7in, \u0130svi\u00e7re&#8217;ye ilk kez WhatsApp mesaj\u0131 g\u00f6nderiyordum. K\u0131sa bir s\u00fcre sonra, Swisslasik&#8217;in hastaneyi hemen bilgilendirdi\u011fini do\u011frulayan bir mesaj ald\u0131m. Sonunda bagajlar\u0131m\u0131z\u0131 ald\u0131ktan sonra, h\u0131zla Yard\u0131m Noktas\u0131na gittik ve \u00e7ok s\u0131cak bir \u015fekilde kar\u015f\u0131land\u0131k. Hatta iste\u011fimiz \u00fczerine su bile ikram edildi ve el arabam\u0131z\u0131 almak i\u00e7in uzun s\u00fcre beklemek zorunda kalmad\u0131k. Otele vard\u0131\u011f\u0131m\u0131zda s\u0131cak bir \u015fekilde kar\u015f\u0131land\u0131k ve hemen odam\u0131za g\u00f6t\u00fcr\u00fcld\u00fck. Biraz dinlenip bilgi ald\u0131ktan sonra Sapphire al\u0131\u015fveri\u015f merkezine gittik. Mutlaka g\u00f6r\u00fclmesi gereken bir yer de\u011fil ama y\u00fcksekli\u011fi ve yukar\u0131dan manzaras\u0131 kesinlikle etkileyici. G\u00fcne\u015f g\u00f6zl\u00fcklerimizi unuttu\u011fumuz i\u00e7in otele daha yak\u0131n olan al\u0131\u015fveri\u015f merkezine gittik. Orada birka\u00e7 optik\u00e7i bulduk. 6 Eyl\u00fcl&#8217;de sabah 9:00&#8217;da bizi ald\u0131lar. K\u00fc\u00e7\u00fck bir sapmadan sonra otob\u00fcs doldu ve Ac\u0131badem Hastanesi&#8217;ne do\u011fru yola koyulduk. Orada hemen terc\u00fcman\u0131m\u0131zla kar\u015f\u0131la\u015ft\u0131k ve bizi ilk testlerin yap\u0131laca\u011f\u0131 do\u011fru b\u00f6l\u00fcme g\u00f6t\u00fcrd\u00fc. \u00c7ok cana yak\u0131n ve her zaman yan\u0131m\u0131zdayd\u0131. Testler h\u0131zl\u0131yd\u0131, ancak ne yaz\u0131k ki aralar\u0131nda \u00e7ok fazla bekleme s\u00fcresi vard\u0131. \u00d6\u011fleden sonra h\u0131zl\u0131ca haz\u0131rland\u0131k ve i\u015flem ba\u015flayabildi. Ancak her \u015fey o kadar aceleyle yap\u0131ld\u0131 ki soru sormaya veya kendimizi haz\u0131rlamaya bile zaman kalmad\u0131, bu da olduk\u00e7a rahats\u0131z ediciydi. \u0130\u015flem h\u0131zl\u0131yd\u0131 ve partnerimi beklerken sakinle\u015ftirici etkisini g\u00f6stermeye ba\u015flad\u0131. K\u0131sa bir s\u00fcre sonra, koruyucu g\u00f6zl\u00fcklerimizle donanm\u0131\u015f halde otele geri d\u00f6nen &#8220;taksi&#8221;de oturuyorduk. Otelde her \u015feyin \u00e7ok parlak ve g\u00f6z kama\u015ft\u0131r\u0131c\u0131 oldu\u011funu fark ettik, bu y\u00fczden perdeleri kapatt\u0131k ve g\u00f6z damlas\u0131 kullanmak i\u00e7in her saat ba\u015f\u0131 alarm kurduk. Kimse bize g\u00f6zlerimizi zar zor a\u00e7abildi\u011fimizi s\u00f6ylemedi; d\u00f6rt saat boyunca ac\u0131 \u00e7ektik, anlat\u0131lamaz bir durum. B\u00fcy\u00fck zorlukla odam\u0131za yemek sipari\u015f etmeyi ba\u015fard\u0131k, ard\u0131ndan uyuduk. Gece boyunca her uyand\u0131\u011f\u0131m\u0131zda g\u00f6z damlas\u0131 kulland\u0131k. \u00c7ar\u015famba g\u00fcn\u00fc, g\u00fcne\u015f g\u00f6zl\u00fc\u011f\u00fc takarak kahvalt\u0131ya gittik, ard\u0131ndan kontrol randevusu i\u00e7in hastaneye gittik. Oradan, Kapal\u0131 \u00c7ar\u015f\u0131&#8217;ya nas\u0131l gidece\u011fimiz ve Levent Oteli&#8217;ne nas\u0131l d\u00f6nece\u011fimiz konusunda yol tarifi ald\u0131k. Not: Yan\u0131m\u0131zda GPS&#8217;li bir ak\u0131ll\u0131 telefonumuzun olmas\u0131 \u00e7ok i\u015fimize yarad\u0131. Per\u015fembe g\u00fcn\u00fc \u00f6\u011flen saatlerinde bizi ald\u0131lar ve havaalan\u0131na g\u00f6t\u00fcrd\u00fcler. O zamandan beri iki hafta ge\u00e7ti ve hala zaman zaman karanl\u0131kta net g\u00f6rmekte zorlan\u0131yorum, g\u00fcnd\u00fczleri de daha az s\u0131kl\u0131kla ayn\u0131 sorunla kar\u015f\u0131la\u015f\u0131yorum. G\u00f6zlerimi e\u011fitmek i\u00e7in birka\u00e7 egzersiz buldum. Bu karar\u0131 verdi\u011fime \u00e7ok sevindim ve kesinlikle tekrar verirdim.Nadine Helbling \u00d6nceki rapor Sonraki rapor<\/p>\n","protected":false},"author":4,"featured_media":0,"parent":3801,"menu_order":0,"comment_status":"closed","ping_status":"closed","template":"","meta":{"_joinchat":[],"footnotes":""},"class_list":["post-3824","page","type-page","status-publish","hentry"],"acf":[],"_links":{"self":[{"href":"https:\/\/swisslasik.ch\/tr\/wp-json\/wp\/v2\/pages\/3824","targetHints":{"allow":["GET"]}}],"collection":[{"href":"https:\/\/swisslasik.ch\/tr\/wp-json\/wp\/v2\/pages"}],"about":[{"href":"https:\/\/swisslasik.ch\/tr\/wp-json\/wp\/v2\/types\/page"}],"author":[{"embeddable":true,"href":"https:\/\/swisslasik.ch\/tr\/wp-json\/wp\/v2\/users\/4"}],"replies":[{"embeddable":true,"href":"https:\/\/swisslasik.ch\/tr\/wp-json\/wp\/v2\/comments?post=3824"}],"version-history":[{"count":2,"href":"https:\/\/swisslasik.ch\/tr\/wp-json\/wp\/v2\/pages\/3824\/revisions"}],"predecessor-version":[{"id":4681,"href":"https:\/\/swisslasik.ch\/tr\/wp-json\/wp\/v2\/pages\/3824\/revisions\/4681"}],"up":[{"embeddable":true,"href":"https:\/\/swisslasik.ch\/tr\/wp-json\/wp\/v2\/pages\/3801"}],"wp:attachment":[{"href":"https:\/\/swisslasik.ch\/tr\/wp-json\/wp\/v2\/media?parent=3824"}],"curies":[{"name":"wp","href":"https:\/\/api.w.org\/{rel}","templated":true}]}}