{"id":3826,"date":"2025-09-24T11:37:27","date_gmt":"2025-09-24T10:37:27","guid":{"rendered":"https:\/\/swisslasik.ch\/hasta-yorumlari-lasik-goez-lazeri\/tuerkiyedeki-guevenlik-endiseleri-yersizdir-27-ocak-2017-cuma-tarihli-rapor\/"},"modified":"2026-01-14T02:23:27","modified_gmt":"2026-01-14T01:23:27","slug":"tuerkiyedeki-guevenlik-endiseleri-yersizdir-27-ocak-2017-cuma-tarihli-rapor","status":"publish","type":"page","link":"https:\/\/swisslasik.ch\/tr\/hasta-yorumlari-lasik-goez-lazeri\/tuerkiyedeki-guevenlik-endiseleri-yersizdir-27-ocak-2017-cuma-tarihli-rapor\/","title":{"rendered":"T\u00fcrkiye&#8217;deki g\u00fcvenlik endi\u015feleri yersizdir! \u2013 27 Ocak 2017 Cuma tarihli rapor"},"content":{"rendered":"\n<h3 class=\"wp-block-heading\">T\u00fcrkiye&#8217;deki g\u00fcvenlik endi\u015feleri yersizdir! \u2013 27 Ocak 2017 Cuma tarihli rapor<\/h3>\n\n\n\n<p>Bir s\u00fcredir g\u00f6zl\u00fcklerim spor yaparken, k\u00f6pe\u011fimi gezdirirken ve ya\u011fmurda beni rahats\u0131z ediyordu. G\u00f6z ameliyat\u0131 olma konusunda uzun s\u00fcre d\u00fc\u015f\u00fcnd\u00fckten sonra, \u0130svi\u00e7re&#8217;ye alternatifleri internetten ara\u015ft\u0131rd\u0131m. K\u0131sa s\u00fcre sonra Swisslasik web sitesine rastlad\u0131m. Bay Kara ile k\u0131sa bir telefon g\u00f6r\u00fc\u015fmesinin ard\u0131ndan ilk kons\u00fcltasyon randevusu ayarland\u0131. Kons\u00fcltasyon g\u00fcn\u00fcnde Bay Kara, \u0130stanbul&#8217;daki prosed\u00fcr\u00fc ayr\u0131nt\u0131l\u0131 bir \u015fekilde a\u00e7\u0131klad\u0131 ve t\u00fcm endi\u015felerimi giderdi. Birka\u00e7 g\u00fcn sonra, sonu\u00e7lar\u0131m\u0131 ve ameliyat i\u00e7in uygun bir aday oldu\u011fuma dair onay\u0131 ald\u0131\u011f\u0131mda, seyahatimi planlamaya ba\u015flad\u0131m. Noel ve Yeni Y\u0131l aras\u0131ndaki hafta i\u00e7inde \u0130stanbul&#8217;a u\u00e7maya karar verdim. Do\u011fal olarak, T\u00fcrkiye&#8217;deki ter\u00f6rizm konusunda endi\u015felerim vard\u0131, ancak \u0130stanbul Havaliman\u0131&#8217;ndaki g\u00fcvenlik \u00f6nlemleri iyi gizlenmi\u015f oldu\u011fu ve otelimiz \u015fehir merkezinin biraz d\u0131\u015f\u0131nda bulundu\u011fu i\u00e7in bu endi\u015felerim yersiz \u00e7\u0131kt\u0131. Ac\u0131badem klini\u011fi de do\u011frudan merkezde de\u011fil.        <\/p>\n\n\n\n<p>Seyahat raporum: 26 Aral\u0131k 2016 Pazartesi g\u00fcn\u00fc, arkada\u015f\u0131mla birlikte Z\u00fcrih Havaliman\u0131&#8217;na gittik. Kalk\u0131\u015ftan yar\u0131m saat \u00f6nce, u\u00e7a\u011f\u0131n yeni geldi\u011fi ve bir saat daha kalk\u0131\u015f yapamayaca\u011f\u0131m\u0131z bilgisi verildi. Yine de, Swisslasik&#8217;ten Bay Kara&#8217;y\u0131 gecikme hakk\u0131nda bilgilendirmek i\u00e7in cep telefonumu \u00e7\u0131kard\u0131m. Telefonda bana hemen \u0130stanbul&#8217;daki Ac\u0131badem Hastanesi&#8217;ni bilgilendirece\u011fini ve endi\u015felenmememiz gerekti\u011fini s\u00f6yledi. K\u0131sa bir u\u00e7u\u015fun ard\u0131ndan \u0130stanbul&#8217;a g\u00fcvenli bir \u015fekilde indik. U\u00e7aktan inerken, telefonumda kar\u015f\u0131lama servisinden bir arama vard\u0131. Geri arad\u0131m ve pasaport kontrol\u00fcnde oldu\u011fumuzu s\u00f6yledim. Ac\u0131badem Hastanesi kar\u015f\u0131lama noktas\u0131nda s\u0131cak bir kar\u015f\u0131lama ald\u0131k ve hemen otob\u00fcse bindirildik. Biraz uzun bir otob\u00fcs yolculu\u011funun ard\u0131ndan (evet, \u0130stanbul ger\u00e7ekten \u00e7ok trafi\u011fi olan b\u00fcy\u00fck bir metropol), otelimize vard\u0131k. K\u0131sa bir molan\u0131n ard\u0131ndan, erken yatmadan \u00f6nce h\u0131zl\u0131ca bir \u015feyler yemek i\u00e7in \u015fehre gittik. Otelde ge\u00e7irdi\u011fimiz dinlendirici bir gecenin ard\u0131ndan, sabah 9:00&#8217;da bizi almaya geldiler. Genellikle yabanc\u0131 durumlarda inan\u0131lmaz derecede endi\u015feli olmama ra\u011fmen, hi\u00e7 gerginlik hissetmedim. Otob\u00fcste Ac\u0131badem Hastanesi&#8217;ne g\u00f6t\u00fcr\u00fclen ba\u015fka hastalar da vard\u0131. Var\u0131\u015fta, terc\u00fcman\u0131m\u0131z bizi kar\u015f\u0131lad\u0131. K\u0131sa bir \u00f6n muayeneden sonra, bekleme odas\u0131na d\u00f6nd\u00fcm ve bir sonraki muayeneyi bekledim. Terc\u00fcman bana her \u015fey boyunca e\u015flik etti ve her \u015feyi a\u00e7\u0131klad\u0131. Dr. Banu Cosar \u00e7ok cana yak\u0131nd\u0131 ve t\u00fcm sorular\u0131m\u0131 cevaplamak i\u00e7in zaman ay\u0131rd\u0131. Hastane kafeteryas\u0131nda \u00f6\u011fle yeme\u011finden sonra, terc\u00fcman\u0131m\u0131z bizi ald\u0131 ve ameliyathaneye g\u00f6t\u00fcrd\u00fc. Yine, hi\u00e7 gerginlik hissetmedim. Saat 14:30&#8217;da i\u015flem nihayet ba\u015flad\u0131. Terc\u00fcman beni ameliyathaneye g\u00f6t\u00fcrd\u00fc ve 10 dakika sonra ayr\u0131lmama izin verildi. Her \u015fey m\u00fckemmel gitti. Lazer i\u015fleminden bu kadar k\u0131sa s\u00fcre sonra bu kadar iyi g\u00f6rebildi\u011fime olduk\u00e7a \u015fa\u015f\u0131rd\u0131m. Elbette, hala biraz bulan\u0131kt\u0131, ama g\u00f6r\u00fc\u015f\u00fcn iyile\u015fti\u011fini zaten anlayabiliyordum. Bekleme odas\u0131na g\u00f6t\u00fcr\u00fcld\u00fck ve takip randevusunu bekledik. On be\u015f dakika sonra Dr. Banu Conar beni muayene etti ve Femto LASIK ameliyat\u0131n\u0131n b\u00fcy\u00fck bir ba\u015far\u0131yla sonu\u00e7land\u0131\u011f\u0131n\u0131 s\u00f6yledi. Birka\u00e7 soru daha sormama izin verildi ve ard\u0131ndan koruyucu g\u00f6zl\u00fcklerle hastaneden taburcu edildim. Otob\u00fcs zaten giri\u015fin \u00f6n\u00fcnde bekliyordu ve bizi otele geri g\u00f6t\u00fcrd\u00fc. Oraya vard\u0131\u011f\u0131mda, olduk\u00e7a yorgun oldu\u011fum i\u00e7in hemen uzand\u0131m. \u0130ki saat boyunca g\u00f6zlerim suland\u0131 ve yand\u0131. Yan\u0131mdaki ki\u015fi her saat ba\u015f\u0131 bana iki farkl\u0131 t\u00fcrde g\u00f6z damlas\u0131 damlatmak zorunda kald\u0131. G\u00f6zlerimi zar zor a\u00e7\u0131k tutabildi\u011fim i\u00e7in yan\u0131mda birinin olmas\u0131 beni \u00e7ok mutlu etti. \u0130ki bu\u00e7uk saat sonra kendimi daha iyi hissetmeye ba\u015flad\u0131m.                             Otel restoran\u0131na gittik ve m\u00fckemmel bir yemek yedik. Geceyi koruyucu g\u00f6zl\u00fcklerimi takarak ge\u00e7irdim ve ertesi sabah uyand\u0131\u011f\u0131mda g\u00f6zlerim sanki hi\u00e7bir \u015fey olmam\u0131\u015f gibiydi. Sonunda g\u00f6zl\u00fcks\u00fcz bu kadar net g\u00f6rebildi\u011fim i\u00e7in \u00e7ok mutluydum. Sabah 9&#8217;da son kontrol i\u00e7in tekrar al\u0131nd\u0131k. Her \u015fey m\u00fckemmel durumdayd\u0131 ve hatta birka\u00e7 soru daha sormama izin verildi. Terc\u00fcmana nerede al\u0131\u015fveri\u015f yapabilece\u011fimizi sorduk ve o da iki al\u0131\u015fveri\u015f merkezi \u00f6nerdi. \u015eof\u00f6r\u00fcn bizi oraya b\u0131rak\u0131p b\u0131rakamayaca\u011f\u0131n\u0131 sordum ve o da elbette dedi. B\u00f6ylece biraz daha al\u0131\u015fveri\u015f yapt\u0131k, ak\u015fam yeme\u011fi yedik ve o ak\u015fam erken yatt\u0131k. 30 Ocak Per\u015fembe g\u00fcn\u00fc, \u00f6\u011flen tam saatinde \u00e7ok \u015f\u0131k bir otob\u00fcsle al\u0131nd\u0131k ve havaalan\u0131na g\u00f6t\u00fcr\u00fcld\u00fck. K\u0131sa bir u\u00e7u\u015fun ard\u0131ndan Z\u00fcrih&#8217;e g\u00fcvenli bir \u015fekilde indik.         <\/p>\n\n\n\n<p>Femto LASIK ameliyat\u0131mdan bir ay sonra: Harika hissediyorum! Her g\u00fcn g\u00f6zl\u00fcks\u00fcz d\u0131\u015far\u0131 \u00e7\u0131kmay\u0131 d\u00f6rt g\u00f6zle bekliyorum. Tarifsiz bir duygu. G\u00f6zlerim hala \u0131\u015f\u0131\u011fa biraz hassas, bu y\u00fczden bazen ofiste masamda g\u00fcne\u015f g\u00f6zl\u00fc\u011f\u00fc tak\u0131yorum. Sa\u011f g\u00f6z\u00fcm zaman zaman hala biraz bulan\u0131k, ancak bu \u00f6n\u00fcm\u00fczdeki birka\u00e7 hafta i\u00e7inde \u00f6nemli \u00f6l\u00e7\u00fcde d\u00fczelecek. Her \u015fey inan\u0131lmaz derecede iyi organize edilmi\u015fti ve geziyi tek ba\u015f\u0131n\u0131za kolayca yapabilirsiniz. G\u00f6zl\u00fck takmaktan rahats\u0131z olan herkese bu geziyi tavsiye ederim ve tek bir dakikas\u0131na bile pi\u015fman olmad\u0131m.     <\/p>\n\n\n\n<p>Manuela Schilt, Bern<\/p>\n\n\n\n<div class=\"wp-block-group is-layout-grid wp-container-core-group-is-layout-baef362d wp-block-group-is-layout-grid\">\n<p><a href=\"https:\/\/medicaltravel.at\/home\/agb\/\" data-type=\"page\" data-id=\"2191\" rel=\"nofollow noopener\" target=\"_blank\"><\/a><a href=\"https:\/\/swisslasik.ch\/tr\/hasta-yorumlari-lasik-goez-lazeri\/7-diyoptriden-goezlueksuez-bir-hayata-18-mayis-2017-persembe-tarihli-rapor\/\" data-type=\"link\" data-id=\"https:\/\/swisslasik.ch\/tr\/hasta-yorumlari-lasik-goez-lazeri\/7-diyoptriden-goezlueksuez-bir-hayata-18-mayis-2017-persembe-tarihli-rapor\/\">\u00d6nceki rapor<\/a><\/p>\n\n\n\n<p class=\"has-text-align-right wp-container-content-5e2576f9\"><a href=\"https:\/\/medicaltravel.at\/home\/impressum\/\" data-type=\"page\" data-id=\"2193\" rel=\"nofollow noopener\" target=\"_blank\"><\/a><a href=\"https:\/\/medicaltravel.at\/home\/berichte-von-patienten\/erfahrungsberichte\/erfahrungsbericht-zahnbehandlung-in-istanbul\/\" data-type=\"page\" data-id=\"981\" rel=\"nofollow noopener\" target=\"_blank\"><\/a><a href=\"https:\/\/swisslasik.ch\/tr\/hasta-yorumlari-lasik-goez-lazeri\/istanbuldaki-femto-lasik-ameliyatim-5-ekim-2016-carsamba-raporu\/\" data-type=\"link\" data-id=\"https:\/\/swisslasik.ch\/tr\/hasta-yorumlari-lasik-goez-lazeri\/istanbuldaki-femto-lasik-ameliyatim-5-ekim-2016-carsamba-raporu\/\">Sonraki rapor<\/a><\/p>\n<\/div>\n","protected":false},"excerpt":{"rendered":"<p>T\u00fcrkiye&#8217;deki g\u00fcvenlik endi\u015feleri yersizdir! \u2013 27 Ocak 2017 Cuma tarihli rapor Bir s\u00fcredir g\u00f6zl\u00fcklerim spor yaparken, k\u00f6pe\u011fimi gezdirirken ve ya\u011fmurda beni rahats\u0131z ediyordu. G\u00f6z ameliyat\u0131 olma konusunda uzun s\u00fcre d\u00fc\u015f\u00fcnd\u00fckten sonra, \u0130svi\u00e7re&#8217;ye alternatifleri internetten ara\u015ft\u0131rd\u0131m. K\u0131sa s\u00fcre sonra Swisslasik web sitesine rastlad\u0131m. Bay Kara ile k\u0131sa bir telefon g\u00f6r\u00fc\u015fmesinin ard\u0131ndan ilk kons\u00fcltasyon randevusu ayarland\u0131. Kons\u00fcltasyon g\u00fcn\u00fcnde Bay Kara, \u0130stanbul&#8217;daki prosed\u00fcr\u00fc ayr\u0131nt\u0131l\u0131 bir \u015fekilde a\u00e7\u0131klad\u0131 ve t\u00fcm endi\u015felerimi giderdi. Birka\u00e7 g\u00fcn sonra, sonu\u00e7lar\u0131m\u0131 ve ameliyat i\u00e7in uygun bir aday oldu\u011fuma dair onay\u0131 ald\u0131\u011f\u0131mda, seyahatimi planlamaya ba\u015flad\u0131m. Noel ve Yeni Y\u0131l aras\u0131ndaki hafta i\u00e7inde \u0130stanbul&#8217;a u\u00e7maya karar verdim. Do\u011fal olarak, T\u00fcrkiye&#8217;deki ter\u00f6rizm konusunda endi\u015felerim vard\u0131, ancak \u0130stanbul Havaliman\u0131&#8217;ndaki g\u00fcvenlik \u00f6nlemleri iyi gizlenmi\u015f oldu\u011fu ve otelimiz \u015fehir merkezinin biraz d\u0131\u015f\u0131nda bulundu\u011fu i\u00e7in bu endi\u015felerim yersiz \u00e7\u0131kt\u0131. Ac\u0131badem klini\u011fi de do\u011frudan merkezde de\u011fil. Seyahat raporum: 26 Aral\u0131k 2016 Pazartesi g\u00fcn\u00fc, arkada\u015f\u0131mla birlikte Z\u00fcrih Havaliman\u0131&#8217;na gittik. Kalk\u0131\u015ftan yar\u0131m saat \u00f6nce, u\u00e7a\u011f\u0131n yeni geldi\u011fi ve bir saat daha kalk\u0131\u015f yapamayaca\u011f\u0131m\u0131z bilgisi verildi. Yine de, Swisslasik&#8217;ten Bay Kara&#8217;y\u0131 gecikme hakk\u0131nda bilgilendirmek i\u00e7in cep telefonumu \u00e7\u0131kard\u0131m. Telefonda bana hemen \u0130stanbul&#8217;daki Ac\u0131badem Hastanesi&#8217;ni bilgilendirece\u011fini ve endi\u015felenmememiz gerekti\u011fini s\u00f6yledi. K\u0131sa bir u\u00e7u\u015fun ard\u0131ndan \u0130stanbul&#8217;a g\u00fcvenli bir \u015fekilde indik. U\u00e7aktan inerken, telefonumda kar\u015f\u0131lama servisinden bir arama vard\u0131. Geri arad\u0131m ve pasaport kontrol\u00fcnde oldu\u011fumuzu s\u00f6yledim. Ac\u0131badem Hastanesi kar\u015f\u0131lama noktas\u0131nda s\u0131cak bir kar\u015f\u0131lama ald\u0131k ve hemen otob\u00fcse bindirildik. Biraz uzun bir otob\u00fcs yolculu\u011funun ard\u0131ndan (evet, \u0130stanbul ger\u00e7ekten \u00e7ok trafi\u011fi olan b\u00fcy\u00fck bir metropol), otelimize vard\u0131k. K\u0131sa bir molan\u0131n ard\u0131ndan, erken yatmadan \u00f6nce h\u0131zl\u0131ca bir \u015feyler yemek i\u00e7in \u015fehre gittik. Otelde ge\u00e7irdi\u011fimiz dinlendirici bir gecenin ard\u0131ndan, sabah 9:00&#8217;da bizi almaya geldiler. Genellikle yabanc\u0131 durumlarda inan\u0131lmaz derecede endi\u015feli olmama ra\u011fmen, hi\u00e7 gerginlik hissetmedim. Otob\u00fcste Ac\u0131badem Hastanesi&#8217;ne g\u00f6t\u00fcr\u00fclen ba\u015fka hastalar da vard\u0131. Var\u0131\u015fta, terc\u00fcman\u0131m\u0131z bizi kar\u015f\u0131lad\u0131. K\u0131sa bir \u00f6n muayeneden sonra, bekleme odas\u0131na d\u00f6nd\u00fcm ve bir sonraki muayeneyi bekledim. Terc\u00fcman bana her \u015fey boyunca e\u015flik etti ve her \u015feyi a\u00e7\u0131klad\u0131. Dr. Banu Cosar \u00e7ok cana yak\u0131nd\u0131 ve t\u00fcm sorular\u0131m\u0131 cevaplamak i\u00e7in zaman ay\u0131rd\u0131. Hastane kafeteryas\u0131nda \u00f6\u011fle yeme\u011finden sonra, terc\u00fcman\u0131m\u0131z bizi ald\u0131 ve ameliyathaneye g\u00f6t\u00fcrd\u00fc. Yine, hi\u00e7 gerginlik hissetmedim. Saat 14:30&#8217;da i\u015flem nihayet ba\u015flad\u0131. Terc\u00fcman beni ameliyathaneye g\u00f6t\u00fcrd\u00fc ve 10 dakika sonra ayr\u0131lmama izin verildi. Her \u015fey m\u00fckemmel gitti. Lazer i\u015fleminden bu kadar k\u0131sa s\u00fcre sonra bu kadar iyi g\u00f6rebildi\u011fime olduk\u00e7a \u015fa\u015f\u0131rd\u0131m. Elbette, hala biraz bulan\u0131kt\u0131, ama g\u00f6r\u00fc\u015f\u00fcn iyile\u015fti\u011fini zaten anlayabiliyordum. Bekleme odas\u0131na g\u00f6t\u00fcr\u00fcld\u00fck ve takip randevusunu bekledik. On be\u015f dakika sonra Dr. Banu Conar beni muayene etti ve Femto LASIK ameliyat\u0131n\u0131n b\u00fcy\u00fck bir ba\u015far\u0131yla sonu\u00e7land\u0131\u011f\u0131n\u0131 s\u00f6yledi. Birka\u00e7 soru daha sormama izin verildi ve ard\u0131ndan koruyucu g\u00f6zl\u00fcklerle hastaneden taburcu edildim. Otob\u00fcs zaten giri\u015fin \u00f6n\u00fcnde bekliyordu ve bizi otele geri g\u00f6t\u00fcrd\u00fc. Oraya vard\u0131\u011f\u0131mda, olduk\u00e7a yorgun oldu\u011fum i\u00e7in hemen uzand\u0131m. \u0130ki saat boyunca g\u00f6zlerim suland\u0131 ve yand\u0131. Yan\u0131mdaki ki\u015fi her saat ba\u015f\u0131 bana iki farkl\u0131 t\u00fcrde g\u00f6z damlas\u0131 damlatmak zorunda kald\u0131. G\u00f6zlerimi zar zor a\u00e7\u0131k tutabildi\u011fim i\u00e7in yan\u0131mda birinin olmas\u0131 beni \u00e7ok mutlu etti. \u0130ki bu\u00e7uk saat sonra kendimi daha iyi hissetmeye ba\u015flad\u0131m. Otel restoran\u0131na gittik ve m\u00fckemmel bir yemek yedik. Geceyi koruyucu g\u00f6zl\u00fcklerimi takarak ge\u00e7irdim ve ertesi sabah uyand\u0131\u011f\u0131mda g\u00f6zlerim sanki hi\u00e7bir \u015fey olmam\u0131\u015f gibiydi. Sonunda g\u00f6zl\u00fcks\u00fcz bu kadar net g\u00f6rebildi\u011fim i\u00e7in \u00e7ok mutluydum. Sabah 9&#8217;da son kontrol i\u00e7in tekrar al\u0131nd\u0131k. Her \u015fey m\u00fckemmel durumdayd\u0131 ve hatta birka\u00e7 soru daha sormama izin verildi. Terc\u00fcmana nerede al\u0131\u015fveri\u015f yapabilece\u011fimizi sorduk ve o da iki al\u0131\u015fveri\u015f merkezi \u00f6nerdi. \u015eof\u00f6r\u00fcn bizi oraya b\u0131rak\u0131p b\u0131rakamayaca\u011f\u0131n\u0131 sordum ve o da elbette dedi. B\u00f6ylece biraz daha al\u0131\u015fveri\u015f yapt\u0131k, ak\u015fam yeme\u011fi yedik ve o ak\u015fam erken yatt\u0131k. 30 Ocak Per\u015fembe g\u00fcn\u00fc, \u00f6\u011flen tam saatinde \u00e7ok \u015f\u0131k bir otob\u00fcsle al\u0131nd\u0131k ve havaalan\u0131na g\u00f6t\u00fcr\u00fcld\u00fck. K\u0131sa bir u\u00e7u\u015fun ard\u0131ndan Z\u00fcrih&#8217;e g\u00fcvenli bir \u015fekilde indik. Femto LASIK ameliyat\u0131mdan bir ay sonra: Harika hissediyorum! Her g\u00fcn g\u00f6zl\u00fcks\u00fcz d\u0131\u015far\u0131 \u00e7\u0131kmay\u0131 d\u00f6rt g\u00f6zle bekliyorum. Tarifsiz bir duygu. G\u00f6zlerim hala \u0131\u015f\u0131\u011fa biraz hassas, bu y\u00fczden bazen ofiste masamda g\u00fcne\u015f g\u00f6zl\u00fc\u011f\u00fc tak\u0131yorum. Sa\u011f g\u00f6z\u00fcm zaman zaman hala biraz bulan\u0131k, ancak bu \u00f6n\u00fcm\u00fczdeki birka\u00e7 hafta i\u00e7inde \u00f6nemli \u00f6l\u00e7\u00fcde d\u00fczelecek. Her \u015fey inan\u0131lmaz derecede iyi organize edilmi\u015fti ve geziyi tek ba\u015f\u0131n\u0131za kolayca yapabilirsiniz. G\u00f6zl\u00fck takmaktan rahats\u0131z olan herkese bu geziyi tavsiye ederim ve tek bir dakikas\u0131na bile pi\u015fman olmad\u0131m. Manuela Schilt, Bern \u00d6nceki rapor Sonraki rapor<\/p>\n","protected":false},"author":4,"featured_media":0,"parent":3801,"menu_order":0,"comment_status":"closed","ping_status":"closed","template":"","meta":{"_joinchat":[],"footnotes":""},"class_list":["post-3826","page","type-page","status-publish","hentry"],"acf":[],"_links":{"self":[{"href":"https:\/\/swisslasik.ch\/tr\/wp-json\/wp\/v2\/pages\/3826","targetHints":{"allow":["GET"]}}],"collection":[{"href":"https:\/\/swisslasik.ch\/tr\/wp-json\/wp\/v2\/pages"}],"about":[{"href":"https:\/\/swisslasik.ch\/tr\/wp-json\/wp\/v2\/types\/page"}],"author":[{"embeddable":true,"href":"https:\/\/swisslasik.ch\/tr\/wp-json\/wp\/v2\/users\/4"}],"replies":[{"embeddable":true,"href":"https:\/\/swisslasik.ch\/tr\/wp-json\/wp\/v2\/comments?post=3826"}],"version-history":[{"count":2,"href":"https:\/\/swisslasik.ch\/tr\/wp-json\/wp\/v2\/pages\/3826\/revisions"}],"predecessor-version":[{"id":4680,"href":"https:\/\/swisslasik.ch\/tr\/wp-json\/wp\/v2\/pages\/3826\/revisions\/4680"}],"up":[{"embeddable":true,"href":"https:\/\/swisslasik.ch\/tr\/wp-json\/wp\/v2\/pages\/3801"}],"wp:attachment":[{"href":"https:\/\/swisslasik.ch\/tr\/wp-json\/wp\/v2\/media?parent=3826"}],"curies":[{"name":"wp","href":"https:\/\/api.w.org\/{rel}","templated":true}]}}