{"id":3828,"date":"2025-09-24T11:35:41","date_gmt":"2025-09-24T10:35:41","guid":{"rendered":"https:\/\/swisslasik.ch\/hasta-yorumlari-lasik-goez-lazeri\/islemden-ve-sonuctan-cok-memnun-kaldim-istanbuldaki-i-lasik-deneyimim-23-aralik-2017-cumartesi-tarihli-raporum\/"},"modified":"2026-01-14T02:21:53","modified_gmt":"2026-01-14T01:21:53","slug":"islemden-ve-sonuctan-cok-memnun-kaldim-istanbuldaki-i-lasik-deneyimim-23-aralik-2017-cumartesi-tarihli-raporum","status":"publish","type":"page","link":"https:\/\/swisslasik.ch\/tr\/hasta-yorumlari-lasik-goez-lazeri\/islemden-ve-sonuctan-cok-memnun-kaldim-istanbuldaki-i-lasik-deneyimim-23-aralik-2017-cumartesi-tarihli-raporum\/","title":{"rendered":"\u0130\u015flemden ve sonu\u00e7tan \u00e7ok memnun kald\u0131m&#8230; \u0130stanbul&#8217;daki I-LASIK deneyimim &#8211; 23 Aral\u0131k 2017 Cumartesi tarihli raporum."},"content":{"rendered":"\n<h3 class=\"wp-block-heading\">\u0130\u015flemden ve sonu\u00e7tan \u00e7ok memnun kald\u0131m&#8230; \u0130stanbul&#8217;daki I-LASIK deneyimim &#8211; 23 Aral\u0131k 2017 Cumartesi tarihli raporum.<\/h3>\n\n\n\n<p>Aral\u0131k 2017&#8217;de \u0130stanbul Ac\u0131badem Hastanesi&#8217;nde lazer g\u00f6z ameliyat\u0131 ve di\u015f tedavisi oldum. Bern merkezli SWISSLASIK \u2013 MedicalTravel GmbH&#8217;nin sundu\u011fu hizmetten haberdar oldum. Bay Kara ve Swisslasik ekibi en ba\u015f\u0131ndan beri g\u00fcler y\u00fczl\u00fc ve profesyoneldi.  <\/p>\n\n\n\n<p>\u0130\u015flem i\u00e7in uygunlu\u011fu belirlemek amac\u0131yla \u0130svi\u00e7re&#8217;de rutin olarak \u00f6n muayene yap\u0131lmaktad\u0131r. Muayenem ba\u015far\u0131l\u0131 ge\u00e7tikten sonra Swisslasik, \u0130stanbul&#8217;da ameliyat\u0131 organize etti. <\/p>\n\n\n\n<p>\u0130stanbul&#8217;da, havaalan\u0131, otel ve hastane aras\u0131ndaki t\u00fcm transferler Ac\u0131badem Hastanesi&#8217;nin kendi ula\u015f\u0131m hizmeti taraf\u0131ndan ger\u00e7ekle\u015ftirildi. Hastanede, t\u00fcm s\u00fcre\u00e7 boyunca bir terc\u00fcman e\u015fli\u011finde kay\u0131t, \u00f6n muayeneler, tedavi gibi t\u00fcm \u00f6nemli noktalara g\u00f6t\u00fcr\u00fcld\u00fcm. M\u00fckemmel bir bak\u0131m ald\u0131m ve hi\u00e7bir \u015fey i\u00e7in endi\u015felenmeme gerek kalmad\u0131.  <\/p>\n\n\n\n<p>Muayeneler ve tedaviler son derece profesyonel ve \u00e7ok samimi bir ortamda ger\u00e7ekle\u015ftirildi. Anlad\u0131\u011f\u0131m kadar\u0131yla, bina ve t\u0131bbi ekipman son teknoloji \u00fcr\u00fcn\u00fc; Almanya veya \u0130svi\u00e7re&#8217;deki hastanelerle ayn\u0131 seviyede, hatta onlar\u0131 geride b\u0131rak\u0131yor. \u0130\u015flemlerin kendisi de son derece profesyoneldi, sorunsuz ge\u00e7ti ve istenen sonucu verdi.  <\/p>\n\n\n\n<p>Genel olarak, tedavi s\u00fcrecimden ve sonu\u00e7lar\u0131ndan \u00e7ok memnunum. G\u00f6zl\u00fcks\u00fcz bu kadar net g\u00f6rebilmenin verdi\u011fi hissi hala tarif edemiyorum. G\u00f6z tahri\u015fi, gece k\u00f6rl\u00fc\u011f\u00fc gibi herhangi bir yan etki ya\u015famad\u0131m.  <\/p>\n\n\n\n<p>\u0130svi\u00e7re&#8217;deki SWISSLASIK ve \u0130stanbul&#8217;daki Ac\u0131badem Hastanesi personelinin sa\u011flad\u0131\u011f\u0131 bak\u0131m son derece iyi ve \u00f6rnek te\u015fkil ediciydi. Tedaviyi ge\u00e7irdikten sonra, SWISSLASIK&#8217;i ve Ac\u0131badem Hastanesi&#8217;ni bir\u00e7ok arkada\u015f\u0131ma, tan\u0131d\u0131\u011f\u0131ma ve meslekta\u015f\u0131ma tavsiye ettim ve bunu yapmaya devam edece\u011fim.<\/p>\n\n\n\n<p>Sebastian Schiller, Bern<\/p>\n\n\n\n<div class=\"wp-block-group is-layout-grid wp-container-core-group-is-layout-baef362d wp-block-group-is-layout-grid\">\n<p><a href=\"https:\/\/medicaltravel.at\/home\/agb\/\" data-type=\"page\" data-id=\"2191\" rel=\"nofollow noopener\" target=\"_blank\"><\/a><a href=\"https:\/\/swisslasik.ch\/tr\/hasta-yorumlari-lasik-goez-lazeri\/ayni-kaliteyi-baska-yerlerde-cok-daha-ucuza-alabiliyorken-neden-burada-10-000-chf-oedeyeyim-ki-8-ocak-2018-pazartesi-tarihli-rapor\/\" data-type=\"link\" data-id=\"https:\/\/swisslasik.ch\/tr\/hasta-yorumlari-lasik-goez-lazeri\/ayni-kaliteyi-baska-yerlerde-cok-daha-ucuza-alabiliyorken-neden-burada-10-000-chf-oedeyeyim-ki-8-ocak-2018-pazartesi-tarihli-rapor\/\">\u00d6nceki rapor<\/a><\/p>\n\n\n\n<p class=\"has-text-align-right wp-container-content-5e2576f9\"><a href=\"https:\/\/medicaltravel.at\/home\/impressum\/\" data-type=\"page\" data-id=\"2193\" rel=\"nofollow noopener\" target=\"_blank\"><\/a><a href=\"https:\/\/medicaltravel.at\/home\/berichte-von-patienten\/erfahrungsberichte\/erfahrungsbericht-zahnbehandlung-in-istanbul\/\" data-type=\"page\" data-id=\"981\" rel=\"nofollow noopener\" target=\"_blank\"><\/a><a href=\"https:\/\/swisslasik.ch\/tr\/hasta-yorumlari-lasik-goez-lazeri\/antalyada-lazer-goez-ameliyati-deneyim-raporu-6-haziran-2017-sali-tarihli-rapor\/\" data-type=\"link\" data-id=\"https:\/\/swisslasik.ch\/tr\/hasta-yorumlari-lasik-goez-lazeri\/antalyada-lazer-goez-ameliyati-deneyim-raporu-6-haziran-2017-sali-tarihli-rapor\/\">Sonraki rapor<\/a><\/p>\n<\/div>\n","protected":false},"excerpt":{"rendered":"<p>\u0130\u015flemden ve sonu\u00e7tan \u00e7ok memnun kald\u0131m&#8230; \u0130stanbul&#8217;daki I-LASIK deneyimim &#8211; 23 Aral\u0131k 2017 Cumartesi tarihli raporum. Aral\u0131k 2017&#8217;de \u0130stanbul Ac\u0131badem Hastanesi&#8217;nde lazer g\u00f6z ameliyat\u0131 ve di\u015f tedavisi oldum. Bern merkezli SWISSLASIK \u2013 MedicalTravel GmbH&#8217;nin sundu\u011fu hizmetten haberdar oldum. Bay Kara ve Swisslasik ekibi en ba\u015f\u0131ndan beri g\u00fcler y\u00fczl\u00fc ve profesyoneldi. \u0130\u015flem i\u00e7in uygunlu\u011fu belirlemek amac\u0131yla \u0130svi\u00e7re&#8217;de rutin olarak \u00f6n muayene yap\u0131lmaktad\u0131r. Muayenem ba\u015far\u0131l\u0131 ge\u00e7tikten sonra Swisslasik, \u0130stanbul&#8217;da ameliyat\u0131 organize etti. \u0130stanbul&#8217;da, havaalan\u0131, otel ve hastane aras\u0131ndaki t\u00fcm transferler Ac\u0131badem Hastanesi&#8217;nin kendi ula\u015f\u0131m hizmeti taraf\u0131ndan ger\u00e7ekle\u015ftirildi. Hastanede, t\u00fcm s\u00fcre\u00e7 boyunca bir terc\u00fcman e\u015fli\u011finde kay\u0131t, \u00f6n muayeneler, tedavi gibi t\u00fcm \u00f6nemli noktalara g\u00f6t\u00fcr\u00fcld\u00fcm. M\u00fckemmel bir bak\u0131m ald\u0131m ve hi\u00e7bir \u015fey i\u00e7in endi\u015felenmeme gerek kalmad\u0131. Muayeneler ve tedaviler son derece profesyonel ve \u00e7ok samimi bir ortamda ger\u00e7ekle\u015ftirildi. Anlad\u0131\u011f\u0131m kadar\u0131yla, bina ve t\u0131bbi ekipman son teknoloji \u00fcr\u00fcn\u00fc; Almanya veya \u0130svi\u00e7re&#8217;deki hastanelerle ayn\u0131 seviyede, hatta onlar\u0131 geride b\u0131rak\u0131yor. \u0130\u015flemlerin kendisi de son derece profesyoneldi, sorunsuz ge\u00e7ti ve istenen sonucu verdi. Genel olarak, tedavi s\u00fcrecimden ve sonu\u00e7lar\u0131ndan \u00e7ok memnunum. G\u00f6zl\u00fcks\u00fcz bu kadar net g\u00f6rebilmenin verdi\u011fi hissi hala tarif edemiyorum. G\u00f6z tahri\u015fi, gece k\u00f6rl\u00fc\u011f\u00fc gibi herhangi bir yan etki ya\u015famad\u0131m. \u0130svi\u00e7re&#8217;deki SWISSLASIK ve \u0130stanbul&#8217;daki Ac\u0131badem Hastanesi personelinin sa\u011flad\u0131\u011f\u0131 bak\u0131m son derece iyi ve \u00f6rnek te\u015fkil ediciydi. Tedaviyi ge\u00e7irdikten sonra, SWISSLASIK&#8217;i ve Ac\u0131badem Hastanesi&#8217;ni bir\u00e7ok arkada\u015f\u0131ma, tan\u0131d\u0131\u011f\u0131ma ve meslekta\u015f\u0131ma tavsiye ettim ve bunu yapmaya devam edece\u011fim. Sebastian Schiller, Bern \u00d6nceki rapor Sonraki rapor<\/p>\n","protected":false},"author":4,"featured_media":0,"parent":3801,"menu_order":0,"comment_status":"closed","ping_status":"closed","template":"","meta":{"_joinchat":[],"footnotes":""},"class_list":["post-3828","page","type-page","status-publish","hentry"],"acf":[],"_links":{"self":[{"href":"https:\/\/swisslasik.ch\/tr\/wp-json\/wp\/v2\/pages\/3828","targetHints":{"allow":["GET"]}}],"collection":[{"href":"https:\/\/swisslasik.ch\/tr\/wp-json\/wp\/v2\/pages"}],"about":[{"href":"https:\/\/swisslasik.ch\/tr\/wp-json\/wp\/v2\/types\/page"}],"author":[{"embeddable":true,"href":"https:\/\/swisslasik.ch\/tr\/wp-json\/wp\/v2\/users\/4"}],"replies":[{"embeddable":true,"href":"https:\/\/swisslasik.ch\/tr\/wp-json\/wp\/v2\/comments?post=3828"}],"version-history":[{"count":2,"href":"https:\/\/swisslasik.ch\/tr\/wp-json\/wp\/v2\/pages\/3828\/revisions"}],"predecessor-version":[{"id":4678,"href":"https:\/\/swisslasik.ch\/tr\/wp-json\/wp\/v2\/pages\/3828\/revisions\/4678"}],"up":[{"embeddable":true,"href":"https:\/\/swisslasik.ch\/tr\/wp-json\/wp\/v2\/pages\/3801"}],"wp:attachment":[{"href":"https:\/\/swisslasik.ch\/tr\/wp-json\/wp\/v2\/media?parent=3828"}],"curies":[{"name":"wp","href":"https:\/\/api.w.org\/{rel}","templated":true}]}}