{"id":3830,"date":"2025-09-24T11:15:13","date_gmt":"2025-09-24T10:15:13","guid":{"rendered":"https:\/\/swisslasik.ch\/hasta-yorumlari-lasik-goez-lazeri\/istanbulda-lazer-goez-ameliyatinin-degerlendirilmesi-tuerkiye\/"},"modified":"2026-01-14T02:14:01","modified_gmt":"2026-01-14T01:14:01","slug":"istanbulda-lazer-goez-ameliyatinin-degerlendirilmesi-tuerkiye","status":"publish","type":"page","link":"https:\/\/swisslasik.ch\/tr\/hasta-yorumlari-lasik-goez-lazeri\/istanbulda-lazer-goez-ameliyatinin-degerlendirilmesi-tuerkiye\/","title":{"rendered":"\u0130stanbul&#8217;da lazer g\u00f6z ameliyat\u0131n\u0131n de\u011ferlendirilmesi, T\u00fcrkiye"},"content":{"rendered":"<h3>\u0130stanbul&#8217;da lazer g\u00f6z ameliyat\u0131n\u0131n de\u011ferlendirilmesi, T\u00fcrkiye<\/h3>\n<strong>\u0130STANBUL&#8217;DA LAZER G\u00d6Z AMEL\u0130YATI HAKKINDAK\u0130 DE\u011eERLEND\u0130RMEM<\/strong>\n\nTiffany C., 6 Haziran 2024\n\nYakla\u015f\u0131k bir ay \u00f6nce, lazer g\u00f6z ameliyat\u0131 yapt\u0131rmakla ilgilendi\u011fim i\u00e7in ilk kez <a href=\"https:\/\/swisslasik.ch\/tr\/\" data-type=\"page\" data-id=\"6\">SwissLasik <\/a>ile ileti\u015fime ge\u00e7tim. \u00c7al\u0131\u015fanlar g\u00fcler y\u00fczl\u00fcyd\u00fc ve her seferinde olduk\u00e7a h\u0131zl\u0131 yan\u0131t ald\u0131m. 10 y\u0131l\u0131 a\u015fk\u0131n s\u00fcredir g\u00f6zl\u00fck, yakla\u015f\u0131k 6 y\u0131ld\u0131r da kontakt lens kullan\u0131yorum. Y\u00fcksek numaral\u0131 g\u00f6zl\u00fck kulland\u0131\u011f\u0131m ve s\u00fcrekli olarak d\u00fczeltici lenslere ihtiya\u00e7 duydu\u011fum i\u00e7in, \u00e7ocuklu\u011fumdan beri lazer g\u00f6z ameliyat\u0131 yapt\u0131rmak istiyordum.\n\nBiraz ara\u015ft\u0131rma yapt\u0131ktan sonra <strong><a href=\"https:\/\/swisslasik.ch\/tr\/\" data-type=\"page\" data-id=\"6\">SwissLasik <\/a><\/strong>\u015firketini buldum. <strong><a href=\"https:\/\/swisslasik.ch\/tr\/lasik-istanbulda-lasik-tuerkiye-lazer-goez-cerrahisi\/\" data-type=\"page\" data-id=\"11\">Lasik Premium paketlerini <\/a><\/strong>\u00e7ok cazip buldu\u011fum i\u00e7in onlar\u0131 se\u00e7tim. U\u00e7u\u015flar ve transferler dahil olmak \u00fczere prosed\u00fcr\u00fc organize edebilmeleri ve bu paketin \u0130svi\u00e7re&#8217;deki takip randevular\u0131n\u0131 da i\u00e7ermesi, bu \u015firketi se\u00e7memde etkili oldu. Ayr\u0131ca, onlarla ileti\u015fime ge\u00e7menin h\u0131zl\u0131 ve kolay olmas\u0131 da faydal\u0131yd\u0131.\n\nSwissLasik, \u00e7ok k\u0131sa bir s\u00fcre olmas\u0131na ra\u011fmen (Bern&#8217;deki ilk kontrol ile \u0130stanbul&#8217;daki ameliyat aras\u0131nda sadece bir hafta vard\u0131), tercih etti\u011fim tarihte ameliyat\u0131 organize etmek i\u00e7in b\u00fcy\u00fck \u00e7aba sarf etti. MedicalTravel-SwissLasik&#8217;ten, samimiyetleri, g\u00fcvenilirlikleri ve a\u00e7\u0131k ileti\u015fimleri nedeniyle \u00e7ok memnun kald\u0131m. Ameliyattan sonra da sorular\u0131m\u0131 yan\u0131tlamak i\u00e7in her zaman haz\u0131rd\u0131lar.\n\n\u0130stanbul&#8217;da, bana yard\u0131mc\u0131 olabilecek g\u00fcler y\u00fczl\u00fc bir irtibat ki\u015fim vard\u0131. Havaalan\u0131ndan klini\u011fe transfer \u00e7ok iyi de\u011fildi, ancak bu MedicalTravel veya klini\u011fin de\u011fil, \u015fof\u00f6r\u00fcn hatas\u0131yd\u0131. \u0130rtibat ki\u015fimi bilgilendirdim, o da endi\u015felerimi ciddiye ald\u0131 ve klinikten havaalan\u0131na transfer i\u00e7in farkl\u0131 bir \u015fof\u00f6r ayarlad\u0131.\n\nBirinci G\u00f6z Hastanesi Klini\u011fi&#8217;ndeki konaklamama 5 \u00fczerinden 4 y\u0131ld\u0131z verirdim. Oda yeterince b\u00fcy\u00fckt\u00fc ve gerekli e\u015fyalar mevcuttu. Yemekler biraz tekrarlay\u0131c\u0131yd\u0131, ancak bu kadar k\u0131sa bir konaklama i\u00e7in gayet kabul edilebilirdi. Ameliyat g\u00fcn\u00fcmde sabah muayene oldum ve uzun bekleme s\u00fcreleri ya\u015fad\u0131m, ancak bunun nedeni muhtemelen ba\u015f cerrah taraf\u0131ndan muayene edilmemdi.\n\nNe yaz\u0131k ki, doktorumu pek sevimli bulmad\u0131m, \u00e7\u00fcnk\u00fc kendini hi\u00e7 tan\u0131tmad\u0131 ve bana sadece asgari d\u00fczeyde bilgi verdi. \u00d6rne\u011fin, olas\u0131 komplikasyonlar hakk\u0131nda yeterince bilgilendirilmedi\u011fimi hissettim, ancak \u015f\u00fck\u00fcrler olsun ki \u015fu anda herhangi bir komplikasyon ya\u015fam\u0131yorum. Ameliyattan \u00f6nce, refakat\u00e7im benden sadece T\u00fcrk\u00e7e olan ve \u0130ngilizce olmayan be\u015f sayfal\u0131k bir belgeyi imzalamam\u0131 istedi ve tam olarak ne imzalad\u0131\u011f\u0131m\u0131 a\u00e7\u0131klamad\u0131. Sadece \u0131srar\u0131m \u00fczerine refakat\u00e7im \u00f6nemli k\u0131s\u0131mlar\u0131 \u0130ngilizceye \u00e7evirdi. Bence, \u00e7ok say\u0131da uluslararas\u0131 hastas\u0131 oldu\u011fu g\u00f6z \u00f6n\u00fcne al\u0131nd\u0131\u011f\u0131nda, klini\u011fin bu belgeleri \u0130ngilizce olarak da sunmas\u0131 gerekirdi.\n\n\u0130\u015flem \u00f6ncesinde bize m\u00fcdahale eden hem\u015firenin hijyenine \u015f\u00fcpheyle yakla\u015ft\u0131m. Haz\u0131rl\u0131k odas\u0131nda be\u015f hastayla birlikte oturuyordum. Hem\u015firenin elinde dezenfektana bat\u0131r\u0131lm\u0131\u015f yakla\u015f\u0131k alt\u0131 pamuklu \u00e7ubuk bulunan bir ka\u011f\u0131t tabak vard\u0131. Hastadan hastaya ge\u00e7erek g\u00f6z b\u00f6lgesini dezenfekte ediyordu, ancak ellerini dezenfekte etmiyor veya hastalar aras\u0131nda eldivenlerini de\u011fi\u015ftirmiyordu. Dezenfeksiyondan sonra g\u00f6z b\u00f6lgesine dokunulmamas\u0131 gerekirken, hem\u015fire ancak dezenfeksiyondan sonra uyu\u015fturucu g\u00f6z damlas\u0131n\u0131 uygulamay\u0131 unuttu\u011funu ve bu nedenle zaten dezenfekte edilmi\u015f b\u00f6lgeye dokundu\u011funu fark etti.\n\nLASIK ameliyat\u0131n\u0131n sonucundan \u00e7ok memnun kald\u0131m; i\u015flem h\u0131zl\u0131yd\u0131. Ameliyattan sonra hi\u00e7 a\u011fr\u0131m olmad\u0131 ve iyile\u015fme s\u00fcreci olduk\u00e7a sorunsuz ge\u00e7ti.\n\nAmeliyat sonras\u0131 bak\u0131mdan k\u0131smen memnun kald\u0131m. Onlardan daha fazla bilgi almak isterdim (\u00f6rne\u011fin, birka\u00e7 g\u00fcn g\u00fcne\u015f g\u00f6zl\u00fc\u011f\u00fc tak\u0131lmas\u0131 gerekti\u011fi gibi). Ancak, \u0130svi\u00e7re&#8217;ye d\u00f6nd\u00fckten sonra bile, bana atanan irtibat ki\u015fisi sorular\u0131m i\u00e7in her zaman ula\u015f\u0131labilir durumdayd\u0131.\n\n<strong>Sonu\u00e7tan \u00e7ok memnun kald\u0131m; y\u00fcksek diyoptri numaram olmas\u0131na ra\u011fmen ertesi g\u00fcn \u00e7ok net g\u00f6rebildim.<\/strong> Sonraki birka\u00e7 hafta boyunca g\u00f6r\u00fc\u015f\u00fcmde dalgalanmalar oldu. Baz\u0131 g\u00fcnler \u00e7ok net g\u00f6r\u00fcyordum, di\u011fer g\u00fcnler ise daha az. Ba\u015flang\u0131\u00e7ta geceleri herhangi bir hale fark etmedim, ancak son birka\u00e7 haftad\u0131r fark ediyorum. Bununla birlikte, LASIK ameliyat\u0131n\u0131n ya\u015fam kalitemi \u00f6nemli \u00f6l\u00e7\u00fcde iyile\u015ftirdi\u011fini g\u00f6z \u00f6n\u00fcnde bulundurarak bunu kabul ediyorum.\n\nBaz\u0131 bilgiler eksikti, \u00f6rne\u011fin ehliyetimdeki g\u00f6zl\u00fck zorunlulu\u011funun de\u011fi\u015ftirilmesi gerekti\u011fi bilgisi. Belki de LASIK hastalar\u0131na daha detayl\u0131 bir bro\u015f\u00fcr verilebilir.\nSonu\u00e7 olarak, MedicalTravel&#8217;\u0131n sundu\u011fu hizmet ve bak\u0131mdan son derece memnunum ve onlar\u0131 tavsiye edebilirim. LASIK i\u015fleminin sonucundan da \u00e7ok memnunum, ancak ameliyat sonras\u0131 bak\u0131mdan o kadar memnun de\u011filim. \u0130\u015flemin bu kadar sorunsuz ge\u00e7mesinden memnunum, ancak Birinci Klini\u011fi g\u00f6n\u00fcl rahatl\u0131\u011f\u0131yla tavsiye edebilirim. <!-- \/wp:post-content --><!-- \/wp:group -->\n\n<!-- wp:group {\"layout\":{\"type\":\"grid\",\"columnCount\":2,\"minimumColumnWidth\":null}} -->\n<div class=\"wp-block-group\"><!-- wp:paragraph --><a href=\"https:\/\/swisslasik.ch\/tr\/hasta-yorumlari-lasik-goez-lazeri\/trifokal-lens-implantasyonunun-degerlendirilmesi-istanbul-tuerkiye\/\" data-type=\"link\" data-id=\"https:\/\/swisslasik.ch\/patientenberichte-lasik\/trifokallinsenimplantation-istanbul-tuerkei\/\">\u00d6nceki rapor<\/a>\n\n<!-- \/wp:paragraph -->\n\n<!-- wp:paragraph {\"align\":\"right\",\"style\":{\"layout\":{\"columnSpan\":1,\"rowSpan\":1}}} -->\n<p class=\"has-text-align-right\"><a href=\"https:\/\/swisslasik.ch\/tr\/hasta-yorumlari-lasik-goez-lazeri\/antalya-tuerkiyede-relex-smile-lazer-goez-ameliyati-oenerisi\/\" data-type=\"link\" data-id=\"https:\/\/swisslasik.ch\/patientenberichte-lasik\/erfahrungsbericht-relexsmile-antalya\/\">Sonraki rapor<\/a><\/p>\n<!-- \/wp:paragraph -->\n\n<\/div>\n<!-- \/wp:group -->","protected":false},"excerpt":{"rendered":"<p>\u0130stanbul&#8217;da lazer g\u00f6z ameliyat\u0131n\u0131n de\u011ferlendirilmesi, T\u00fcrkiye \u0130STANBUL&#8217;DA LAZER G\u00d6Z AMEL\u0130YATI HAKKINDAK\u0130 DE\u011eERLEND\u0130RMEM Tiffany C., 6 Haziran 2024 Yakla\u015f\u0131k bir ay \u00f6nce, lazer g\u00f6z ameliyat\u0131 yapt\u0131rmakla ilgilendi\u011fim i\u00e7in ilk kez SwissLasik ile ileti\u015fime ge\u00e7tim. \u00c7al\u0131\u015fanlar g\u00fcler y\u00fczl\u00fcyd\u00fc ve her seferinde olduk\u00e7a h\u0131zl\u0131 yan\u0131t ald\u0131m. 10 y\u0131l\u0131 a\u015fk\u0131n s\u00fcredir g\u00f6zl\u00fck, yakla\u015f\u0131k 6 y\u0131ld\u0131r da kontakt lens kullan\u0131yorum. Y\u00fcksek numaral\u0131 g\u00f6zl\u00fck kulland\u0131\u011f\u0131m ve s\u00fcrekli olarak d\u00fczeltici lenslere ihtiya\u00e7 duydu\u011fum i\u00e7in, \u00e7ocuklu\u011fumdan beri lazer g\u00f6z ameliyat\u0131 yapt\u0131rmak istiyordum. Biraz ara\u015ft\u0131rma yapt\u0131ktan sonra SwissLasik \u015firketini buldum. Lasik Premium paketlerini \u00e7ok cazip buldu\u011fum i\u00e7in onlar\u0131 se\u00e7tim. U\u00e7u\u015flar ve transferler dahil olmak \u00fczere prosed\u00fcr\u00fc organize edebilmeleri ve bu paketin \u0130svi\u00e7re&#8217;deki takip randevular\u0131n\u0131 da i\u00e7ermesi, bu \u015firketi se\u00e7memde etkili oldu. Ayr\u0131ca, onlarla ileti\u015fime ge\u00e7menin h\u0131zl\u0131 ve kolay olmas\u0131 da faydal\u0131yd\u0131. SwissLasik, \u00e7ok k\u0131sa bir s\u00fcre olmas\u0131na ra\u011fmen (Bern&#8217;deki ilk kontrol ile \u0130stanbul&#8217;daki ameliyat aras\u0131nda sadece bir hafta vard\u0131), tercih etti\u011fim tarihte ameliyat\u0131 organize etmek i\u00e7in b\u00fcy\u00fck \u00e7aba sarf etti. MedicalTravel-SwissLasik&#8217;ten, samimiyetleri, g\u00fcvenilirlikleri ve a\u00e7\u0131k ileti\u015fimleri nedeniyle \u00e7ok memnun kald\u0131m. Ameliyattan sonra da sorular\u0131m\u0131 yan\u0131tlamak i\u00e7in her zaman haz\u0131rd\u0131lar. \u0130stanbul&#8217;da, bana yard\u0131mc\u0131 olabilecek g\u00fcler y\u00fczl\u00fc bir irtibat ki\u015fim vard\u0131. Havaalan\u0131ndan klini\u011fe transfer \u00e7ok iyi de\u011fildi, ancak bu MedicalTravel veya klini\u011fin de\u011fil, \u015fof\u00f6r\u00fcn hatas\u0131yd\u0131. \u0130rtibat ki\u015fimi bilgilendirdim, o da endi\u015felerimi ciddiye ald\u0131 ve klinikten havaalan\u0131na transfer i\u00e7in farkl\u0131 bir \u015fof\u00f6r ayarlad\u0131. Birinci G\u00f6z Hastanesi Klini\u011fi&#8217;ndeki konaklamama 5 \u00fczerinden 4 y\u0131ld\u0131z verirdim. Oda yeterince b\u00fcy\u00fckt\u00fc ve gerekli e\u015fyalar mevcuttu. Yemekler biraz tekrarlay\u0131c\u0131yd\u0131, ancak bu kadar k\u0131sa bir konaklama i\u00e7in gayet kabul edilebilirdi. Ameliyat g\u00fcn\u00fcmde sabah muayene oldum ve uzun bekleme s\u00fcreleri ya\u015fad\u0131m, ancak bunun nedeni muhtemelen ba\u015f cerrah taraf\u0131ndan muayene edilmemdi. Ne yaz\u0131k ki, doktorumu pek sevimli bulmad\u0131m, \u00e7\u00fcnk\u00fc kendini hi\u00e7 tan\u0131tmad\u0131 ve bana sadece asgari d\u00fczeyde bilgi verdi. \u00d6rne\u011fin, olas\u0131 komplikasyonlar hakk\u0131nda yeterince bilgilendirilmedi\u011fimi hissettim, ancak \u015f\u00fck\u00fcrler olsun ki \u015fu anda herhangi bir komplikasyon ya\u015fam\u0131yorum. Ameliyattan \u00f6nce, refakat\u00e7im benden sadece T\u00fcrk\u00e7e olan ve \u0130ngilizce olmayan be\u015f sayfal\u0131k bir belgeyi imzalamam\u0131 istedi ve tam olarak ne imzalad\u0131\u011f\u0131m\u0131 a\u00e7\u0131klamad\u0131. Sadece \u0131srar\u0131m \u00fczerine refakat\u00e7im \u00f6nemli k\u0131s\u0131mlar\u0131 \u0130ngilizceye \u00e7evirdi. Bence, \u00e7ok say\u0131da uluslararas\u0131 hastas\u0131 oldu\u011fu g\u00f6z \u00f6n\u00fcne al\u0131nd\u0131\u011f\u0131nda, klini\u011fin bu belgeleri \u0130ngilizce olarak da sunmas\u0131 gerekirdi. \u0130\u015flem \u00f6ncesinde bize m\u00fcdahale eden hem\u015firenin hijyenine \u015f\u00fcpheyle yakla\u015ft\u0131m. Haz\u0131rl\u0131k odas\u0131nda be\u015f hastayla birlikte oturuyordum. Hem\u015firenin elinde dezenfektana bat\u0131r\u0131lm\u0131\u015f yakla\u015f\u0131k alt\u0131 pamuklu \u00e7ubuk bulunan bir ka\u011f\u0131t tabak vard\u0131. Hastadan hastaya ge\u00e7erek g\u00f6z b\u00f6lgesini dezenfekte ediyordu, ancak ellerini dezenfekte etmiyor veya hastalar aras\u0131nda eldivenlerini de\u011fi\u015ftirmiyordu. Dezenfeksiyondan sonra g\u00f6z b\u00f6lgesine dokunulmamas\u0131 gerekirken, hem\u015fire ancak dezenfeksiyondan sonra uyu\u015fturucu g\u00f6z damlas\u0131n\u0131 uygulamay\u0131 unuttu\u011funu ve bu nedenle zaten dezenfekte edilmi\u015f b\u00f6lgeye dokundu\u011funu fark etti. LASIK ameliyat\u0131n\u0131n sonucundan \u00e7ok memnun kald\u0131m; i\u015flem h\u0131zl\u0131yd\u0131. Ameliyattan sonra hi\u00e7 a\u011fr\u0131m olmad\u0131 ve iyile\u015fme s\u00fcreci olduk\u00e7a sorunsuz ge\u00e7ti. Ameliyat sonras\u0131 bak\u0131mdan k\u0131smen memnun kald\u0131m. Onlardan daha fazla bilgi almak isterdim (\u00f6rne\u011fin, birka\u00e7 g\u00fcn g\u00fcne\u015f g\u00f6zl\u00fc\u011f\u00fc tak\u0131lmas\u0131 gerekti\u011fi gibi). Ancak, \u0130svi\u00e7re&#8217;ye d\u00f6nd\u00fckten sonra bile, bana atanan irtibat ki\u015fisi sorular\u0131m i\u00e7in her zaman ula\u015f\u0131labilir durumdayd\u0131. Sonu\u00e7tan \u00e7ok memnun kald\u0131m; y\u00fcksek diyoptri numaram olmas\u0131na ra\u011fmen ertesi g\u00fcn \u00e7ok net g\u00f6rebildim. Sonraki birka\u00e7 hafta boyunca g\u00f6r\u00fc\u015f\u00fcmde dalgalanmalar oldu. Baz\u0131 g\u00fcnler \u00e7ok net g\u00f6r\u00fcyordum, di\u011fer g\u00fcnler ise daha az. Ba\u015flang\u0131\u00e7ta geceleri herhangi bir hale fark etmedim, ancak son birka\u00e7 haftad\u0131r fark ediyorum. Bununla birlikte, LASIK ameliyat\u0131n\u0131n ya\u015fam kalitemi \u00f6nemli \u00f6l\u00e7\u00fcde iyile\u015ftirdi\u011fini g\u00f6z \u00f6n\u00fcnde bulundurarak bunu kabul ediyorum. Baz\u0131 bilgiler eksikti, \u00f6rne\u011fin ehliyetimdeki g\u00f6zl\u00fck zorunlulu\u011funun de\u011fi\u015ftirilmesi gerekti\u011fi bilgisi. Belki de LASIK hastalar\u0131na daha detayl\u0131 bir bro\u015f\u00fcr verilebilir. Sonu\u00e7 olarak, MedicalTravel&#8217;\u0131n sundu\u011fu hizmet ve bak\u0131mdan son derece memnunum ve onlar\u0131 tavsiye edebilirim. LASIK i\u015fleminin sonucundan da \u00e7ok memnunum, ancak ameliyat sonras\u0131 bak\u0131mdan o kadar memnun de\u011filim. \u0130\u015flemin bu kadar sorunsuz ge\u00e7mesinden memnunum, ancak Birinci Klini\u011fi g\u00f6n\u00fcl rahatl\u0131\u011f\u0131yla tavsiye edebilirim. \u00d6nceki rapor Sonraki rapor<\/p>\n","protected":false},"author":4,"featured_media":0,"parent":3801,"menu_order":0,"comment_status":"closed","ping_status":"closed","template":"","meta":{"_joinchat":[],"footnotes":""},"class_list":["post-3830","page","type-page","status-publish","hentry"],"acf":[],"_links":{"self":[{"href":"https:\/\/swisslasik.ch\/tr\/wp-json\/wp\/v2\/pages\/3830","targetHints":{"allow":["GET"]}}],"collection":[{"href":"https:\/\/swisslasik.ch\/tr\/wp-json\/wp\/v2\/pages"}],"about":[{"href":"https:\/\/swisslasik.ch\/tr\/wp-json\/wp\/v2\/types\/page"}],"author":[{"embeddable":true,"href":"https:\/\/swisslasik.ch\/tr\/wp-json\/wp\/v2\/users\/4"}],"replies":[{"embeddable":true,"href":"https:\/\/swisslasik.ch\/tr\/wp-json\/wp\/v2\/comments?post=3830"}],"version-history":[{"count":2,"href":"https:\/\/swisslasik.ch\/tr\/wp-json\/wp\/v2\/pages\/3830\/revisions"}],"predecessor-version":[{"id":4644,"href":"https:\/\/swisslasik.ch\/tr\/wp-json\/wp\/v2\/pages\/3830\/revisions\/4644"}],"up":[{"embeddable":true,"href":"https:\/\/swisslasik.ch\/tr\/wp-json\/wp\/v2\/pages\/3801"}],"wp:attachment":[{"href":"https:\/\/swisslasik.ch\/tr\/wp-json\/wp\/v2\/media?parent=3830"}],"curies":[{"name":"wp","href":"https:\/\/api.w.org\/{rel}","templated":true}]}}