{"id":3834,"date":"2025-09-24T12:05:42","date_gmt":"2025-09-24T11:05:42","guid":{"rendered":"https:\/\/swisslasik.ch\/hasta-yorumlari-lasik-goez-lazeri\/tertemiz-her-yerde-son-teknoloji-ekipmanlar-ve-bunlari-kullanacak-yetkin-personel\/"},"modified":"2026-01-14T02:46:34","modified_gmt":"2026-01-14T01:46:34","slug":"tertemiz-her-yerde-son-teknoloji-ekipmanlar-ve-bunlari-kullanacak-yetkin-personel","status":"publish","type":"page","link":"https:\/\/swisslasik.ch\/tr\/hasta-yorumlari-lasik-goez-lazeri\/tertemiz-her-yerde-son-teknoloji-ekipmanlar-ve-bunlari-kullanacak-yetkin-personel\/","title":{"rendered":"Tertemiz, her yerde son teknoloji ekipmanlar ve bunlar\u0131 kullanacak yetkin personel!"},"content":{"rendered":"\n<h3 class=\"wp-block-heading\">Tertemiz, her yerde son teknoloji ekipmanlar ve bunlar\u0131 kullanacak yetkin personel! \u2013 19 May\u0131s 2015 Sal\u0131 tarihli rapor<\/h3>\n\n\n\n<p>Sascha Luderer, Ac\u0131badem Hastanesi \u0130stanbul&#8217;da lazer ameliyat\u0131, Mart 2015.<\/p>\n\n\n\n<p>G\u00f6z\u00fcmdeki astigmat ve miyoplu\u011fu kontakt lenslerle d\u00fczeltmek giderek zorla\u015ft\u0131\u011f\u0131 i\u00e7in yakla\u015f\u0131k iki y\u0131ld\u0131r g\u00f6zlerimi lazerle tedavi ettirmeyi d\u00fc\u015f\u00fcn\u00fcyordum.<\/p>\n\n\n\n<p>\u0130nternetteki bir arama s\u0131ras\u0131nda swisslasik.ch sitesinde rastlad\u0131m ve ameliyat olma ba\u015flang\u0131c\u0131ndan \u00f6nceki s\u00fcre\u00e7te sitedeki hasta yorumlar\u0131n\u0131 okudum. Beni ger\u00e7ekten ikna etmeyen \u015fey ise, cerrah Prof. Dr. Neler olup bitti\u011fine dair daha iyi bir fikir edinme \u015fans\u0131m\u0131z daha y\u00fcksek.<br>Lazer tedavisinin imkanlar\u0131, riskleri ve ba\u015far\u0131 \u015fanslar\u0131 Yetki ve d\u00fcr\u00fcst a\u00e7\u0131klamalar, T\u00fcrkiye&#8217;deki Ac\u0131badem Hastanesi&#8217;nde tedavide do\u011fru se\u00e7im konusunda beni ikna etti. <\/p>\n\n\n\n<p>Ayr\u0131ca, ikinci bir g\u00f6r\u00fc\u015f almak ve ameliyat m\u00fcmk\u00fcn de\u011filse \u0130stanbul&#8217;a u\u00e7mak zorunda kalmamak i\u00e7in \u00f6n muayeneyi Z\u00fcrih&#8217;te yapt\u0131rmaya karar verdim. \u00d6n muayenede \u015fiddetli astigmat\u0131m nedeniyle endi\u015feler ortaya \u00e7\u0131kt\u0131 ve belgelerim cerrah taraf\u0131ndan daha detayl\u0131 de\u011ferlendirme i\u00e7in Ac\u0131badem Hastanesi&#8217;ne g\u00f6nderildi. Yakla\u015f\u0131k \u00fc\u00e7 g\u00fcn sonra, ameliyat\u0131n m\u00fcmk\u00fcn oldu\u011fu ve tam g\u00f6rme keskinli\u011fine ula\u015fma \u015fans\u0131n\u0131n yakla\u015f\u0131k %80 oldu\u011fu haberini ald\u0131m.  <\/p>\n\n\n\n<p>G\u00f6zl\u00fck veya lens olmadan neredeyse &#8220;k\u00f6r&#8221; oldu\u011fum i\u00e7in, %80&#8217;lik bir ba\u015far\u0131 bile bana b\u00fcy\u00fck bir ba\u015far\u0131 gibi geldi&#8230;<\/p>\n\n\n\n<p>Ameliyat randevusundan sonra Bangkok&#8217;a gitmem gerekti\u011fi i\u00e7in, seyahatimi kendim planlayabilmek ve esnek olabilmek ad\u0131na &#8220;standart paket&#8221;i rezerve ettim.<\/p>\n\n\n\n<p>Havaliman\u0131 transferi m\u00fckemmeldi ve se\u00e7ti\u011fim otele (Radisson Blu Pera \u2013 harika yemekleri, muhte\u015fem manzaras\u0131 ve m\u00fckemmel hizmetiyle \u015fiddetle tavsiye edilir) g\u00f6t\u00fcr\u00fcld\u00fcm.<br>Ertesi sabah bir nakil daha ger\u00e7ekle\u015fti, bu sefer Ac\u0131badem Hastanesine.<\/p>\n\n\n\n<p>Ac\u0131badem, \u0130svi\u00e7re&#8217;deki herhangi bir \u00f6zel hastaneyle rekabet edebilecek bir hastane (sadece g\u00f6z hastal\u0131klar\u0131 b\u00f6l\u00fcm\u00fc ve genel izlenimim hakk\u0131nda konu\u015fabilirim). Tertemiz, her yerde son teknoloji ekipmanlar ve yetkin personel mevcut. <\/p>\n\n\n\n<p>Resepsiyonda hemen Almanca ve \u0130ngilizce bilen, g\u00fcvendi\u011fim bir ki\u015fi taraf\u0131ndan kar\u015f\u0131land\u0131m; bu ki\u015fi randevular\u0131ma kadar bana e\u015flik etti ve herkesin m\u00fckemmel konu\u015ftu\u011fu \u0130ngilizce konusunda bir sorun ya\u015farsam, gerekirse terc\u00fcmanl\u0131k yapt\u0131.<\/p>\n\n\n\n<p>Yakla\u015f\u0131k 30 dakika s\u00fcren \u00f6n muayeneden sonra, Profes\u00f6r Cosar ile bir g\u00f6r\u00fc\u015fme ger\u00e7ekle\u015fti. Kendisi bana ameliyat sonras\u0131 m\u00fckemmel g\u00f6r\u00fc\u015f \u015fans\u0131n\u0131n %80 oldu\u011funu ve yak\u0131n g\u00f6r\u00fc\u015f i\u00e7in okuma g\u00f6zl\u00fc\u011f\u00fcne ihtiyac\u0131m olabilece\u011fini bir kez daha a\u00e7\u0131klad\u0131 (bunlar\u0131n hepsi bilgilendirme ak\u015fam\u0131nda ayr\u0131nt\u0131l\u0131 olarak ele al\u0131nm\u0131\u015ft\u0131 &#8211; mutlaka kat\u0131l\u0131n).<\/p>\n\n\n\n<p>Bundan sonra yakla\u015f\u0131k iki saatlik bir bekleme s\u00fcresi oldu, bu s\u00fcreyi (g\u00f6zl\u00fcklerimle) kitap okuyarak ge\u00e7irdim. Sonra her \u015fey \u00e7ok h\u0131zl\u0131 ilerledi. Ameliyat alan\u0131na g\u00f6t\u00fcr\u00fcld\u00fcm, g\u00f6z damlas\u0131 verildi ve be\u015f dakika sonra zaten lazerin alt\u0131ndayd\u0131m.  <\/p>\n\n\n\n<p>Profes\u00f6r Cosar, prosed\u00fcr\u00fc yetkin ve tam bir sakinlikle bana anlatt\u0131. Her ad\u0131m a\u00e7\u0131kland\u0131 ve \u00f6z\u00fcnde, t\u00fcm s\u00fcre boyunca sadece k\u0131rm\u0131z\u0131 bir noktaya bak\u0131yorsunuz. Hepsi bu kadar ve birinin g\u00f6zlerinizi &#8220;d\u00fczeltmesi&#8221; garip bir his olsa da, i\u015flem tamamen ac\u0131s\u0131z.<br>O bulan\u0131k k\u0131rm\u0131z\u0131 noktaya bakman\u0131n, korneam\u0131n hafif, yan\u0131k kokusunu fark etmenin ve lazer d\u00fczeltmeyi yaparken aniden netle\u015fmesini izlemenin hissini asla unutmayaca\u011f\u0131m. Ger\u00e7ekten unutulmaz bir deneyim.   <\/p>\n\n\n\n<p>Ameliyat 10 dakikadan fazla s\u00fcrmedi ve Profes\u00f6r Cosar&#8217;a g\u00f6re %100 ba\u015far\u0131l\u0131yd\u0131. Ne yaz\u0131k ki, ameliyattan nispeten k\u0131sa bir s\u00fcre sonra, bekleme odas\u0131nda g\u00f6zlerimden ya\u015flar akmaya ba\u015flad\u0131\u011f\u0131 ve ac\u0131 verici, kumlu bir his ya\u015fad\u0131\u011f\u0131m i\u00e7in sonu\u00e7lar\u0131n \u00e7o\u011funu hen\u00fcz g\u00f6remedim. Buna haz\u0131rl\u0131kl\u0131yd\u0131m; gelece\u011fini biliyordum. Buna ra\u011fmen, k\u0131sa takip muayenesi ve otele geri transfer i\u00e7in gerekli olan g\u00f6zlerimi a\u00e7makta b\u00fcy\u00fck zorluk \u00e7ektim.    <\/p>\n\n\n\n<p>Belki de burada iyile\u015ftirme i\u00e7in tek \u00f6neri \u015fu: Ameliyattan sonra do\u011frudan otele g\u00f6t\u00fcr\u00fcl\u00fcp, y\u00fcz\u00fcmden her \u015fey akarken ve tek istedi\u011fim uzan\u0131p saklanmakken, \u0130stanbul sokaklar\u0131nda bir saatten fazla araba s\u00fcrmek yerine, hastane odas\u0131nda bir gece ge\u00e7irmeyi tercih ederdim. Ertesi g\u00fcn bunun m\u00fcmk\u00fcn oldu\u011fu s\u00f6ylendi ve \u00f6nceden teklif edilmi\u015f olsayd\u0131 kesinlikle bundan faydalan\u0131rd\u0131m. Ama belki de daha dayan\u0131kl\u0131 ki\u015filer olaylara farkl\u0131 bakabilirler\u2026  <\/p>\n\n\n\n<p>Otele d\u00f6nd\u00fc\u011f\u00fcmde bir a\u011fr\u0131 kesici ald\u0131m ve yakla\u015f\u0131k iki saat sonra, \u00e7ile birdenbire sona erdi. Tam iki saat oldu\u011funu hat\u0131rl\u0131yorum \u00e7\u00fcnk\u00fc odan\u0131n di\u011fer taraf\u0131ndaki televizyondaki saati g\u00f6rebiliyor ve okuyabiliyordum. Daha sonra, hayat\u0131mda ilk kez g\u00f6zl\u00fck veya kontakt lens takmadan otelin \u00e7at\u0131 kat\u0131ndaki restoranda, daha \u00f6nce hi\u00e7 g\u00f6rmedi\u011fim bir manzaraya bakarak ak\u015fam yeme\u011finin tad\u0131n\u0131 \u00e7\u0131kard\u0131m. B\u00fcy\u00fcl\u00fcyd\u00fc ve bu ameliyattan d\u00f6rt saatten az bir s\u00fcre sonra olmu\u015ftu. G\u00f6zlerimi yanl\u0131\u015fl\u0131kla ovu\u015fturmamak i\u00e7in bana verilen koruyucu g\u00f6zl\u00fckleri t\u00fcm ak\u015fam ve gece boyunca takt\u0131m.  <\/p>\n\n\n\n<p>Ertesi sabah tekrar al\u0131nd\u0131m ve takip muayenesi i\u00e7in Ac\u0131badem Hastanesi&#8217;ne g\u00f6t\u00fcr\u00fcld\u00fcm. Orada Profes\u00f6r Cosar taraf\u0131ndan son bir kez muayene edildim ve g\u00f6rme yetimin %110 oldu\u011funu kendi g\u00f6zlerimle g\u00f6rd\u00fcm. Hayat\u0131mda hi\u00e7 bu kadar iyi g\u00f6rmemi\u015ftim, g\u00f6zl\u00fck veya kontakt lensle bile.<br>Hala okuma g\u00f6zl\u00fc\u011f\u00fcne ihtiyac\u0131m yok. <\/p>\n\n\n\n<p>Ancak, ya\u015fa ba\u011fl\u0131 hipermetropi sorunum (e\u011fer bir g\u00fcn ortaya \u00e7\u0131karsa) d\u00fczeltilmeye karar verirsem, kesinlikle tekrar Swisslasik ve \u0130stanbul Ac\u0131badem Hastanesi&#8217;nin hizmetlerinden yararlanaca\u011f\u0131m.<\/p>\n\n\n\n<p>Eme\u011fi ge\u00e7en herkese \u00e7ok te\u015fekk\u00fcrler, ger\u00e7ekten harika bir i\u015f \u00e7\u0131kard\u0131n\u0131z!<\/p>\n\n\n\n<p>Sayg\u0131lar\u0131mla,<\/p>\n\n\n\n<p>Sascha Luderer<\/p>\n\n\n\n<div class=\"wp-block-group is-layout-grid wp-container-core-group-is-layout-baef362d wp-block-group-is-layout-grid\">\n<p><a href=\"https:\/\/medicaltravel.at\/home\/agb\/\" data-type=\"page\" data-id=\"2191\" rel=\"nofollow noopener\" target=\"_blank\"><\/a><a href=\"https:\/\/swisslasik.ch\/tr\/hasta-yorumlari-lasik-goez-lazeri\/istanbulda-meme-bueyuetme-ameliyatiyla-ilgili-olumlu-deneyimim-20-mayis-2015-carsamba-tarihli-rapor\/\" data-type=\"link\" data-id=\"https:\/\/swisslasik.ch\/patientenberichte-lasik\/meine-positive-erfahrung-mit-der-brustvergrosserung-in-istanbul-bericht-vom-mittwoch-20-mai-2015\/\">\u00d6ncek<\/a><a href=\"https:\/\/swisslasik.ch\/tr\/hasta-yorumlari-lasik-goez-lazeri\/istanbulda-meme-bueyuetme-ameliyatiyla-ilgili-olumlu-deneyimim-20-mayis-2015-carsamba-tarihli-rapor\/\" data-type=\"link\" data-id=\"https:\/\/swisslasik.ch\/tr\/hasta-yorumlari-lasik-goez-lazeri\/istanbulda-meme-bueyuetme-ameliyatiyla-ilgili-olumlu-deneyimim-20-mayis-2015-carsamba-tarihli-rapor\/\">i<\/a><a href=\"https:\/\/swisslasik.ch\/tr\/hasta-yorumlari-lasik-goez-lazeri\/istanbulda-meme-bueyuetme-ameliyatiyla-ilgili-olumlu-deneyimim-20-mayis-2015-carsamba-tarihli-rapor\/\" data-type=\"link\" data-id=\"https:\/\/swisslasik.ch\/patientenberichte-lasik\/meine-positive-erfahrung-mit-der-brustvergrosserung-in-istanbul-bericht-vom-mittwoch-20-mai-2015\/\"> rapor<\/a><\/p>\n\n\n\n<p class=\"has-text-align-right wp-container-content-5e2576f9\"><a href=\"https:\/\/medicaltravel.at\/home\/impressum\/\" data-type=\"page\" data-id=\"2193\" rel=\"nofollow noopener\" target=\"_blank\"><\/a><a href=\"https:\/\/medicaltravel.at\/home\/berichte-von-patienten\/erfahrungsberichte\/erfahrungsbericht-zahnbehandlung-in-istanbul\/\" data-type=\"page\" data-id=\"981\" rel=\"nofollow noopener\" target=\"_blank\"><\/a><a href=\"https:\/\/swisslasik.ch\/tr\/hasta-yorumlari-lasik-goez-lazeri\/istanbulda-27-subat-2015te-gerceklestirilen-goez-ameliyati-18-mart-2015-carsamba-tarihli-rapor\/\" data-type=\"link\" data-id=\"https:\/\/swisslasik.ch\/patientenberichte-lasik\/augen-op-in-istanbul-am-27-februar-2015-bericht-vom-mittwoch-18-marz-2015\/\">Sonraki rapor<\/a><\/p>\n<\/div>\n\n\n\n<p><\/p>\n","protected":false},"excerpt":{"rendered":"<p>Tertemiz, her yerde son teknoloji ekipmanlar ve bunlar\u0131 kullanacak yetkin personel! \u2013 19 May\u0131s 2015 Sal\u0131 tarihli rapor Sascha Luderer, Ac\u0131badem Hastanesi \u0130stanbul&#8217;da lazer ameliyat\u0131, Mart 2015. G\u00f6z\u00fcmdeki astigmat ve miyoplu\u011fu kontakt lenslerle d\u00fczeltmek giderek zorla\u015ft\u0131\u011f\u0131 i\u00e7in yakla\u015f\u0131k iki y\u0131ld\u0131r g\u00f6zlerimi lazerle tedavi ettirmeyi d\u00fc\u015f\u00fcn\u00fcyordum. \u0130nternetteki bir arama s\u0131ras\u0131nda swisslasik.ch sitesinde rastlad\u0131m ve ameliyat olma ba\u015flang\u0131c\u0131ndan \u00f6nceki s\u00fcre\u00e7te sitedeki hasta yorumlar\u0131n\u0131 okudum. Beni ger\u00e7ekten ikna etmeyen \u015fey ise, cerrah Prof. Dr. Neler olup bitti\u011fine dair daha iyi bir fikir edinme \u015fans\u0131m\u0131z daha y\u00fcksek.Lazer tedavisinin imkanlar\u0131, riskleri ve ba\u015far\u0131 \u015fanslar\u0131 Yetki ve d\u00fcr\u00fcst a\u00e7\u0131klamalar, T\u00fcrkiye&#8217;deki Ac\u0131badem Hastanesi&#8217;nde tedavide do\u011fru se\u00e7im konusunda beni ikna etti. Ayr\u0131ca, ikinci bir g\u00f6r\u00fc\u015f almak ve ameliyat m\u00fcmk\u00fcn de\u011filse \u0130stanbul&#8217;a u\u00e7mak zorunda kalmamak i\u00e7in \u00f6n muayeneyi Z\u00fcrih&#8217;te yapt\u0131rmaya karar verdim. \u00d6n muayenede \u015fiddetli astigmat\u0131m nedeniyle endi\u015feler ortaya \u00e7\u0131kt\u0131 ve belgelerim cerrah taraf\u0131ndan daha detayl\u0131 de\u011ferlendirme i\u00e7in Ac\u0131badem Hastanesi&#8217;ne g\u00f6nderildi. Yakla\u015f\u0131k \u00fc\u00e7 g\u00fcn sonra, ameliyat\u0131n m\u00fcmk\u00fcn oldu\u011fu ve tam g\u00f6rme keskinli\u011fine ula\u015fma \u015fans\u0131n\u0131n yakla\u015f\u0131k %80 oldu\u011fu haberini ald\u0131m. G\u00f6zl\u00fck veya lens olmadan neredeyse &#8220;k\u00f6r&#8221; oldu\u011fum i\u00e7in, %80&#8217;lik bir ba\u015far\u0131 bile bana b\u00fcy\u00fck bir ba\u015far\u0131 gibi geldi&#8230; Ameliyat randevusundan sonra Bangkok&#8217;a gitmem gerekti\u011fi i\u00e7in, seyahatimi kendim planlayabilmek ve esnek olabilmek ad\u0131na &#8220;standart paket&#8221;i rezerve ettim. Havaliman\u0131 transferi m\u00fckemmeldi ve se\u00e7ti\u011fim otele (Radisson Blu Pera \u2013 harika yemekleri, muhte\u015fem manzaras\u0131 ve m\u00fckemmel hizmetiyle \u015fiddetle tavsiye edilir) g\u00f6t\u00fcr\u00fcld\u00fcm.Ertesi sabah bir nakil daha ger\u00e7ekle\u015fti, bu sefer Ac\u0131badem Hastanesine. Ac\u0131badem, \u0130svi\u00e7re&#8217;deki herhangi bir \u00f6zel hastaneyle rekabet edebilecek bir hastane (sadece g\u00f6z hastal\u0131klar\u0131 b\u00f6l\u00fcm\u00fc ve genel izlenimim hakk\u0131nda konu\u015fabilirim). Tertemiz, her yerde son teknoloji ekipmanlar ve yetkin personel mevcut. Resepsiyonda hemen Almanca ve \u0130ngilizce bilen, g\u00fcvendi\u011fim bir ki\u015fi taraf\u0131ndan kar\u015f\u0131land\u0131m; bu ki\u015fi randevular\u0131ma kadar bana e\u015flik etti ve herkesin m\u00fckemmel konu\u015ftu\u011fu \u0130ngilizce konusunda bir sorun ya\u015farsam, gerekirse terc\u00fcmanl\u0131k yapt\u0131. Yakla\u015f\u0131k 30 dakika s\u00fcren \u00f6n muayeneden sonra, Profes\u00f6r Cosar ile bir g\u00f6r\u00fc\u015fme ger\u00e7ekle\u015fti. Kendisi bana ameliyat sonras\u0131 m\u00fckemmel g\u00f6r\u00fc\u015f \u015fans\u0131n\u0131n %80 oldu\u011funu ve yak\u0131n g\u00f6r\u00fc\u015f i\u00e7in okuma g\u00f6zl\u00fc\u011f\u00fcne ihtiyac\u0131m olabilece\u011fini bir kez daha a\u00e7\u0131klad\u0131 (bunlar\u0131n hepsi bilgilendirme ak\u015fam\u0131nda ayr\u0131nt\u0131l\u0131 olarak ele al\u0131nm\u0131\u015ft\u0131 &#8211; mutlaka kat\u0131l\u0131n). Bundan sonra yakla\u015f\u0131k iki saatlik bir bekleme s\u00fcresi oldu, bu s\u00fcreyi (g\u00f6zl\u00fcklerimle) kitap okuyarak ge\u00e7irdim. Sonra her \u015fey \u00e7ok h\u0131zl\u0131 ilerledi. Ameliyat alan\u0131na g\u00f6t\u00fcr\u00fcld\u00fcm, g\u00f6z damlas\u0131 verildi ve be\u015f dakika sonra zaten lazerin alt\u0131ndayd\u0131m. Profes\u00f6r Cosar, prosed\u00fcr\u00fc yetkin ve tam bir sakinlikle bana anlatt\u0131. Her ad\u0131m a\u00e7\u0131kland\u0131 ve \u00f6z\u00fcnde, t\u00fcm s\u00fcre boyunca sadece k\u0131rm\u0131z\u0131 bir noktaya bak\u0131yorsunuz. Hepsi bu kadar ve birinin g\u00f6zlerinizi &#8220;d\u00fczeltmesi&#8221; garip bir his olsa da, i\u015flem tamamen ac\u0131s\u0131z.O bulan\u0131k k\u0131rm\u0131z\u0131 noktaya bakman\u0131n, korneam\u0131n hafif, yan\u0131k kokusunu fark etmenin ve lazer d\u00fczeltmeyi yaparken aniden netle\u015fmesini izlemenin hissini asla unutmayaca\u011f\u0131m. Ger\u00e7ekten unutulmaz bir deneyim. Ameliyat 10 dakikadan fazla s\u00fcrmedi ve Profes\u00f6r Cosar&#8217;a g\u00f6re %100 ba\u015far\u0131l\u0131yd\u0131. Ne yaz\u0131k ki, ameliyattan nispeten k\u0131sa bir s\u00fcre sonra, bekleme odas\u0131nda g\u00f6zlerimden ya\u015flar akmaya ba\u015flad\u0131\u011f\u0131 ve ac\u0131 verici, kumlu bir his ya\u015fad\u0131\u011f\u0131m i\u00e7in sonu\u00e7lar\u0131n \u00e7o\u011funu hen\u00fcz g\u00f6remedim. Buna haz\u0131rl\u0131kl\u0131yd\u0131m; gelece\u011fini biliyordum. Buna ra\u011fmen, k\u0131sa takip muayenesi ve otele geri transfer i\u00e7in gerekli olan g\u00f6zlerimi a\u00e7makta b\u00fcy\u00fck zorluk \u00e7ektim. Belki de burada iyile\u015ftirme i\u00e7in tek \u00f6neri \u015fu: Ameliyattan sonra do\u011frudan otele g\u00f6t\u00fcr\u00fcl\u00fcp, y\u00fcz\u00fcmden her \u015fey akarken ve tek istedi\u011fim uzan\u0131p saklanmakken, \u0130stanbul sokaklar\u0131nda bir saatten fazla araba s\u00fcrmek yerine, hastane odas\u0131nda bir gece ge\u00e7irmeyi tercih ederdim. Ertesi g\u00fcn bunun m\u00fcmk\u00fcn oldu\u011fu s\u00f6ylendi ve \u00f6nceden teklif edilmi\u015f olsayd\u0131 kesinlikle bundan faydalan\u0131rd\u0131m. Ama belki de daha dayan\u0131kl\u0131 ki\u015filer olaylara farkl\u0131 bakabilirler\u2026 Otele d\u00f6nd\u00fc\u011f\u00fcmde bir a\u011fr\u0131 kesici ald\u0131m ve yakla\u015f\u0131k iki saat sonra, \u00e7ile birdenbire sona erdi. Tam iki saat oldu\u011funu hat\u0131rl\u0131yorum \u00e7\u00fcnk\u00fc odan\u0131n di\u011fer taraf\u0131ndaki televizyondaki saati g\u00f6rebiliyor ve okuyabiliyordum. Daha sonra, hayat\u0131mda ilk kez g\u00f6zl\u00fck veya kontakt lens takmadan otelin \u00e7at\u0131 kat\u0131ndaki restoranda, daha \u00f6nce hi\u00e7 g\u00f6rmedi\u011fim bir manzaraya bakarak ak\u015fam yeme\u011finin tad\u0131n\u0131 \u00e7\u0131kard\u0131m. B\u00fcy\u00fcl\u00fcyd\u00fc ve bu ameliyattan d\u00f6rt saatten az bir s\u00fcre sonra olmu\u015ftu. G\u00f6zlerimi yanl\u0131\u015fl\u0131kla ovu\u015fturmamak i\u00e7in bana verilen koruyucu g\u00f6zl\u00fckleri t\u00fcm ak\u015fam ve gece boyunca takt\u0131m. Ertesi sabah tekrar al\u0131nd\u0131m ve takip muayenesi i\u00e7in Ac\u0131badem Hastanesi&#8217;ne g\u00f6t\u00fcr\u00fcld\u00fcm. Orada Profes\u00f6r Cosar taraf\u0131ndan son bir kez muayene edildim ve g\u00f6rme yetimin %110 oldu\u011funu kendi g\u00f6zlerimle g\u00f6rd\u00fcm. Hayat\u0131mda hi\u00e7 bu kadar iyi g\u00f6rmemi\u015ftim, g\u00f6zl\u00fck veya kontakt lensle bile.Hala okuma g\u00f6zl\u00fc\u011f\u00fcne ihtiyac\u0131m yok. Ancak, ya\u015fa ba\u011fl\u0131 hipermetropi sorunum (e\u011fer bir g\u00fcn ortaya \u00e7\u0131karsa) d\u00fczeltilmeye karar verirsem, kesinlikle tekrar Swisslasik ve \u0130stanbul Ac\u0131badem Hastanesi&#8217;nin hizmetlerinden yararlanaca\u011f\u0131m. Eme\u011fi ge\u00e7en herkese \u00e7ok te\u015fekk\u00fcrler, ger\u00e7ekten harika bir i\u015f \u00e7\u0131kard\u0131n\u0131z! Sayg\u0131lar\u0131mla, Sascha Luderer \u00d6nceki rapor Sonraki rapor<\/p>\n","protected":false},"author":4,"featured_media":0,"parent":3801,"menu_order":0,"comment_status":"closed","ping_status":"closed","template":"","meta":{"_joinchat":[],"footnotes":""},"class_list":["post-3834","page","type-page","status-publish","hentry"],"acf":[],"_links":{"self":[{"href":"https:\/\/swisslasik.ch\/tr\/wp-json\/wp\/v2\/pages\/3834","targetHints":{"allow":["GET"]}}],"collection":[{"href":"https:\/\/swisslasik.ch\/tr\/wp-json\/wp\/v2\/pages"}],"about":[{"href":"https:\/\/swisslasik.ch\/tr\/wp-json\/wp\/v2\/types\/page"}],"author":[{"embeddable":true,"href":"https:\/\/swisslasik.ch\/tr\/wp-json\/wp\/v2\/users\/4"}],"replies":[{"embeddable":true,"href":"https:\/\/swisslasik.ch\/tr\/wp-json\/wp\/v2\/comments?post=3834"}],"version-history":[{"count":3,"href":"https:\/\/swisslasik.ch\/tr\/wp-json\/wp\/v2\/pages\/3834\/revisions"}],"predecessor-version":[{"id":4715,"href":"https:\/\/swisslasik.ch\/tr\/wp-json\/wp\/v2\/pages\/3834\/revisions\/4715"}],"up":[{"embeddable":true,"href":"https:\/\/swisslasik.ch\/tr\/wp-json\/wp\/v2\/pages\/3801"}],"wp:attachment":[{"href":"https:\/\/swisslasik.ch\/tr\/wp-json\/wp\/v2\/media?parent=3834"}],"curies":[{"name":"wp","href":"https:\/\/api.w.org\/{rel}","templated":true}]}}