{"id":3838,"date":"2025-09-24T11:41:49","date_gmt":"2025-09-24T10:41:49","guid":{"rendered":"https:\/\/swisslasik.ch\/hasta-yorumlari-lasik-goez-lazeri\/orada-harika-bir-is-cikariyorlar-25-nisan-2016-pazartesi-tarihli-rapor\/"},"modified":"2026-01-14T02:27:28","modified_gmt":"2026-01-14T01:27:28","slug":"orada-harika-bir-is-cikariyorlar-25-nisan-2016-pazartesi-tarihli-rapor","status":"publish","type":"page","link":"https:\/\/swisslasik.ch\/tr\/hasta-yorumlari-lasik-goez-lazeri\/orada-harika-bir-is-cikariyorlar-25-nisan-2016-pazartesi-tarihli-rapor\/","title":{"rendered":"Orada harika bir i\u015f \u00e7\u0131kar\u0131yorlar! \u2013 25 Nisan 2016 Pazartesi tarihli rapor"},"content":{"rendered":"\n<h3 class=\"wp-block-heading\">Orada harika bir i\u015f \u00e7\u0131kar\u0131yorlar! \u2013 25 Nisan 2016 Pazartesi tarihli rapor<\/h3>\n\n\n\n<p>O\u011flum ba\u015flang\u0131\u00e7ta T\u00fcrkiye&#8217;de g\u00f6z lazeri ameliyat\u0131 olmak istedi ve beni de ikna edici arg\u00fcmanlarla onunla gelmeye ikna etti. \u00d6nceden hi\u00e7bir ara\u015ft\u0131rma yapmadan, arkada\u015flar\u0131n\u0131n da lazer g\u00f6z ameliyat\u0131 ge\u00e7irdi\u011fini ve hepsinin ba\u015far\u0131l\u0131 oldu\u011funu s\u00f6yleyen o\u011fluma g\u00fcvendim. <\/p>\n\n\n\n<p>O\u011flum, seyahati organize eden bir seyahat acentesiyle ileti\u015fime ge\u00e7ti. O zamanlar \u0130svi\u00e7re&#8217;de resmi tatiller oldu\u011fu i\u00e7in, bu g\u00fcnleri ve hafta sonunu de\u011ferlendirmek idealdi. Acentenin \u00e7ok organize oldu\u011funu g\u00f6rd\u00fcm. Per\u015fembe g\u00fcn\u00fc T\u00fcrkiye&#8217;ye u\u00e7tuk ve var\u0131\u015fta bizi kar\u015f\u0131lamak i\u00e7in bir ekip bekliyordu. Daha sonra, yine seyahat acentesi taraf\u0131ndan organize edilen kar\u015f\u0131lama servisini beklememiz gerekti. Otob\u00fcs yolculu\u011fu \u00e7ok rahatt\u0131 ve bizi hastaneye g\u00f6t\u00fcrd\u00fc. Ard\u0131ndan, o\u011flumun ba\u015far\u0131l\u0131 bir di\u015f operasyonu ge\u00e7irdi\u011fi hastaneye gittik ve daha sonra \u015fehirde yemek yemeye \u00e7\u0131kt\u0131k. Lezzetli yemeklerden kesinlikle \u00e7ok memnun kald\u0131\u011f\u0131m\u0131 s\u00f6ylemeliyim.     <\/p>\n\n\n\n<p>Daha sonra otele taksiyle gittik; taksi \u015fof\u00f6rlerinin \u00e7ok verimli oldu\u011funu ve taksi \u00fccretlerinin de ucuz oldu\u011funu s\u00f6ylemeliyim. Otele vard\u0131\u011f\u0131m\u0131zda kibarca kar\u015f\u0131land\u0131k ve odam\u0131za g\u00f6t\u00fcr\u00fcld\u00fck. Otel cennet gibi de\u011fildi ama 3 y\u0131ld\u0131zl\u0131 bir oteldi.  <\/p>\n\n\n\n<p>Ertesi g\u00fcn hastaneye geri d\u00f6nd\u00fck ve \u00f6nce muayene edildik. Cuma g\u00fcn\u00fc, bir terc\u00fcman t\u00fcm sorular\u0131m\u0131z\u0131 Almanca olarak yan\u0131tlad\u0131 ki bu \u00e7ok iyiydi \u00e7\u00fcnk\u00fc baz\u0131 insanlar \u0130ngilizce konu\u015fmuyor.<\/p>\n\n\n\n<p>\u00d6\u011fleden sonra nihayet herkesin s\u0131rayla ameliyat edildi\u011fi bekleme odas\u0131na gitme zaman\u0131 gelmi\u015fti. \u015eimdi s\u0131ra bendeydi ve rahatlamaya \u00e7al\u0131\u015ft\u0131m. Ameliyat odas\u0131na girdi\u011fimde biraz gergindim. Ama panik yapacak bir \u015fey yoktu, \u00e7\u00fcnk\u00fc \u00f6nce g\u00f6zlerim uyu\u015fturulmu\u015ftu ama her \u015feyi g\u00f6rebiliyordum, bu olduk\u00e7a ilgin\u00e7ti ve \u00e7ok az ac\u0131 veriyordu. Bekleme odas\u0131na d\u00f6nd\u00fc\u011f\u00fcmde g\u00f6zlerim biraz yanmaya ba\u015flad\u0131, bu olduk\u00e7a normaldi. O ak\u015fam biraz yanma ve sulanma oldu ama birka\u00e7 saat sonra ge\u00e7ti ve tekrar g\u00f6rebiliyordum.    <\/p>\n\n\n\n<p>Ertesi sabah tekrar net bir \u015fekilde g\u00f6rebiliyordum ve \u00e7ok mutluydum, bug\u00fcne kadar da pi\u015fman olmad\u0131m. Tek sorun, ameliyattan sonra art\u0131k okuma g\u00f6zl\u00fc\u011f\u00fcne ihtiyac\u0131m olmas\u0131yd\u0131 ki, 43 ya\u015f\u0131nda olmam g\u00f6z \u00f6n\u00fcne al\u0131nd\u0131\u011f\u0131nda bunun normal oldu\u011funu d\u00fc\u015f\u00fcn\u00fcyorum. <\/p>\n\n\n\n<p>\u015eunu s\u00f6ylemeliyim ki, g\u00f6r\u00fc\u015f\u00fcm her ge\u00e7en g\u00fcn biraz daha netle\u015fiyor, bu y\u00fczden endi\u015felenmeyin, birka\u00e7 g\u00fcn sonra ilk ak\u015famkinden \u00e7ok daha iyi olacak. Ayr\u0131ca size \u015funu da s\u00f6ylemek istiyorum ki, bir g\u00f6zde -7, di\u011ferinde -5 numaral\u0131 g\u00f6zl\u00fck numaras\u0131 d\u00fczeltilmesi i\u00e7in ameliyat m\u00fcmk\u00fcn ve astigmatizma da sorun de\u011fil. Orada her \u015feyi \u00e7ok iyi yap\u0131yorlar.  <\/p>\n\n\n\n<p>Personelden ve oradaki doktorlardan \u00e7ok memnun kald\u0131m, \u00e7\u00fcnk\u00fc hepsi de \u00e7ok cana yak\u0131n davrand\u0131lar.<\/p>\n\n\n\n<p>Fadil Ramadani<\/p>\n\n\n\n<div class=\"wp-block-group is-layout-grid wp-container-core-group-is-layout-baef362d wp-block-group-is-layout-grid\">\n<p><a href=\"https:\/\/medicaltravel.at\/home\/agb\/\" data-type=\"page\" data-id=\"2191\" rel=\"nofollow noopener\" target=\"_blank\"><\/a><a href=\"https:\/\/swisslasik.ch\/tr\/hasta-yorumlari-lasik-goez-lazeri\/sonuc-olarak-her-sey-muekemmel-bir-sekilde-organize-edilmisti-3-mayis-2016-sali-tarihli-rapor\/\" data-type=\"link\" data-id=\"https:\/\/swisslasik.ch\/patientenberichte-lasik\/abschliesend-bleibt-zu-sagen-dass-alles-perfekt-organisiert-war-bericht-vom-dienstag-03-mai-2016\/\">\u00d6nceki rapor<\/a><\/p>\n\n\n\n<p class=\"has-text-align-right wp-container-content-5e2576f9\"><a href=\"https:\/\/medicaltravel.at\/home\/impressum\/\" data-type=\"page\" data-id=\"2193\" rel=\"nofollow noopener\" target=\"_blank\"><\/a><a href=\"https:\/\/medicaltravel.at\/home\/berichte-von-patienten\/erfahrungsberichte\/erfahrungsbericht-zahnbehandlung-in-istanbul\/\" data-type=\"page\" data-id=\"981\" rel=\"nofollow noopener\" target=\"_blank\"><\/a><a href=\"https:\/\/swisslasik.ch\/tr\/hasta-yorumlari-lasik-goez-lazeri\/istanbula-tek-basima-bir-kadin-olarak-seyahat-ettim-ve-4-guen-boyunca-kendimi-tamamen-rahat-hissettim-22-nisan-2016-cuma-tarihli-rapor\/\" data-type=\"link\" data-id=\"https:\/\/swisslasik.ch\/tr\/hasta-yorumlari-lasik-goez-lazeri\/istanbula-tek-basima-bir-kadin-olarak-seyahat-ettim-ve-4-guen-boyunca-kendimi-tamamen-rahat-hissettim-22-nisan-2016-cuma-tarihli-rapor\/\">Sonraki rapor<\/a><\/p>\n<\/div>\n","protected":false},"excerpt":{"rendered":"<p>Orada harika bir i\u015f \u00e7\u0131kar\u0131yorlar! \u2013 25 Nisan 2016 Pazartesi tarihli rapor O\u011flum ba\u015flang\u0131\u00e7ta T\u00fcrkiye&#8217;de g\u00f6z lazeri ameliyat\u0131 olmak istedi ve beni de ikna edici arg\u00fcmanlarla onunla gelmeye ikna etti. \u00d6nceden hi\u00e7bir ara\u015ft\u0131rma yapmadan, arkada\u015flar\u0131n\u0131n da lazer g\u00f6z ameliyat\u0131 ge\u00e7irdi\u011fini ve hepsinin ba\u015far\u0131l\u0131 oldu\u011funu s\u00f6yleyen o\u011fluma g\u00fcvendim. O\u011flum, seyahati organize eden bir seyahat acentesiyle ileti\u015fime ge\u00e7ti. O zamanlar \u0130svi\u00e7re&#8217;de resmi tatiller oldu\u011fu i\u00e7in, bu g\u00fcnleri ve hafta sonunu de\u011ferlendirmek idealdi. Acentenin \u00e7ok organize oldu\u011funu g\u00f6rd\u00fcm. Per\u015fembe g\u00fcn\u00fc T\u00fcrkiye&#8217;ye u\u00e7tuk ve var\u0131\u015fta bizi kar\u015f\u0131lamak i\u00e7in bir ekip bekliyordu. Daha sonra, yine seyahat acentesi taraf\u0131ndan organize edilen kar\u015f\u0131lama servisini beklememiz gerekti. Otob\u00fcs yolculu\u011fu \u00e7ok rahatt\u0131 ve bizi hastaneye g\u00f6t\u00fcrd\u00fc. Ard\u0131ndan, o\u011flumun ba\u015far\u0131l\u0131 bir di\u015f operasyonu ge\u00e7irdi\u011fi hastaneye gittik ve daha sonra \u015fehirde yemek yemeye \u00e7\u0131kt\u0131k. Lezzetli yemeklerden kesinlikle \u00e7ok memnun kald\u0131\u011f\u0131m\u0131 s\u00f6ylemeliyim. Daha sonra otele taksiyle gittik; taksi \u015fof\u00f6rlerinin \u00e7ok verimli oldu\u011funu ve taksi \u00fccretlerinin de ucuz oldu\u011funu s\u00f6ylemeliyim. Otele vard\u0131\u011f\u0131m\u0131zda kibarca kar\u015f\u0131land\u0131k ve odam\u0131za g\u00f6t\u00fcr\u00fcld\u00fck. Otel cennet gibi de\u011fildi ama 3 y\u0131ld\u0131zl\u0131 bir oteldi. Ertesi g\u00fcn hastaneye geri d\u00f6nd\u00fck ve \u00f6nce muayene edildik. Cuma g\u00fcn\u00fc, bir terc\u00fcman t\u00fcm sorular\u0131m\u0131z\u0131 Almanca olarak yan\u0131tlad\u0131 ki bu \u00e7ok iyiydi \u00e7\u00fcnk\u00fc baz\u0131 insanlar \u0130ngilizce konu\u015fmuyor. \u00d6\u011fleden sonra nihayet herkesin s\u0131rayla ameliyat edildi\u011fi bekleme odas\u0131na gitme zaman\u0131 gelmi\u015fti. \u015eimdi s\u0131ra bendeydi ve rahatlamaya \u00e7al\u0131\u015ft\u0131m. Ameliyat odas\u0131na girdi\u011fimde biraz gergindim. Ama panik yapacak bir \u015fey yoktu, \u00e7\u00fcnk\u00fc \u00f6nce g\u00f6zlerim uyu\u015fturulmu\u015ftu ama her \u015feyi g\u00f6rebiliyordum, bu olduk\u00e7a ilgin\u00e7ti ve \u00e7ok az ac\u0131 veriyordu. Bekleme odas\u0131na d\u00f6nd\u00fc\u011f\u00fcmde g\u00f6zlerim biraz yanmaya ba\u015flad\u0131, bu olduk\u00e7a normaldi. O ak\u015fam biraz yanma ve sulanma oldu ama birka\u00e7 saat sonra ge\u00e7ti ve tekrar g\u00f6rebiliyordum. Ertesi sabah tekrar net bir \u015fekilde g\u00f6rebiliyordum ve \u00e7ok mutluydum, bug\u00fcne kadar da pi\u015fman olmad\u0131m. Tek sorun, ameliyattan sonra art\u0131k okuma g\u00f6zl\u00fc\u011f\u00fcne ihtiyac\u0131m olmas\u0131yd\u0131 ki, 43 ya\u015f\u0131nda olmam g\u00f6z \u00f6n\u00fcne al\u0131nd\u0131\u011f\u0131nda bunun normal oldu\u011funu d\u00fc\u015f\u00fcn\u00fcyorum. \u015eunu s\u00f6ylemeliyim ki, g\u00f6r\u00fc\u015f\u00fcm her ge\u00e7en g\u00fcn biraz daha netle\u015fiyor, bu y\u00fczden endi\u015felenmeyin, birka\u00e7 g\u00fcn sonra ilk ak\u015famkinden \u00e7ok daha iyi olacak. Ayr\u0131ca size \u015funu da s\u00f6ylemek istiyorum ki, bir g\u00f6zde -7, di\u011ferinde -5 numaral\u0131 g\u00f6zl\u00fck numaras\u0131 d\u00fczeltilmesi i\u00e7in ameliyat m\u00fcmk\u00fcn ve astigmatizma da sorun de\u011fil. Orada her \u015feyi \u00e7ok iyi yap\u0131yorlar. Personelden ve oradaki doktorlardan \u00e7ok memnun kald\u0131m, \u00e7\u00fcnk\u00fc hepsi de \u00e7ok cana yak\u0131n davrand\u0131lar. Fadil Ramadani \u00d6nceki rapor Sonraki rapor<\/p>\n","protected":false},"author":4,"featured_media":0,"parent":3801,"menu_order":0,"comment_status":"closed","ping_status":"closed","template":"","meta":{"_joinchat":[],"footnotes":""},"class_list":["post-3838","page","type-page","status-publish","hentry"],"acf":[],"_links":{"self":[{"href":"https:\/\/swisslasik.ch\/tr\/wp-json\/wp\/v2\/pages\/3838","targetHints":{"allow":["GET"]}}],"collection":[{"href":"https:\/\/swisslasik.ch\/tr\/wp-json\/wp\/v2\/pages"}],"about":[{"href":"https:\/\/swisslasik.ch\/tr\/wp-json\/wp\/v2\/types\/page"}],"author":[{"embeddable":true,"href":"https:\/\/swisslasik.ch\/tr\/wp-json\/wp\/v2\/users\/4"}],"replies":[{"embeddable":true,"href":"https:\/\/swisslasik.ch\/tr\/wp-json\/wp\/v2\/comments?post=3838"}],"version-history":[{"count":2,"href":"https:\/\/swisslasik.ch\/tr\/wp-json\/wp\/v2\/pages\/3838\/revisions"}],"predecessor-version":[{"id":4684,"href":"https:\/\/swisslasik.ch\/tr\/wp-json\/wp\/v2\/pages\/3838\/revisions\/4684"}],"up":[{"embeddable":true,"href":"https:\/\/swisslasik.ch\/tr\/wp-json\/wp\/v2\/pages\/3801"}],"wp:attachment":[{"href":"https:\/\/swisslasik.ch\/tr\/wp-json\/wp\/v2\/media?parent=3838"}],"curies":[{"name":"wp","href":"https:\/\/api.w.org\/{rel}","templated":true}]}}