{"id":3840,"date":"2025-09-24T11:40:04","date_gmt":"2025-09-24T10:40:04","guid":{"rendered":"https:\/\/swisslasik.ch\/hasta-yorumlari-lasik-goez-lazeri\/organizasyon-muekemmel-ve-klinik-son-teknolojiyle-donatilmis-26-mayis-2016-persembe-tarihli-rapor\/"},"modified":"2026-01-14T02:26:15","modified_gmt":"2026-01-14T01:26:15","slug":"organizasyon-muekemmel-ve-klinik-son-teknolojiyle-donatilmis-26-mayis-2016-persembe-tarihli-rapor","status":"publish","type":"page","link":"https:\/\/swisslasik.ch\/tr\/hasta-yorumlari-lasik-goez-lazeri\/organizasyon-muekemmel-ve-klinik-son-teknolojiyle-donatilmis-26-mayis-2016-persembe-tarihli-rapor\/","title":{"rendered":"Organizasyon m\u00fckemmel ve klinik son teknolojiyle donat\u0131lm\u0131\u015f! \u2013 26 May\u0131s 2016 Per\u015fembe tarihli rapor"},"content":{"rendered":"\n<h3 class=\"wp-block-heading\">Organizasyon m\u00fckemmel ve klinik son teknolojiyle donat\u0131lm\u0131\u015f! \u2013 26 May\u0131s 2016 Per\u015fembe tarihli rapor<\/h3>\n\n\n\n<p>1. G\u00fcn:<br>U\u00e7a\u011f\u0131m Z\u00fcrih&#8217;ten saat dokuzda kalkt\u0131. \u0130stanbul havaalan\u0131na vard\u0131\u011f\u0131mda, Medical Travel bulu\u015fma noktas\u0131 sol tarafta a\u00e7\u0131k\u00e7a i\u015faretlenmi\u015fti. Otele ula\u015f\u0131m, trafi\u011fe ve di\u011fer otellere yap\u0131lan sapmalara ba\u011fl\u0131 olarak biraz zaman ald\u0131. Odam\u0131za yerle\u015ftikten sonra, \u00f6\u011fleden sonray\u0131\/ak\u015fam\u0131 \u015fehri tan\u0131mak i\u00e7in ge\u00e7irdim.   <\/p>\n\n\n\n<p><strong>2. G\u00fcn:<\/strong><br>Servis arac\u0131m\u0131z bizi sabah 10:00&#8217;da ald\u0131. \u015eof\u00f6r\u00fcm\u00fcz bizi klinikte kay\u0131t alt\u0131na ald\u0131 ve o andan itibaren Almanca konu\u015fan bir asistan\u0131m\u0131z oldu. Bu asistan bizi do\u011frudan lazer g\u00f6z ameliyat\u0131 b\u00f6l\u00fcm\u00fcne g\u00f6t\u00fcrd\u00fc. Sabah, asistan\u0131n birka\u00e7 kez tekrarlad\u0131\u011f\u0131 birka\u00e7 organizasyonel konuyu a\u00e7\u0131kl\u0131\u011fa kavu\u015fturmam\u0131z gerekti. Ard\u0131ndan, uygunlu\u011fumuzu ve hangi ameliyat t\u00fcr\u00fc i\u00e7in uygun oldu\u011fumuzu belirlemek i\u00e7in testler yap\u0131ld\u0131. Testler sadece birka\u00e7 saniye s\u00fcrd\u00fc ve tamamen a\u011fr\u0131s\u0131zd\u0131. T\u00fcm hastalar testleri tamamlad\u0131ktan sonra sonu\u00e7lar de\u011ferlendirildi. Doktorla yap\u0131lan ki\u015fisel bir g\u00f6r\u00fc\u015fmede, ameliyat i\u00e7in uygunlu\u011fumuzun onay\u0131n\u0131 ald\u0131k. Ayr\u0131ca kalan sorular\u0131m\u0131z\u0131 da yan\u0131tlad\u0131. G\u00f6r\u00fc\u015fmeden sonra g\u00f6z damlas\u0131 ald\u0131k. Bu damlalar g\u00f6z bebeklerimizi geni\u015fletti, bu da hafif bulan\u0131k g\u00f6rmeye ve \u0131\u015f\u0131k hassasiyetine neden oldu. Bu biraz rahats\u0131z ediciydi, \u00e7\u00fcnk\u00fc daha sonra \u00f6\u011fle yeme\u011fine gittik. \u0130ki saatlik bir beklemenin ard\u0131ndan ameliyat i\u00e7in \u00e7a\u011fr\u0131ld\u0131k. Bekleme odas\u0131nda, \u00e7e\u015fitli riskleri \u00f6zetleyen bir s\u00f6zle\u015fme imzalamam\u0131z istendi. Bu noktada, asl\u0131nda ne yapt\u0131klar\u0131n\u0131 herkes anlad\u0131. Ameliyattan \u00f6nce g\u00f6zlerinize uyu\u015fturucu damlalar damlat\u0131l\u0131yor. K\u0131sa bir beklemenin ard\u0131ndan ameliyat odas\u0131na giriyorsunuz. Ameliyat 15 dakikadan fazla s\u00fcrm\u00fcyor, ancak daha k\u0131sa gibi geliyor. Ameliyat s\u0131ras\u0131nda olduk\u00e7a gergindim. Arka plandaki doktorlar\u0131n ve asistanlar\u0131n sadece T\u00fcrk\u00e7e konu\u015fmas\u0131 da pek yard\u0131mc\u0131 olmad\u0131. \u00d6zellikle g\u00f6z\u00fcm\u00fcn odaklanmas\u0131n\u0131 sa\u011flamak i\u00e7in uygulanan bas\u0131nc\u0131 olduk\u00e7a rahats\u0131z edici buldum. Lazer tedavisinden sonra g\u00f6z iki kez y\u0131kan\u0131yor. Bunun fark\u0131nda de\u011fildim. Bu nedenle, birinci ve ikinci damlalar aras\u0131ndaki bekleme s\u00fcresinde biraz huzursuz oldum. Ancak doktor bunu fark etti ve her \u015feyin yolunda oldu\u011funu ve ameliyat\u0131n m\u00fckemmel ge\u00e7ece\u011fini s\u00f6yleyerek beni rahatlatt\u0131. \u0130kinci g\u00f6z\u00fcmde lazerin g\u00f6z\u00fcm\u00fcn \u00fczerinde hareket etti\u011fini hissedebiliyordum. Ac\u0131 verici de\u011fildi, ancak bir bas\u0131n\u00e7 hissediliyordu. Ameliyattan sonra size koyu renkli bir kayak g\u00f6zl\u00fc\u011f\u00fc veriliyor. Bunlar\u0131 ertesi sabaha kadar takman\u0131z gerekiyor. Her \u015feyin yolunda gitti\u011finden emin olmak i\u00e7in yap\u0131lan k\u0131sa bir kontrol\u00fcn ard\u0131ndan otele geri g\u00f6t\u00fcr\u00fcl\u00fcyorsunuz. Ameliyattan sonra kendinize ay\u0131rman\u0131z gereken d\u00f6rt saatlik dinlenme s\u00fcresi boyunca, g\u00f6zlerinizi a\u00e7t\u0131\u011f\u0131n\u0131zda sulanmaya ba\u015flayacaks\u0131n\u0131z. Ancak bu d\u00f6rt saatten sonra g\u00f6r\u00fc\u015f\u00fcn\u00fcz tekrar olduk\u00e7a iyi olacak ve d\u0131\u015far\u0131da yemek yiyebilirsiniz.<\/p>\n\n\n\n<p>3. G\u00fcn:<br>Bu sefer saat dokuzda otelden al\u0131nd\u0131k. Kontrol muayenesi zaman\u0131 gelmi\u015fti. Doktor g\u00f6z\u00fcm\u00fcz\u00fc k\u0131saca tekrar muayene etti. Sonra her \u015fey bitti. Saat 10:30&#8217;da otele geri d\u00f6nd\u00fck. Bu da bize t\u00fcm Cumartesi g\u00fcn\u00fcn\u00fc \u015fehri ve turistik yerlerini ke\u015ffetmek i\u00e7in kullanma f\u0131rsat\u0131 verdi.     <\/p>\n\n\n\n<p>4. G\u00fcn:<br>Z\u00fcrih&#8217;e d\u00f6n\u00fc\u015f u\u00e7u\u015fum sabah 2&#8217;deydi. Bu y\u00fczden tekrar uyuyabildim ve ard\u0131ndan do\u011frudan havaalan\u0131na gittim. <\/p>\n\n\n\n<p>Swisslasik g\u00f6z ameliyat\u0131n\u0131 \u015fiddetle tavsiye ederim. Organizasyon m\u00fckemmel ve klinik son teknolojiye sahip. <\/p>\n\n\n\n<p>Matthias M\u00e4der<\/p>\n\n\n\n<div class=\"wp-block-group is-layout-grid wp-container-core-group-is-layout-baef362d wp-block-group-is-layout-grid\">\n<p><a href=\"https:\/\/medicaltravel.at\/home\/agb\/\" data-type=\"page\" data-id=\"2191\" rel=\"nofollow noopener\" target=\"_blank\"><\/a><a href=\"https:\/\/swisslasik.ch\/tr\/hasta-yorumlari-lasik-goez-lazeri\/istanbul-sokaklarinda-her-sey-normaldi-3-agustos-2016-carsamba-tarihli-rapor\/\" data-type=\"link\" data-id=\"https:\/\/swisslasik.ch\/tr\/hasta-yorumlari-lasik-goez-lazeri\/istanbul-sokaklarinda-her-sey-normaldi-3-agustos-2016-carsamba-tarihli-rapor\/\">\u00d6nceki rapor<\/a><\/p>\n\n\n\n<p class=\"has-text-align-right wp-container-content-5e2576f9\"><a href=\"https:\/\/medicaltravel.at\/home\/impressum\/\" data-type=\"page\" data-id=\"2193\" rel=\"nofollow noopener\" target=\"_blank\"><\/a><a href=\"https:\/\/medicaltravel.at\/home\/berichte-von-patienten\/erfahrungsberichte\/erfahrungsbericht-zahnbehandlung-in-istanbul\/\" data-type=\"page\" data-id=\"981\" rel=\"nofollow noopener\" target=\"_blank\"><\/a><a href=\"https:\/\/swisslasik.ch\/tr\/hasta-yorumlari-lasik-goez-lazeri\/istanbuldaki-swisslasiki-%200-oraninda-tavsiye-ederim-9-mayis-2016-pazartesi-tarihli-rapor\/\" data-type=\"link\" data-id=\"https:\/\/swisslasik.ch\/tr\/hasta-yorumlari-lasik-goez-lazeri\/istanbuldaki-swisslasiki-%200-oraninda-tavsiye-ederim-9-mayis-2016-pazartesi-tarihli-rapor\/\">Sonraki rapor<\/a><\/p>\n<\/div>\n","protected":false},"excerpt":{"rendered":"<p>Organizasyon m\u00fckemmel ve klinik son teknolojiyle donat\u0131lm\u0131\u015f! \u2013 26 May\u0131s 2016 Per\u015fembe tarihli rapor 1. G\u00fcn:U\u00e7a\u011f\u0131m Z\u00fcrih&#8217;ten saat dokuzda kalkt\u0131. \u0130stanbul havaalan\u0131na vard\u0131\u011f\u0131mda, Medical Travel bulu\u015fma noktas\u0131 sol tarafta a\u00e7\u0131k\u00e7a i\u015faretlenmi\u015fti. Otele ula\u015f\u0131m, trafi\u011fe ve di\u011fer otellere yap\u0131lan sapmalara ba\u011fl\u0131 olarak biraz zaman ald\u0131. Odam\u0131za yerle\u015ftikten sonra, \u00f6\u011fleden sonray\u0131\/ak\u015fam\u0131 \u015fehri tan\u0131mak i\u00e7in ge\u00e7irdim. 2. G\u00fcn:Servis arac\u0131m\u0131z bizi sabah 10:00&#8217;da ald\u0131. \u015eof\u00f6r\u00fcm\u00fcz bizi klinikte kay\u0131t alt\u0131na ald\u0131 ve o andan itibaren Almanca konu\u015fan bir asistan\u0131m\u0131z oldu. Bu asistan bizi do\u011frudan lazer g\u00f6z ameliyat\u0131 b\u00f6l\u00fcm\u00fcne g\u00f6t\u00fcrd\u00fc. Sabah, asistan\u0131n birka\u00e7 kez tekrarlad\u0131\u011f\u0131 birka\u00e7 organizasyonel konuyu a\u00e7\u0131kl\u0131\u011fa kavu\u015fturmam\u0131z gerekti. Ard\u0131ndan, uygunlu\u011fumuzu ve hangi ameliyat t\u00fcr\u00fc i\u00e7in uygun oldu\u011fumuzu belirlemek i\u00e7in testler yap\u0131ld\u0131. Testler sadece birka\u00e7 saniye s\u00fcrd\u00fc ve tamamen a\u011fr\u0131s\u0131zd\u0131. T\u00fcm hastalar testleri tamamlad\u0131ktan sonra sonu\u00e7lar de\u011ferlendirildi. Doktorla yap\u0131lan ki\u015fisel bir g\u00f6r\u00fc\u015fmede, ameliyat i\u00e7in uygunlu\u011fumuzun onay\u0131n\u0131 ald\u0131k. Ayr\u0131ca kalan sorular\u0131m\u0131z\u0131 da yan\u0131tlad\u0131. G\u00f6r\u00fc\u015fmeden sonra g\u00f6z damlas\u0131 ald\u0131k. Bu damlalar g\u00f6z bebeklerimizi geni\u015fletti, bu da hafif bulan\u0131k g\u00f6rmeye ve \u0131\u015f\u0131k hassasiyetine neden oldu. Bu biraz rahats\u0131z ediciydi, \u00e7\u00fcnk\u00fc daha sonra \u00f6\u011fle yeme\u011fine gittik. \u0130ki saatlik bir beklemenin ard\u0131ndan ameliyat i\u00e7in \u00e7a\u011fr\u0131ld\u0131k. Bekleme odas\u0131nda, \u00e7e\u015fitli riskleri \u00f6zetleyen bir s\u00f6zle\u015fme imzalamam\u0131z istendi. Bu noktada, asl\u0131nda ne yapt\u0131klar\u0131n\u0131 herkes anlad\u0131. Ameliyattan \u00f6nce g\u00f6zlerinize uyu\u015fturucu damlalar damlat\u0131l\u0131yor. K\u0131sa bir beklemenin ard\u0131ndan ameliyat odas\u0131na giriyorsunuz. Ameliyat 15 dakikadan fazla s\u00fcrm\u00fcyor, ancak daha k\u0131sa gibi geliyor. Ameliyat s\u0131ras\u0131nda olduk\u00e7a gergindim. Arka plandaki doktorlar\u0131n ve asistanlar\u0131n sadece T\u00fcrk\u00e7e konu\u015fmas\u0131 da pek yard\u0131mc\u0131 olmad\u0131. \u00d6zellikle g\u00f6z\u00fcm\u00fcn odaklanmas\u0131n\u0131 sa\u011flamak i\u00e7in uygulanan bas\u0131nc\u0131 olduk\u00e7a rahats\u0131z edici buldum. Lazer tedavisinden sonra g\u00f6z iki kez y\u0131kan\u0131yor. Bunun fark\u0131nda de\u011fildim. Bu nedenle, birinci ve ikinci damlalar aras\u0131ndaki bekleme s\u00fcresinde biraz huzursuz oldum. Ancak doktor bunu fark etti ve her \u015feyin yolunda oldu\u011funu ve ameliyat\u0131n m\u00fckemmel ge\u00e7ece\u011fini s\u00f6yleyerek beni rahatlatt\u0131. \u0130kinci g\u00f6z\u00fcmde lazerin g\u00f6z\u00fcm\u00fcn \u00fczerinde hareket etti\u011fini hissedebiliyordum. Ac\u0131 verici de\u011fildi, ancak bir bas\u0131n\u00e7 hissediliyordu. Ameliyattan sonra size koyu renkli bir kayak g\u00f6zl\u00fc\u011f\u00fc veriliyor. Bunlar\u0131 ertesi sabaha kadar takman\u0131z gerekiyor. Her \u015feyin yolunda gitti\u011finden emin olmak i\u00e7in yap\u0131lan k\u0131sa bir kontrol\u00fcn ard\u0131ndan otele geri g\u00f6t\u00fcr\u00fcl\u00fcyorsunuz. Ameliyattan sonra kendinize ay\u0131rman\u0131z gereken d\u00f6rt saatlik dinlenme s\u00fcresi boyunca, g\u00f6zlerinizi a\u00e7t\u0131\u011f\u0131n\u0131zda sulanmaya ba\u015flayacaks\u0131n\u0131z. Ancak bu d\u00f6rt saatten sonra g\u00f6r\u00fc\u015f\u00fcn\u00fcz tekrar olduk\u00e7a iyi olacak ve d\u0131\u015far\u0131da yemek yiyebilirsiniz. 3. G\u00fcn:Bu sefer saat dokuzda otelden al\u0131nd\u0131k. Kontrol muayenesi zaman\u0131 gelmi\u015fti. Doktor g\u00f6z\u00fcm\u00fcz\u00fc k\u0131saca tekrar muayene etti. Sonra her \u015fey bitti. Saat 10:30&#8217;da otele geri d\u00f6nd\u00fck. Bu da bize t\u00fcm Cumartesi g\u00fcn\u00fcn\u00fc \u015fehri ve turistik yerlerini ke\u015ffetmek i\u00e7in kullanma f\u0131rsat\u0131 verdi. 4. G\u00fcn:Z\u00fcrih&#8217;e d\u00f6n\u00fc\u015f u\u00e7u\u015fum sabah 2&#8217;deydi. Bu y\u00fczden tekrar uyuyabildim ve ard\u0131ndan do\u011frudan havaalan\u0131na gittim. Swisslasik g\u00f6z ameliyat\u0131n\u0131 \u015fiddetle tavsiye ederim. Organizasyon m\u00fckemmel ve klinik son teknolojiye sahip. Matthias M\u00e4der \u00d6nceki rapor Sonraki rapor<\/p>\n","protected":false},"author":4,"featured_media":0,"parent":3801,"menu_order":0,"comment_status":"closed","ping_status":"closed","template":"","meta":{"_joinchat":[],"footnotes":""},"class_list":["post-3840","page","type-page","status-publish","hentry"],"acf":[],"_links":{"self":[{"href":"https:\/\/swisslasik.ch\/tr\/wp-json\/wp\/v2\/pages\/3840","targetHints":{"allow":["GET"]}}],"collection":[{"href":"https:\/\/swisslasik.ch\/tr\/wp-json\/wp\/v2\/pages"}],"about":[{"href":"https:\/\/swisslasik.ch\/tr\/wp-json\/wp\/v2\/types\/page"}],"author":[{"embeddable":true,"href":"https:\/\/swisslasik.ch\/tr\/wp-json\/wp\/v2\/users\/4"}],"replies":[{"embeddable":true,"href":"https:\/\/swisslasik.ch\/tr\/wp-json\/wp\/v2\/comments?post=3840"}],"version-history":[{"count":2,"href":"https:\/\/swisslasik.ch\/tr\/wp-json\/wp\/v2\/pages\/3840\/revisions"}],"predecessor-version":[{"id":4682,"href":"https:\/\/swisslasik.ch\/tr\/wp-json\/wp\/v2\/pages\/3840\/revisions\/4682"}],"up":[{"embeddable":true,"href":"https:\/\/swisslasik.ch\/tr\/wp-json\/wp\/v2\/pages\/3801"}],"wp:attachment":[{"href":"https:\/\/swisslasik.ch\/tr\/wp-json\/wp\/v2\/media?parent=3840"}],"curies":[{"name":"wp","href":"https:\/\/api.w.org\/{rel}","templated":true}]}}