{"id":3842,"date":"2025-09-24T11:46:30","date_gmt":"2025-09-24T10:46:30","guid":{"rendered":"https:\/\/swisslasik.ch\/hasta-yorumlari-lasik-goez-lazeri\/tuerkiye-isvicreye-kiyasla-doertte-bir-fiyatina-daha-fazla-deneyim-sunuyor-2-subat-2016-sali-tarihli-rapor\/"},"modified":"2026-01-14T02:32:30","modified_gmt":"2026-01-14T01:32:30","slug":"tuerkiye-isvicreye-kiyasla-doertte-bir-fiyatina-daha-fazla-deneyim-sunuyor-2-subat-2016-sali-tarihli-rapor","status":"publish","type":"page","link":"https:\/\/swisslasik.ch\/tr\/hasta-yorumlari-lasik-goez-lazeri\/tuerkiye-isvicreye-kiyasla-doertte-bir-fiyatina-daha-fazla-deneyim-sunuyor-2-subat-2016-sali-tarihli-rapor\/","title":{"rendered":"T\u00fcrkiye, \u0130svi\u00e7re&#8217;ye k\u0131yasla d\u00f6rtte bir fiyat\u0131na daha fazla deneyim sunuyor! \u2013 2 \u015eubat 2016 Sal\u0131 tarihli rapor"},"content":{"rendered":"\n<h3 class=\"wp-block-heading\">T\u00fcrkiye, \u0130svi\u00e7re&#8217;ye k\u0131yasla d\u00f6rtte bir fiyat\u0131na daha fazla deneyim sunuyor! \u2013 2 \u015eubat 2016 Sal\u0131 tarihli rapor<\/h3>\n\n\n\n<p>Ocak 2016&#8217;da, SwissLasik arac\u0131l\u0131\u011f\u0131yla \u0130stanbul&#8217;da lazer g\u00f6z ameliyat\u0131 oldum. \u00c7ok iyi bir f\u0131rsat buldu\u011fum ve \u00f6nerdikleri oteli be\u011fenmedi\u011fim i\u00e7in u\u00e7ak biletimi ve otel rezervasyonumu kendim yapt\u0131m. Havaalan\u0131na vard\u0131\u011f\u0131m\u0131zda, hastane resepsiyonunda check-in yapt\u0131ktan sadece birka\u00e7 dakika sonra otele g\u00f6t\u00fcr\u00fcld\u00fck. \u015eof\u00f6r do\u011fru adresi biliyordu ve oteli sorunsuz bir \u015fekilde buldu. Otel ve hastane aras\u0131ndaki transferler de sorunsuz ge\u00e7ti: \u015fof\u00f6r her zaman \u00e7ok dakikti, ancak bunun d\u0131\u015f\u0131nda onunla ileti\u015fim kurmak neredeyse imkans\u0131zd\u0131. Bir keresinde oteli hemen bulamad\u0131, ancak bizim yard\u0131m\u0131m\u0131zla h\u0131zla buldu.     <\/p>\n\n\n\n<p>Hastaneye ilk vard\u0131\u011f\u0131m\u0131zda, giri\u015fin \u00f6n\u00fcne b\u0131rak\u0131ld\u0131k. Daha iyisini bilmedi\u011fimiz i\u00e7in, bilgi masas\u0131na gittik ve oradaki personel bize g\u00f6z klini\u011fine giden yolu a\u00e7\u0131klad\u0131. Oraya vard\u0131\u011f\u0131m\u0131zda, Almanca konu\u015fan bak\u0131c\u0131m k\u0131sa s\u00fcre sonra ortaya \u00e7\u0131kt\u0131, ancak b\u00f6l\u00fcm\u00fc kendimizin bulmas\u0131na olduk\u00e7a \u015fa\u015f\u0131rd\u0131. G\u00f6r\u00fcn\u00fc\u015fe g\u00f6re, giri\u015fin yak\u0131n\u0131ndaki \u00f6zel bir resepsiyon masas\u0131nda bekliyormu\u015f ve ben bundan haberdar de\u011filmi\u015fim. Bundan sonra her \u015fey sorunsuz ilerledi ve bak\u0131c\u0131 bazen biraz sert olsa da, beni bir muayeneden di\u011ferine h\u0131zla g\u00f6t\u00fcrd\u00fc\u011f\u00fc i\u00e7in b\u00fcy\u00fck bir yard\u0131mc\u0131 oldu.   <\/p>\n\n\n\n<p>Hastane \u00e7ok modern ve temiz; standartlar\u0131 kesinlikle \u0130svi\u00e7re&#8217;dekilerle k\u0131yaslanabilir. Ancak bekleme s\u00fcreleri \u0130svi\u00e7re&#8217;ye g\u00f6re \u00f6nemli \u00f6l\u00e7\u00fcde daha k\u0131sa ve \u00e7ok h\u0131zl\u0131 bir \u015fekilde muayene ediliyorsunuz. Beklemek zorunda kald\u0131\u011f\u0131m\u0131z tek zaman dilimi, \u00f6n muayene ile ameliyat aras\u0131nda yakla\u015f\u0131k 2,5 saatti, ancak bu s\u00fcre kafeteryada olduk\u00e7a keyifli ge\u00e7ti. \u00d6n muayeneden sonra kullan\u0131lan g\u00f6z damlalar\u0131 okumay\u0131 zorla\u015ft\u0131rd\u0131\u011f\u0131 i\u00e7in bekleme s\u00fcresi boyunca sesli kitap veya m\u00fczik getirmeniz tavsiye edilir.   <\/p>\n\n\n\n<p>Ameliyat\u0131n kendisi \u00e7ok h\u0131zl\u0131, k\u0131yafet de\u011fi\u015ftirme de dahil yakla\u015f\u0131k 15-20 dakika s\u00fcr\u00fcyor. Ben Femto-LASIK oldum. Flep olu\u015fturmak i\u00e7in kullan\u0131lan ilk lazer cihaz\u0131 biraz rahats\u0131z ediciydi \u00e7\u00fcnk\u00fc flebi sabitlemek i\u00e7in g\u00f6ze biraz bask\u0131 uyguland\u0131. Ancak ac\u0131 verici de\u011fildi ve sadece k\u0131sa s\u00fcrd\u00fc. As\u0131l tedavi i\u00e7in kullan\u0131lan ikinci cihaz da a\u011fr\u0131s\u0131zd\u0131 ve sadece k\u0131sa s\u00fcreli\u011fine kullan\u0131ld\u0131. Bu i\u015flem s\u0131ras\u0131nda g\u00f6ze herhangi bir bask\u0131 uygulanmad\u0131. Bana s\u00fcrekli olarak d\u00fcz ileriye bakmam ve g\u00f6zlerimi hareket ettirmemem gerekti\u011fi hat\u0131rlat\u0131ld\u0131, bu da benim i\u00e7in zordu. Bununla birlikte, ameliyattan sonra doktorun (kendisi ayn\u0131 zamanda profes\u00f6r) geri bildirimi olumlu oldu; iyi i\u015f \u00e7\u0131kard\u0131\u011f\u0131m\u0131 s\u00f6yledi.       <\/p>\n\n\n\n<p>\u0130\u015flemden hemen sonra, g\u00f6z\u00fcn\u00fcze yanl\u0131\u015fl\u0131kla dokunmaman\u0131z i\u00e7in ilk gece takman\u0131z gereken, koyu renkli kayak g\u00f6zl\u00fcklerine benzeyen koruyucu g\u00f6zl\u00fckler al\u0131yorsunuz. Otele d\u00f6nd\u00fckten sonra uzand\u0131m ama uyuyamad\u0131m. G\u00f6zlerim yakla\u015f\u0131k \u00fc\u00e7 saat boyunca \u015fiddetli bir \u015fekilde yand\u0131 ve ba\u015flang\u0131\u00e7ta saatte bir alman\u0131z gereken g\u00f6z damlalar\u0131n\u0131 damlatmamda bana yard\u0131mc\u0131 olacak birinin yan\u0131mda olmas\u0131 iyi oldu. Ayr\u0131ca \u0131\u015f\u0131\u011fa kar\u015f\u0131 a\u015f\u0131r\u0131 hassast\u0131m. Ancak bundan sonra durum h\u0131zla d\u00fczeldi ve hatta y\u00fcr\u00fcy\u00fc\u015fe \u00e7\u0131k\u0131p bir restoranda ak\u015fam yeme\u011fi yiyebildim (artan \u0131\u015f\u0131k hassasiyeti nedeniyle g\u00fcne\u015f g\u00f6zl\u00fc\u011f\u00fc takarak). Ba\u015f a\u011fr\u0131s\u0131 veya ba\u015fka herhangi bir olumsuz etki ya\u015famad\u0131m, sadece ge\u00e7ici yanma ve \u0131\u015f\u0131k hassasiyeti oldu.     <\/p>\n\n\n\n<p>Ertesi sabah (Cumartesi), kontrol muayenesinde her \u015fey m\u00fckemmeldi: Doktor g\u00f6rme yetimin %100 oldu\u011funu onaylad\u0131 ve t\u00fcm k\u0131s\u0131tlamalar\u0131 kald\u0131rd\u0131. Kontrol muayenesi de \u00e7ok h\u0131zl\u0131 ge\u00e7ti, neredeyse hi\u00e7 bekleme s\u00fcresi olmad\u0131. Bu da bana \u0130stanbul&#8217;u ke\u015ffetmek i\u00e7in bolca zaman b\u0131rakt\u0131 \u2013 Avrupa ve Do\u011fu aras\u0131nda yer alan ger\u00e7ekten g\u00f6r\u00fclmeye de\u011fer bir \u015fehir.  <\/p>\n\n\n\n<p>Pazar g\u00fcn\u00fc oldu\u011fu ve hastanenin sadece birka\u00e7 arac\u0131 bulundu\u011fu i\u00e7in, havaalan\u0131na d\u00f6n\u00fc\u015f yolculu\u011fu i\u00e7in bize son derece erken bir saat teklif edildi; bu da d\u00f6rt saatten fazla beklememiz anlam\u0131na geliyordu. Bu nedenle, servis hizmetini reddettik ve bunun yerine metroya bindik. <\/p>\n\n\n\n<p>Ameliyattan iki hafta sonra, g\u00f6r\u00fc\u015f\u00fcm \u00e7ok iyi (2-3 g\u00fcn sonras\u0131ndaki gibi). Hala ya\u015fad\u0131\u011f\u0131m tek sorun, g\u00f6z kurulu\u011fu ve geceleri \u0131\u015f\u0131k kaynaklar\u0131n\u0131n (farlar\u0131n) etraf\u0131nda ara s\u0131ra olu\u015fan hafif bir hale etkisi. Yakla\u015f\u0131k \u00fc\u00e7 ay daha g\u00f6z damlas\u0131 kullanmaya devam etmem gerekecek.  <\/p>\n\n\n\n<p>S\u00fcr\u00fcc\u00fc ehliyetimi de\u011fi\u015ftirmek i\u00e7in \u0130svi\u00e7re&#8217;deki bir g\u00f6z doktorunda g\u00f6z muayenesi yapt\u0131rmak zorunda kald\u0131m, \u00e7\u00fcnk\u00fc trafik dairesi T\u00fcrkiye&#8217;den gelen onay\u0131 kabul etmiyordu.<\/p>\n\n\n\n<p>SwissLasik&#8217;in hizmetlerinden \u00e7ok memnun kald\u0131m; her \u015fey sorunsuz ilerledi, yan\u0131t s\u00fcreleri her zaman \u00e7ok k\u0131sayd\u0131 ve tercih etti\u011fim randevu tarihini sadece birka\u00e7 hafta \u00f6nceden ald\u0131m. Ancak, d\u00f6viz kuru \u00f6nemli \u00f6l\u00e7\u00fcde daha uygun oldu\u011fu i\u00e7in yerinde \u00f6deme se\u00e7ene\u011fini tercih ettim. <\/p>\n\n\n\n<p>Sonu\u00e7: Her \u015feyi yine ayn\u0131 \u015fekilde yapard\u0131m!<\/p>\n\n\n\n<p>Andreas Lindau<\/p>\n\n\n\n<div class=\"wp-block-group is-layout-grid wp-container-core-group-is-layout-baef362d wp-block-group-is-layout-grid\">\n<p><a href=\"https:\/\/medicaltravel.at\/home\/agb\/\" data-type=\"page\" data-id=\"2191\" rel=\"nofollow noopener\" target=\"_blank\"><\/a><a href=\"https:\/\/swisslasik.ch\/tr\/hasta-yorumlari-lasik-goez-lazeri\/iki-goezuem-ve-ben-istanbulda-goez-lazeri-lasik-24-mart-2016-persembe-guenuene-ait-deneyim-raporu\/\" data-type=\"link\" data-id=\"https:\/\/swisslasik.ch\/tr\/hasta-yorumlari-lasik-goez-lazeri\/iki-goezuem-ve-ben-istanbulda-goez-lazeri-lasik-24-mart-2016-persembe-guenuene-ait-deneyim-raporu\/\">\u00d6nceki rapor<\/a><\/p>\n\n\n\n<p class=\"has-text-align-right wp-container-content-5e2576f9\"><a href=\"https:\/\/medicaltravel.at\/home\/impressum\/\" data-type=\"page\" data-id=\"2193\" rel=\"nofollow noopener\" target=\"_blank\"><\/a><a href=\"https:\/\/medicaltravel.at\/home\/berichte-von-patienten\/erfahrungsberichte\/erfahrungsbericht-zahnbehandlung-in-istanbul\/\" data-type=\"page\" data-id=\"981\" rel=\"nofollow noopener\" target=\"_blank\"><\/a><a href=\"https:\/\/swisslasik.ch\/tr\/hasta-yorumlari-lasik-goez-lazeri\/deneyim-raporu-istanbulda-sac-ekimi-8-ocak-2016-cuma-tarihli-rapor\/\" data-type=\"link\" data-id=\"https:\/\/swisslasik.ch\/tr\/hasta-yorumlari-lasik-goez-lazeri\/deneyim-raporu-istanbulda-sac-ekimi-8-ocak-2016-cuma-tarihli-rapor\/\">Sonraki <\/a><a href=\"https:\/\/swisslasik.ch\/tr\/hasta-yorumlari-lasik-goez-lazeri\/deneyim-raporu-istanbulda-sac-ekimi-8-ocak-2016-cuma-tarihli-rapor\/\" data-type=\"link\" data-id=\"https:\/\/swisslasik.ch\/patientenberichte-lasik\/erfahrungsbericht-eigenhaartransplantation-in-istanbul-bericht-vom-freitag-08-januar-2016\/\">rapor<\/a><\/p>\n<\/div>\n","protected":false},"excerpt":{"rendered":"<p>T\u00fcrkiye, \u0130svi\u00e7re&#8217;ye k\u0131yasla d\u00f6rtte bir fiyat\u0131na daha fazla deneyim sunuyor! \u2013 2 \u015eubat 2016 Sal\u0131 tarihli rapor Ocak 2016&#8217;da, SwissLasik arac\u0131l\u0131\u011f\u0131yla \u0130stanbul&#8217;da lazer g\u00f6z ameliyat\u0131 oldum. \u00c7ok iyi bir f\u0131rsat buldu\u011fum ve \u00f6nerdikleri oteli be\u011fenmedi\u011fim i\u00e7in u\u00e7ak biletimi ve otel rezervasyonumu kendim yapt\u0131m. Havaalan\u0131na vard\u0131\u011f\u0131m\u0131zda, hastane resepsiyonunda check-in yapt\u0131ktan sadece birka\u00e7 dakika sonra otele g\u00f6t\u00fcr\u00fcld\u00fck. \u015eof\u00f6r do\u011fru adresi biliyordu ve oteli sorunsuz bir \u015fekilde buldu. Otel ve hastane aras\u0131ndaki transferler de sorunsuz ge\u00e7ti: \u015fof\u00f6r her zaman \u00e7ok dakikti, ancak bunun d\u0131\u015f\u0131nda onunla ileti\u015fim kurmak neredeyse imkans\u0131zd\u0131. Bir keresinde oteli hemen bulamad\u0131, ancak bizim yard\u0131m\u0131m\u0131zla h\u0131zla buldu. Hastaneye ilk vard\u0131\u011f\u0131m\u0131zda, giri\u015fin \u00f6n\u00fcne b\u0131rak\u0131ld\u0131k. Daha iyisini bilmedi\u011fimiz i\u00e7in, bilgi masas\u0131na gittik ve oradaki personel bize g\u00f6z klini\u011fine giden yolu a\u00e7\u0131klad\u0131. Oraya vard\u0131\u011f\u0131m\u0131zda, Almanca konu\u015fan bak\u0131c\u0131m k\u0131sa s\u00fcre sonra ortaya \u00e7\u0131kt\u0131, ancak b\u00f6l\u00fcm\u00fc kendimizin bulmas\u0131na olduk\u00e7a \u015fa\u015f\u0131rd\u0131. G\u00f6r\u00fcn\u00fc\u015fe g\u00f6re, giri\u015fin yak\u0131n\u0131ndaki \u00f6zel bir resepsiyon masas\u0131nda bekliyormu\u015f ve ben bundan haberdar de\u011filmi\u015fim. Bundan sonra her \u015fey sorunsuz ilerledi ve bak\u0131c\u0131 bazen biraz sert olsa da, beni bir muayeneden di\u011ferine h\u0131zla g\u00f6t\u00fcrd\u00fc\u011f\u00fc i\u00e7in b\u00fcy\u00fck bir yard\u0131mc\u0131 oldu. Hastane \u00e7ok modern ve temiz; standartlar\u0131 kesinlikle \u0130svi\u00e7re&#8217;dekilerle k\u0131yaslanabilir. Ancak bekleme s\u00fcreleri \u0130svi\u00e7re&#8217;ye g\u00f6re \u00f6nemli \u00f6l\u00e7\u00fcde daha k\u0131sa ve \u00e7ok h\u0131zl\u0131 bir \u015fekilde muayene ediliyorsunuz. Beklemek zorunda kald\u0131\u011f\u0131m\u0131z tek zaman dilimi, \u00f6n muayene ile ameliyat aras\u0131nda yakla\u015f\u0131k 2,5 saatti, ancak bu s\u00fcre kafeteryada olduk\u00e7a keyifli ge\u00e7ti. \u00d6n muayeneden sonra kullan\u0131lan g\u00f6z damlalar\u0131 okumay\u0131 zorla\u015ft\u0131rd\u0131\u011f\u0131 i\u00e7in bekleme s\u00fcresi boyunca sesli kitap veya m\u00fczik getirmeniz tavsiye edilir. Ameliyat\u0131n kendisi \u00e7ok h\u0131zl\u0131, k\u0131yafet de\u011fi\u015ftirme de dahil yakla\u015f\u0131k 15-20 dakika s\u00fcr\u00fcyor. Ben Femto-LASIK oldum. Flep olu\u015fturmak i\u00e7in kullan\u0131lan ilk lazer cihaz\u0131 biraz rahats\u0131z ediciydi \u00e7\u00fcnk\u00fc flebi sabitlemek i\u00e7in g\u00f6ze biraz bask\u0131 uyguland\u0131. Ancak ac\u0131 verici de\u011fildi ve sadece k\u0131sa s\u00fcrd\u00fc. As\u0131l tedavi i\u00e7in kullan\u0131lan ikinci cihaz da a\u011fr\u0131s\u0131zd\u0131 ve sadece k\u0131sa s\u00fcreli\u011fine kullan\u0131ld\u0131. Bu i\u015flem s\u0131ras\u0131nda g\u00f6ze herhangi bir bask\u0131 uygulanmad\u0131. Bana s\u00fcrekli olarak d\u00fcz ileriye bakmam ve g\u00f6zlerimi hareket ettirmemem gerekti\u011fi hat\u0131rlat\u0131ld\u0131, bu da benim i\u00e7in zordu. Bununla birlikte, ameliyattan sonra doktorun (kendisi ayn\u0131 zamanda profes\u00f6r) geri bildirimi olumlu oldu; iyi i\u015f \u00e7\u0131kard\u0131\u011f\u0131m\u0131 s\u00f6yledi. \u0130\u015flemden hemen sonra, g\u00f6z\u00fcn\u00fcze yanl\u0131\u015fl\u0131kla dokunmaman\u0131z i\u00e7in ilk gece takman\u0131z gereken, koyu renkli kayak g\u00f6zl\u00fcklerine benzeyen koruyucu g\u00f6zl\u00fckler al\u0131yorsunuz. Otele d\u00f6nd\u00fckten sonra uzand\u0131m ama uyuyamad\u0131m. G\u00f6zlerim yakla\u015f\u0131k \u00fc\u00e7 saat boyunca \u015fiddetli bir \u015fekilde yand\u0131 ve ba\u015flang\u0131\u00e7ta saatte bir alman\u0131z gereken g\u00f6z damlalar\u0131n\u0131 damlatmamda bana yard\u0131mc\u0131 olacak birinin yan\u0131mda olmas\u0131 iyi oldu. Ayr\u0131ca \u0131\u015f\u0131\u011fa kar\u015f\u0131 a\u015f\u0131r\u0131 hassast\u0131m. Ancak bundan sonra durum h\u0131zla d\u00fczeldi ve hatta y\u00fcr\u00fcy\u00fc\u015fe \u00e7\u0131k\u0131p bir restoranda ak\u015fam yeme\u011fi yiyebildim (artan \u0131\u015f\u0131k hassasiyeti nedeniyle g\u00fcne\u015f g\u00f6zl\u00fc\u011f\u00fc takarak). Ba\u015f a\u011fr\u0131s\u0131 veya ba\u015fka herhangi bir olumsuz etki ya\u015famad\u0131m, sadece ge\u00e7ici yanma ve \u0131\u015f\u0131k hassasiyeti oldu. Ertesi sabah (Cumartesi), kontrol muayenesinde her \u015fey m\u00fckemmeldi: Doktor g\u00f6rme yetimin %100 oldu\u011funu onaylad\u0131 ve t\u00fcm k\u0131s\u0131tlamalar\u0131 kald\u0131rd\u0131. Kontrol muayenesi de \u00e7ok h\u0131zl\u0131 ge\u00e7ti, neredeyse hi\u00e7 bekleme s\u00fcresi olmad\u0131. Bu da bana \u0130stanbul&#8217;u ke\u015ffetmek i\u00e7in bolca zaman b\u0131rakt\u0131 \u2013 Avrupa ve Do\u011fu aras\u0131nda yer alan ger\u00e7ekten g\u00f6r\u00fclmeye de\u011fer bir \u015fehir. Pazar g\u00fcn\u00fc oldu\u011fu ve hastanenin sadece birka\u00e7 arac\u0131 bulundu\u011fu i\u00e7in, havaalan\u0131na d\u00f6n\u00fc\u015f yolculu\u011fu i\u00e7in bize son derece erken bir saat teklif edildi; bu da d\u00f6rt saatten fazla beklememiz anlam\u0131na geliyordu. Bu nedenle, servis hizmetini reddettik ve bunun yerine metroya bindik. Ameliyattan iki hafta sonra, g\u00f6r\u00fc\u015f\u00fcm \u00e7ok iyi (2-3 g\u00fcn sonras\u0131ndaki gibi). Hala ya\u015fad\u0131\u011f\u0131m tek sorun, g\u00f6z kurulu\u011fu ve geceleri \u0131\u015f\u0131k kaynaklar\u0131n\u0131n (farlar\u0131n) etraf\u0131nda ara s\u0131ra olu\u015fan hafif bir hale etkisi. Yakla\u015f\u0131k \u00fc\u00e7 ay daha g\u00f6z damlas\u0131 kullanmaya devam etmem gerekecek. S\u00fcr\u00fcc\u00fc ehliyetimi de\u011fi\u015ftirmek i\u00e7in \u0130svi\u00e7re&#8217;deki bir g\u00f6z doktorunda g\u00f6z muayenesi yapt\u0131rmak zorunda kald\u0131m, \u00e7\u00fcnk\u00fc trafik dairesi T\u00fcrkiye&#8217;den gelen onay\u0131 kabul etmiyordu. SwissLasik&#8217;in hizmetlerinden \u00e7ok memnun kald\u0131m; her \u015fey sorunsuz ilerledi, yan\u0131t s\u00fcreleri her zaman \u00e7ok k\u0131sayd\u0131 ve tercih etti\u011fim randevu tarihini sadece birka\u00e7 hafta \u00f6nceden ald\u0131m. Ancak, d\u00f6viz kuru \u00f6nemli \u00f6l\u00e7\u00fcde daha uygun oldu\u011fu i\u00e7in yerinde \u00f6deme se\u00e7ene\u011fini tercih ettim. Sonu\u00e7: Her \u015feyi yine ayn\u0131 \u015fekilde yapard\u0131m! Andreas Lindau \u00d6nceki rapor Sonraki rapor<\/p>\n","protected":false},"author":4,"featured_media":0,"parent":3801,"menu_order":0,"comment_status":"closed","ping_status":"closed","template":"","meta":{"_joinchat":[],"footnotes":""},"class_list":["post-3842","page","type-page","status-publish","hentry"],"acf":[],"_links":{"self":[{"href":"https:\/\/swisslasik.ch\/tr\/wp-json\/wp\/v2\/pages\/3842","targetHints":{"allow":["GET"]}}],"collection":[{"href":"https:\/\/swisslasik.ch\/tr\/wp-json\/wp\/v2\/pages"}],"about":[{"href":"https:\/\/swisslasik.ch\/tr\/wp-json\/wp\/v2\/types\/page"}],"author":[{"embeddable":true,"href":"https:\/\/swisslasik.ch\/tr\/wp-json\/wp\/v2\/users\/4"}],"replies":[{"embeddable":true,"href":"https:\/\/swisslasik.ch\/tr\/wp-json\/wp\/v2\/comments?post=3842"}],"version-history":[{"count":5,"href":"https:\/\/swisslasik.ch\/tr\/wp-json\/wp\/v2\/pages\/3842\/revisions"}],"predecessor-version":[{"id":4689,"href":"https:\/\/swisslasik.ch\/tr\/wp-json\/wp\/v2\/pages\/3842\/revisions\/4689"}],"up":[{"embeddable":true,"href":"https:\/\/swisslasik.ch\/tr\/wp-json\/wp\/v2\/pages\/3801"}],"wp:attachment":[{"href":"https:\/\/swisslasik.ch\/tr\/wp-json\/wp\/v2\/media?parent=3842"}],"curies":[{"name":"wp","href":"https:\/\/api.w.org\/{rel}","templated":true}]}}