{"id":3846,"date":"2025-09-24T11:26:38","date_gmt":"2025-09-24T10:26:38","guid":{"rendered":"https:\/\/swisslasik.ch\/hasta-yorumlari-lasik-goez-lazeri\/hayata-yeniden-baslamak-gibi-bir-sey-ve-tek-bir-dakikasina-bile-pisman-olmadim-6-ekim-2018-cumartesi-tarihli-rapor\/"},"modified":"2026-01-14T02:19:08","modified_gmt":"2026-01-14T01:19:08","slug":"hayata-yeniden-baslamak-gibi-bir-sey-ve-tek-bir-dakikasina-bile-pisman-olmadim-6-ekim-2018-cumartesi-tarihli-rapor","status":"publish","type":"page","link":"https:\/\/swisslasik.ch\/tr\/hasta-yorumlari-lasik-goez-lazeri\/hayata-yeniden-baslamak-gibi-bir-sey-ve-tek-bir-dakikasina-bile-pisman-olmadim-6-ekim-2018-cumartesi-tarihli-rapor\/","title":{"rendered":"Hayata yeniden ba\u015flamak gibi bir \u015fey ve tek bir dakikas\u0131na bile pi\u015fman olmad\u0131m! \u2013 6 Ekim 2018 Cumartesi tarihli rapor"},"content":{"rendered":"\n<h3 class=\"wp-block-heading\">Hayata yeniden ba\u015flamak gibi bir \u015fey ve tek bir dakikas\u0131na bile pi\u015fman olmad\u0131m! \u2013 6 Ekim 2018 Cumartesi tarihli rapor<\/h3>\n\n\n\n<p>Say\u0131n Bayanlar<br>Say\u0131n Beyler<\/p>\n\n\n\n<p>5 Eyl\u00fcl&#8217;de lazer g\u00f6z ameliyat\u0131 olmak i\u00e7in \u0130stanbul&#8217;a gidebildim. Ameliyata biraz endi\u015feyle yakla\u015ft\u0131m. <\/p>\n\n\n\n<p>Ancak bu \u015f\u00fcpheler k\u0131sa s\u00fcrd\u00fc. Ba\u015ftan sona \u00e7ok iyi bak\u0131ld\u0131\u011f\u0131m\u0131 hissettim ve Almanca olarak s\u00fcrekli destek sayesinde her zaman ne beklemem gerekti\u011fini biliyordum. <\/p>\n\n\n\n<p>\u015eimdi, d\u00f6rt hafta sonra, bu ad\u0131m\u0131n her a\u00e7\u0131dan faydal\u0131 oldu\u011funu bildirmekten memnuniyet duyuyorum.<\/p>\n\n\n\n<p>\u00dc\u00e7\u00fcnc\u00fc s\u0131n\u0131ftan beri g\u00f6zl\u00fck tak\u0131yorum ve \u015fimdi 53 ya\u015f\u0131nda g\u00f6zl\u00fcks\u00fcz hayat\u0131ma devam edebiliyorum ve araba kullanabiliyorum. Bu, hayata yeniden ba\u015flamam gibi bir \u015fey ve tek bir dakikas\u0131na bile pi\u015fman olmad\u0131m! <\/p>\n\n\n\n<p>Say\u0131n Dr. Banu Cosar&#8217;a ve elbette Almanca \u00e7eviriyi yapan, ad\u0131n\u0131 unuttu\u011fum beyefendiye te\u015fekk\u00fcr etmek istiyorum!<\/p>\n\n\n\n<p>Sayg\u0131lar\u0131mla, Mario Chimenti<\/p>\n\n\n\n<div class=\"wp-block-group is-layout-grid wp-container-core-group-is-layout-baef362d wp-block-group-is-layout-grid\">\n<p><a href=\"https:\/\/medicaltravel.at\/home\/agb\/\" data-type=\"page\" data-id=\"2191\" rel=\"nofollow noopener\" target=\"_blank\"><\/a><a href=\"https:\/\/swisslasik.ch\/tr\/hasta-yorumlari-lasik-goez-lazeri\/istanbul-tuerkiyede-lasik-goez-lazer-tedavisi-icin-oenerim-2\/\" data-type=\"link\" data-id=\"https:\/\/swisslasik.ch\/tr\/hasta-yorumlari-lasik-goez-lazeri\/istanbul-tuerkiyede-lasik-goez-lazer-tedavisi-icin-oenerim-2\/\">\u00d6nceki rapor<\/a><\/p>\n\n\n\n<p class=\"has-text-align-right wp-container-content-5e2576f9\"><a href=\"https:\/\/medicaltravel.at\/home\/impressum\/\" data-type=\"page\" data-id=\"2193\" rel=\"nofollow noopener\" target=\"_blank\"><\/a><a href=\"https:\/\/medicaltravel.at\/home\/berichte-von-patienten\/erfahrungsberichte\/erfahrungsbericht-zahnbehandlung-in-istanbul\/\" data-type=\"page\" data-id=\"981\" rel=\"nofollow noopener\" target=\"_blank\"><\/a><a href=\"https:\/\/swisslasik.ch\/tr\/hasta-yorumlari-lasik-goez-lazeri\/istanbulda-lazer-goez-ameliyati-deneyim-raporum-1-mayis-2018-sali-tarihli-rapor\/\" data-type=\"link\" data-id=\"https:\/\/swisslasik.ch\/patientenberichte-lasik\/augen-lasern-in-istanbul-mein-erfahrungsbericht-bericht-vom-dienstag-01-mai-2018\/\">Sonraki<\/a><a href=\"https:\/\/swisslasik.ch\/tr\/hasta-yorumlari-lasik-goez-lazeri\/istanbulda-gecirdigim-lazer-goez-ameliyatim-4-subat-2019-pazartesi-tarihli-rapor\/\" data-type=\"link\" data-id=\"https:\/\/swisslasik.ch\/tr\/hasta-yorumlari-lasik-goez-lazeri\/istanbulda-gecirdigim-lazer-goez-ameliyatim-4-subat-2019-pazartesi-tarihli-rapor\/\"> <\/a><a href=\"https:\/\/swisslasik.ch\/tr\/hasta-yorumlari-lasik-goez-lazeri\/istanbulda-lazer-goez-ameliyati-deneyim-raporum-1-mayis-2018-sali-tarihli-rapor\/\" data-type=\"link\" data-id=\"https:\/\/swisslasik.ch\/patientenberichte-lasik\/augen-lasern-in-istanbul-mein-erfahrungsbericht-bericht-vom-dienstag-01-mai-2018\/\">rapor<\/a><\/p>\n<\/div>\n","protected":false},"excerpt":{"rendered":"<p>Hayata yeniden ba\u015flamak gibi bir \u015fey ve tek bir dakikas\u0131na bile pi\u015fman olmad\u0131m! \u2013 6 Ekim 2018 Cumartesi tarihli rapor Say\u0131n BayanlarSay\u0131n Beyler 5 Eyl\u00fcl&#8217;de lazer g\u00f6z ameliyat\u0131 olmak i\u00e7in \u0130stanbul&#8217;a gidebildim. Ameliyata biraz endi\u015feyle yakla\u015ft\u0131m. Ancak bu \u015f\u00fcpheler k\u0131sa s\u00fcrd\u00fc. Ba\u015ftan sona \u00e7ok iyi bak\u0131ld\u0131\u011f\u0131m\u0131 hissettim ve Almanca olarak s\u00fcrekli destek sayesinde her zaman ne beklemem gerekti\u011fini biliyordum. \u015eimdi, d\u00f6rt hafta sonra, bu ad\u0131m\u0131n her a\u00e7\u0131dan faydal\u0131 oldu\u011funu bildirmekten memnuniyet duyuyorum. \u00dc\u00e7\u00fcnc\u00fc s\u0131n\u0131ftan beri g\u00f6zl\u00fck tak\u0131yorum ve \u015fimdi 53 ya\u015f\u0131nda g\u00f6zl\u00fcks\u00fcz hayat\u0131ma devam edebiliyorum ve araba kullanabiliyorum. Bu, hayata yeniden ba\u015flamam gibi bir \u015fey ve tek bir dakikas\u0131na bile pi\u015fman olmad\u0131m! Say\u0131n Dr. Banu Cosar&#8217;a ve elbette Almanca \u00e7eviriyi yapan, ad\u0131n\u0131 unuttu\u011fum beyefendiye te\u015fekk\u00fcr etmek istiyorum! Sayg\u0131lar\u0131mla, Mario Chimenti \u00d6nceki rapor Sonraki rapor<\/p>\n","protected":false},"author":4,"featured_media":0,"parent":3801,"menu_order":0,"comment_status":"closed","ping_status":"closed","template":"","meta":{"_joinchat":[],"footnotes":""},"class_list":["post-3846","page","type-page","status-publish","hentry"],"acf":[],"_links":{"self":[{"href":"https:\/\/swisslasik.ch\/tr\/wp-json\/wp\/v2\/pages\/3846","targetHints":{"allow":["GET"]}}],"collection":[{"href":"https:\/\/swisslasik.ch\/tr\/wp-json\/wp\/v2\/pages"}],"about":[{"href":"https:\/\/swisslasik.ch\/tr\/wp-json\/wp\/v2\/types\/page"}],"author":[{"embeddable":true,"href":"https:\/\/swisslasik.ch\/tr\/wp-json\/wp\/v2\/users\/4"}],"replies":[{"embeddable":true,"href":"https:\/\/swisslasik.ch\/tr\/wp-json\/wp\/v2\/comments?post=3846"}],"version-history":[{"count":2,"href":"https:\/\/swisslasik.ch\/tr\/wp-json\/wp\/v2\/pages\/3846\/revisions"}],"predecessor-version":[{"id":4660,"href":"https:\/\/swisslasik.ch\/tr\/wp-json\/wp\/v2\/pages\/3846\/revisions\/4660"}],"up":[{"embeddable":true,"href":"https:\/\/swisslasik.ch\/tr\/wp-json\/wp\/v2\/pages\/3801"}],"wp:attachment":[{"href":"https:\/\/swisslasik.ch\/tr\/wp-json\/wp\/v2\/media?parent=3846"}],"curies":[{"name":"wp","href":"https:\/\/api.w.org\/{rel}","templated":true}]}}