{"id":3856,"date":"2025-09-24T11:18:39","date_gmt":"2025-09-24T10:18:39","guid":{"rendered":"https:\/\/swisslasik.ch\/hasta-yorumlari-lasik-goez-lazeri\/antalya-tuerkiyede-relex-smile-lazer-goez-ameliyati-oenerisi\/"},"modified":"2026-01-14T02:14:27","modified_gmt":"2026-01-14T01:14:27","slug":"antalya-tuerkiyede-relex-smile-lazer-goez-ameliyati-oenerisi","status":"publish","type":"page","link":"https:\/\/swisslasik.ch\/tr\/hasta-yorumlari-lasik-goez-lazeri\/antalya-tuerkiyede-relex-smile-lazer-goez-ameliyati-oenerisi\/","title":{"rendered":"Antalya, T\u00fcrkiye&#8217;de ReLEx SMILE lazer g\u00f6z ameliyat\u0131 \u00f6nerisi"},"content":{"rendered":"\n<h3 class=\"wp-block-heading\">T\u00fcrkiye&#8217;de (Antalya) lazer g\u00f6z ameliyat\u0131 \u00f6nerisi<\/h3>\n\n\n\n<p>TAVS\u0130YEM: ANTALYA&#8217;DA RELEX SMILE LAZER G\u00d6Z AMEL\u0130YATI<br>T\u00fcrkiye&#8217;de ge\u00e7irdi\u011fim birka\u00e7 tatilden sonra Antalya&#8217;da lazer g\u00f6z ameliyat\u0131 olmaya karar verdim. T\u00fcrk sa\u011fl\u0131k sistemi hakk\u0131nda i\u00e7g\u00fcd\u00fcsel bir hissim vard\u0131, ancak elbette internette de biraz ara\u015ft\u0131rma yapt\u0131m. <\/p>\n\n\n\n<p>Elbette, \u0130svi\u00e7re&#8217;dekinden \u00f6nemli \u00f6l\u00e7\u00fcde daha d\u00fc\u015f\u00fck olan maliyetler de belirleyici bir fakt\u00f6r oldu.<\/p>\n\n\n\n<p>U\u00e7ak biletimi ve otel rezervasyonumu kendim yapt\u0131m. Swisslasik benim i\u00e7in yapabilirdi ama denizi ger\u00e7ekten g\u00f6rmek istiyordum ve klini\u011fin yak\u0131n\u0131nda harika bir otel buldum. Tavsiye: Golden Orange Hotel Konyalti \u2013 inan\u0131lmaz derecede uygun fiyatl\u0131yd\u0131 ve her \u015fey m\u00fckemmeldi!  <\/p>\n\n\n\n<p>Havaalan\u0131 transferi ve otelden klini\u011fe ve geri d\u00f6n\u00fc\u015f i\u00e7in ihtiya\u00e7 duydu\u011fum di\u011fer t\u00fcm servisler m\u00fckemmel ve g\u00fcvenilirdi!<\/p>\n\n\n\n<p>Kald\u0131\u011f\u0131m s\u00fcre boyunca verilen bak\u0131m her zaman Almanca idi ve kendimi \u00e7ok iyi bak\u0131lm\u0131\u015f hissettim! Ancak, \u0130svi\u00e7re&#8217;de olmad\u0131\u011f\u0131n\u0131z\u0131 ve hastanede baz\u0131 \u015feylerin evdekinden biraz farkl\u0131 yap\u0131ld\u0131\u011f\u0131n\u0131 bilmek gerekir. <\/p>\n\n\n\n<p><strong>Ameliyat ba\u015far\u0131l\u0131 ge\u00e7ti.<\/strong> Bundan sonra, g\u00f6z\u00fcme damla damlat\u0131rken biraz a\u011fr\u0131 hissettim, ama bu muhtemelen normal. Ertesi g\u00fcn kontrol randevum vard\u0131 ve o zamana kadar g\u00f6r\u00fc\u015f\u00fcm neredeyse %100&#8217;e ula\u015fm\u0131\u015ft\u0131! <\/p>\n\n\n\n<p>Ertesi g\u00fcn eve u\u00e7tu\u011fumda, bamba\u015fka bir his olmu\u015ftu! G\u00f6zl\u00fck veya kontakt lens yoktu \u2013 tek kelimeyle muhte\u015fem!<br>Deneyimim hakk\u0131nda sadece olumlu \u015feyler s\u00f6yleyebilirim ve ke\u015fke y\u0131llar \u00f6nce yapsayd\u0131m diye pi\u015fman\u0131m! Bu arada, Relax Smile se\u00e7ene\u011fini tercih ettim. <\/p>\n\n\n\n<p>\u0130leti\u015fimin b\u00fcy\u00fck k\u0131sm\u0131 WhatsApp \u00fczerinden ger\u00e7ekle\u015fti\u011fi i\u00e7in her \u015fey \u00e7ok h\u0131zl\u0131yd\u0131!<\/p>\n\n\n\n<p>Antalya&#8217;daki bir sonraki ziyaretim s\u0131ras\u0131nda yap\u0131lacak takip randevusunu d\u00f6rt g\u00f6zle bekliyorum ve bu ya\u015fam kalitesini korumama yard\u0131mc\u0131 olan herkese te\u015fekk\u00fcr ediyorum.<\/p>\n\n\n\n<p>Heidi E., 39 ya\u015f\u0131nda, Graub\u00fcnden<br>A\u015fa\u011f\u0131da konaklamamdan daha fazla foto\u011fraf bulabilirsiniz.<\/p>\n\n\n\n<figure class=\"wp-block-image size-full\"><img fetchpriority=\"high\" decoding=\"async\" width=\"768\" height=\"576\" src=\"https:\/\/swisslasik.ch\/wp-content\/uploads\/2025\/09\/Sunexpress-768x576-1.jpg\" alt=\"\" class=\"wp-image-250\" srcset=\"https:\/\/swisslasik.ch\/wp-content\/uploads\/2025\/09\/Sunexpress-768x576-1.jpg 768w, https:\/\/swisslasik.ch\/wp-content\/uploads\/2025\/09\/Sunexpress-768x576-1-300x225.jpg 300w\" sizes=\"(max-width: 768px) 100vw, 768px\" \/><\/figure>\n\n\n\n<p id=\"caption-attachment-6260\">SunExpress ile Antalya&#8217;ya gidin.<\/p>\n\n\n\n<figure class=\"wp-block-image size-full\"><img decoding=\"async\" width=\"768\" height=\"576\" src=\"https:\/\/swisslasik.ch\/wp-content\/uploads\/2025\/09\/Antalya_Meer_klein-768x576-1.jpg\" alt=\"\" class=\"wp-image-251\" srcset=\"https:\/\/swisslasik.ch\/wp-content\/uploads\/2025\/09\/Antalya_Meer_klein-768x576-1.jpg 768w, https:\/\/swisslasik.ch\/wp-content\/uploads\/2025\/09\/Antalya_Meer_klein-768x576-1-300x225.jpg 300w\" sizes=\"(max-width: 768px) 100vw, 768px\" \/><\/figure>\n\n\n\n<p id=\"caption-attachment-6262\">Antalya Denizi \u00e7ok g\u00fczel!<\/p>\n\n\n\n<figure class=\"wp-block-image size-full\"><img decoding=\"async\" width=\"768\" height=\"1024\" src=\"https:\/\/swisslasik.ch\/wp-content\/uploads\/2025\/09\/Altstadt_Antalya_klein-1-768x1024-1.jpg\" alt=\"\" class=\"wp-image-252\" srcset=\"https:\/\/swisslasik.ch\/wp-content\/uploads\/2025\/09\/Altstadt_Antalya_klein-1-768x1024-1.jpg 768w, https:\/\/swisslasik.ch\/wp-content\/uploads\/2025\/09\/Altstadt_Antalya_klein-1-768x1024-1-225x300.jpg 225w\" sizes=\"(max-width: 768px) 100vw, 768px\" \/><\/figure>\n\n\n\n<p id=\"caption-attachment-6263\">Antalya&#8217;n\u0131n eski \u015fehir merkezi mutlaka g\u00f6r\u00fclmeli.<\/p>\n\n\n\n<figure class=\"wp-block-image size-full\"><img loading=\"lazy\" decoding=\"async\" width=\"686\" height=\"1024\" src=\"https:\/\/swisslasik.ch\/wp-content\/uploads\/2025\/09\/Talya_Augenklinik-686x1024-1.jpg\" alt=\"\" class=\"wp-image-253\" srcset=\"https:\/\/swisslasik.ch\/wp-content\/uploads\/2025\/09\/Talya_Augenklinik-686x1024-1.jpg 686w, https:\/\/swisslasik.ch\/wp-content\/uploads\/2025\/09\/Talya_Augenklinik-686x1024-1-201x300.jpg 201w\" sizes=\"(max-width: 686px) 100vw, 686px\" \/><\/figure>\n\n\n\n<p id=\"caption-attachment-6264\">Talya G\u00f6z Klini\u011fi Antalya<\/p>\n\n\n\n<figure class=\"wp-block-image size-full\"><img loading=\"lazy\" decoding=\"async\" width=\"768\" height=\"576\" src=\"https:\/\/swisslasik.ch\/wp-content\/uploads\/2025\/09\/Turkischer_Kaffee-1-768x576-1.jpg\" alt=\"\" class=\"wp-image-254\" srcset=\"https:\/\/swisslasik.ch\/wp-content\/uploads\/2025\/09\/Turkischer_Kaffee-1-768x576-1.jpg 768w, https:\/\/swisslasik.ch\/wp-content\/uploads\/2025\/09\/Turkischer_Kaffee-1-768x576-1-300x225.jpg 300w\" sizes=\"(max-width: 768px) 100vw, 768px\" \/><\/figure>\n\n\n\n<p id=\"caption-attachment-6266\">G\u00fczelce servis edilmi\u015f T\u00fcrk kahvesi<\/p>\n\n\n\n<figure class=\"wp-block-image size-full\"><img loading=\"lazy\" decoding=\"async\" width=\"768\" height=\"1024\" src=\"https:\/\/swisslasik.ch\/wp-content\/uploads\/2025\/09\/Essen_klein.jpg\" alt=\"\" class=\"wp-image-255\" srcset=\"https:\/\/swisslasik.ch\/wp-content\/uploads\/2025\/09\/Essen_klein.jpg 768w, https:\/\/swisslasik.ch\/wp-content\/uploads\/2025\/09\/Essen_klein-225x300.jpg 225w\" sizes=\"(max-width: 768px) 100vw, 768px\" \/><\/figure>\n\n\n\n<p id=\"caption-attachment-6267\">T\u00fcrk yemeklerini ger\u00e7ekten \u00e7ok be\u011fendim.<\/p>\n\n\n\n<figure class=\"wp-block-image size-full\"><img loading=\"lazy\" decoding=\"async\" width=\"768\" height=\"1024\" src=\"https:\/\/swisslasik.ch\/wp-content\/uploads\/2025\/09\/Golden_Orange_Hotel_klein.jpg\" alt=\"\" class=\"wp-image-256\" srcset=\"https:\/\/swisslasik.ch\/wp-content\/uploads\/2025\/09\/Golden_Orange_Hotel_klein.jpg 768w, https:\/\/swisslasik.ch\/wp-content\/uploads\/2025\/09\/Golden_Orange_Hotel_klein-225x300.jpg 225w\" sizes=\"(max-width: 768px) 100vw, 768px\" \/><\/figure>\n\n\n\n<p id=\"caption-attachment-6268\">Otelim &#8211; Golden Orange Hotel Antalya<\/p>\n\n\n\n<figure class=\"wp-block-image size-full\"><img loading=\"lazy\" decoding=\"async\" width=\"768\" height=\"1024\" src=\"https:\/\/swisslasik.ch\/wp-content\/uploads\/2025\/09\/Augen_nachdemop_klein.jpg\" alt=\"\" class=\"wp-image-257\" srcset=\"https:\/\/swisslasik.ch\/wp-content\/uploads\/2025\/09\/Augen_nachdemop_klein.jpg 768w, https:\/\/swisslasik.ch\/wp-content\/uploads\/2025\/09\/Augen_nachdemop_klein-225x300.jpg 225w\" sizes=\"(max-width: 768px) 100vw, 768px\" \/><\/figure>\n\n\n\n<p id=\"caption-attachment-6269\">Lazer g\u00f6z ameliyat\u0131ndan sonra g\u00f6zlerim<\/p>\n\n\n\n<div class=\"wp-block-group is-layout-grid wp-container-core-group-is-layout-baef362d wp-block-group-is-layout-grid\">\n<p><a href=\"https:\/\/medicaltravel.at\/home\/agb\/\" data-type=\"page\" data-id=\"2191\" rel=\"nofollow noopener\" target=\"_blank\"><\/a><a href=\"https:\/\/swisslasik.ch\/tr\/hasta-yorumlari-lasik-goez-lazeri\/istanbulda-lazer-goez-ameliyatinin-degerlendirilmesi-tuerkiye\/\" data-type=\"link\" data-id=\"https:\/\/swisslasik.ch\/patientenberichte-lasik\/augenlaseristanbul\/\">\u00d6nceki rapor<\/a><\/p>\n\n\n\n<p class=\"has-text-align-right wp-container-content-5e2576f9\"><a href=\"https:\/\/medicaltravel.at\/home\/impressum\/\" data-type=\"page\" data-id=\"2193\" rel=\"nofollow noopener\" target=\"_blank\"><\/a><a href=\"https:\/\/medicaltravel.at\/home\/berichte-von-patienten\/erfahrungsberichte\/erfahrungsbericht-zahnbehandlung-in-istanbul\/\" data-type=\"page\" data-id=\"981\" rel=\"nofollow noopener\" target=\"_blank\"><\/a><a href=\"https:\/\/swisslasik.ch\/tr\/hasta-yorumlari-lasik-goez-lazeri\/istanbulda-gerceklestirdigim-lazer-goez-ameliyatina-dair-hasta-raporum\/\" data-type=\"link\" data-id=\"https:\/\/swisslasik.ch\/tr\/hasta-yorumlari-lasik-goez-lazeri\/istanbulda-gerceklestirdigim-lazer-goez-ameliyatina-dair-hasta-raporum\/\">Sonraki rapor<\/a><\/p>\n<\/div>\n","protected":false},"excerpt":{"rendered":"<p>T\u00fcrkiye&#8217;de (Antalya) lazer g\u00f6z ameliyat\u0131 \u00f6nerisi TAVS\u0130YEM: ANTALYA&#8217;DA RELEX SMILE LAZER G\u00d6Z AMEL\u0130YATIT\u00fcrkiye&#8217;de ge\u00e7irdi\u011fim birka\u00e7 tatilden sonra Antalya&#8217;da lazer g\u00f6z ameliyat\u0131 olmaya karar verdim. T\u00fcrk sa\u011fl\u0131k sistemi hakk\u0131nda i\u00e7g\u00fcd\u00fcsel bir hissim vard\u0131, ancak elbette internette de biraz ara\u015ft\u0131rma yapt\u0131m. Elbette, \u0130svi\u00e7re&#8217;dekinden \u00f6nemli \u00f6l\u00e7\u00fcde daha d\u00fc\u015f\u00fck olan maliyetler de belirleyici bir fakt\u00f6r oldu. U\u00e7ak biletimi ve otel rezervasyonumu kendim yapt\u0131m. Swisslasik benim i\u00e7in yapabilirdi ama denizi ger\u00e7ekten g\u00f6rmek istiyordum ve klini\u011fin yak\u0131n\u0131nda harika bir otel buldum. Tavsiye: Golden Orange Hotel Konyalti \u2013 inan\u0131lmaz derecede uygun fiyatl\u0131yd\u0131 ve her \u015fey m\u00fckemmeldi! Havaalan\u0131 transferi ve otelden klini\u011fe ve geri d\u00f6n\u00fc\u015f i\u00e7in ihtiya\u00e7 duydu\u011fum di\u011fer t\u00fcm servisler m\u00fckemmel ve g\u00fcvenilirdi! Kald\u0131\u011f\u0131m s\u00fcre boyunca verilen bak\u0131m her zaman Almanca idi ve kendimi \u00e7ok iyi bak\u0131lm\u0131\u015f hissettim! Ancak, \u0130svi\u00e7re&#8217;de olmad\u0131\u011f\u0131n\u0131z\u0131 ve hastanede baz\u0131 \u015feylerin evdekinden biraz farkl\u0131 yap\u0131ld\u0131\u011f\u0131n\u0131 bilmek gerekir. Ameliyat ba\u015far\u0131l\u0131 ge\u00e7ti. Bundan sonra, g\u00f6z\u00fcme damla damlat\u0131rken biraz a\u011fr\u0131 hissettim, ama bu muhtemelen normal. Ertesi g\u00fcn kontrol randevum vard\u0131 ve o zamana kadar g\u00f6r\u00fc\u015f\u00fcm neredeyse %100&#8217;e ula\u015fm\u0131\u015ft\u0131! Ertesi g\u00fcn eve u\u00e7tu\u011fumda, bamba\u015fka bir his olmu\u015ftu! G\u00f6zl\u00fck veya kontakt lens yoktu \u2013 tek kelimeyle muhte\u015fem!Deneyimim hakk\u0131nda sadece olumlu \u015feyler s\u00f6yleyebilirim ve ke\u015fke y\u0131llar \u00f6nce yapsayd\u0131m diye pi\u015fman\u0131m! Bu arada, Relax Smile se\u00e7ene\u011fini tercih ettim. \u0130leti\u015fimin b\u00fcy\u00fck k\u0131sm\u0131 WhatsApp \u00fczerinden ger\u00e7ekle\u015fti\u011fi i\u00e7in her \u015fey \u00e7ok h\u0131zl\u0131yd\u0131! Antalya&#8217;daki bir sonraki ziyaretim s\u0131ras\u0131nda yap\u0131lacak takip randevusunu d\u00f6rt g\u00f6zle bekliyorum ve bu ya\u015fam kalitesini korumama yard\u0131mc\u0131 olan herkese te\u015fekk\u00fcr ediyorum. Heidi E., 39 ya\u015f\u0131nda, Graub\u00fcndenA\u015fa\u011f\u0131da konaklamamdan daha fazla foto\u011fraf bulabilirsiniz. SunExpress ile Antalya&#8217;ya gidin. Antalya Denizi \u00e7ok g\u00fczel! Antalya&#8217;n\u0131n eski \u015fehir merkezi mutlaka g\u00f6r\u00fclmeli. Talya G\u00f6z Klini\u011fi Antalya G\u00fczelce servis edilmi\u015f T\u00fcrk kahvesi T\u00fcrk yemeklerini ger\u00e7ekten \u00e7ok be\u011fendim. Otelim &#8211; Golden Orange Hotel Antalya Lazer g\u00f6z ameliyat\u0131ndan sonra g\u00f6zlerim \u00d6nceki rapor Sonraki rapor<\/p>\n","protected":false},"author":4,"featured_media":0,"parent":3801,"menu_order":0,"comment_status":"closed","ping_status":"closed","template":"","meta":{"_joinchat":[],"footnotes":""},"class_list":["post-3856","page","type-page","status-publish","hentry"],"acf":[],"_links":{"self":[{"href":"https:\/\/swisslasik.ch\/tr\/wp-json\/wp\/v2\/pages\/3856","targetHints":{"allow":["GET"]}}],"collection":[{"href":"https:\/\/swisslasik.ch\/tr\/wp-json\/wp\/v2\/pages"}],"about":[{"href":"https:\/\/swisslasik.ch\/tr\/wp-json\/wp\/v2\/types\/page"}],"author":[{"embeddable":true,"href":"https:\/\/swisslasik.ch\/tr\/wp-json\/wp\/v2\/users\/4"}],"replies":[{"embeddable":true,"href":"https:\/\/swisslasik.ch\/tr\/wp-json\/wp\/v2\/comments?post=3856"}],"version-history":[{"count":2,"href":"https:\/\/swisslasik.ch\/tr\/wp-json\/wp\/v2\/pages\/3856\/revisions"}],"predecessor-version":[{"id":4653,"href":"https:\/\/swisslasik.ch\/tr\/wp-json\/wp\/v2\/pages\/3856\/revisions\/4653"}],"up":[{"embeddable":true,"href":"https:\/\/swisslasik.ch\/tr\/wp-json\/wp\/v2\/pages\/3801"}],"wp:attachment":[{"href":"https:\/\/swisslasik.ch\/tr\/wp-json\/wp\/v2\/media?parent=3856"}],"curies":[{"name":"wp","href":"https:\/\/api.w.org\/{rel}","templated":true}]}}