{"id":3858,"date":"2025-09-24T11:43:04","date_gmt":"2025-09-24T10:43:04","guid":{"rendered":"https:\/\/swisslasik.ch\/hasta-yorumlari-lasik-goez-lazeri\/lazer-goez-ameliyati-deneyim-raporu-21-nisan-2016-persembe-tarihli-rapor\/"},"modified":"2026-01-14T02:29:05","modified_gmt":"2026-01-14T01:29:05","slug":"lazer-goez-ameliyati-deneyim-raporu-21-nisan-2016-persembe-tarihli-rapor","status":"publish","type":"page","link":"https:\/\/swisslasik.ch\/tr\/hasta-yorumlari-lasik-goez-lazeri\/lazer-goez-ameliyati-deneyim-raporu-21-nisan-2016-persembe-tarihli-rapor\/","title":{"rendered":"LAZER G\u00d6Z AMEL\u0130YATI DENEY\u0130M RAPORU \u2013 21 Nisan 2016 Per\u015fembe tarihli rapor"},"content":{"rendered":"\n<h3 class=\"wp-block-heading\">LAZER G\u00d6Z AMEL\u0130YATI DENEY\u0130M RAPORU \u2013 21 Nisan 2016 Per\u015fembe tarihli rapor<\/h3>\n\n\n\n<p>Yakla\u015f\u0131k be\u015f y\u0131l boyunca g\u00f6zl\u00fck ve kontakt lenslerden \u00e7ok \u00e7ektim; ikisine de kar\u015f\u0131 \u00e7ok hassast\u0131m. Sonra bir g\u00fcn bir meslekta\u015f\u0131m lazer g\u00f6z ameliyat\u0131 ge\u00e7irdi\u011fini ve kendini bamba\u015fka biri gibi hissetti\u011fini s\u00f6yledi. \u0130lk ba\u015fta ona inanmad\u0131m, ama zamanla hi\u00e7bir a\u011fr\u0131 hissetmedi\u011fini ve g\u00f6r\u00fc\u015f\u00fcn\u00fcn m\u00fckemmel oldu\u011funu fark ettim. Ona \u0130stanbul Ac\u0131badem Hastanesi&#8217;nde bu i\u015flemi yapt\u0131ran ba\u015fka birini tan\u0131y\u0131p tan\u0131mad\u0131\u011f\u0131n\u0131 sordum ve teyzesinin de ba\u015far\u0131l\u0131 bir \u015fekilde ameliyat oldu\u011funu s\u00f6yledi.  <\/p>\n\n\n\n<p>Bu y\u00fczden prosed\u00fcrleri \u00e7ok daha detayl\u0131 bir \u015fekilde ara\u015ft\u0131rd\u0131m ve bunlar\u0131n zarars\u0131z veya g\u00fcvenli olduklar\u0131n\u0131 duymaya devam ettim. Bu da bana bir sonraki ad\u0131m\u0131 atmam i\u00e7in g\u00fcven verdi: Bir seyahat acentesi aramaya ba\u015flad\u0131m ve sonunda bana \u015fiddetle tavsiye edilen bir tanesini buldum \u2013 MedicalTravel. <\/p>\n\n\n\n<p>Birka\u00e7 g\u00fcn sonra sizinle ileti\u015fime ge\u00e7tim ve yakla\u015f\u0131m\u0131n\u0131z profesyonel ve \u00e7ok samimiydi. Art\u0131k g\u00f6z ameliyat\u0131 i\u00e7in \u0130stanbul&#8217;a gitmem an meselesiydi. Haftasonunu takip eden iki resmi tatil g\u00fcn\u00fcn\u00fc se\u00e7tim. Bir hafta \u00f6nceden rezervasyon yapabildim ve ofis benim i\u00e7in \u00e7ok h\u0131zl\u0131 ve g\u00fcvenilir bir \u015fekilde randevu ayarlad\u0131.   <\/p>\n\n\n\n<p>Per\u015fembe g\u00fcn\u00fc arabaya binip havaalan\u0131na gittim. \u0130ki saat sonra \u0130stanbul Havaliman\u0131&#8217;na vard\u0131m ve beni bir ekip bekliyordu. \u00c7ok rahat bir bekleme salonu vard\u0131 ve hatta \u0130svi\u00e7re&#8217;deki ailemle sorunsuz ileti\u015fim kurmam\u0131 sa\u011flayan \u00fccretsiz Wi-Fi hizmeti de sunuyorlard\u0131. Seyahat acentesi taraf\u0131ndan organize edilen kar\u015f\u0131lama servisini rahat\u00e7a bekledik. Hastaneye otob\u00fcs yolculu\u011fu da \u00e7ok rahat ge\u00e7ti.  <\/p>\n\n\n\n<p>\u0130lk g\u00fcn (Per\u015fembe) olduk\u00e7a uygun fiyatl\u0131, bence kaliteli, \u00e7ok hijyenik ve neredeyse a\u011fr\u0131s\u0131z bir di\u015f tedavisi g\u00f6rd\u00fcm. Daha sonra \u015fehri biraz ke\u015ffetme f\u0131rsat\u0131m oldu ve bundan ger\u00e7ekten keyif ald\u0131m. \u0130stanbul&#8217;daki al\u0131\u015fveri\u015f merkezleri muhte\u015fem, bu y\u00fczden ilk g\u00fcn biraz al\u0131\u015fveri\u015f yapt\u0131k. Ard\u0131ndan otele gittik, bence otel olduk\u00e7a iyiydi; en iyisi de\u011fildi ama bu kadar k\u0131sa bir konaklama i\u00e7in gayet yeterliydi. <\/p>\n\n\n\n<p>Ertesi g\u00fcn muayene olmak i\u00e7in hastaneye geri d\u00f6nd\u00fck. Cuma sabah\u0131 \u00e7e\u015fitli testler yap\u0131ld\u0131 ve her \u015fey Almanca konu\u015fan bir terc\u00fcman taraf\u0131ndan bize a\u00e7\u0131kland\u0131\u011f\u0131 i\u00e7in sorunsuz ge\u00e7ti; anla\u015f\u0131lmayan bir \u015fey olursa ona soru sorabiliyorduk. Ameliyat \u00f6\u011fleden sonrayd\u0131 ve her \u015feyin yolunda gidece\u011fini bilmeme ve kendimi g\u00fcvende hissetmeme ra\u011fmen inan\u0131lmaz derecede gergindim ve birka\u00e7 kez tuvalete gitmek zorunda kald\u0131m. Daha sonra hepimizin beklemesi gereken bir odaya al\u0131nd\u0131k ve s\u0131rayla s\u0131ra bize geldi. Sonra s\u0131ra bana geldi. Lazer i\u015flemine girdim ve ger\u00e7ekten \u00e7ok gergindim. Odaya girdi\u011fimde biraz titredim ama bu k\u0131sa s\u00fcrede ge\u00e7ti. Ameliyat ba\u015flad\u0131\u011f\u0131nda hi\u00e7 ac\u0131 hissetmedim. Ameliyat sadece biraz cesaret ve g\u00fc\u00e7l\u00fc sinirler gerektiriyordu, \u00e7\u00fcnk\u00fc ameliyat g\u00fcvenle yap\u0131l\u0131yordu. Ancak \u00e7ok fazla a\u011fr\u0131 yoktu; g\u00f6z\u00fcm\u00fcn etraf\u0131nda neredeyse fark etmedi\u011fim hafif hisler ya\u015fad\u0131m. Ve birka\u00e7 dakika sonra bitti. Ameliyat odas\u0131ndan \u00e7\u0131kabildim, bu da ba\u015fka bir rahatlamayd\u0131. D\u0131\u015far\u0131 \u00e7\u0131kt\u0131\u011f\u0131mda g\u00f6r\u00fc\u015f\u00fcm\u00fcn daha net oldu\u011funu fark ettim, ancak \u0131\u015f\u0131\u011f\u0131n g\u00f6z\u00fcm\u00fc kama\u015ft\u0131rmas\u0131n\u0131 \u00f6nlemek i\u00e7in yine de koruyucu g\u00f6zl\u00fck takmak zorunda kald\u0131m. Bekleme odas\u0131na d\u00f6nd\u00fc\u011f\u00fcmde g\u00f6zlerim biraz yanmaya ba\u015flad\u0131, bu ameliyattan sonra olduk\u00e7a normal bir durum. O ak\u015fam biraz yanma ve sulanma oldu, ancak birka\u00e7 saat sonra ge\u00e7ti ve tekrar g\u00f6rebildim. En b\u00fcy\u00fck mutluluk sabah uyand\u0131\u011f\u0131mda g\u00f6zl\u00fcks\u00fcz neredeyse m\u00fckemmel bir \u015fekilde g\u00f6rebilmekti. \u00c7ok heyecanl\u0131 ve mutluydum ve kendimi \u00f6zg\u00fcr bir insan gibi hissettim.         <\/p>\n\n\n\n<p>Sonu\u00e7 olarak: G\u00f6zl\u00fck takmaktan ho\u015flanmayan herkese Femto-LASIK&#8217;i tavsiye ederim; hayat\u0131mda yapt\u0131\u011f\u0131m en iyi \u015feydi.<\/p>\n\n\n\n<p>Rinor Ramadani<\/p>\n\n\n\n<div class=\"wp-block-group is-layout-grid wp-container-core-group-is-layout-baef362d wp-block-group-is-layout-grid\">\n<p><a href=\"https:\/\/medicaltravel.at\/home\/agb\/\" data-type=\"page\" data-id=\"2191\" rel=\"nofollow noopener\" target=\"_blank\"><\/a><a href=\"https:\/\/swisslasik.ch\/tr\/hasta-yorumlari-lasik-goez-lazeri\/istanbula-tek-basima-bir-kadin-olarak-seyahat-ettim-ve-4-guen-boyunca-kendimi-tamamen-rahat-hissettim-22-nisan-2016-cuma-tarihli-rapor\/\" data-type=\"link\" data-id=\"https:\/\/swisslasik.ch\/tr\/hasta-yorumlari-lasik-goez-lazeri\/istanbula-tek-basima-bir-kadin-olarak-seyahat-ettim-ve-4-guen-boyunca-kendimi-tamamen-rahat-hissettim-22-nisan-2016-cuma-tarihli-rapor\/\">\u00d6nceki rapor<\/a><\/p>\n\n\n\n<p class=\"has-text-align-right wp-container-content-5e2576f9\"><a href=\"https:\/\/medicaltravel.at\/home\/impressum\/\" data-type=\"page\" data-id=\"2193\" rel=\"nofollow noopener\" target=\"_blank\"><\/a><a href=\"https:\/\/medicaltravel.at\/home\/berichte-von-patienten\/erfahrungsberichte\/erfahrungsbericht-zahnbehandlung-in-istanbul\/\" data-type=\"page\" data-id=\"981\" rel=\"nofollow noopener\" target=\"_blank\"><\/a><a href=\"https:\/\/swisslasik.ch\/tr\/hasta-yorumlari-lasik-goez-lazeri\/tuerkiyede-lasik-goez-ameliyati-deneyimim-12-nisan-2016-sali-tarihli-rapor\/\" data-type=\"link\" data-id=\"https:\/\/swisslasik.ch\/tr\/hasta-yorumlari-lasik-goez-lazeri\/tuerkiyede-lasik-goez-ameliyati-deneyimim-12-nisan-2016-sali-tarihli-rapor\/\">Sonraki rapor<\/a><\/p>\n<\/div>\n","protected":false},"excerpt":{"rendered":"<p>LAZER G\u00d6Z AMEL\u0130YATI DENEY\u0130M RAPORU \u2013 21 Nisan 2016 Per\u015fembe tarihli rapor Yakla\u015f\u0131k be\u015f y\u0131l boyunca g\u00f6zl\u00fck ve kontakt lenslerden \u00e7ok \u00e7ektim; ikisine de kar\u015f\u0131 \u00e7ok hassast\u0131m. Sonra bir g\u00fcn bir meslekta\u015f\u0131m lazer g\u00f6z ameliyat\u0131 ge\u00e7irdi\u011fini ve kendini bamba\u015fka biri gibi hissetti\u011fini s\u00f6yledi. \u0130lk ba\u015fta ona inanmad\u0131m, ama zamanla hi\u00e7bir a\u011fr\u0131 hissetmedi\u011fini ve g\u00f6r\u00fc\u015f\u00fcn\u00fcn m\u00fckemmel oldu\u011funu fark ettim. Ona \u0130stanbul Ac\u0131badem Hastanesi&#8217;nde bu i\u015flemi yapt\u0131ran ba\u015fka birini tan\u0131y\u0131p tan\u0131mad\u0131\u011f\u0131n\u0131 sordum ve teyzesinin de ba\u015far\u0131l\u0131 bir \u015fekilde ameliyat oldu\u011funu s\u00f6yledi. Bu y\u00fczden prosed\u00fcrleri \u00e7ok daha detayl\u0131 bir \u015fekilde ara\u015ft\u0131rd\u0131m ve bunlar\u0131n zarars\u0131z veya g\u00fcvenli olduklar\u0131n\u0131 duymaya devam ettim. Bu da bana bir sonraki ad\u0131m\u0131 atmam i\u00e7in g\u00fcven verdi: Bir seyahat acentesi aramaya ba\u015flad\u0131m ve sonunda bana \u015fiddetle tavsiye edilen bir tanesini buldum \u2013 MedicalTravel. Birka\u00e7 g\u00fcn sonra sizinle ileti\u015fime ge\u00e7tim ve yakla\u015f\u0131m\u0131n\u0131z profesyonel ve \u00e7ok samimiydi. Art\u0131k g\u00f6z ameliyat\u0131 i\u00e7in \u0130stanbul&#8217;a gitmem an meselesiydi. Haftasonunu takip eden iki resmi tatil g\u00fcn\u00fcn\u00fc se\u00e7tim. Bir hafta \u00f6nceden rezervasyon yapabildim ve ofis benim i\u00e7in \u00e7ok h\u0131zl\u0131 ve g\u00fcvenilir bir \u015fekilde randevu ayarlad\u0131. Per\u015fembe g\u00fcn\u00fc arabaya binip havaalan\u0131na gittim. \u0130ki saat sonra \u0130stanbul Havaliman\u0131&#8217;na vard\u0131m ve beni bir ekip bekliyordu. \u00c7ok rahat bir bekleme salonu vard\u0131 ve hatta \u0130svi\u00e7re&#8217;deki ailemle sorunsuz ileti\u015fim kurmam\u0131 sa\u011flayan \u00fccretsiz Wi-Fi hizmeti de sunuyorlard\u0131. Seyahat acentesi taraf\u0131ndan organize edilen kar\u015f\u0131lama servisini rahat\u00e7a bekledik. Hastaneye otob\u00fcs yolculu\u011fu da \u00e7ok rahat ge\u00e7ti. \u0130lk g\u00fcn (Per\u015fembe) olduk\u00e7a uygun fiyatl\u0131, bence kaliteli, \u00e7ok hijyenik ve neredeyse a\u011fr\u0131s\u0131z bir di\u015f tedavisi g\u00f6rd\u00fcm. Daha sonra \u015fehri biraz ke\u015ffetme f\u0131rsat\u0131m oldu ve bundan ger\u00e7ekten keyif ald\u0131m. \u0130stanbul&#8217;daki al\u0131\u015fveri\u015f merkezleri muhte\u015fem, bu y\u00fczden ilk g\u00fcn biraz al\u0131\u015fveri\u015f yapt\u0131k. Ard\u0131ndan otele gittik, bence otel olduk\u00e7a iyiydi; en iyisi de\u011fildi ama bu kadar k\u0131sa bir konaklama i\u00e7in gayet yeterliydi. Ertesi g\u00fcn muayene olmak i\u00e7in hastaneye geri d\u00f6nd\u00fck. Cuma sabah\u0131 \u00e7e\u015fitli testler yap\u0131ld\u0131 ve her \u015fey Almanca konu\u015fan bir terc\u00fcman taraf\u0131ndan bize a\u00e7\u0131kland\u0131\u011f\u0131 i\u00e7in sorunsuz ge\u00e7ti; anla\u015f\u0131lmayan bir \u015fey olursa ona soru sorabiliyorduk. Ameliyat \u00f6\u011fleden sonrayd\u0131 ve her \u015feyin yolunda gidece\u011fini bilmeme ve kendimi g\u00fcvende hissetmeme ra\u011fmen inan\u0131lmaz derecede gergindim ve birka\u00e7 kez tuvalete gitmek zorunda kald\u0131m. Daha sonra hepimizin beklemesi gereken bir odaya al\u0131nd\u0131k ve s\u0131rayla s\u0131ra bize geldi. Sonra s\u0131ra bana geldi. Lazer i\u015flemine girdim ve ger\u00e7ekten \u00e7ok gergindim. Odaya girdi\u011fimde biraz titredim ama bu k\u0131sa s\u00fcrede ge\u00e7ti. Ameliyat ba\u015flad\u0131\u011f\u0131nda hi\u00e7 ac\u0131 hissetmedim. Ameliyat sadece biraz cesaret ve g\u00fc\u00e7l\u00fc sinirler gerektiriyordu, \u00e7\u00fcnk\u00fc ameliyat g\u00fcvenle yap\u0131l\u0131yordu. Ancak \u00e7ok fazla a\u011fr\u0131 yoktu; g\u00f6z\u00fcm\u00fcn etraf\u0131nda neredeyse fark etmedi\u011fim hafif hisler ya\u015fad\u0131m. Ve birka\u00e7 dakika sonra bitti. Ameliyat odas\u0131ndan \u00e7\u0131kabildim, bu da ba\u015fka bir rahatlamayd\u0131. D\u0131\u015far\u0131 \u00e7\u0131kt\u0131\u011f\u0131mda g\u00f6r\u00fc\u015f\u00fcm\u00fcn daha net oldu\u011funu fark ettim, ancak \u0131\u015f\u0131\u011f\u0131n g\u00f6z\u00fcm\u00fc kama\u015ft\u0131rmas\u0131n\u0131 \u00f6nlemek i\u00e7in yine de koruyucu g\u00f6zl\u00fck takmak zorunda kald\u0131m. Bekleme odas\u0131na d\u00f6nd\u00fc\u011f\u00fcmde g\u00f6zlerim biraz yanmaya ba\u015flad\u0131, bu ameliyattan sonra olduk\u00e7a normal bir durum. O ak\u015fam biraz yanma ve sulanma oldu, ancak birka\u00e7 saat sonra ge\u00e7ti ve tekrar g\u00f6rebildim. En b\u00fcy\u00fck mutluluk sabah uyand\u0131\u011f\u0131mda g\u00f6zl\u00fcks\u00fcz neredeyse m\u00fckemmel bir \u015fekilde g\u00f6rebilmekti. \u00c7ok heyecanl\u0131 ve mutluydum ve kendimi \u00f6zg\u00fcr bir insan gibi hissettim. Sonu\u00e7 olarak: G\u00f6zl\u00fck takmaktan ho\u015flanmayan herkese Femto-LASIK&#8217;i tavsiye ederim; hayat\u0131mda yapt\u0131\u011f\u0131m en iyi \u015feydi. Rinor Ramadani \u00d6nceki rapor Sonraki rapor<\/p>\n","protected":false},"author":4,"featured_media":0,"parent":3801,"menu_order":0,"comment_status":"closed","ping_status":"closed","template":"","meta":{"_joinchat":[],"footnotes":""},"class_list":["post-3858","page","type-page","status-publish","hentry"],"acf":[],"_links":{"self":[{"href":"https:\/\/swisslasik.ch\/tr\/wp-json\/wp\/v2\/pages\/3858","targetHints":{"allow":["GET"]}}],"collection":[{"href":"https:\/\/swisslasik.ch\/tr\/wp-json\/wp\/v2\/pages"}],"about":[{"href":"https:\/\/swisslasik.ch\/tr\/wp-json\/wp\/v2\/types\/page"}],"author":[{"embeddable":true,"href":"https:\/\/swisslasik.ch\/tr\/wp-json\/wp\/v2\/users\/4"}],"replies":[{"embeddable":true,"href":"https:\/\/swisslasik.ch\/tr\/wp-json\/wp\/v2\/comments?post=3858"}],"version-history":[{"count":2,"href":"https:\/\/swisslasik.ch\/tr\/wp-json\/wp\/v2\/pages\/3858\/revisions"}],"predecessor-version":[{"id":4685,"href":"https:\/\/swisslasik.ch\/tr\/wp-json\/wp\/v2\/pages\/3858\/revisions\/4685"}],"up":[{"embeddable":true,"href":"https:\/\/swisslasik.ch\/tr\/wp-json\/wp\/v2\/pages\/3801"}],"wp:attachment":[{"href":"https:\/\/swisslasik.ch\/tr\/wp-json\/wp\/v2\/media?parent=3858"}],"curies":[{"name":"wp","href":"https:\/\/api.w.org\/{rel}","templated":true}]}}