{"id":3860,"date":"2025-09-24T11:36:17","date_gmt":"2025-09-24T10:36:17","guid":{"rendered":"https:\/\/swisslasik.ch\/hasta-yorumlari-lasik-goez-lazeri\/antalyada-lazer-goez-ameliyati-deneyim-raporu-6-haziran-2017-sali-tarihli-rapor\/"},"modified":"2026-01-14T02:22:28","modified_gmt":"2026-01-14T01:22:28","slug":"antalyada-lazer-goez-ameliyati-deneyim-raporu-6-haziran-2017-sali-tarihli-rapor","status":"publish","type":"page","link":"https:\/\/swisslasik.ch\/tr\/hasta-yorumlari-lasik-goez-lazeri\/antalyada-lazer-goez-ameliyati-deneyim-raporu-6-haziran-2017-sali-tarihli-rapor\/","title":{"rendered":"Antalya&#8217;da Lazer G\u00f6z Ameliyat\u0131 Deneyim Raporu \u2013 6 Haziran 2017 Sal\u0131 Tarihli Rapor"},"content":{"rendered":"\n<h3 class=\"wp-block-heading\">Antalya&#8217;da Lazer G\u00f6z Ameliyat\u0131 Deneyim Raporu \u2013 6 Haziran 2017 Sal\u0131 Tarihli Rapor<\/h3>\n\n\n\n<p><strong>4 May\u0131s 2017&#8217;de lazer g\u00f6z ameliyat\u0131 ge\u00e7iren Emanuela Genelin&#8217;in g\u00f6r\u00fc\u015f\u00fc.<\/strong><\/p>\n\n\n\n<p>35 y\u0131l\u0131 a\u015fk\u0131n s\u00fcredir sadece g\u00f6zl\u00fckle uza\u011f\u0131 g\u00f6rebiliyordum, bu nedenle Ocak 2017&#8217;de internet \u00fczerinden yurtd\u0131\u015f\u0131ndaki lazer tedavilerini ara\u015ft\u0131rd\u0131m.<\/p>\n\n\n\n<p>G\u00f6zl\u00fck takmaktan dolay\u0131 bir sorun ya\u015fam\u0131yordum. Lazer g\u00f6z ameliyat\u0131 olma karar\u0131m\u0131 tetikleyen \u015fey, 80 ya\u015f\u0131ndaki babamla yapt\u0131\u011f\u0131m bir telefon g\u00f6r\u00fc\u015fmesiydi. Bana d\u00fcn ilk g\u00f6z\u00fcne lazer ameliyat\u0131 oldu\u011funu ve art\u0131k bandaj\u0131 \u00e7\u0131karabildi\u011fini s\u00f6yledi. Yeni kazand\u0131\u011f\u0131 g\u00f6r\u00fc\u015ften \u00e7ok etkilenmi\u015fti ve kendini bamba\u015fka bir insan gibi hissetti\u011fini, hatta ikinci g\u00f6z\u00fc i\u00e7in de lazer ameliyat\u0131 randevusu ald\u0131\u011f\u0131n\u0131 belirtti.   <\/p>\n\n\n\n<p>O d\u00f6nemde tekrar yeni g\u00f6zl\u00fc\u011fe ihtiyac\u0131m oldu\u011fu i\u00e7in, g\u00f6z ameliyat\u0131 olmam\u0131n zaman\u0131 gelmi\u015f olabilece\u011fini d\u00fc\u015f\u00fcnd\u00fcm ve internette ara\u015ft\u0131rmaya ba\u015flad\u0131m. \u0130svi\u00e7re&#8217;de ameliyat\u0131n birka\u00e7 bin \u0130svi\u00e7re frang\u0131na mal olaca\u011f\u0131n\u0131 \u00f6\u011frendim. Karde\u015fim ve bir meslekta\u015f\u0131m on y\u0131l \u00f6nce tedavi i\u00e7in T\u00fcrkiye&#8217;ye gitmi\u015fti. Her ikisi de \u00e7ok memnundu ve kliniklerdeki standartlar\u0131n \u0130svi\u00e7re&#8217;dekilerden farkl\u0131 olmad\u0131\u011f\u0131n\u0131 ve \u00e7ok olumlu deneyimler ya\u015fad\u0131klar\u0131n\u0131 bana anlatt\u0131lar.   <\/p>\n\n\n\n<p>\u0130nternette yapt\u0131\u011f\u0131m ara\u015ft\u0131rmalar s\u0131ras\u0131nda k\u0131sa s\u00fcrede SwissLasik&#8217;e rastlad\u0131m. Herhangi bir y\u00fck\u00fcml\u00fcl\u00fck alt\u0131na girmeden onlarla ileti\u015fime ge\u00e7tim, kapsaml\u0131 bilgileri inceledim ve an\u0131nda yan\u0131t ald\u0131m. Bay Kara t\u00fcm sorular\u0131m\u0131 h\u0131zl\u0131 ve yetkin bir \u015fekilde yan\u0131tlad\u0131. Daha sonra e\u015fimle birlikte \u00f6nceden muayene olmadan Antalya&#8217;ya gitmeye karar verdim ve u\u00e7ak bileti, transfer, konaklama, Antalya g\u00f6z klini\u011finde yemek ve ameliyat\u0131 i\u00e7eren bir paket rezervasyonu yapt\u0131rd\u0131m.  <\/p>\n\n\n\n<p>\u0130lk gecem ve kahvalt\u0131m\u0131n ard\u0131ndan, saat 10:00&#8217;da iki kad\u0131n taraf\u0131ndan al\u0131nd\u0131m. Biri m\u00fckemmel Almanca, di\u011feri m\u00fckemmel \u0130ngilizce konu\u015fuyordu. \u00c7e\u015fitli muayenelerden sonra \u00f6\u011fle yeme\u011fi i\u00e7in odama d\u00f6nd\u00fcm ve \u00f6\u011fleden sonra ameliyathaneye gittim. Bak\u0131c\u0131m odamda beni kar\u015f\u0131lad\u0131 ve t\u00fcm s\u00fcre\u00e7 boyunca bana e\u015flik etti ve ilgilendi. Ameliyat tamamen a\u011fr\u0131s\u0131zd\u0131 ve sadece birka\u00e7 dakika s\u00fcrd\u00fc. Ameliyattan sonra ameliyat masas\u0131ndan kalk\u0131p oday\u0131 inceledi\u011fimde, g\u00f6zl\u00fcklerim olmadan g\u00f6rebildi\u011fimi fark ettim. Sonraki kontrolde bana \u00fc\u00e7 farkl\u0131 g\u00f6z damlas\u0131 verildi ve kullan\u0131mlar\u0131 a\u00e7\u0131kland\u0131. Bir saat sonra g\u00f6zlerim yanmaya ba\u015flad\u0131, \u0131\u015f\u0131\u011fa kar\u015f\u0131 hassast\u0131m ve sadece kapal\u0131 tutmak istiyordum. \u0130yi uyuyabilmek i\u00e7in daha sonra bir a\u011fr\u0131 kesici istedim ve k\u00fct\u00fck gibi uyudum. Ertesi sabah yanma hissi tamamen ge\u00e7mi\u015fti ve kendimi harika hissediyordum. E\u015fimle birlikte bir taksiye binip Antalya&#8217;y\u0131 ke\u015ffettik.          <\/p>\n\n\n\n<p>SwissLasik&#8217;ten \u00e7ok memnun kald\u0131m. G\u00fcvenilir, profesyonelce organize edilmi\u015f ve \u00e7ok cana yak\u0131nlar. Antalya G\u00f6z Klini\u011fi&#8217;ndeki tedavi i\u00e7in de ayn\u0131 \u015fey ge\u00e7erli. \u00c7ok cana yak\u0131n ve s\u0131cak bir muamele g\u00f6rd\u00fcm. Oda tertemiz, modern d\u00f6\u015fenmi\u015f ve bir otel odas\u0131 gibiydi. Bak\u0131m m\u00fckemmeldi ve her \u015fey kusursuz bir \u015fekilde organize edilmi\u015fti. Doktorlar\u0131n \u00e7o\u011fu m\u00fckemmel Almanca veya \u00e7ok iyi \u0130ngilizce konu\u015fuyordu ve \u00e7ok Bat\u0131l\u0131 bir \u015fekilde davran\u0131yorlard\u0131. Tamamen g\u00fcven duydum. Tedavi, \u0130svi\u00e7re&#8217;deki bir klinikte olmaktan farkl\u0131 hissettirmedi.        <\/p>\n\n\n\n<p>Tedaviden bir ay sonra bile, her sabah uyand\u0131\u011f\u0131mda h\u00e2l\u00e2 g\u00f6zl\u00fcklerimi elime al\u0131yorum. Orada hi\u00e7bir \u015fey bulamamak y\u00fcz\u00fcmde bir g\u00fcl\u00fcmseme olu\u015fturuyor! G\u00f6zl\u00fcks\u00fcz hayat harika, \u00e7ok mutluyum ve tedaviyi herkese \u015fiddetle tavsiye ederim. Antalya&#8217;daki g\u00f6z klini\u011finde kalmay\u0131 da \u015fiddetle tavsiye ediyorum.   <\/p>\n\n\n\n<p>3 Haziran 2017<\/p>\n\n\n\n<div class=\"wp-block-group is-layout-grid wp-container-core-group-is-layout-baef362d wp-block-group-is-layout-grid\">\n<p><a href=\"https:\/\/medicaltravel.at\/home\/agb\/\" data-type=\"page\" data-id=\"2191\" rel=\"nofollow noopener\" target=\"_blank\"><\/a><a href=\"https:\/\/swisslasik.ch\/tr\/hasta-yorumlari-lasik-goez-lazeri\/islemden-ve-sonuctan-cok-memnun-kaldim-istanbuldaki-i-lasik-deneyimim-23-aralik-2017-cumartesi-tarihli-raporum\/\" data-type=\"link\" data-id=\"https:\/\/swisslasik.ch\/patientenberichte-lasik\/begeistert-von-ablauf-und-ergebnis-meine-i-lasik-erfahrung-in-istanbul-bericht-vom-samstag-23-dezember-2017\/\">\u00d6nceki rapor<\/a><\/p>\n\n\n\n<p class=\"has-text-align-right wp-container-content-5e2576f9\"><a href=\"https:\/\/medicaltravel.at\/home\/impressum\/\" data-type=\"page\" data-id=\"2193\" rel=\"nofollow noopener\" target=\"_blank\"><\/a><a href=\"https:\/\/medicaltravel.at\/home\/berichte-von-patienten\/erfahrungsberichte\/erfahrungsbericht-zahnbehandlung-in-istanbul\/\" data-type=\"page\" data-id=\"981\" rel=\"nofollow noopener\" target=\"_blank\"><\/a><a href=\"https:\/\/swisslasik.ch\/tr\/hasta-yorumlari-lasik-goez-lazeri\/7-diyoptriden-goezlueksuez-bir-hayata-18-mayis-2017-persembe-tarihli-rapor\/\" data-type=\"link\" data-id=\"https:\/\/swisslasik.ch\/tr\/hasta-yorumlari-lasik-goez-lazeri\/7-diyoptriden-goezlueksuez-bir-hayata-18-mayis-2017-persembe-tarihli-rapor\/\">Sonraki rapor<\/a><\/p>\n<\/div>\n","protected":false},"excerpt":{"rendered":"<p>Antalya&#8217;da Lazer G\u00f6z Ameliyat\u0131 Deneyim Raporu \u2013 6 Haziran 2017 Sal\u0131 Tarihli Rapor 4 May\u0131s 2017&#8217;de lazer g\u00f6z ameliyat\u0131 ge\u00e7iren Emanuela Genelin&#8217;in g\u00f6r\u00fc\u015f\u00fc. 35 y\u0131l\u0131 a\u015fk\u0131n s\u00fcredir sadece g\u00f6zl\u00fckle uza\u011f\u0131 g\u00f6rebiliyordum, bu nedenle Ocak 2017&#8217;de internet \u00fczerinden yurtd\u0131\u015f\u0131ndaki lazer tedavilerini ara\u015ft\u0131rd\u0131m. G\u00f6zl\u00fck takmaktan dolay\u0131 bir sorun ya\u015fam\u0131yordum. Lazer g\u00f6z ameliyat\u0131 olma karar\u0131m\u0131 tetikleyen \u015fey, 80 ya\u015f\u0131ndaki babamla yapt\u0131\u011f\u0131m bir telefon g\u00f6r\u00fc\u015fmesiydi. Bana d\u00fcn ilk g\u00f6z\u00fcne lazer ameliyat\u0131 oldu\u011funu ve art\u0131k bandaj\u0131 \u00e7\u0131karabildi\u011fini s\u00f6yledi. Yeni kazand\u0131\u011f\u0131 g\u00f6r\u00fc\u015ften \u00e7ok etkilenmi\u015fti ve kendini bamba\u015fka bir insan gibi hissetti\u011fini, hatta ikinci g\u00f6z\u00fc i\u00e7in de lazer ameliyat\u0131 randevusu ald\u0131\u011f\u0131n\u0131 belirtti. O d\u00f6nemde tekrar yeni g\u00f6zl\u00fc\u011fe ihtiyac\u0131m oldu\u011fu i\u00e7in, g\u00f6z ameliyat\u0131 olmam\u0131n zaman\u0131 gelmi\u015f olabilece\u011fini d\u00fc\u015f\u00fcnd\u00fcm ve internette ara\u015ft\u0131rmaya ba\u015flad\u0131m. \u0130svi\u00e7re&#8217;de ameliyat\u0131n birka\u00e7 bin \u0130svi\u00e7re frang\u0131na mal olaca\u011f\u0131n\u0131 \u00f6\u011frendim. Karde\u015fim ve bir meslekta\u015f\u0131m on y\u0131l \u00f6nce tedavi i\u00e7in T\u00fcrkiye&#8217;ye gitmi\u015fti. Her ikisi de \u00e7ok memnundu ve kliniklerdeki standartlar\u0131n \u0130svi\u00e7re&#8217;dekilerden farkl\u0131 olmad\u0131\u011f\u0131n\u0131 ve \u00e7ok olumlu deneyimler ya\u015fad\u0131klar\u0131n\u0131 bana anlatt\u0131lar. \u0130nternette yapt\u0131\u011f\u0131m ara\u015ft\u0131rmalar s\u0131ras\u0131nda k\u0131sa s\u00fcrede SwissLasik&#8217;e rastlad\u0131m. Herhangi bir y\u00fck\u00fcml\u00fcl\u00fck alt\u0131na girmeden onlarla ileti\u015fime ge\u00e7tim, kapsaml\u0131 bilgileri inceledim ve an\u0131nda yan\u0131t ald\u0131m. Bay Kara t\u00fcm sorular\u0131m\u0131 h\u0131zl\u0131 ve yetkin bir \u015fekilde yan\u0131tlad\u0131. Daha sonra e\u015fimle birlikte \u00f6nceden muayene olmadan Antalya&#8217;ya gitmeye karar verdim ve u\u00e7ak bileti, transfer, konaklama, Antalya g\u00f6z klini\u011finde yemek ve ameliyat\u0131 i\u00e7eren bir paket rezervasyonu yapt\u0131rd\u0131m. \u0130lk gecem ve kahvalt\u0131m\u0131n ard\u0131ndan, saat 10:00&#8217;da iki kad\u0131n taraf\u0131ndan al\u0131nd\u0131m. Biri m\u00fckemmel Almanca, di\u011feri m\u00fckemmel \u0130ngilizce konu\u015fuyordu. \u00c7e\u015fitli muayenelerden sonra \u00f6\u011fle yeme\u011fi i\u00e7in odama d\u00f6nd\u00fcm ve \u00f6\u011fleden sonra ameliyathaneye gittim. Bak\u0131c\u0131m odamda beni kar\u015f\u0131lad\u0131 ve t\u00fcm s\u00fcre\u00e7 boyunca bana e\u015flik etti ve ilgilendi. Ameliyat tamamen a\u011fr\u0131s\u0131zd\u0131 ve sadece birka\u00e7 dakika s\u00fcrd\u00fc. Ameliyattan sonra ameliyat masas\u0131ndan kalk\u0131p oday\u0131 inceledi\u011fimde, g\u00f6zl\u00fcklerim olmadan g\u00f6rebildi\u011fimi fark ettim. Sonraki kontrolde bana \u00fc\u00e7 farkl\u0131 g\u00f6z damlas\u0131 verildi ve kullan\u0131mlar\u0131 a\u00e7\u0131kland\u0131. Bir saat sonra g\u00f6zlerim yanmaya ba\u015flad\u0131, \u0131\u015f\u0131\u011fa kar\u015f\u0131 hassast\u0131m ve sadece kapal\u0131 tutmak istiyordum. \u0130yi uyuyabilmek i\u00e7in daha sonra bir a\u011fr\u0131 kesici istedim ve k\u00fct\u00fck gibi uyudum. Ertesi sabah yanma hissi tamamen ge\u00e7mi\u015fti ve kendimi harika hissediyordum. E\u015fimle birlikte bir taksiye binip Antalya&#8217;y\u0131 ke\u015ffettik. SwissLasik&#8217;ten \u00e7ok memnun kald\u0131m. G\u00fcvenilir, profesyonelce organize edilmi\u015f ve \u00e7ok cana yak\u0131nlar. Antalya G\u00f6z Klini\u011fi&#8217;ndeki tedavi i\u00e7in de ayn\u0131 \u015fey ge\u00e7erli. \u00c7ok cana yak\u0131n ve s\u0131cak bir muamele g\u00f6rd\u00fcm. Oda tertemiz, modern d\u00f6\u015fenmi\u015f ve bir otel odas\u0131 gibiydi. Bak\u0131m m\u00fckemmeldi ve her \u015fey kusursuz bir \u015fekilde organize edilmi\u015fti. Doktorlar\u0131n \u00e7o\u011fu m\u00fckemmel Almanca veya \u00e7ok iyi \u0130ngilizce konu\u015fuyordu ve \u00e7ok Bat\u0131l\u0131 bir \u015fekilde davran\u0131yorlard\u0131. Tamamen g\u00fcven duydum. Tedavi, \u0130svi\u00e7re&#8217;deki bir klinikte olmaktan farkl\u0131 hissettirmedi. Tedaviden bir ay sonra bile, her sabah uyand\u0131\u011f\u0131mda h\u00e2l\u00e2 g\u00f6zl\u00fcklerimi elime al\u0131yorum. Orada hi\u00e7bir \u015fey bulamamak y\u00fcz\u00fcmde bir g\u00fcl\u00fcmseme olu\u015fturuyor! G\u00f6zl\u00fcks\u00fcz hayat harika, \u00e7ok mutluyum ve tedaviyi herkese \u015fiddetle tavsiye ederim. Antalya&#8217;daki g\u00f6z klini\u011finde kalmay\u0131 da \u015fiddetle tavsiye ediyorum. 3 Haziran 2017 \u00d6nceki rapor Sonraki rapor<\/p>\n","protected":false},"author":4,"featured_media":0,"parent":3801,"menu_order":0,"comment_status":"closed","ping_status":"closed","template":"","meta":{"_joinchat":[],"footnotes":""},"class_list":["post-3860","page","type-page","status-publish","hentry"],"acf":[],"_links":{"self":[{"href":"https:\/\/swisslasik.ch\/tr\/wp-json\/wp\/v2\/pages\/3860","targetHints":{"allow":["GET"]}}],"collection":[{"href":"https:\/\/swisslasik.ch\/tr\/wp-json\/wp\/v2\/pages"}],"about":[{"href":"https:\/\/swisslasik.ch\/tr\/wp-json\/wp\/v2\/types\/page"}],"author":[{"embeddable":true,"href":"https:\/\/swisslasik.ch\/tr\/wp-json\/wp\/v2\/users\/4"}],"replies":[{"embeddable":true,"href":"https:\/\/swisslasik.ch\/tr\/wp-json\/wp\/v2\/comments?post=3860"}],"version-history":[{"count":2,"href":"https:\/\/swisslasik.ch\/tr\/wp-json\/wp\/v2\/pages\/3860\/revisions"}],"predecessor-version":[{"id":4679,"href":"https:\/\/swisslasik.ch\/tr\/wp-json\/wp\/v2\/pages\/3860\/revisions\/4679"}],"up":[{"embeddable":true,"href":"https:\/\/swisslasik.ch\/tr\/wp-json\/wp\/v2\/pages\/3801"}],"wp:attachment":[{"href":"https:\/\/swisslasik.ch\/tr\/wp-json\/wp\/v2\/media?parent=3860"}],"curies":[{"name":"wp","href":"https:\/\/api.w.org\/{rel}","templated":true}]}}