{"id":3864,"date":"2025-09-24T11:48:57","date_gmt":"2025-09-24T10:48:57","guid":{"rendered":"https:\/\/swisslasik.ch\/hasta-yorumlari-lasik-goez-lazeri\/istanbulda-21-23-aralik-2015-tarihleri-arasinda-gerceklestirilen-lazer-goez-ameliyatina-iliskin-deneyim-raporu-6-ocak-2016-carsamba-tarihli-rapor\/"},"modified":"2026-01-14T02:35:15","modified_gmt":"2026-01-14T01:35:15","slug":"istanbulda-21-23-aralik-2015-tarihleri-arasinda-gerceklestirilen-lazer-goez-ameliyatina-iliskin-deneyim-raporu-6-ocak-2016-carsamba-tarihli-rapor","status":"publish","type":"page","link":"https:\/\/swisslasik.ch\/tr\/hasta-yorumlari-lasik-goez-lazeri\/istanbulda-21-23-aralik-2015-tarihleri-arasinda-gerceklestirilen-lazer-goez-ameliyatina-iliskin-deneyim-raporu-6-ocak-2016-carsamba-tarihli-rapor\/","title":{"rendered":"\u0130stanbul&#8217;da 21-23 Aral\u0131k 2015 tarihleri \u200b\u200baras\u0131nda ger\u00e7ekle\u015ftirilen lazer g\u00f6z ameliyat\u0131na ili\u015fkin deneyim raporu \u2013 6 Ocak 2016 \u00c7ar\u015famba tarihli rapor."},"content":{"rendered":"\n<h3 class=\"wp-block-heading\">\u0130stanbul&#8217;da 21-23 Aral\u0131k 2015 tarihleri \u200b\u200baras\u0131nda ger\u00e7ekle\u015ftirilen lazer g\u00f6z ameliyat\u0131na ili\u015fkin deneyim raporu \u2013 6 Ocak 2016 \u00c7ar\u015famba tarihli rapor. <\/h3>\n\n\n\n<p>Kapsaml\u0131 ara\u015ft\u0131rmalar\u0131m sonucunda lazer g\u00f6z ameliyat\u0131 i\u00e7in birka\u00e7 se\u00e7enek buldum. \u00c7e\u015fitli kliniklerdeki g\u00f6r\u00fc\u015fmelerim s\u0131ras\u0131nda, SwissLasik&#8217;in t\u00fcm sorular\u0131m\u0131 sab\u0131rla ve istekle yan\u0131tlad\u0131\u011f\u0131n\u0131 h\u0131zla fark ettim. Bu da SwissLasik&#8217;e olan g\u00fcvenimi art\u0131rd\u0131. Z\u00fcrih&#8217;teki Z\u00fcspa fuar\u0131nda, SwissLasik stand\u0131nda \u00fccretsiz giri\u015f hakk\u0131m\u0131 kullanarak g\u00f6z \u00f6l\u00e7\u00fcmlerimi yapt\u0131rabildim. Bu \u00f6l\u00e7\u00fcmler bir uzman taraf\u0131ndan incelendi ve k\u0131sa s\u00fcre sonra ameliyat\u0131n m\u00fcmk\u00fcn oldu\u011funu do\u011frulayan bir e-posta ald\u0131m. Bu onay\u0131 ald\u0131ktan sonra, i\u015fleme devam etmeye karar verdim ve SwissLasik&#8217;in \u015fartlar\u0131n\u0131 kabul ettim. Bu noktaya kadar her \u015fey (\u015fa\u015f\u0131rt\u0131c\u0131 bir \u015fekilde!) ba\u011flay\u0131c\u0131 de\u011fildi ve \u00fccretsizdi \u2013 say\u0131s\u0131z soruma ra\u011fmen, abartm\u0131yorum. \u0130lk onay\u0131 e-posta yoluyla ald\u0131m ve k\u0131sa s\u00fcre sonra, gerekli t\u00fcm bilgileri i\u00e7eren s\u00f6zle\u015fme ve ki\u015fisel seyahat belgem posta yoluyla geldi.       <\/p>\n\n\n\n<p>21 Aral\u0131k 2015&#8217;te, uzun zamand\u0131r heyecanla bekledi\u011fim \u0130stanbul seyahatine nihayet \u00e7\u0131kt\u0131m. U\u00e7u\u015f keyifliydi ve hatta bu f\u0131rsattan yararlanan di\u011fer insanlarla tan\u0131\u015ft\u0131m. K\u0131sa s\u00fcrede bir grup olduk. Her zaman kendi ba\u015f\u0131n\u0131za gitme se\u00e7ene\u011fi oldu\u011funu belirtmekte fayda var, ancak yaln\u0131z seyahat etti\u011fim i\u00e7in yan\u0131mda birilerinin olmas\u0131 beni mutlu etti. Canl\u0131 bir \u015fekilde sohbet ettik ve kendimi g\u00fcvende hissetmem giderek artt\u0131. \u0130stanbul&#8217;a vard\u0131\u011f\u0131m\u0131zda, her zamanki pasaport kontrol\u00fcnden ge\u00e7tik. SwissLasik&#8217;in anlatt\u0131\u011f\u0131 gibi, pasaport kontrol\u00fcnden hemen sonra &#8220;Sa\u011fl\u0131k Noktas\u0131&#8221;n\u0131 kolayca bulduk. T\u00fcm yolcular gelene kadar orada k\u0131sa bir s\u00fcre bekledik. Toplamda be\u015f ki\u015fiydik. &#8220;Sa\u011fl\u0131k Noktas\u0131&#8221;ndan g\u00fcler y\u00fczl\u00fc bir kad\u0131n bizi &#8220;Sa\u011fl\u0131k Noktas\u0131&#8221; \u015fof\u00f6r\u00fcn\u00fcn belirledi\u011fi kar\u015f\u0131lama noktas\u0131na kadar e\u015flik etti. Ard\u0131ndan \u015fof\u00f6r bizi otele g\u00f6t\u00fcrd\u00fc. Arabadan Galatasaray futbol stadyumunu, g\u00f6kdelenleri g\u00f6rd\u00fck ve \u015fehir hakk\u0131nda \u00e7e\u015fitli izlenimler edindik. \u015eehrin 20 milyondan fazla n\u00fcfusu g\u00f6z \u00f6n\u00fcne al\u0131nd\u0131\u011f\u0131nda anla\u015f\u0131labilir bir \u015fekilde trafikle de kar\u015f\u0131la\u015ft\u0131k. Otele vard\u0131\u011f\u0131mda, \u00f6nceden haz\u0131rlanm\u0131\u015f odama g\u00f6t\u00fcr\u00fcld\u00fcm ve nerede ne yiyebilece\u011fim s\u00f6ylendi. Geni\u015f bir men\u00fc sunan otel restoran\u0131n\u0131 kullanmaya karar verdim. Di\u011fer gezginler de ayn\u0131 \u015feyi yapt\u0131, bu y\u00fczden birlikte yemek yedik, biraz sohbet ettik ve hikayeler payla\u015ft\u0131k.              <\/p>\n\n\n\n<p>Ertesi g\u00fcn, kahvalt\u0131n\u0131n ard\u0131ndan, klinik servis otob\u00fcs\u00fcyle al\u0131nd\u0131k ve klini\u011fe g\u00f6t\u00fcr\u00fcld\u00fck. Orada, giri\u015f i\u015flemlerimizi yapmam\u0131za yard\u0131mc\u0131 olan tur rehberimiz taraf\u0131ndan kar\u015f\u0131land\u0131k. M\u00fckemmel Almanca konu\u015fuyordu ve gerekti\u011finde bizim i\u00e7in terc\u00fcmanl\u0131k yapt\u0131. Saat 10:00&#8217;da, t\u0131bbi asistanlarla \u00f6n muayeneler (\u00e7ok say\u0131da g\u00f6z damlas\u0131 dahil) ba\u015flad\u0131, ard\u0131ndan cerrahla bir kontrol muayenesi yap\u0131ld\u0131. Bu muayeneler yakla\u015f\u0131k 15:00&#8217;e kadar s\u00fcrd\u00fc ve bu s\u00fcre zarf\u0131nda klinik restoran\u0131nda \u00f6\u011fle yeme\u011fi yedik. Cerrahla sorular sorabildik ve belirsizlikleri giderebildik. Kontrol muayeneleri uzun ve kapsaml\u0131yd\u0131, ancak bu durum, odak noktas\u0131n\u0131n ba\u015far\u0131l\u0131 bir ameliyat ve sa\u011fl\u0131\u011f\u0131m\u0131z oldu\u011fu konusunda bize g\u00fcvence verdi\u011fi i\u00e7in takdir ettim. Kontrol muayenelerinden sonra, ameliyat\u0131n m\u00fcmk\u00fcn oldu\u011funu do\u011frulayan ve bize daha fazla soru sorma f\u0131rsat\u0131 veren cerrahla ki\u015fisel bir g\u00f6r\u00fc\u015fme yapt\u0131k. \u0130ngilizce bilmeyenler i\u00e7in her zaman bir terc\u00fcman haz\u0131r bulunuyordu.       <\/p>\n\n\n\n<p>Ameliyattan k\u0131sa bir s\u00fcre \u00f6nce, gerekli g\u00f6z damlalar\u0131n\u0131 (ve acil durumlar i\u00e7in a\u011fr\u0131 kesicileri) talimatlar ve yaz\u0131l\u0131 bir a\u00e7\u0131klama ile birlikte ald\u0131k. Ameliyatlar saat 15:30&#8217;da ba\u015flad\u0131. En son bendim ve di\u011fer hastalar\u0131n tepkilerini yak\u0131ndan g\u00f6zlemledim ve s\u0131rf merak\u0131mdan di\u011fer yolculara deneyimlerini sordum. Sonra s\u0131ra bana geldi. Anestezik damlalar\u0131 ald\u0131m ve ard\u0131ndan bir \u00f6nl\u00fck, ayakkab\u0131 k\u0131l\u0131f\u0131 ve sa\u00e7 filesi giyerek ameliyat odas\u0131na girdim. \u0130lk a\u015famada, lazerle kesi yap\u0131ld\u0131, ard\u0131ndan kornea yeniden konumland\u0131r\u0131ld\u0131. Sonra lazer tedavisi ve kornean\u0131n yeniden konumland\u0131r\u0131lmas\u0131 geldi \u2013 ve i\u015fte, sadece 15 dakika i\u00e7inde bitti! G\u00f6zlerim \u00e7ok suland\u0131 ve \u0131\u015f\u0131\u011fa kar\u015f\u0131 a\u015f\u0131r\u0131 hassast\u0131. Onlar\u0131 korumak i\u00e7in bir t\u00fcr g\u00fcne\u015f g\u00f6zl\u00fc\u011f\u00fc verildi. Sonras\u0131nda \u015fof\u00f6r bizi ald\u0131 ve otele geri g\u00f6t\u00fcrd\u00fc. Ameliyat g\u00fcn\u00fc g\u00f6z damlalar\u0131 saat ba\u015f\u0131 uygulanmal\u0131yd\u0131. Saat ge\u00e7tik\u00e7e g\u00f6zlerimdeki sulanma ve yanma azald\u0131 ve g\u00f6r\u00fc\u015f\u00fcm iyile\u015fti. K\u0131sa bir s\u00fcre sonra g\u00f6r\u00fc\u015f\u00fcm tekrar m\u00fckemmel hale geldi \u2013 yine de \u0131\u015f\u0131\u011fa kar\u015f\u0131 biraz hassast\u0131m. Saat ge\u00e7 oldu\u011fu i\u00e7in yatmaya karar verdim \u2013 e\u011fer yatmak i\u00e7in hen\u00fcz \u00e7ok erkense, di\u011ferlerinin otelde dinlenmesini tavsiye ederim.             <\/p>\n\n\n\n<p>Ertesi g\u00fcn, a\u00e7\u0131k b\u00fcfe kahvalt\u0131n\u0131n ard\u0131ndan, hepimiz tekrar servis arac\u0131yla al\u0131nd\u0131k ve takip randevusu i\u00e7in klini\u011fe g\u00f6t\u00fcr\u00fcld\u00fck. Randevudan hemen sonra geri d\u00f6nece\u011fim i\u00e7in bagaj\u0131m\u0131 yan\u0131mda g\u00f6t\u00fcrmeme izin verildi. Bu se\u00e7ene\u011fi ben tercih ettim \u2013 ki\u015fisel bir tercih meselesi. Di\u011ferleri ise \u00f6nceden uzat\u0131lm\u0131\u015f bir konaklama se\u00e7ene\u011fini tercih etmi\u015fti. Cerrahla olan takip randevusunda, her \u015feyin yolunda oldu\u011funu (enfeksiyon yok, yara iyile\u015fmesi iyi, vb.) ve t\u00fcm normal aktivitelerime hemen devam edebilece\u011fimi (du\u015f almak, spor yapmak, vb.) bildirdi. Takip randevusunda, ikinci bir ameliyat durumunda (uzat\u0131lm\u0131\u015f pakete dahil) \u00fccretsiz sigorta kapsam\u0131na dair yaz\u0131l\u0131 onay ald\u0131k ve kalan t\u00fcm sorular\u0131 a\u00e7\u0131kl\u0131\u011fa kavu\u015fturabildik. Her iki taraftan da %100 onay almaktan \u00e7ok memnun oldum. Bu f\u0131rsat\u0131 kullanarak, ehliyetimi yenilemek ve \u0130svi\u00e7re&#8217;deki takip randevusu i\u00e7in (her ihtimale kar\u015f\u0131) ihtiyac\u0131m olan ameliyat raporunu istedim. Doktor teredd\u00fct etmeden raporu verdi. Sonras\u0131nda \u015fof\u00f6r beni al\u0131p havaalan\u0131na g\u00f6t\u00fcrd\u00fc ve rahat bir \u015fekilde geri u\u00e7tum.          <\/p>\n\n\n\n<p>\u0130svi\u00e7re&#8217;ye d\u00f6nd\u00fckten sonra, damlalar\u0131 (a\u00e7\u0131kland\u0131\u011f\u0131 gibi) 6 g\u00fcn daha kullanmaya devam ettim ve \u015fimdi de (tavsiye edildi\u011fi gibi) bir s\u00fcre daha sadece yapay g\u00f6zya\u015f\u0131 kullan\u0131yorum. S\u00fcr\u00fcc\u00fc ehliyetim i\u00e7in optik\u00e7ide h\u0131zl\u0131 bir g\u00f6z muayenesi yapt\u0131rmam gerekti ve g\u00f6rme yetimin %100 ve %125 oldu\u011funu g\u00f6r\u00fcnce memnun oldular (\u00f6zellikle daha \u00f6nce her iki g\u00f6z\u00fcmde de -4.25% g\u00f6rme keskinli\u011fim oldu\u011fu i\u00e7in bu benim i\u00e7in ideal bir de\u011fer). <\/p>\n\n\n\n<p>\u0130lk kontrol randevusu ameliyattan 3-4 hafta sonra ger\u00e7ekle\u015fiyor. Bu randevuyu SwissLasik&#8217;in i\u015f orta\u011f\u0131 g\u00f6z doktoruyla kendiniz ayarlaman\u0131z gerekiyor. Ben \u015fimdiden bu randevuyu d\u00f6rt g\u00f6zle bekliyorum.  <\/p>\n\n\n\n<p>Bug\u00fcn kendimi \u00e7ok daha \u00f6zg\u00fcr hissediyorum. G\u00f6zl\u00fck veya kontakt lens olmadan g\u00fcnl\u00fck hayat\u0131 idare edebilmek harika bir duygu ve ya\u015fam kalitem de \u00e7ok daha y\u00fcksek. Ba\u015flang\u0131\u00e7taki baz\u0131 endi\u015felerime ra\u011fmen, seyahat s\u0131ras\u0131nda ve sonras\u0131nda \u00e7ok memnun kald\u0131m ve kesinlikle tavsiye ederim. Her \u015fey ba\u015ftan sona organize edilmi\u015fti. Doktorun 13 y\u0131l\u0131 a\u015fk\u0131n deneyimi var ve g\u00f6z cerrahisi konusunda uzman. Ayr\u0131ca, yurt i\u00e7i ameliyatlara k\u0131yasla maliyetler \u00e7ok uygun (ancak bu benim karar\u0131m\u0131 etkileyen ana neden de\u011fildi). G\u00f6z damlalar\u0131n\u0131 (\u00f6zellikle ameliyattan k\u0131sa bir s\u00fcre sonra) uygulamay\u0131 \u00e7ok daha kolayla\u015ft\u0131rd\u0131\u011f\u0131 i\u00e7in yan\u0131n\u0131zda biriyle gitmenizi tavsiye ederim \u2013 ancak bu sizin bireysel reaksiyonunuza ba\u011fl\u0131. Bunun sa\u011fl\u0131kl\u0131 bir organa m\u00fcdahale oldu\u011funu ve bu nedenle t\u00fcm v\u00fccudunuzun iyile\u015fmek i\u00e7in \u00e7al\u0131\u015ft\u0131\u011f\u0131n\u0131 bilmeniz gerekiyor. Ama kesinlikle buna de\u011fer.        <\/p>\n\n\n\n<p>Charles Bagger<\/p>\n\n\n\n<div class=\"wp-block-group is-layout-grid wp-container-core-group-is-layout-baef362d wp-block-group-is-layout-grid\">\n<p><a href=\"https:\/\/medicaltravel.at\/home\/agb\/\" data-type=\"page\" data-id=\"2191\" rel=\"nofollow noopener\" target=\"_blank\"><\/a><a href=\"https:\/\/swisslasik.ch\/tr\/hasta-yorumlari-lasik-goez-lazeri\/istanbulda-sac-ekimi-deneyim-raporumu-6-ocak-2016-carsamba-tarihli-rapor\/\" data-type=\"link\" data-id=\"https:\/\/swisslasik.ch\/tr\/hasta-yorumlari-lasik-goez-lazeri\/istanbulda-sac-ekimi-deneyim-raporumu-6-ocak-2016-carsamba-tarihli-rapor\/\">\u00d6nceki rapor<\/a><\/p>\n\n\n\n<p class=\"has-text-align-right wp-container-content-5e2576f9\"><a href=\"https:\/\/medicaltravel.at\/home\/impressum\/\" data-type=\"page\" data-id=\"2193\" rel=\"nofollow noopener\" target=\"_blank\"><\/a><a href=\"https:\/\/medicaltravel.at\/home\/berichte-von-patienten\/erfahrungsberichte\/erfahrungsbericht-zahnbehandlung-in-istanbul\/\" data-type=\"page\" data-id=\"981\" rel=\"nofollow noopener\" target=\"_blank\"><\/a><a href=\"https:\/\/swisslasik.ch\/tr\/hasta-yorumlari-lasik-goez-lazeri\/istanbulda-meme-implantlari-hakkinda-deneyim-raporu-4-aralik-2015-cuma-tarihli-rapor\/\" data-type=\"link\" data-id=\"https:\/\/swisslasik.ch\/tr\/hasta-yorumlari-lasik-goez-lazeri\/istanbulda-meme-implantlari-hakkinda-deneyim-raporu-4-aralik-2015-cuma-tarihli-rapor\/\">Sonraki rapor<\/a><\/p>\n<\/div>\n","protected":false},"excerpt":{"rendered":"<p>\u0130stanbul&#8217;da 21-23 Aral\u0131k 2015 tarihleri \u200b\u200baras\u0131nda ger\u00e7ekle\u015ftirilen lazer g\u00f6z ameliyat\u0131na ili\u015fkin deneyim raporu \u2013 6 Ocak 2016 \u00c7ar\u015famba tarihli rapor. Kapsaml\u0131 ara\u015ft\u0131rmalar\u0131m sonucunda lazer g\u00f6z ameliyat\u0131 i\u00e7in birka\u00e7 se\u00e7enek buldum. \u00c7e\u015fitli kliniklerdeki g\u00f6r\u00fc\u015fmelerim s\u0131ras\u0131nda, SwissLasik&#8217;in t\u00fcm sorular\u0131m\u0131 sab\u0131rla ve istekle yan\u0131tlad\u0131\u011f\u0131n\u0131 h\u0131zla fark ettim. Bu da SwissLasik&#8217;e olan g\u00fcvenimi art\u0131rd\u0131. Z\u00fcrih&#8217;teki Z\u00fcspa fuar\u0131nda, SwissLasik stand\u0131nda \u00fccretsiz giri\u015f hakk\u0131m\u0131 kullanarak g\u00f6z \u00f6l\u00e7\u00fcmlerimi yapt\u0131rabildim. Bu \u00f6l\u00e7\u00fcmler bir uzman taraf\u0131ndan incelendi ve k\u0131sa s\u00fcre sonra ameliyat\u0131n m\u00fcmk\u00fcn oldu\u011funu do\u011frulayan bir e-posta ald\u0131m. Bu onay\u0131 ald\u0131ktan sonra, i\u015fleme devam etmeye karar verdim ve SwissLasik&#8217;in \u015fartlar\u0131n\u0131 kabul ettim. Bu noktaya kadar her \u015fey (\u015fa\u015f\u0131rt\u0131c\u0131 bir \u015fekilde!) ba\u011flay\u0131c\u0131 de\u011fildi ve \u00fccretsizdi \u2013 say\u0131s\u0131z soruma ra\u011fmen, abartm\u0131yorum. \u0130lk onay\u0131 e-posta yoluyla ald\u0131m ve k\u0131sa s\u00fcre sonra, gerekli t\u00fcm bilgileri i\u00e7eren s\u00f6zle\u015fme ve ki\u015fisel seyahat belgem posta yoluyla geldi. 21 Aral\u0131k 2015&#8217;te, uzun zamand\u0131r heyecanla bekledi\u011fim \u0130stanbul seyahatine nihayet \u00e7\u0131kt\u0131m. U\u00e7u\u015f keyifliydi ve hatta bu f\u0131rsattan yararlanan di\u011fer insanlarla tan\u0131\u015ft\u0131m. K\u0131sa s\u00fcrede bir grup olduk. Her zaman kendi ba\u015f\u0131n\u0131za gitme se\u00e7ene\u011fi oldu\u011funu belirtmekte fayda var, ancak yaln\u0131z seyahat etti\u011fim i\u00e7in yan\u0131mda birilerinin olmas\u0131 beni mutlu etti. Canl\u0131 bir \u015fekilde sohbet ettik ve kendimi g\u00fcvende hissetmem giderek artt\u0131. \u0130stanbul&#8217;a vard\u0131\u011f\u0131m\u0131zda, her zamanki pasaport kontrol\u00fcnden ge\u00e7tik. SwissLasik&#8217;in anlatt\u0131\u011f\u0131 gibi, pasaport kontrol\u00fcnden hemen sonra &#8220;Sa\u011fl\u0131k Noktas\u0131&#8221;n\u0131 kolayca bulduk. T\u00fcm yolcular gelene kadar orada k\u0131sa bir s\u00fcre bekledik. Toplamda be\u015f ki\u015fiydik. &#8220;Sa\u011fl\u0131k Noktas\u0131&#8221;ndan g\u00fcler y\u00fczl\u00fc bir kad\u0131n bizi &#8220;Sa\u011fl\u0131k Noktas\u0131&#8221; \u015fof\u00f6r\u00fcn\u00fcn belirledi\u011fi kar\u015f\u0131lama noktas\u0131na kadar e\u015flik etti. Ard\u0131ndan \u015fof\u00f6r bizi otele g\u00f6t\u00fcrd\u00fc. Arabadan Galatasaray futbol stadyumunu, g\u00f6kdelenleri g\u00f6rd\u00fck ve \u015fehir hakk\u0131nda \u00e7e\u015fitli izlenimler edindik. \u015eehrin 20 milyondan fazla n\u00fcfusu g\u00f6z \u00f6n\u00fcne al\u0131nd\u0131\u011f\u0131nda anla\u015f\u0131labilir bir \u015fekilde trafikle de kar\u015f\u0131la\u015ft\u0131k. Otele vard\u0131\u011f\u0131mda, \u00f6nceden haz\u0131rlanm\u0131\u015f odama g\u00f6t\u00fcr\u00fcld\u00fcm ve nerede ne yiyebilece\u011fim s\u00f6ylendi. Geni\u015f bir men\u00fc sunan otel restoran\u0131n\u0131 kullanmaya karar verdim. Di\u011fer gezginler de ayn\u0131 \u015feyi yapt\u0131, bu y\u00fczden birlikte yemek yedik, biraz sohbet ettik ve hikayeler payla\u015ft\u0131k. Ertesi g\u00fcn, kahvalt\u0131n\u0131n ard\u0131ndan, klinik servis otob\u00fcs\u00fcyle al\u0131nd\u0131k ve klini\u011fe g\u00f6t\u00fcr\u00fcld\u00fck. Orada, giri\u015f i\u015flemlerimizi yapmam\u0131za yard\u0131mc\u0131 olan tur rehberimiz taraf\u0131ndan kar\u015f\u0131land\u0131k. M\u00fckemmel Almanca konu\u015fuyordu ve gerekti\u011finde bizim i\u00e7in terc\u00fcmanl\u0131k yapt\u0131. Saat 10:00&#8217;da, t\u0131bbi asistanlarla \u00f6n muayeneler (\u00e7ok say\u0131da g\u00f6z damlas\u0131 dahil) ba\u015flad\u0131, ard\u0131ndan cerrahla bir kontrol muayenesi yap\u0131ld\u0131. Bu muayeneler yakla\u015f\u0131k 15:00&#8217;e kadar s\u00fcrd\u00fc ve bu s\u00fcre zarf\u0131nda klinik restoran\u0131nda \u00f6\u011fle yeme\u011fi yedik. Cerrahla sorular sorabildik ve belirsizlikleri giderebildik. Kontrol muayeneleri uzun ve kapsaml\u0131yd\u0131, ancak bu durum, odak noktas\u0131n\u0131n ba\u015far\u0131l\u0131 bir ameliyat ve sa\u011fl\u0131\u011f\u0131m\u0131z oldu\u011fu konusunda bize g\u00fcvence verdi\u011fi i\u00e7in takdir ettim. Kontrol muayenelerinden sonra, ameliyat\u0131n m\u00fcmk\u00fcn oldu\u011funu do\u011frulayan ve bize daha fazla soru sorma f\u0131rsat\u0131 veren cerrahla ki\u015fisel bir g\u00f6r\u00fc\u015fme yapt\u0131k. \u0130ngilizce bilmeyenler i\u00e7in her zaman bir terc\u00fcman haz\u0131r bulunuyordu. Ameliyattan k\u0131sa bir s\u00fcre \u00f6nce, gerekli g\u00f6z damlalar\u0131n\u0131 (ve acil durumlar i\u00e7in a\u011fr\u0131 kesicileri) talimatlar ve yaz\u0131l\u0131 bir a\u00e7\u0131klama ile birlikte ald\u0131k. Ameliyatlar saat 15:30&#8217;da ba\u015flad\u0131. En son bendim ve di\u011fer hastalar\u0131n tepkilerini yak\u0131ndan g\u00f6zlemledim ve s\u0131rf merak\u0131mdan di\u011fer yolculara deneyimlerini sordum. Sonra s\u0131ra bana geldi. Anestezik damlalar\u0131 ald\u0131m ve ard\u0131ndan bir \u00f6nl\u00fck, ayakkab\u0131 k\u0131l\u0131f\u0131 ve sa\u00e7 filesi giyerek ameliyat odas\u0131na girdim. \u0130lk a\u015famada, lazerle kesi yap\u0131ld\u0131, ard\u0131ndan kornea yeniden konumland\u0131r\u0131ld\u0131. Sonra lazer tedavisi ve kornean\u0131n yeniden konumland\u0131r\u0131lmas\u0131 geldi \u2013 ve i\u015fte, sadece 15 dakika i\u00e7inde bitti! G\u00f6zlerim \u00e7ok suland\u0131 ve \u0131\u015f\u0131\u011fa kar\u015f\u0131 a\u015f\u0131r\u0131 hassast\u0131. Onlar\u0131 korumak i\u00e7in bir t\u00fcr g\u00fcne\u015f g\u00f6zl\u00fc\u011f\u00fc verildi. Sonras\u0131nda \u015fof\u00f6r bizi ald\u0131 ve otele geri g\u00f6t\u00fcrd\u00fc. Ameliyat g\u00fcn\u00fc g\u00f6z damlalar\u0131 saat ba\u015f\u0131 uygulanmal\u0131yd\u0131. Saat ge\u00e7tik\u00e7e g\u00f6zlerimdeki sulanma ve yanma azald\u0131 ve g\u00f6r\u00fc\u015f\u00fcm iyile\u015fti. K\u0131sa bir s\u00fcre sonra g\u00f6r\u00fc\u015f\u00fcm tekrar m\u00fckemmel hale geldi \u2013 yine de \u0131\u015f\u0131\u011fa kar\u015f\u0131 biraz hassast\u0131m. Saat ge\u00e7 oldu\u011fu i\u00e7in yatmaya karar verdim \u2013 e\u011fer yatmak i\u00e7in hen\u00fcz \u00e7ok erkense, di\u011ferlerinin otelde dinlenmesini tavsiye ederim. Ertesi g\u00fcn, a\u00e7\u0131k b\u00fcfe kahvalt\u0131n\u0131n ard\u0131ndan, hepimiz tekrar servis arac\u0131yla al\u0131nd\u0131k ve takip randevusu i\u00e7in klini\u011fe g\u00f6t\u00fcr\u00fcld\u00fck. Randevudan hemen sonra geri d\u00f6nece\u011fim i\u00e7in bagaj\u0131m\u0131 yan\u0131mda g\u00f6t\u00fcrmeme izin verildi. Bu se\u00e7ene\u011fi ben tercih ettim \u2013 ki\u015fisel bir tercih meselesi. Di\u011ferleri ise \u00f6nceden uzat\u0131lm\u0131\u015f bir konaklama se\u00e7ene\u011fini tercih etmi\u015fti. Cerrahla olan takip randevusunda, her \u015feyin yolunda oldu\u011funu (enfeksiyon yok, yara iyile\u015fmesi iyi, vb.) ve t\u00fcm normal aktivitelerime hemen devam edebilece\u011fimi (du\u015f almak, spor yapmak, vb.) bildirdi. Takip randevusunda, ikinci bir ameliyat durumunda (uzat\u0131lm\u0131\u015f pakete dahil) \u00fccretsiz sigorta kapsam\u0131na dair yaz\u0131l\u0131 onay ald\u0131k ve kalan t\u00fcm sorular\u0131 a\u00e7\u0131kl\u0131\u011fa kavu\u015fturabildik. Her iki taraftan da %100 onay almaktan \u00e7ok memnun oldum. Bu f\u0131rsat\u0131 kullanarak, ehliyetimi yenilemek ve \u0130svi\u00e7re&#8217;deki takip randevusu i\u00e7in (her ihtimale kar\u015f\u0131) ihtiyac\u0131m olan ameliyat raporunu istedim. Doktor teredd\u00fct etmeden raporu verdi. Sonras\u0131nda \u015fof\u00f6r beni al\u0131p havaalan\u0131na g\u00f6t\u00fcrd\u00fc ve rahat bir \u015fekilde geri u\u00e7tum. \u0130svi\u00e7re&#8217;ye d\u00f6nd\u00fckten sonra, damlalar\u0131 (a\u00e7\u0131kland\u0131\u011f\u0131 gibi) 6 g\u00fcn daha kullanmaya devam ettim ve \u015fimdi de (tavsiye edildi\u011fi gibi) bir s\u00fcre daha sadece yapay g\u00f6zya\u015f\u0131 kullan\u0131yorum. S\u00fcr\u00fcc\u00fc ehliyetim i\u00e7in optik\u00e7ide h\u0131zl\u0131 bir g\u00f6z muayenesi yapt\u0131rmam gerekti ve g\u00f6rme yetimin %100 ve %125 oldu\u011funu g\u00f6r\u00fcnce memnun oldular (\u00f6zellikle daha \u00f6nce her iki g\u00f6z\u00fcmde de -4.25% g\u00f6rme keskinli\u011fim oldu\u011fu i\u00e7in bu benim i\u00e7in ideal bir de\u011fer). \u0130lk kontrol randevusu ameliyattan 3-4 hafta sonra ger\u00e7ekle\u015fiyor. Bu randevuyu SwissLasik&#8217;in i\u015f orta\u011f\u0131 g\u00f6z doktoruyla kendiniz ayarlaman\u0131z gerekiyor. Ben \u015fimdiden bu randevuyu d\u00f6rt g\u00f6zle bekliyorum. Bug\u00fcn kendimi \u00e7ok daha \u00f6zg\u00fcr hissediyorum. G\u00f6zl\u00fck veya kontakt lens olmadan g\u00fcnl\u00fck hayat\u0131 idare edebilmek harika bir duygu ve ya\u015fam kalitem de \u00e7ok daha y\u00fcksek. Ba\u015flang\u0131\u00e7taki baz\u0131 endi\u015felerime ra\u011fmen, seyahat s\u0131ras\u0131nda ve sonras\u0131nda \u00e7ok memnun kald\u0131m ve kesinlikle tavsiye ederim. Her \u015fey ba\u015ftan sona organize edilmi\u015fti. Doktorun 13 y\u0131l\u0131 a\u015fk\u0131n deneyimi var ve g\u00f6z cerrahisi konusunda uzman. Ayr\u0131ca, yurt i\u00e7i ameliyatlara k\u0131yasla maliyetler \u00e7ok uygun (ancak bu benim karar\u0131m\u0131 etkileyen ana neden de\u011fildi). G\u00f6z damlalar\u0131n\u0131 (\u00f6zellikle ameliyattan k\u0131sa bir s\u00fcre sonra) uygulamay\u0131 \u00e7ok daha kolayla\u015ft\u0131rd\u0131\u011f\u0131 i\u00e7in yan\u0131n\u0131zda biriyle gitmenizi tavsiye ederim \u2013 ancak bu sizin bireysel reaksiyonunuza ba\u011fl\u0131. Bunun sa\u011fl\u0131kl\u0131 bir organa m\u00fcdahale oldu\u011funu ve bu nedenle t\u00fcm v\u00fccudunuzun iyile\u015fmek i\u00e7in \u00e7al\u0131\u015ft\u0131\u011f\u0131n\u0131 bilmeniz gerekiyor. Ama kesinlikle buna de\u011fer. Charles Bagger \u00d6nceki rapor Sonraki rapor<\/p>\n","protected":false},"author":4,"featured_media":0,"parent":3801,"menu_order":0,"comment_status":"closed","ping_status":"closed","template":"","meta":{"_joinchat":[],"footnotes":""},"class_list":["post-3864","page","type-page","status-publish","hentry"],"acf":[],"_links":{"self":[{"href":"https:\/\/swisslasik.ch\/tr\/wp-json\/wp\/v2\/pages\/3864","targetHints":{"allow":["GET"]}}],"collection":[{"href":"https:\/\/swisslasik.ch\/tr\/wp-json\/wp\/v2\/pages"}],"about":[{"href":"https:\/\/swisslasik.ch\/tr\/wp-json\/wp\/v2\/types\/page"}],"author":[{"embeddable":true,"href":"https:\/\/swisslasik.ch\/tr\/wp-json\/wp\/v2\/users\/4"}],"replies":[{"embeddable":true,"href":"https:\/\/swisslasik.ch\/tr\/wp-json\/wp\/v2\/comments?post=3864"}],"version-history":[{"count":2,"href":"https:\/\/swisslasik.ch\/tr\/wp-json\/wp\/v2\/pages\/3864\/revisions"}],"predecessor-version":[{"id":4692,"href":"https:\/\/swisslasik.ch\/tr\/wp-json\/wp\/v2\/pages\/3864\/revisions\/4692"}],"up":[{"embeddable":true,"href":"https:\/\/swisslasik.ch\/tr\/wp-json\/wp\/v2\/pages\/3801"}],"wp:attachment":[{"href":"https:\/\/swisslasik.ch\/tr\/wp-json\/wp\/v2\/media?parent=3864"}],"curies":[{"name":"wp","href":"https:\/\/api.w.org\/{rel}","templated":true}]}}