{"id":3868,"date":"2025-09-24T11:43:38","date_gmt":"2025-09-24T10:43:38","guid":{"rendered":"https:\/\/swisslasik.ch\/hasta-yorumlari-lasik-goez-lazeri\/tuerkiyede-lasik-goez-ameliyati-deneyimim-12-nisan-2016-sali-tarihli-rapor\/"},"modified":"2026-01-14T02:30:48","modified_gmt":"2026-01-14T01:30:48","slug":"tuerkiyede-lasik-goez-ameliyati-deneyimim-12-nisan-2016-sali-tarihli-rapor","status":"publish","type":"page","link":"https:\/\/swisslasik.ch\/tr\/hasta-yorumlari-lasik-goez-lazeri\/tuerkiyede-lasik-goez-ameliyati-deneyimim-12-nisan-2016-sali-tarihli-rapor\/","title":{"rendered":"T\u00fcrkiye&#8217;de LASIK g\u00f6z ameliyat\u0131 deneyimim \u2013 12 Nisan 2016 Sal\u0131 tarihli rapor"},"content":{"rendered":"\n<h3 class=\"wp-block-heading\">T\u00fcrkiye&#8217;de LASIK g\u00f6z ameliyat\u0131 deneyimim \u2013 12 Nisan 2016 Sal\u0131 tarihli rapor<\/h3>\n\n\n\n<p>16 ya\u015f\u0131mdan beri g\u00f6zl\u00fck tak\u0131yordum ve 33 ya\u015f\u0131nda ilk kez g\u00f6zlerinizi lazerle tedavi ettirip bir daha asla g\u00f6zl\u00fck takmak zorunda kalmayaca\u011f\u0131n\u0131z\u0131 duydum.<\/p>\n\n\n\n<p>\u0130nternette biraz ara\u015ft\u0131rma yapt\u0131ktan sonra LASIK y\u00f6ntemine rastlad\u0131m. O zaman soru \u015fu oldu: T\u00fcrkiye mi, \u0130svi\u00e7re mi? \u015eans eseri, T\u00fcrkiye&#8217;de g\u00f6z ameliyat\u0131 olmu\u015f ve \u00e7ok memnun olan birini tan\u0131yordum. Bu y\u00fczden T\u00fcrkiye&#8217;yi tercih ettim.   <\/p>\n\n\n\n<p>Organizasyonun genel detaylar\u0131 hakk\u0131nda fazla bir \u015fey s\u00f6yleyemem \u00e7\u00fcnk\u00fc her \u015feyi k\u0131z arkada\u015f\u0131m halletti. Ancak, ba\u015flang\u0131\u00e7ta planlanandan farkl\u0131 bir otelde rezervasyon yapt\u0131rmada veya seyahati uzatmada kesinlikle hi\u00e7bir sorun ya\u015fanmad\u0131\u011f\u0131n\u0131 biliyorum. Ameliyat\u0131 T\u00fcrkiye&#8217;de bir haftal\u0131k tatille birle\u015ftirdik.  <\/p>\n\n\n\n<p>Organizasyon a\u00e7\u0131s\u0131ndan, ilgili t\u00fcm verileri incelememiz i\u00e7in olduk\u00e7a erken bir a\u015famada evimize g\u00f6nderilmi\u015f olmas\u0131 ve herhangi bir sorumuz oldu\u011funda arayabilmemiz \u00e7ok olumlu bir durumdu.<\/p>\n\n\n\n<p>Havaalan\u0131na vard\u0131\u011f\u0131m\u0131zda, kararla\u015ft\u0131r\u0131lan bulu\u015fma noktas\u0131na gittik ve \u00e7ok s\u0131cak bir kar\u015f\u0131lama ile kar\u015f\u0131land\u0131k. K\u0131sa bir telefon g\u00f6r\u00fc\u015fmesinin ard\u0131ndan, yakla\u015f\u0131k 10 dakika sonra bizi almaya geldiler ki bu da \u00e7ok iyi oldu \u00e7\u00fcnk\u00fc ci\u011ferlerimizin kesinlikle temiz havaya ihtiyac\u0131 vard\u0131.  <\/p>\n\n\n\n<p>Hi\u00e7bir sapma yapmadan veya ba\u015fka bir yere gitmemize gerek kalmadan do\u011frudan otele g\u00f6t\u00fcr\u00fcld\u00fck. Ameliyat\u0131m\u0131z \u00fc\u00e7 g\u00fcn sonra olacakt\u0131. U\u00e7ak bileti ve oteli ayr\u0131 ayr\u0131 rezervasyon yapt\u0131rm\u0131\u015f olmam\u0131za ra\u011fmen, bizi al\u0131p otele g\u00f6t\u00fcrd\u00fcler \u2013 i\u015fte buna hizmet denir!  <\/p>\n\n\n\n<p>Muayene\/ameliyat g\u00fcn\u00fc, \u015fof\u00f6r 5 dakika erken otelin \u00f6n\u00fcndeydi ve bizi bekliyordu; daha sonra farkl\u0131 bir otelden ba\u015fka bir \u00e7ifti ald\u0131k ve klini\u011fe gittik.<\/p>\n\n\n\n<p>Klinikte, resepsiyona y\u00f6nlendirildik ve k\u0131sa bir s\u00fcre beklememiz istendi (\u0130ngilizce olarak). Be\u015f dakika sonra, m\u00fckemmel Almanca konu\u015fan T\u00fcrk bir klinik \u00e7al\u0131\u015fan\u0131 geldi ve bizi klini\u011fin ba\u015fka bir b\u00f6l\u00fcm\u00fcne g\u00f6t\u00fcrd\u00fc. Hemen ilk testlerin ba\u015flad\u0131\u011f\u0131 odaya al\u0131nd\u0131k. \u0130ki makine vard\u0131; ben birine, k\u0131z arkada\u015f\u0131m di\u011ferine oturdu. Be\u015f dakika sonra ilk testleri bitirmi\u015ftik bile.   <\/p>\n\n\n\n<p>Testlerden sonra doktora g\u00f6t\u00fcr\u00fcld\u00fck. \u0130ki dakika bekledikten sonra arkada\u015f\u0131m muayene edildi ve \u00fc\u00e7 dakika sonra s\u0131ra bana geldi. D\u00fczeltmelerimiz \u00f6l\u00e7\u00fcld\u00fc ve g\u00f6z bebeklerini geni\u015fletmek i\u00e7in g\u00f6z damlas\u0131 damlat\u0131ld\u0131, ancak bunlar\u0131n 30 dakika boyunca etkili olmas\u0131 gerekiyordu. Bu s\u00fcreyi kafeteryada ge\u00e7irdik ve Almanca konu\u015fan T\u00fcrk arkada\u015f\u0131m\u0131z bize kafeteryaya gidi\u015f ve d\u00f6n\u00fc\u015fte e\u015flik etti. Ayr\u0131ca her muayene\/ameliyatta yan\u0131m\u0131zdayd\u0131 ve herhangi bir sorumuz oldu\u011funda her zaman terc\u00fcmanl\u0131k yapmaktan mutluluk duyuyordu.   <\/p>\n\n\n\n<p>Damlalar\u0131n 30 dakika boyunca etkisini g\u00f6stermesinin ard\u0131ndan ek incelemeler yap\u0131ld\u0131, ancak 30 dakika sonra yine i\u015fimiz bitti. Ard\u0131ndan bir saat \u00f6\u011fle yeme\u011fi molas\u0131 verdik.  <\/p>\n\n\n\n<p>\u00d6\u011fle yeme\u011finden sonra ameliyat hemen ba\u015flad\u0131 ve yakla\u015f\u0131k 15 dakika i\u00e7inde tamamland\u0131. <\/p>\n\n\n\n<p>Ameliyattan \u00f6nce, ameliyat s\u0131ras\u0131nda ve sonras\u0131nda m\u00fckemmel tavsiyeler ve bak\u0131m ald\u0131k; bence bu T\u00fcrk zihniyetinden kaynaklan\u0131yor ve ger\u00e7ekten \u00e7ok takdir ettim.<br>Ameliyattan sonra h\u0131zl\u0131 bir kontrol randevusuna gittik ve ard\u0131ndan do\u011frudan otele d\u00f6nd\u00fck.<\/p>\n\n\n\n<p>G\u00f6zlerim \u00e7ok ac\u0131d\u0131 desem yalan olmazd\u0131 ama \u015fa\u015f\u0131rt\u0131c\u0131 olan \u015fu ki, 3 saat sonra a\u011fr\u0131 neredeyse tamamen ge\u00e7ti ve ertesi g\u00fcn g\u00f6zl\u00fcks\u00fcz gayet iyi g\u00f6rebiliyordum, kesinlikle g\u00f6zl\u00fcks\u00fcz normalden daha iyiydi.<\/p>\n\n\n\n<p>Ertesi sabah kontrol muayeneleri i\u00e7in klini\u011fe geri d\u00f6nd\u00fck ve bu muayeneler de olduk\u00e7a h\u0131zl\u0131 ge\u00e7ti, ki bunu \u00e7ok olumlu buldum. Ancak, seri \u00fcretim operasyonu gibi aceleye getirilmi\u015f bir i\u015flem de\u011fildi. Daha \u00e7ok, g\u00fczel T\u00fcrkiye&#8217;yi biraz daha ke\u015ffetmemiz i\u00e7in bize zaman kazand\u0131rmak istememi\u015f gibiydiler. Kontrol muayenelerinden sonra otele d\u00f6nd\u00fck. Terc\u00fcman\u0131m\u0131z kontrol muayeneleri boyunca da her zaman yan\u0131m\u0131zdayd\u0131.   <\/p>\n\n\n\n<p>Bir hafta sonra, g\u00f6zl\u00fck\/kontakt lens olmadan hayat\u0131ma devam etmenin ne kadar harika oldu\u011funu s\u00f6ylemeliyim. Bazen bu ad\u0131m\u0131 daha \u00f6nce atmad\u0131\u011f\u0131m i\u00e7in \u00fcz\u00fcl\u00fcyorum. G\u00f6zl\u00fck\/kontakt lenslerden b\u0131kan herkese bu ameliyat\u0131 kesinlikle tavsiye ederim.<\/p>\n\n\n\n<p>Bir de \u015funu ekleyeyim: gitti\u011fimiz klinikte mesele para de\u011fildi. K\u0131z arkada\u015f\u0131ma \u0130svi\u00e7re&#8217;de iki g\u00f6z\u00fcn\u00fcn de ameliyat edilmesi gerekti\u011fi s\u00f6ylenmi\u015fti. \u0130svi\u00e7re&#8217;de bir g\u00f6z\u00fcn ameliyat\u0131 2900 \u0130svi\u00e7re frang\u0131 tutuyordu. Ama T\u00fcrkiye&#8217;de doktor hemen ikinci g\u00f6z\u00fcn ameliyat\u0131n\u0131n yap\u0131lamayaca\u011f\u0131n\u0131\/yap\u0131lmamas\u0131 gerekti\u011fini, \u00e7\u00fcnk\u00fc d\u00fczeltmenin \u00e7ok zay\u0131f oldu\u011funu s\u00f6yledi. Bu y\u00fczden sadece bir g\u00f6z ameliyat\u0131 yap\u0131ld\u0131 ve fazla \u00f6dedi\u011fimiz fark, T\u00fcrkiye&#8217;den d\u00f6nd\u00fckten sadece \u00fc\u00e7 g\u00fcn sonra hesab\u0131m\u0131za geri yat\u0131r\u0131ld\u0131. <\/p>\n\n\n\n<p>Michael Bartelmai<\/p>\n\n\n\n<div class=\"wp-block-group is-layout-grid wp-container-core-group-is-layout-baef362d wp-block-group-is-layout-grid\">\n<p><a href=\"https:\/\/medicaltravel.at\/home\/agb\/\" data-type=\"page\" data-id=\"2191\" rel=\"nofollow noopener\" target=\"_blank\"><\/a><a href=\"https:\/\/swisslasik.ch\/tr\/hasta-yorumlari-lasik-goez-lazeri\/lazer-goez-ameliyati-deneyim-raporu-21-nisan-2016-persembe-tarihli-rapor\/\" data-type=\"link\" data-id=\"https:\/\/swisslasik.ch\/patientenberichte-lasik\/erfahrungsbericht-augenlasern-bericht-vom-donnerstag-21-april-2016\/\">\u00d6nceki rapor<\/a><\/p>\n\n\n\n<p class=\"has-text-align-right wp-container-content-5e2576f9\"><a href=\"https:\/\/medicaltravel.at\/home\/impressum\/\" data-type=\"page\" data-id=\"2193\" rel=\"nofollow noopener\" target=\"_blank\"><\/a><a href=\"https:\/\/medicaltravel.at\/home\/berichte-von-patienten\/erfahrungsberichte\/erfahrungsbericht-zahnbehandlung-in-istanbul\/\" data-type=\"page\" data-id=\"981\" rel=\"nofollow noopener\" target=\"_blank\"><\/a><a href=\"https:\/\/swisslasik.ch\/tr\/hasta-yorumlari-lasik-goez-lazeri\/ilk-basta-yurt-disindaki-proseduerlerden-pek-hoslanmasak-da-cok-memnun-kaldik-9-nisan-2016-cumartesi-tarihli-rapor\/\" data-type=\"link\" data-id=\"https:\/\/swisslasik.ch\/tr\/hasta-yorumlari-lasik-goez-lazeri\/ilk-basta-yurt-disindaki-proseduerlerden-pek-hoslanmasak-da-cok-memnun-kaldik-9-nisan-2016-cumartesi-tarihli-rapor\/\">Sonraki rapor<\/a><\/p>\n<\/div>\n","protected":false},"excerpt":{"rendered":"<p>T\u00fcrkiye&#8217;de LASIK g\u00f6z ameliyat\u0131 deneyimim \u2013 12 Nisan 2016 Sal\u0131 tarihli rapor 16 ya\u015f\u0131mdan beri g\u00f6zl\u00fck tak\u0131yordum ve 33 ya\u015f\u0131nda ilk kez g\u00f6zlerinizi lazerle tedavi ettirip bir daha asla g\u00f6zl\u00fck takmak zorunda kalmayaca\u011f\u0131n\u0131z\u0131 duydum. \u0130nternette biraz ara\u015ft\u0131rma yapt\u0131ktan sonra LASIK y\u00f6ntemine rastlad\u0131m. O zaman soru \u015fu oldu: T\u00fcrkiye mi, \u0130svi\u00e7re mi? \u015eans eseri, T\u00fcrkiye&#8217;de g\u00f6z ameliyat\u0131 olmu\u015f ve \u00e7ok memnun olan birini tan\u0131yordum. Bu y\u00fczden T\u00fcrkiye&#8217;yi tercih ettim. Organizasyonun genel detaylar\u0131 hakk\u0131nda fazla bir \u015fey s\u00f6yleyemem \u00e7\u00fcnk\u00fc her \u015feyi k\u0131z arkada\u015f\u0131m halletti. Ancak, ba\u015flang\u0131\u00e7ta planlanandan farkl\u0131 bir otelde rezervasyon yapt\u0131rmada veya seyahati uzatmada kesinlikle hi\u00e7bir sorun ya\u015fanmad\u0131\u011f\u0131n\u0131 biliyorum. Ameliyat\u0131 T\u00fcrkiye&#8217;de bir haftal\u0131k tatille birle\u015ftirdik. Organizasyon a\u00e7\u0131s\u0131ndan, ilgili t\u00fcm verileri incelememiz i\u00e7in olduk\u00e7a erken bir a\u015famada evimize g\u00f6nderilmi\u015f olmas\u0131 ve herhangi bir sorumuz oldu\u011funda arayabilmemiz \u00e7ok olumlu bir durumdu. Havaalan\u0131na vard\u0131\u011f\u0131m\u0131zda, kararla\u015ft\u0131r\u0131lan bulu\u015fma noktas\u0131na gittik ve \u00e7ok s\u0131cak bir kar\u015f\u0131lama ile kar\u015f\u0131land\u0131k. K\u0131sa bir telefon g\u00f6r\u00fc\u015fmesinin ard\u0131ndan, yakla\u015f\u0131k 10 dakika sonra bizi almaya geldiler ki bu da \u00e7ok iyi oldu \u00e7\u00fcnk\u00fc ci\u011ferlerimizin kesinlikle temiz havaya ihtiyac\u0131 vard\u0131. Hi\u00e7bir sapma yapmadan veya ba\u015fka bir yere gitmemize gerek kalmadan do\u011frudan otele g\u00f6t\u00fcr\u00fcld\u00fck. Ameliyat\u0131m\u0131z \u00fc\u00e7 g\u00fcn sonra olacakt\u0131. U\u00e7ak bileti ve oteli ayr\u0131 ayr\u0131 rezervasyon yapt\u0131rm\u0131\u015f olmam\u0131za ra\u011fmen, bizi al\u0131p otele g\u00f6t\u00fcrd\u00fcler \u2013 i\u015fte buna hizmet denir! Muayene\/ameliyat g\u00fcn\u00fc, \u015fof\u00f6r 5 dakika erken otelin \u00f6n\u00fcndeydi ve bizi bekliyordu; daha sonra farkl\u0131 bir otelden ba\u015fka bir \u00e7ifti ald\u0131k ve klini\u011fe gittik. Klinikte, resepsiyona y\u00f6nlendirildik ve k\u0131sa bir s\u00fcre beklememiz istendi (\u0130ngilizce olarak). Be\u015f dakika sonra, m\u00fckemmel Almanca konu\u015fan T\u00fcrk bir klinik \u00e7al\u0131\u015fan\u0131 geldi ve bizi klini\u011fin ba\u015fka bir b\u00f6l\u00fcm\u00fcne g\u00f6t\u00fcrd\u00fc. Hemen ilk testlerin ba\u015flad\u0131\u011f\u0131 odaya al\u0131nd\u0131k. \u0130ki makine vard\u0131; ben birine, k\u0131z arkada\u015f\u0131m di\u011ferine oturdu. Be\u015f dakika sonra ilk testleri bitirmi\u015ftik bile. Testlerden sonra doktora g\u00f6t\u00fcr\u00fcld\u00fck. \u0130ki dakika bekledikten sonra arkada\u015f\u0131m muayene edildi ve \u00fc\u00e7 dakika sonra s\u0131ra bana geldi. D\u00fczeltmelerimiz \u00f6l\u00e7\u00fcld\u00fc ve g\u00f6z bebeklerini geni\u015fletmek i\u00e7in g\u00f6z damlas\u0131 damlat\u0131ld\u0131, ancak bunlar\u0131n 30 dakika boyunca etkili olmas\u0131 gerekiyordu. Bu s\u00fcreyi kafeteryada ge\u00e7irdik ve Almanca konu\u015fan T\u00fcrk arkada\u015f\u0131m\u0131z bize kafeteryaya gidi\u015f ve d\u00f6n\u00fc\u015fte e\u015flik etti. Ayr\u0131ca her muayene\/ameliyatta yan\u0131m\u0131zdayd\u0131 ve herhangi bir sorumuz oldu\u011funda her zaman terc\u00fcmanl\u0131k yapmaktan mutluluk duyuyordu. Damlalar\u0131n 30 dakika boyunca etkisini g\u00f6stermesinin ard\u0131ndan ek incelemeler yap\u0131ld\u0131, ancak 30 dakika sonra yine i\u015fimiz bitti. Ard\u0131ndan bir saat \u00f6\u011fle yeme\u011fi molas\u0131 verdik. \u00d6\u011fle yeme\u011finden sonra ameliyat hemen ba\u015flad\u0131 ve yakla\u015f\u0131k 15 dakika i\u00e7inde tamamland\u0131. Ameliyattan \u00f6nce, ameliyat s\u0131ras\u0131nda ve sonras\u0131nda m\u00fckemmel tavsiyeler ve bak\u0131m ald\u0131k; bence bu T\u00fcrk zihniyetinden kaynaklan\u0131yor ve ger\u00e7ekten \u00e7ok takdir ettim.Ameliyattan sonra h\u0131zl\u0131 bir kontrol randevusuna gittik ve ard\u0131ndan do\u011frudan otele d\u00f6nd\u00fck. G\u00f6zlerim \u00e7ok ac\u0131d\u0131 desem yalan olmazd\u0131 ama \u015fa\u015f\u0131rt\u0131c\u0131 olan \u015fu ki, 3 saat sonra a\u011fr\u0131 neredeyse tamamen ge\u00e7ti ve ertesi g\u00fcn g\u00f6zl\u00fcks\u00fcz gayet iyi g\u00f6rebiliyordum, kesinlikle g\u00f6zl\u00fcks\u00fcz normalden daha iyiydi. Ertesi sabah kontrol muayeneleri i\u00e7in klini\u011fe geri d\u00f6nd\u00fck ve bu muayeneler de olduk\u00e7a h\u0131zl\u0131 ge\u00e7ti, ki bunu \u00e7ok olumlu buldum. Ancak, seri \u00fcretim operasyonu gibi aceleye getirilmi\u015f bir i\u015flem de\u011fildi. Daha \u00e7ok, g\u00fczel T\u00fcrkiye&#8217;yi biraz daha ke\u015ffetmemiz i\u00e7in bize zaman kazand\u0131rmak istememi\u015f gibiydiler. Kontrol muayenelerinden sonra otele d\u00f6nd\u00fck. Terc\u00fcman\u0131m\u0131z kontrol muayeneleri boyunca da her zaman yan\u0131m\u0131zdayd\u0131. Bir hafta sonra, g\u00f6zl\u00fck\/kontakt lens olmadan hayat\u0131ma devam etmenin ne kadar harika oldu\u011funu s\u00f6ylemeliyim. Bazen bu ad\u0131m\u0131 daha \u00f6nce atmad\u0131\u011f\u0131m i\u00e7in \u00fcz\u00fcl\u00fcyorum. G\u00f6zl\u00fck\/kontakt lenslerden b\u0131kan herkese bu ameliyat\u0131 kesinlikle tavsiye ederim. Bir de \u015funu ekleyeyim: gitti\u011fimiz klinikte mesele para de\u011fildi. K\u0131z arkada\u015f\u0131ma \u0130svi\u00e7re&#8217;de iki g\u00f6z\u00fcn\u00fcn de ameliyat edilmesi gerekti\u011fi s\u00f6ylenmi\u015fti. \u0130svi\u00e7re&#8217;de bir g\u00f6z\u00fcn ameliyat\u0131 2900 \u0130svi\u00e7re frang\u0131 tutuyordu. Ama T\u00fcrkiye&#8217;de doktor hemen ikinci g\u00f6z\u00fcn ameliyat\u0131n\u0131n yap\u0131lamayaca\u011f\u0131n\u0131\/yap\u0131lmamas\u0131 gerekti\u011fini, \u00e7\u00fcnk\u00fc d\u00fczeltmenin \u00e7ok zay\u0131f oldu\u011funu s\u00f6yledi. Bu y\u00fczden sadece bir g\u00f6z ameliyat\u0131 yap\u0131ld\u0131 ve fazla \u00f6dedi\u011fimiz fark, T\u00fcrkiye&#8217;den d\u00f6nd\u00fckten sadece \u00fc\u00e7 g\u00fcn sonra hesab\u0131m\u0131za geri yat\u0131r\u0131ld\u0131. Michael Bartelmai \u00d6nceki rapor Sonraki rapor<\/p>\n","protected":false},"author":4,"featured_media":0,"parent":3801,"menu_order":0,"comment_status":"closed","ping_status":"closed","template":"","meta":{"_joinchat":[],"footnotes":""},"class_list":["post-3868","page","type-page","status-publish","hentry"],"acf":[],"_links":{"self":[{"href":"https:\/\/swisslasik.ch\/tr\/wp-json\/wp\/v2\/pages\/3868","targetHints":{"allow":["GET"]}}],"collection":[{"href":"https:\/\/swisslasik.ch\/tr\/wp-json\/wp\/v2\/pages"}],"about":[{"href":"https:\/\/swisslasik.ch\/tr\/wp-json\/wp\/v2\/types\/page"}],"author":[{"embeddable":true,"href":"https:\/\/swisslasik.ch\/tr\/wp-json\/wp\/v2\/users\/4"}],"replies":[{"embeddable":true,"href":"https:\/\/swisslasik.ch\/tr\/wp-json\/wp\/v2\/comments?post=3868"}],"version-history":[{"count":2,"href":"https:\/\/swisslasik.ch\/tr\/wp-json\/wp\/v2\/pages\/3868\/revisions"}],"predecessor-version":[{"id":4686,"href":"https:\/\/swisslasik.ch\/tr\/wp-json\/wp\/v2\/pages\/3868\/revisions\/4686"}],"up":[{"embeddable":true,"href":"https:\/\/swisslasik.ch\/tr\/wp-json\/wp\/v2\/pages\/3801"}],"wp:attachment":[{"href":"https:\/\/swisslasik.ch\/tr\/wp-json\/wp\/v2\/media?parent=3868"}],"curies":[{"name":"wp","href":"https:\/\/api.w.org\/{rel}","templated":true}]}}