{"id":3889,"date":"2025-09-24T11:57:32","date_gmt":"2025-09-24T10:57:32","guid":{"rendered":"https:\/\/swisslasik.ch\/hasta-yorumlari-lasik-goez-lazeri\/kisisel-deneyim-istanbulda-meme-bueyuetme-ameliyati-16-eyluel-2015-carsamba-tarihli-rapor\/"},"modified":"2026-01-14T02:40:22","modified_gmt":"2026-01-14T01:40:22","slug":"kisisel-deneyim-istanbulda-meme-bueyuetme-ameliyati-16-eyluel-2015-carsamba-tarihli-rapor","status":"publish","type":"page","link":"https:\/\/swisslasik.ch\/tr\/hasta-yorumlari-lasik-goez-lazeri\/kisisel-deneyim-istanbulda-meme-bueyuetme-ameliyati-16-eyluel-2015-carsamba-tarihli-rapor\/","title":{"rendered":"Ki\u015fisel deneyim \u2013 \u0130stanbul&#8217;da meme b\u00fcy\u00fctme ameliyat\u0131 \u2013 16 Eyl\u00fcl 2015 \u00c7ar\u015famba tarihli rapor"},"content":{"rendered":"\n<h3 class=\"wp-block-heading\">Ki\u015fisel deneyim \u2013 \u0130stanbul&#8217;da meme b\u00fcy\u00fctme ameliyat\u0131 \u2013 16 Eyl\u00fcl 2015 \u00c7ar\u015famba tarihli rapor<\/h3>\n\n<p>Say\u0131n ilgili taraflar<\/p>\n\n<p>21 ya\u015f\u0131nday\u0131m ve \u0130svi\u00e7re&#8217;liyim.<\/p>\n\n<p>Meme ameliyat\u0131m\u0131 MedicalTravel&#8217;da yapt\u0131rmaya karar verdim.<\/p>\n\n<p>Bu ameliyat\u0131 uzun zamand\u0131r istiyordum ama \u00e7ok gen\u00e7tim ve ailem iste\u011fimi anlayam\u0131yordu. \u015eimdi daha b\u00fcy\u00fc\u011f\u00fcm ve kendi param\u0131 kazan\u0131yorum, meme ameliyat\u0131 i\u00e7in para biriktirece\u011fimi biliyordum. <\/p>\n\n<p>Uzun bir s\u00fcre bu karar\u0131 ve duygular\u0131m\u0131 kimseyle payla\u015famad\u0131m, bu y\u00fczden de kimseyle konu\u015fmad\u0131m. \u0130svi\u00e7re&#8217;de uzun s\u00fcre iyi bir doktor arad\u0131m, ama sorun \u015fu ki ameliyat masraflar\u0131n\u0131 kar\u015f\u0131layam\u0131yordum. <\/p>\n\n<p>Sonra \u00e7ok iyi bir arkada\u015f edindim ve onunla bu iste\u011fimi payla\u015fabildim, \u00e7\u00fcnk\u00fc bu arkada\u015f\u0131m da uzun zamand\u0131r burun ameliyat\u0131 olmak istiyordu.<\/p>\n\n<p>Birlikte, yurtd\u0131\u015f\u0131nda estetik ameliyat yapt\u0131racak bir doktor bulmak i\u00e7in internet \u00fczerinden arama yapt\u0131k, \u00e7\u00fcnk\u00fc bu bizim i\u00e7in tek uygun fiyatl\u0131 se\u00e7enekti. &#8220;Medical Travel&#8221; web sitesine rastlad\u0131k. Olumlu yorumlar\u0131 okuduktan ve Bern&#8217;deki \u00fccretsiz randevuyu g\u00f6rd\u00fckten sonra, e-posta yoluyla randevu ald\u0131k. Ard\u0131ndan, doktorla ilk kez g\u00f6r\u00fc\u015fmek \u00fczere iki saatlik bir yolculukla Bern&#8217;deki Medical Travel ofisine gittik. Doktorla g\u00f6r\u00fc\u015fmenin benim i\u00e7in \u00e7ok \u00f6nemli oldu\u011funu s\u00f6ylemeliyim; aksi takdirde, h\u00e2l\u00e2 korkular\u0131m ve endi\u015felerim oldu\u011fu i\u00e7in T\u00fcrkiye&#8217;ye asla gitmezdim.   <\/p>\n\n<p>Bizi g\u00fcler y\u00fczle kar\u015f\u0131lad\u0131lar ve Bern&#8217;deki T\u0131bbi Seyahat Ofisi do\u011frudan bir cadde \u00fczerinde bulundu\u011fu i\u00e7in bulmak zor olmad\u0131. Ofis \u00e7ok b\u00fcy\u00fck de\u011fildi, ancak g\u00fczelce d\u00f6\u015fenmi\u015fti ve bekleme salonunda k\u00fc\u00e7\u00fck bir b\u00fcfe vard\u0131. <\/p>\n\n<p>Doktorla g\u00f6r\u00fc\u015fme s\u0131ras\u0131nda k\u0131z arkada\u015f\u0131m, doktor ve iki terc\u00fcman haz\u0131r bulundu. Kimse bize bask\u0131 yapmad\u0131, bu da en iyi yan\u0131yd\u0131; t\u00fcm sorular\u0131n\u0131z\u0131 sorabiliyordunuz ve an\u0131nda cevaplan\u0131yordu. Bize burun ve meme ameliyatlar\u0131n\u0131n resimlerini g\u00f6sterdiler. Doktor, memelerimi ve k\u0131z arkada\u015f\u0131m\u0131n burnunu h\u0131zl\u0131ca muayene etti, bize tavsiyelerde bulundu, estetik a\u00e7\u0131dan ho\u015f olmayan \u015feyleri belirledi ve en \u00f6nemlisi, endi\u015felerimizi anlad\u0131.   <\/p>\n\n<p>Uzun s\u00fcre meme b\u00fcy\u00fctme ameliyat\u0131ndan korktum \u00e7\u00fcnk\u00fc g\u00fcnl\u00fck spor aktivitelerime devam edebilmem benim i\u00e7in \u00e7ok \u00f6nemliydi ve yan etkilerden de korkuyordum (bunlar hala benim i\u00e7in de ortaya \u00e7\u0131kabilir \u2013 implant\u0131n etraf\u0131nda kaps\u00fcl olu\u015fumu; herkesin v\u00fccudu farkl\u0131 tepki verdi\u011fi i\u00e7in bunlar\u0131n olu\u015fmayaca\u011f\u0131n\u0131n %100 garantisi yok). Bern&#8217;deki randevudan sonra elbette akl\u0131ma binlerce ba\u015fka soru geldi ve bunlar\u0131 her zaman doktorla g\u00f6r\u00fc\u015f\u00fcp bana m\u00fcmk\u00fcn olan en k\u0131sa s\u00fcrede cevap veren T\u0131bbi Seyahat Ekibine e-posta ile g\u00f6nderdim. Bunun harika oldu\u011funu d\u00fc\u015f\u00fcnd\u00fcm; her zaman h\u0131zl\u0131 ve \u0131srarc\u0131 olmadan yan\u0131t verdiler. Karar vermek i\u00e7in zaman ay\u0131rd\u0131m ve ge\u00e7ici ameliyat tarihinden iki hafta \u00f6nce nihayet ameliyat\u0131 yapt\u0131rmaya karar verdim. Bundan sonra t\u00fcm belgelerimi h\u0131zla ald\u0131m: u\u00e7ak bileti, otel ve t\u00fcm \u00f6nemli bilgilerin, ameliyat tarihlerinin ve t\u00fcm takip randevular\u0131n\u0131n yer ald\u0131\u011f\u0131 ki\u015fisel pasaportum. Paket ayr\u0131ca \u0130stanbul&#8217;u ziyaret etmek i\u00e7in faydal\u0131 ipu\u00e7lar\u0131 ve bir \u015fehir rehberi de i\u00e7eriyordu.     <\/p>\n\n<p>K\u0131z arkada\u015f\u0131mla ayn\u0131 otel odas\u0131nda kalmak ve onunla birlikte \u0130svi\u00e7re&#8217;ye u\u00e7mak do\u011fru hissettirdi. O benden \u00fc\u00e7 g\u00fcn \u00f6nce T\u00fcrkiye&#8217;ye gitti ve bu nedenle ameliyat\u0131n\u0131 benden \u00f6nce, bensiz oldu. Beni s\u00fcre\u00e7 boyunca bilgilendirdi ve ameliyat\u0131 iyi ge\u00e7ti, bu y\u00fczden tekrar cesaretimi toplad\u0131m ve k\u0131z arkada\u015f\u0131m\u0131n beni bekledi\u011fi T\u00fcrkiye&#8217;ye yaln\u0131z gittim.  <\/p>\n\n<p>U\u00e7u\u015f bilgilerimin tamam\u0131n\u0131 bir kitap\u00e7\u0131kta alm\u0131\u015ft\u0131m, gi\u015feye gittim ve biletimi ald\u0131m. Her \u015fey \u00e7ok h\u0131zl\u0131 ve sorunsuz ilerledi; u\u00e7u\u015f zaman\u0131nda kalkt\u0131 ve T\u00fcrk Hava Yollar\u0131&#8217;ndaki herkes \u00e7ok cana yak\u0131n ve her \u015feyden \u00f6nemlisi son derece iyi organize olmu\u015ftu. T\u00fcrkiye&#8217;ye indi\u011fimde, t\u00fcm yolcular\u0131 almak i\u00e7in k\u00fc\u00e7\u00fck bir otob\u00fcs geldi ve bizi havaalan\u0131na g\u00f6t\u00fcrd\u00fc. Pasaport kontrol\u00fc sorunsuz ge\u00e7ti ve bagaj\u0131m \u00e7ok \u00e7abuk geldi. Havaalan\u0131ndan \u00e7\u0131kar \u00e7\u0131kmaz, kitap\u00e7\u0131\u011f\u0131n g\u00f6sterdi\u011fi yerde bekledim, ancak hen\u00fcz kimse yoktu. \u0130stanbul&#8217;un b\u00fcy\u00fck bir \u015fehir ve yo\u011fun trafi\u011fe sahip olmas\u0131 nedeniyle 30 dakikaya kadar gecikme olabilece\u011fi s\u00f6ylendi. Sab\u0131rs\u0131zlanmaya ba\u015flad\u0131m ve \u0130svi\u00e7re&#8217;deki seyahat acentesini arad\u0131m. Cevap verdiler ve yak\u0131nda birinin gelece\u011fine ve orada beklemem gerekti\u011fine s\u00f6z verdiler ve \u00f6yle de yapt\u0131lar. K\u0131sa s\u00fcre sonra biri geldi ve beni k\u0131z arkada\u015f\u0131m\u0131n oteline g\u00f6t\u00fcrd\u00fc. Oteldeki herkes \u00e7ok cana yak\u0131nd\u0131 ve k\u0131z arkada\u015f\u0131mla ayn\u0131 odada sorunsuz bir \u015fekilde kalabildim.<br\/>&#8230; Ald\u0131\u011f\u0131n\u0131z kitap\u00e7\u0131kta her \u015fey ayr\u0131nt\u0131l\u0131 olarak a\u00e7\u0131klanm\u0131\u015ft\u0131: gece yar\u0131s\u0131ndan itibaren oru\u00e7 tutman\u0131z ve ameliyat sabah\u0131 hi\u00e7bir \u015fey yememeniz gerekiyor. Ben de aynen \u00f6yle yapt\u0131m.        <\/p>\n\n<p>Sonra taksiyle hastaneye g\u00f6t\u00fcr\u00fcld\u00fcm, oysa y\u00fcr\u00fcyerek \u00e7ok daha h\u0131zl\u0131 olurdu. Beni Almanya&#8217;da b\u00fcy\u00fcm\u00fc\u015f ve hem T\u00fcrk\u00e7e hem de Almanca&#8217;y\u0131 m\u00fckemmel konu\u015fan bir T\u00fcrk kad\u0131n\u0131n yan\u0131na g\u00f6t\u00fcrd\u00fcler. Sonraki birka\u00e7 g\u00fcn boyunca bana e\u015flik etti ve terc\u00fcman\u0131m oldu; onu \u00e7ok, \u00e7ok sevdim. O s\u00fcre boyunca bana destek oldu, annelik yapt\u0131, beni cesaretlendirdi, korkular\u0131m\u0131 yat\u0131\u015ft\u0131rd\u0131 ve her zaman benim i\u00e7in zaman ay\u0131rd\u0131. Her \u015fey \u00e7ok h\u0131zl\u0131 geli\u015fti. Odam\u0131 ald\u0131m, de\u011ferli e\u015fyalar\u0131m\u0131 koyabilece\u011fim kendi kasam\u0131 ald\u0131m, kan\u0131m\u0131 ald\u0131lar ve b\u00f6yle bir ameliyat \u00f6ncesinde gerekli olan t\u00fcm testleri yapt\u0131lar. Bir anket doldurdum ve benzeri \u015feyler.    <\/p>\n\n<p>Bundan sonra koluma bir serum tak\u0131ld\u0131 ve hastane \u00f6nl\u00fc\u011f\u00fcm\u00fc giymek zorunda kald\u0131m. Bana sakinle\u015ftirici verdiler ve ard\u0131ndan ameliyat odas\u0131na g\u00f6t\u00fcrd\u00fcler. Orada her \u015fey \u00e7ok h\u0131zl\u0131 oldu. Sadece ameliyat odas\u0131nda uyand\u0131\u011f\u0131m\u0131 ve herkesin konu\u015ftu\u011funu hat\u0131rl\u0131yorum, ama uyumak istiyordum. Sonras\u0131nda beni hastane odama geri g\u00f6t\u00fcrd\u00fcler ve orada geceyi ge\u00e7irmek zorunda kald\u0131m ve s\u00fcrekli g\u00f6zetim alt\u0131nda tutuldum.   <\/p>\n\n<p>Ameliyattan sonraki gece benim i\u00e7in berbatt\u0131; ac\u0131 \u00e7ekiyordum ve neredeyse her saat ba\u015f\u0131 kolumdan a\u011fr\u0131 kesici al\u0131yordum, ayr\u0131ca serum tak\u0131l\u0131 oldu\u011fu i\u00e7in \u00e7ok s\u0131k tuvalete gitmem gerekiyordu. Tek ba\u015f\u0131ma tuvalete gidemedi\u011fim i\u00e7in (\u00e7ok g\u00fc\u00e7s\u00fczd\u00fcm ve \u00e7ok ac\u0131 \u00e7ekiyordum) s\u00fcrekli hem\u015fireleri \u00e7a\u011f\u0131rmak zorunda kald\u0131m. <\/p>\n\n<p>T\u00fcm kalbimle s\u00f6ylemeliyim ki, ben de \u0130svi\u00e7re&#8217;de bir hastanede \u00e7al\u0131\u015f\u0131yorum ve daha \u00f6nce hi\u00e7 bu kadar harika, nazik ve sayg\u0131l\u0131 bir \u015fekilde muamele g\u00f6rmemi\u015ftim. Ameliyat ge\u00e7irdi\u011fim i\u00e7in hem\u015firelerin \u00f6n\u00fcnde biraz utanm\u0131\u015ft\u0131m, ama kimse bana bunun normalden farkl\u0131 bir \u015fey oldu\u011funu hissettirmedi. B\u00fct\u00fcn gece benimle ilgilendiler ve banyoda ba\u015f\u0131m d\u00f6nd\u00fc\u011f\u00fcnde hemen m\u00fcdahale ettiler; kimse daha iyi davranamazd\u0131. Hepsi bana sanki d\u00fcnyan\u0131n en do\u011fal \u015feyiymi\u015f gibi davrand\u0131lar. Orada kendimi \u00e7ok rahat hissettim ve ger\u00e7ekten ayr\u0131lmak istemedim.    <\/p>\n\n<p>Ancak ertesi sabah otele geri d\u00f6nmem gerekti ve taksiyle geri g\u00f6t\u00fcr\u00fcld\u00fcm. Otelde kendimi \u00e7ok muhta\u00e7 hissettim ve k\u0131z arkada\u015f\u0131m\u0131n yan\u0131mda olmas\u0131na h\u00e2l\u00e2 \u00e7ok sevindim. <\/p>\n\n<p>Am 3 Tag musste ich zur\u00fcck ins Spital um meine Drainagen zu ziehen, dies war ziemlich Schmerzhaft aber ich war so froh als ich sie los bekam, denn danach ging es mir von Tag zu Tag besser und konnte so auch an meinen R\u00fcckflug antreten. Ich hatte danach solch ein Korsette an welches ich 3 Wochen tragen musste auch in der Schweiz, wenn man lucke Kleider tr\u00e4gt sah man es nicht aber klar sehr bequem war es nicht und von Vorteil auch nicht da ich sehr schwitze aber dies musste sein. <\/p>\n\n<p>Bu harika deneyim i\u00e7in Medical Travel&#8217;a, t\u00fcm ekibe ve doktora i\u00e7tenlikle te\u015fekk\u00fcr etmek istiyorum. En b\u00fcy\u00fck dileklerimden biri ger\u00e7ekle\u015fti ve Medical Travel&#8217;dan daha iyi bir sonu\u00e7 isteyemezdim. M\u00fckemmel organizasyonunuz ve bana bu kadar nazik davrand\u0131\u011f\u0131n\u0131z i\u00e7in te\u015fekk\u00fcr ederim. Uzun zamand\u0131r kendimi bu kadar rahat ve anla\u015f\u0131lm\u0131\u015f hissetmemi\u015ftim. Bug\u00fcn bile g\u00f6\u011f\u00fcs ameliyat\u0131m\u0131 veya di\u011fer i\u015flemlerimi sizinle tekrar yapt\u0131r\u0131rd\u0131m. Medical Travel&#8217;\u0131 %100 tavsiye ederim.<br\/>Bahsetmek istedi\u011fim bir di\u011fer \u015fey: ameliyattan sonra arkada\u015f\u0131mla \u0130stanbul&#8217;u gezmeye gittik. Her \u015fey \u00e7\u0131lg\u0131nca geliyor, \u00e7\u00fcnk\u00fc hala a\u011fr\u0131lar\u0131m vard\u0131, ama \u0130stanbul&#8217;un sundu\u011fu hi\u00e7bir \u015feyi ka\u00e7\u0131rmak istemedim. Bu y\u00fczden bir g\u00fcnde iki kez taksiye bindik, bir kez limana, bir kez de al\u0131\u015fveri\u015f b\u00f6lgesine. \u00c7ok yorulmu\u015ftum, ama her \u015feye de\u011fdi \u00e7\u00fcnk\u00fc \u0130stanbul harika, romantik ve canl\u0131 bir \u015fehir. \u0130lk kez oradayd\u0131m ve en sevdi\u011fim \u015fehirlerden biri oldu.    <\/p>\n\n<p>Her \u015fey i\u00e7in te\u015fekk\u00fcr ederim.<\/p>\n\n<p>E. Perella<\/p>\n\n<div class=\"wp-block-group is-layout-grid wp-container-core-group-is-layout-baef362d wp-block-group-is-layout-grid\">\n<p><a href=\"https:\/\/medicaltravel.at\/home\/agb\/\" data-type=\"page\" data-id=\"2191\" rel=\"nofollow noopener\" target=\"_blank\"><\/a><a href=\"https:\/\/swisslasik.ch\/tr\/hasta-yorumlari-lasik-goez-lazeri\/deneyim-raporu-istanbul-tuerkiyede-sac-ekimi-28-ekim-2015-carsamba-tarihli-rapor\/\" data-type=\"link\" data-id=\"https:\/\/swisslasik.ch\/patientenberichte-lasik\/erfahrungsbericht-eigenhaarverpflanzung-in-istanbul-turkei-bericht-vom-mittwoch-28-oktober-2015\/\">\u00d6nceki rapor<\/a><\/p>\n\n\n\n<p class=\"has-text-align-right wp-container-content-5e2576f9\"><a href=\"https:\/\/medicaltravel.at\/home\/impressum\/\" data-type=\"page\" data-id=\"2193\" rel=\"nofollow noopener\" target=\"_blank\"><\/a><a href=\"https:\/\/medicaltravel.at\/home\/berichte-von-patienten\/erfahrungsberichte\/erfahrungsbericht-zahnbehandlung-in-istanbul\/\" data-type=\"page\" data-id=\"981\" rel=\"nofollow noopener\" target=\"_blank\"><\/a><a href=\"https:\/\/swisslasik.ch\/tr\/hasta-yorumlari-lasik-goez-lazeri\/istanbulda-tatil-sirasinda-lazer-goez-ameliyati-15-eyluel-2015-sali-tarihli-haber\/\" data-type=\"link\" data-id=\"https:\/\/swisslasik.ch\/patientenberichte-lasik\/augenlasern-in-den-ferien-in-istanbul-bericht-vom-dienstag-15-september-2015\/\">Sonraki rapor<\/a><\/p>\n<\/div>\n","protected":false},"excerpt":{"rendered":"<p>Ki\u015fisel deneyim \u2013 \u0130stanbul&#8217;da meme b\u00fcy\u00fctme ameliyat\u0131 \u2013 16 Eyl\u00fcl 2015 \u00c7ar\u015famba tarihli rapor Say\u0131n ilgili taraflar 21 ya\u015f\u0131nday\u0131m ve \u0130svi\u00e7re&#8217;liyim. Meme ameliyat\u0131m\u0131 MedicalTravel&#8217;da yapt\u0131rmaya karar verdim. Bu ameliyat\u0131 uzun zamand\u0131r istiyordum ama \u00e7ok gen\u00e7tim ve ailem iste\u011fimi anlayam\u0131yordu. \u015eimdi daha b\u00fcy\u00fc\u011f\u00fcm ve kendi param\u0131 kazan\u0131yorum, meme ameliyat\u0131 i\u00e7in para biriktirece\u011fimi biliyordum. Uzun bir s\u00fcre bu karar\u0131 ve duygular\u0131m\u0131 kimseyle payla\u015famad\u0131m, bu y\u00fczden de kimseyle konu\u015fmad\u0131m. \u0130svi\u00e7re&#8217;de uzun s\u00fcre iyi bir doktor arad\u0131m, ama sorun \u015fu ki ameliyat masraflar\u0131n\u0131 kar\u015f\u0131layam\u0131yordum. Sonra \u00e7ok iyi bir arkada\u015f edindim ve onunla bu iste\u011fimi payla\u015fabildim, \u00e7\u00fcnk\u00fc bu arkada\u015f\u0131m da uzun zamand\u0131r burun ameliyat\u0131 olmak istiyordu. Birlikte, yurtd\u0131\u015f\u0131nda estetik ameliyat yapt\u0131racak bir doktor bulmak i\u00e7in internet \u00fczerinden arama yapt\u0131k, \u00e7\u00fcnk\u00fc bu bizim i\u00e7in tek uygun fiyatl\u0131 se\u00e7enekti. &#8220;Medical Travel&#8221; web sitesine rastlad\u0131k. Olumlu yorumlar\u0131 okuduktan ve Bern&#8217;deki \u00fccretsiz randevuyu g\u00f6rd\u00fckten sonra, e-posta yoluyla randevu ald\u0131k. Ard\u0131ndan, doktorla ilk kez g\u00f6r\u00fc\u015fmek \u00fczere iki saatlik bir yolculukla Bern&#8217;deki Medical Travel ofisine gittik. Doktorla g\u00f6r\u00fc\u015fmenin benim i\u00e7in \u00e7ok \u00f6nemli oldu\u011funu s\u00f6ylemeliyim; aksi takdirde, h\u00e2l\u00e2 korkular\u0131m ve endi\u015felerim oldu\u011fu i\u00e7in T\u00fcrkiye&#8217;ye asla gitmezdim. Bizi g\u00fcler y\u00fczle kar\u015f\u0131lad\u0131lar ve Bern&#8217;deki T\u0131bbi Seyahat Ofisi do\u011frudan bir cadde \u00fczerinde bulundu\u011fu i\u00e7in bulmak zor olmad\u0131. Ofis \u00e7ok b\u00fcy\u00fck de\u011fildi, ancak g\u00fczelce d\u00f6\u015fenmi\u015fti ve bekleme salonunda k\u00fc\u00e7\u00fck bir b\u00fcfe vard\u0131. Doktorla g\u00f6r\u00fc\u015fme s\u0131ras\u0131nda k\u0131z arkada\u015f\u0131m, doktor ve iki terc\u00fcman haz\u0131r bulundu. Kimse bize bask\u0131 yapmad\u0131, bu da en iyi yan\u0131yd\u0131; t\u00fcm sorular\u0131n\u0131z\u0131 sorabiliyordunuz ve an\u0131nda cevaplan\u0131yordu. Bize burun ve meme ameliyatlar\u0131n\u0131n resimlerini g\u00f6sterdiler. Doktor, memelerimi ve k\u0131z arkada\u015f\u0131m\u0131n burnunu h\u0131zl\u0131ca muayene etti, bize tavsiyelerde bulundu, estetik a\u00e7\u0131dan ho\u015f olmayan \u015feyleri belirledi ve en \u00f6nemlisi, endi\u015felerimizi anlad\u0131. Uzun s\u00fcre meme b\u00fcy\u00fctme ameliyat\u0131ndan korktum \u00e7\u00fcnk\u00fc g\u00fcnl\u00fck spor aktivitelerime devam edebilmem benim i\u00e7in \u00e7ok \u00f6nemliydi ve yan etkilerden de korkuyordum (bunlar hala benim i\u00e7in de ortaya \u00e7\u0131kabilir \u2013 implant\u0131n etraf\u0131nda kaps\u00fcl olu\u015fumu; herkesin v\u00fccudu farkl\u0131 tepki verdi\u011fi i\u00e7in bunlar\u0131n olu\u015fmayaca\u011f\u0131n\u0131n %100 garantisi yok). Bern&#8217;deki randevudan sonra elbette akl\u0131ma binlerce ba\u015fka soru geldi ve bunlar\u0131 her zaman doktorla g\u00f6r\u00fc\u015f\u00fcp bana m\u00fcmk\u00fcn olan en k\u0131sa s\u00fcrede cevap veren T\u0131bbi Seyahat Ekibine e-posta ile g\u00f6nderdim. Bunun harika oldu\u011funu d\u00fc\u015f\u00fcnd\u00fcm; her zaman h\u0131zl\u0131 ve \u0131srarc\u0131 olmadan yan\u0131t verdiler. Karar vermek i\u00e7in zaman ay\u0131rd\u0131m ve ge\u00e7ici ameliyat tarihinden iki hafta \u00f6nce nihayet ameliyat\u0131 yapt\u0131rmaya karar verdim. Bundan sonra t\u00fcm belgelerimi h\u0131zla ald\u0131m: u\u00e7ak bileti, otel ve t\u00fcm \u00f6nemli bilgilerin, ameliyat tarihlerinin ve t\u00fcm takip randevular\u0131n\u0131n yer ald\u0131\u011f\u0131 ki\u015fisel pasaportum. Paket ayr\u0131ca \u0130stanbul&#8217;u ziyaret etmek i\u00e7in faydal\u0131 ipu\u00e7lar\u0131 ve bir \u015fehir rehberi de i\u00e7eriyordu. K\u0131z arkada\u015f\u0131mla ayn\u0131 otel odas\u0131nda kalmak ve onunla birlikte \u0130svi\u00e7re&#8217;ye u\u00e7mak do\u011fru hissettirdi. O benden \u00fc\u00e7 g\u00fcn \u00f6nce T\u00fcrkiye&#8217;ye gitti ve bu nedenle ameliyat\u0131n\u0131 benden \u00f6nce, bensiz oldu. Beni s\u00fcre\u00e7 boyunca bilgilendirdi ve ameliyat\u0131 iyi ge\u00e7ti, bu y\u00fczden tekrar cesaretimi toplad\u0131m ve k\u0131z arkada\u015f\u0131m\u0131n beni bekledi\u011fi T\u00fcrkiye&#8217;ye yaln\u0131z gittim. U\u00e7u\u015f bilgilerimin tamam\u0131n\u0131 bir kitap\u00e7\u0131kta alm\u0131\u015ft\u0131m, gi\u015feye gittim ve biletimi ald\u0131m. Her \u015fey \u00e7ok h\u0131zl\u0131 ve sorunsuz ilerledi; u\u00e7u\u015f zaman\u0131nda kalkt\u0131 ve T\u00fcrk Hava Yollar\u0131&#8217;ndaki herkes \u00e7ok cana yak\u0131n ve her \u015feyden \u00f6nemlisi son derece iyi organize olmu\u015ftu. T\u00fcrkiye&#8217;ye indi\u011fimde, t\u00fcm yolcular\u0131 almak i\u00e7in k\u00fc\u00e7\u00fck bir otob\u00fcs geldi ve bizi havaalan\u0131na g\u00f6t\u00fcrd\u00fc. Pasaport kontrol\u00fc sorunsuz ge\u00e7ti ve bagaj\u0131m \u00e7ok \u00e7abuk geldi. Havaalan\u0131ndan \u00e7\u0131kar \u00e7\u0131kmaz, kitap\u00e7\u0131\u011f\u0131n g\u00f6sterdi\u011fi yerde bekledim, ancak hen\u00fcz kimse yoktu. \u0130stanbul&#8217;un b\u00fcy\u00fck bir \u015fehir ve yo\u011fun trafi\u011fe sahip olmas\u0131 nedeniyle 30 dakikaya kadar gecikme olabilece\u011fi s\u00f6ylendi. Sab\u0131rs\u0131zlanmaya ba\u015flad\u0131m ve \u0130svi\u00e7re&#8217;deki seyahat acentesini arad\u0131m. Cevap verdiler ve yak\u0131nda birinin gelece\u011fine ve orada beklemem gerekti\u011fine s\u00f6z verdiler ve \u00f6yle de yapt\u0131lar. K\u0131sa s\u00fcre sonra biri geldi ve beni k\u0131z arkada\u015f\u0131m\u0131n oteline g\u00f6t\u00fcrd\u00fc. Oteldeki herkes \u00e7ok cana yak\u0131nd\u0131 ve k\u0131z arkada\u015f\u0131mla ayn\u0131 odada sorunsuz bir \u015fekilde kalabildim.&#8230; Ald\u0131\u011f\u0131n\u0131z kitap\u00e7\u0131kta her \u015fey ayr\u0131nt\u0131l\u0131 olarak a\u00e7\u0131klanm\u0131\u015ft\u0131: gece yar\u0131s\u0131ndan itibaren oru\u00e7 tutman\u0131z ve ameliyat sabah\u0131 hi\u00e7bir \u015fey yememeniz gerekiyor. Ben de aynen \u00f6yle yapt\u0131m. Sonra taksiyle hastaneye g\u00f6t\u00fcr\u00fcld\u00fcm, oysa y\u00fcr\u00fcyerek \u00e7ok daha h\u0131zl\u0131 olurdu. Beni Almanya&#8217;da b\u00fcy\u00fcm\u00fc\u015f ve hem T\u00fcrk\u00e7e hem de Almanca&#8217;y\u0131 m\u00fckemmel konu\u015fan bir T\u00fcrk kad\u0131n\u0131n yan\u0131na g\u00f6t\u00fcrd\u00fcler. Sonraki birka\u00e7 g\u00fcn boyunca bana e\u015flik etti ve terc\u00fcman\u0131m oldu; onu \u00e7ok, \u00e7ok sevdim. O s\u00fcre boyunca bana destek oldu, annelik yapt\u0131, beni cesaretlendirdi, korkular\u0131m\u0131 yat\u0131\u015ft\u0131rd\u0131 ve her zaman benim i\u00e7in zaman ay\u0131rd\u0131. Her \u015fey \u00e7ok h\u0131zl\u0131 geli\u015fti. Odam\u0131 ald\u0131m, de\u011ferli e\u015fyalar\u0131m\u0131 koyabilece\u011fim kendi kasam\u0131 ald\u0131m, kan\u0131m\u0131 ald\u0131lar ve b\u00f6yle bir ameliyat \u00f6ncesinde gerekli olan t\u00fcm testleri yapt\u0131lar. Bir anket doldurdum ve benzeri \u015feyler. Bundan sonra koluma bir serum tak\u0131ld\u0131 ve hastane \u00f6nl\u00fc\u011f\u00fcm\u00fc giymek zorunda kald\u0131m. Bana sakinle\u015ftirici verdiler ve ard\u0131ndan ameliyat odas\u0131na g\u00f6t\u00fcrd\u00fcler. Orada her \u015fey \u00e7ok h\u0131zl\u0131 oldu. Sadece ameliyat odas\u0131nda uyand\u0131\u011f\u0131m\u0131 ve herkesin konu\u015ftu\u011funu hat\u0131rl\u0131yorum, ama uyumak istiyordum. Sonras\u0131nda beni hastane odama geri g\u00f6t\u00fcrd\u00fcler ve orada geceyi ge\u00e7irmek zorunda kald\u0131m ve s\u00fcrekli g\u00f6zetim alt\u0131nda tutuldum. Ameliyattan sonraki gece benim i\u00e7in berbatt\u0131; ac\u0131 \u00e7ekiyordum ve neredeyse her saat ba\u015f\u0131 kolumdan a\u011fr\u0131 kesici al\u0131yordum, ayr\u0131ca serum tak\u0131l\u0131 oldu\u011fu i\u00e7in \u00e7ok s\u0131k tuvalete gitmem gerekiyordu. Tek ba\u015f\u0131ma tuvalete gidemedi\u011fim i\u00e7in (\u00e7ok g\u00fc\u00e7s\u00fczd\u00fcm ve \u00e7ok ac\u0131 \u00e7ekiyordum) s\u00fcrekli hem\u015fireleri \u00e7a\u011f\u0131rmak zorunda kald\u0131m. T\u00fcm kalbimle s\u00f6ylemeliyim ki, ben de \u0130svi\u00e7re&#8217;de bir hastanede \u00e7al\u0131\u015f\u0131yorum ve daha \u00f6nce hi\u00e7 bu kadar harika, nazik ve sayg\u0131l\u0131 bir \u015fekilde muamele g\u00f6rmemi\u015ftim. Ameliyat ge\u00e7irdi\u011fim i\u00e7in hem\u015firelerin \u00f6n\u00fcnde biraz utanm\u0131\u015ft\u0131m, ama kimse bana bunun normalden farkl\u0131 bir \u015fey oldu\u011funu hissettirmedi. B\u00fct\u00fcn gece benimle ilgilendiler ve banyoda ba\u015f\u0131m d\u00f6nd\u00fc\u011f\u00fcnde hemen m\u00fcdahale ettiler; kimse daha iyi davranamazd\u0131. Hepsi bana sanki d\u00fcnyan\u0131n en do\u011fal \u015feyiymi\u015f gibi davrand\u0131lar. Orada kendimi \u00e7ok rahat hissettim ve ger\u00e7ekten ayr\u0131lmak istemedim. Ancak ertesi sabah otele geri d\u00f6nmem gerekti ve taksiyle geri g\u00f6t\u00fcr\u00fcld\u00fcm. Otelde kendimi \u00e7ok muhta\u00e7 hissettim ve k\u0131z arkada\u015f\u0131m\u0131n yan\u0131mda olmas\u0131na h\u00e2l\u00e2 \u00e7ok sevindim. Am 3 Tag musste ich zur\u00fcck ins Spital um meine Drainagen zu ziehen, dies war ziemlich Schmerzhaft aber ich war so froh als ich sie los bekam, denn danach ging es mir von Tag zu Tag besser und konnte so auch an meinen R\u00fcckflug antreten. Ich hatte danach solch ein Korsette an welches ich 3 Wochen tragen musste auch in der Schweiz, wenn man lucke Kleider tr\u00e4gt sah man es nicht aber klar sehr bequem war es nicht und von Vorteil auch nicht da ich sehr schwitze aber dies musste sein. Bu harika deneyim i\u00e7in Medical Travel&#8217;a, t\u00fcm ekibe ve doktora i\u00e7tenlikle te\u015fekk\u00fcr etmek<\/p>\n","protected":false},"author":4,"featured_media":0,"parent":3801,"menu_order":0,"comment_status":"closed","ping_status":"closed","template":"","meta":{"_joinchat":[],"footnotes":""},"class_list":["post-3889","page","type-page","status-publish","hentry"],"acf":[],"_links":{"self":[{"href":"https:\/\/swisslasik.ch\/tr\/wp-json\/wp\/v2\/pages\/3889","targetHints":{"allow":["GET"]}}],"collection":[{"href":"https:\/\/swisslasik.ch\/tr\/wp-json\/wp\/v2\/pages"}],"about":[{"href":"https:\/\/swisslasik.ch\/tr\/wp-json\/wp\/v2\/types\/page"}],"author":[{"embeddable":true,"href":"https:\/\/swisslasik.ch\/tr\/wp-json\/wp\/v2\/users\/4"}],"replies":[{"embeddable":true,"href":"https:\/\/swisslasik.ch\/tr\/wp-json\/wp\/v2\/comments?post=3889"}],"version-history":[{"count":5,"href":"https:\/\/swisslasik.ch\/tr\/wp-json\/wp\/v2\/pages\/3889\/revisions"}],"predecessor-version":[{"id":3902,"href":"https:\/\/swisslasik.ch\/tr\/wp-json\/wp\/v2\/pages\/3889\/revisions\/3902"}],"up":[{"embeddable":true,"href":"https:\/\/swisslasik.ch\/tr\/wp-json\/wp\/v2\/pages\/3801"}],"wp:attachment":[{"href":"https:\/\/swisslasik.ch\/tr\/wp-json\/wp\/v2\/media?parent=3889"}],"curies":[{"name":"wp","href":"https:\/\/api.w.org\/{rel}","templated":true}]}}