{"id":3899,"date":"2025-09-24T11:47:01","date_gmt":"2025-09-24T10:47:01","guid":{"rendered":"https:\/\/swisslasik.ch\/hasta-yorumlari-lasik-goez-lazeri\/deneyim-raporu-istanbulda-sac-ekimi-8-ocak-2016-cuma-tarihli-rapor\/"},"modified":"2026-01-14T02:32:58","modified_gmt":"2026-01-14T01:32:58","slug":"deneyim-raporu-istanbulda-sac-ekimi-8-ocak-2016-cuma-tarihli-rapor","status":"publish","type":"page","link":"https:\/\/swisslasik.ch\/tr\/hasta-yorumlari-lasik-goez-lazeri\/deneyim-raporu-istanbulda-sac-ekimi-8-ocak-2016-cuma-tarihli-rapor\/","title":{"rendered":"DENEY\u0130M RAPORU &#8211; \u0130STANBUL&#8217;DA SA\u00c7 EK\u0130M\u0130 &#8211; 8 Ocak 2016 Cuma Tarihli Rapor"},"content":{"rendered":"\n<h3 class=\"wp-block-heading\">DENEY\u0130M RAPORU &#8211; \u0130STANBUL&#8217;DA SA\u00c7 EK\u0130M\u0130 &#8211; 8 Ocak 2016 Cuma Tarihli Rapor<\/h3>\n\n\n\n<p>26 ya\u015f\u0131nday\u0131m ve \u015fiddetli sa\u00e7 d\u00f6k\u00fclmesi ya\u015fad\u0131\u011f\u0131m i\u00e7in yak\u0131n zamanda T\u00fcrkiye&#8217;de sa\u00e7 ekimi yapt\u0131rmaya karar verdim. Ba\u015fta sa\u00e7 d\u00f6k\u00fclmemin beni istedi\u011fimden daha fazla rahats\u0131z etti\u011fini kendime itiraf etmek istemiyordum, ama sonunda bunun \u00f6yle olmad\u0131\u011f\u0131n\u0131 kabul etmek zorunda kald\u0131m. G\u00fcn\u00fcm\u00fczde bunu art\u0131k saklamamak ve a\u00e7\u0131k\u00e7a konu\u015fmak gerekti\u011fini d\u00fc\u015f\u00fcn\u00fcyorum, ancak bu biraz cesaret ve kesinlikle bir\u00e7ok \u00e7ekinceyi a\u015fmay\u0131 gerektiriyor.  <\/p>\n\n\n\n<p>\u00d6ncelikle, olas\u0131 tedavi y\u00f6ntemlerini internetten ara\u015ft\u0131rd\u0131m, \u00e7e\u015fitli sa\u011flay\u0131c\u0131lar\u0131 ve fiyatlar\u0131 kar\u015f\u0131la\u015ft\u0131rd\u0131m, akrabalar\u0131mdan bilgi ald\u0131m ve sonunda bir arkada\u015f\u0131m\u0131n tavsiyesi \u00fczerine MedicalTravel&#8217;a gittim. Arkada\u015f\u0131m\u0131n tedavi s\u00fcrecini birka\u00e7 ay boyunca takip edebildim ve sonu\u00e7tan \u00e7ok etkilendim. <\/p>\n\n\n\n<p>Daha sonra do\u011frudan MedicalTravel ile ileti\u015fime ge\u00e7tim ve fiyat teklifi istedim. Ard\u0131ndan, s\u00fcreci \u00f6zetleyen gerekli belgelerle birlikte \u00f6n bir fiyat teklifi ald\u0131m. Ayr\u0131ca \u0130svi\u00e7re&#8217;de bir kons\u00fcltasyon ve yerinde muayene i\u00e7in randevu ayarlayabildim. Yerinde kons\u00fcltasyonda bir doktor, bir terc\u00fcman ve MedicalTravel&#8217;\u0131n y\u00f6neticisi haz\u0131r bulunuyor. Akl\u0131n\u0131za tak\u0131lan her \u015feyi sorabilirsiniz ve ayr\u0131nt\u0131l\u0131 bir cevap alacaks\u0131n\u0131z. \u0130\u015fleri sizin i\u00e7in kolayla\u015ft\u0131rmak amac\u0131yla, prosed\u00fcr\u00fc g\u00f6steren resimler g\u00f6sterilecektir. Bu muayeneden sonra bile, daha fazla sorunuz i\u00e7in istedi\u011finiz zaman MedicalTravel ile ileti\u015fime ge\u00e7ebilirsiniz.      <\/p>\n\n\n\n<p>Sonucu be\u011fenip be\u011fenmeyece\u011fimi \u015fu an s\u00f6yleyemem, \u00e7\u00fcnk\u00fc i\u015flem hen\u00fcz sadece bir ay \u00f6nce yap\u0131ld\u0131. Ancak \u015fu ana kadarki s\u00fcre\u00e7ten \u00e7ok memnun oldu\u011fumu ve sonucun \u00e7ok iyi olaca\u011f\u0131na kesinlikle inand\u0131\u011f\u0131m\u0131 s\u00f6yleyebilirim. MedicalTravel taraf\u0131ndan yap\u0131lan organizasyondan genel olarak memnunum; her \u015fey \u00e7ok iyi planlanm\u0131\u015ft\u0131, hastane \u0130svi\u00e7re\u2019deki standartlar gibi \u00e7ok y\u00fcksek bir seviyedeydi, doktor alan\u0131nda uzmand\u0131, bak\u0131m ve ilgi (\u00e7ok iyi Almanca bilgisiyle) son derece g\u00fcler y\u00fczl\u00fcyd\u00fc ve sonu\u00e7 olarak fiyat da belirleyici bir fakt\u00f6r oldu.  <\/p>\n\n\n\n<p>Ameliyat\u0131 ger\u00e7ekle\u015ftiren ekip \u00e7ok, \u00e7ok cana yak\u0131nd\u0131. Anestezi olduk\u00e7a ac\u0131 vericiydi, ancak i\u015flem s\u0131ras\u0131nda kesinlikle hi\u00e7bir ac\u0131 hissetmedim. \u0130\u015flem yakla\u015f\u0131k alt\u0131 saat s\u00fcrd\u00fc ve sonras\u0131nda olduk\u00e7a yorgundum ve sadece otele geri d\u00f6nmek istiyordum. Aynaya bakt\u0131\u011f\u0131n\u0131zda endi\u015felenmeyin; \u00e7ok ac\u0131 verici ve pek de g\u00fczel g\u00f6r\u00fcnm\u00fcyor ve bunun fark\u0131nda olman\u0131z gerekiyor. \u0130nsanlar size sanki aydan gelmi\u015fsiniz veya engelli biriymi\u015fsiniz gibi bakacaklar. Bunu sayg\u0131s\u0131zl\u0131k olsun diye s\u00f6ylemiyorum, ama ger\u00e7ek bu. Bir\u00e7ok insan buna a\u015fina de\u011fil ve merakl\u0131 olduklar\u0131 i\u00e7in bak\u0131yorlar. \u0130lk ba\u015fta \u00e7ok, \u00e7ok zor, ama bak\u0131\u015flar\u0131 kabullenmeyi ve g\u00f6rmezden gelmeyi \u00f6\u011freneceksiniz.       <\/p>\n\n\n\n<p>Genel izlenimim olumlu ve her zaman tekrar yapard\u0131m. Bak\u0131m, doktor, hastane, tedavi ve sonu\u00e7 hepsi m\u00fckemmeldi. <\/p>\n\n\n\n<p>Tekrar te\u015fekk\u00fcr ederim.<\/p>\n\n\n\n<p>Sayg\u0131lar\u0131mla,<br>Robin Zbinden<\/p>\n\n\n\n<div class=\"wp-block-group is-layout-grid wp-container-core-group-is-layout-baef362d wp-block-group-is-layout-grid\">\n<p><a href=\"https:\/\/medicaltravel.at\/home\/agb\/\" data-type=\"page\" data-id=\"2191\" rel=\"nofollow noopener\" target=\"_blank\"><\/a><a href=\"https:\/\/swisslasik.ch\/tr\/hasta-yorumlari-lasik-goez-lazeri\/tuerkiye-isvicreye-kiyasla-doertte-bir-fiyatina-daha-fazla-deneyim-sunuyor-2-subat-2016-sali-tarihli-rapor\/\" data-type=\"link\" data-id=\"https:\/\/swisslasik.ch\/patientenberichte-lasik\/die-turkei-bietet-mehr-erfahrung-als-die-schweiz-zu-einen-viertel-des-preises-bericht-vom-dienstag-02-februar-2016\/\">\u00d6nceki rapor<\/a><\/p>\n\n\n\n<p class=\"has-text-align-right wp-container-content-5e2576f9\"><a href=\"https:\/\/medicaltravel.at\/home\/impressum\/\" data-type=\"page\" data-id=\"2193\" rel=\"nofollow noopener\" target=\"_blank\"><\/a><a href=\"https:\/\/medicaltravel.at\/home\/berichte-von-patienten\/erfahrungsberichte\/erfahrungsbericht-zahnbehandlung-in-istanbul\/\" data-type=\"page\" data-id=\"981\" rel=\"nofollow noopener\" target=\"_blank\"><\/a><a href=\"https:\/\/swisslasik.ch\/tr\/hasta-yorumlari-lasik-goez-lazeri\/istanbuldaki-lasik-ameliyatim-nasil-gecti-8-ocak-2016-cuma-tarihli-rapor\/\" data-type=\"link\" data-id=\"https:\/\/swisslasik.ch\/tr\/hasta-yorumlari-lasik-goez-lazeri\/istanbuldaki-lasik-ameliyatim-nasil-gecti-8-ocak-2016-cuma-tarihli-rapor\/\">Sonraki rapor<\/a><\/p>\n<\/div>\n","protected":false},"excerpt":{"rendered":"<p>DENEY\u0130M RAPORU &#8211; \u0130STANBUL&#8217;DA SA\u00c7 EK\u0130M\u0130 &#8211; 8 Ocak 2016 Cuma Tarihli Rapor 26 ya\u015f\u0131nday\u0131m ve \u015fiddetli sa\u00e7 d\u00f6k\u00fclmesi ya\u015fad\u0131\u011f\u0131m i\u00e7in yak\u0131n zamanda T\u00fcrkiye&#8217;de sa\u00e7 ekimi yapt\u0131rmaya karar verdim. Ba\u015fta sa\u00e7 d\u00f6k\u00fclmemin beni istedi\u011fimden daha fazla rahats\u0131z etti\u011fini kendime itiraf etmek istemiyordum, ama sonunda bunun \u00f6yle olmad\u0131\u011f\u0131n\u0131 kabul etmek zorunda kald\u0131m. G\u00fcn\u00fcm\u00fczde bunu art\u0131k saklamamak ve a\u00e7\u0131k\u00e7a konu\u015fmak gerekti\u011fini d\u00fc\u015f\u00fcn\u00fcyorum, ancak bu biraz cesaret ve kesinlikle bir\u00e7ok \u00e7ekinceyi a\u015fmay\u0131 gerektiriyor. \u00d6ncelikle, olas\u0131 tedavi y\u00f6ntemlerini internetten ara\u015ft\u0131rd\u0131m, \u00e7e\u015fitli sa\u011flay\u0131c\u0131lar\u0131 ve fiyatlar\u0131 kar\u015f\u0131la\u015ft\u0131rd\u0131m, akrabalar\u0131mdan bilgi ald\u0131m ve sonunda bir arkada\u015f\u0131m\u0131n tavsiyesi \u00fczerine MedicalTravel&#8217;a gittim. Arkada\u015f\u0131m\u0131n tedavi s\u00fcrecini birka\u00e7 ay boyunca takip edebildim ve sonu\u00e7tan \u00e7ok etkilendim. Daha sonra do\u011frudan MedicalTravel ile ileti\u015fime ge\u00e7tim ve fiyat teklifi istedim. Ard\u0131ndan, s\u00fcreci \u00f6zetleyen gerekli belgelerle birlikte \u00f6n bir fiyat teklifi ald\u0131m. Ayr\u0131ca \u0130svi\u00e7re&#8217;de bir kons\u00fcltasyon ve yerinde muayene i\u00e7in randevu ayarlayabildim. Yerinde kons\u00fcltasyonda bir doktor, bir terc\u00fcman ve MedicalTravel&#8217;\u0131n y\u00f6neticisi haz\u0131r bulunuyor. Akl\u0131n\u0131za tak\u0131lan her \u015feyi sorabilirsiniz ve ayr\u0131nt\u0131l\u0131 bir cevap alacaks\u0131n\u0131z. \u0130\u015fleri sizin i\u00e7in kolayla\u015ft\u0131rmak amac\u0131yla, prosed\u00fcr\u00fc g\u00f6steren resimler g\u00f6sterilecektir. Bu muayeneden sonra bile, daha fazla sorunuz i\u00e7in istedi\u011finiz zaman MedicalTravel ile ileti\u015fime ge\u00e7ebilirsiniz. Sonucu be\u011fenip be\u011fenmeyece\u011fimi \u015fu an s\u00f6yleyemem, \u00e7\u00fcnk\u00fc i\u015flem hen\u00fcz sadece bir ay \u00f6nce yap\u0131ld\u0131. Ancak \u015fu ana kadarki s\u00fcre\u00e7ten \u00e7ok memnun oldu\u011fumu ve sonucun \u00e7ok iyi olaca\u011f\u0131na kesinlikle inand\u0131\u011f\u0131m\u0131 s\u00f6yleyebilirim. MedicalTravel taraf\u0131ndan yap\u0131lan organizasyondan genel olarak memnunum; her \u015fey \u00e7ok iyi planlanm\u0131\u015ft\u0131, hastane \u0130svi\u00e7re\u2019deki standartlar gibi \u00e7ok y\u00fcksek bir seviyedeydi, doktor alan\u0131nda uzmand\u0131, bak\u0131m ve ilgi (\u00e7ok iyi Almanca bilgisiyle) son derece g\u00fcler y\u00fczl\u00fcyd\u00fc ve sonu\u00e7 olarak fiyat da belirleyici bir fakt\u00f6r oldu. Ameliyat\u0131 ger\u00e7ekle\u015ftiren ekip \u00e7ok, \u00e7ok cana yak\u0131nd\u0131. Anestezi olduk\u00e7a ac\u0131 vericiydi, ancak i\u015flem s\u0131ras\u0131nda kesinlikle hi\u00e7bir ac\u0131 hissetmedim. \u0130\u015flem yakla\u015f\u0131k alt\u0131 saat s\u00fcrd\u00fc ve sonras\u0131nda olduk\u00e7a yorgundum ve sadece otele geri d\u00f6nmek istiyordum. Aynaya bakt\u0131\u011f\u0131n\u0131zda endi\u015felenmeyin; \u00e7ok ac\u0131 verici ve pek de g\u00fczel g\u00f6r\u00fcnm\u00fcyor ve bunun fark\u0131nda olman\u0131z gerekiyor. \u0130nsanlar size sanki aydan gelmi\u015fsiniz veya engelli biriymi\u015fsiniz gibi bakacaklar. Bunu sayg\u0131s\u0131zl\u0131k olsun diye s\u00f6ylemiyorum, ama ger\u00e7ek bu. Bir\u00e7ok insan buna a\u015fina de\u011fil ve merakl\u0131 olduklar\u0131 i\u00e7in bak\u0131yorlar. \u0130lk ba\u015fta \u00e7ok, \u00e7ok zor, ama bak\u0131\u015flar\u0131 kabullenmeyi ve g\u00f6rmezden gelmeyi \u00f6\u011freneceksiniz. Genel izlenimim olumlu ve her zaman tekrar yapard\u0131m. Bak\u0131m, doktor, hastane, tedavi ve sonu\u00e7 hepsi m\u00fckemmeldi. Tekrar te\u015fekk\u00fcr ederim. Sayg\u0131lar\u0131mla,Robin Zbinden \u00d6nceki rapor Sonraki rapor<\/p>\n","protected":false},"author":4,"featured_media":0,"parent":3801,"menu_order":0,"comment_status":"closed","ping_status":"closed","template":"","meta":{"_joinchat":[],"footnotes":""},"class_list":["post-3899","page","type-page","status-publish","hentry"],"acf":[],"_links":{"self":[{"href":"https:\/\/swisslasik.ch\/tr\/wp-json\/wp\/v2\/pages\/3899","targetHints":{"allow":["GET"]}}],"collection":[{"href":"https:\/\/swisslasik.ch\/tr\/wp-json\/wp\/v2\/pages"}],"about":[{"href":"https:\/\/swisslasik.ch\/tr\/wp-json\/wp\/v2\/types\/page"}],"author":[{"embeddable":true,"href":"https:\/\/swisslasik.ch\/tr\/wp-json\/wp\/v2\/users\/4"}],"replies":[{"embeddable":true,"href":"https:\/\/swisslasik.ch\/tr\/wp-json\/wp\/v2\/comments?post=3899"}],"version-history":[{"count":2,"href":"https:\/\/swisslasik.ch\/tr\/wp-json\/wp\/v2\/pages\/3899\/revisions"}],"predecessor-version":[{"id":4690,"href":"https:\/\/swisslasik.ch\/tr\/wp-json\/wp\/v2\/pages\/3899\/revisions\/4690"}],"up":[{"embeddable":true,"href":"https:\/\/swisslasik.ch\/tr\/wp-json\/wp\/v2\/pages\/3801"}],"wp:attachment":[{"href":"https:\/\/swisslasik.ch\/tr\/wp-json\/wp\/v2\/media?parent=3899"}],"curies":[{"name":"wp","href":"https:\/\/api.w.org\/{rel}","templated":true}]}}