{"id":3907,"date":"2025-09-24T11:42:33","date_gmt":"2025-09-24T10:42:33","guid":{"rendered":"https:\/\/swisslasik.ch\/hasta-yorumlari-lasik-goez-lazeri\/istanbula-tek-basima-bir-kadin-olarak-seyahat-ettim-ve-4-guen-boyunca-kendimi-tamamen-rahat-hissettim-22-nisan-2016-cuma-tarihli-rapor\/"},"modified":"2026-01-14T02:28:01","modified_gmt":"2026-01-14T01:28:01","slug":"istanbula-tek-basima-bir-kadin-olarak-seyahat-ettim-ve-4-guen-boyunca-kendimi-tamamen-rahat-hissettim-22-nisan-2016-cuma-tarihli-rapor","status":"publish","type":"page","link":"https:\/\/swisslasik.ch\/tr\/hasta-yorumlari-lasik-goez-lazeri\/istanbula-tek-basima-bir-kadin-olarak-seyahat-ettim-ve-4-guen-boyunca-kendimi-tamamen-rahat-hissettim-22-nisan-2016-cuma-tarihli-rapor\/","title":{"rendered":"\u0130stanbul&#8217;a tek ba\u015f\u0131ma bir kad\u0131n olarak seyahat ettim ve 4 g\u00fcn boyunca kendimi tamamen rahat hissettim! \u2013 22 Nisan 2016 Cuma tarihli rapor"},"content":{"rendered":"\n<h3 class=\"wp-block-heading\">\u0130stanbul&#8217;a tek ba\u015f\u0131ma bir kad\u0131n olarak seyahat ettim ve 4 g\u00fcn boyunca kendimi tamamen rahat hissettim! \u2013 22 Nisan 2016 Cuma tarihli rapor<\/h3>\n\n<p>Arkada\u015f \u00e7evremde yurt d\u0131\u015f\u0131nda yap\u0131lan di\u015f tedavileriyle ilgili konu\u015fmalar sayesinde Swisslasik ile e-posta \u00fczerinden ilk g\u00f6r\u00fc\u015fmeleri ba\u015flatmaya karar verdim. \u00d6ncelikle web sitesi beni \u00e7ok etkiledi; son derece profesyonel, samimi ve m\u00fc\u015fteriye g\u00fcven veren bir yap\u0131s\u0131 vard\u0131. Bir sonraki ad\u0131mda \u2013 benim de yurt d\u0131\u015f\u0131nda tedavi konusunda hi\u00e7bir tecr\u00fcbem olmad\u0131\u011f\u0131 i\u00e7in \u2013 Swisslasik ile g\u00fcvenli ve sa\u011flam bir ileti\u015fim kurmak benim i\u00e7in \u00e7ok \u00f6nemliydi. Ger\u00e7ekten de g\u00fcvenilir bir partnerle \u00e7al\u0131\u015ft\u0131\u011f\u0131m\u0131 hissetmek istiyordum. \u0130leti\u015fim kusursuzdu. Sadece 1 saat i\u00e7inde ihtiya\u00e7lar\u0131m\u0131 daha net anlamak i\u00e7in bir telefon ald\u0131m, son derece verimliydi. Randevu onay\u0131 gibi di\u011fer ad\u0131mlar ayn\u0131 sabah i\u00e7inde tamamland\u0131 ve \u00f6\u011fleden sonra bana t\u00fcm seyahat belgeleri, \u0130stanbul\u2019daki ileti\u015fim bilgileri ve kararla\u015ft\u0131r\u0131ld\u0131\u011f\u0131 \u015fekilde kesin randevu onay\u0131 ula\u015ft\u0131r\u0131ld\u0131. Bu \u00fcst d\u00fczey hizmet kesinlikle parlat\u0131lm\u0131\u015f 5 y\u0131ld\u0131z\u0131 hak ediyor.      <\/p>\n\n<p>\u0130stanbul\u2019da adeta ger\u00e7ek bir prenses gibi a\u011f\u0131rland\u0131m. Elbette \u2013 muhtemelen t\u00fcm yeni hastalar gibi \u2013 i\u00e7imde yine de her \u015feyin yolunda gidip gitmeyece\u011fine dair k\u00fc\u00e7\u00fck bir tedirginlik vard\u0131 ve bu t\u00fcr endi\u015feleri \u00e7ok iyi anl\u0131yorum. Ancak \u015fundan emin olabilirsiniz: Bu endi\u015feleri tamamen bir kenara b\u0131rakabilirsiniz. Havaliman\u0131ndan kiralad\u0131\u011f\u0131m daireye kadar beni alan bir \u015fof\u00f6r vard\u0131 ve planland\u0131\u011f\u0131 gibi beni di\u015f hekimi randevuma da yine o \u015fof\u00f6r g\u00f6t\u00fcrd\u00fc. 11 milyonluk bir \u015fehirde trafik nedeniyle 5\u201310 dakikal\u0131k k\u00fc\u00e7\u00fck gecikmeler olabiliyor. Randevu sonras\u0131 tekrar konaklad\u0131\u011f\u0131m yere b\u0131rak\u0131ld\u0131m, kontrol randevusunda da tekrar al\u0131n\u0131p havaliman\u0131na g\u00f6t\u00fcr\u00fcld\u00fcm. Daha konforlu ve \u00f6zenli bir hizmet d\u00fc\u015f\u00fcnmek ger\u00e7ekten m\u00fcmk\u00fcn de\u011fil.     <\/p>\n\n<p>Acibadem Klini\u011fi T\u00fcrkiye\u2019nin en tan\u0131nm\u0131\u015f kliniklerinden biri ve son derece iyi bir itibara sahip. Bana, kendi akademilerinde e\u011fitime b\u00fcy\u00fck yat\u0131r\u0131mlar yap\u0131ld\u0131\u011f\u0131 ve Acibadem Klini\u011fi\u2019nde yaln\u0131zca en iyi doktorlar\u0131n \u00e7al\u0131\u015fabildi\u011fi, g\u00f6rg\u00fcl\u00fc ve bilgili bir\u00e7ok yerli taraf\u0131ndan anlat\u0131ld\u0131. Ger\u00e7ekten de durum aynen b\u00f6yle. Dr. \u00d6zt\u00fcrk \u00e7ok iyi seviyede \u0130ngilizce konu\u015fuyor ve e\u011fer sadece Almanca biliyorsan\u0131z, klinikteki t\u00fcm s\u00fcre\u00e7 boyunca size \u00f6nceden ayarlanan son derece nazik ve kibar bir terc\u00fcman e\u015flik ediyor. Ayr\u0131ca, t\u00fcm ihtiya\u00e7larla son derece zarif bir \u015fekilde ilgilenen bir dan\u0131\u015fman da mevcut; \u015fof\u00f6r ayarl\u0131yor, klinik i\u00e7inde y\u00f6nlendiriyor ve r\u00f6ntgen b\u00f6l\u00fcm\u00fcn\u00fc bilgilendiriyor.<br\/>Dr. \u00d6zt\u00fcrk, klinikte \u00e7ekilen r\u00f6ntgen g\u00f6r\u00fcnt\u00fclerine dayanarak her bir di\u015fim i\u00e7in detayl\u0131 bir analiz yapt\u0131. 43 y\u0131ll\u0131k hayat\u0131mda hi\u00e7 bu kadar yetkin, bu kadar zaman ay\u0131ran, net a\u00e7\u0131klamalar yapan ve uzun vadeli bak\u0131\u015f a\u00e7\u0131lar\u0131 sunan bir dan\u0131\u015fmanl\u0131k almam\u0131\u015ft\u0131m. Bu sayede tamamen bana \u00f6zel bir tedavi plan\u0131 olu\u015fturma imk\u00e2n\u0131m oldu. Olduk\u00e7a fazla yap\u0131lmas\u0131 gereken i\u015flem oldu\u011fu i\u00e7in tedaviyi a\u015famalar halinde ilerletmeye karar verdim. \u0130lk a\u015famada iki dolgu yap\u0131ld\u0131 ve di\u015flerimi ciddi \u015fekilde s\u0131kt\u0131\u011f\u0131m i\u00e7in bir gece pla\u011f\u0131 haz\u0131rland\u0131. Ayr\u0131ca bir di\u015fin tamamen yenilenmesi gerekiyordu.<br\/>3D yaz\u0131c\u0131n\u0131n bana \u00f6zel uyarlanm\u0131\u015f porselen di\u015fi nas\u0131l \u00fcretti\u011fini bizzat izleyip deneyimleyebilmem de m\u00fcmk\u00fcn oldu. Klinikte en son teknoloji cihazlar kullan\u0131l\u0131yor ve ortam bir di\u015f klini\u011finden \u00e7ok bir oteli and\u0131r\u0131yor. Ayd\u0131nl\u0131k, ferah, modern, se\u00e7kin; giri\u015fte Starbucks var ve hatta Bach ve Mozart eserleri \u00e7alan bir piyanist bile bulunuyor. Sonu\u00e7 olarak, panoramik r\u00f6ntgen, analiz, dolgular, porselen di\u015f ve gece pla\u011f\u0131 tek bir randevuda, toplam 4 saat i\u00e7inde tamamland\u0131. Ertesi g\u00fcn bir kontrol randevusu planland\u0131 ve bu randevu, sonras\u0131nda do\u011frudan havaliman\u0131na gidebilece\u011fim \u015fekilde ayarland\u0131. Olduk\u00e7a ak\u0131ll\u0131ca, de\u011fil mi?                <\/p>\n\n<p>Fiyat a\u00e7\u0131s\u0131ndan bak\u0131ld\u0131\u011f\u0131nda ger\u00e7ekten y\u00fczde 70\u2019e varan bir tasarruf s\u00f6z konusu. Dr. \u00d6zt\u00fcrk ile yapt\u0131\u011f\u0131m g\u00f6r\u00fc\u015fmede t\u00fcm maliyetler bana ayr\u0131nt\u0131l\u0131 bir fiyat teklifiyle a\u00e7\u0131k\u00e7a sunuldu ve t\u00fcm i\u015flemler ile randevu a\u015famalar\u0131 hakk\u0131nda karar verme \u00f6zg\u00fcrl\u00fc\u011f\u00fc tamamen bana b\u0131rak\u0131ld\u0131. \u015eeffaf. Net. Anla\u015f\u0131l\u0131r. Burada m\u00fc\u015fteri h\u00e2l\u00e2 kral. Bekleme s\u00fcreleri yok, \u0130svi\u00e7re\u2019de oldu\u011fu gibi hastay\u0131 koltukta \u00f6ylece bekletmiyorlar. Doktor, hasta ile yetkin bir i\u015f birli\u011fi i\u00e7inde dan\u0131\u015fmanl\u0131k yap\u0131yor ve \u00e7al\u0131\u015f\u0131yor.<br\/>\u015eu an birka\u00e7 g\u00fcnd\u00fcr tekrar \u0130svi\u00e7re\u2019deyim. Gece pla\u011f\u0131m m\u00fckemmel oturuyor, di\u015flerim yeni cilalanm\u0131\u015f gibi parl\u0131yor ve dolgular\u0131n ile yeni porselen di\u015fin sonucu ger\u00e7ekten kusursuz. \u0130svi\u00e7re ve Avusturya\u2019dan en kaliteli malzemeler kullan\u0131l\u0131yor; \u00fcretici isimleri maalesef akl\u0131mda kalmad\u0131. Ancak ambalajlar hastaya g\u00f6steriliyor ve bro\u015f\u00fcrler \u00fczerinden kullan\u0131lan t\u00fcm malzemelerin ve \u00fcreticilerin hangi kalite sertifikalar\u0131na sahip oldu\u011fu bizzat incelenebiliyor.           <\/p>\n\n<p>Gelecek ay, kararla\u015ft\u0131rd\u0131\u011f\u0131m\u0131z gibi, Acibadem Klini\u011fi\u2019ndeki bir sonraki tedavi a\u015famas\u0131 i\u00e7in tekrar \u0130stanbul\u2019a u\u00e7aca\u011f\u0131m. Benim i\u00e7in art\u0131k \u00e7ok net: \u0130svi\u00e7re\u2019de bir di\u015f hekimine bir daha gitmeyece\u011fim. \u0130\u015f randevular\u0131m\u0131 ka\u00e7\u0131rmak ya da \u00e7ocuklar\u0131 di\u015f\u00e7i beni s\u00fcrekli bekletti\u011fi i\u00e7in kom\u015fudan tekrar almak zorunda kalmak beni her zaman \u00e7ok sinirlendiriyordu (her randevudan \u00f6nce k\u0131sa bir telefonla aramama ve ciddi gecikmelerde randevular\u0131 ertelemeye \u00e7al\u0131\u015fmama ra\u011fmen 30\u201360 dakika beklemek zorunda kal\u0131yordum). Bug\u00fcne kadar hi\u00e7bir di\u015f hekimi \u00f6n\u00fcm\u00fczdeki 10 y\u0131l\u0131 kapsayan kapsaml\u0131 bir analiz yapmad\u0131. Art\u0131k olas\u0131 riskleri biliyorum ve uzun vadede buna g\u00f6re plan yapabiliyorum; y\u00fcksek maliyetlerin bir g\u00fcnden di\u011ferine beni haz\u0131rl\u0131ks\u0131z yakalamas\u0131 s\u00f6z konusu olmuyor.    <\/p>\n\n<p>Bundan daha iyisi, daha keyiflisi, daha yeteneklisi veya daha \u00e7ekicisi olamaz!<\/p>\n\n<p>Ayr\u0131ca, \u0130stanbul&#8217;un b\u00fcy\u00fcleyici g\u00fczelli\u011fini t\u00fcm y\u00f6nleriyle deneyimlemek i\u00e7in bolca zaman\u0131m oldu! Tek ba\u015f\u0131ma bir kad\u0131n olarak seyahat ettim ve o d\u00f6rt g\u00fcn boyunca kendimi tamamen rahat hissettim. <\/p>\n\n<p>Esthi Bichler, Z\u00fcrih<\/p>\n\n<div class=\"wp-block-group is-layout-grid wp-container-core-group-is-layout-baef362d wp-block-group-is-layout-grid\">\n<p><a href=\"https:\/\/medicaltravel.at\/home\/agb\/\" data-type=\"page\" data-id=\"2191\" rel=\"nofollow noopener\" target=\"_blank\"><\/a><a href=\"https:\/\/swisslasik.ch\/tr\/hasta-yorumlari-lasik-goez-lazeri\/orada-harika-bir-is-cikariyorlar-25-nisan-2016-pazartesi-tarihli-rapor\/\" data-type=\"link\" data-id=\"https:\/\/swisslasik.ch\/patientenberichte-lasik\/die-machen-es-alles-bestens-dort-bericht-vom-montag-25-april-2016\/\">\u00d6nceki rapor<\/a><\/p>\n\n\n\n<p class=\"has-text-align-right wp-container-content-5e2576f9\"><a href=\"https:\/\/medicaltravel.at\/home\/impressum\/\" data-type=\"page\" data-id=\"2193\" rel=\"nofollow noopener\" target=\"_blank\"><\/a><a href=\"https:\/\/medicaltravel.at\/home\/berichte-von-patienten\/erfahrungsberichte\/erfahrungsbericht-zahnbehandlung-in-istanbul\/\" data-type=\"page\" data-id=\"981\" rel=\"nofollow noopener\" target=\"_blank\"><\/a><a href=\"https:\/\/swisslasik.ch\/tr\/hasta-yorumlari-lasik-goez-lazeri\/lazer-goez-ameliyati-deneyim-raporu-21-nisan-2016-persembe-tarihli-rapor\/\" data-type=\"link\" data-id=\"https:\/\/swisslasik.ch\/patientenberichte-lasik\/erfahrungsbericht-augenlasern-bericht-vom-donnerstag-21-april-2016\/\">Sonraki rapor<\/a><\/p>\n<\/div>\n","protected":false},"excerpt":{"rendered":"<p>\u0130stanbul&#8217;a tek ba\u015f\u0131ma bir kad\u0131n olarak seyahat ettim ve 4 g\u00fcn boyunca kendimi tamamen rahat hissettim! \u2013 22 Nisan 2016 Cuma tarihli rapor Arkada\u015f \u00e7evremde yurt d\u0131\u015f\u0131nda yap\u0131lan di\u015f tedavileriyle ilgili konu\u015fmalar sayesinde Swisslasik ile e-posta \u00fczerinden ilk g\u00f6r\u00fc\u015fmeleri ba\u015flatmaya karar verdim. \u00d6ncelikle web sitesi beni \u00e7ok etkiledi; son derece profesyonel, samimi ve m\u00fc\u015fteriye g\u00fcven veren bir yap\u0131s\u0131 vard\u0131. Bir sonraki ad\u0131mda \u2013 benim de yurt d\u0131\u015f\u0131nda tedavi konusunda hi\u00e7bir tecr\u00fcbem olmad\u0131\u011f\u0131 i\u00e7in \u2013 Swisslasik ile g\u00fcvenli ve sa\u011flam bir ileti\u015fim kurmak benim i\u00e7in \u00e7ok \u00f6nemliydi. Ger\u00e7ekten de g\u00fcvenilir bir partnerle \u00e7al\u0131\u015ft\u0131\u011f\u0131m\u0131 hissetmek istiyordum. \u0130leti\u015fim kusursuzdu. Sadece 1 saat i\u00e7inde ihtiya\u00e7lar\u0131m\u0131 daha net anlamak i\u00e7in bir telefon ald\u0131m, son derece verimliydi. Randevu onay\u0131 gibi di\u011fer ad\u0131mlar ayn\u0131 sabah i\u00e7inde tamamland\u0131 ve \u00f6\u011fleden sonra bana t\u00fcm seyahat belgeleri, \u0130stanbul\u2019daki ileti\u015fim bilgileri ve kararla\u015ft\u0131r\u0131ld\u0131\u011f\u0131 \u015fekilde kesin randevu onay\u0131 ula\u015ft\u0131r\u0131ld\u0131. Bu \u00fcst d\u00fczey hizmet kesinlikle parlat\u0131lm\u0131\u015f 5 y\u0131ld\u0131z\u0131 hak ediyor. \u0130stanbul\u2019da adeta ger\u00e7ek bir prenses gibi a\u011f\u0131rland\u0131m. Elbette \u2013 muhtemelen t\u00fcm yeni hastalar gibi \u2013 i\u00e7imde yine de her \u015feyin yolunda gidip gitmeyece\u011fine dair k\u00fc\u00e7\u00fck bir tedirginlik vard\u0131 ve bu t\u00fcr endi\u015feleri \u00e7ok iyi anl\u0131yorum. Ancak \u015fundan emin olabilirsiniz: Bu endi\u015feleri tamamen bir kenara b\u0131rakabilirsiniz. Havaliman\u0131ndan kiralad\u0131\u011f\u0131m daireye kadar beni alan bir \u015fof\u00f6r vard\u0131 ve planland\u0131\u011f\u0131 gibi beni di\u015f hekimi randevuma da yine o \u015fof\u00f6r g\u00f6t\u00fcrd\u00fc. 11 milyonluk bir \u015fehirde trafik nedeniyle 5\u201310 dakikal\u0131k k\u00fc\u00e7\u00fck gecikmeler olabiliyor. Randevu sonras\u0131 tekrar konaklad\u0131\u011f\u0131m yere b\u0131rak\u0131ld\u0131m, kontrol randevusunda da tekrar al\u0131n\u0131p havaliman\u0131na g\u00f6t\u00fcr\u00fcld\u00fcm. Daha konforlu ve \u00f6zenli bir hizmet d\u00fc\u015f\u00fcnmek ger\u00e7ekten m\u00fcmk\u00fcn de\u011fil. Acibadem Klini\u011fi T\u00fcrkiye\u2019nin en tan\u0131nm\u0131\u015f kliniklerinden biri ve son derece iyi bir itibara sahip. Bana, kendi akademilerinde e\u011fitime b\u00fcy\u00fck yat\u0131r\u0131mlar yap\u0131ld\u0131\u011f\u0131 ve Acibadem Klini\u011fi\u2019nde yaln\u0131zca en iyi doktorlar\u0131n \u00e7al\u0131\u015fabildi\u011fi, g\u00f6rg\u00fcl\u00fc ve bilgili bir\u00e7ok yerli taraf\u0131ndan anlat\u0131ld\u0131. Ger\u00e7ekten de durum aynen b\u00f6yle. Dr. \u00d6zt\u00fcrk \u00e7ok iyi seviyede \u0130ngilizce konu\u015fuyor ve e\u011fer sadece Almanca biliyorsan\u0131z, klinikteki t\u00fcm s\u00fcre\u00e7 boyunca size \u00f6nceden ayarlanan son derece nazik ve kibar bir terc\u00fcman e\u015flik ediyor. Ayr\u0131ca, t\u00fcm ihtiya\u00e7larla son derece zarif bir \u015fekilde ilgilenen bir dan\u0131\u015fman da mevcut; \u015fof\u00f6r ayarl\u0131yor, klinik i\u00e7inde y\u00f6nlendiriyor ve r\u00f6ntgen b\u00f6l\u00fcm\u00fcn\u00fc bilgilendiriyor.Dr. \u00d6zt\u00fcrk, klinikte \u00e7ekilen r\u00f6ntgen g\u00f6r\u00fcnt\u00fclerine dayanarak her bir di\u015fim i\u00e7in detayl\u0131 bir analiz yapt\u0131. 43 y\u0131ll\u0131k hayat\u0131mda hi\u00e7 bu kadar yetkin, bu kadar zaman ay\u0131ran, net a\u00e7\u0131klamalar yapan ve uzun vadeli bak\u0131\u015f a\u00e7\u0131lar\u0131 sunan bir dan\u0131\u015fmanl\u0131k almam\u0131\u015ft\u0131m. Bu sayede tamamen bana \u00f6zel bir tedavi plan\u0131 olu\u015fturma imk\u00e2n\u0131m oldu. Olduk\u00e7a fazla yap\u0131lmas\u0131 gereken i\u015flem oldu\u011fu i\u00e7in tedaviyi a\u015famalar halinde ilerletmeye karar verdim. \u0130lk a\u015famada iki dolgu yap\u0131ld\u0131 ve di\u015flerimi ciddi \u015fekilde s\u0131kt\u0131\u011f\u0131m i\u00e7in bir gece pla\u011f\u0131 haz\u0131rland\u0131. Ayr\u0131ca bir di\u015fin tamamen yenilenmesi gerekiyordu.3D yaz\u0131c\u0131n\u0131n bana \u00f6zel uyarlanm\u0131\u015f porselen di\u015fi nas\u0131l \u00fcretti\u011fini bizzat izleyip deneyimleyebilmem de m\u00fcmk\u00fcn oldu. Klinikte en son teknoloji cihazlar kullan\u0131l\u0131yor ve ortam bir di\u015f klini\u011finden \u00e7ok bir oteli and\u0131r\u0131yor. Ayd\u0131nl\u0131k, ferah, modern, se\u00e7kin; giri\u015fte Starbucks var ve hatta Bach ve Mozart eserleri \u00e7alan bir piyanist bile bulunuyor. Sonu\u00e7 olarak, panoramik r\u00f6ntgen, analiz, dolgular, porselen di\u015f ve gece pla\u011f\u0131 tek bir randevuda, toplam 4 saat i\u00e7inde tamamland\u0131. Ertesi g\u00fcn bir kontrol randevusu planland\u0131 ve bu randevu, sonras\u0131nda do\u011frudan havaliman\u0131na gidebilece\u011fim \u015fekilde ayarland\u0131. Olduk\u00e7a ak\u0131ll\u0131ca, de\u011fil mi? Fiyat a\u00e7\u0131s\u0131ndan bak\u0131ld\u0131\u011f\u0131nda ger\u00e7ekten y\u00fczde 70\u2019e varan bir tasarruf s\u00f6z konusu. Dr. \u00d6zt\u00fcrk ile yapt\u0131\u011f\u0131m g\u00f6r\u00fc\u015fmede t\u00fcm maliyetler bana ayr\u0131nt\u0131l\u0131 bir fiyat teklifiyle a\u00e7\u0131k\u00e7a sunuldu ve t\u00fcm i\u015flemler ile randevu a\u015famalar\u0131 hakk\u0131nda karar verme \u00f6zg\u00fcrl\u00fc\u011f\u00fc tamamen bana b\u0131rak\u0131ld\u0131. \u015eeffaf. Net. Anla\u015f\u0131l\u0131r. Burada m\u00fc\u015fteri h\u00e2l\u00e2 kral. Bekleme s\u00fcreleri yok, \u0130svi\u00e7re\u2019de oldu\u011fu gibi hastay\u0131 koltukta \u00f6ylece bekletmiyorlar. Doktor, hasta ile yetkin bir i\u015f birli\u011fi i\u00e7inde dan\u0131\u015fmanl\u0131k yap\u0131yor ve \u00e7al\u0131\u015f\u0131yor.\u015eu an birka\u00e7 g\u00fcnd\u00fcr tekrar \u0130svi\u00e7re\u2019deyim. Gece pla\u011f\u0131m m\u00fckemmel oturuyor, di\u015flerim yeni cilalanm\u0131\u015f gibi parl\u0131yor ve dolgular\u0131n ile yeni porselen di\u015fin sonucu ger\u00e7ekten kusursuz. \u0130svi\u00e7re ve Avusturya\u2019dan en kaliteli malzemeler kullan\u0131l\u0131yor; \u00fcretici isimleri maalesef akl\u0131mda kalmad\u0131. Ancak ambalajlar hastaya g\u00f6steriliyor ve bro\u015f\u00fcrler \u00fczerinden kullan\u0131lan t\u00fcm malzemelerin ve \u00fcreticilerin hangi kalite sertifikalar\u0131na sahip oldu\u011fu bizzat incelenebiliyor. Gelecek ay, kararla\u015ft\u0131rd\u0131\u011f\u0131m\u0131z gibi, Acibadem Klini\u011fi\u2019ndeki bir sonraki tedavi a\u015famas\u0131 i\u00e7in tekrar \u0130stanbul\u2019a u\u00e7aca\u011f\u0131m. Benim i\u00e7in art\u0131k \u00e7ok net: \u0130svi\u00e7re\u2019de bir di\u015f hekimine bir daha gitmeyece\u011fim. \u0130\u015f randevular\u0131m\u0131 ka\u00e7\u0131rmak ya da \u00e7ocuklar\u0131 di\u015f\u00e7i beni s\u00fcrekli bekletti\u011fi i\u00e7in kom\u015fudan tekrar almak zorunda kalmak beni her zaman \u00e7ok sinirlendiriyordu (her randevudan \u00f6nce k\u0131sa bir telefonla aramama ve ciddi gecikmelerde randevular\u0131 ertelemeye \u00e7al\u0131\u015fmama ra\u011fmen 30\u201360 dakika beklemek zorunda kal\u0131yordum). Bug\u00fcne kadar hi\u00e7bir di\u015f hekimi \u00f6n\u00fcm\u00fczdeki 10 y\u0131l\u0131 kapsayan kapsaml\u0131 bir analiz yapmad\u0131. Art\u0131k olas\u0131 riskleri biliyorum ve uzun vadede buna g\u00f6re plan yapabiliyorum; y\u00fcksek maliyetlerin bir g\u00fcnden di\u011ferine beni haz\u0131rl\u0131ks\u0131z yakalamas\u0131 s\u00f6z konusu olmuyor. Bundan daha iyisi, daha keyiflisi, daha yeteneklisi veya daha \u00e7ekicisi olamaz! Ayr\u0131ca, \u0130stanbul&#8217;un b\u00fcy\u00fcleyici g\u00fczelli\u011fini t\u00fcm y\u00f6nleriyle deneyimlemek i\u00e7in bolca zaman\u0131m oldu! Tek ba\u015f\u0131ma bir kad\u0131n olarak seyahat ettim ve o d\u00f6rt g\u00fcn boyunca kendimi tamamen rahat hissettim. Esthi Bichler, Z\u00fcrih \u00d6nceki rapor Sonraki rapor<\/p>\n","protected":false},"author":4,"featured_media":0,"parent":3801,"menu_order":0,"comment_status":"closed","ping_status":"closed","template":"","meta":{"_joinchat":[],"footnotes":""},"class_list":["post-3907","page","type-page","status-publish","hentry"],"acf":[],"_links":{"self":[{"href":"https:\/\/swisslasik.ch\/tr\/wp-json\/wp\/v2\/pages\/3907","targetHints":{"allow":["GET"]}}],"collection":[{"href":"https:\/\/swisslasik.ch\/tr\/wp-json\/wp\/v2\/pages"}],"about":[{"href":"https:\/\/swisslasik.ch\/tr\/wp-json\/wp\/v2\/types\/page"}],"author":[{"embeddable":true,"href":"https:\/\/swisslasik.ch\/tr\/wp-json\/wp\/v2\/users\/4"}],"replies":[{"embeddable":true,"href":"https:\/\/swisslasik.ch\/tr\/wp-json\/wp\/v2\/comments?post=3907"}],"version-history":[{"count":1,"href":"https:\/\/swisslasik.ch\/tr\/wp-json\/wp\/v2\/pages\/3907\/revisions"}],"predecessor-version":[{"id":3908,"href":"https:\/\/swisslasik.ch\/tr\/wp-json\/wp\/v2\/pages\/3907\/revisions\/3908"}],"up":[{"embeddable":true,"href":"https:\/\/swisslasik.ch\/tr\/wp-json\/wp\/v2\/pages\/3801"}],"wp:attachment":[{"href":"https:\/\/swisslasik.ch\/tr\/wp-json\/wp\/v2\/media?parent=3907"}],"curies":[{"name":"wp","href":"https:\/\/api.w.org\/{rel}","templated":true}]}}