{"id":3909,"date":"2025-09-24T11:39:20","date_gmt":"2025-09-24T10:39:20","guid":{"rendered":"https:\/\/swisslasik.ch\/hasta-yorumlari-lasik-goez-lazeri\/istanbul-sokaklarinda-her-sey-normaldi-3-agustos-2016-carsamba-tarihli-rapor\/"},"modified":"2026-01-14T02:24:37","modified_gmt":"2026-01-14T01:24:37","slug":"istanbul-sokaklarinda-her-sey-normaldi-3-agustos-2016-carsamba-tarihli-rapor","status":"publish","type":"page","link":"https:\/\/swisslasik.ch\/tr\/hasta-yorumlari-lasik-goez-lazeri\/istanbul-sokaklarinda-her-sey-normaldi-3-agustos-2016-carsamba-tarihli-rapor\/","title":{"rendered":"\u0130STANBUL SOKAKLARINDA HER \u015eEY NORMALD\u0130! \u2013 3 A\u011fustos 2016 \u00c7ar\u015famba tarihli rapor"},"content":{"rendered":"\n<h3 class=\"wp-block-heading\">\u0130STANBUL SOKAKLARINDA HER \u015eEY NORMALD\u0130! \u2013 3 A\u011fustos 2016 \u00c7ar\u015famba tarihli rapor<\/h3>\n\n<p>Ara\u015ft\u0131rmalar\u0131m s\u0131ras\u0131nda, \u00f6zellikle maliyet nedeniyle (\u0130stanbul\u2019da \u0130svi\u00e7re\u2019ye k\u0131yasla \u00fc\u00e7te birinden bile daha ucuza yap\u0131labildi\u011fi i\u00e7in) Femto Lasik tedavisini yurt d\u0131\u015f\u0131nda yapt\u0131raca\u011f\u0131m \u00e7ok k\u0131sa s\u00fcrede netle\u015fti. K\u0131sa bir internet ara\u015ft\u0131rmas\u0131 bir\u00e7ok farkl\u0131 sa\u011flay\u0131c\u0131y\u0131 ortaya \u00e7\u0131kard\u0131. SwissLasik\u2019in teklifini kabul etmemdeki en \u00f6nemli neden, \u00e7ok say\u0131da ve farkl\u0131 hasta deneyim raporunun bulunmas\u0131 ve ileti\u015fimin a\u00e7\u0131k ve net olmas\u0131yd\u0131. Bir di\u011fer \u00f6nemli art\u0131 ise, bana yak\u0131n bir lokasyonda ofislerinin bulunmas\u0131yd\u0131; bu sayede arkas\u0131ndaki insanlar\u0131 bizzat tan\u0131y\u0131p, kendim yerinde g\u00f6rme imk\u00e2n\u0131 buldum.  <\/p>\n\n<p>\u00c7evremde, g\u00f6z lazer ameliyat\u0131 i\u00e7in \u0130stanbul\u2019a gidece\u011fimi s\u00f6yledi\u011fimde belirli bir tedirginlikle kar\u015f\u0131land\u0131. Bir yandan t\u0131bbi standartlar\u0131n yeterince y\u00fcksek olmayaca\u011f\u0131 endi\u015fesi vard\u0131, di\u011fer yandan ise o d\u00f6nemdeki siyasi durumdan dolay\u0131 kayg\u0131lar dile getiriliyordu. Siyasi durumun nas\u0131l geli\u015fece\u011fini elbette de\u011ferlendiremem; ancak Temmuz 2016\u2019n\u0131n sonu itibar\u0131yla her \u015fey sakindi, sokaklarda asker yoktu ve u\u00e7u\u015flar normal \u015fekilde yap\u0131l\u0131yordu. T\u0131bbi standartlar konusunda ise \u015funu rahatl\u0131kla s\u00f6yleyebilirim: Hastane sadece alt\u0131 y\u0131l \u00f6nce a\u00e7\u0131lm\u0131\u015f ve di\u011fer \u00f6zel hastanelerle k\u0131yasland\u0131\u011f\u0131nda kesinlikle geri kal\u0131r bir yan\u0131 yok. Buna birazdan daha detayl\u0131 de\u011finece\u011fim.    <\/p>\n\n<p>Hastaneye yakla\u015f\u0131k 15 dakika mesafede bulunan Levent Hotel ***\u2019de konaklad\u0131m. Orta fiyat segmentinde bir otel arayanlar i\u00e7in g\u00f6n\u00fcl rahatl\u0131\u011f\u0131yla tavsiye edebilirim. Resepsiyon 24 saat a\u00e7\u0131kt\u0131 ve her zaman \u0130ngilizce konu\u015fabilen bir g\u00f6revli bulunuyordu; ayr\u0131ca \u015fehir hakk\u0131nda faydal\u0131 tavsiyeler de veriyorlard\u0131. Kahvalt\u0131 b\u00fcfesi her zaman bol ve \u00e7e\u015fitliydi, vejetaryenler ve veganlar i\u00e7in de yeterli say\u0131da se\u00e7enek mevcuttu.<br\/>   <\/p>\n\n<p>\u0130stanbul Havaliman\u0131\u2019ndan \u00e7\u0131kt\u0131ktan hemen sonra Ac\u0131badem Hastanesi\u2019nden bir g\u00f6revliyle Health Point\u2019te ilk temas\u0131m\u0131 kurdum. U\u00e7a\u011f\u0131m \u00fc\u00e7 saat gecikmi\u015fti, bu y\u00fczden planlanan kar\u015f\u0131lama saatini ka\u00e7\u0131rm\u0131\u015f oldum. Buna ra\u011fmen Health Point\u2019teki gen\u00e7 g\u00f6revli, birka\u00e7 dakikal\u0131k beklemenin ard\u0131ndan hemen benim i\u00e7in yeni bir transfer ayarlad\u0131. Otele yolculuk sorunsuz ge\u00e7ti ve sonraki t\u00fcm transferler de ayn\u0131 \u015fekilde problemsizdi. Beni biraz \u015fa\u015f\u0131rtan \u015fey ise \u015fof\u00f6rlerin neredeyse her zaman fazlas\u0131yla dakik olmas\u0131yd\u0131; \u00e7o\u011fu zaman randevu saatinden 5 dakika \u00f6nce haz\u0131r oluyorlard\u0131 (oysa trafik \u00e7o\u011fu zaman ger\u00e7ekten \u00e7ok yo\u011fun). Ara\u00e7lar\u0131n hepsi de gayet temiz ve d\u00fczenliydi.     <\/p>\n\n<p>Var\u0131\u015ftan sonraki g\u00fcn, 26.07 Sal\u0131 g\u00fcn\u00fc s\u00fcre\u00e7 hemen ba\u015flad\u0131. Kahvalt\u0131dan sonra beni otelden al\u0131p Ac\u0131badem Hastanesi\u2019ne g\u00f6t\u00fcrd\u00fcler. Orada beni do\u011frudan \u00e7ok iyi Almanca konu\u015fan terc\u00fcman\u0131m kar\u015f\u0131lad\u0131. Ard\u0131ndan g\u00f6z hastal\u0131klar\u0131 merkezine indirildim. Aralarda yakla\u015f\u0131k 30 dakikal\u0131k bekleme s\u00fcreleri olan birka\u00e7 muayene yap\u0131ld\u0131. Yakla\u015f\u0131k iki saat sonra tedaviyi yapacak doktorla g\u00f6r\u00fc\u015fme ger\u00e7ekle\u015fti ve bana uygun oldu\u011fum m\u00fcjdesi verildi (SwissLasik taraf\u0131ndan \u0130svi\u00e7re\u2019de \u00f6n muayene yap\u0131lm\u0131\u015ft\u0131, ancak kesin karar\u0131 yaln\u0131zca operasyonu ger\u00e7ekle\u015ftiren doktor verebiliyor). Bu noktada k\u00fc\u00e7\u00fck bir tavsiye: Bekleme s\u00fcrelerini daha rahat ge\u00e7irmek i\u00e7in yan\u0131n\u0131za bir kitap ve bir MP3 \u00e7alar alman\u0131z iyi olur. Daha sonra, operasyonun \u00f6\u011fleden sonra saat 14.00\u2019te planlanm\u0131\u015f olmas\u0131 nedeniyle bir nevi \u00f6\u011fle aras\u0131 verildi. Operasyon \u00f6ncesinde g\u00f6z bebeklerini b\u00fcy\u00fctmek i\u00e7in g\u00f6zlerime damla damlat\u0131ld\u0131 (endi\u015felenmeyin, \u0131\u015f\u0131\u011fa hassasiyet ve hafif bulan\u0131k g\u00f6rme bunun normal yan etkileridir).        <\/p>\n\n<p>Saat 14.00\u2019ten k\u0131sa bir s\u00fcre \u00f6nce terc\u00fcman\u0131m taraf\u0131ndan al\u0131n\u0131p tedavi b\u00f6l\u00fcm\u00fcne g\u00f6t\u00fcr\u00fcld\u00fcm. H\u0131zl\u0131ca bone ve ameliyat \u00f6nl\u00fc\u011f\u00fc giydirildi ve her \u015fey haz\u0131rd\u0131.<br\/>Operasyonun kendisi her iki g\u00f6z i\u00e7in toplam yakla\u015f\u0131k 15 dakika s\u00fcrd\u00fc. Flap\u2019in kesilmesi biraz rahats\u0131z edici ama kesinlikle a\u011fr\u0131l\u0131 de\u011fildi. G\u00f6zlerin lazerle d\u00fczeltilmesi ise sadece yakla\u015f\u0131k 5 saniye s\u00fcrd\u00fc ve bu da tamamen a\u011fr\u0131s\u0131zd\u0131. Operasyondan sonra ilk d\u00f6rt saat g\u00f6r\u00fc\u015f net olmuyor, sanki g\u00f6zlerin \u00fczerinde hafif bir perde varm\u0131\u015f gibi hissediliyor ve \u0131\u015f\u0131\u011fa kar\u015f\u0131 daha hassas olunuyor. Doktor hemen ard\u0131ndan k\u0131sa bir kontrol yapt\u0131ktan sonra bana koruyucu g\u00f6zl\u00fck ve g\u00f6z damlalar\u0131 verildi. Terc\u00fcman t\u00fcm s\u00fcre\u00e7 boyunca yan\u0131mdayd\u0131, ne yapmam gerekti\u011fini ad\u0131m ad\u0131m anlatt\u0131 ve sordu\u011fum t\u00fcm sorular\u0131 yetkin bir \u015fekilde cevaplad\u0131.      <\/p>\n\n<p>Operasyondan sonraki ilk d\u00f6rt saat boyunca g\u00f6zlerde hafif bir yanma olabilir ve net odaklanmak zorla\u015fabilir, ancak ameliyat\u0131n sonucu \u00e7ok k\u0131sa s\u00fcrede fark ediliyor. G\u00fcn\u00fcn geri kalan\u0131n\u0131 otelimde dinlenerek ge\u00e7irdim. Ertesi sabah kontrol muayenesi i\u00e7in al\u0131nd\u0131m, bu muayene de sadece birka\u00e7 dakika s\u00fcrd\u00fc.<br\/>Bu kontrolden sonra tedavi s\u00fcreci tamamlanm\u0131\u015f oldu ve \u0130stanbul\u2019un g\u00fczel \u015fehrini gezmekte serbesttim. Bu noktada Kapal\u0131\u00e7ar\u015f\u0131\u2019y\u0131 \u00f6zellikle tavsiye ederim.   <\/p>\n\n<p>\u0130svi\u00e7re&#8217;ye d\u00f6n\u00fc\u015f u\u00e7u\u015fum Cuma g\u00fcn\u00fcyd\u00fc ve ula\u015f\u0131m \u00f6nceden ayarlanm\u0131\u015ft\u0131, bu y\u00fczden endi\u015felenmeme gerek yoktu.<\/p>\n\n<p>Ameliyat\u0131n \u00fczerinden bir hafta ge\u00e7ti ve iyile\u015fme s\u00fcreci m\u00fckemmel gidiyor. D\u00fcnyay\u0131 t\u00fcm y\u00f6nleriyle g\u00f6rebilmek nihayet harika bir duygu. Bu nedenle, SwissLasik ile lazer g\u00f6z ameliyat\u0131n\u0131 g\u00f6n\u00fcl rahatl\u0131\u011f\u0131yla tavsiye edebilirim.  <\/p>\n\n<p>Ron-John Dillier 03.08.16<\/p>\n\n<div class=\"wp-block-group is-layout-grid wp-container-core-group-is-layout-baef362d wp-block-group-is-layout-grid\">\n<p><a href=\"https:\/\/medicaltravel.at\/home\/agb\/\" data-type=\"page\" data-id=\"2191\" rel=\"nofollow noopener\" target=\"_blank\"><\/a><a href=\"https:\/\/swisslasik.ch\/tr\/hasta-yorumlari-lasik-goez-lazeri\/istanbulda-lazer-goez-ameliyati-mi-suepheci-misiniz-ben-de-oeyleydim-kesinlikle-yersiz-bir-suepheymis-19-eyluel-2016-pazartesi-tarihli-rapor\/\" data-type=\"link\" data-id=\"https:\/\/swisslasik.ch\/patientenberichte-lasik\/augenlasern-in-istanbul-skeptisch-war-ich-auch-definitiv-unbegrundet-bericht-vom-montag-19-september-2016\/\">\u00d6nceki rapor<\/a><\/p>\n\n\n\n<p class=\"has-text-align-right wp-container-content-5e2576f9\"><a href=\"https:\/\/medicaltravel.at\/home\/impressum\/\" data-type=\"page\" data-id=\"2193\" rel=\"nofollow noopener\" target=\"_blank\"><\/a><a href=\"https:\/\/medicaltravel.at\/home\/berichte-von-patienten\/erfahrungsberichte\/erfahrungsbericht-zahnbehandlung-in-istanbul\/\" data-type=\"page\" data-id=\"981\" rel=\"nofollow noopener\" target=\"_blank\"><\/a><a href=\"https:\/\/swisslasik.ch\/tr\/hasta-yorumlari-lasik-goez-lazeri\/organizasyon-muekemmel-ve-klinik-son-teknolojiyle-donatilmis-26-mayis-2016-persembe-tarihli-rapor\/\" data-type=\"link\" data-id=\"https:\/\/swisslasik.ch\/patientenberichte-lasik\/die-organisation-ist-super-und-die-klinik-top-modern-bericht-vom-donnerstag-26-mai-2016\/\">Sonraki rapor<\/a><\/p>\n<\/div>\n","protected":false},"excerpt":{"rendered":"<p>\u0130STANBUL SOKAKLARINDA HER \u015eEY NORMALD\u0130! \u2013 3 A\u011fustos 2016 \u00c7ar\u015famba tarihli rapor Ara\u015ft\u0131rmalar\u0131m s\u0131ras\u0131nda, \u00f6zellikle maliyet nedeniyle (\u0130stanbul\u2019da \u0130svi\u00e7re\u2019ye k\u0131yasla \u00fc\u00e7te birinden bile daha ucuza yap\u0131labildi\u011fi i\u00e7in) Femto Lasik tedavisini yurt d\u0131\u015f\u0131nda yapt\u0131raca\u011f\u0131m \u00e7ok k\u0131sa s\u00fcrede netle\u015fti. K\u0131sa bir internet ara\u015ft\u0131rmas\u0131 bir\u00e7ok farkl\u0131 sa\u011flay\u0131c\u0131y\u0131 ortaya \u00e7\u0131kard\u0131. SwissLasik\u2019in teklifini kabul etmemdeki en \u00f6nemli neden, \u00e7ok say\u0131da ve farkl\u0131 hasta deneyim raporunun bulunmas\u0131 ve ileti\u015fimin a\u00e7\u0131k ve net olmas\u0131yd\u0131. Bir di\u011fer \u00f6nemli art\u0131 ise, bana yak\u0131n bir lokasyonda ofislerinin bulunmas\u0131yd\u0131; bu sayede arkas\u0131ndaki insanlar\u0131 bizzat tan\u0131y\u0131p, kendim yerinde g\u00f6rme imk\u00e2n\u0131 buldum. \u00c7evremde, g\u00f6z lazer ameliyat\u0131 i\u00e7in \u0130stanbul\u2019a gidece\u011fimi s\u00f6yledi\u011fimde belirli bir tedirginlikle kar\u015f\u0131land\u0131. Bir yandan t\u0131bbi standartlar\u0131n yeterince y\u00fcksek olmayaca\u011f\u0131 endi\u015fesi vard\u0131, di\u011fer yandan ise o d\u00f6nemdeki siyasi durumdan dolay\u0131 kayg\u0131lar dile getiriliyordu. Siyasi durumun nas\u0131l geli\u015fece\u011fini elbette de\u011ferlendiremem; ancak Temmuz 2016\u2019n\u0131n sonu itibar\u0131yla her \u015fey sakindi, sokaklarda asker yoktu ve u\u00e7u\u015flar normal \u015fekilde yap\u0131l\u0131yordu. T\u0131bbi standartlar konusunda ise \u015funu rahatl\u0131kla s\u00f6yleyebilirim: Hastane sadece alt\u0131 y\u0131l \u00f6nce a\u00e7\u0131lm\u0131\u015f ve di\u011fer \u00f6zel hastanelerle k\u0131yasland\u0131\u011f\u0131nda kesinlikle geri kal\u0131r bir yan\u0131 yok. Buna birazdan daha detayl\u0131 de\u011finece\u011fim. Hastaneye yakla\u015f\u0131k 15 dakika mesafede bulunan Levent Hotel ***\u2019de konaklad\u0131m. Orta fiyat segmentinde bir otel arayanlar i\u00e7in g\u00f6n\u00fcl rahatl\u0131\u011f\u0131yla tavsiye edebilirim. Resepsiyon 24 saat a\u00e7\u0131kt\u0131 ve her zaman \u0130ngilizce konu\u015fabilen bir g\u00f6revli bulunuyordu; ayr\u0131ca \u015fehir hakk\u0131nda faydal\u0131 tavsiyeler de veriyorlard\u0131. Kahvalt\u0131 b\u00fcfesi her zaman bol ve \u00e7e\u015fitliydi, vejetaryenler ve veganlar i\u00e7in de yeterli say\u0131da se\u00e7enek mevcuttu. \u0130stanbul Havaliman\u0131\u2019ndan \u00e7\u0131kt\u0131ktan hemen sonra Ac\u0131badem Hastanesi\u2019nden bir g\u00f6revliyle Health Point\u2019te ilk temas\u0131m\u0131 kurdum. U\u00e7a\u011f\u0131m \u00fc\u00e7 saat gecikmi\u015fti, bu y\u00fczden planlanan kar\u015f\u0131lama saatini ka\u00e7\u0131rm\u0131\u015f oldum. Buna ra\u011fmen Health Point\u2019teki gen\u00e7 g\u00f6revli, birka\u00e7 dakikal\u0131k beklemenin ard\u0131ndan hemen benim i\u00e7in yeni bir transfer ayarlad\u0131. Otele yolculuk sorunsuz ge\u00e7ti ve sonraki t\u00fcm transferler de ayn\u0131 \u015fekilde problemsizdi. Beni biraz \u015fa\u015f\u0131rtan \u015fey ise \u015fof\u00f6rlerin neredeyse her zaman fazlas\u0131yla dakik olmas\u0131yd\u0131; \u00e7o\u011fu zaman randevu saatinden 5 dakika \u00f6nce haz\u0131r oluyorlard\u0131 (oysa trafik \u00e7o\u011fu zaman ger\u00e7ekten \u00e7ok yo\u011fun). Ara\u00e7lar\u0131n hepsi de gayet temiz ve d\u00fczenliydi. Var\u0131\u015ftan sonraki g\u00fcn, 26.07 Sal\u0131 g\u00fcn\u00fc s\u00fcre\u00e7 hemen ba\u015flad\u0131. Kahvalt\u0131dan sonra beni otelden al\u0131p Ac\u0131badem Hastanesi\u2019ne g\u00f6t\u00fcrd\u00fcler. Orada beni do\u011frudan \u00e7ok iyi Almanca konu\u015fan terc\u00fcman\u0131m kar\u015f\u0131lad\u0131. Ard\u0131ndan g\u00f6z hastal\u0131klar\u0131 merkezine indirildim. Aralarda yakla\u015f\u0131k 30 dakikal\u0131k bekleme s\u00fcreleri olan birka\u00e7 muayene yap\u0131ld\u0131. Yakla\u015f\u0131k iki saat sonra tedaviyi yapacak doktorla g\u00f6r\u00fc\u015fme ger\u00e7ekle\u015fti ve bana uygun oldu\u011fum m\u00fcjdesi verildi (SwissLasik taraf\u0131ndan \u0130svi\u00e7re\u2019de \u00f6n muayene yap\u0131lm\u0131\u015ft\u0131, ancak kesin karar\u0131 yaln\u0131zca operasyonu ger\u00e7ekle\u015ftiren doktor verebiliyor). Bu noktada k\u00fc\u00e7\u00fck bir tavsiye: Bekleme s\u00fcrelerini daha rahat ge\u00e7irmek i\u00e7in yan\u0131n\u0131za bir kitap ve bir MP3 \u00e7alar alman\u0131z iyi olur. Daha sonra, operasyonun \u00f6\u011fleden sonra saat 14.00\u2019te planlanm\u0131\u015f olmas\u0131 nedeniyle bir nevi \u00f6\u011fle aras\u0131 verildi. Operasyon \u00f6ncesinde g\u00f6z bebeklerini b\u00fcy\u00fctmek i\u00e7in g\u00f6zlerime damla damlat\u0131ld\u0131 (endi\u015felenmeyin, \u0131\u015f\u0131\u011fa hassasiyet ve hafif bulan\u0131k g\u00f6rme bunun normal yan etkileridir). Saat 14.00\u2019ten k\u0131sa bir s\u00fcre \u00f6nce terc\u00fcman\u0131m taraf\u0131ndan al\u0131n\u0131p tedavi b\u00f6l\u00fcm\u00fcne g\u00f6t\u00fcr\u00fcld\u00fcm. H\u0131zl\u0131ca bone ve ameliyat \u00f6nl\u00fc\u011f\u00fc giydirildi ve her \u015fey haz\u0131rd\u0131.Operasyonun kendisi her iki g\u00f6z i\u00e7in toplam yakla\u015f\u0131k 15 dakika s\u00fcrd\u00fc. Flap\u2019in kesilmesi biraz rahats\u0131z edici ama kesinlikle a\u011fr\u0131l\u0131 de\u011fildi. G\u00f6zlerin lazerle d\u00fczeltilmesi ise sadece yakla\u015f\u0131k 5 saniye s\u00fcrd\u00fc ve bu da tamamen a\u011fr\u0131s\u0131zd\u0131. Operasyondan sonra ilk d\u00f6rt saat g\u00f6r\u00fc\u015f net olmuyor, sanki g\u00f6zlerin \u00fczerinde hafif bir perde varm\u0131\u015f gibi hissediliyor ve \u0131\u015f\u0131\u011fa kar\u015f\u0131 daha hassas olunuyor. Doktor hemen ard\u0131ndan k\u0131sa bir kontrol yapt\u0131ktan sonra bana koruyucu g\u00f6zl\u00fck ve g\u00f6z damlalar\u0131 verildi. Terc\u00fcman t\u00fcm s\u00fcre\u00e7 boyunca yan\u0131mdayd\u0131, ne yapmam gerekti\u011fini ad\u0131m ad\u0131m anlatt\u0131 ve sordu\u011fum t\u00fcm sorular\u0131 yetkin bir \u015fekilde cevaplad\u0131. Operasyondan sonraki ilk d\u00f6rt saat boyunca g\u00f6zlerde hafif bir yanma olabilir ve net odaklanmak zorla\u015fabilir, ancak ameliyat\u0131n sonucu \u00e7ok k\u0131sa s\u00fcrede fark ediliyor. G\u00fcn\u00fcn geri kalan\u0131n\u0131 otelimde dinlenerek ge\u00e7irdim. Ertesi sabah kontrol muayenesi i\u00e7in al\u0131nd\u0131m, bu muayene de sadece birka\u00e7 dakika s\u00fcrd\u00fc.Bu kontrolden sonra tedavi s\u00fcreci tamamlanm\u0131\u015f oldu ve \u0130stanbul\u2019un g\u00fczel \u015fehrini gezmekte serbesttim. Bu noktada Kapal\u0131\u00e7ar\u015f\u0131\u2019y\u0131 \u00f6zellikle tavsiye ederim. \u0130svi\u00e7re&#8217;ye d\u00f6n\u00fc\u015f u\u00e7u\u015fum Cuma g\u00fcn\u00fcyd\u00fc ve ula\u015f\u0131m \u00f6nceden ayarlanm\u0131\u015ft\u0131, bu y\u00fczden endi\u015felenmeme gerek yoktu. Ameliyat\u0131n \u00fczerinden bir hafta ge\u00e7ti ve iyile\u015fme s\u00fcreci m\u00fckemmel gidiyor. D\u00fcnyay\u0131 t\u00fcm y\u00f6nleriyle g\u00f6rebilmek nihayet harika bir duygu. Bu nedenle, SwissLasik ile lazer g\u00f6z ameliyat\u0131n\u0131 g\u00f6n\u00fcl rahatl\u0131\u011f\u0131yla tavsiye edebilirim. Ron-John Dillier 03.08.16 \u00d6nceki rapor Sonraki rapor<\/p>\n","protected":false},"author":4,"featured_media":0,"parent":3801,"menu_order":0,"comment_status":"closed","ping_status":"closed","template":"","meta":{"_joinchat":[],"footnotes":""},"class_list":["post-3909","page","type-page","status-publish","hentry"],"acf":[],"_links":{"self":[{"href":"https:\/\/swisslasik.ch\/tr\/wp-json\/wp\/v2\/pages\/3909","targetHints":{"allow":["GET"]}}],"collection":[{"href":"https:\/\/swisslasik.ch\/tr\/wp-json\/wp\/v2\/pages"}],"about":[{"href":"https:\/\/swisslasik.ch\/tr\/wp-json\/wp\/v2\/types\/page"}],"author":[{"embeddable":true,"href":"https:\/\/swisslasik.ch\/tr\/wp-json\/wp\/v2\/users\/4"}],"replies":[{"embeddable":true,"href":"https:\/\/swisslasik.ch\/tr\/wp-json\/wp\/v2\/comments?post=3909"}],"version-history":[{"count":1,"href":"https:\/\/swisslasik.ch\/tr\/wp-json\/wp\/v2\/pages\/3909\/revisions"}],"predecessor-version":[{"id":3910,"href":"https:\/\/swisslasik.ch\/tr\/wp-json\/wp\/v2\/pages\/3909\/revisions\/3910"}],"up":[{"embeddable":true,"href":"https:\/\/swisslasik.ch\/tr\/wp-json\/wp\/v2\/pages\/3801"}],"wp:attachment":[{"href":"https:\/\/swisslasik.ch\/tr\/wp-json\/wp\/v2\/media?parent=3909"}],"curies":[{"name":"wp","href":"https:\/\/api.w.org\/{rel}","templated":true}]}}