{"id":3911,"date":"2025-09-24T12:03:41","date_gmt":"2025-09-24T11:03:41","guid":{"rendered":"https:\/\/swisslasik.ch\/hasta-yorumlari-lasik-goez-lazeri\/istanbulda-isvicreden-cok-daha-fazla-ameliyat-gerceklestiriliyor-30-mayis-2015-cumartesi-tarihli-rapor\/"},"modified":"2026-01-14T02:45:09","modified_gmt":"2026-01-14T01:45:09","slug":"istanbulda-isvicreden-cok-daha-fazla-ameliyat-gerceklestiriliyor-30-mayis-2015-cumartesi-tarihli-rapor","status":"publish","type":"page","link":"https:\/\/swisslasik.ch\/tr\/hasta-yorumlari-lasik-goez-lazeri\/istanbulda-isvicreden-cok-daha-fazla-ameliyat-gerceklestiriliyor-30-mayis-2015-cumartesi-tarihli-rapor\/","title":{"rendered":"\u0130stanbul&#8217;da \u0130svi\u00e7re&#8217;den \u00e7ok daha fazla ameliyat ger\u00e7ekle\u015ftiriliyor! \u2013 30 May\u0131s 2015 Cumartesi tarihli rapor"},"content":{"rendered":"\n<h3 class=\"wp-block-heading\">\u0130stanbul&#8217;da \u0130svi\u00e7re&#8217;den \u00e7ok daha fazla ameliyat ger\u00e7ekle\u015ftiriliyor! \u2013 30 May\u0131s 2015 Cumartesi tarihli rapor<\/h3>\n\n\n\n<p>Birka\u00e7 y\u0131ld\u0131r lazer g\u00f6z ameliyat\u0131 olmak istiyordum. Ancak en az 5.000 \u0130svi\u00e7re frang\u0131 tutacak olan paray\u0131 nas\u0131l bulaca\u011f\u0131m\u0131 bilmiyordum. Tesad\u00fcfen Swisslasik web sitesine rastlad\u0131m. \u0130lk ba\u015fta do\u011fal olarak \u015f\u00fcpheciydim. Ancak d\u00fc\u015f\u00fck fiyat beni biraz ara\u015ft\u0131rma yapmaya te\u015fvik etti. \u0130stanbul&#8217;da \u0130svi\u00e7re&#8217;ye g\u00f6re \u00e7ok daha fazla ameliyat yap\u0131ld\u0131\u011f\u0131 ortaya \u00e7\u0131kt\u0131. Sonu\u00e7 olarak, oradaki doktorlar\u0131n \u00e7ok daha fazla deneyimi var. Bu y\u00fczden ameliyat\u0131 yapt\u0131rmaya karar verdim.       <\/p>\n\n\n\n<p>Seyahati organize etmek kolayd\u0131; Bay Kara, bana kat\u0131lmaya karar veren arkada\u015flar\u0131m i\u00e7in de seyahat ayarlamakta hi\u00e7 zorlanmad\u0131. Birikimlerimi kullanmak istemedi\u011fim i\u00e7in taksitli \u00f6deme plan\u0131 sordum. Bay Kara benden u\u00e7ak biletini hemen \u00f6dememi istedi. Daha sonra ameliyata kadar olan \u00fc\u00e7 ay i\u00e7inde kalan masraflar\u0131 taksitler halinde \u00f6dememe izin verildi.   <\/p>\n\n\n\n<p>Havaliman\u0131 transferinde sorunlar ya\u015fand\u0131. Ancak havaliman\u0131ndaki \u00e7ok yard\u0131mc\u0131 insanlar sayesinde taksi sonunda geldi ve bizi Levent Oteli&#8217;ne g\u00f6t\u00fcrd\u00fc. Olduk\u00e7a ge\u00e7 varmam\u0131za ra\u011fmen, otel restoran\u0131nda lezzetli bir ak\u015fam yeme\u011fi yedik. \u0130lk ba\u015fta otelin manzaras\u0131 olmamas\u0131, sadece \u00e7ok az g\u00fcne\u015f \u0131\u015f\u0131\u011f\u0131 alan \u0131\u015f\u0131k kuyular\u0131 olmas\u0131 beni hayal k\u0131r\u0131kl\u0131\u011f\u0131na u\u011fratt\u0131. Ama o ak\u015fam karanl\u0131k otel odas\u0131nda yatarken, bundan \u00e7ok memnun oldum. Otel, bir\u00e7ok sa\u011fl\u0131k turisti a\u011f\u0131rl\u0131yor.     <\/p>\n\n\n\n<p>Ertesi sabah, saat 9:00&#8217;da otelden al\u0131nd\u0131m. \u015eof\u00f6r Almanca konu\u015fmuyordu ve sadece biraz \u0130ngilizce biliyordu, ancak yolculuk sorunsuz ge\u00e7ti. Beni klini\u011fin bekleme odas\u0131na g\u00f6t\u00fcrd\u00fc. Biraz sonra terc\u00fcman\u0131m Bay Tolga geldi. Bu arada, ak\u0131c\u0131 Almanca konu\u015fuyordu ve inan\u0131lmaz bir sakinli\u011fe sahipti. Ona b\u00fcy\u00fck bir \u00f6vg\u00fc! Beni b\u00fcy\u00fck ve inan\u0131lmaz derecede profesyonel klinikten g\u00f6z hastal\u0131klar\u0131 b\u00f6l\u00fcm\u00fcne g\u00f6t\u00fcrd\u00fc. Orada bir hem\u015fire beni kar\u015f\u0131lad\u0131 ve karanl\u0131k bir odaya g\u00f6t\u00fcrd\u00fc. \u0130\u00e7eride, g\u00f6zl\u00fck takan herkesin a\u015fina oldu\u011fu ola\u011fan muayene cihazlar\u0131 vard\u0131. \u00c7e\u015fitli muayeneler aras\u0131ndaki zaman\u0131 okuyarak ge\u00e7irdim. \u0130lk testlerden sonra, g\u00f6z bebeklerimi geni\u015fletmek i\u00e7in damlalar verildi. Yar\u0131m saatlik bekleme s\u00fcresini doldurmak i\u00e7in Bay Tolga beni hastane kafeteryas\u0131na g\u00f6t\u00fcrd\u00fc. Personel ne Almanca ne de \u0130ngilizce konu\u015fmasa da, kapu\u00e7ino ve cheesecake iste\u011fimi anlad\u0131lar.           <\/p>\n\n\n\n<p>Yar\u0131m saat sonra tekrar al\u0131nd\u0131m ve daha detayl\u0131 muayene edildim. Ard\u0131ndan, duvardaki harflerle standart testi yapan Doktor Cosar&#8217;\u0131 g\u00f6rd\u00fcm. Daha sonra \u00fc\u00e7\u00fcm\u00fcz masaya oturduk ve Doktor Cosar, Bay Tolga&#8217;n\u0131n da yard\u0131m\u0131yla, standart LASIK ameliyat\u0131 i\u00e7in uygun bir aday oldu\u011fumu bana a\u00e7\u0131klad\u0131.  <\/p>\n\n\n\n<p>Ameliyattan \u00f6nce, \u00f6nceden ald\u0131\u011f\u0131m damlalar\u0131n etkisinin ge\u00e7mesi i\u00e7in iki saat beklemem gerekti. Bay Tolga kafeteryada beklememi \u00f6nerdi, ama iki saat oturmak istemedim. Bunun yerine, yak\u0131nlarda bir al\u0131\u015fveri\u015f merkezi olup olmad\u0131\u011f\u0131n\u0131 sordum. Terc\u00fcman\u0131m hi\u00e7 teredd\u00fct etmeden beni en yak\u0131n merkeze g\u00f6t\u00fcren bir taksiye bindirdi. Al\u0131\u015fveri\u015f merkezi harikayd\u0131; \u00e7ok modern ve geni\u015fti. Ayr\u0131ca, son derece ilgili ve yard\u0131msever personeli de takdir ettim. D\u00f6n\u00fc\u015f yolculu\u011fu i\u00e7in taksi \u015fof\u00f6r\u00fcne hastane kart\u0131m\u0131 verdim ve geri g\u00f6t\u00fcr\u00fcld\u00fcm.       <\/p>\n\n\n\n<p>Bay Tolga beni g\u00f6z hastal\u0131klar\u0131 b\u00f6l\u00fcm\u00fcn\u00fcn kordonla \u00e7evrilmi\u015f bir alan\u0131na g\u00f6t\u00fcrd\u00fc ve hangi damlalar\u0131 ne zaman almam gerekti\u011fini a\u00e7\u0131klad\u0131. Ayr\u0131ca bir sorumluluk feragatnamesi imzalamam gerekiyordu. S\u0131rada benden \u00f6nce iki ki\u015fi vard\u0131. Sonra, yakla\u015f\u0131k 45 dakika sonra ba\u015flad\u0131. Bir hem\u015fire bana ayakkab\u0131 ve sa\u00e7 \u00f6rt\u00fcleri ve bir \u00f6nl\u00fck verdi. Daha sonra Dr. Cosar&#8217;\u0131n beni bekledi\u011fi lazer odas\u0131na g\u00f6t\u00fcr\u00fcld\u00fcm. Uyu\u015fturucu damlalar ald\u0131m ve muayene masas\u0131na uzand\u0131m. Y\u00fcz\u00fcm\u00fcn sa\u011f taraf\u0131na plastik bir \u00f6rt\u00fc uyguland\u0131 ve ard\u0131ndan g\u00f6z\u00fcm i\u00e7in bir delik a\u00e7\u0131ld\u0131. Daha sonra g\u00f6z\u00fcme yuvarlak bir cisim bast\u0131r\u0131ld\u0131 ve g\u00f6z k\u0131rpmam\u0131 engelledi. \u0130lk ba\u015fta g\u00f6z\u00fcm\u00fcn k\u0131ska\u00e7larla veya benzeri bir \u015feyle a\u00e7\u0131k tutulaca\u011f\u0131ndan korktum. Ama rahats\u0131z edici bir his de\u011fildi. Kapak \u00e7\u0131kar\u0131ld\u0131\u011f\u0131nda k\u0131sa bir s\u00fcre k\u00f6r oldum. Sonra birka\u00e7 saniye boyunca \u00f6nce bulan\u0131kla\u015fan ve sonra tekrar netle\u015fen bir \u0131\u015f\u0131\u011fa bakmak zorunda kald\u0131m. Ameliyat bitti ve kapak yeniden yerine yerle\u015ftirildi. Sol g\u00f6z\u00fcme de ayn\u0131 i\u015flem tekrarland\u0131ktan sonra aya\u011fa kalk\u0131p odadan \u00e7\u0131kmama izin verildi. Yan odada \u00f6nl\u00fc\u011f\u00fcm\u00fc \u00e7\u0131kard\u0131m ve karart\u0131c\u0131 &#8220;kayak g\u00f6zl\u00fc\u011f\u00fc&#8221; verildi. O s\u0131rada g\u00f6r\u00fc\u015f\u00fcm olduk\u00e7a iyiydi ve \u0131\u015f\u0131\u011fa kar\u015f\u0131 hassasiyetim yoktu. Lazer tedavisi be\u015f dakikadan fazla s\u00fcrmedi; t\u00fcm s\u00fcre\u00e7 kesinlikle k\u00f6t\u00fc de\u011fildi.                 <\/p>\n\n\n\n<p>Birka\u00e7 dakika sonra, Dr. Cosar&#8217;\u0131n odas\u0131na g\u00f6t\u00fcr\u00fcld\u00fcm ve orada duvardaki baz\u0131 harfleri tekrar okumam\u0131 istedi. Her \u015feyin yolunda oldu\u011funu s\u00f6yledi. Sakinle\u015ftirici istedim ve sorunsuz bir \u015fekilde ald\u0131m. Ard\u0131ndan Bay Tolga beni resepsiyona geri g\u00f6t\u00fcrd\u00fc. Orada, evden getirdi\u011fim g\u00fc\u00e7l\u00fc bir a\u011fr\u0131 kesici ald\u0131m.    <\/p>\n\n\n\n<p>\u015eof\u00f6r\u00fcm\u00fc beklerken g\u00f6zlerim gittik\u00e7e daha \u00e7ok a\u011fr\u0131maya ba\u015flad\u0131. Yan\u0131yor ve \u0131\u015f\u0131\u011fa kar\u015f\u0131 \u00e7ok hassas hale geliyorlard\u0131. \u015eof\u00f6r geldi\u011finde g\u00f6zlerimi zar zor a\u00e7abiliyordum. Nazik\u00e7e kolumdan tuttu ve beni arabaya g\u00f6t\u00fcrd\u00fc. Otelde resepsiyonist bana oda anahtar\u0131m\u0131 verdi ve karanl\u0131k odada uzanabildim. Birka\u00e7 dakika sonra erkek arkada\u015f\u0131m da benimle ilgilenmek i\u00e7in otele geldi.     <\/p>\n\n\n\n<p>Otel odas\u0131nda \u015fiddetli a\u011fr\u0131lar\u0131m vard\u0131 ve sadece tamamen karanl\u0131\u011fa dayanabiliyordum. A\u011fr\u0131 kesici almama ra\u011fmen, korkun\u00e7 bir ba\u015f a\u011fr\u0131m da vard\u0131. O iki \u00fc\u00e7 saat berbatt\u0131. Ondan sonra \u0131\u015f\u0131k biraz daha iyiydi ve oda servisinden ak\u015fam yeme\u011fi sipari\u015f ettik, \u00e7ok h\u0131zl\u0131 bir \u015fekilde geldi. G\u00f6z damlas\u0131 kullanmaya zaten a\u015fina oldu\u011fum i\u00e7in, dezenfektan damlalar\u0131 kullanmak sorun olmad\u0131.   <\/p>\n\n\n\n<p>Yakla\u015f\u0131k \u00fc\u00e7 saat sonra, tekrar tam \u0131\u015f\u0131\u011fa dayanabilir hale geldim ve d\u0131\u015far\u0131da biraz tatl\u0131 yemeye karar verdim. Otelden birka\u00e7 ad\u0131m \u00f6tede, bir\u00e7ok d\u00fckkan, restoran ve eczanenin bulundu\u011fu uzun bir cadde var. I\u015f\u0131\u011fa \u00e7ok iyi dayand\u0131m ve uzaklara kadar net bir \u015fekilde g\u00f6rebiliyordum. Ancak, yak\u0131n g\u00f6r\u00fc\u015f\u00fcm\u00fcn daha az keskin oldu\u011funu fark ettim. Uyuyacak kadar iyi hissetti\u011fim i\u00e7in uyku hap\u0131na ihtiyac\u0131m olmad\u0131. Koruyucu g\u00f6zl\u00fcklerle uyumak rahats\u0131z ediciydi ama idare ederdi.     <\/p>\n\n\n\n<p>Ertesi g\u00fcn erkek arkada\u015f\u0131m da benimle klini\u011fe geldi. O da \u00e7ok heyecanl\u0131yd\u0131. Baz\u0131 muayenelerden sonra Dr. Cosar g\u00f6zlerimin iyi oldu\u011funu ve art\u0131k herhangi bir k\u0131s\u0131tlamam olmad\u0131\u011f\u0131n\u0131 a\u00e7\u0131klad\u0131. \u0130ste\u011fimiz \u00fczerine Bay Tolga bizi metro istasyonuna g\u00f6t\u00fcrd\u00fc ve oradan \u015fehre gittik. G\u00f6zlerim hala olduk\u00e7a bozuk olsa da Kapal\u0131 \u00c7ar\u015f\u0131&#8217;y\u0131 gezmekten \u00e7ok keyif ald\u0131m. I\u015f\u0131k hassasiyetiyle ilgili hi\u00e7bir sorun ya\u015famad\u0131m ve t\u00fcm g\u00fcn\u00fc g\u00fcne\u015f g\u00f6zl\u00fc\u011f\u00fc takmadan ge\u00e7irdim.     <\/p>\n\n\n\n<p>Ertesi g\u00fcn Bo\u011faz&#8217;da tekne turuna \u00e7\u0131kt\u0131k ve g\u00f6zl\u00fcklerimi kaybettim. Ak\u015fam ise havaalan\u0131na g\u00f6t\u00fcr\u00fcld\u00fck. U\u00e7u\u015fumuzdan d\u00f6rt saat \u00f6nce neden al\u0131nd\u0131\u011f\u0131m\u0131z konusunda ilk ba\u015fta \u015fa\u015f\u0131rd\u0131k. Ama havaalan\u0131ndaki kuyruklar\u0131 g\u00f6r\u00fcnce her \u015fey anlam kazand\u0131.   <\/p>\n\n\n\n<p>Ameliyattan d\u00f6rt g\u00fcn sonra i\u015fe geri d\u00f6nd\u00fcm. Bilgisayarda \u00e7al\u0131\u015fmakta hi\u00e7bir sorun ya\u015famad\u0131m. \u0130ki g\u00fcn sonra da sorunsuz bir \u015fekilde tekrar araba kullanabildim. Yak\u0131n mesafede bulan\u0131k g\u00f6rme sorunu da olduk\u00e7a h\u0131zl\u0131 bir \u015fekilde ortadan kayboldu.   <\/p>\n\n\n\n<p>D\u00f6rt hafta sonra g\u00f6z doktorumla randevum vard\u0131. Bu kadar k\u0131sa bir s\u00fcre i\u00e7inde bile g\u00f6rme yetim %120&#8217;ye geri d\u00f6nm\u00fc\u015ft\u00fc. Doktor, g\u00f6z kapa\u011f\u0131ndaki y\u0131rt\u0131\u011f\u0131n ne kadar temiz bir \u015fekilde iyile\u015fti\u011fine hayran kald\u0131. Ayr\u0131ca, art\u0131k d\u00fczeltici g\u00f6zl\u00fck kullanmadan ara\u00e7 kullanabilece\u011fime dair onay\u0131 hemen trafik dairesine g\u00f6nderdi.   <\/p>\n\n\n\n<p>Operasyonun tamam\u0131ndan \u00e7ok memnun kald\u0131m ve herkese g\u00f6n\u00fcl rahatl\u0131\u011f\u0131yla tavsiye edebilirim.<\/p>\n\n\n\n<p>Rahel Moll<\/p>\n\n\n\n<div class=\"wp-block-group is-layout-grid wp-container-core-group-is-layout-baef362d wp-block-group-is-layout-grid\">\n<p><a href=\"https:\/\/medicaltravel.at\/home\/agb\/\" data-type=\"page\" data-id=\"2191\" rel=\"nofollow noopener\" target=\"_blank\"><\/a><a href=\"https:\/\/swisslasik.ch\/tr\/hasta-yorumlari-lasik-goez-lazeri\/istanbulda-gecirdigim-ani-lazer-ameliyatim-4-haziran-2015-persembe-tarihli-rapor\/\" data-type=\"link\" data-id=\"https:\/\/swisslasik.ch\/tr\/hasta-yorumlari-lasik-goez-lazeri\/istanbulda-gecirdigim-ani-lazer-ameliyatim-4-haziran-2015-persembe-tarihli-rapor\/\">\u00d6nceki rapor<\/a><\/p>\n\n\n\n<p class=\"has-text-align-right wp-container-content-5e2576f9\"><a href=\"https:\/\/medicaltravel.at\/home\/impressum\/\" data-type=\"page\" data-id=\"2193\" rel=\"nofollow noopener\" target=\"_blank\"><\/a><a href=\"https:\/\/medicaltravel.at\/home\/berichte-von-patienten\/erfahrungsberichte\/erfahrungsbericht-zahnbehandlung-in-istanbul\/\" data-type=\"page\" data-id=\"981\" rel=\"nofollow noopener\" target=\"_blank\"><\/a><a href=\"https:\/\/swisslasik.ch\/tr\/hasta-yorumlari-lasik-goez-lazeri\/tuerkiyedeki-meme-bueyuetme-tedavim-deneyim-raporu-25-mayis-2015-pazartesi-tarihli-rapor\/\" data-type=\"link\" data-id=\"https:\/\/swisslasik.ch\/tr\/hasta-yorumlari-lasik-goez-lazeri\/tuerkiyedeki-meme-bueyuetme-tedavim-deneyim-raporu-25-mayis-2015-pazartesi-tarihli-rapor\/\">Sonraki rapor<\/a><\/p>\n<\/div>\n","protected":false},"excerpt":{"rendered":"<p>\u0130stanbul&#8217;da \u0130svi\u00e7re&#8217;den \u00e7ok daha fazla ameliyat ger\u00e7ekle\u015ftiriliyor! \u2013 30 May\u0131s 2015 Cumartesi tarihli rapor Birka\u00e7 y\u0131ld\u0131r lazer g\u00f6z ameliyat\u0131 olmak istiyordum. Ancak en az 5.000 \u0130svi\u00e7re frang\u0131 tutacak olan paray\u0131 nas\u0131l bulaca\u011f\u0131m\u0131 bilmiyordum. Tesad\u00fcfen Swisslasik web sitesine rastlad\u0131m. \u0130lk ba\u015fta do\u011fal olarak \u015f\u00fcpheciydim. Ancak d\u00fc\u015f\u00fck fiyat beni biraz ara\u015ft\u0131rma yapmaya te\u015fvik etti. \u0130stanbul&#8217;da \u0130svi\u00e7re&#8217;ye g\u00f6re \u00e7ok daha fazla ameliyat yap\u0131ld\u0131\u011f\u0131 ortaya \u00e7\u0131kt\u0131. Sonu\u00e7 olarak, oradaki doktorlar\u0131n \u00e7ok daha fazla deneyimi var. Bu y\u00fczden ameliyat\u0131 yapt\u0131rmaya karar verdim. Seyahati organize etmek kolayd\u0131; Bay Kara, bana kat\u0131lmaya karar veren arkada\u015flar\u0131m i\u00e7in de seyahat ayarlamakta hi\u00e7 zorlanmad\u0131. Birikimlerimi kullanmak istemedi\u011fim i\u00e7in taksitli \u00f6deme plan\u0131 sordum. Bay Kara benden u\u00e7ak biletini hemen \u00f6dememi istedi. Daha sonra ameliyata kadar olan \u00fc\u00e7 ay i\u00e7inde kalan masraflar\u0131 taksitler halinde \u00f6dememe izin verildi. Havaliman\u0131 transferinde sorunlar ya\u015fand\u0131. Ancak havaliman\u0131ndaki \u00e7ok yard\u0131mc\u0131 insanlar sayesinde taksi sonunda geldi ve bizi Levent Oteli&#8217;ne g\u00f6t\u00fcrd\u00fc. Olduk\u00e7a ge\u00e7 varmam\u0131za ra\u011fmen, otel restoran\u0131nda lezzetli bir ak\u015fam yeme\u011fi yedik. \u0130lk ba\u015fta otelin manzaras\u0131 olmamas\u0131, sadece \u00e7ok az g\u00fcne\u015f \u0131\u015f\u0131\u011f\u0131 alan \u0131\u015f\u0131k kuyular\u0131 olmas\u0131 beni hayal k\u0131r\u0131kl\u0131\u011f\u0131na u\u011fratt\u0131. Ama o ak\u015fam karanl\u0131k otel odas\u0131nda yatarken, bundan \u00e7ok memnun oldum. Otel, bir\u00e7ok sa\u011fl\u0131k turisti a\u011f\u0131rl\u0131yor. Ertesi sabah, saat 9:00&#8217;da otelden al\u0131nd\u0131m. \u015eof\u00f6r Almanca konu\u015fmuyordu ve sadece biraz \u0130ngilizce biliyordu, ancak yolculuk sorunsuz ge\u00e7ti. Beni klini\u011fin bekleme odas\u0131na g\u00f6t\u00fcrd\u00fc. Biraz sonra terc\u00fcman\u0131m Bay Tolga geldi. Bu arada, ak\u0131c\u0131 Almanca konu\u015fuyordu ve inan\u0131lmaz bir sakinli\u011fe sahipti. Ona b\u00fcy\u00fck bir \u00f6vg\u00fc! Beni b\u00fcy\u00fck ve inan\u0131lmaz derecede profesyonel klinikten g\u00f6z hastal\u0131klar\u0131 b\u00f6l\u00fcm\u00fcne g\u00f6t\u00fcrd\u00fc. Orada bir hem\u015fire beni kar\u015f\u0131lad\u0131 ve karanl\u0131k bir odaya g\u00f6t\u00fcrd\u00fc. \u0130\u00e7eride, g\u00f6zl\u00fck takan herkesin a\u015fina oldu\u011fu ola\u011fan muayene cihazlar\u0131 vard\u0131. \u00c7e\u015fitli muayeneler aras\u0131ndaki zaman\u0131 okuyarak ge\u00e7irdim. \u0130lk testlerden sonra, g\u00f6z bebeklerimi geni\u015fletmek i\u00e7in damlalar verildi. Yar\u0131m saatlik bekleme s\u00fcresini doldurmak i\u00e7in Bay Tolga beni hastane kafeteryas\u0131na g\u00f6t\u00fcrd\u00fc. Personel ne Almanca ne de \u0130ngilizce konu\u015fmasa da, kapu\u00e7ino ve cheesecake iste\u011fimi anlad\u0131lar. Yar\u0131m saat sonra tekrar al\u0131nd\u0131m ve daha detayl\u0131 muayene edildim. Ard\u0131ndan, duvardaki harflerle standart testi yapan Doktor Cosar&#8217;\u0131 g\u00f6rd\u00fcm. Daha sonra \u00fc\u00e7\u00fcm\u00fcz masaya oturduk ve Doktor Cosar, Bay Tolga&#8217;n\u0131n da yard\u0131m\u0131yla, standart LASIK ameliyat\u0131 i\u00e7in uygun bir aday oldu\u011fumu bana a\u00e7\u0131klad\u0131. Ameliyattan \u00f6nce, \u00f6nceden ald\u0131\u011f\u0131m damlalar\u0131n etkisinin ge\u00e7mesi i\u00e7in iki saat beklemem gerekti. Bay Tolga kafeteryada beklememi \u00f6nerdi, ama iki saat oturmak istemedim. Bunun yerine, yak\u0131nlarda bir al\u0131\u015fveri\u015f merkezi olup olmad\u0131\u011f\u0131n\u0131 sordum. Terc\u00fcman\u0131m hi\u00e7 teredd\u00fct etmeden beni en yak\u0131n merkeze g\u00f6t\u00fcren bir taksiye bindirdi. Al\u0131\u015fveri\u015f merkezi harikayd\u0131; \u00e7ok modern ve geni\u015fti. Ayr\u0131ca, son derece ilgili ve yard\u0131msever personeli de takdir ettim. D\u00f6n\u00fc\u015f yolculu\u011fu i\u00e7in taksi \u015fof\u00f6r\u00fcne hastane kart\u0131m\u0131 verdim ve geri g\u00f6t\u00fcr\u00fcld\u00fcm. Bay Tolga beni g\u00f6z hastal\u0131klar\u0131 b\u00f6l\u00fcm\u00fcn\u00fcn kordonla \u00e7evrilmi\u015f bir alan\u0131na g\u00f6t\u00fcrd\u00fc ve hangi damlalar\u0131 ne zaman almam gerekti\u011fini a\u00e7\u0131klad\u0131. Ayr\u0131ca bir sorumluluk feragatnamesi imzalamam gerekiyordu. S\u0131rada benden \u00f6nce iki ki\u015fi vard\u0131. Sonra, yakla\u015f\u0131k 45 dakika sonra ba\u015flad\u0131. Bir hem\u015fire bana ayakkab\u0131 ve sa\u00e7 \u00f6rt\u00fcleri ve bir \u00f6nl\u00fck verdi. Daha sonra Dr. Cosar&#8217;\u0131n beni bekledi\u011fi lazer odas\u0131na g\u00f6t\u00fcr\u00fcld\u00fcm. Uyu\u015fturucu damlalar ald\u0131m ve muayene masas\u0131na uzand\u0131m. Y\u00fcz\u00fcm\u00fcn sa\u011f taraf\u0131na plastik bir \u00f6rt\u00fc uyguland\u0131 ve ard\u0131ndan g\u00f6z\u00fcm i\u00e7in bir delik a\u00e7\u0131ld\u0131. Daha sonra g\u00f6z\u00fcme yuvarlak bir cisim bast\u0131r\u0131ld\u0131 ve g\u00f6z k\u0131rpmam\u0131 engelledi. \u0130lk ba\u015fta g\u00f6z\u00fcm\u00fcn k\u0131ska\u00e7larla veya benzeri bir \u015feyle a\u00e7\u0131k tutulaca\u011f\u0131ndan korktum. Ama rahats\u0131z edici bir his de\u011fildi. Kapak \u00e7\u0131kar\u0131ld\u0131\u011f\u0131nda k\u0131sa bir s\u00fcre k\u00f6r oldum. Sonra birka\u00e7 saniye boyunca \u00f6nce bulan\u0131kla\u015fan ve sonra tekrar netle\u015fen bir \u0131\u015f\u0131\u011fa bakmak zorunda kald\u0131m. Ameliyat bitti ve kapak yeniden yerine yerle\u015ftirildi. Sol g\u00f6z\u00fcme de ayn\u0131 i\u015flem tekrarland\u0131ktan sonra aya\u011fa kalk\u0131p odadan \u00e7\u0131kmama izin verildi. Yan odada \u00f6nl\u00fc\u011f\u00fcm\u00fc \u00e7\u0131kard\u0131m ve karart\u0131c\u0131 &#8220;kayak g\u00f6zl\u00fc\u011f\u00fc&#8221; verildi. O s\u0131rada g\u00f6r\u00fc\u015f\u00fcm olduk\u00e7a iyiydi ve \u0131\u015f\u0131\u011fa kar\u015f\u0131 hassasiyetim yoktu. Lazer tedavisi be\u015f dakikadan fazla s\u00fcrmedi; t\u00fcm s\u00fcre\u00e7 kesinlikle k\u00f6t\u00fc de\u011fildi. Birka\u00e7 dakika sonra, Dr. Cosar&#8217;\u0131n odas\u0131na g\u00f6t\u00fcr\u00fcld\u00fcm ve orada duvardaki baz\u0131 harfleri tekrar okumam\u0131 istedi. Her \u015feyin yolunda oldu\u011funu s\u00f6yledi. Sakinle\u015ftirici istedim ve sorunsuz bir \u015fekilde ald\u0131m. Ard\u0131ndan Bay Tolga beni resepsiyona geri g\u00f6t\u00fcrd\u00fc. Orada, evden getirdi\u011fim g\u00fc\u00e7l\u00fc bir a\u011fr\u0131 kesici ald\u0131m. \u015eof\u00f6r\u00fcm\u00fc beklerken g\u00f6zlerim gittik\u00e7e daha \u00e7ok a\u011fr\u0131maya ba\u015flad\u0131. Yan\u0131yor ve \u0131\u015f\u0131\u011fa kar\u015f\u0131 \u00e7ok hassas hale geliyorlard\u0131. \u015eof\u00f6r geldi\u011finde g\u00f6zlerimi zar zor a\u00e7abiliyordum. Nazik\u00e7e kolumdan tuttu ve beni arabaya g\u00f6t\u00fcrd\u00fc. Otelde resepsiyonist bana oda anahtar\u0131m\u0131 verdi ve karanl\u0131k odada uzanabildim. Birka\u00e7 dakika sonra erkek arkada\u015f\u0131m da benimle ilgilenmek i\u00e7in otele geldi. Otel odas\u0131nda \u015fiddetli a\u011fr\u0131lar\u0131m vard\u0131 ve sadece tamamen karanl\u0131\u011fa dayanabiliyordum. A\u011fr\u0131 kesici almama ra\u011fmen, korkun\u00e7 bir ba\u015f a\u011fr\u0131m da vard\u0131. O iki \u00fc\u00e7 saat berbatt\u0131. Ondan sonra \u0131\u015f\u0131k biraz daha iyiydi ve oda servisinden ak\u015fam yeme\u011fi sipari\u015f ettik, \u00e7ok h\u0131zl\u0131 bir \u015fekilde geldi. G\u00f6z damlas\u0131 kullanmaya zaten a\u015fina oldu\u011fum i\u00e7in, dezenfektan damlalar\u0131 kullanmak sorun olmad\u0131. Yakla\u015f\u0131k \u00fc\u00e7 saat sonra, tekrar tam \u0131\u015f\u0131\u011fa dayanabilir hale geldim ve d\u0131\u015far\u0131da biraz tatl\u0131 yemeye karar verdim. Otelden birka\u00e7 ad\u0131m \u00f6tede, bir\u00e7ok d\u00fckkan, restoran ve eczanenin bulundu\u011fu uzun bir cadde var. I\u015f\u0131\u011fa \u00e7ok iyi dayand\u0131m ve uzaklara kadar net bir \u015fekilde g\u00f6rebiliyordum. Ancak, yak\u0131n g\u00f6r\u00fc\u015f\u00fcm\u00fcn daha az keskin oldu\u011funu fark ettim. Uyuyacak kadar iyi hissetti\u011fim i\u00e7in uyku hap\u0131na ihtiyac\u0131m olmad\u0131. Koruyucu g\u00f6zl\u00fcklerle uyumak rahats\u0131z ediciydi ama idare ederdi. Ertesi g\u00fcn erkek arkada\u015f\u0131m da benimle klini\u011fe geldi. O da \u00e7ok heyecanl\u0131yd\u0131. Baz\u0131 muayenelerden sonra Dr. Cosar g\u00f6zlerimin iyi oldu\u011funu ve art\u0131k herhangi bir k\u0131s\u0131tlamam olmad\u0131\u011f\u0131n\u0131 a\u00e7\u0131klad\u0131. \u0130ste\u011fimiz \u00fczerine Bay Tolga bizi metro istasyonuna g\u00f6t\u00fcrd\u00fc ve oradan \u015fehre gittik. G\u00f6zlerim hala olduk\u00e7a bozuk olsa da Kapal\u0131 \u00c7ar\u015f\u0131&#8217;y\u0131 gezmekten \u00e7ok keyif ald\u0131m. I\u015f\u0131k hassasiyetiyle ilgili hi\u00e7bir sorun ya\u015famad\u0131m ve t\u00fcm g\u00fcn\u00fc g\u00fcne\u015f g\u00f6zl\u00fc\u011f\u00fc takmadan ge\u00e7irdim. Ertesi g\u00fcn Bo\u011faz&#8217;da tekne turuna \u00e7\u0131kt\u0131k ve g\u00f6zl\u00fcklerimi kaybettim. Ak\u015fam ise havaalan\u0131na g\u00f6t\u00fcr\u00fcld\u00fck. U\u00e7u\u015fumuzdan d\u00f6rt saat \u00f6nce neden al\u0131nd\u0131\u011f\u0131m\u0131z konusunda ilk ba\u015fta \u015fa\u015f\u0131rd\u0131k. Ama havaalan\u0131ndaki kuyruklar\u0131 g\u00f6r\u00fcnce her \u015fey anlam kazand\u0131. Ameliyattan d\u00f6rt g\u00fcn sonra i\u015fe geri d\u00f6nd\u00fcm. Bilgisayarda \u00e7al\u0131\u015fmakta hi\u00e7bir sorun ya\u015famad\u0131m. \u0130ki g\u00fcn sonra da sorunsuz bir \u015fekilde tekrar araba kullanabildim. Yak\u0131n mesafede bulan\u0131k g\u00f6rme sorunu da olduk\u00e7a h\u0131zl\u0131 bir \u015fekilde ortadan kayboldu. D\u00f6rt hafta sonra g\u00f6z doktorumla randevum vard\u0131. Bu kadar k\u0131sa bir s\u00fcre i\u00e7inde bile g\u00f6rme yetim %120&#8217;ye geri d\u00f6nm\u00fc\u015ft\u00fc. Doktor, g\u00f6z kapa\u011f\u0131ndaki y\u0131rt\u0131\u011f\u0131n ne kadar temiz bir \u015fekilde iyile\u015fti\u011fine hayran kald\u0131. Ayr\u0131ca, art\u0131k d\u00fczeltici g\u00f6zl\u00fck kullanmadan ara\u00e7 kullanabilece\u011fime dair onay\u0131 hemen trafik dairesine g\u00f6nderdi. Operasyonun tamam\u0131ndan \u00e7ok memnun kald\u0131m ve herkese g\u00f6n\u00fcl rahatl\u0131\u011f\u0131yla tavsiye edebilirim. Rahel Moll \u00d6nceki rapor Sonraki rapor<\/p>\n","protected":false},"author":4,"featured_media":0,"parent":3801,"menu_order":0,"comment_status":"closed","ping_status":"closed","template":"","meta":{"_joinchat":[],"footnotes":""},"class_list":["post-3911","page","type-page","status-publish","hentry"],"acf":[],"_links":{"self":[{"href":"https:\/\/swisslasik.ch\/tr\/wp-json\/wp\/v2\/pages\/3911","targetHints":{"allow":["GET"]}}],"collection":[{"href":"https:\/\/swisslasik.ch\/tr\/wp-json\/wp\/v2\/pages"}],"about":[{"href":"https:\/\/swisslasik.ch\/tr\/wp-json\/wp\/v2\/types\/page"}],"author":[{"embeddable":true,"href":"https:\/\/swisslasik.ch\/tr\/wp-json\/wp\/v2\/users\/4"}],"replies":[{"embeddable":true,"href":"https:\/\/swisslasik.ch\/tr\/wp-json\/wp\/v2\/comments?post=3911"}],"version-history":[{"count":2,"href":"https:\/\/swisslasik.ch\/tr\/wp-json\/wp\/v2\/pages\/3911\/revisions"}],"predecessor-version":[{"id":4712,"href":"https:\/\/swisslasik.ch\/tr\/wp-json\/wp\/v2\/pages\/3911\/revisions\/4712"}],"up":[{"embeddable":true,"href":"https:\/\/swisslasik.ch\/tr\/wp-json\/wp\/v2\/pages\/3801"}],"wp:attachment":[{"href":"https:\/\/swisslasik.ch\/tr\/wp-json\/wp\/v2\/media?parent=3911"}],"curies":[{"name":"wp","href":"https:\/\/api.w.org\/{rel}","templated":true}]}}