{"id":3913,"date":"2025-09-24T11:22:18","date_gmt":"2025-09-24T10:22:18","guid":{"rendered":"https:\/\/swisslasik.ch\/hasta-yorumlari-lasik-goez-lazeri\/istanbulda-lazer-goez-ameliyati-ile-ilgili-26-subat-2022-tarihli-deneyim-raporum\/"},"modified":"2026-01-14T02:15:26","modified_gmt":"2026-01-14T01:15:26","slug":"istanbulda-lazer-goez-ameliyati-ile-ilgili-26-subat-2022-tarihli-deneyim-raporum","status":"publish","type":"page","link":"https:\/\/swisslasik.ch\/tr\/hasta-yorumlari-lasik-goez-lazeri\/istanbulda-lazer-goez-ameliyati-ile-ilgili-26-subat-2022-tarihli-deneyim-raporum\/","title":{"rendered":"\u0130stanbul&#8217;da lazer g\u00f6z ameliyat\u0131 ile ilgili 26 \u015eubat 2022 tarihli deneyim raporum."},"content":{"rendered":"\n<h3 class=\"wp-block-heading\">\u0130stanbul, T\u00fcrkiye&#8217;de lazer g\u00f6z ameliyat\u0131 deneyimim<\/h3>\n\n\n\n<p><strong>\u0130stanbul&#8217;da lazer g\u00f6z ameliyat\u0131 hakk\u0131ndaki deneyimim\/tavsiyem.<\/strong><\/p>\n\n\n\n<p>\u00dc\u00e7\u00fcnc\u00fc s\u0131n\u0131ftan beri g\u00f6zl\u00fck tak\u0131yorum. Yeti\u015fkin oldu\u011fumda kontakt lenslere ge\u00e7tim. G\u00f6zl\u00fc\u011fe hi\u00e7 al\u0131\u015famad\u0131m ve kontakt lenslerle de hep sorun ya\u015fad\u0131m (g\u00f6z kurulu\u011fu, uzun s\u00fcre tak\u0131nca ba\u015f a\u011fr\u0131s\u0131 ve lenslere s\u00fcrekli yabanc\u0131 par\u00e7ac\u0131klar\u0131n tak\u0131lmas\u0131, bu da g\u00f6r\u00fc\u015f\u00fcm\u00fc bozuyordu). Bu y\u00fczden uzun s\u00fcre lazer g\u00f6z ameliyat\u0131n\u0131 d\u00fc\u015f\u00fcnd\u00fcm.    <\/p>\n\n\n\n<p>Sonunda cesaretimi toplad\u0131\u011f\u0131mda, tedaviye girmeye karar verdim ve Zug&#8217;daki SwissLasik&#8217;te Bay Kara ile \u00f6n muayene i\u00e7in randevu ald\u0131m. Muayenelerden sonra, g\u00f6zlerimin bu t\u00fcr bir operasyon i\u00e7in uygun oldu\u011fu do\u011fruland\u0131. <\/p>\n\n\n\n<p>Biraz d\u00fc\u015f\u00fcnd\u00fckten sonra, tedaviye kesinlikle kaydolmaya karar verdim.<\/p>\n\n\n\n<p><a href=\"https:\/\/swisslasik.ch\/tr\/\" data-type=\"page\" data-id=\"6\">SwissLasik <\/a>daha sonra bana harika bir teklif yapt\u0131 ve u\u00e7u\u015f, ula\u015f\u0131m hizmeti ve otel rezervasyonunu organize etti.<\/p>\n\n\n\n<p>20 \u015eubat&#8217;ta, ayn\u0131 anda tedavi orada veletler bir arkada\u015f\u0131mla birlikte \u0130stanbul&#8217;a u\u00e7tum. \u0130kimiz i\u00e7in \u0130stanbul&#8217;a ilk seyahatimiz yoktu, ama bu y\u00fczden bu g\u00fczel ve heyecan verici \u015fehirdeki kal\u0131\u015f\u0131m\u0131z konusunda \u00e7ok daha heyecanl\u0131yd\u0131. <\/p>\n\n\n\n<p>\u00c7ok keyifli bir u\u00e7u\u015f ge\u00e7irdik ve \u00f6nceden ayarlad\u0131\u011f\u0131m\u0131z gibi \u015fof\u00f6r\u00fcm\u00fcz taraf\u0131ndan havaalan\u0131ndan al\u0131nd\u0131k. Ard\u0131ndan, MedicalTravel&#8217;\u0131n bizim i\u00e7in se\u00e7ti\u011fi ve rezervasyonunu yapt\u0131\u011f\u0131 otele do\u011fruca gittik. <\/p>\n\n\n\n<p>Ameliyat\u0131m 26 \u015eubat Cumartesi g\u00fcn\u00fc oldu\u011fu i\u00e7in \u0130stanbul&#8217;un tad\u0131n\u0131 biraz daha fazla \u00e7\u0131karabildim.<\/p>\n\n\n\n<p>Cumartesi sabah\u0131, \u015fof\u00f6r beni tam zaman\u0131nda ald\u0131 ve <a href=\"https:\/\/swisslasik.ch\/home\/lasik-in-istanbul\/birinci-augenklinik\/\" data-type=\"page\" data-id=\"18\">Birincig\u00f6z G\u00f6z Klini\u011fi&#8217;ne<\/a> g\u00f6t\u00fcrd\u00fc. Terc\u00fcman beni orada bekliyordu. Beni \u00e7ok s\u0131cak bir \u015fekilde kar\u015f\u0131lad\u0131 ve \u00f6nce odama g\u00f6t\u00fcrd\u00fc. Ard\u0131ndan birka\u00e7 \u00f6n muayene yap\u0131ld\u0131. Daha sonra doktorum Do\u00e7ent Faik Oru\u00e7o\u011flu ile tan\u0131\u015ft\u0131m. \u00c7ok cana yak\u0131n ve profesyoneldi ve t\u00fcm sorular\u0131m\u0131 eksiksiz ve a\u00e7\u0131k bir \u015fekilde yan\u0131tlad\u0131.     <\/p>\n\n\n\n<p>Ve o an gelmi\u015fti\u2026<\/p>\n\n\n\n<p>Terc\u00fcman beni odamdan almaya geldi ve ameliyat da dahil olmak \u00fczere t\u00fcm s\u00fcre boyunca benimle kald\u0131. Ameliyattan \u00f6nce bana her \u015feyi ayr\u0131nt\u0131l\u0131 olarak anlatt\u0131: i\u015flemin nas\u0131l i\u015fleyece\u011fi, nas\u0131l bir his verece\u011fi ve yakla\u015f\u0131k olarak ne kadar s\u00fcrece\u011fi. <\/p>\n\n\n\n<p>Ameliyattan \u00f6nce bana sakinle\u015ftirici verdiler \u00e7\u00fcnk\u00fc ameliyat s\u0131ras\u0131nda genel anestezi alt\u0131nda olmuyorsunuz; her \u015feyi tamamen net bir \u015fekilde deneyimliyorsunuz. Sonra ameliyat odas\u0131na \u00e7a\u011fr\u0131ld\u0131m ve i\u015fte o zaman ba\u015flad\u0131. <\/p>\n\n\n\n<p>T\u00fcm operasyon \u00e7ok h\u0131zl\u0131 ve komplikasyonsuz ge\u00e7ti. Ancak benim i\u00e7in, t\u00fcm bu s\u00fcre\u00e7 olduk\u00e7a etkileyici, hatta biraz korkutucu oldu; g\u00f6zlerimde bu i\u015flemin tamam\u0131n\u0131 deneyimlemek. Operasyonun a\u011fr\u0131s\u0131z oldu\u011fu iddias\u0131n\u0131 do\u011frulayamam, \u00e7\u00fcnk\u00fc \u00f6nceden bana \u00e7ok rahats\u0131z edici ve biraz ac\u0131 verici olarak tan\u0131mlanan &#8220;hafif bir bask\u0131&#8221; hissettim. Lazer de olduk\u00e7a rahats\u0131z edici ve tedirgin ediciydi ve aniden m\u0131s\u0131r kokusu geldi, ki bu tamamen normal. Bu, endi\u015felerimin en k\u00fc\u00e7\u00fc\u011f\u00fcyd\u00fc. Ameliyattan hemen sonra odama g\u00f6t\u00fcr\u00fcld\u00fcm. Doktor \u00f6nceden bana ilk iki saat boyunca g\u00f6zlerimin biraz sulanabilece\u011fini, hafif bir batma ve yanma hissi duyabilece\u011fimi s\u00f6ylemi\u015fti.      <\/p>\n\n\n\n<p>Odam\u0131za girer girmez a\u011fr\u0131 ba\u015flad\u0131. Hafif bir a\u011fr\u0131 m\u0131? Kesinlikle hay\u0131r! Hayat\u0131mda hi\u00e7 bu kadar dayan\u0131lmaz bir g\u00f6z a\u011fr\u0131s\u0131 ya\u015famam\u0131\u015ft\u0131m. G\u00f6zlerim s\u00fcrekli sulan\u0131yordu ve yanma ve batma hissi tam d\u00f6rt saat s\u00fcrd\u00fc! Muhtemelen hayat\u0131m\u0131n en uzun d\u00f6rt saatiydi. Yatakta uzan\u0131p televizyon izleyemedim veya telefonla konu\u015famad\u0131m, \u00e7\u00fcnk\u00fc bu kesinlikle yasakt\u0131. Tabii ki, g\u00f6z ameliyat\u0131ndan sonra televizyon izlemenin iyi bir fikir olmad\u0131\u011f\u0131n\u0131 biliyordum. Hem\u015fire her saat ba\u015f\u0131 gelip bana a\u011fr\u0131 kesici damlalar ve \u00fc\u00e7 farkl\u0131 damla (antibiyotik, kortizon ve suni g\u00f6zya\u015f\u0131) verdi. Ancak, a\u011fr\u0131ya zar zor dayanabiliyordum ve her yar\u0131m saatte bir hem\u015fireyi ar\u0131yordum! Bana yard\u0131m etmek ve a\u011fr\u0131m\u0131 hafifletmek i\u00e7in \u00e7ok \u00e7abalad\u0131. Birka\u00e7 saat sonra a\u011fr\u0131 azald\u0131 ve sonunda uyuyabildim.        <\/p>\n\n\n\n<p>Ertesi g\u00fcn a\u011fr\u0131s\u0131z uyand\u0131m ve g\u00fcn boyunca g\u00f6rme yetimin giderek iyile\u015fti\u011fini fark ettim. \u0130nan\u0131lmaz bir duyguydu ve \u00f6nceki g\u00fcn\u00fcn a\u011fr\u0131s\u0131n\u0131 \u00e7abucak unuttum. Daha sonra bir kontrol yap\u0131ld\u0131 ve herhangi bir komplikasyon bulunmad\u0131. Tamamen rahatlam\u0131\u015f ve mutlu bir \u015fekilde, ayn\u0131 g\u00fcn eve u\u00e7abildim.   <\/p>\n\n\n\n<p>MedicalTravel-SwissLasik&#8217;e, doktora, \u015fof\u00f6re ve otele i\u00e7tenlikle te\u015fekk\u00fcr etmek istiyorum. Sonu\u00e7tan ve hizmetten son derece memnun kald\u0131m; onlar\u0131 g\u00f6n\u00fcl rahatl\u0131\u011f\u0131yla tavsiye ederim. Bu i\u015flemi yapt\u0131rmay\u0131 d\u00fc\u015f\u00fcn\u00fcyorsan\u0131z, hi\u00e7 teredd\u00fct etmeyin!   <strong>\u00c7ekti\u011fim ac\u0131ya ra\u011fmen, bu karar\u0131mdan asla pi\u015fman olmad\u0131m.<\/strong><\/p>\n\n\n\n<p>Ursina Decurtins, 26 \u015eubat 2022<\/p>\n\n\n\n<div class=\"wp-block-group is-layout-grid wp-container-core-group-is-layout-baef362d wp-block-group-is-layout-grid\">\n<p><a href=\"https:\/\/medicaltravel.at\/home\/agb\/\" data-type=\"page\" data-id=\"2191\" rel=\"nofollow noopener\" target=\"_blank\"><\/a><a href=\"https:\/\/swisslasik.ch\/tr\/hasta-yorumlari-lasik-goez-lazeri\/istanbulda-gerceklestirdigim-lazer-goez-ameliyatina-dair-hasta-raporum\/\" data-type=\"link\" data-id=\"https:\/\/swisslasik.ch\/tr\/hasta-yorumlari-lasik-goez-lazeri\/istanbulda-gerceklestirdigim-lazer-goez-ameliyatina-dair-hasta-raporum\/\">\u00d6nceki rapor<\/a><\/p>\n\n\n\n<p class=\"has-text-align-right wp-container-content-5e2576f9\"><a href=\"https:\/\/medicaltravel.at\/home\/impressum\/\" data-type=\"page\" data-id=\"2193\" rel=\"nofollow noopener\" target=\"_blank\"><\/a><a href=\"https:\/\/medicaltravel.at\/home\/berichte-von-patienten\/erfahrungsberichte\/erfahrungsbericht-zahnbehandlung-in-istanbul\/\" data-type=\"page\" data-id=\"981\" rel=\"nofollow noopener\" target=\"_blank\"><\/a><a href=\"https:\/\/swisslasik.ch\/tr\/hasta-yorumlari-lasik-goez-lazeri\/istanbuldaki-relex-smile-lasik-deneyimim\/\" data-type=\"link\" data-id=\"https:\/\/swisslasik.ch\/tr\/hasta-yorumlari-lasik-goez-lazeri\/istanbuldaki-relex-smile-lasik-deneyimim\/\">Sonraki rapor<\/a><\/p>\n<\/div>\n","protected":false},"excerpt":{"rendered":"<p>\u0130stanbul, T\u00fcrkiye&#8217;de lazer g\u00f6z ameliyat\u0131 deneyimim \u0130stanbul&#8217;da lazer g\u00f6z ameliyat\u0131 hakk\u0131ndaki deneyimim\/tavsiyem. \u00dc\u00e7\u00fcnc\u00fc s\u0131n\u0131ftan beri g\u00f6zl\u00fck tak\u0131yorum. Yeti\u015fkin oldu\u011fumda kontakt lenslere ge\u00e7tim. G\u00f6zl\u00fc\u011fe hi\u00e7 al\u0131\u015famad\u0131m ve kontakt lenslerle de hep sorun ya\u015fad\u0131m (g\u00f6z kurulu\u011fu, uzun s\u00fcre tak\u0131nca ba\u015f a\u011fr\u0131s\u0131 ve lenslere s\u00fcrekli yabanc\u0131 par\u00e7ac\u0131klar\u0131n tak\u0131lmas\u0131, bu da g\u00f6r\u00fc\u015f\u00fcm\u00fc bozuyordu). Bu y\u00fczden uzun s\u00fcre lazer g\u00f6z ameliyat\u0131n\u0131 d\u00fc\u015f\u00fcnd\u00fcm. Sonunda cesaretimi toplad\u0131\u011f\u0131mda, tedaviye girmeye karar verdim ve Zug&#8217;daki SwissLasik&#8217;te Bay Kara ile \u00f6n muayene i\u00e7in randevu ald\u0131m. Muayenelerden sonra, g\u00f6zlerimin bu t\u00fcr bir operasyon i\u00e7in uygun oldu\u011fu do\u011fruland\u0131. Biraz d\u00fc\u015f\u00fcnd\u00fckten sonra, tedaviye kesinlikle kaydolmaya karar verdim. SwissLasik daha sonra bana harika bir teklif yapt\u0131 ve u\u00e7u\u015f, ula\u015f\u0131m hizmeti ve otel rezervasyonunu organize etti. 20 \u015eubat&#8217;ta, ayn\u0131 anda tedavi orada veletler bir arkada\u015f\u0131mla birlikte \u0130stanbul&#8217;a u\u00e7tum. \u0130kimiz i\u00e7in \u0130stanbul&#8217;a ilk seyahatimiz yoktu, ama bu y\u00fczden bu g\u00fczel ve heyecan verici \u015fehirdeki kal\u0131\u015f\u0131m\u0131z konusunda \u00e7ok daha heyecanl\u0131yd\u0131. \u00c7ok keyifli bir u\u00e7u\u015f ge\u00e7irdik ve \u00f6nceden ayarlad\u0131\u011f\u0131m\u0131z gibi \u015fof\u00f6r\u00fcm\u00fcz taraf\u0131ndan havaalan\u0131ndan al\u0131nd\u0131k. Ard\u0131ndan, MedicalTravel&#8217;\u0131n bizim i\u00e7in se\u00e7ti\u011fi ve rezervasyonunu yapt\u0131\u011f\u0131 otele do\u011fruca gittik. Ameliyat\u0131m 26 \u015eubat Cumartesi g\u00fcn\u00fc oldu\u011fu i\u00e7in \u0130stanbul&#8217;un tad\u0131n\u0131 biraz daha fazla \u00e7\u0131karabildim. Cumartesi sabah\u0131, \u015fof\u00f6r beni tam zaman\u0131nda ald\u0131 ve Birincig\u00f6z G\u00f6z Klini\u011fi&#8217;ne g\u00f6t\u00fcrd\u00fc. Terc\u00fcman beni orada bekliyordu. Beni \u00e7ok s\u0131cak bir \u015fekilde kar\u015f\u0131lad\u0131 ve \u00f6nce odama g\u00f6t\u00fcrd\u00fc. Ard\u0131ndan birka\u00e7 \u00f6n muayene yap\u0131ld\u0131. Daha sonra doktorum Do\u00e7ent Faik Oru\u00e7o\u011flu ile tan\u0131\u015ft\u0131m. \u00c7ok cana yak\u0131n ve profesyoneldi ve t\u00fcm sorular\u0131m\u0131 eksiksiz ve a\u00e7\u0131k bir \u015fekilde yan\u0131tlad\u0131. Ve o an gelmi\u015fti\u2026 Terc\u00fcman beni odamdan almaya geldi ve ameliyat da dahil olmak \u00fczere t\u00fcm s\u00fcre boyunca benimle kald\u0131. Ameliyattan \u00f6nce bana her \u015feyi ayr\u0131nt\u0131l\u0131 olarak anlatt\u0131: i\u015flemin nas\u0131l i\u015fleyece\u011fi, nas\u0131l bir his verece\u011fi ve yakla\u015f\u0131k olarak ne kadar s\u00fcrece\u011fi. Ameliyattan \u00f6nce bana sakinle\u015ftirici verdiler \u00e7\u00fcnk\u00fc ameliyat s\u0131ras\u0131nda genel anestezi alt\u0131nda olmuyorsunuz; her \u015feyi tamamen net bir \u015fekilde deneyimliyorsunuz. Sonra ameliyat odas\u0131na \u00e7a\u011fr\u0131ld\u0131m ve i\u015fte o zaman ba\u015flad\u0131. T\u00fcm operasyon \u00e7ok h\u0131zl\u0131 ve komplikasyonsuz ge\u00e7ti. Ancak benim i\u00e7in, t\u00fcm bu s\u00fcre\u00e7 olduk\u00e7a etkileyici, hatta biraz korkutucu oldu; g\u00f6zlerimde bu i\u015flemin tamam\u0131n\u0131 deneyimlemek. Operasyonun a\u011fr\u0131s\u0131z oldu\u011fu iddias\u0131n\u0131 do\u011frulayamam, \u00e7\u00fcnk\u00fc \u00f6nceden bana \u00e7ok rahats\u0131z edici ve biraz ac\u0131 verici olarak tan\u0131mlanan &#8220;hafif bir bask\u0131&#8221; hissettim. Lazer de olduk\u00e7a rahats\u0131z edici ve tedirgin ediciydi ve aniden m\u0131s\u0131r kokusu geldi, ki bu tamamen normal. Bu, endi\u015felerimin en k\u00fc\u00e7\u00fc\u011f\u00fcyd\u00fc. Ameliyattan hemen sonra odama g\u00f6t\u00fcr\u00fcld\u00fcm. Doktor \u00f6nceden bana ilk iki saat boyunca g\u00f6zlerimin biraz sulanabilece\u011fini, hafif bir batma ve yanma hissi duyabilece\u011fimi s\u00f6ylemi\u015fti. Odam\u0131za girer girmez a\u011fr\u0131 ba\u015flad\u0131. Hafif bir a\u011fr\u0131 m\u0131? Kesinlikle hay\u0131r! Hayat\u0131mda hi\u00e7 bu kadar dayan\u0131lmaz bir g\u00f6z a\u011fr\u0131s\u0131 ya\u015famam\u0131\u015ft\u0131m. G\u00f6zlerim s\u00fcrekli sulan\u0131yordu ve yanma ve batma hissi tam d\u00f6rt saat s\u00fcrd\u00fc! Muhtemelen hayat\u0131m\u0131n en uzun d\u00f6rt saatiydi. Yatakta uzan\u0131p televizyon izleyemedim veya telefonla konu\u015famad\u0131m, \u00e7\u00fcnk\u00fc bu kesinlikle yasakt\u0131. Tabii ki, g\u00f6z ameliyat\u0131ndan sonra televizyon izlemenin iyi bir fikir olmad\u0131\u011f\u0131n\u0131 biliyordum. Hem\u015fire her saat ba\u015f\u0131 gelip bana a\u011fr\u0131 kesici damlalar ve \u00fc\u00e7 farkl\u0131 damla (antibiyotik, kortizon ve suni g\u00f6zya\u015f\u0131) verdi. Ancak, a\u011fr\u0131ya zar zor dayanabiliyordum ve her yar\u0131m saatte bir hem\u015fireyi ar\u0131yordum! Bana yard\u0131m etmek ve a\u011fr\u0131m\u0131 hafifletmek i\u00e7in \u00e7ok \u00e7abalad\u0131. Birka\u00e7 saat sonra a\u011fr\u0131 azald\u0131 ve sonunda uyuyabildim. Ertesi g\u00fcn a\u011fr\u0131s\u0131z uyand\u0131m ve g\u00fcn boyunca g\u00f6rme yetimin giderek iyile\u015fti\u011fini fark ettim. \u0130nan\u0131lmaz bir duyguydu ve \u00f6nceki g\u00fcn\u00fcn a\u011fr\u0131s\u0131n\u0131 \u00e7abucak unuttum. Daha sonra bir kontrol yap\u0131ld\u0131 ve herhangi bir komplikasyon bulunmad\u0131. Tamamen rahatlam\u0131\u015f ve mutlu bir \u015fekilde, ayn\u0131 g\u00fcn eve u\u00e7abildim. MedicalTravel-SwissLasik&#8217;e, doktora, \u015fof\u00f6re ve otele i\u00e7tenlikle te\u015fekk\u00fcr etmek istiyorum. Sonu\u00e7tan ve hizmetten son derece memnun kald\u0131m; onlar\u0131 g\u00f6n\u00fcl rahatl\u0131\u011f\u0131yla tavsiye ederim. Bu i\u015flemi yapt\u0131rmay\u0131 d\u00fc\u015f\u00fcn\u00fcyorsan\u0131z, hi\u00e7 teredd\u00fct etmeyin! \u00c7ekti\u011fim ac\u0131ya ra\u011fmen, bu karar\u0131mdan asla pi\u015fman olmad\u0131m. Ursina Decurtins, 26 \u015eubat 2022 \u00d6nceki rapor Sonraki rapor<\/p>\n","protected":false},"author":4,"featured_media":0,"parent":3801,"menu_order":0,"comment_status":"closed","ping_status":"closed","template":"","meta":{"_joinchat":[],"footnotes":""},"class_list":["post-3913","page","type-page","status-publish","hentry"],"acf":[],"_links":{"self":[{"href":"https:\/\/swisslasik.ch\/tr\/wp-json\/wp\/v2\/pages\/3913","targetHints":{"allow":["GET"]}}],"collection":[{"href":"https:\/\/swisslasik.ch\/tr\/wp-json\/wp\/v2\/pages"}],"about":[{"href":"https:\/\/swisslasik.ch\/tr\/wp-json\/wp\/v2\/types\/page"}],"author":[{"embeddable":true,"href":"https:\/\/swisslasik.ch\/tr\/wp-json\/wp\/v2\/users\/4"}],"replies":[{"embeddable":true,"href":"https:\/\/swisslasik.ch\/tr\/wp-json\/wp\/v2\/comments?post=3913"}],"version-history":[{"count":2,"href":"https:\/\/swisslasik.ch\/tr\/wp-json\/wp\/v2\/pages\/3913\/revisions"}],"predecessor-version":[{"id":4654,"href":"https:\/\/swisslasik.ch\/tr\/wp-json\/wp\/v2\/pages\/3913\/revisions\/4654"}],"up":[{"embeddable":true,"href":"https:\/\/swisslasik.ch\/tr\/wp-json\/wp\/v2\/pages\/3801"}],"wp:attachment":[{"href":"https:\/\/swisslasik.ch\/tr\/wp-json\/wp\/v2\/media?parent=3913"}],"curies":[{"name":"wp","href":"https:\/\/api.w.org\/{rel}","templated":true}]}}