{"id":3919,"date":"2025-09-24T11:19:23","date_gmt":"2025-09-24T10:19:23","guid":{"rendered":"https:\/\/swisslasik.ch\/hasta-yorumlari-lasik-goez-lazeri\/istanbulda-gerceklestirdigim-lazer-goez-ameliyatina-dair-hasta-raporum\/"},"modified":"2026-01-14T02:14:58","modified_gmt":"2026-01-14T01:14:58","slug":"istanbulda-gerceklestirdigim-lazer-goez-ameliyatina-dair-hasta-raporum","status":"publish","type":"page","link":"https:\/\/swisslasik.ch\/tr\/hasta-yorumlari-lasik-goez-lazeri\/istanbulda-gerceklestirdigim-lazer-goez-ameliyatina-dair-hasta-raporum\/","title":{"rendered":"\u0130stanbul&#8217;da ger\u00e7ekle\u015ftirdi\u011fim lazer g\u00f6z ameliyat\u0131na dair hasta raporum."},"content":{"rendered":"\n<h3 class=\"wp-block-heading\">\u0130stanbul, T\u00fcrkiye&#8217;de lazer g\u00f6z ameliyat\u0131 ile ilgili hasta raporu<\/h3>\n\n<p><strong>\u0130stanbul&#8217;da ger\u00e7ekle\u015ftirdi\u011fim lazer g\u00f6z ameliyat\u0131na dair hasta raporum.<\/strong><\/p>\n\n<p>Lazer g\u00f6z ameliyat\u0131 yapt\u0131rma fikri birka\u00e7 y\u0131ld\u0131r akl\u0131mdayd\u0131. Ancak, \u0130svi\u00e7re&#8217;deki nispeten y\u00fcksek fiyatlar ve kendi endi\u015felerim nedeniyle uzun s\u00fcre teredd\u00fct ettim. <\/p>\n\n<p>Uzun y\u0131llar sonra konuyla ilgili internette tekrar ara\u015ft\u0131rma yaparken, <a href=\"https:\/\/www.swisslasik.ch\/\">SwissLasik <\/a>taraf\u0131ndan Zug&#8217;da d\u00fczenlenen bir bilgilendirme g\u00fcn\u00fcne rastlad\u0131m. 22 Ocak 2022&#8217;de kendili\u011finden kay\u0131t oldum. <\/p>\n\n<p>Bu ilk g\u00f6r\u00fc\u015fme s\u0131ras\u0131nda sorular\u0131m ve randevu taleplerim yetkin ve nazik bir \u015fekilde ele al\u0131nd\u0131 \u200b\u200bve elbette g\u00f6zlerim \u00f6l\u00e7\u00fcld\u00fc. \u00d6l\u00e7\u00fcmlerin yakla\u015f\u0131k bir tahminini an\u0131nda ald\u0131m. Daha kesin sonu\u00e7lar birka\u00e7 g\u00fcn sonra e-posta yoluyla geldi.  <\/p>\n\n<p>Lazer g\u00f6z ameliyat\u0131 ve klinik hakk\u0131nda internet \u00fczerinden yapt\u0131\u011f\u0131m ara\u015ft\u0131rmalar sonucunda SwissLasik&#8217;in hizmetlerinden olduk\u00e7a etkilenmi\u015ftim. O\u011flunun orada tedavi g\u00f6rd\u00fc\u011f\u00fc bir meslekta\u015f\u0131m\u0131n ki\u015fisel tavsiyesi de karar\u0131m\u0131 daha da peki\u015ftirdi. <\/p>\n\n<p>Zaten \u0130stanbul&#8217;a k\u0131sa bir \u015fehir gezisi planlad\u0131\u011f\u0131m\u0131z i\u00e7in, bunu di\u011fer planlar\u0131m\u0131zla birle\u015ftirebildim. \u0130\u015flemden \u00f6nce u\u00e7u\u015flar\u0131 ve otel konaklamas\u0131n\u0131 kendimiz organize etmeye karar verdik. SwissLasik otelimizden al\u0131nma saatini, ameliyat tarihini ve d\u00f6n\u00fc\u015f u\u00e7u\u015funu ayarlad\u0131.  <\/p>\n\n<p>\u0130stanbul, uzun bir tarihe ve zengin bir k\u00fclt\u00fcr mozai\u011fine sahip bir \u015fehirdir. \u015eehri ke\u015ffetmek i\u00e7in yap\u0131lacak bir ziyaret kesinlikle de\u011ferlidir. <\/p>\n\n<p>Otelden klini\u011fe transfer saati, Almanca konu\u015fan koordinat\u00f6r\u00fcm\u00fcz taraf\u0131ndan bir g\u00fcn \u00f6nce WhatsApp \u00fczerinden bize iletildi. 26 May\u0131s 2022&#8217;de otelden al\u0131nd\u0131k ve do\u011frudan klini\u011fe g\u00f6t\u00fcr\u00fcld\u00fck. Var\u0131\u015fta, bagajlar\u0131m\u0131zla birlikte do\u011frudan odam\u0131za g\u00f6t\u00fcr\u00fcld\u00fck ve koordinat\u00f6r\u00fcm\u00fcz\u00fc bekledik. Kendisiyle i\u015flemle ilgili di\u011fer sorular\u0131m\u0131z\u0131 da netle\u015ftirebildik. Sabah, \u00f6n muayeneler yap\u0131ld\u0131 ve bu s\u0131rada ilk kez ilgili doktor Prof. Dr. Faik Oru\u00e7o\u011flu ile tan\u0131\u015ft\u0131k. Bu \u00f6n muayenelerin sonunda, tedavinin m\u00fcmk\u00fcn oldu\u011fu ve hangi tekni\u011fin kullan\u0131laca\u011f\u0131 netle\u015fti.     <\/p>\n\n<p>\u0130\u015flem ayn\u0131 \u00f6\u011fleden sonra ger\u00e7ekle\u015fti. Almanca konu\u015fan bak\u0131c\u0131m t\u00fcm s\u00fcre\u00e7 boyunca bana e\u015flik etti. \u0130\u015flemden yakla\u015f\u0131k 30 dakika \u00f6nce sakinle\u015ftirici verildi, g\u00f6zlerim uyu\u015fturuldu ve b\u00f6lge dezenfekte edildi. \u0130\u015flemin ilk b\u00f6l\u00fcm\u00fcnde etkilenen g\u00f6z\u00fcmde bir bask\u0131 hissettim. \u0130kinci b\u00f6l\u00fcm\u00fcnde ise neredeyse hi\u00e7bir \u015fey hissetmedim. T\u00fcm i\u015flem en fazla 10 dakika s\u00fcrd\u00fc. \u0130\u015flemden sonra g\u00f6r\u00fc\u015f\u00fcm hala biraz bulan\u0131kt\u0131 ama \u00f6ncesine g\u00f6re belirgin \u015fekilde daha iyiydi. Hemen ard\u0131ndan, nas\u0131l ge\u00e7ti\u011fi hakk\u0131nda bilgilendirildi\u011fim k\u0131sa bir takip randevusu vard\u0131. Daha sonra g\u00f6zlerimi ovu\u015fturmam\u0131 \u00f6nlemek ve \u00e7ok fazla \u0131\u015f\u0131ktan korumak i\u00e7in koyu renkli koruyucu g\u00f6zl\u00fckler verildi.        <\/p>\n\n<p>\u0130\u015flemden sonraki \u00fc\u00e7 d\u00f6rt saat boyunca g\u00f6zlerimde, sert bir so\u011fan\u0131 do\u011frad\u0131ktan sonraki yanma hissine benzer bir yanma hissettim. Bu s\u00fcre zarf\u0131nda g\u00f6zlerimi kapal\u0131 tutmam tavsiye edildi ve son derece g\u00fcler y\u00fczl\u00fc personel her saat ba\u015f\u0131 g\u00f6z damlas\u0131 damlatt\u0131. Onlar\u0131n tavsiyesi \u00fczerine o gece koruyucu g\u00f6zl\u00fck takarak uyudum.  <\/p>\n\n<p>Ertesi g\u00fcn art\u0131k hi\u00e7 a\u011fr\u0131m kalmam\u0131\u015ft\u0131 ve g\u00f6zlerim \u00e7ok iyi g\u00f6r\u00fcyordu. Kontrol randevusu i\u00e7in yine bak\u0131c\u0131m\u0131z taraf\u0131ndan al\u0131nd\u0131k ve ilgilenildik. <\/p>\n\n<p>Klinikten havaalan\u0131na olan transfer de yine sorunsuz bir \u015fekilde ger\u00e7ekle\u015fti.<\/p>\n\n<p>Klinik fena durumda de\u011fil. Refakat\u00e7i i\u00e7in ayr\u0131lan yatak, a\u00e7\u0131l\u0131r kapan\u0131r bir koltuk ve pek rahat de\u011fil. Ne yaz\u0131k ki, muhtemelen elektrik tasarrufu amac\u0131yla, s\u0131cakl\u0131k 30\u00b0C&#8217;ye yakla\u015fmas\u0131na ra\u011fmen binadaki klima \u00e7al\u0131\u015ft\u0131r\u0131lmam\u0131\u015ft\u0131. Bu durum, kal\u0131\u015f\u0131 biraz tats\u0131z hale getirdi. Kal\u0131\u015f s\u00fcresince yemek sa\u011flan\u0131yor ve yeterli. Ancak, \u00f6\u011fle ve ak\u015fam yemeklerinde ayn\u0131 men\u00fc servis ediliyor. Bu durum, doktorlar\u0131n yetkinli\u011fi ve g\u00fcler y\u00fczl\u00fc personel sayesinde telafi edildi.      <\/p>\n\n<p>Sonu\u00e7:<br\/>SwissLasik&#8217;ten m\u00fckemmel tavsiye ve destek ald\u0131m. Onlar\u0131 \u015fiddetle tavsiye ediyorum.<\/p>\n\n<p>Tedavi s\u00fcreci olduk\u00e7a iyi ge\u00e7ti ve klini\u011fin ufak tefek dezavantajlar\u0131 d\u0131\u015f\u0131nda, kendi a\u00e7\u0131mdan kesinlikle tavsiye ederim.<\/p>\n\n<p>1 Haziran 2022 Reto Schmid<\/p>\n\n<div class=\"wp-block-group is-layout-grid wp-container-core-group-is-layout-baef362d wp-block-group-is-layout-grid\">\n<p><a href=\"https:\/\/medicaltravel.at\/home\/agb\/\" data-type=\"page\" data-id=\"2191\" rel=\"nofollow noopener\" target=\"_blank\"><\/a><a href=\"https:\/\/swisslasik.ch\/tr\/hasta-yorumlari-lasik-goez-lazeri\/antalya-tuerkiyede-relex-smile-lazer-goez-ameliyati-oenerisi\/\" data-type=\"link\" data-id=\"https:\/\/swisslasik.ch\/patientenberichte-lasik\/erfahrungsbericht-relexsmile-antalya\/\">\u00d6nceki rapor<\/a><\/p>\n\n\n\n<p class=\"has-text-align-right wp-container-content-5e2576f9\"><a href=\"https:\/\/medicaltravel.at\/home\/impressum\/\" data-type=\"page\" data-id=\"2193\" rel=\"nofollow noopener\" target=\"_blank\"><\/a><a href=\"https:\/\/medicaltravel.at\/home\/berichte-von-patienten\/erfahrungsberichte\/erfahrungsbericht-zahnbehandlung-in-istanbul\/\" data-type=\"page\" data-id=\"981\" rel=\"nofollow noopener\" target=\"_blank\"><\/a><a href=\"https:\/\/swisslasik.ch\/tr\/hasta-yorumlari-lasik-goez-lazeri\/istanbulda-lazer-goez-ameliyati-ile-ilgili-26-subat-2022-tarihli-deneyim-raporum\/\" data-type=\"link\" data-id=\"https:\/\/swisslasik.ch\/home\/patientenberichte-lasik\/meine-erfahrung-augenlaser-op-istanbul\/\">Sonraki rapor<\/a><\/p>\n<\/div>\n","protected":false},"excerpt":{"rendered":"<p>\u0130stanbul, T\u00fcrkiye&#8217;de lazer g\u00f6z ameliyat\u0131 ile ilgili hasta raporu \u0130stanbul&#8217;da ger\u00e7ekle\u015ftirdi\u011fim lazer g\u00f6z ameliyat\u0131na dair hasta raporum. Lazer g\u00f6z ameliyat\u0131 yapt\u0131rma fikri birka\u00e7 y\u0131ld\u0131r akl\u0131mdayd\u0131. Ancak, \u0130svi\u00e7re&#8217;deki nispeten y\u00fcksek fiyatlar ve kendi endi\u015felerim nedeniyle uzun s\u00fcre teredd\u00fct ettim. Uzun y\u0131llar sonra konuyla ilgili internette tekrar ara\u015ft\u0131rma yaparken, SwissLasik taraf\u0131ndan Zug&#8217;da d\u00fczenlenen bir bilgilendirme g\u00fcn\u00fcne rastlad\u0131m. 22 Ocak 2022&#8217;de kendili\u011finden kay\u0131t oldum. Bu ilk g\u00f6r\u00fc\u015fme s\u0131ras\u0131nda sorular\u0131m ve randevu taleplerim yetkin ve nazik bir \u015fekilde ele al\u0131nd\u0131 \u200b\u200bve elbette g\u00f6zlerim \u00f6l\u00e7\u00fcld\u00fc. \u00d6l\u00e7\u00fcmlerin yakla\u015f\u0131k bir tahminini an\u0131nda ald\u0131m. Daha kesin sonu\u00e7lar birka\u00e7 g\u00fcn sonra e-posta yoluyla geldi. Lazer g\u00f6z ameliyat\u0131 ve klinik hakk\u0131nda internet \u00fczerinden yapt\u0131\u011f\u0131m ara\u015ft\u0131rmalar sonucunda SwissLasik&#8217;in hizmetlerinden olduk\u00e7a etkilenmi\u015ftim. O\u011flunun orada tedavi g\u00f6rd\u00fc\u011f\u00fc bir meslekta\u015f\u0131m\u0131n ki\u015fisel tavsiyesi de karar\u0131m\u0131 daha da peki\u015ftirdi. Zaten \u0130stanbul&#8217;a k\u0131sa bir \u015fehir gezisi planlad\u0131\u011f\u0131m\u0131z i\u00e7in, bunu di\u011fer planlar\u0131m\u0131zla birle\u015ftirebildim. \u0130\u015flemden \u00f6nce u\u00e7u\u015flar\u0131 ve otel konaklamas\u0131n\u0131 kendimiz organize etmeye karar verdik. SwissLasik otelimizden al\u0131nma saatini, ameliyat tarihini ve d\u00f6n\u00fc\u015f u\u00e7u\u015funu ayarlad\u0131. \u0130stanbul, uzun bir tarihe ve zengin bir k\u00fclt\u00fcr mozai\u011fine sahip bir \u015fehirdir. \u015eehri ke\u015ffetmek i\u00e7in yap\u0131lacak bir ziyaret kesinlikle de\u011ferlidir. Otelden klini\u011fe transfer saati, Almanca konu\u015fan koordinat\u00f6r\u00fcm\u00fcz taraf\u0131ndan bir g\u00fcn \u00f6nce WhatsApp \u00fczerinden bize iletildi. 26 May\u0131s 2022&#8217;de otelden al\u0131nd\u0131k ve do\u011frudan klini\u011fe g\u00f6t\u00fcr\u00fcld\u00fck. Var\u0131\u015fta, bagajlar\u0131m\u0131zla birlikte do\u011frudan odam\u0131za g\u00f6t\u00fcr\u00fcld\u00fck ve koordinat\u00f6r\u00fcm\u00fcz\u00fc bekledik. Kendisiyle i\u015flemle ilgili di\u011fer sorular\u0131m\u0131z\u0131 da netle\u015ftirebildik. Sabah, \u00f6n muayeneler yap\u0131ld\u0131 ve bu s\u0131rada ilk kez ilgili doktor Prof. Dr. Faik Oru\u00e7o\u011flu ile tan\u0131\u015ft\u0131k. Bu \u00f6n muayenelerin sonunda, tedavinin m\u00fcmk\u00fcn oldu\u011fu ve hangi tekni\u011fin kullan\u0131laca\u011f\u0131 netle\u015fti. \u0130\u015flem ayn\u0131 \u00f6\u011fleden sonra ger\u00e7ekle\u015fti. Almanca konu\u015fan bak\u0131c\u0131m t\u00fcm s\u00fcre\u00e7 boyunca bana e\u015flik etti. \u0130\u015flemden yakla\u015f\u0131k 30 dakika \u00f6nce sakinle\u015ftirici verildi, g\u00f6zlerim uyu\u015fturuldu ve b\u00f6lge dezenfekte edildi. \u0130\u015flemin ilk b\u00f6l\u00fcm\u00fcnde etkilenen g\u00f6z\u00fcmde bir bask\u0131 hissettim. \u0130kinci b\u00f6l\u00fcm\u00fcnde ise neredeyse hi\u00e7bir \u015fey hissetmedim. T\u00fcm i\u015flem en fazla 10 dakika s\u00fcrd\u00fc. \u0130\u015flemden sonra g\u00f6r\u00fc\u015f\u00fcm hala biraz bulan\u0131kt\u0131 ama \u00f6ncesine g\u00f6re belirgin \u015fekilde daha iyiydi. Hemen ard\u0131ndan, nas\u0131l ge\u00e7ti\u011fi hakk\u0131nda bilgilendirildi\u011fim k\u0131sa bir takip randevusu vard\u0131. Daha sonra g\u00f6zlerimi ovu\u015fturmam\u0131 \u00f6nlemek ve \u00e7ok fazla \u0131\u015f\u0131ktan korumak i\u00e7in koyu renkli koruyucu g\u00f6zl\u00fckler verildi. \u0130\u015flemden sonraki \u00fc\u00e7 d\u00f6rt saat boyunca g\u00f6zlerimde, sert bir so\u011fan\u0131 do\u011frad\u0131ktan sonraki yanma hissine benzer bir yanma hissettim. Bu s\u00fcre zarf\u0131nda g\u00f6zlerimi kapal\u0131 tutmam tavsiye edildi ve son derece g\u00fcler y\u00fczl\u00fc personel her saat ba\u015f\u0131 g\u00f6z damlas\u0131 damlatt\u0131. Onlar\u0131n tavsiyesi \u00fczerine o gece koruyucu g\u00f6zl\u00fck takarak uyudum. Ertesi g\u00fcn art\u0131k hi\u00e7 a\u011fr\u0131m kalmam\u0131\u015ft\u0131 ve g\u00f6zlerim \u00e7ok iyi g\u00f6r\u00fcyordu. Kontrol randevusu i\u00e7in yine bak\u0131c\u0131m\u0131z taraf\u0131ndan al\u0131nd\u0131k ve ilgilenildik. Klinikten havaalan\u0131na olan transfer de yine sorunsuz bir \u015fekilde ger\u00e7ekle\u015fti. Klinik fena durumda de\u011fil. Refakat\u00e7i i\u00e7in ayr\u0131lan yatak, a\u00e7\u0131l\u0131r kapan\u0131r bir koltuk ve pek rahat de\u011fil. Ne yaz\u0131k ki, muhtemelen elektrik tasarrufu amac\u0131yla, s\u0131cakl\u0131k 30\u00b0C&#8217;ye yakla\u015fmas\u0131na ra\u011fmen binadaki klima \u00e7al\u0131\u015ft\u0131r\u0131lmam\u0131\u015ft\u0131. Bu durum, kal\u0131\u015f\u0131 biraz tats\u0131z hale getirdi. Kal\u0131\u015f s\u00fcresince yemek sa\u011flan\u0131yor ve yeterli. Ancak, \u00f6\u011fle ve ak\u015fam yemeklerinde ayn\u0131 men\u00fc servis ediliyor. Bu durum, doktorlar\u0131n yetkinli\u011fi ve g\u00fcler y\u00fczl\u00fc personel sayesinde telafi edildi. Sonu\u00e7:SwissLasik&#8217;ten m\u00fckemmel tavsiye ve destek ald\u0131m. Onlar\u0131 \u015fiddetle tavsiye ediyorum. Tedavi s\u00fcreci olduk\u00e7a iyi ge\u00e7ti ve klini\u011fin ufak tefek dezavantajlar\u0131 d\u0131\u015f\u0131nda, kendi a\u00e7\u0131mdan kesinlikle tavsiye ederim. 1 Haziran 2022 Reto Schmid \u00d6nceki rapor Sonraki rapor<\/p>\n","protected":false},"author":4,"featured_media":0,"parent":3801,"menu_order":0,"comment_status":"closed","ping_status":"closed","template":"","meta":{"_joinchat":[],"footnotes":""},"class_list":["post-3919","page","type-page","status-publish","hentry"],"acf":[],"_links":{"self":[{"href":"https:\/\/swisslasik.ch\/tr\/wp-json\/wp\/v2\/pages\/3919","targetHints":{"allow":["GET"]}}],"collection":[{"href":"https:\/\/swisslasik.ch\/tr\/wp-json\/wp\/v2\/pages"}],"about":[{"href":"https:\/\/swisslasik.ch\/tr\/wp-json\/wp\/v2\/types\/page"}],"author":[{"embeddable":true,"href":"https:\/\/swisslasik.ch\/tr\/wp-json\/wp\/v2\/users\/4"}],"replies":[{"embeddable":true,"href":"https:\/\/swisslasik.ch\/tr\/wp-json\/wp\/v2\/comments?post=3919"}],"version-history":[{"count":1,"href":"https:\/\/swisslasik.ch\/tr\/wp-json\/wp\/v2\/pages\/3919\/revisions"}],"predecessor-version":[{"id":3920,"href":"https:\/\/swisslasik.ch\/tr\/wp-json\/wp\/v2\/pages\/3919\/revisions\/3920"}],"up":[{"embeddable":true,"href":"https:\/\/swisslasik.ch\/tr\/wp-json\/wp\/v2\/pages\/3801"}],"wp:attachment":[{"href":"https:\/\/swisslasik.ch\/tr\/wp-json\/wp\/v2\/media?parent=3919"}],"curies":[{"name":"wp","href":"https:\/\/api.w.org\/{rel}","templated":true}]}}