{"id":3921,"date":"2025-09-24T11:54:34","date_gmt":"2025-09-24T10:54:34","guid":{"rendered":"https:\/\/swisslasik.ch\/hasta-yorumlari-lasik-goez-lazeri\/istanbuldaki-lens-tedavim-13-kasim-2015-cuma-tarihli-rapor\/"},"modified":"2026-01-14T02:37:32","modified_gmt":"2026-01-14T01:37:32","slug":"istanbuldaki-lens-tedavim-13-kasim-2015-cuma-tarihli-rapor","status":"publish","type":"page","link":"https:\/\/swisslasik.ch\/tr\/hasta-yorumlari-lasik-goez-lazeri\/istanbuldaki-lens-tedavim-13-kasim-2015-cuma-tarihli-rapor\/","title":{"rendered":"\u0130stanbul&#8217;daki lens tedavim \u2013 13 Kas\u0131m 2015 Cuma tarihli rapor"},"content":{"rendered":"\n<h3 class=\"wp-block-heading\">\u0130stanbul&#8217;daki lens tedavim \u2013 13 Kas\u0131m 2015 Cuma tarihli rapor<\/h3>\n\n\n\n<p>\u00dc\u00e7 y\u0131l \u00f6nce, \u0130svi\u00e7re&#8217;de lens implantasyonunun benim i\u00e7in bir se\u00e7enek olup olmad\u0131\u011f\u0131n\u0131 ara\u015ft\u0131rd\u0131m. Evet, m\u00fcmk\u00fcnd\u00fc, ancak g\u00f6z ba\u015f\u0131na 5.000 \u0130svi\u00e7re frang\u0131 daha pahal\u0131yd\u0131 ve bu paray\u0131 hemen kar\u015f\u0131layam\u0131yordum. Masrafa de\u011fip de\u011fmeyece\u011fini d\u00fc\u015f\u00fcnmek i\u00e7in konuyu bir kenara b\u0131rakt\u0131m. \u0130ki y\u0131l sonra, bir arkada\u015f\u0131m \u0130stanbul&#8217;da lazer g\u00f6z ameliyat\u0131 ge\u00e7irdi\u011fini s\u00f6yledi. Bu beni internette ara\u015ft\u0131rma yapmaya ve farkl\u0131 teklifleri kar\u015f\u0131la\u015ft\u0131rmaya motive etti. B\u00f6ylece Swisslasik&#8217;i buldum ve onlardan m\u00fckemmel ve h\u0131zl\u0131 bilgi ald\u0131m. Sonunda bir tarih belirlemem biraz zaman ald\u0131. Birdenbire, e\u011fitimim ve staj de\u011fi\u015fikli\u011fi nedeniyle her \u015fey \u00e7ok h\u0131zl\u0131 bir \u015fekilde ger\u00e7ekle\u015fmek zorunda kald\u0131. Randevumdan iki hafta \u00f6nce, Ekim ba\u015f\u0131nda \u0130stanbul&#8217;a u\u00e7maya karar verdim. Bu Swisslasik i\u00e7in sorun de\u011fildi ve rezervasyon yap\u0131ld\u0131. Biletimi, t\u00fcm bilgileri ve \u0130stanbul haritas\u0131n\u0131 posta yoluyla ald\u0131m. Bu, iyice haz\u0131rlanmam\u0131 ve ne beklemem gerekti\u011fini bilmemi sa\u011flad\u0131. Ayr\u0131ca \u0130stanbul&#8217;da mutlaka g\u00f6rmem gerekenler hakk\u0131nda arkada\u015flar\u0131mla fikir al\u0131\u015fveri\u015finde bulunabildim.            <\/p>\n\n\n\n<p>1. G\u00fcn<br>Pazartesi ak\u015fam\u0131 \u0130stanbul&#8217;a ge\u00e7 vard\u0131m ve \u015fof\u00f6r beni zaten bekliyordu. Ne yaz\u0131k ki, \u015fof\u00f6rlerin hi\u00e7biri \u00e7ok iyi \u0130ngilizce konu\u015fmuyordu, ama yine de bana bir \u015feyler anlatmaya veya sorular sormaya \u00e7al\u0131\u015ft\u0131lar! <\/p>\n\n\n\n<p>Levent Oteli son derece iyi bir konumda, personeli g\u00fcler y\u00fczl\u00fc ve odalar\u0131 olduk\u00e7a iyi ve temiz. Kahvalt\u0131 b\u00fcfesi de son derece zengin ve \u00e7e\u015fitli. \u0130ngilizce ve hatta Almanca sorunsuz bir \u015fekilde konu\u015fuluyordu.  <\/p>\n\n\n\n<p>2. G\u00fcn<br>G\u00fczel bir kahvalt\u0131n\u0131n ard\u0131ndan, ba\u015fka bir \u015fof\u00f6r taraf\u0131ndan zaman\u0131nda al\u0131nd\u0131m ve klini\u011fe g\u00f6t\u00fcr\u00fcld\u00fcm. Terc\u00fcman\u0131m zaten oradayd\u0131 ve beni heyecanla bekliyordu. \u0130lk muayene h\u0131zl\u0131 ve keyifli ge\u00e7ti. Doktor t\u00fcm sorular\u0131m\u0131 yan\u0131tlad\u0131ktan sonra, hastanede ge\u00e7irdi\u011fim zaman\u0131 di\u015flerimi muayene etmek i\u00e7in kulland\u0131m. Ard\u0131ndan otele geri g\u00f6t\u00fcr\u00fcld\u00fcm. \u00d6\u011fleden sonray\u0131 \u015fehri biraz ke\u015ffederek ge\u00e7irdim.     <\/p>\n\n\n\n<p>3. G\u00fcn<br>Genel anestezi ve her iki g\u00f6z\u00fcme de ayn\u0131 anda ameliyat yap\u0131ld\u0131\u011f\u0131 i\u00e7in sabah 7:30&#8217;da kahvalt\u0131ya gitmek zorunda kald\u0131m. Sonras\u0131nda, \u0130stanbul&#8217;un eski \u015fehrini ke\u015ffetmek i\u00e7in t\u00fcm sabah\u0131m vard\u0131. O g\u00fcn \u015fof\u00f6r bile otele erken geldi ve neredeyse strese girdim \ud83d\ude42  <\/p>\n\n\n\n<p>Hastaneye vard\u0131\u011f\u0131mda, ameliyat i\u00e7in yava\u015f yava\u015f haz\u0131rland\u0131m ve ameliyat odas\u0131na al\u0131nmadan \u00f6nce uzun s\u00fcre bekledim. Ama benim a\u00e7\u0131mdan hi\u00e7 de k\u00f6t\u00fc de\u011fildi \u00e7\u00fcnk\u00fc s\u00fcrekli uyukluyordum. Daha \u00f6nce hi\u00e7 hastaneye gitmedi\u011fim i\u00e7in her \u015fey benim i\u00e7in yeniydi. Genel anestezi alt\u0131nda yakla\u015f\u0131k 30 dakika s\u00fcren bir ameliyat ge\u00e7irdim ve uyand\u0131\u011f\u0131mda kayak g\u00f6zl\u00fc\u011f\u00fcne benzer bir \u015fey tak\u0131yordum. Hi\u00e7 ac\u0131 hissetmedim ve sanki g\u00f6zl\u00fck takm\u0131yormu\u015fum gibi g\u00f6rebiliyordum \u2013 benim durumumda, bir ben gibi. Sonras\u0131nda her \u015fey tekrar kontrol edildi ve bana k\u00fc\u00e7\u00fck bir at\u0131\u015ft\u0131rmal\u0131k verildi. Ard\u0131ndan her saat ba\u015f\u0131 damlatmam gereken g\u00f6z damlas\u0131 ve bir krem \u200b\u200bverildi. Otele d\u00f6nd\u00fckten sonra biraz uyudum ve her saat ba\u015f\u0131 g\u00f6zlerime damlatt\u0131m. Bir sonraki uyan\u0131\u015f\u0131mda saat 22:13&#8217;t\u00fc ve \u00e7ok daha iyi g\u00f6rebiliyordum. Bir mucize gibiydi ve iki kez bakmak zorunda kald\u0131m.         <\/p>\n\n\n\n<p>4. G\u00fcn<br>Bu sabah biraz mide bulant\u0131s\u0131 hissettim, bu y\u00fczden kahvalt\u0131 yapmadan klini\u011fe gittim. Kontrol randevum vard\u0131 ve doktor ilerlememden \u00e7ok memnun kald\u0131. G\u00f6zlerim de giderek daha iyiye gidiyordu. G\u00f6zlerim her taraf\u0131 a\u015f\u0131r\u0131 derecede k\u0131zarm\u0131\u015ft\u0131, ancak bu bir ay i\u00e7inde ge\u00e7ecektir. Astigmatizmay\u0131 d\u00fczeltmek i\u00e7in bir \u015fey yapmam\u0131z gerekip gerekmedi\u011fini veya her \u015feyin oldu\u011fu gibi iyi olup olmad\u0131\u011f\u0131n\u0131 g\u00f6rmek i\u00e7in \u00fc\u00e7 ay sonra tekrar kontrol edece\u011fiz.   <\/p>\n\n\n\n<p>Ho\u015f bir vedala\u015fman\u0131n ard\u0131ndan otele geri g\u00f6t\u00fcr\u00fcld\u00fcm ve biraz dinlenmeye ihtiyac\u0131m vard\u0131. Parlak \u0131\u015f\u0131k ve hareketli g\u00f6r\u00fcnt\u00fclerden g\u00f6zlerim \u00e7ok \u00e7abuk yorulmu\u015ftu. \u00d6\u011fleden sonra biraz d\u0131\u015far\u0131 \u00e7\u0131kmak istedim, ancak 30 dakika sonra g\u00f6zlerim sanki b\u00fct\u00fcn gece a\u011flam\u0131\u015f gibi hissetti\u011fim i\u00e7in otele geri d\u00f6nmek zorunda kald\u0131m ve bir s\u00fcre odamda dinlendim.  <\/p>\n\n\n\n<p>5. G\u00fcn<br>\u0130stanbul&#8217;daki son g\u00fcn\u00fcm\u00fc ge\u00e7irdim ve son kez farkl\u0131 bir \u015fof\u00f6r taraf\u0131ndan havaalan\u0131na g\u00f6t\u00fcr\u00fcld\u00fcm. G\u00f6zlerim \u00e7ok daha iyiydi; sadece \u00e7abuk yoruluyordum. <\/p>\n\n\n\n<p>Bir ay sonra g\u00f6zlerimdeki k\u0131zar\u0131kl\u0131k yava\u015f yava\u015f kayboluyor ve her g\u00fcn g\u00f6zl\u00fcks\u00fcz yeni bir d\u00fcnyan\u0131n tad\u0131n\u0131 \u00e7\u0131kar\u0131yorum. Gelir gelmez hemen kontrole gitmem gerekti ve bu da \u00e7ok iyi ge\u00e7ti. Gelecek hafta ikinci randevum var ve g\u00f6zlerimdeki geli\u015fmelerin nas\u0131l ilerleyece\u011fini merak ediyorum.  <\/p>\n\n\n\n<p>\u0130stanbul&#8217;u ziyaret etti\u011fime kesinlikle pi\u015fman de\u011filim, \u00e7\u00fcnk\u00fc her \u015fey harika ve m\u00fckemmel bir \u015fekilde organize edilmi\u015fti ve \u0130stanbul&#8217;u bir \u015fehir olarak -ve yemeklerini de- ger\u00e7ekten \u00e7ok sevdim. <\/p>\n\n\n\n<p>Regula Rufer<\/p>\n\n\n\n<div class=\"wp-block-group is-layout-grid wp-container-core-group-is-layout-baef362d wp-block-group-is-layout-grid\">\n<p><a href=\"https:\/\/medicaltravel.at\/home\/agb\/\" data-type=\"page\" data-id=\"2191\" rel=\"nofollow noopener\" target=\"_blank\"><\/a><a href=\"https:\/\/swisslasik.ch\/tr\/hasta-yorumlari-lasik-goez-lazeri\/sac-ekimi-deneyimim-raporu-tuerkiye-13-kasim-2015-cuma-tarihli-rapor\/\" data-type=\"link\" data-id=\"https:\/\/swisslasik.ch\/patientenberichte-lasik\/mein-eigenhaartransplatations-erfahrungsbericht-turkei-bericht-vom-freitag-13-november-2015\/\">\u00d6nceki rapor<\/a><\/p>\n\n\n\n<p class=\"has-text-align-right wp-container-content-5e2576f9\"><a href=\"https:\/\/medicaltravel.at\/home\/impressum\/\" data-type=\"page\" data-id=\"2193\" rel=\"nofollow noopener\" target=\"_blank\"><\/a><a href=\"https:\/\/medicaltravel.at\/home\/berichte-von-patienten\/erfahrungsberichte\/erfahrungsbericht-zahnbehandlung-in-istanbul\/\" data-type=\"page\" data-id=\"981\" rel=\"nofollow noopener\" target=\"_blank\"><\/a><a href=\"https:\/\/swisslasik.ch\/tr\/hasta-yorumlari-lasik-goez-lazeri\/istanbul-tuerkiyedeki-dis-implantlarim-10-kasim-2015-sali-tarihli-rapor\/\" data-type=\"link\" data-id=\"https:\/\/swisslasik.ch\/tr\/hasta-yorumlari-lasik-goez-lazeri\/istanbul-tuerkiyedeki-dis-implantlarim-10-kasim-2015-sali-tarihli-rapor\/\">Sonraki rapor<\/a><\/p>\n<\/div>\n","protected":false},"excerpt":{"rendered":"<p>\u0130stanbul&#8217;daki lens tedavim \u2013 13 Kas\u0131m 2015 Cuma tarihli rapor \u00dc\u00e7 y\u0131l \u00f6nce, \u0130svi\u00e7re&#8217;de lens implantasyonunun benim i\u00e7in bir se\u00e7enek olup olmad\u0131\u011f\u0131n\u0131 ara\u015ft\u0131rd\u0131m. Evet, m\u00fcmk\u00fcnd\u00fc, ancak g\u00f6z ba\u015f\u0131na 5.000 \u0130svi\u00e7re frang\u0131 daha pahal\u0131yd\u0131 ve bu paray\u0131 hemen kar\u015f\u0131layam\u0131yordum. Masrafa de\u011fip de\u011fmeyece\u011fini d\u00fc\u015f\u00fcnmek i\u00e7in konuyu bir kenara b\u0131rakt\u0131m. \u0130ki y\u0131l sonra, bir arkada\u015f\u0131m \u0130stanbul&#8217;da lazer g\u00f6z ameliyat\u0131 ge\u00e7irdi\u011fini s\u00f6yledi. Bu beni internette ara\u015ft\u0131rma yapmaya ve farkl\u0131 teklifleri kar\u015f\u0131la\u015ft\u0131rmaya motive etti. B\u00f6ylece Swisslasik&#8217;i buldum ve onlardan m\u00fckemmel ve h\u0131zl\u0131 bilgi ald\u0131m. Sonunda bir tarih belirlemem biraz zaman ald\u0131. Birdenbire, e\u011fitimim ve staj de\u011fi\u015fikli\u011fi nedeniyle her \u015fey \u00e7ok h\u0131zl\u0131 bir \u015fekilde ger\u00e7ekle\u015fmek zorunda kald\u0131. Randevumdan iki hafta \u00f6nce, Ekim ba\u015f\u0131nda \u0130stanbul&#8217;a u\u00e7maya karar verdim. Bu Swisslasik i\u00e7in sorun de\u011fildi ve rezervasyon yap\u0131ld\u0131. Biletimi, t\u00fcm bilgileri ve \u0130stanbul haritas\u0131n\u0131 posta yoluyla ald\u0131m. Bu, iyice haz\u0131rlanmam\u0131 ve ne beklemem gerekti\u011fini bilmemi sa\u011flad\u0131. Ayr\u0131ca \u0130stanbul&#8217;da mutlaka g\u00f6rmem gerekenler hakk\u0131nda arkada\u015flar\u0131mla fikir al\u0131\u015fveri\u015finde bulunabildim. 1. G\u00fcnPazartesi ak\u015fam\u0131 \u0130stanbul&#8217;a ge\u00e7 vard\u0131m ve \u015fof\u00f6r beni zaten bekliyordu. Ne yaz\u0131k ki, \u015fof\u00f6rlerin hi\u00e7biri \u00e7ok iyi \u0130ngilizce konu\u015fmuyordu, ama yine de bana bir \u015feyler anlatmaya veya sorular sormaya \u00e7al\u0131\u015ft\u0131lar! Levent Oteli son derece iyi bir konumda, personeli g\u00fcler y\u00fczl\u00fc ve odalar\u0131 olduk\u00e7a iyi ve temiz. Kahvalt\u0131 b\u00fcfesi de son derece zengin ve \u00e7e\u015fitli. \u0130ngilizce ve hatta Almanca sorunsuz bir \u015fekilde konu\u015fuluyordu. 2. G\u00fcnG\u00fczel bir kahvalt\u0131n\u0131n ard\u0131ndan, ba\u015fka bir \u015fof\u00f6r taraf\u0131ndan zaman\u0131nda al\u0131nd\u0131m ve klini\u011fe g\u00f6t\u00fcr\u00fcld\u00fcm. Terc\u00fcman\u0131m zaten oradayd\u0131 ve beni heyecanla bekliyordu. \u0130lk muayene h\u0131zl\u0131 ve keyifli ge\u00e7ti. Doktor t\u00fcm sorular\u0131m\u0131 yan\u0131tlad\u0131ktan sonra, hastanede ge\u00e7irdi\u011fim zaman\u0131 di\u015flerimi muayene etmek i\u00e7in kulland\u0131m. Ard\u0131ndan otele geri g\u00f6t\u00fcr\u00fcld\u00fcm. \u00d6\u011fleden sonray\u0131 \u015fehri biraz ke\u015ffederek ge\u00e7irdim. 3. G\u00fcnGenel anestezi ve her iki g\u00f6z\u00fcme de ayn\u0131 anda ameliyat yap\u0131ld\u0131\u011f\u0131 i\u00e7in sabah 7:30&#8217;da kahvalt\u0131ya gitmek zorunda kald\u0131m. Sonras\u0131nda, \u0130stanbul&#8217;un eski \u015fehrini ke\u015ffetmek i\u00e7in t\u00fcm sabah\u0131m vard\u0131. O g\u00fcn \u015fof\u00f6r bile otele erken geldi ve neredeyse strese girdim \ud83d\ude42 Hastaneye vard\u0131\u011f\u0131mda, ameliyat i\u00e7in yava\u015f yava\u015f haz\u0131rland\u0131m ve ameliyat odas\u0131na al\u0131nmadan \u00f6nce uzun s\u00fcre bekledim. Ama benim a\u00e7\u0131mdan hi\u00e7 de k\u00f6t\u00fc de\u011fildi \u00e7\u00fcnk\u00fc s\u00fcrekli uyukluyordum. Daha \u00f6nce hi\u00e7 hastaneye gitmedi\u011fim i\u00e7in her \u015fey benim i\u00e7in yeniydi. Genel anestezi alt\u0131nda yakla\u015f\u0131k 30 dakika s\u00fcren bir ameliyat ge\u00e7irdim ve uyand\u0131\u011f\u0131mda kayak g\u00f6zl\u00fc\u011f\u00fcne benzer bir \u015fey tak\u0131yordum. Hi\u00e7 ac\u0131 hissetmedim ve sanki g\u00f6zl\u00fck takm\u0131yormu\u015fum gibi g\u00f6rebiliyordum \u2013 benim durumumda, bir ben gibi. Sonras\u0131nda her \u015fey tekrar kontrol edildi ve bana k\u00fc\u00e7\u00fck bir at\u0131\u015ft\u0131rmal\u0131k verildi. Ard\u0131ndan her saat ba\u015f\u0131 damlatmam gereken g\u00f6z damlas\u0131 ve bir krem \u200b\u200bverildi. Otele d\u00f6nd\u00fckten sonra biraz uyudum ve her saat ba\u015f\u0131 g\u00f6zlerime damlatt\u0131m. Bir sonraki uyan\u0131\u015f\u0131mda saat 22:13&#8217;t\u00fc ve \u00e7ok daha iyi g\u00f6rebiliyordum. Bir mucize gibiydi ve iki kez bakmak zorunda kald\u0131m. 4. G\u00fcnBu sabah biraz mide bulant\u0131s\u0131 hissettim, bu y\u00fczden kahvalt\u0131 yapmadan klini\u011fe gittim. Kontrol randevum vard\u0131 ve doktor ilerlememden \u00e7ok memnun kald\u0131. G\u00f6zlerim de giderek daha iyiye gidiyordu. G\u00f6zlerim her taraf\u0131 a\u015f\u0131r\u0131 derecede k\u0131zarm\u0131\u015ft\u0131, ancak bu bir ay i\u00e7inde ge\u00e7ecektir. Astigmatizmay\u0131 d\u00fczeltmek i\u00e7in bir \u015fey yapmam\u0131z gerekip gerekmedi\u011fini veya her \u015feyin oldu\u011fu gibi iyi olup olmad\u0131\u011f\u0131n\u0131 g\u00f6rmek i\u00e7in \u00fc\u00e7 ay sonra tekrar kontrol edece\u011fiz. Ho\u015f bir vedala\u015fman\u0131n ard\u0131ndan otele geri g\u00f6t\u00fcr\u00fcld\u00fcm ve biraz dinlenmeye ihtiyac\u0131m vard\u0131. Parlak \u0131\u015f\u0131k ve hareketli g\u00f6r\u00fcnt\u00fclerden g\u00f6zlerim \u00e7ok \u00e7abuk yorulmu\u015ftu. \u00d6\u011fleden sonra biraz d\u0131\u015far\u0131 \u00e7\u0131kmak istedim, ancak 30 dakika sonra g\u00f6zlerim sanki b\u00fct\u00fcn gece a\u011flam\u0131\u015f gibi hissetti\u011fim i\u00e7in otele geri d\u00f6nmek zorunda kald\u0131m ve bir s\u00fcre odamda dinlendim. 5. G\u00fcn\u0130stanbul&#8217;daki son g\u00fcn\u00fcm\u00fc ge\u00e7irdim ve son kez farkl\u0131 bir \u015fof\u00f6r taraf\u0131ndan havaalan\u0131na g\u00f6t\u00fcr\u00fcld\u00fcm. G\u00f6zlerim \u00e7ok daha iyiydi; sadece \u00e7abuk yoruluyordum. Bir ay sonra g\u00f6zlerimdeki k\u0131zar\u0131kl\u0131k yava\u015f yava\u015f kayboluyor ve her g\u00fcn g\u00f6zl\u00fcks\u00fcz yeni bir d\u00fcnyan\u0131n tad\u0131n\u0131 \u00e7\u0131kar\u0131yorum. Gelir gelmez hemen kontrole gitmem gerekti ve bu da \u00e7ok iyi ge\u00e7ti. Gelecek hafta ikinci randevum var ve g\u00f6zlerimdeki geli\u015fmelerin nas\u0131l ilerleyece\u011fini merak ediyorum. \u0130stanbul&#8217;u ziyaret etti\u011fime kesinlikle pi\u015fman de\u011filim, \u00e7\u00fcnk\u00fc her \u015fey harika ve m\u00fckemmel bir \u015fekilde organize edilmi\u015fti ve \u0130stanbul&#8217;u bir \u015fehir olarak -ve yemeklerini de- ger\u00e7ekten \u00e7ok sevdim. Regula Rufer \u00d6nceki rapor Sonraki rapor<\/p>\n","protected":false},"author":4,"featured_media":0,"parent":3801,"menu_order":0,"comment_status":"closed","ping_status":"closed","template":"","meta":{"_joinchat":[],"footnotes":""},"class_list":["post-3921","page","type-page","status-publish","hentry"],"acf":[],"_links":{"self":[{"href":"https:\/\/swisslasik.ch\/tr\/wp-json\/wp\/v2\/pages\/3921","targetHints":{"allow":["GET"]}}],"collection":[{"href":"https:\/\/swisslasik.ch\/tr\/wp-json\/wp\/v2\/pages"}],"about":[{"href":"https:\/\/swisslasik.ch\/tr\/wp-json\/wp\/v2\/types\/page"}],"author":[{"embeddable":true,"href":"https:\/\/swisslasik.ch\/tr\/wp-json\/wp\/v2\/users\/4"}],"replies":[{"embeddable":true,"href":"https:\/\/swisslasik.ch\/tr\/wp-json\/wp\/v2\/comments?post=3921"}],"version-history":[{"count":2,"href":"https:\/\/swisslasik.ch\/tr\/wp-json\/wp\/v2\/pages\/3921\/revisions"}],"predecessor-version":[{"id":4700,"href":"https:\/\/swisslasik.ch\/tr\/wp-json\/wp\/v2\/pages\/3921\/revisions\/4700"}],"up":[{"embeddable":true,"href":"https:\/\/swisslasik.ch\/tr\/wp-json\/wp\/v2\/pages\/3801"}],"wp:attachment":[{"href":"https:\/\/swisslasik.ch\/tr\/wp-json\/wp\/v2\/media?parent=3921"}],"curies":[{"name":"wp","href":"https:\/\/api.w.org\/{rel}","templated":true}]}}